{"id":10546,"date":"2021-04-29T16:02:05","date_gmt":"2021-04-29T15:02:05","guid":{"rendered":"https:\/\/www.aribau.es\/?page_id=10546"},"modified":"2021-04-29T16:06:53","modified_gmt":"2021-04-29T15:06:53","slug":"la-pilosa","status":"publish","type":"page","link":"https:\/\/www.aribau.es\/ca\/bodegas-2\/herencia-altes\/la-pilosa\/","title":{"rendered":"LA PILOSA"},"content":{"rendered":"<div data-elementor-type=\"wp-page\" data-elementor-id=\"10546\" class=\"elementor elementor-10546\">\n\t\t\t\t\t\t<section class=\"elementor-section elementor-top-section elementor-element elementor-element-20561a5d elementor-section-boxed elementor-section-height-default elementor-section-height-default elementor-invisible\" data-id=\"20561a5d\" data-element_type=\"section\" data-settings=\"{&quot;animation&quot;:&quot;fadeInUp&quot;}\">\n\t\t\t\t\t\t<div class=\"elementor-container elementor-column-gap-default\">\n\t\t\t\t\t<div class=\"elementor-column elementor-col-100 elementor-top-column elementor-element elementor-element-6ec9deb5\" data-id=\"6ec9deb5\" data-element_type=\"column\">\n\t\t\t<div class=\"elementor-widget-wrap elementor-element-populated\">\n\t\t\t\t\t\t<div class=\"elementor-element elementor-element-6232ead9 elementor-widget elementor-widget-text-editor\" data-id=\"6232ead9\" data-element_type=\"widget\" data-widget_type=\"text-editor.default\">\n\t\t\t\t<div class=\"elementor-widget-container\">\n\t\t\t\t\t\t\t\t\t<p>LA PILOSA<\/p>\t\t\t\t\t\t\t\t<\/div>\n\t\t\t\t<\/div>\n\t\t\t\t\t<\/div>\n\t\t<\/div>\n\t\t\t\t\t<\/div>\n\t\t<\/section>\n\t\t\t\t<section class=\"elementor-section elementor-top-section elementor-element elementor-element-67feed06 elementor-section-boxed elementor-section-height-default elementor-section-height-default elementor-invisible\" data-id=\"67feed06\" data-element_type=\"section\" data-settings=\"{&quot;animation&quot;:&quot;fadeInUp&quot;}\">\n\t\t\t\t\t\t<div class=\"elementor-container elementor-column-gap-default\">\n\t\t\t\t\t<div class=\"elementor-column elementor-col-50 elementor-top-column elementor-element elementor-element-24343ffd\" data-id=\"24343ffd\" data-element_type=\"column\">\n\t\t\t<div class=\"elementor-widget-wrap elementor-element-populated\">\n\t\t\t\t\t\t<div class=\"elementor-element elementor-element-140b225d elementor-widget elementor-widget-image\" data-id=\"140b225d\" data-element_type=\"widget\" data-widget_type=\"image.default\">\n\t\t\t\t<div class=\"elementor-widget-container\">\n\t\t\t\t\t\t\t\t\t\t\t\t\t\t\t<img fetchpriority=\"high\" decoding=\"async\" width=\"681\" height=\"1024\" src=\"https:\/\/www.aribau.es\/wp-content\/uploads\/2021\/03\/LA-PILOSA-min-681x1024.jpg\" class=\"elementor-animation-grow attachment-large size-large wp-image-7842\" alt=\"\" srcset=\"https:\/\/www.aribau.es\/wp-content\/uploads\/2021\/03\/LA-PILOSA-min-681x1024.jpg 681w, https:\/\/www.aribau.es\/wp-content\/uploads\/2021\/03\/LA-PILOSA-min-200x300.jpg 200w, https:\/\/www.aribau.es\/wp-content\/uploads\/2021\/03\/LA-PILOSA-min-768x1154.jpg 768w, https:\/\/www.aribau.es\/wp-content\/uploads\/2021\/03\/LA-PILOSA-min-1022x1536.jpg 1022w, https:\/\/www.aribau.es\/wp-content\/uploads\/2021\/03\/LA-PILOSA-min-1363x2048.jpg 1363w, https:\/\/www.aribau.es\/wp-content\/uploads\/2021\/03\/LA-PILOSA-min-scaled.jpg 1703w\" sizes=\"(max-width: 681px) 100vw, 681px\" \/>\t\t\t\t\t\t\t\t\t\t\t\t\t\t\t<\/div>\n\t\t\t\t<\/div>\n\t\t\t\t\t<\/div>\n\t\t<\/div>\n\t\t\t\t<div class=\"elementor-column elementor-col-50 elementor-top-column elementor-element elementor-element-4a950e38\" data-id=\"4a950e38\" data-element_type=\"column\">\n\t\t\t<div class=\"elementor-widget-wrap elementor-element-populated\">\n\t\t\t\t\t\t<div class=\"elementor-element elementor-element-1b99db4d elementor-widget elementor-widget-text-editor\" data-id=\"1b99db4d\" data-element_type=\"widget\" data-widget_type=\"text-editor.default\">\n\t\t\t\t<div class=\"elementor-widget-container\">\n\t\t\t\t\t\t\t\t\t<p>VARIETATS DE RA\u00cfM<\/p>\t\t\t\t\t\t\t\t<\/div>\n\t\t\t\t<\/div>\n\t\t\t\t<div class=\"elementor-element elementor-element-6947bba7 elementor-widget elementor-widget-text-editor\" data-id=\"6947bba7\" data-element_type=\"widget\" data-widget_type=\"text-editor.default\">\n\t\t\t\t<div class=\"elementor-widget-container\">\n\t\t\t\t\t\t\t\t\t<p>Garnatxa peluda<\/p>\t\t\t\t\t\t\t\t<\/div>\n\t\t\t\t<\/div>\n\t\t\t\t<div class=\"elementor-element elementor-element-4e9bd22 elementor-widget elementor-widget-text-editor\" data-id=\"4e9bd22\" data-element_type=\"widget\" data-widget_type=\"text-editor.default\">\n\t\t\t\t<div class=\"elementor-widget-container\">\n\t\t\t\t\t\t\t\t\t<p>CRIAN\u00c7A<\/p>\t\t\t\t\t\t\t\t<\/div>\n\t\t\t\t<\/div>\n\t\t\t\t<div class=\"elementor-element elementor-element-5b9e2825 elementor-widget elementor-widget-text-editor\" data-id=\"5b9e2825\" data-element_type=\"widget\" data-widget_type=\"text-editor.default\">\n\t\t\t\t<div class=\"elementor-widget-container\">\n\t\t\t\t\t\t\t\t\t<p>12 mesos fudres<\/p>\t\t\t\t\t\t\t\t<\/div>\n\t\t\t\t<\/div>\n\t\t\t\t<div class=\"elementor-element elementor-element-1a48e440 elementor-widget elementor-widget-text-editor\" data-id=\"1a48e440\" data-element_type=\"widget\" data-widget_type=\"text-editor.default\">\n\t\t\t\t<div class=\"elementor-widget-container\">\n\t\t\t\t\t\t\t\t\t<p>DENOMINACI\u00d3 D'ORIGEN<\/p>\t\t\t\t\t\t\t\t<\/div>\n\t\t\t\t<\/div>\n\t\t\t\t<div class=\"elementor-element elementor-element-20beab9c elementor-widget elementor-widget-image\" data-id=\"20beab9c\" data-element_type=\"widget\" data-widget_type=\"image.default\">\n\t\t\t\t<div class=\"elementor-widget-container\">\n\t\t\t\t\t\t\t\t\t\t\t\t\t\t\t<img decoding=\"async\" width=\"512\" height=\"512\" src=\"https:\/\/www.aribau.es\/wp-content\/uploads\/2021\/03\/DO-TERRA-ALTA.jpg\" class=\"attachment-full size-full wp-image-9064\" alt=\"\" srcset=\"https:\/\/www.aribau.es\/wp-content\/uploads\/2021\/03\/DO-TERRA-ALTA.jpg 512w, https:\/\/www.aribau.es\/wp-content\/uploads\/2021\/03\/DO-TERRA-ALTA-300x300.jpg 300w, https:\/\/www.aribau.es\/wp-content\/uploads\/2021\/03\/DO-TERRA-ALTA-150x150.jpg 150w\" sizes=\"(max-width: 512px) 100vw, 512px\" \/>\t\t\t\t\t\t\t\t\t\t\t\t\t\t\t<\/div>\n\t\t\t\t<\/div>\n\t\t\t\t<div class=\"elementor-element elementor-element-1b608945 elementor-widget elementor-widget-text-editor\" data-id=\"1b608945\" data-element_type=\"widget\" data-widget_type=\"text-editor.default\">\n\t\t\t\t<div class=\"elementor-widget-container\">\n\t\t\t\t\t\t\t\t\t<p>DESCRIPCI\u00d3<\/p>\t\t\t\t\t\t\t\t<\/div>\n\t\t\t\t<\/div>\n\t\t\t\t<div class=\"elementor-element elementor-element-346886c1 elementor-widget elementor-widget-text-editor\" data-id=\"346886c1\" data-element_type=\"widget\" data-widget_type=\"text-editor.default\">\n\t\t\t\t<div class=\"elementor-widget-container\">\n\t\t\t\t\t\t\t\t\t<p>Produ\u00eft amb la varietat \"peluda\" de la Garnatxa, \u00e9s una interpretaci\u00f3 airejada, fresca i elegant del ra\u00efm.<o:p><\/o:p><\/p><p>Suc\u00f3s i masticable, amb bona frescor i roure integrat. Car\u00e0cter una mica salvatge, amb certa rusticitat que li d\u00f3na car\u00e0cter.<o:p><\/o:p><\/p><p>\n\n\n\n<\/p><p>Sabor\u00f3s i elegant.<o:p><\/o:p><\/p>\t\t\t\t\t\t\t\t<\/div>\n\t\t\t\t<\/div>\n\t\t\t\t\t<\/div>\n\t\t<\/div>\n\t\t\t\t\t<\/div>\n\t\t<\/section>\n\t\t\t\t<section class=\"elementor-section elementor-top-section elementor-element elementor-element-ad3c84b elementor-section-boxed elementor-section-height-default elementor-section-height-default\" data-id=\"ad3c84b\" data-element_type=\"section\">\n\t\t\t\t\t\t<div class=\"elementor-container elementor-column-gap-default\">\n\t\t\t\t\t<div class=\"elementor-column elementor-col-100 elementor-top-column elementor-element elementor-element-06c81f8\" data-id=\"06c81f8\" data-element_type=\"column\">\n\t\t\t<div class=\"elementor-widget-wrap elementor-element-populated\">\n\t\t\t\t\t\t<div class=\"elementor-element elementor-element-94e49e7 elementor-widget elementor-widget-spacer\" data-id=\"94e49e7\" data-element_type=\"widget\" data-widget_type=\"spacer.default\">\n\t\t\t\t<div class=\"elementor-widget-container\">\n\t\t\t\t\t\t\t<div class=\"elementor-spacer\">\n\t\t\t<div class=\"elementor-spacer-inner\"><\/div>\n\t\t<\/div>\n\t\t\t\t\t\t<\/div>\n\t\t\t\t<\/div>\n\t\t\t\t\t<\/div>\n\t\t<\/div>\n\t\t\t\t\t<\/div>\n\t\t<\/section>\n\t\t\t\t<\/div>","protected":false},"excerpt":{"rendered":"<p>la pilosa variedades de uva Garnacha peluda Crianza 12 meses fudres Denominaci\u00f3n de origen descripci\u00f3n Producido con la variedad \u201cpeluda\u201d de la Garnacha, es una interpretaci\u00f3n aireada, fresca y elegante de la uva. Jugoso y masticable, con buena frescura y roble integrado. Car\u00e1cter un poco salvaje, con cierta rusticidad que le da car\u00e1cter. Sabroso y &#8230; <a title=\"LA PILOSA\" class=\"read-more\" href=\"https:\/\/www.aribau.es\/ca\/bodegas-2\/herencia-altes\/la-pilosa\/\" aria-label=\"M\u00e9s informaci\u00f3 sobre LA PILOSA\">Llegiu m\u00e9s<\/a><\/p>","protected":false},"author":3,"featured_media":0,"parent":8170,"menu_order":0,"comment_status":"closed","ping_status":"closed","template":"elementor_header_footer","meta":{"footnotes":""},"class_list":["post-10546","page","type-page","status-publish"],"yoast_head":"<!-- This site is optimized with the Yoast SEO plugin v26.7 - https:\/\/yoast.com\/wordpress\/plugins\/seo\/ -->\n<title>LA PILOSA - Aribau<\/title>\n<meta name=\"robots\" content=\"index, follow, max-snippet:-1, max-image-preview:large, max-video-preview:-1\" \/>\n<link rel=\"canonical\" href=\"https:\/\/www.aribau.es\/ca\/bodegas-2\/herencia-altes\/la-pilosa\/\" \/>\n<meta property=\"og:locale\" content=\"ca_ES\" \/>\n<meta property=\"og:type\" content=\"article\" \/>\n<meta property=\"og:title\" content=\"LA PILOSA - Aribau\" \/>\n<meta property=\"og:description\" content=\"la pilosa variedades de uva Garnacha peluda Crianza 12 meses fudres Denominaci\u00f3n de origen descripci\u00f3n Producido con la variedad \u201cpeluda\u201d de la Garnacha, es una interpretaci\u00f3n aireada, fresca y elegante de la uva. Jugoso y masticable, con buena frescura y roble integrado. Car\u00e1cter un poco salvaje, con cierta rusticidad que le da car\u00e1cter. Sabroso y ... Llegiu m\u00e9s\" \/>\n<meta property=\"og:url\" content=\"https:\/\/www.aribau.es\/ca\/bodegas-2\/herencia-altes\/la-pilosa\/\" \/>\n<meta property=\"og:site_name\" content=\"Aribau\" \/>\n<meta property=\"article:publisher\" content=\"https:\/\/www.facebook.com\/aribau1964\/\" \/>\n<meta property=\"article:modified_time\" content=\"2021-04-29T15:06:53+00:00\" \/>\n<meta property=\"og:image\" content=\"https:\/\/www.aribau.es\/wp-content\/uploads\/2021\/03\/LA-PILOSA-min-681x1024.jpg\" \/>\n<meta name=\"twitter:card\" content=\"summary_large_image\" \/>\n<meta name=\"twitter:site\" content=\"@aribau1964\" \/>\n<script type=\"application\/ld+json\" class=\"yoast-schema-graph\">{\"@context\":\"https:\/\/schema.org\",\"@graph\":[{\"@type\":\"WebPage\",\"@id\":\"https:\/\/www.aribau.es\/bodegas-2\/herencia-altes\/la-pilosa\/\",\"url\":\"https:\/\/www.aribau.es\/bodegas-2\/herencia-altes\/la-pilosa\/\",\"name\":\"LA PILOSA - Aribau\",\"isPartOf\":{\"@id\":\"https:\/\/www.aribau.es\/#website\"},\"primaryImageOfPage\":{\"@id\":\"https:\/\/www.aribau.es\/bodegas-2\/herencia-altes\/la-pilosa\/#primaryimage\"},\"image\":{\"@id\":\"https:\/\/www.aribau.es\/bodegas-2\/herencia-altes\/la-pilosa\/#primaryimage\"},\"thumbnailUrl\":\"https:\/\/www.aribau.es\/wp-content\/uploads\/2021\/03\/LA-PILOSA-min-681x1024.jpg\",\"datePublished\":\"2021-04-29T15:02:05+00:00\",\"dateModified\":\"2021-04-29T15:06:53+00:00\",\"breadcrumb\":{\"@id\":\"https:\/\/www.aribau.es\/bodegas-2\/herencia-altes\/la-pilosa\/#breadcrumb\"},\"inLanguage\":\"ca\",\"potentialAction\":[{\"@type\":\"ReadAction\",\"target\":[\"https:\/\/www.aribau.es\/bodegas-2\/herencia-altes\/la-pilosa\/\"]}]},{\"@type\":\"ImageObject\",\"inLanguage\":\"ca\",\"@id\":\"https:\/\/www.aribau.es\/bodegas-2\/herencia-altes\/la-pilosa\/#primaryimage\",\"url\":\"https:\/\/www.aribau.es\/wp-content\/uploads\/2021\/03\/LA-PILOSA-min-681x1024.jpg\",\"contentUrl\":\"https:\/\/www.aribau.es\/wp-content\/uploads\/2021\/03\/LA-PILOSA-min-681x1024.jpg\"},{\"@type\":\"BreadcrumbList\",\"@id\":\"https:\/\/www.aribau.es\/bodegas-2\/herencia-altes\/la-pilosa\/#breadcrumb\",\"itemListElement\":[{\"@type\":\"ListItem\",\"position\":1,\"name\":\"Portada\",\"item\":\"https:\/\/www.aribau.es\/\"},{\"@type\":\"ListItem\",\"position\":2,\"name\":\"BODEGAS\",\"item\":\"https:\/\/www.aribau.es\/bodegas-2\/\"},{\"@type\":\"ListItem\",\"position\":3,\"name\":\"HER\u00c8NCIA ALT\u00c9S\",\"item\":\"https:\/\/www.aribau.es\/bodegas-2\/herencia-altes\/\"},{\"@type\":\"ListItem\",\"position\":4,\"name\":\"LA PILOSA\"}]},{\"@type\":\"WebSite\",\"@id\":\"https:\/\/www.aribau.es\/#website\",\"url\":\"https:\/\/www.aribau.es\/\",\"name\":\"Aribau\",\"description\":\"VINOS Y BODEGAS\",\"publisher\":{\"@id\":\"https:\/\/www.aribau.es\/#organization\"},\"potentialAction\":[{\"@type\":\"SearchAction\",\"target\":{\"@type\":\"EntryPoint\",\"urlTemplate\":\"https:\/\/www.aribau.es\/?s={search_term_string}\"},\"query-input\":{\"@type\":\"PropertyValueSpecification\",\"valueRequired\":true,\"valueName\":\"search_term_string\"}}],\"inLanguage\":\"ca\"},{\"@type\":\"Organization\",\"@id\":\"https:\/\/www.aribau.es\/#organization\",\"name\":\"Aribau\",\"url\":\"https:\/\/www.aribau.es\/\",\"logo\":{\"@type\":\"ImageObject\",\"inLanguage\":\"ca\",\"@id\":\"https:\/\/www.aribau.es\/#\/schema\/logo\/image\/\",\"url\":\"https:\/\/www.aribau.es\/wp-content\/uploads\/2022\/03\/logo.png\",\"contentUrl\":\"https:\/\/www.aribau.es\/wp-content\/uploads\/2022\/03\/logo.png\",\"width\":300,\"height\":300,\"caption\":\"Aribau\"},\"image\":{\"@id\":\"https:\/\/www.aribau.es\/#\/schema\/logo\/image\/\"},\"sameAs\":[\"https:\/\/www.facebook.com\/aribau1964\/\",\"https:\/\/x.com\/aribau1964\",\"https:\/\/www.instagram.com\/aribau1964\/\"]}]}<\/script>\n<!-- \/ Yoast SEO plugin. -->","yoast_head_json":{"title":"LA PILOSA - Aribau","robots":{"index":"index","follow":"follow","max-snippet":"max-snippet:-1","max-image-preview":"max-image-preview:large","max-video-preview":"max-video-preview:-1"},"canonical":"https:\/\/www.aribau.es\/ca\/bodegas-2\/herencia-altes\/la-pilosa\/","og_locale":"ca_ES","og_type":"article","og_title":"LA PILOSA - Aribau","og_description":"la pilosa variedades de uva Garnacha peluda Crianza 12 meses fudres Denominaci\u00f3n de origen descripci\u00f3n Producido con la variedad \u201cpeluda\u201d de la Garnacha, es una interpretaci\u00f3n aireada, fresca y elegante de la uva. Jugoso y masticable, con buena frescura y roble integrado. Car\u00e1cter un poco salvaje, con cierta rusticidad que le da car\u00e1cter. Sabroso y ... Llegiu m\u00e9s","og_url":"https:\/\/www.aribau.es\/ca\/bodegas-2\/herencia-altes\/la-pilosa\/","og_site_name":"Aribau","article_publisher":"https:\/\/www.facebook.com\/aribau1964\/","article_modified_time":"2021-04-29T15:06:53+00:00","og_image":[{"url":"https:\/\/www.aribau.es\/wp-content\/uploads\/2021\/03\/LA-PILOSA-min-681x1024.jpg","type":"","width":"","height":""}],"twitter_card":"summary_large_image","twitter_site":"@aribau1964","schema":{"@context":"https:\/\/schema.org","@graph":[{"@type":"WebPage","@id":"https:\/\/www.aribau.es\/bodegas-2\/herencia-altes\/la-pilosa\/","url":"https:\/\/www.aribau.es\/bodegas-2\/herencia-altes\/la-pilosa\/","name":"LA PILOSA - Aribau","isPartOf":{"@id":"https:\/\/www.aribau.es\/#website"},"primaryImageOfPage":{"@id":"https:\/\/www.aribau.es\/bodegas-2\/herencia-altes\/la-pilosa\/#primaryimage"},"image":{"@id":"https:\/\/www.aribau.es\/bodegas-2\/herencia-altes\/la-pilosa\/#primaryimage"},"thumbnailUrl":"https:\/\/www.aribau.es\/wp-content\/uploads\/2021\/03\/LA-PILOSA-min-681x1024.jpg","datePublished":"2021-04-29T15:02:05+00:00","dateModified":"2021-04-29T15:06:53+00:00","breadcrumb":{"@id":"https:\/\/www.aribau.es\/bodegas-2\/herencia-altes\/la-pilosa\/#breadcrumb"},"inLanguage":"ca","potentialAction":[{"@type":"ReadAction","target":["https:\/\/www.aribau.es\/bodegas-2\/herencia-altes\/la-pilosa\/"]}]},{"@type":"ImageObject","inLanguage":"ca","@id":"https:\/\/www.aribau.es\/bodegas-2\/herencia-altes\/la-pilosa\/#primaryimage","url":"https:\/\/www.aribau.es\/wp-content\/uploads\/2021\/03\/LA-PILOSA-min-681x1024.jpg","contentUrl":"https:\/\/www.aribau.es\/wp-content\/uploads\/2021\/03\/LA-PILOSA-min-681x1024.jpg"},{"@type":"BreadcrumbList","@id":"https:\/\/www.aribau.es\/bodegas-2\/herencia-altes\/la-pilosa\/#breadcrumb","itemListElement":[{"@type":"ListItem","position":1,"name":"Portada","item":"https:\/\/www.aribau.es\/"},{"@type":"ListItem","position":2,"name":"BODEGAS","item":"https:\/\/www.aribau.es\/bodegas-2\/"},{"@type":"ListItem","position":3,"name":"HER\u00c8NCIA ALT\u00c9S","item":"https:\/\/www.aribau.es\/bodegas-2\/herencia-altes\/"},{"@type":"ListItem","position":4,"name":"LA PILOSA"}]},{"@type":"WebSite","@id":"https:\/\/www.aribau.es\/#website","url":"https:\/\/www.aribau.es\/","name":"Aribau","description":"VINOS Y BODEGAS","publisher":{"@id":"https:\/\/www.aribau.es\/#organization"},"potentialAction":[{"@type":"SearchAction","target":{"@type":"EntryPoint","urlTemplate":"https:\/\/www.aribau.es\/?s={search_term_string}"},"query-input":{"@type":"PropertyValueSpecification","valueRequired":true,"valueName":"search_term_string"}}],"inLanguage":"ca"},{"@type":"Organization","@id":"https:\/\/www.aribau.es\/#organization","name":"Aribau","url":"https:\/\/www.aribau.es\/","logo":{"@type":"ImageObject","inLanguage":"ca","@id":"https:\/\/www.aribau.es\/#\/schema\/logo\/image\/","url":"https:\/\/www.aribau.es\/wp-content\/uploads\/2022\/03\/logo.png","contentUrl":"https:\/\/www.aribau.es\/wp-content\/uploads\/2022\/03\/logo.png","width":300,"height":300,"caption":"Aribau"},"image":{"@id":"https:\/\/www.aribau.es\/#\/schema\/logo\/image\/"},"sameAs":["https:\/\/www.facebook.com\/aribau1964\/","https:\/\/x.com\/aribau1964","https:\/\/www.instagram.com\/aribau1964\/"]}]}},"_links":{"self":[{"href":"https:\/\/www.aribau.es\/ca\/wp-json\/wp\/v2\/pages\/10546","targetHints":{"allow":["GET"]}}],"collection":[{"href":"https:\/\/www.aribau.es\/ca\/wp-json\/wp\/v2\/pages"}],"about":[{"href":"https:\/\/www.aribau.es\/ca\/wp-json\/wp\/v2\/types\/page"}],"author":[{"embeddable":true,"href":"https:\/\/www.aribau.es\/ca\/wp-json\/wp\/v2\/users\/3"}],"replies":[{"embeddable":true,"href":"https:\/\/www.aribau.es\/ca\/wp-json\/wp\/v2\/comments?post=10546"}],"version-history":[{"count":4,"href":"https:\/\/www.aribau.es\/ca\/wp-json\/wp\/v2\/pages\/10546\/revisions"}],"predecessor-version":[{"id":10550,"href":"https:\/\/www.aribau.es\/ca\/wp-json\/wp\/v2\/pages\/10546\/revisions\/10550"}],"up":[{"embeddable":true,"href":"https:\/\/www.aribau.es\/ca\/wp-json\/wp\/v2\/pages\/8170"}],"wp:attachment":[{"href":"https:\/\/www.aribau.es\/ca\/wp-json\/wp\/v2\/media?parent=10546"}],"curies":[{"name":"wp","href":"https:\/\/api.w.org\/{rel}","templated":true}]}}