{"id":10590,"date":"2021-04-29T16:47:49","date_gmt":"2021-04-29T15:47:49","guid":{"rendered":"https:\/\/www.aribau.es\/?page_id=10590"},"modified":"2021-04-29T16:52:47","modified_gmt":"2021-04-29T15:52:47","slug":"el-convertido-syrah-ecologico","status":"publish","type":"page","link":"https:\/\/www.aribau.es\/ca\/bodegas-2\/herencia-altes\/el-convertido-syrah-ecologico\/","title":{"rendered":"EL CONVERTIT SYRAH ECOL\u00d2GIC"},"content":{"rendered":"<div data-elementor-type=\"wp-page\" data-elementor-id=\"10590\" class=\"elementor elementor-10590\">\n\t\t\t\t\t\t<section class=\"elementor-section elementor-top-section elementor-element elementor-element-5f338c5f elementor-section-boxed elementor-section-height-default elementor-section-height-default elementor-invisible\" data-id=\"5f338c5f\" data-element_type=\"section\" data-settings=\"{&quot;animation&quot;:&quot;fadeInUp&quot;}\">\n\t\t\t\t\t\t<div class=\"elementor-container elementor-column-gap-default\">\n\t\t\t\t\t<div class=\"elementor-column elementor-col-100 elementor-top-column elementor-element elementor-element-1fcb6b3c\" data-id=\"1fcb6b3c\" data-element_type=\"column\">\n\t\t\t<div class=\"elementor-widget-wrap elementor-element-populated\">\n\t\t\t\t\t\t<div class=\"elementor-element elementor-element-58a4bf1a elementor-widget elementor-widget-text-editor\" data-id=\"58a4bf1a\" data-element_type=\"widget\" data-widget_type=\"text-editor.default\">\n\t\t\t\t<div class=\"elementor-widget-container\">\n\t\t\t\t\t\t\t\t\t<p>EL CONVERTIT SYRAH ECOL\u00d2GIC<\/p>\t\t\t\t\t\t\t\t<\/div>\n\t\t\t\t<\/div>\n\t\t\t\t\t<\/div>\n\t\t<\/div>\n\t\t\t\t\t<\/div>\n\t\t<\/section>\n\t\t\t\t<section class=\"elementor-section elementor-top-section elementor-element elementor-element-5feaae70 elementor-section-boxed elementor-section-height-default elementor-section-height-default elementor-invisible\" data-id=\"5feaae70\" data-element_type=\"section\" data-settings=\"{&quot;animation&quot;:&quot;fadeInUp&quot;}\">\n\t\t\t\t\t\t<div class=\"elementor-container elementor-column-gap-default\">\n\t\t\t\t\t<div class=\"elementor-column elementor-col-50 elementor-top-column elementor-element elementor-element-536c74cd\" data-id=\"536c74cd\" data-element_type=\"column\">\n\t\t\t<div class=\"elementor-widget-wrap elementor-element-populated\">\n\t\t\t\t\t\t<div class=\"elementor-element elementor-element-68335806 elementor-widget elementor-widget-image\" data-id=\"68335806\" data-element_type=\"widget\" data-widget_type=\"image.default\">\n\t\t\t\t<div class=\"elementor-widget-container\">\n\t\t\t\t\t\t\t\t\t\t\t\t\t\t\t<img fetchpriority=\"high\" decoding=\"async\" width=\"297\" height=\"1024\" src=\"https:\/\/www.aribau.es\/wp-content\/uploads\/2021\/03\/EL-CONVERTIDO-SYRAH-ECOLOGICO-297x1024.png\" class=\"elementor-animation-grow attachment-large size-large wp-image-7850\" alt=\"\" srcset=\"https:\/\/www.aribau.es\/wp-content\/uploads\/2021\/03\/EL-CONVERTIDO-SYRAH-ECOLOGICO-297x1024.png 297w, https:\/\/www.aribau.es\/wp-content\/uploads\/2021\/03\/EL-CONVERTIDO-SYRAH-ECOLOGICO-87x300.png 87w\" sizes=\"(max-width: 297px) 100vw, 297px\" \/>\t\t\t\t\t\t\t\t\t\t\t\t\t\t\t<\/div>\n\t\t\t\t<\/div>\n\t\t\t\t\t<\/div>\n\t\t<\/div>\n\t\t\t\t<div class=\"elementor-column elementor-col-50 elementor-top-column elementor-element elementor-element-6b68ea8f\" data-id=\"6b68ea8f\" data-element_type=\"column\">\n\t\t\t<div class=\"elementor-widget-wrap elementor-element-populated\">\n\t\t\t\t\t\t<div class=\"elementor-element elementor-element-2a53f9a4 elementor-widget elementor-widget-text-editor\" data-id=\"2a53f9a4\" data-element_type=\"widget\" data-widget_type=\"text-editor.default\">\n\t\t\t\t<div class=\"elementor-widget-container\">\n\t\t\t\t\t\t\t\t\t<p>VARIETATS DE RA\u00cfM<\/p>\t\t\t\t\t\t\t\t<\/div>\n\t\t\t\t<\/div>\n\t\t\t\t<div class=\"elementor-element elementor-element-7bec6b44 elementor-widget elementor-widget-text-editor\" data-id=\"7bec6b44\" data-element_type=\"widget\" data-widget_type=\"text-editor.default\">\n\t\t\t\t<div class=\"elementor-widget-container\">\n\t\t\t\t\t\t\t\t\t<p>Syrah<\/p>\t\t\t\t\t\t\t\t<\/div>\n\t\t\t\t<\/div>\n\t\t\t\t<div class=\"elementor-element elementor-element-71ff32bf elementor-widget elementor-widget-text-editor\" data-id=\"71ff32bf\" data-element_type=\"widget\" data-widget_type=\"text-editor.default\">\n\t\t\t\t<div class=\"elementor-widget-container\">\n\t\t\t\t\t\t\t\t\t<p>CRIAN\u00c7A<\/p>\t\t\t\t\t\t\t\t<\/div>\n\t\t\t\t<\/div>\n\t\t\t\t<div class=\"elementor-element elementor-element-62a56c94 elementor-widget elementor-widget-text-editor\" data-id=\"62a56c94\" data-element_type=\"widget\" data-widget_type=\"text-editor.default\">\n\t\t\t\t<div class=\"elementor-widget-container\">\n\t\t\t\t\t\t\t\t\t<p>Sense crian\u00e7a<\/p>\t\t\t\t\t\t\t\t<\/div>\n\t\t\t\t<\/div>\n\t\t\t\t<div class=\"elementor-element elementor-element-52c04254 elementor-widget elementor-widget-text-editor\" data-id=\"52c04254\" data-element_type=\"widget\" data-widget_type=\"text-editor.default\">\n\t\t\t\t<div class=\"elementor-widget-container\">\n\t\t\t\t\t\t\t\t\t<p>DENOMINACI\u00d3 D'ORIGEN<\/p>\t\t\t\t\t\t\t\t<\/div>\n\t\t\t\t<\/div>\n\t\t\t\t<div class=\"elementor-element elementor-element-b620b17 elementor-widget elementor-widget-image\" data-id=\"b620b17\" data-element_type=\"widget\" data-widget_type=\"image.default\">\n\t\t\t\t<div class=\"elementor-widget-container\">\n\t\t\t\t\t\t\t\t\t\t\t\t\t\t\t<img decoding=\"async\" width=\"225\" height=\"225\" src=\"https:\/\/www.aribau.es\/wp-content\/uploads\/2021\/03\/TIERRA-DE-CASTILLA.png\" class=\"attachment-full size-full wp-image-9415\" alt=\"\" srcset=\"https:\/\/www.aribau.es\/wp-content\/uploads\/2021\/03\/TIERRA-DE-CASTILLA.png 225w, https:\/\/www.aribau.es\/wp-content\/uploads\/2021\/03\/TIERRA-DE-CASTILLA-150x150.png 150w\" sizes=\"(max-width: 225px) 100vw, 225px\" \/>\t\t\t\t\t\t\t\t\t\t\t\t\t\t\t<\/div>\n\t\t\t\t<\/div>\n\t\t\t\t<div class=\"elementor-element elementor-element-258d9a5c elementor-widget elementor-widget-text-editor\" data-id=\"258d9a5c\" data-element_type=\"widget\" data-widget_type=\"text-editor.default\">\n\t\t\t\t<div class=\"elementor-widget-container\">\n\t\t\t\t\t\t\t\t\t<p>DESCRIPCI\u00d3<\/p>\t\t\t\t\t\t\t\t<\/div>\n\t\t\t\t<\/div>\n\t\t\t\t<div class=\"elementor-element elementor-element-6143b25f elementor-widget elementor-widget-text-editor\" data-id=\"6143b25f\" data-element_type=\"widget\" data-widget_type=\"text-editor.default\">\n\t\t\t\t<div class=\"elementor-widget-container\">\n\t\t\t\t\t\t\t\t\t<p>Els nivells de concentraci\u00f3 naturalment alts en les vinyes permeten que els temps de maceraci\u00f3 es mantinguin al m\u00ednim, permetent una bona extracci\u00f3 de color. \u00c9s profund, amb molta fruita madura negra i un paladar ric i suau.<\/p>\t\t\t\t\t\t\t\t<\/div>\n\t\t\t\t<\/div>\n\t\t\t\t<div class=\"elementor-element elementor-element-f4a095f elementor-widget elementor-widget-image\" data-id=\"f4a095f\" data-element_type=\"widget\" data-widget_type=\"image.default\">\n\t\t\t\t<div class=\"elementor-widget-container\">\n\t\t\t\t\t\t\t\t\t\t\t\t\t\t\t<img decoding=\"async\" width=\"300\" height=\"300\" src=\"https:\/\/www.aribau.es\/wp-content\/uploads\/2021\/03\/eco-png-2-300x300-1.png\" class=\"attachment-full size-full wp-image-9214\" alt=\"\" srcset=\"https:\/\/www.aribau.es\/wp-content\/uploads\/2021\/03\/eco-png-2-300x300-1.png 300w, https:\/\/www.aribau.es\/wp-content\/uploads\/2021\/03\/eco-png-2-300x300-1-150x150.png 150w\" sizes=\"(max-width: 300px) 100vw, 300px\" \/>\t\t\t\t\t\t\t\t\t\t\t\t\t\t\t<\/div>\n\t\t\t\t<\/div>\n\t\t\t\t\t<\/div>\n\t\t<\/div>\n\t\t\t\t\t<\/div>\n\t\t<\/section>\n\t\t\t\t<section class=\"elementor-section elementor-top-section elementor-element elementor-element-2a6f3ed elementor-section-boxed elementor-section-height-default elementor-section-height-default\" data-id=\"2a6f3ed\" data-element_type=\"section\">\n\t\t\t\t\t\t<div class=\"elementor-container elementor-column-gap-default\">\n\t\t\t\t\t<div class=\"elementor-column elementor-col-100 elementor-top-column elementor-element elementor-element-69534ee\" data-id=\"69534ee\" data-element_type=\"column\">\n\t\t\t<div class=\"elementor-widget-wrap elementor-element-populated\">\n\t\t\t\t\t\t<div class=\"elementor-element elementor-element-c88f6b1 elementor-widget elementor-widget-spacer\" data-id=\"c88f6b1\" data-element_type=\"widget\" data-widget_type=\"spacer.default\">\n\t\t\t\t<div class=\"elementor-widget-container\">\n\t\t\t\t\t\t\t<div class=\"elementor-spacer\">\n\t\t\t<div class=\"elementor-spacer-inner\"><\/div>\n\t\t<\/div>\n\t\t\t\t\t\t<\/div>\n\t\t\t\t<\/div>\n\t\t\t\t\t<\/div>\n\t\t<\/div>\n\t\t\t\t\t<\/div>\n\t\t<\/section>\n\t\t\t\t<\/div>","protected":false},"excerpt":{"rendered":"<p>el convertido syrah ecol\u00f3gico variedades de uva Syrah Crianza Sin crianza Denominaci\u00f3n de origen descripci\u00f3n Los niveles de concentraci\u00f3n naturalmente altos en los vi\u00f1edos permiten que los tiempos de maceraci\u00f3n se mantengan al m\u00ednimo, permitiendo una buena extracci\u00f3n de color. Es profundo, con mucha fruta madura negra y un paladar rico y suave.<\/p>","protected":false},"author":3,"featured_media":0,"parent":8170,"menu_order":0,"comment_status":"closed","ping_status":"closed","template":"elementor_header_footer","meta":{"footnotes":""},"class_list":["post-10590","page","type-page","status-publish"],"yoast_head":"<!-- This site is optimized with the Yoast SEO plugin v26.7 - https:\/\/yoast.com\/wordpress\/plugins\/seo\/ -->\n<title>EL CONVERTIDO SYRAH ECOL\u00d3GICO - Aribau<\/title>\n<meta name=\"robots\" content=\"index, follow, max-snippet:-1, max-image-preview:large, max-video-preview:-1\" \/>\n<link rel=\"canonical\" href=\"https:\/\/www.aribau.es\/ca\/bodegas-2\/herencia-altes\/el-convertido-syrah-ecologico\/\" \/>\n<meta property=\"og:locale\" content=\"ca_ES\" \/>\n<meta property=\"og:type\" content=\"article\" \/>\n<meta property=\"og:title\" content=\"EL CONVERTIDO SYRAH ECOL\u00d3GICO - Aribau\" \/>\n<meta property=\"og:description\" content=\"el convertido syrah ecol\u00f3gico variedades de uva Syrah Crianza Sin crianza Denominaci\u00f3n de origen descripci\u00f3n Los niveles de concentraci\u00f3n naturalmente altos en los vi\u00f1edos permiten que los tiempos de maceraci\u00f3n se mantengan al m\u00ednimo, permitiendo una buena extracci\u00f3n de color. Es profundo, con mucha fruta madura negra y un paladar rico y suave.\" \/>\n<meta property=\"og:url\" content=\"https:\/\/www.aribau.es\/ca\/bodegas-2\/herencia-altes\/el-convertido-syrah-ecologico\/\" \/>\n<meta property=\"og:site_name\" content=\"Aribau\" \/>\n<meta property=\"article:publisher\" content=\"https:\/\/www.facebook.com\/aribau1964\/\" \/>\n<meta property=\"article:modified_time\" content=\"2021-04-29T15:52:47+00:00\" \/>\n<meta property=\"og:image\" content=\"https:\/\/www.aribau.es\/wp-content\/uploads\/2021\/03\/EL-CONVERTIDO-SYRAH-ECOLOGICO-297x1024.png\" \/>\n<meta name=\"twitter:card\" content=\"summary_large_image\" \/>\n<meta name=\"twitter:site\" content=\"@aribau1964\" \/>\n<script type=\"application\/ld+json\" class=\"yoast-schema-graph\">{\"@context\":\"https:\/\/schema.org\",\"@graph\":[{\"@type\":\"WebPage\",\"@id\":\"https:\/\/www.aribau.es\/bodegas-2\/herencia-altes\/el-convertido-syrah-ecologico\/\",\"url\":\"https:\/\/www.aribau.es\/bodegas-2\/herencia-altes\/el-convertido-syrah-ecologico\/\",\"name\":\"EL CONVERTIDO SYRAH ECOL\u00d3GICO - Aribau\",\"isPartOf\":{\"@id\":\"https:\/\/www.aribau.es\/#website\"},\"primaryImageOfPage\":{\"@id\":\"https:\/\/www.aribau.es\/bodegas-2\/herencia-altes\/el-convertido-syrah-ecologico\/#primaryimage\"},\"image\":{\"@id\":\"https:\/\/www.aribau.es\/bodegas-2\/herencia-altes\/el-convertido-syrah-ecologico\/#primaryimage\"},\"thumbnailUrl\":\"https:\/\/www.aribau.es\/wp-content\/uploads\/2021\/03\/EL-CONVERTIDO-SYRAH-ECOLOGICO-297x1024.png\",\"datePublished\":\"2021-04-29T15:47:49+00:00\",\"dateModified\":\"2021-04-29T15:52:47+00:00\",\"breadcrumb\":{\"@id\":\"https:\/\/www.aribau.es\/bodegas-2\/herencia-altes\/el-convertido-syrah-ecologico\/#breadcrumb\"},\"inLanguage\":\"ca\",\"potentialAction\":[{\"@type\":\"ReadAction\",\"target\":[\"https:\/\/www.aribau.es\/bodegas-2\/herencia-altes\/el-convertido-syrah-ecologico\/\"]}]},{\"@type\":\"ImageObject\",\"inLanguage\":\"ca\",\"@id\":\"https:\/\/www.aribau.es\/bodegas-2\/herencia-altes\/el-convertido-syrah-ecologico\/#primaryimage\",\"url\":\"https:\/\/www.aribau.es\/wp-content\/uploads\/2021\/03\/EL-CONVERTIDO-SYRAH-ECOLOGICO-297x1024.png\",\"contentUrl\":\"https:\/\/www.aribau.es\/wp-content\/uploads\/2021\/03\/EL-CONVERTIDO-SYRAH-ECOLOGICO-297x1024.png\"},{\"@type\":\"BreadcrumbList\",\"@id\":\"https:\/\/www.aribau.es\/bodegas-2\/herencia-altes\/el-convertido-syrah-ecologico\/#breadcrumb\",\"itemListElement\":[{\"@type\":\"ListItem\",\"position\":1,\"name\":\"Portada\",\"item\":\"https:\/\/www.aribau.es\/\"},{\"@type\":\"ListItem\",\"position\":2,\"name\":\"BODEGAS\",\"item\":\"https:\/\/www.aribau.es\/bodegas-2\/\"},{\"@type\":\"ListItem\",\"position\":3,\"name\":\"HER\u00c8NCIA ALT\u00c9S\",\"item\":\"https:\/\/www.aribau.es\/bodegas-2\/herencia-altes\/\"},{\"@type\":\"ListItem\",\"position\":4,\"name\":\"EL CONVERTIDO SYRAH ECOL\u00d3GICO\"}]},{\"@type\":\"WebSite\",\"@id\":\"https:\/\/www.aribau.es\/#website\",\"url\":\"https:\/\/www.aribau.es\/\",\"name\":\"Aribau\",\"description\":\"VINOS Y BODEGAS\",\"publisher\":{\"@id\":\"https:\/\/www.aribau.es\/#organization\"},\"potentialAction\":[{\"@type\":\"SearchAction\",\"target\":{\"@type\":\"EntryPoint\",\"urlTemplate\":\"https:\/\/www.aribau.es\/?s={search_term_string}\"},\"query-input\":{\"@type\":\"PropertyValueSpecification\",\"valueRequired\":true,\"valueName\":\"search_term_string\"}}],\"inLanguage\":\"ca\"},{\"@type\":\"Organization\",\"@id\":\"https:\/\/www.aribau.es\/#organization\",\"name\":\"Aribau\",\"url\":\"https:\/\/www.aribau.es\/\",\"logo\":{\"@type\":\"ImageObject\",\"inLanguage\":\"ca\",\"@id\":\"https:\/\/www.aribau.es\/#\/schema\/logo\/image\/\",\"url\":\"https:\/\/www.aribau.es\/wp-content\/uploads\/2022\/03\/logo.png\",\"contentUrl\":\"https:\/\/www.aribau.es\/wp-content\/uploads\/2022\/03\/logo.png\",\"width\":300,\"height\":300,\"caption\":\"Aribau\"},\"image\":{\"@id\":\"https:\/\/www.aribau.es\/#\/schema\/logo\/image\/\"},\"sameAs\":[\"https:\/\/www.facebook.com\/aribau1964\/\",\"https:\/\/x.com\/aribau1964\",\"https:\/\/www.instagram.com\/aribau1964\/\"]}]}<\/script>\n<!-- \/ Yoast SEO plugin. -->","yoast_head_json":{"title":"EL CONVERTIDO SYRAH ECOL\u00d3GICO - Aribau","robots":{"index":"index","follow":"follow","max-snippet":"max-snippet:-1","max-image-preview":"max-image-preview:large","max-video-preview":"max-video-preview:-1"},"canonical":"https:\/\/www.aribau.es\/ca\/bodegas-2\/herencia-altes\/el-convertido-syrah-ecologico\/","og_locale":"ca_ES","og_type":"article","og_title":"EL CONVERTIDO SYRAH ECOL\u00d3GICO - Aribau","og_description":"el convertido syrah ecol\u00f3gico variedades de uva Syrah Crianza Sin crianza Denominaci\u00f3n de origen descripci\u00f3n Los niveles de concentraci\u00f3n naturalmente altos en los vi\u00f1edos permiten que los tiempos de maceraci\u00f3n se mantengan al m\u00ednimo, permitiendo una buena extracci\u00f3n de color. Es profundo, con mucha fruta madura negra y un paladar rico y suave.","og_url":"https:\/\/www.aribau.es\/ca\/bodegas-2\/herencia-altes\/el-convertido-syrah-ecologico\/","og_site_name":"Aribau","article_publisher":"https:\/\/www.facebook.com\/aribau1964\/","article_modified_time":"2021-04-29T15:52:47+00:00","og_image":[{"url":"https:\/\/www.aribau.es\/wp-content\/uploads\/2021\/03\/EL-CONVERTIDO-SYRAH-ECOLOGICO-297x1024.png","type":"","width":"","height":""}],"twitter_card":"summary_large_image","twitter_site":"@aribau1964","schema":{"@context":"https:\/\/schema.org","@graph":[{"@type":"WebPage","@id":"https:\/\/www.aribau.es\/bodegas-2\/herencia-altes\/el-convertido-syrah-ecologico\/","url":"https:\/\/www.aribau.es\/bodegas-2\/herencia-altes\/el-convertido-syrah-ecologico\/","name":"EL CONVERTIDO SYRAH ECOL\u00d3GICO - Aribau","isPartOf":{"@id":"https:\/\/www.aribau.es\/#website"},"primaryImageOfPage":{"@id":"https:\/\/www.aribau.es\/bodegas-2\/herencia-altes\/el-convertido-syrah-ecologico\/#primaryimage"},"image":{"@id":"https:\/\/www.aribau.es\/bodegas-2\/herencia-altes\/el-convertido-syrah-ecologico\/#primaryimage"},"thumbnailUrl":"https:\/\/www.aribau.es\/wp-content\/uploads\/2021\/03\/EL-CONVERTIDO-SYRAH-ECOLOGICO-297x1024.png","datePublished":"2021-04-29T15:47:49+00:00","dateModified":"2021-04-29T15:52:47+00:00","breadcrumb":{"@id":"https:\/\/www.aribau.es\/bodegas-2\/herencia-altes\/el-convertido-syrah-ecologico\/#breadcrumb"},"inLanguage":"ca","potentialAction":[{"@type":"ReadAction","target":["https:\/\/www.aribau.es\/bodegas-2\/herencia-altes\/el-convertido-syrah-ecologico\/"]}]},{"@type":"ImageObject","inLanguage":"ca","@id":"https:\/\/www.aribau.es\/bodegas-2\/herencia-altes\/el-convertido-syrah-ecologico\/#primaryimage","url":"https:\/\/www.aribau.es\/wp-content\/uploads\/2021\/03\/EL-CONVERTIDO-SYRAH-ECOLOGICO-297x1024.png","contentUrl":"https:\/\/www.aribau.es\/wp-content\/uploads\/2021\/03\/EL-CONVERTIDO-SYRAH-ECOLOGICO-297x1024.png"},{"@type":"BreadcrumbList","@id":"https:\/\/www.aribau.es\/bodegas-2\/herencia-altes\/el-convertido-syrah-ecologico\/#breadcrumb","itemListElement":[{"@type":"ListItem","position":1,"name":"Portada","item":"https:\/\/www.aribau.es\/"},{"@type":"ListItem","position":2,"name":"BODEGAS","item":"https:\/\/www.aribau.es\/bodegas-2\/"},{"@type":"ListItem","position":3,"name":"HER\u00c8NCIA ALT\u00c9S","item":"https:\/\/www.aribau.es\/bodegas-2\/herencia-altes\/"},{"@type":"ListItem","position":4,"name":"EL CONVERTIDO SYRAH ECOL\u00d3GICO"}]},{"@type":"WebSite","@id":"https:\/\/www.aribau.es\/#website","url":"https:\/\/www.aribau.es\/","name":"Aribau","description":"VINOS Y BODEGAS","publisher":{"@id":"https:\/\/www.aribau.es\/#organization"},"potentialAction":[{"@type":"SearchAction","target":{"@type":"EntryPoint","urlTemplate":"https:\/\/www.aribau.es\/?s={search_term_string}"},"query-input":{"@type":"PropertyValueSpecification","valueRequired":true,"valueName":"search_term_string"}}],"inLanguage":"ca"},{"@type":"Organization","@id":"https:\/\/www.aribau.es\/#organization","name":"Aribau","url":"https:\/\/www.aribau.es\/","logo":{"@type":"ImageObject","inLanguage":"ca","@id":"https:\/\/www.aribau.es\/#\/schema\/logo\/image\/","url":"https:\/\/www.aribau.es\/wp-content\/uploads\/2022\/03\/logo.png","contentUrl":"https:\/\/www.aribau.es\/wp-content\/uploads\/2022\/03\/logo.png","width":300,"height":300,"caption":"Aribau"},"image":{"@id":"https:\/\/www.aribau.es\/#\/schema\/logo\/image\/"},"sameAs":["https:\/\/www.facebook.com\/aribau1964\/","https:\/\/x.com\/aribau1964","https:\/\/www.instagram.com\/aribau1964\/"]}]}},"_links":{"self":[{"href":"https:\/\/www.aribau.es\/ca\/wp-json\/wp\/v2\/pages\/10590","targetHints":{"allow":["GET"]}}],"collection":[{"href":"https:\/\/www.aribau.es\/ca\/wp-json\/wp\/v2\/pages"}],"about":[{"href":"https:\/\/www.aribau.es\/ca\/wp-json\/wp\/v2\/types\/page"}],"author":[{"embeddable":true,"href":"https:\/\/www.aribau.es\/ca\/wp-json\/wp\/v2\/users\/3"}],"replies":[{"embeddable":true,"href":"https:\/\/www.aribau.es\/ca\/wp-json\/wp\/v2\/comments?post=10590"}],"version-history":[{"count":4,"href":"https:\/\/www.aribau.es\/ca\/wp-json\/wp\/v2\/pages\/10590\/revisions"}],"predecessor-version":[{"id":10594,"href":"https:\/\/www.aribau.es\/ca\/wp-json\/wp\/v2\/pages\/10590\/revisions\/10594"}],"up":[{"embeddable":true,"href":"https:\/\/www.aribau.es\/ca\/wp-json\/wp\/v2\/pages\/8170"}],"wp:attachment":[{"href":"https:\/\/www.aribau.es\/ca\/wp-json\/wp\/v2\/media?parent=10590"}],"curies":[{"name":"wp","href":"https:\/\/api.w.org\/{rel}","templated":true}]}}