{"id":11147,"date":"2021-05-08T19:43:34","date_gmt":"2021-05-08T18:43:34","guid":{"rendered":"https:\/\/www.aribau.es\/?page_id=11147"},"modified":"2021-05-08T19:46:27","modified_gmt":"2021-05-08T18:46:27","slug":"enate-cabernet-merlot","status":"publish","type":"page","link":"https:\/\/www.aribau.es\/ca\/bodegas-2\/enate-2\/enate-cabernet-merlot\/","title":{"rendered":"ENATE CABERNET-MERLOT"},"content":{"rendered":"<div data-elementor-type=\"wp-page\" data-elementor-id=\"11147\" class=\"elementor elementor-11147\">\n\t\t\t\t\t\t<section class=\"elementor-section elementor-top-section elementor-element elementor-element-13a1bda3 elementor-section-boxed elementor-section-height-default elementor-section-height-default elementor-invisible\" data-id=\"13a1bda3\" data-element_type=\"section\" data-settings=\"{&quot;animation&quot;:&quot;fadeInUp&quot;}\">\n\t\t\t\t\t\t<div class=\"elementor-container elementor-column-gap-default\">\n\t\t\t\t\t<div class=\"elementor-column elementor-col-100 elementor-top-column elementor-element elementor-element-7f025215\" data-id=\"7f025215\" data-element_type=\"column\">\n\t\t\t<div class=\"elementor-widget-wrap elementor-element-populated\">\n\t\t\t\t\t\t<div class=\"elementor-element elementor-element-17f2eed1 elementor-widget elementor-widget-text-editor\" data-id=\"17f2eed1\" data-element_type=\"widget\" data-widget_type=\"text-editor.default\">\n\t\t\t\t<div class=\"elementor-widget-container\">\n\t\t\t\t\t\t\t\t\t<p>ENATE CABERNET-MERLOT<\/p>\t\t\t\t\t\t\t\t<\/div>\n\t\t\t\t<\/div>\n\t\t\t\t\t<\/div>\n\t\t<\/div>\n\t\t\t\t\t<\/div>\n\t\t<\/section>\n\t\t\t\t<section class=\"elementor-section elementor-top-section elementor-element elementor-element-6888a088 elementor-section-boxed elementor-section-height-default elementor-section-height-default elementor-invisible\" data-id=\"6888a088\" data-element_type=\"section\" data-settings=\"{&quot;animation&quot;:&quot;fadeInUp&quot;}\">\n\t\t\t\t\t\t<div class=\"elementor-container elementor-column-gap-default\">\n\t\t\t\t\t<div class=\"elementor-column elementor-col-50 elementor-top-column elementor-element elementor-element-77f70349\" data-id=\"77f70349\" data-element_type=\"column\">\n\t\t\t<div class=\"elementor-widget-wrap elementor-element-populated\">\n\t\t\t\t\t\t<div class=\"elementor-element elementor-element-4f0a06d9 elementor-widget elementor-widget-image\" data-id=\"4f0a06d9\" data-element_type=\"widget\" data-widget_type=\"image.default\">\n\t\t\t\t<div class=\"elementor-widget-container\">\n\t\t\t\t\t\t\t\t\t\t\t\t\t\t\t<img fetchpriority=\"high\" decoding=\"async\" width=\"257\" height=\"1024\" src=\"https:\/\/www.aribau.es\/wp-content\/uploads\/2021\/02\/ENATE-CABERNET-MERLOT-257x1024.jpg\" class=\"elementor-animation-grow attachment-large size-large wp-image-7578\" alt=\"\" srcset=\"https:\/\/www.aribau.es\/wp-content\/uploads\/2021\/02\/ENATE-CABERNET-MERLOT-257x1024.jpg 257w, https:\/\/www.aribau.es\/wp-content\/uploads\/2021\/02\/ENATE-CABERNET-MERLOT-75x300.jpg 75w, https:\/\/www.aribau.es\/wp-content\/uploads\/2021\/02\/ENATE-CABERNET-MERLOT-768x3060.jpg 768w, https:\/\/www.aribau.es\/wp-content\/uploads\/2021\/02\/ENATE-CABERNET-MERLOT-386x1536.jpg 386w, https:\/\/www.aribau.es\/wp-content\/uploads\/2021\/02\/ENATE-CABERNET-MERLOT-514x2048.jpg 514w, https:\/\/www.aribau.es\/wp-content\/uploads\/2021\/02\/ENATE-CABERNET-MERLOT-scaled.jpg 643w\" sizes=\"(max-width: 257px) 100vw, 257px\" \/>\t\t\t\t\t\t\t\t\t\t\t\t\t\t\t<\/div>\n\t\t\t\t<\/div>\n\t\t\t\t\t<\/div>\n\t\t<\/div>\n\t\t\t\t<div class=\"elementor-column elementor-col-50 elementor-top-column elementor-element elementor-element-3a7b2d65\" data-id=\"3a7b2d65\" data-element_type=\"column\">\n\t\t\t<div class=\"elementor-widget-wrap elementor-element-populated\">\n\t\t\t\t\t\t<div class=\"elementor-element elementor-element-74d16210 elementor-widget elementor-widget-text-editor\" data-id=\"74d16210\" data-element_type=\"widget\" data-widget_type=\"text-editor.default\">\n\t\t\t\t<div class=\"elementor-widget-container\">\n\t\t\t\t\t\t\t\t\t<p>VARIETATS DE RA\u00cfM<\/p>\t\t\t\t\t\t\t\t<\/div>\n\t\t\t\t<\/div>\n\t\t\t\t<div class=\"elementor-element elementor-element-7c4d8430 elementor-widget elementor-widget-text-editor\" data-id=\"7c4d8430\" data-element_type=\"widget\" data-widget_type=\"text-editor.default\">\n\t\t\t\t<div class=\"elementor-widget-container\">\n\t\t\t\t\t\t\t\t\t<p>Cabernet sauvignon, merlot<\/p>\t\t\t\t\t\t\t\t<\/div>\n\t\t\t\t<\/div>\n\t\t\t\t<div class=\"elementor-element elementor-element-152d7cdd elementor-widget elementor-widget-text-editor\" data-id=\"152d7cdd\" data-element_type=\"widget\" data-widget_type=\"text-editor.default\">\n\t\t\t\t<div class=\"elementor-widget-container\">\n\t\t\t\t\t\t\t\t\t<p>CRIAN\u00c7A<\/p>\t\t\t\t\t\t\t\t<\/div>\n\t\t\t\t<\/div>\n\t\t\t\t<div class=\"elementor-element elementor-element-2ac38f87 elementor-widget elementor-widget-text-editor\" data-id=\"2ac38f87\" data-element_type=\"widget\" data-widget_type=\"text-editor.default\">\n\t\t\t\t<div class=\"elementor-widget-container\">\n\t\t\t\t\t\t\t\t\t<p>6 mesos<\/p>\t\t\t\t\t\t\t\t<\/div>\n\t\t\t\t<\/div>\n\t\t\t\t<div class=\"elementor-element elementor-element-3c44f2a8 elementor-widget elementor-widget-text-editor\" data-id=\"3c44f2a8\" data-element_type=\"widget\" data-widget_type=\"text-editor.default\">\n\t\t\t\t<div class=\"elementor-widget-container\">\n\t\t\t\t\t\t\t\t\t<p>DENOMINACI\u00d3 D'ORIGEN<\/p>\t\t\t\t\t\t\t\t<\/div>\n\t\t\t\t<\/div>\n\t\t\t\t<div class=\"elementor-element elementor-element-12222b72 elementor-widget elementor-widget-image\" data-id=\"12222b72\" data-element_type=\"widget\" data-widget_type=\"image.default\">\n\t\t\t\t<div class=\"elementor-widget-container\">\n\t\t\t\t\t\t\t\t\t\t\t\t\t\t\t<img decoding=\"async\" width=\"400\" height=\"137\" src=\"https:\/\/www.aribau.es\/wp-content\/uploads\/2021\/05\/DO-SOMONTANO.png\" class=\"attachment-full size-full wp-image-11123\" alt=\"\" srcset=\"https:\/\/www.aribau.es\/wp-content\/uploads\/2021\/05\/DO-SOMONTANO.png 400w, https:\/\/www.aribau.es\/wp-content\/uploads\/2021\/05\/DO-SOMONTANO-300x103.png 300w\" sizes=\"(max-width: 400px) 100vw, 400px\" \/>\t\t\t\t\t\t\t\t\t\t\t\t\t\t\t<\/div>\n\t\t\t\t<\/div>\n\t\t\t\t<div class=\"elementor-element elementor-element-1a18d16c elementor-widget elementor-widget-text-editor\" data-id=\"1a18d16c\" data-element_type=\"widget\" data-widget_type=\"text-editor.default\">\n\t\t\t\t<div class=\"elementor-widget-container\">\n\t\t\t\t\t\t\t\t\t<p>DESCRIPCI\u00d3<\/p>\t\t\t\t\t\t\t\t<\/div>\n\t\t\t\t<\/div>\n\t\t\t\t<div class=\"elementor-element elementor-element-458c9f69 elementor-widget elementor-widget-text-editor\" data-id=\"458c9f69\" data-element_type=\"widget\" data-widget_type=\"text-editor.default\">\n\t\t\t\t<div class=\"elementor-widget-container\">\n\t\t\t\t\t\t\t\t\t<p class=\"MsoNormal\">El cabernet sauvignon, conreat amb cura a les nostres vinyes d'Enate fins a aconseguir la maduresa \u00f2ptima, ha desenvolupat tot el seu potencial en aquest vi monovarietal de nas intensa, molt afruitat, on ressalten les aromes del ra\u00efm (nabiu, gerd, pebrot).<o:p><\/o:p><\/p><p>\n\n<\/p><p class=\"MsoNormal\">En boca \u00e9s carn\u00f3s i ple. La seva equilibrada acidesa fa d'ell un vi \u00e0gil i viu. La seva evoluci\u00f3 en boca \u00e9s magn\u00edfica, amb un post-gust llarg i sabor\u00f3s en qu\u00e8 destaquen les aromes varietals.<o:p><\/o:p><\/p>\t\t\t\t\t\t\t\t<\/div>\n\t\t\t\t<\/div>\n\t\t\t\t\t<\/div>\n\t\t<\/div>\n\t\t\t\t\t<\/div>\n\t\t<\/section>\n\t\t\t\t<section class=\"elementor-section elementor-top-section elementor-element elementor-element-6c32ad8 elementor-section-boxed elementor-section-height-default elementor-section-height-default\" data-id=\"6c32ad8\" data-element_type=\"section\">\n\t\t\t\t\t\t<div class=\"elementor-container elementor-column-gap-default\">\n\t\t\t\t\t<div class=\"elementor-column elementor-col-100 elementor-top-column elementor-element elementor-element-3bd6303\" data-id=\"3bd6303\" data-element_type=\"column\">\n\t\t\t<div class=\"elementor-widget-wrap elementor-element-populated\">\n\t\t\t\t\t\t<div class=\"elementor-element elementor-element-9048ab8 elementor-widget elementor-widget-spacer\" data-id=\"9048ab8\" data-element_type=\"widget\" data-widget_type=\"spacer.default\">\n\t\t\t\t<div class=\"elementor-widget-container\">\n\t\t\t\t\t\t\t<div class=\"elementor-spacer\">\n\t\t\t<div class=\"elementor-spacer-inner\"><\/div>\n\t\t<\/div>\n\t\t\t\t\t\t<\/div>\n\t\t\t\t<\/div>\n\t\t\t\t\t<\/div>\n\t\t<\/div>\n\t\t\t\t\t<\/div>\n\t\t<\/section>\n\t\t\t\t<\/div>","protected":false},"excerpt":{"rendered":"<p>enate cabernet-merlot variedades de uva Cabernet sauvignon, Merlot Crianza 6 meses Denominaci\u00f3n de origen descripci\u00f3n El Cabernet Sauvignon, cultivado con mimo en nuestros vi\u00f1edos de Enate hasta alcanzar la madurez \u00f3ptima, ha desarrollado todo su potencial en este vino monovarietal de nariz intensa, muy afrutado, donde resaltan los aromas de la uva (ar\u00e1ndano, frambuesa, pimiento). &#8230; <a title=\"ENATE CABERNET-MERLOT\" class=\"read-more\" href=\"https:\/\/www.aribau.es\/ca\/bodegas-2\/enate-2\/enate-cabernet-merlot\/\" aria-label=\"M\u00e9s informaci\u00f3 sobre ENATE CABERNET-MERLOT\">Llegiu m\u00e9s<\/a><\/p>","protected":false},"author":3,"featured_media":0,"parent":8155,"menu_order":0,"comment_status":"closed","ping_status":"closed","template":"elementor_header_footer","meta":{"footnotes":""},"class_list":["post-11147","page","type-page","status-publish"],"yoast_head":"<!-- This site is optimized with the Yoast SEO plugin v26.7 - https:\/\/yoast.com\/wordpress\/plugins\/seo\/ -->\n<title>ENATE CABERNET-MERLOT - Aribau<\/title>\n<meta name=\"robots\" content=\"index, follow, max-snippet:-1, max-image-preview:large, max-video-preview:-1\" \/>\n<link rel=\"canonical\" href=\"https:\/\/www.aribau.es\/ca\/bodegas-2\/enate-2\/enate-cabernet-merlot\/\" \/>\n<meta property=\"og:locale\" content=\"ca_ES\" \/>\n<meta property=\"og:type\" content=\"article\" \/>\n<meta property=\"og:title\" content=\"ENATE CABERNET-MERLOT - Aribau\" \/>\n<meta property=\"og:description\" content=\"enate cabernet-merlot variedades de uva Cabernet sauvignon, Merlot Crianza 6 meses Denominaci\u00f3n de origen descripci\u00f3n El Cabernet Sauvignon, cultivado con mimo en nuestros vi\u00f1edos de Enate hasta alcanzar la madurez \u00f3ptima, ha desarrollado todo su potencial en este vino monovarietal de nariz intensa, muy afrutado, donde resaltan los aromas de la uva (ar\u00e1ndano, frambuesa, pimiento). ... Llegiu m\u00e9s\" \/>\n<meta property=\"og:url\" content=\"https:\/\/www.aribau.es\/ca\/bodegas-2\/enate-2\/enate-cabernet-merlot\/\" \/>\n<meta property=\"og:site_name\" content=\"Aribau\" \/>\n<meta property=\"article:publisher\" content=\"https:\/\/www.facebook.com\/aribau1964\/\" \/>\n<meta property=\"article:modified_time\" content=\"2021-05-08T18:46:27+00:00\" \/>\n<meta property=\"og:image\" content=\"https:\/\/www.aribau.es\/wp-content\/uploads\/2021\/02\/ENATE-CABERNET-MERLOT-257x1024.jpg\" \/>\n<meta name=\"twitter:card\" content=\"summary_large_image\" \/>\n<meta name=\"twitter:site\" content=\"@aribau1964\" \/>\n<script type=\"application\/ld+json\" class=\"yoast-schema-graph\">{\"@context\":\"https:\/\/schema.org\",\"@graph\":[{\"@type\":\"WebPage\",\"@id\":\"https:\/\/www.aribau.es\/bodegas-2\/enate-2\/enate-cabernet-merlot\/\",\"url\":\"https:\/\/www.aribau.es\/bodegas-2\/enate-2\/enate-cabernet-merlot\/\",\"name\":\"ENATE CABERNET-MERLOT - Aribau\",\"isPartOf\":{\"@id\":\"https:\/\/www.aribau.es\/#website\"},\"primaryImageOfPage\":{\"@id\":\"https:\/\/www.aribau.es\/bodegas-2\/enate-2\/enate-cabernet-merlot\/#primaryimage\"},\"image\":{\"@id\":\"https:\/\/www.aribau.es\/bodegas-2\/enate-2\/enate-cabernet-merlot\/#primaryimage\"},\"thumbnailUrl\":\"https:\/\/www.aribau.es\/wp-content\/uploads\/2021\/02\/ENATE-CABERNET-MERLOT-257x1024.jpg\",\"datePublished\":\"2021-05-08T18:43:34+00:00\",\"dateModified\":\"2021-05-08T18:46:27+00:00\",\"breadcrumb\":{\"@id\":\"https:\/\/www.aribau.es\/bodegas-2\/enate-2\/enate-cabernet-merlot\/#breadcrumb\"},\"inLanguage\":\"ca\",\"potentialAction\":[{\"@type\":\"ReadAction\",\"target\":[\"https:\/\/www.aribau.es\/bodegas-2\/enate-2\/enate-cabernet-merlot\/\"]}]},{\"@type\":\"ImageObject\",\"inLanguage\":\"ca\",\"@id\":\"https:\/\/www.aribau.es\/bodegas-2\/enate-2\/enate-cabernet-merlot\/#primaryimage\",\"url\":\"https:\/\/www.aribau.es\/wp-content\/uploads\/2021\/02\/ENATE-CABERNET-MERLOT-257x1024.jpg\",\"contentUrl\":\"https:\/\/www.aribau.es\/wp-content\/uploads\/2021\/02\/ENATE-CABERNET-MERLOT-257x1024.jpg\"},{\"@type\":\"BreadcrumbList\",\"@id\":\"https:\/\/www.aribau.es\/bodegas-2\/enate-2\/enate-cabernet-merlot\/#breadcrumb\",\"itemListElement\":[{\"@type\":\"ListItem\",\"position\":1,\"name\":\"Portada\",\"item\":\"https:\/\/www.aribau.es\/\"},{\"@type\":\"ListItem\",\"position\":2,\"name\":\"BODEGAS\",\"item\":\"https:\/\/www.aribau.es\/bodegas-2\/\"},{\"@type\":\"ListItem\",\"position\":3,\"name\":\"ENATE\",\"item\":\"https:\/\/www.aribau.es\/bodegas-2\/enate-2\/\"},{\"@type\":\"ListItem\",\"position\":4,\"name\":\"ENATE CABERNET-MERLOT\"}]},{\"@type\":\"WebSite\",\"@id\":\"https:\/\/www.aribau.es\/#website\",\"url\":\"https:\/\/www.aribau.es\/\",\"name\":\"Aribau\",\"description\":\"VINOS Y BODEGAS\",\"publisher\":{\"@id\":\"https:\/\/www.aribau.es\/#organization\"},\"potentialAction\":[{\"@type\":\"SearchAction\",\"target\":{\"@type\":\"EntryPoint\",\"urlTemplate\":\"https:\/\/www.aribau.es\/?s={search_term_string}\"},\"query-input\":{\"@type\":\"PropertyValueSpecification\",\"valueRequired\":true,\"valueName\":\"search_term_string\"}}],\"inLanguage\":\"ca\"},{\"@type\":\"Organization\",\"@id\":\"https:\/\/www.aribau.es\/#organization\",\"name\":\"Aribau\",\"url\":\"https:\/\/www.aribau.es\/\",\"logo\":{\"@type\":\"ImageObject\",\"inLanguage\":\"ca\",\"@id\":\"https:\/\/www.aribau.es\/#\/schema\/logo\/image\/\",\"url\":\"https:\/\/www.aribau.es\/wp-content\/uploads\/2022\/03\/logo.png\",\"contentUrl\":\"https:\/\/www.aribau.es\/wp-content\/uploads\/2022\/03\/logo.png\",\"width\":300,\"height\":300,\"caption\":\"Aribau\"},\"image\":{\"@id\":\"https:\/\/www.aribau.es\/#\/schema\/logo\/image\/\"},\"sameAs\":[\"https:\/\/www.facebook.com\/aribau1964\/\",\"https:\/\/x.com\/aribau1964\",\"https:\/\/www.instagram.com\/aribau1964\/\"]}]}<\/script>\n<!-- \/ Yoast SEO plugin. -->","yoast_head_json":{"title":"ENATE CABERNET-MERLOT - Aribau","robots":{"index":"index","follow":"follow","max-snippet":"max-snippet:-1","max-image-preview":"max-image-preview:large","max-video-preview":"max-video-preview:-1"},"canonical":"https:\/\/www.aribau.es\/ca\/bodegas-2\/enate-2\/enate-cabernet-merlot\/","og_locale":"ca_ES","og_type":"article","og_title":"ENATE CABERNET-MERLOT - Aribau","og_description":"enate cabernet-merlot variedades de uva Cabernet sauvignon, Merlot Crianza 6 meses Denominaci\u00f3n de origen descripci\u00f3n El Cabernet Sauvignon, cultivado con mimo en nuestros vi\u00f1edos de Enate hasta alcanzar la madurez \u00f3ptima, ha desarrollado todo su potencial en este vino monovarietal de nariz intensa, muy afrutado, donde resaltan los aromas de la uva (ar\u00e1ndano, frambuesa, pimiento). ... Llegiu m\u00e9s","og_url":"https:\/\/www.aribau.es\/ca\/bodegas-2\/enate-2\/enate-cabernet-merlot\/","og_site_name":"Aribau","article_publisher":"https:\/\/www.facebook.com\/aribau1964\/","article_modified_time":"2021-05-08T18:46:27+00:00","og_image":[{"url":"https:\/\/www.aribau.es\/wp-content\/uploads\/2021\/02\/ENATE-CABERNET-MERLOT-257x1024.jpg","type":"","width":"","height":""}],"twitter_card":"summary_large_image","twitter_site":"@aribau1964","schema":{"@context":"https:\/\/schema.org","@graph":[{"@type":"WebPage","@id":"https:\/\/www.aribau.es\/bodegas-2\/enate-2\/enate-cabernet-merlot\/","url":"https:\/\/www.aribau.es\/bodegas-2\/enate-2\/enate-cabernet-merlot\/","name":"ENATE CABERNET-MERLOT - Aribau","isPartOf":{"@id":"https:\/\/www.aribau.es\/#website"},"primaryImageOfPage":{"@id":"https:\/\/www.aribau.es\/bodegas-2\/enate-2\/enate-cabernet-merlot\/#primaryimage"},"image":{"@id":"https:\/\/www.aribau.es\/bodegas-2\/enate-2\/enate-cabernet-merlot\/#primaryimage"},"thumbnailUrl":"https:\/\/www.aribau.es\/wp-content\/uploads\/2021\/02\/ENATE-CABERNET-MERLOT-257x1024.jpg","datePublished":"2021-05-08T18:43:34+00:00","dateModified":"2021-05-08T18:46:27+00:00","breadcrumb":{"@id":"https:\/\/www.aribau.es\/bodegas-2\/enate-2\/enate-cabernet-merlot\/#breadcrumb"},"inLanguage":"ca","potentialAction":[{"@type":"ReadAction","target":["https:\/\/www.aribau.es\/bodegas-2\/enate-2\/enate-cabernet-merlot\/"]}]},{"@type":"ImageObject","inLanguage":"ca","@id":"https:\/\/www.aribau.es\/bodegas-2\/enate-2\/enate-cabernet-merlot\/#primaryimage","url":"https:\/\/www.aribau.es\/wp-content\/uploads\/2021\/02\/ENATE-CABERNET-MERLOT-257x1024.jpg","contentUrl":"https:\/\/www.aribau.es\/wp-content\/uploads\/2021\/02\/ENATE-CABERNET-MERLOT-257x1024.jpg"},{"@type":"BreadcrumbList","@id":"https:\/\/www.aribau.es\/bodegas-2\/enate-2\/enate-cabernet-merlot\/#breadcrumb","itemListElement":[{"@type":"ListItem","position":1,"name":"Portada","item":"https:\/\/www.aribau.es\/"},{"@type":"ListItem","position":2,"name":"BODEGAS","item":"https:\/\/www.aribau.es\/bodegas-2\/"},{"@type":"ListItem","position":3,"name":"ENATE","item":"https:\/\/www.aribau.es\/bodegas-2\/enate-2\/"},{"@type":"ListItem","position":4,"name":"ENATE CABERNET-MERLOT"}]},{"@type":"WebSite","@id":"https:\/\/www.aribau.es\/#website","url":"https:\/\/www.aribau.es\/","name":"Aribau","description":"VINOS Y BODEGAS","publisher":{"@id":"https:\/\/www.aribau.es\/#organization"},"potentialAction":[{"@type":"SearchAction","target":{"@type":"EntryPoint","urlTemplate":"https:\/\/www.aribau.es\/?s={search_term_string}"},"query-input":{"@type":"PropertyValueSpecification","valueRequired":true,"valueName":"search_term_string"}}],"inLanguage":"ca"},{"@type":"Organization","@id":"https:\/\/www.aribau.es\/#organization","name":"Aribau","url":"https:\/\/www.aribau.es\/","logo":{"@type":"ImageObject","inLanguage":"ca","@id":"https:\/\/www.aribau.es\/#\/schema\/logo\/image\/","url":"https:\/\/www.aribau.es\/wp-content\/uploads\/2022\/03\/logo.png","contentUrl":"https:\/\/www.aribau.es\/wp-content\/uploads\/2022\/03\/logo.png","width":300,"height":300,"caption":"Aribau"},"image":{"@id":"https:\/\/www.aribau.es\/#\/schema\/logo\/image\/"},"sameAs":["https:\/\/www.facebook.com\/aribau1964\/","https:\/\/x.com\/aribau1964","https:\/\/www.instagram.com\/aribau1964\/"]}]}},"_links":{"self":[{"href":"https:\/\/www.aribau.es\/ca\/wp-json\/wp\/v2\/pages\/11147","targetHints":{"allow":["GET"]}}],"collection":[{"href":"https:\/\/www.aribau.es\/ca\/wp-json\/wp\/v2\/pages"}],"about":[{"href":"https:\/\/www.aribau.es\/ca\/wp-json\/wp\/v2\/types\/page"}],"author":[{"embeddable":true,"href":"https:\/\/www.aribau.es\/ca\/wp-json\/wp\/v2\/users\/3"}],"replies":[{"embeddable":true,"href":"https:\/\/www.aribau.es\/ca\/wp-json\/wp\/v2\/comments?post=11147"}],"version-history":[{"count":4,"href":"https:\/\/www.aribau.es\/ca\/wp-json\/wp\/v2\/pages\/11147\/revisions"}],"predecessor-version":[{"id":11151,"href":"https:\/\/www.aribau.es\/ca\/wp-json\/wp\/v2\/pages\/11147\/revisions\/11151"}],"up":[{"embeddable":true,"href":"https:\/\/www.aribau.es\/ca\/wp-json\/wp\/v2\/pages\/8155"}],"wp:attachment":[{"href":"https:\/\/www.aribau.es\/ca\/wp-json\/wp\/v2\/media?parent=11147"}],"curies":[{"name":"wp","href":"https:\/\/api.w.org\/{rel}","templated":true}]}}