{"id":11157,"date":"2021-05-08T19:49:00","date_gmt":"2021-05-08T18:49:00","guid":{"rendered":"https:\/\/www.aribau.es\/?page_id=11157"},"modified":"2021-05-08T19:53:27","modified_gmt":"2021-05-08T18:53:27","slug":"enate-merlot-merlot","status":"publish","type":"page","link":"https:\/\/www.aribau.es\/ca\/bodegas-2\/enate-2\/enate-merlot-merlot\/","title":{"rendered":"ENATE MERLOT-MERLOT"},"content":{"rendered":"<div data-elementor-type=\"wp-page\" data-elementor-id=\"11157\" class=\"elementor elementor-11157\">\n\t\t\t\t\t\t<section class=\"elementor-section elementor-top-section elementor-element elementor-element-43cb6737 elementor-section-boxed elementor-section-height-default elementor-section-height-default elementor-invisible\" data-id=\"43cb6737\" data-element_type=\"section\" data-settings=\"{&quot;animation&quot;:&quot;fadeInUp&quot;}\">\n\t\t\t\t\t\t<div class=\"elementor-container elementor-column-gap-default\">\n\t\t\t\t\t<div class=\"elementor-column elementor-col-100 elementor-top-column elementor-element elementor-element-584c0a4f\" data-id=\"584c0a4f\" data-element_type=\"column\">\n\t\t\t<div class=\"elementor-widget-wrap elementor-element-populated\">\n\t\t\t\t\t\t<div class=\"elementor-element elementor-element-5d1ce2c0 elementor-widget elementor-widget-text-editor\" data-id=\"5d1ce2c0\" data-element_type=\"widget\" data-widget_type=\"text-editor.default\">\n\t\t\t\t<div class=\"elementor-widget-container\">\n\t\t\t\t\t\t\t\t\t<p>ENATE MERLOT-MERLOT<\/p>\t\t\t\t\t\t\t\t<\/div>\n\t\t\t\t<\/div>\n\t\t\t\t\t<\/div>\n\t\t<\/div>\n\t\t\t\t\t<\/div>\n\t\t<\/section>\n\t\t\t\t<section class=\"elementor-section elementor-top-section elementor-element elementor-element-5c9028e4 elementor-section-boxed elementor-section-height-default elementor-section-height-default elementor-invisible\" data-id=\"5c9028e4\" data-element_type=\"section\" data-settings=\"{&quot;animation&quot;:&quot;fadeInUp&quot;}\">\n\t\t\t\t\t\t<div class=\"elementor-container elementor-column-gap-default\">\n\t\t\t\t\t<div class=\"elementor-column elementor-col-50 elementor-top-column elementor-element elementor-element-1094fd95\" data-id=\"1094fd95\" data-element_type=\"column\">\n\t\t\t<div class=\"elementor-widget-wrap elementor-element-populated\">\n\t\t\t\t\t\t<div class=\"elementor-element elementor-element-2c29e271 elementor-widget elementor-widget-image\" data-id=\"2c29e271\" data-element_type=\"widget\" data-widget_type=\"image.default\">\n\t\t\t\t<div class=\"elementor-widget-container\">\n\t\t\t\t\t\t\t\t\t\t\t\t\t\t\t<img fetchpriority=\"high\" decoding=\"async\" width=\"257\" height=\"1024\" src=\"https:\/\/www.aribau.es\/wp-content\/uploads\/2021\/02\/ENATE-CABERNET-MERLOT-257x1024.jpg\" class=\"elementor-animation-grow attachment-large size-large wp-image-7578\" alt=\"\" srcset=\"https:\/\/www.aribau.es\/wp-content\/uploads\/2021\/02\/ENATE-CABERNET-MERLOT-257x1024.jpg 257w, https:\/\/www.aribau.es\/wp-content\/uploads\/2021\/02\/ENATE-CABERNET-MERLOT-75x300.jpg 75w, https:\/\/www.aribau.es\/wp-content\/uploads\/2021\/02\/ENATE-CABERNET-MERLOT-768x3060.jpg 768w, https:\/\/www.aribau.es\/wp-content\/uploads\/2021\/02\/ENATE-CABERNET-MERLOT-386x1536.jpg 386w, https:\/\/www.aribau.es\/wp-content\/uploads\/2021\/02\/ENATE-CABERNET-MERLOT-514x2048.jpg 514w, https:\/\/www.aribau.es\/wp-content\/uploads\/2021\/02\/ENATE-CABERNET-MERLOT-scaled.jpg 643w\" sizes=\"(max-width: 257px) 100vw, 257px\" \/>\t\t\t\t\t\t\t\t\t\t\t\t\t\t\t<\/div>\n\t\t\t\t<\/div>\n\t\t\t\t\t<\/div>\n\t\t<\/div>\n\t\t\t\t<div class=\"elementor-column elementor-col-50 elementor-top-column elementor-element elementor-element-61c294d1\" data-id=\"61c294d1\" data-element_type=\"column\">\n\t\t\t<div class=\"elementor-widget-wrap elementor-element-populated\">\n\t\t\t\t\t\t<div class=\"elementor-element elementor-element-704667dd elementor-widget elementor-widget-text-editor\" data-id=\"704667dd\" data-element_type=\"widget\" data-widget_type=\"text-editor.default\">\n\t\t\t\t<div class=\"elementor-widget-container\">\n\t\t\t\t\t\t\t\t\t<p>VARIETATS DE RA\u00cfM<\/p>\t\t\t\t\t\t\t\t<\/div>\n\t\t\t\t<\/div>\n\t\t\t\t<div class=\"elementor-element elementor-element-723d9d62 elementor-widget elementor-widget-text-editor\" data-id=\"723d9d62\" data-element_type=\"widget\" data-widget_type=\"text-editor.default\">\n\t\t\t\t<div class=\"elementor-widget-container\">\n\t\t\t\t\t\t\t\t\t<p>Merlot<\/p>\t\t\t\t\t\t\t\t<\/div>\n\t\t\t\t<\/div>\n\t\t\t\t<div class=\"elementor-element elementor-element-68fe2456 elementor-widget elementor-widget-text-editor\" data-id=\"68fe2456\" data-element_type=\"widget\" data-widget_type=\"text-editor.default\">\n\t\t\t\t<div class=\"elementor-widget-container\">\n\t\t\t\t\t\t\t\t\t<p>CRIAN\u00c7A<\/p>\t\t\t\t\t\t\t\t<\/div>\n\t\t\t\t<\/div>\n\t\t\t\t<div class=\"elementor-element elementor-element-50180a09 elementor-widget elementor-widget-text-editor\" data-id=\"50180a09\" data-element_type=\"widget\" data-widget_type=\"text-editor.default\">\n\t\t\t\t<div class=\"elementor-widget-container\">\n\t\t\t\t\t\t\t\t\t<p>13 mesos<\/p>\t\t\t\t\t\t\t\t<\/div>\n\t\t\t\t<\/div>\n\t\t\t\t<div class=\"elementor-element elementor-element-6e2dec8f elementor-widget elementor-widget-text-editor\" data-id=\"6e2dec8f\" data-element_type=\"widget\" data-widget_type=\"text-editor.default\">\n\t\t\t\t<div class=\"elementor-widget-container\">\n\t\t\t\t\t\t\t\t\t<p>DENOMINACI\u00d3 D'ORIGEN<\/p>\t\t\t\t\t\t\t\t<\/div>\n\t\t\t\t<\/div>\n\t\t\t\t<div class=\"elementor-element elementor-element-606dae8b elementor-widget elementor-widget-image\" data-id=\"606dae8b\" data-element_type=\"widget\" data-widget_type=\"image.default\">\n\t\t\t\t<div class=\"elementor-widget-container\">\n\t\t\t\t\t\t\t\t\t\t\t\t\t\t\t<img decoding=\"async\" width=\"400\" height=\"137\" src=\"https:\/\/www.aribau.es\/wp-content\/uploads\/2021\/05\/DO-SOMONTANO.png\" class=\"attachment-full size-full wp-image-11123\" alt=\"\" srcset=\"https:\/\/www.aribau.es\/wp-content\/uploads\/2021\/05\/DO-SOMONTANO.png 400w, https:\/\/www.aribau.es\/wp-content\/uploads\/2021\/05\/DO-SOMONTANO-300x103.png 300w\" sizes=\"(max-width: 400px) 100vw, 400px\" \/>\t\t\t\t\t\t\t\t\t\t\t\t\t\t\t<\/div>\n\t\t\t\t<\/div>\n\t\t\t\t<div class=\"elementor-element elementor-element-79c555ed elementor-widget elementor-widget-text-editor\" data-id=\"79c555ed\" data-element_type=\"widget\" data-widget_type=\"text-editor.default\">\n\t\t\t\t<div class=\"elementor-widget-container\">\n\t\t\t\t\t\t\t\t\t<p>DESCRIPCI\u00d3<\/p>\t\t\t\t\t\t\t\t<\/div>\n\t\t\t\t<\/div>\n\t\t\t\t<div class=\"elementor-element elementor-element-33edda7a elementor-widget elementor-widget-text-editor\" data-id=\"33edda7a\" data-element_type=\"widget\" data-widget_type=\"text-editor.default\">\n\t\t\t\t<div class=\"elementor-widget-container\">\n\t\t\t\t\t\t\t\t\t<p class=\"MsoNormal\">Vi molt seri\u00f3s, una perfecta representaci\u00f3 de la l\u00ednia del Merlot-Merlot d\u2019ENATE. <o:p><\/o:p><\/p><p class=\"MsoNormal\">Presenta un ampli i complex ventall arom\u00e0tic en el qual es combinen de forma harmoniosa els records de les fruites vermelles, les notes bals\u00e0miques i especiades (eucaliptus, clau) juntament amb els caracter\u00edstics aromes d'orellanes i els matisos de cacau.<o:p><\/o:p><\/p><p>\n\n\n\n<\/p><p class=\"MsoNormal\">El seu paladar \u00e9s ampli, carn\u00f3s i est\u00e0 entapissat per tanins dol\u00e7os d'impecable factura. El final de boca \u00e9s molt persistent i ens brinda tocs de tinta xinesa i cuir.<o:p><\/o:p><\/p>\t\t\t\t\t\t\t\t<\/div>\n\t\t\t\t<\/div>\n\t\t\t\t\t<\/div>\n\t\t<\/div>\n\t\t\t\t\t<\/div>\n\t\t<\/section>\n\t\t\t\t<section class=\"elementor-section elementor-top-section elementor-element elementor-element-e007ca9 elementor-section-boxed elementor-section-height-default elementor-section-height-default\" data-id=\"e007ca9\" data-element_type=\"section\">\n\t\t\t\t\t\t<div class=\"elementor-container elementor-column-gap-default\">\n\t\t\t\t\t<div class=\"elementor-column elementor-col-100 elementor-top-column elementor-element elementor-element-74cae23\" data-id=\"74cae23\" data-element_type=\"column\">\n\t\t\t<div class=\"elementor-widget-wrap elementor-element-populated\">\n\t\t\t\t\t\t<div class=\"elementor-element elementor-element-7ad277d elementor-widget elementor-widget-spacer\" data-id=\"7ad277d\" data-element_type=\"widget\" data-widget_type=\"spacer.default\">\n\t\t\t\t<div class=\"elementor-widget-container\">\n\t\t\t\t\t\t\t<div class=\"elementor-spacer\">\n\t\t\t<div class=\"elementor-spacer-inner\"><\/div>\n\t\t<\/div>\n\t\t\t\t\t\t<\/div>\n\t\t\t\t<\/div>\n\t\t\t\t\t<\/div>\n\t\t<\/div>\n\t\t\t\t\t<\/div>\n\t\t<\/section>\n\t\t\t\t<\/div>","protected":false},"excerpt":{"rendered":"<p>ENATE MERLOT-MERLOT variedades de uva Merlot Crianza 13 meses Denominaci\u00f3n de origen descripci\u00f3n Vino muy serio, una perfecta representaci\u00f3n de la l\u00ednea del Merlot-Merlot de ENATE. Presenta un amplio y complejo abanico arom\u00e1tico en el que se combinan de forma armoniosa los recuerdos de las frutas rojas, las notas bals\u00e1micas y especiadas (eucalipto, clavo) junto &#8230; <a title=\"ENATE MERLOT-MERLOT\" class=\"read-more\" href=\"https:\/\/www.aribau.es\/ca\/bodegas-2\/enate-2\/enate-merlot-merlot\/\" aria-label=\"M\u00e9s informaci\u00f3 sobre ENATE MERLOT-MERLOT\">Llegiu m\u00e9s<\/a><\/p>","protected":false},"author":3,"featured_media":0,"parent":8155,"menu_order":0,"comment_status":"closed","ping_status":"closed","template":"elementor_header_footer","meta":{"footnotes":""},"class_list":["post-11157","page","type-page","status-publish"],"yoast_head":"<!-- This site is optimized with the Yoast SEO plugin v26.7 - https:\/\/yoast.com\/wordpress\/plugins\/seo\/ -->\n<title>ENATE MERLOT-MERLOT - Aribau<\/title>\n<meta name=\"robots\" content=\"index, follow, max-snippet:-1, max-image-preview:large, max-video-preview:-1\" \/>\n<link rel=\"canonical\" href=\"https:\/\/www.aribau.es\/ca\/bodegas-2\/enate-2\/enate-merlot-merlot\/\" \/>\n<meta property=\"og:locale\" content=\"ca_ES\" \/>\n<meta property=\"og:type\" content=\"article\" \/>\n<meta property=\"og:title\" content=\"ENATE MERLOT-MERLOT - Aribau\" \/>\n<meta property=\"og:description\" content=\"ENATE MERLOT-MERLOT variedades de uva Merlot Crianza 13 meses Denominaci\u00f3n de origen descripci\u00f3n Vino muy serio, una perfecta representaci\u00f3n de la l\u00ednea del Merlot-Merlot de ENATE. Presenta un amplio y complejo abanico arom\u00e1tico en el que se combinan de forma armoniosa los recuerdos de las frutas rojas, las notas bals\u00e1micas y especiadas (eucalipto, clavo) junto ... Llegiu m\u00e9s\" \/>\n<meta property=\"og:url\" content=\"https:\/\/www.aribau.es\/ca\/bodegas-2\/enate-2\/enate-merlot-merlot\/\" \/>\n<meta property=\"og:site_name\" content=\"Aribau\" \/>\n<meta property=\"article:publisher\" content=\"https:\/\/www.facebook.com\/aribau1964\/\" \/>\n<meta property=\"article:modified_time\" content=\"2021-05-08T18:53:27+00:00\" \/>\n<meta property=\"og:image\" content=\"https:\/\/www.aribau.es\/wp-content\/uploads\/2021\/02\/ENATE-CABERNET-MERLOT-257x1024.jpg\" \/>\n<meta name=\"twitter:card\" content=\"summary_large_image\" \/>\n<meta name=\"twitter:site\" content=\"@aribau1964\" \/>\n<script type=\"application\/ld+json\" class=\"yoast-schema-graph\">{\"@context\":\"https:\/\/schema.org\",\"@graph\":[{\"@type\":\"WebPage\",\"@id\":\"https:\/\/www.aribau.es\/bodegas-2\/enate-2\/enate-merlot-merlot\/\",\"url\":\"https:\/\/www.aribau.es\/bodegas-2\/enate-2\/enate-merlot-merlot\/\",\"name\":\"ENATE MERLOT-MERLOT - Aribau\",\"isPartOf\":{\"@id\":\"https:\/\/www.aribau.es\/#website\"},\"primaryImageOfPage\":{\"@id\":\"https:\/\/www.aribau.es\/bodegas-2\/enate-2\/enate-merlot-merlot\/#primaryimage\"},\"image\":{\"@id\":\"https:\/\/www.aribau.es\/bodegas-2\/enate-2\/enate-merlot-merlot\/#primaryimage\"},\"thumbnailUrl\":\"https:\/\/www.aribau.es\/wp-content\/uploads\/2021\/02\/ENATE-CABERNET-MERLOT-257x1024.jpg\",\"datePublished\":\"2021-05-08T18:49:00+00:00\",\"dateModified\":\"2021-05-08T18:53:27+00:00\",\"breadcrumb\":{\"@id\":\"https:\/\/www.aribau.es\/bodegas-2\/enate-2\/enate-merlot-merlot\/#breadcrumb\"},\"inLanguage\":\"ca\",\"potentialAction\":[{\"@type\":\"ReadAction\",\"target\":[\"https:\/\/www.aribau.es\/bodegas-2\/enate-2\/enate-merlot-merlot\/\"]}]},{\"@type\":\"ImageObject\",\"inLanguage\":\"ca\",\"@id\":\"https:\/\/www.aribau.es\/bodegas-2\/enate-2\/enate-merlot-merlot\/#primaryimage\",\"url\":\"https:\/\/www.aribau.es\/wp-content\/uploads\/2021\/02\/ENATE-CABERNET-MERLOT-257x1024.jpg\",\"contentUrl\":\"https:\/\/www.aribau.es\/wp-content\/uploads\/2021\/02\/ENATE-CABERNET-MERLOT-257x1024.jpg\"},{\"@type\":\"BreadcrumbList\",\"@id\":\"https:\/\/www.aribau.es\/bodegas-2\/enate-2\/enate-merlot-merlot\/#breadcrumb\",\"itemListElement\":[{\"@type\":\"ListItem\",\"position\":1,\"name\":\"Portada\",\"item\":\"https:\/\/www.aribau.es\/\"},{\"@type\":\"ListItem\",\"position\":2,\"name\":\"BODEGAS\",\"item\":\"https:\/\/www.aribau.es\/bodegas-2\/\"},{\"@type\":\"ListItem\",\"position\":3,\"name\":\"ENATE\",\"item\":\"https:\/\/www.aribau.es\/bodegas-2\/enate-2\/\"},{\"@type\":\"ListItem\",\"position\":4,\"name\":\"ENATE MERLOT-MERLOT\"}]},{\"@type\":\"WebSite\",\"@id\":\"https:\/\/www.aribau.es\/#website\",\"url\":\"https:\/\/www.aribau.es\/\",\"name\":\"Aribau\",\"description\":\"VINOS Y BODEGAS\",\"publisher\":{\"@id\":\"https:\/\/www.aribau.es\/#organization\"},\"potentialAction\":[{\"@type\":\"SearchAction\",\"target\":{\"@type\":\"EntryPoint\",\"urlTemplate\":\"https:\/\/www.aribau.es\/?s={search_term_string}\"},\"query-input\":{\"@type\":\"PropertyValueSpecification\",\"valueRequired\":true,\"valueName\":\"search_term_string\"}}],\"inLanguage\":\"ca\"},{\"@type\":\"Organization\",\"@id\":\"https:\/\/www.aribau.es\/#organization\",\"name\":\"Aribau\",\"url\":\"https:\/\/www.aribau.es\/\",\"logo\":{\"@type\":\"ImageObject\",\"inLanguage\":\"ca\",\"@id\":\"https:\/\/www.aribau.es\/#\/schema\/logo\/image\/\",\"url\":\"https:\/\/www.aribau.es\/wp-content\/uploads\/2022\/03\/logo.png\",\"contentUrl\":\"https:\/\/www.aribau.es\/wp-content\/uploads\/2022\/03\/logo.png\",\"width\":300,\"height\":300,\"caption\":\"Aribau\"},\"image\":{\"@id\":\"https:\/\/www.aribau.es\/#\/schema\/logo\/image\/\"},\"sameAs\":[\"https:\/\/www.facebook.com\/aribau1964\/\",\"https:\/\/x.com\/aribau1964\",\"https:\/\/www.instagram.com\/aribau1964\/\"]}]}<\/script>\n<!-- \/ Yoast SEO plugin. -->","yoast_head_json":{"title":"ENATE MERLOT-MERLOT - Aribau","robots":{"index":"index","follow":"follow","max-snippet":"max-snippet:-1","max-image-preview":"max-image-preview:large","max-video-preview":"max-video-preview:-1"},"canonical":"https:\/\/www.aribau.es\/ca\/bodegas-2\/enate-2\/enate-merlot-merlot\/","og_locale":"ca_ES","og_type":"article","og_title":"ENATE MERLOT-MERLOT - Aribau","og_description":"ENATE MERLOT-MERLOT variedades de uva Merlot Crianza 13 meses Denominaci\u00f3n de origen descripci\u00f3n Vino muy serio, una perfecta representaci\u00f3n de la l\u00ednea del Merlot-Merlot de ENATE. Presenta un amplio y complejo abanico arom\u00e1tico en el que se combinan de forma armoniosa los recuerdos de las frutas rojas, las notas bals\u00e1micas y especiadas (eucalipto, clavo) junto ... Llegiu m\u00e9s","og_url":"https:\/\/www.aribau.es\/ca\/bodegas-2\/enate-2\/enate-merlot-merlot\/","og_site_name":"Aribau","article_publisher":"https:\/\/www.facebook.com\/aribau1964\/","article_modified_time":"2021-05-08T18:53:27+00:00","og_image":[{"url":"https:\/\/www.aribau.es\/wp-content\/uploads\/2021\/02\/ENATE-CABERNET-MERLOT-257x1024.jpg","type":"","width":"","height":""}],"twitter_card":"summary_large_image","twitter_site":"@aribau1964","schema":{"@context":"https:\/\/schema.org","@graph":[{"@type":"WebPage","@id":"https:\/\/www.aribau.es\/bodegas-2\/enate-2\/enate-merlot-merlot\/","url":"https:\/\/www.aribau.es\/bodegas-2\/enate-2\/enate-merlot-merlot\/","name":"ENATE MERLOT-MERLOT - Aribau","isPartOf":{"@id":"https:\/\/www.aribau.es\/#website"},"primaryImageOfPage":{"@id":"https:\/\/www.aribau.es\/bodegas-2\/enate-2\/enate-merlot-merlot\/#primaryimage"},"image":{"@id":"https:\/\/www.aribau.es\/bodegas-2\/enate-2\/enate-merlot-merlot\/#primaryimage"},"thumbnailUrl":"https:\/\/www.aribau.es\/wp-content\/uploads\/2021\/02\/ENATE-CABERNET-MERLOT-257x1024.jpg","datePublished":"2021-05-08T18:49:00+00:00","dateModified":"2021-05-08T18:53:27+00:00","breadcrumb":{"@id":"https:\/\/www.aribau.es\/bodegas-2\/enate-2\/enate-merlot-merlot\/#breadcrumb"},"inLanguage":"ca","potentialAction":[{"@type":"ReadAction","target":["https:\/\/www.aribau.es\/bodegas-2\/enate-2\/enate-merlot-merlot\/"]}]},{"@type":"ImageObject","inLanguage":"ca","@id":"https:\/\/www.aribau.es\/bodegas-2\/enate-2\/enate-merlot-merlot\/#primaryimage","url":"https:\/\/www.aribau.es\/wp-content\/uploads\/2021\/02\/ENATE-CABERNET-MERLOT-257x1024.jpg","contentUrl":"https:\/\/www.aribau.es\/wp-content\/uploads\/2021\/02\/ENATE-CABERNET-MERLOT-257x1024.jpg"},{"@type":"BreadcrumbList","@id":"https:\/\/www.aribau.es\/bodegas-2\/enate-2\/enate-merlot-merlot\/#breadcrumb","itemListElement":[{"@type":"ListItem","position":1,"name":"Portada","item":"https:\/\/www.aribau.es\/"},{"@type":"ListItem","position":2,"name":"BODEGAS","item":"https:\/\/www.aribau.es\/bodegas-2\/"},{"@type":"ListItem","position":3,"name":"ENATE","item":"https:\/\/www.aribau.es\/bodegas-2\/enate-2\/"},{"@type":"ListItem","position":4,"name":"ENATE MERLOT-MERLOT"}]},{"@type":"WebSite","@id":"https:\/\/www.aribau.es\/#website","url":"https:\/\/www.aribau.es\/","name":"Aribau","description":"VINOS Y BODEGAS","publisher":{"@id":"https:\/\/www.aribau.es\/#organization"},"potentialAction":[{"@type":"SearchAction","target":{"@type":"EntryPoint","urlTemplate":"https:\/\/www.aribau.es\/?s={search_term_string}"},"query-input":{"@type":"PropertyValueSpecification","valueRequired":true,"valueName":"search_term_string"}}],"inLanguage":"ca"},{"@type":"Organization","@id":"https:\/\/www.aribau.es\/#organization","name":"Aribau","url":"https:\/\/www.aribau.es\/","logo":{"@type":"ImageObject","inLanguage":"ca","@id":"https:\/\/www.aribau.es\/#\/schema\/logo\/image\/","url":"https:\/\/www.aribau.es\/wp-content\/uploads\/2022\/03\/logo.png","contentUrl":"https:\/\/www.aribau.es\/wp-content\/uploads\/2022\/03\/logo.png","width":300,"height":300,"caption":"Aribau"},"image":{"@id":"https:\/\/www.aribau.es\/#\/schema\/logo\/image\/"},"sameAs":["https:\/\/www.facebook.com\/aribau1964\/","https:\/\/x.com\/aribau1964","https:\/\/www.instagram.com\/aribau1964\/"]}]}},"_links":{"self":[{"href":"https:\/\/www.aribau.es\/ca\/wp-json\/wp\/v2\/pages\/11157","targetHints":{"allow":["GET"]}}],"collection":[{"href":"https:\/\/www.aribau.es\/ca\/wp-json\/wp\/v2\/pages"}],"about":[{"href":"https:\/\/www.aribau.es\/ca\/wp-json\/wp\/v2\/types\/page"}],"author":[{"embeddable":true,"href":"https:\/\/www.aribau.es\/ca\/wp-json\/wp\/v2\/users\/3"}],"replies":[{"embeddable":true,"href":"https:\/\/www.aribau.es\/ca\/wp-json\/wp\/v2\/comments?post=11157"}],"version-history":[{"count":4,"href":"https:\/\/www.aribau.es\/ca\/wp-json\/wp\/v2\/pages\/11157\/revisions"}],"predecessor-version":[{"id":11162,"href":"https:\/\/www.aribau.es\/ca\/wp-json\/wp\/v2\/pages\/11157\/revisions\/11162"}],"up":[{"embeddable":true,"href":"https:\/\/www.aribau.es\/ca\/wp-json\/wp\/v2\/pages\/8155"}],"wp:attachment":[{"href":"https:\/\/www.aribau.es\/ca\/wp-json\/wp\/v2\/media?parent=11157"}],"curies":[{"name":"wp","href":"https:\/\/api.w.org\/{rel}","templated":true}]}}