{"id":11191,"date":"2021-05-08T20:11:12","date_gmt":"2021-05-08T19:11:12","guid":{"rendered":"https:\/\/www.aribau.es\/?page_id=11191"},"modified":"2022-03-25T10:40:04","modified_gmt":"2022-03-25T09:40:04","slug":"fuenteseca-blanco","status":"publish","type":"page","link":"https:\/\/www.aribau.es\/ca\/bodegas-2\/sierra-norte\/fuenteseca-blanco\/","title":{"rendered":"FUENTESECA BLANC"},"content":{"rendered":"<div data-elementor-type=\"wp-page\" data-elementor-id=\"11191\" class=\"elementor elementor-11191\">\n\t\t\t\t\t\t<section class=\"elementor-section elementor-top-section elementor-element elementor-element-6091e570 elementor-section-boxed elementor-section-height-default elementor-section-height-default elementor-invisible\" data-id=\"6091e570\" data-element_type=\"section\" data-settings=\"{&quot;animation&quot;:&quot;fadeInUp&quot;}\">\n\t\t\t\t\t\t<div class=\"elementor-container elementor-column-gap-default\">\n\t\t\t\t\t<div class=\"elementor-column elementor-col-100 elementor-top-column elementor-element elementor-element-4a6fb0f0\" data-id=\"4a6fb0f0\" data-element_type=\"column\">\n\t\t\t<div class=\"elementor-widget-wrap elementor-element-populated\">\n\t\t\t\t\t\t<div class=\"elementor-element elementor-element-304f25a0 elementor-widget elementor-widget-text-editor\" data-id=\"304f25a0\" data-element_type=\"widget\" data-widget_type=\"text-editor.default\">\n\t\t\t\t<div class=\"elementor-widget-container\">\n\t\t\t\t\t\t\t\t\t<p>FUENTESECA BLANC<\/p>\t\t\t\t\t\t\t\t<\/div>\n\t\t\t\t<\/div>\n\t\t\t\t\t<\/div>\n\t\t<\/div>\n\t\t\t\t\t<\/div>\n\t\t<\/section>\n\t\t\t\t<section class=\"elementor-section elementor-top-section elementor-element elementor-element-647503f6 elementor-section-boxed elementor-section-height-default elementor-section-height-default elementor-invisible\" data-id=\"647503f6\" data-element_type=\"section\" data-settings=\"{&quot;animation&quot;:&quot;fadeInUp&quot;}\">\n\t\t\t\t\t\t<div class=\"elementor-container elementor-column-gap-default\">\n\t\t\t\t\t<div class=\"elementor-column elementor-col-50 elementor-top-column elementor-element elementor-element-763fe42c\" data-id=\"763fe42c\" data-element_type=\"column\">\n\t\t\t<div class=\"elementor-widget-wrap elementor-element-populated\">\n\t\t\t\t\t\t<div class=\"elementor-element elementor-element-4f1564c9 elementor-widget elementor-widget-image\" data-id=\"4f1564c9\" data-element_type=\"widget\" data-widget_type=\"image.default\">\n\t\t\t\t<div class=\"elementor-widget-container\">\n\t\t\t\t\t\t\t\t\t\t\t\t\t\t\t<img fetchpriority=\"high\" decoding=\"async\" width=\"306\" height=\"1024\" src=\"https:\/\/www.aribau.es\/wp-content\/uploads\/2022\/03\/FUENTESECA-BLANCO-306x1024.jpg\" class=\"elementor-animation-grow attachment-large size-large wp-image-12226\" alt=\"\" srcset=\"https:\/\/www.aribau.es\/wp-content\/uploads\/2022\/03\/FUENTESECA-BLANCO-306x1024.jpg 306w, https:\/\/www.aribau.es\/wp-content\/uploads\/2022\/03\/FUENTESECA-BLANCO-90x300.jpg 90w, https:\/\/www.aribau.es\/wp-content\/uploads\/2022\/03\/FUENTESECA-BLANCO-4x12.jpg 4w, https:\/\/www.aribau.es\/wp-content\/uploads\/2022\/03\/FUENTESECA-BLANCO.jpg 360w\" sizes=\"(max-width: 306px) 100vw, 306px\" \/>\t\t\t\t\t\t\t\t\t\t\t\t\t\t\t<\/div>\n\t\t\t\t<\/div>\n\t\t\t\t\t<\/div>\n\t\t<\/div>\n\t\t\t\t<div class=\"elementor-column elementor-col-50 elementor-top-column elementor-element elementor-element-573e9d5a\" data-id=\"573e9d5a\" data-element_type=\"column\">\n\t\t\t<div class=\"elementor-widget-wrap elementor-element-populated\">\n\t\t\t\t\t\t<div class=\"elementor-element elementor-element-69232d64 elementor-widget elementor-widget-text-editor\" data-id=\"69232d64\" data-element_type=\"widget\" data-widget_type=\"text-editor.default\">\n\t\t\t\t<div class=\"elementor-widget-container\">\n\t\t\t\t\t\t\t\t\t<p>VARIETATS DE RA\u00cfM<\/p>\t\t\t\t\t\t\t\t<\/div>\n\t\t\t\t<\/div>\n\t\t\t\t<div class=\"elementor-element elementor-element-12beaf09 elementor-widget elementor-widget-text-editor\" data-id=\"12beaf09\" data-element_type=\"widget\" data-widget_type=\"text-editor.default\">\n\t\t\t\t<div class=\"elementor-widget-container\">\n\t\t\t\t\t\t\t\t\t<p>Sauvignon blanc, macabeu<\/p>\t\t\t\t\t\t\t\t<\/div>\n\t\t\t\t<\/div>\n\t\t\t\t<div class=\"elementor-element elementor-element-7b5c8fa6 elementor-widget elementor-widget-text-editor\" data-id=\"7b5c8fa6\" data-element_type=\"widget\" data-widget_type=\"text-editor.default\">\n\t\t\t\t<div class=\"elementor-widget-container\">\n\t\t\t\t\t\t\t\t\t<p>CRIAN\u00c7A<\/p>\t\t\t\t\t\t\t\t<\/div>\n\t\t\t\t<\/div>\n\t\t\t\t<div class=\"elementor-element elementor-element-5ab36d26 elementor-widget elementor-widget-text-editor\" data-id=\"5ab36d26\" data-element_type=\"widget\" data-widget_type=\"text-editor.default\">\n\t\t\t\t<div class=\"elementor-widget-container\">\n\t\t\t\t\t\t\t\t\t<p>Sense crian\u00e7a<\/p>\t\t\t\t\t\t\t\t<\/div>\n\t\t\t\t<\/div>\n\t\t\t\t<div class=\"elementor-element elementor-element-536b65c6 elementor-widget elementor-widget-text-editor\" data-id=\"536b65c6\" data-element_type=\"widget\" data-widget_type=\"text-editor.default\">\n\t\t\t\t<div class=\"elementor-widget-container\">\n\t\t\t\t\t\t\t\t\t<p>DENOMINACI\u00d3 D'ORIGEN<\/p>\t\t\t\t\t\t\t\t<\/div>\n\t\t\t\t<\/div>\n\t\t\t\t<div class=\"elementor-element elementor-element-6ae2f7e4 elementor-widget elementor-widget-image\" data-id=\"6ae2f7e4\" data-element_type=\"widget\" data-widget_type=\"image.default\">\n\t\t\t\t<div class=\"elementor-widget-container\">\n\t\t\t\t\t\t\t\t\t\t\t\t\t\t\t<img decoding=\"async\" width=\"750\" height=\"750\" src=\"https:\/\/www.aribau.es\/wp-content\/uploads\/2021\/05\/do-utiel-requena.jpg\" class=\"attachment-full size-full wp-image-11193\" alt=\"\" srcset=\"https:\/\/www.aribau.es\/wp-content\/uploads\/2021\/05\/do-utiel-requena.jpg 750w, https:\/\/www.aribau.es\/wp-content\/uploads\/2021\/05\/do-utiel-requena-300x300.jpg 300w, https:\/\/www.aribau.es\/wp-content\/uploads\/2021\/05\/do-utiel-requena-150x150.jpg 150w\" sizes=\"(max-width: 750px) 100vw, 750px\" \/>\t\t\t\t\t\t\t\t\t\t\t\t\t\t\t<\/div>\n\t\t\t\t<\/div>\n\t\t\t\t<div class=\"elementor-element elementor-element-19a56eec elementor-widget elementor-widget-text-editor\" data-id=\"19a56eec\" data-element_type=\"widget\" data-widget_type=\"text-editor.default\">\n\t\t\t\t<div class=\"elementor-widget-container\">\n\t\t\t\t\t\t\t\t\t<p>DESCRIPCI\u00d3<\/p>\t\t\t\t\t\t\t\t<\/div>\n\t\t\t\t<\/div>\n\t\t\t\t<div class=\"elementor-element elementor-element-7ae73d5b elementor-widget elementor-widget-text-editor\" data-id=\"7ae73d5b\" data-element_type=\"widget\" data-widget_type=\"text-editor.default\">\n\t\t\t\t<div class=\"elementor-widget-container\">\n\t\t\t\t\t\t\t\t\t<p class=\"MsoNormal\">Groc p\u00e0l\u00b7lid amb centelleigs verds, brillant i net.<o:p><\/o:p><\/p><p class=\"MsoNormal\">En nas apareixen aromes de flor blanca, fruita tropical, pell d'albercoc i fonoll. Molt complex i elegant.<o:p><\/o:p><\/p><p>\n\n\n\n<\/p><p class=\"MsoNormal\">Fresc en boca, i alhora ampli, sabor\u00f3s, amb una excel\u00b7lent acidesa, molt equilibrat, de final llarg i perfumat postgust.<o:p><\/o:p><\/p>\t\t\t\t\t\t\t\t<\/div>\n\t\t\t\t<\/div>\n\t\t\t\t\t<\/div>\n\t\t<\/div>\n\t\t\t\t\t<\/div>\n\t\t<\/section>\n\t\t\t\t<section class=\"elementor-section elementor-top-section elementor-element elementor-element-1613e9c elementor-section-boxed elementor-section-height-default elementor-section-height-default\" data-id=\"1613e9c\" data-element_type=\"section\">\n\t\t\t\t\t\t<div class=\"elementor-container elementor-column-gap-default\">\n\t\t\t\t\t<div class=\"elementor-column elementor-col-100 elementor-top-column elementor-element elementor-element-a72e66d\" data-id=\"a72e66d\" data-element_type=\"column\">\n\t\t\t<div class=\"elementor-widget-wrap elementor-element-populated\">\n\t\t\t\t\t\t<div class=\"elementor-element elementor-element-ed7dcab elementor-widget elementor-widget-spacer\" data-id=\"ed7dcab\" data-element_type=\"widget\" data-widget_type=\"spacer.default\">\n\t\t\t\t<div class=\"elementor-widget-container\">\n\t\t\t\t\t\t\t<div class=\"elementor-spacer\">\n\t\t\t<div class=\"elementor-spacer-inner\"><\/div>\n\t\t<\/div>\n\t\t\t\t\t\t<\/div>\n\t\t\t\t<\/div>\n\t\t\t\t\t<\/div>\n\t\t<\/div>\n\t\t\t\t\t<\/div>\n\t\t<\/section>\n\t\t\t\t<\/div>","protected":false},"excerpt":{"rendered":"<p>fuenteseca blanco variedades de uva Sauvignon blanco, Macabeo Crianza Sin crianza Denominaci\u00f3n de origen descripci\u00f3n Amarillo p\u00e1lido con destellos verdes, brillante y limpio. En nariz aparecen aromas de flor blanca, fruta tropical, piel de albaricoque e hinojo. Muy complejo y elegante. Fresco en boca, y a la vez amplio, sabroso, con una excelente acidez, muy &#8230; <a title=\"FUENTESECA BLANC\" class=\"read-more\" href=\"https:\/\/www.aribau.es\/ca\/bodegas-2\/sierra-norte\/fuenteseca-blanco\/\" aria-label=\"M\u00e9s informaci\u00f3 sobre FUENTESECA BLANCO\">Llegiu m\u00e9s<\/a><\/p>","protected":false},"author":3,"featured_media":0,"parent":8205,"menu_order":0,"comment_status":"closed","ping_status":"closed","template":"elementor_header_footer","meta":{"footnotes":""},"class_list":["post-11191","page","type-page","status-publish"],"yoast_head":"<!-- This site is optimized with the Yoast SEO plugin v26.7 - https:\/\/yoast.com\/wordpress\/plugins\/seo\/ -->\n<title>FUENTESECA BLANCO - Aribau<\/title>\n<meta name=\"robots\" content=\"index, follow, max-snippet:-1, max-image-preview:large, max-video-preview:-1\" \/>\n<link rel=\"canonical\" href=\"https:\/\/www.aribau.es\/ca\/bodegas-2\/sierra-norte\/fuenteseca-blanco\/\" \/>\n<meta property=\"og:locale\" content=\"ca_ES\" \/>\n<meta property=\"og:type\" content=\"article\" \/>\n<meta property=\"og:title\" content=\"FUENTESECA BLANCO - Aribau\" \/>\n<meta property=\"og:description\" content=\"fuenteseca blanco variedades de uva Sauvignon blanco, Macabeo Crianza Sin crianza Denominaci\u00f3n de origen descripci\u00f3n Amarillo p\u00e1lido con destellos verdes, brillante y limpio. En nariz aparecen aromas de flor blanca, fruta tropical, piel de albaricoque e hinojo. Muy complejo y elegante. Fresco en boca, y a la vez amplio, sabroso, con una excelente acidez, muy ... Llegiu m\u00e9s\" \/>\n<meta property=\"og:url\" content=\"https:\/\/www.aribau.es\/ca\/bodegas-2\/sierra-norte\/fuenteseca-blanco\/\" \/>\n<meta property=\"og:site_name\" content=\"Aribau\" \/>\n<meta property=\"article:publisher\" content=\"https:\/\/www.facebook.com\/aribau1964\/\" \/>\n<meta property=\"article:modified_time\" content=\"2022-03-25T09:40:04+00:00\" \/>\n<meta property=\"og:image\" content=\"https:\/\/www.aribau.es\/wp-content\/uploads\/2022\/03\/FUENTESECA-BLANCO-306x1024.jpg\" \/>\n<meta name=\"twitter:card\" content=\"summary_large_image\" \/>\n<meta name=\"twitter:site\" content=\"@aribau1964\" \/>\n<script type=\"application\/ld+json\" class=\"yoast-schema-graph\">{\"@context\":\"https:\/\/schema.org\",\"@graph\":[{\"@type\":\"WebPage\",\"@id\":\"https:\/\/www.aribau.es\/bodegas-2\/sierra-norte\/fuenteseca-blanco\/\",\"url\":\"https:\/\/www.aribau.es\/bodegas-2\/sierra-norte\/fuenteseca-blanco\/\",\"name\":\"FUENTESECA BLANCO - Aribau\",\"isPartOf\":{\"@id\":\"https:\/\/www.aribau.es\/#website\"},\"primaryImageOfPage\":{\"@id\":\"https:\/\/www.aribau.es\/bodegas-2\/sierra-norte\/fuenteseca-blanco\/#primaryimage\"},\"image\":{\"@id\":\"https:\/\/www.aribau.es\/bodegas-2\/sierra-norte\/fuenteseca-blanco\/#primaryimage\"},\"thumbnailUrl\":\"https:\/\/www.aribau.es\/wp-content\/uploads\/2022\/03\/FUENTESECA-BLANCO-306x1024.jpg\",\"datePublished\":\"2021-05-08T19:11:12+00:00\",\"dateModified\":\"2022-03-25T09:40:04+00:00\",\"breadcrumb\":{\"@id\":\"https:\/\/www.aribau.es\/bodegas-2\/sierra-norte\/fuenteseca-blanco\/#breadcrumb\"},\"inLanguage\":\"ca\",\"potentialAction\":[{\"@type\":\"ReadAction\",\"target\":[\"https:\/\/www.aribau.es\/bodegas-2\/sierra-norte\/fuenteseca-blanco\/\"]}]},{\"@type\":\"ImageObject\",\"inLanguage\":\"ca\",\"@id\":\"https:\/\/www.aribau.es\/bodegas-2\/sierra-norte\/fuenteseca-blanco\/#primaryimage\",\"url\":\"https:\/\/www.aribau.es\/wp-content\/uploads\/2022\/03\/FUENTESECA-BLANCO-306x1024.jpg\",\"contentUrl\":\"https:\/\/www.aribau.es\/wp-content\/uploads\/2022\/03\/FUENTESECA-BLANCO-306x1024.jpg\"},{\"@type\":\"BreadcrumbList\",\"@id\":\"https:\/\/www.aribau.es\/bodegas-2\/sierra-norte\/fuenteseca-blanco\/#breadcrumb\",\"itemListElement\":[{\"@type\":\"ListItem\",\"position\":1,\"name\":\"Portada\",\"item\":\"https:\/\/www.aribau.es\/\"},{\"@type\":\"ListItem\",\"position\":2,\"name\":\"BODEGAS\",\"item\":\"https:\/\/www.aribau.es\/bodegas-2\/\"},{\"@type\":\"ListItem\",\"position\":3,\"name\":\"SIERRA NORTE\",\"item\":\"https:\/\/www.aribau.es\/bodegas-2\/sierra-norte\/\"},{\"@type\":\"ListItem\",\"position\":4,\"name\":\"FUENTESECA BLANCO\"}]},{\"@type\":\"WebSite\",\"@id\":\"https:\/\/www.aribau.es\/#website\",\"url\":\"https:\/\/www.aribau.es\/\",\"name\":\"Aribau\",\"description\":\"VINOS Y BODEGAS\",\"publisher\":{\"@id\":\"https:\/\/www.aribau.es\/#organization\"},\"potentialAction\":[{\"@type\":\"SearchAction\",\"target\":{\"@type\":\"EntryPoint\",\"urlTemplate\":\"https:\/\/www.aribau.es\/?s={search_term_string}\"},\"query-input\":{\"@type\":\"PropertyValueSpecification\",\"valueRequired\":true,\"valueName\":\"search_term_string\"}}],\"inLanguage\":\"ca\"},{\"@type\":\"Organization\",\"@id\":\"https:\/\/www.aribau.es\/#organization\",\"name\":\"Aribau\",\"url\":\"https:\/\/www.aribau.es\/\",\"logo\":{\"@type\":\"ImageObject\",\"inLanguage\":\"ca\",\"@id\":\"https:\/\/www.aribau.es\/#\/schema\/logo\/image\/\",\"url\":\"https:\/\/www.aribau.es\/wp-content\/uploads\/2022\/03\/logo.png\",\"contentUrl\":\"https:\/\/www.aribau.es\/wp-content\/uploads\/2022\/03\/logo.png\",\"width\":300,\"height\":300,\"caption\":\"Aribau\"},\"image\":{\"@id\":\"https:\/\/www.aribau.es\/#\/schema\/logo\/image\/\"},\"sameAs\":[\"https:\/\/www.facebook.com\/aribau1964\/\",\"https:\/\/x.com\/aribau1964\",\"https:\/\/www.instagram.com\/aribau1964\/\"]}]}<\/script>\n<!-- \/ Yoast SEO plugin. -->","yoast_head_json":{"title":"FUENTESECA BLANCO - Aribau","robots":{"index":"index","follow":"follow","max-snippet":"max-snippet:-1","max-image-preview":"max-image-preview:large","max-video-preview":"max-video-preview:-1"},"canonical":"https:\/\/www.aribau.es\/ca\/bodegas-2\/sierra-norte\/fuenteseca-blanco\/","og_locale":"ca_ES","og_type":"article","og_title":"FUENTESECA BLANCO - Aribau","og_description":"fuenteseca blanco variedades de uva Sauvignon blanco, Macabeo Crianza Sin crianza Denominaci\u00f3n de origen descripci\u00f3n Amarillo p\u00e1lido con destellos verdes, brillante y limpio. En nariz aparecen aromas de flor blanca, fruta tropical, piel de albaricoque e hinojo. Muy complejo y elegante. Fresco en boca, y a la vez amplio, sabroso, con una excelente acidez, muy ... Llegiu m\u00e9s","og_url":"https:\/\/www.aribau.es\/ca\/bodegas-2\/sierra-norte\/fuenteseca-blanco\/","og_site_name":"Aribau","article_publisher":"https:\/\/www.facebook.com\/aribau1964\/","article_modified_time":"2022-03-25T09:40:04+00:00","og_image":[{"url":"https:\/\/www.aribau.es\/wp-content\/uploads\/2022\/03\/FUENTESECA-BLANCO-306x1024.jpg","type":"","width":"","height":""}],"twitter_card":"summary_large_image","twitter_site":"@aribau1964","schema":{"@context":"https:\/\/schema.org","@graph":[{"@type":"WebPage","@id":"https:\/\/www.aribau.es\/bodegas-2\/sierra-norte\/fuenteseca-blanco\/","url":"https:\/\/www.aribau.es\/bodegas-2\/sierra-norte\/fuenteseca-blanco\/","name":"FUENTESECA BLANCO - Aribau","isPartOf":{"@id":"https:\/\/www.aribau.es\/#website"},"primaryImageOfPage":{"@id":"https:\/\/www.aribau.es\/bodegas-2\/sierra-norte\/fuenteseca-blanco\/#primaryimage"},"image":{"@id":"https:\/\/www.aribau.es\/bodegas-2\/sierra-norte\/fuenteseca-blanco\/#primaryimage"},"thumbnailUrl":"https:\/\/www.aribau.es\/wp-content\/uploads\/2022\/03\/FUENTESECA-BLANCO-306x1024.jpg","datePublished":"2021-05-08T19:11:12+00:00","dateModified":"2022-03-25T09:40:04+00:00","breadcrumb":{"@id":"https:\/\/www.aribau.es\/bodegas-2\/sierra-norte\/fuenteseca-blanco\/#breadcrumb"},"inLanguage":"ca","potentialAction":[{"@type":"ReadAction","target":["https:\/\/www.aribau.es\/bodegas-2\/sierra-norte\/fuenteseca-blanco\/"]}]},{"@type":"ImageObject","inLanguage":"ca","@id":"https:\/\/www.aribau.es\/bodegas-2\/sierra-norte\/fuenteseca-blanco\/#primaryimage","url":"https:\/\/www.aribau.es\/wp-content\/uploads\/2022\/03\/FUENTESECA-BLANCO-306x1024.jpg","contentUrl":"https:\/\/www.aribau.es\/wp-content\/uploads\/2022\/03\/FUENTESECA-BLANCO-306x1024.jpg"},{"@type":"BreadcrumbList","@id":"https:\/\/www.aribau.es\/bodegas-2\/sierra-norte\/fuenteseca-blanco\/#breadcrumb","itemListElement":[{"@type":"ListItem","position":1,"name":"Portada","item":"https:\/\/www.aribau.es\/"},{"@type":"ListItem","position":2,"name":"BODEGAS","item":"https:\/\/www.aribau.es\/bodegas-2\/"},{"@type":"ListItem","position":3,"name":"SIERRA NORTE","item":"https:\/\/www.aribau.es\/bodegas-2\/sierra-norte\/"},{"@type":"ListItem","position":4,"name":"FUENTESECA BLANCO"}]},{"@type":"WebSite","@id":"https:\/\/www.aribau.es\/#website","url":"https:\/\/www.aribau.es\/","name":"Aribau","description":"VINOS Y BODEGAS","publisher":{"@id":"https:\/\/www.aribau.es\/#organization"},"potentialAction":[{"@type":"SearchAction","target":{"@type":"EntryPoint","urlTemplate":"https:\/\/www.aribau.es\/?s={search_term_string}"},"query-input":{"@type":"PropertyValueSpecification","valueRequired":true,"valueName":"search_term_string"}}],"inLanguage":"ca"},{"@type":"Organization","@id":"https:\/\/www.aribau.es\/#organization","name":"Aribau","url":"https:\/\/www.aribau.es\/","logo":{"@type":"ImageObject","inLanguage":"ca","@id":"https:\/\/www.aribau.es\/#\/schema\/logo\/image\/","url":"https:\/\/www.aribau.es\/wp-content\/uploads\/2022\/03\/logo.png","contentUrl":"https:\/\/www.aribau.es\/wp-content\/uploads\/2022\/03\/logo.png","width":300,"height":300,"caption":"Aribau"},"image":{"@id":"https:\/\/www.aribau.es\/#\/schema\/logo\/image\/"},"sameAs":["https:\/\/www.facebook.com\/aribau1964\/","https:\/\/x.com\/aribau1964","https:\/\/www.instagram.com\/aribau1964\/"]}]}},"_links":{"self":[{"href":"https:\/\/www.aribau.es\/ca\/wp-json\/wp\/v2\/pages\/11191","targetHints":{"allow":["GET"]}}],"collection":[{"href":"https:\/\/www.aribau.es\/ca\/wp-json\/wp\/v2\/pages"}],"about":[{"href":"https:\/\/www.aribau.es\/ca\/wp-json\/wp\/v2\/types\/page"}],"author":[{"embeddable":true,"href":"https:\/\/www.aribau.es\/ca\/wp-json\/wp\/v2\/users\/3"}],"replies":[{"embeddable":true,"href":"https:\/\/www.aribau.es\/ca\/wp-json\/wp\/v2\/comments?post=11191"}],"version-history":[{"count":7,"href":"https:\/\/www.aribau.es\/ca\/wp-json\/wp\/v2\/pages\/11191\/revisions"}],"predecessor-version":[{"id":12234,"href":"https:\/\/www.aribau.es\/ca\/wp-json\/wp\/v2\/pages\/11191\/revisions\/12234"}],"up":[{"embeddable":true,"href":"https:\/\/www.aribau.es\/ca\/wp-json\/wp\/v2\/pages\/8205"}],"wp:attachment":[{"href":"https:\/\/www.aribau.es\/ca\/wp-json\/wp\/v2\/media?parent=11191"}],"curies":[{"name":"wp","href":"https:\/\/api.w.org\/{rel}","templated":true}]}}