{"id":11217,"date":"2021-05-08T20:22:12","date_gmt":"2021-05-08T19:22:12","guid":{"rendered":"https:\/\/www.aribau.es\/?page_id=11217"},"modified":"2021-05-08T20:24:14","modified_gmt":"2021-05-08T19:24:14","slug":"pasion-de-bobal-tinto","status":"publish","type":"page","link":"https:\/\/www.aribau.es\/ca\/bodegas-2\/sierra-norte\/pasion-de-bobal-tinto\/","title":{"rendered":"PASI\u00d3N DE BOBAL NEGRE"},"content":{"rendered":"<div data-elementor-type=\"wp-page\" data-elementor-id=\"11217\" class=\"elementor elementor-11217\">\n\t\t\t\t\t\t<section class=\"elementor-section elementor-top-section elementor-element elementor-element-13e83135 elementor-section-boxed elementor-section-height-default elementor-section-height-default elementor-invisible\" data-id=\"13e83135\" data-element_type=\"section\" data-settings=\"{&quot;animation&quot;:&quot;fadeInUp&quot;}\">\n\t\t\t\t\t\t<div class=\"elementor-container elementor-column-gap-default\">\n\t\t\t\t\t<div class=\"elementor-column elementor-col-100 elementor-top-column elementor-element elementor-element-29148150\" data-id=\"29148150\" data-element_type=\"column\">\n\t\t\t<div class=\"elementor-widget-wrap elementor-element-populated\">\n\t\t\t\t\t\t<div class=\"elementor-element elementor-element-34fbaaba elementor-widget elementor-widget-text-editor\" data-id=\"34fbaaba\" data-element_type=\"widget\" data-widget_type=\"text-editor.default\">\n\t\t\t\t<div class=\"elementor-widget-container\">\n\t\t\t\t\t\t\t\t\t<p>PASI\u00d3N DE BOBAL NEGRE<\/p>\t\t\t\t\t\t\t\t<\/div>\n\t\t\t\t<\/div>\n\t\t\t\t\t<\/div>\n\t\t<\/div>\n\t\t\t\t\t<\/div>\n\t\t<\/section>\n\t\t\t\t<section class=\"elementor-section elementor-top-section elementor-element elementor-element-534984af elementor-section-boxed elementor-section-height-default elementor-section-height-default elementor-invisible\" data-id=\"534984af\" data-element_type=\"section\" data-settings=\"{&quot;animation&quot;:&quot;fadeInUp&quot;}\">\n\t\t\t\t\t\t<div class=\"elementor-container elementor-column-gap-default\">\n\t\t\t\t\t<div class=\"elementor-column elementor-col-50 elementor-top-column elementor-element elementor-element-6cd7cf16\" data-id=\"6cd7cf16\" data-element_type=\"column\">\n\t\t\t<div class=\"elementor-widget-wrap elementor-element-populated\">\n\t\t\t\t\t\t<div class=\"elementor-element elementor-element-60fddff6 elementor-widget elementor-widget-image\" data-id=\"60fddff6\" data-element_type=\"widget\" data-widget_type=\"image.default\">\n\t\t\t\t<div class=\"elementor-widget-container\">\n\t\t\t\t\t\t\t\t\t\t\t\t\t\t\t<img fetchpriority=\"high\" decoding=\"async\" width=\"682\" height=\"1024\" src=\"https:\/\/www.aribau.es\/wp-content\/uploads\/2021\/03\/PASION-DE-BOBAL-TINTO-min-1-682x1024.jpg\" class=\"elementor-animation-grow attachment-large size-large wp-image-7946\" alt=\"\" srcset=\"https:\/\/www.aribau.es\/wp-content\/uploads\/2021\/03\/PASION-DE-BOBAL-TINTO-min-1-682x1024.jpg 682w, https:\/\/www.aribau.es\/wp-content\/uploads\/2021\/03\/PASION-DE-BOBAL-TINTO-min-1-200x300.jpg 200w, https:\/\/www.aribau.es\/wp-content\/uploads\/2021\/03\/PASION-DE-BOBAL-TINTO-min-1-768x1152.jpg 768w, https:\/\/www.aribau.es\/wp-content\/uploads\/2021\/03\/PASION-DE-BOBAL-TINTO-min-1-1024x1536.jpg 1024w, https:\/\/www.aribau.es\/wp-content\/uploads\/2021\/03\/PASION-DE-BOBAL-TINTO-min-1-1365x2048.jpg 1365w, https:\/\/www.aribau.es\/wp-content\/uploads\/2021\/03\/PASION-DE-BOBAL-TINTO-min-1-scaled.jpg 1706w\" sizes=\"(max-width: 682px) 100vw, 682px\" \/>\t\t\t\t\t\t\t\t\t\t\t\t\t\t\t<\/div>\n\t\t\t\t<\/div>\n\t\t\t\t\t<\/div>\n\t\t<\/div>\n\t\t\t\t<div class=\"elementor-column elementor-col-50 elementor-top-column elementor-element elementor-element-604be6ec\" data-id=\"604be6ec\" data-element_type=\"column\">\n\t\t\t<div class=\"elementor-widget-wrap elementor-element-populated\">\n\t\t\t\t\t\t<div class=\"elementor-element elementor-element-63ae3c elementor-widget elementor-widget-text-editor\" data-id=\"63ae3c\" data-element_type=\"widget\" data-widget_type=\"text-editor.default\">\n\t\t\t\t<div class=\"elementor-widget-container\">\n\t\t\t\t\t\t\t\t\t<p>VARIETATS DE RA\u00cfM<\/p>\t\t\t\t\t\t\t\t<\/div>\n\t\t\t\t<\/div>\n\t\t\t\t<div class=\"elementor-element elementor-element-ca6d815 elementor-widget elementor-widget-text-editor\" data-id=\"ca6d815\" data-element_type=\"widget\" data-widget_type=\"text-editor.default\">\n\t\t\t\t<div class=\"elementor-widget-container\">\n\t\t\t\t\t\t\t\t\t<p>Bobal<\/p>\t\t\t\t\t\t\t\t<\/div>\n\t\t\t\t<\/div>\n\t\t\t\t<div class=\"elementor-element elementor-element-e07496f elementor-widget elementor-widget-text-editor\" data-id=\"e07496f\" data-element_type=\"widget\" data-widget_type=\"text-editor.default\">\n\t\t\t\t<div class=\"elementor-widget-container\">\n\t\t\t\t\t\t\t\t\t<p>CRIAN\u00c7A<\/p>\t\t\t\t\t\t\t\t<\/div>\n\t\t\t\t<\/div>\n\t\t\t\t<div class=\"elementor-element elementor-element-52ea6b62 elementor-widget elementor-widget-text-editor\" data-id=\"52ea6b62\" data-element_type=\"widget\" data-widget_type=\"text-editor.default\">\n\t\t\t\t<div class=\"elementor-widget-container\">\n\t\t\t\t\t\t\t\t\t<p>6 mesos<\/p>\t\t\t\t\t\t\t\t<\/div>\n\t\t\t\t<\/div>\n\t\t\t\t<div class=\"elementor-element elementor-element-255f90af elementor-widget elementor-widget-text-editor\" data-id=\"255f90af\" data-element_type=\"widget\" data-widget_type=\"text-editor.default\">\n\t\t\t\t<div class=\"elementor-widget-container\">\n\t\t\t\t\t\t\t\t\t<p>DENOMINACI\u00d3 D'ORIGEN<\/p>\t\t\t\t\t\t\t\t<\/div>\n\t\t\t\t<\/div>\n\t\t\t\t<div class=\"elementor-element elementor-element-2c3a230 elementor-widget elementor-widget-image\" data-id=\"2c3a230\" data-element_type=\"widget\" data-widget_type=\"image.default\">\n\t\t\t\t<div class=\"elementor-widget-container\">\n\t\t\t\t\t\t\t\t\t\t\t\t\t\t\t<img decoding=\"async\" width=\"750\" height=\"750\" src=\"https:\/\/www.aribau.es\/wp-content\/uploads\/2021\/05\/do-utiel-requena.jpg\" class=\"attachment-full size-full wp-image-11193\" alt=\"\" srcset=\"https:\/\/www.aribau.es\/wp-content\/uploads\/2021\/05\/do-utiel-requena.jpg 750w, https:\/\/www.aribau.es\/wp-content\/uploads\/2021\/05\/do-utiel-requena-300x300.jpg 300w, https:\/\/www.aribau.es\/wp-content\/uploads\/2021\/05\/do-utiel-requena-150x150.jpg 150w\" sizes=\"(max-width: 750px) 100vw, 750px\" \/>\t\t\t\t\t\t\t\t\t\t\t\t\t\t\t<\/div>\n\t\t\t\t<\/div>\n\t\t\t\t<div class=\"elementor-element elementor-element-67abd5cc elementor-widget elementor-widget-text-editor\" data-id=\"67abd5cc\" data-element_type=\"widget\" data-widget_type=\"text-editor.default\">\n\t\t\t\t<div class=\"elementor-widget-container\">\n\t\t\t\t\t\t\t\t\t<p>DESCRIPCI\u00d3<\/p>\t\t\t\t\t\t\t\t<\/div>\n\t\t\t\t<\/div>\n\t\t\t\t<div class=\"elementor-element elementor-element-7948e7ac elementor-widget elementor-widget-text-editor\" data-id=\"7948e7ac\" data-element_type=\"widget\" data-widget_type=\"text-editor.default\">\n\t\t\t\t<div class=\"elementor-widget-container\">\n\t\t\t\t\t\t\t\t\t<p>Color vermell picota de capa alta i rivet violaci.<o:p><\/o:p><\/p><p>Nas amb bona fruita vermella i negra com les maduixes, gerds i cassis, molt ben portada per un acompanyament de cremosos i lleugers torrats de la b\u00f3ta, algun toc especiat i una mica de regal\u00e8ssia.<o:p><\/o:p><\/p><p>\n\n\n\n<\/p><p>Pas en boca molt sabor\u00f3s, afruitat, de tanins esf\u00e8rics, bona acidesa i lleugers tocs de vainilla, fum i torrats. Un vi amb arpa dins del seu equilibri.<o:p><\/o:p><\/p>\t\t\t\t\t\t\t\t<\/div>\n\t\t\t\t<\/div>\n\t\t\t\t\t<\/div>\n\t\t<\/div>\n\t\t\t\t\t<\/div>\n\t\t<\/section>\n\t\t\t\t<section class=\"elementor-section elementor-top-section elementor-element elementor-element-8e04710 elementor-section-boxed elementor-section-height-default elementor-section-height-default\" data-id=\"8e04710\" data-element_type=\"section\">\n\t\t\t\t\t\t<div class=\"elementor-container elementor-column-gap-default\">\n\t\t\t\t\t<div class=\"elementor-column elementor-col-100 elementor-top-column elementor-element elementor-element-2466cfd\" data-id=\"2466cfd\" data-element_type=\"column\">\n\t\t\t<div class=\"elementor-widget-wrap elementor-element-populated\">\n\t\t\t\t\t\t<div class=\"elementor-element elementor-element-b71b363 elementor-widget elementor-widget-spacer\" data-id=\"b71b363\" data-element_type=\"widget\" data-widget_type=\"spacer.default\">\n\t\t\t\t<div class=\"elementor-widget-container\">\n\t\t\t\t\t\t\t<div class=\"elementor-spacer\">\n\t\t\t<div class=\"elementor-spacer-inner\"><\/div>\n\t\t<\/div>\n\t\t\t\t\t\t<\/div>\n\t\t\t\t<\/div>\n\t\t\t\t\t<\/div>\n\t\t<\/div>\n\t\t\t\t\t<\/div>\n\t\t<\/section>\n\t\t\t\t<\/div>","protected":false},"excerpt":{"rendered":"<p>pasi\u00f3n de bobal tinto variedades de uva Bobal Crianza 6 meses Denominaci\u00f3n de origen descripci\u00f3n Color rojo picota de capa alta y ribete viol\u00e1ceo. Nariz con buena fruta roja y negra como las fresas, frambuesas y cassis, muy bien llevada por un acompa\u00f1amiento de cremosos y ligeros tostados de la barrica, alg\u00fan toque especiado y &#8230; <a title=\"PASI\u00d3N DE BOBAL NEGRE\" class=\"read-more\" href=\"https:\/\/www.aribau.es\/ca\/bodegas-2\/sierra-norte\/pasion-de-bobal-tinto\/\" aria-label=\"M\u00e9s informaci\u00f3 sobre PASI\u00d3N DE BOBAL TINTO\">Llegiu m\u00e9s<\/a><\/p>","protected":false},"author":3,"featured_media":0,"parent":8205,"menu_order":0,"comment_status":"closed","ping_status":"closed","template":"elementor_header_footer","meta":{"footnotes":""},"class_list":["post-11217","page","type-page","status-publish"],"yoast_head":"<!-- This site is optimized with the Yoast SEO plugin v26.7 - https:\/\/yoast.com\/wordpress\/plugins\/seo\/ -->\n<title>PASI\u00d3N DE BOBAL TINTO - Aribau<\/title>\n<meta name=\"robots\" content=\"index, follow, max-snippet:-1, max-image-preview:large, max-video-preview:-1\" \/>\n<link rel=\"canonical\" href=\"https:\/\/www.aribau.es\/ca\/bodegas-2\/sierra-norte\/pasion-de-bobal-tinto\/\" \/>\n<meta property=\"og:locale\" content=\"ca_ES\" \/>\n<meta property=\"og:type\" content=\"article\" \/>\n<meta property=\"og:title\" content=\"PASI\u00d3N DE BOBAL TINTO - Aribau\" \/>\n<meta property=\"og:description\" content=\"pasi\u00f3n de bobal tinto variedades de uva Bobal Crianza 6 meses Denominaci\u00f3n de origen descripci\u00f3n Color rojo picota de capa alta y ribete viol\u00e1ceo. Nariz con buena fruta roja y negra como las fresas, frambuesas y cassis, muy bien llevada por un acompa\u00f1amiento de cremosos y ligeros tostados de la barrica, alg\u00fan toque especiado y ... Llegiu m\u00e9s\" \/>\n<meta property=\"og:url\" content=\"https:\/\/www.aribau.es\/ca\/bodegas-2\/sierra-norte\/pasion-de-bobal-tinto\/\" \/>\n<meta property=\"og:site_name\" content=\"Aribau\" \/>\n<meta property=\"article:publisher\" content=\"https:\/\/www.facebook.com\/aribau1964\/\" \/>\n<meta property=\"article:modified_time\" content=\"2021-05-08T19:24:14+00:00\" \/>\n<meta property=\"og:image\" content=\"https:\/\/www.aribau.es\/wp-content\/uploads\/2021\/03\/PASION-DE-BOBAL-TINTO-min-1-682x1024.jpg\" \/>\n<meta name=\"twitter:card\" content=\"summary_large_image\" \/>\n<meta name=\"twitter:site\" content=\"@aribau1964\" \/>\n<script type=\"application\/ld+json\" class=\"yoast-schema-graph\">{\"@context\":\"https:\/\/schema.org\",\"@graph\":[{\"@type\":\"WebPage\",\"@id\":\"https:\/\/www.aribau.es\/bodegas-2\/sierra-norte\/pasion-de-bobal-tinto\/\",\"url\":\"https:\/\/www.aribau.es\/bodegas-2\/sierra-norte\/pasion-de-bobal-tinto\/\",\"name\":\"PASI\u00d3N DE BOBAL TINTO - Aribau\",\"isPartOf\":{\"@id\":\"https:\/\/www.aribau.es\/#website\"},\"primaryImageOfPage\":{\"@id\":\"https:\/\/www.aribau.es\/bodegas-2\/sierra-norte\/pasion-de-bobal-tinto\/#primaryimage\"},\"image\":{\"@id\":\"https:\/\/www.aribau.es\/bodegas-2\/sierra-norte\/pasion-de-bobal-tinto\/#primaryimage\"},\"thumbnailUrl\":\"https:\/\/www.aribau.es\/wp-content\/uploads\/2021\/03\/PASION-DE-BOBAL-TINTO-min-1-682x1024.jpg\",\"datePublished\":\"2021-05-08T19:22:12+00:00\",\"dateModified\":\"2021-05-08T19:24:14+00:00\",\"breadcrumb\":{\"@id\":\"https:\/\/www.aribau.es\/bodegas-2\/sierra-norte\/pasion-de-bobal-tinto\/#breadcrumb\"},\"inLanguage\":\"ca\",\"potentialAction\":[{\"@type\":\"ReadAction\",\"target\":[\"https:\/\/www.aribau.es\/bodegas-2\/sierra-norte\/pasion-de-bobal-tinto\/\"]}]},{\"@type\":\"ImageObject\",\"inLanguage\":\"ca\",\"@id\":\"https:\/\/www.aribau.es\/bodegas-2\/sierra-norte\/pasion-de-bobal-tinto\/#primaryimage\",\"url\":\"https:\/\/www.aribau.es\/wp-content\/uploads\/2021\/03\/PASION-DE-BOBAL-TINTO-min-1-682x1024.jpg\",\"contentUrl\":\"https:\/\/www.aribau.es\/wp-content\/uploads\/2021\/03\/PASION-DE-BOBAL-TINTO-min-1-682x1024.jpg\"},{\"@type\":\"BreadcrumbList\",\"@id\":\"https:\/\/www.aribau.es\/bodegas-2\/sierra-norte\/pasion-de-bobal-tinto\/#breadcrumb\",\"itemListElement\":[{\"@type\":\"ListItem\",\"position\":1,\"name\":\"Portada\",\"item\":\"https:\/\/www.aribau.es\/\"},{\"@type\":\"ListItem\",\"position\":2,\"name\":\"BODEGAS\",\"item\":\"https:\/\/www.aribau.es\/bodegas-2\/\"},{\"@type\":\"ListItem\",\"position\":3,\"name\":\"SIERRA NORTE\",\"item\":\"https:\/\/www.aribau.es\/bodegas-2\/sierra-norte\/\"},{\"@type\":\"ListItem\",\"position\":4,\"name\":\"PASI\u00d3N DE BOBAL TINTO\"}]},{\"@type\":\"WebSite\",\"@id\":\"https:\/\/www.aribau.es\/#website\",\"url\":\"https:\/\/www.aribau.es\/\",\"name\":\"Aribau\",\"description\":\"VINOS Y BODEGAS\",\"publisher\":{\"@id\":\"https:\/\/www.aribau.es\/#organization\"},\"potentialAction\":[{\"@type\":\"SearchAction\",\"target\":{\"@type\":\"EntryPoint\",\"urlTemplate\":\"https:\/\/www.aribau.es\/?s={search_term_string}\"},\"query-input\":{\"@type\":\"PropertyValueSpecification\",\"valueRequired\":true,\"valueName\":\"search_term_string\"}}],\"inLanguage\":\"ca\"},{\"@type\":\"Organization\",\"@id\":\"https:\/\/www.aribau.es\/#organization\",\"name\":\"Aribau\",\"url\":\"https:\/\/www.aribau.es\/\",\"logo\":{\"@type\":\"ImageObject\",\"inLanguage\":\"ca\",\"@id\":\"https:\/\/www.aribau.es\/#\/schema\/logo\/image\/\",\"url\":\"https:\/\/www.aribau.es\/wp-content\/uploads\/2022\/03\/logo.png\",\"contentUrl\":\"https:\/\/www.aribau.es\/wp-content\/uploads\/2022\/03\/logo.png\",\"width\":300,\"height\":300,\"caption\":\"Aribau\"},\"image\":{\"@id\":\"https:\/\/www.aribau.es\/#\/schema\/logo\/image\/\"},\"sameAs\":[\"https:\/\/www.facebook.com\/aribau1964\/\",\"https:\/\/x.com\/aribau1964\",\"https:\/\/www.instagram.com\/aribau1964\/\"]}]}<\/script>\n<!-- \/ Yoast SEO plugin. -->","yoast_head_json":{"title":"PASI\u00d3N DE BOBAL TINTO - Aribau","robots":{"index":"index","follow":"follow","max-snippet":"max-snippet:-1","max-image-preview":"max-image-preview:large","max-video-preview":"max-video-preview:-1"},"canonical":"https:\/\/www.aribau.es\/ca\/bodegas-2\/sierra-norte\/pasion-de-bobal-tinto\/","og_locale":"ca_ES","og_type":"article","og_title":"PASI\u00d3N DE BOBAL TINTO - Aribau","og_description":"pasi\u00f3n de bobal tinto variedades de uva Bobal Crianza 6 meses Denominaci\u00f3n de origen descripci\u00f3n Color rojo picota de capa alta y ribete viol\u00e1ceo. Nariz con buena fruta roja y negra como las fresas, frambuesas y cassis, muy bien llevada por un acompa\u00f1amiento de cremosos y ligeros tostados de la barrica, alg\u00fan toque especiado y ... Llegiu m\u00e9s","og_url":"https:\/\/www.aribau.es\/ca\/bodegas-2\/sierra-norte\/pasion-de-bobal-tinto\/","og_site_name":"Aribau","article_publisher":"https:\/\/www.facebook.com\/aribau1964\/","article_modified_time":"2021-05-08T19:24:14+00:00","og_image":[{"url":"https:\/\/www.aribau.es\/wp-content\/uploads\/2021\/03\/PASION-DE-BOBAL-TINTO-min-1-682x1024.jpg","type":"","width":"","height":""}],"twitter_card":"summary_large_image","twitter_site":"@aribau1964","schema":{"@context":"https:\/\/schema.org","@graph":[{"@type":"WebPage","@id":"https:\/\/www.aribau.es\/bodegas-2\/sierra-norte\/pasion-de-bobal-tinto\/","url":"https:\/\/www.aribau.es\/bodegas-2\/sierra-norte\/pasion-de-bobal-tinto\/","name":"PASI\u00d3N DE BOBAL TINTO - Aribau","isPartOf":{"@id":"https:\/\/www.aribau.es\/#website"},"primaryImageOfPage":{"@id":"https:\/\/www.aribau.es\/bodegas-2\/sierra-norte\/pasion-de-bobal-tinto\/#primaryimage"},"image":{"@id":"https:\/\/www.aribau.es\/bodegas-2\/sierra-norte\/pasion-de-bobal-tinto\/#primaryimage"},"thumbnailUrl":"https:\/\/www.aribau.es\/wp-content\/uploads\/2021\/03\/PASION-DE-BOBAL-TINTO-min-1-682x1024.jpg","datePublished":"2021-05-08T19:22:12+00:00","dateModified":"2021-05-08T19:24:14+00:00","breadcrumb":{"@id":"https:\/\/www.aribau.es\/bodegas-2\/sierra-norte\/pasion-de-bobal-tinto\/#breadcrumb"},"inLanguage":"ca","potentialAction":[{"@type":"ReadAction","target":["https:\/\/www.aribau.es\/bodegas-2\/sierra-norte\/pasion-de-bobal-tinto\/"]}]},{"@type":"ImageObject","inLanguage":"ca","@id":"https:\/\/www.aribau.es\/bodegas-2\/sierra-norte\/pasion-de-bobal-tinto\/#primaryimage","url":"https:\/\/www.aribau.es\/wp-content\/uploads\/2021\/03\/PASION-DE-BOBAL-TINTO-min-1-682x1024.jpg","contentUrl":"https:\/\/www.aribau.es\/wp-content\/uploads\/2021\/03\/PASION-DE-BOBAL-TINTO-min-1-682x1024.jpg"},{"@type":"BreadcrumbList","@id":"https:\/\/www.aribau.es\/bodegas-2\/sierra-norte\/pasion-de-bobal-tinto\/#breadcrumb","itemListElement":[{"@type":"ListItem","position":1,"name":"Portada","item":"https:\/\/www.aribau.es\/"},{"@type":"ListItem","position":2,"name":"BODEGAS","item":"https:\/\/www.aribau.es\/bodegas-2\/"},{"@type":"ListItem","position":3,"name":"SIERRA NORTE","item":"https:\/\/www.aribau.es\/bodegas-2\/sierra-norte\/"},{"@type":"ListItem","position":4,"name":"PASI\u00d3N DE BOBAL TINTO"}]},{"@type":"WebSite","@id":"https:\/\/www.aribau.es\/#website","url":"https:\/\/www.aribau.es\/","name":"Aribau","description":"VINOS Y BODEGAS","publisher":{"@id":"https:\/\/www.aribau.es\/#organization"},"potentialAction":[{"@type":"SearchAction","target":{"@type":"EntryPoint","urlTemplate":"https:\/\/www.aribau.es\/?s={search_term_string}"},"query-input":{"@type":"PropertyValueSpecification","valueRequired":true,"valueName":"search_term_string"}}],"inLanguage":"ca"},{"@type":"Organization","@id":"https:\/\/www.aribau.es\/#organization","name":"Aribau","url":"https:\/\/www.aribau.es\/","logo":{"@type":"ImageObject","inLanguage":"ca","@id":"https:\/\/www.aribau.es\/#\/schema\/logo\/image\/","url":"https:\/\/www.aribau.es\/wp-content\/uploads\/2022\/03\/logo.png","contentUrl":"https:\/\/www.aribau.es\/wp-content\/uploads\/2022\/03\/logo.png","width":300,"height":300,"caption":"Aribau"},"image":{"@id":"https:\/\/www.aribau.es\/#\/schema\/logo\/image\/"},"sameAs":["https:\/\/www.facebook.com\/aribau1964\/","https:\/\/x.com\/aribau1964","https:\/\/www.instagram.com\/aribau1964\/"]}]}},"_links":{"self":[{"href":"https:\/\/www.aribau.es\/ca\/wp-json\/wp\/v2\/pages\/11217","targetHints":{"allow":["GET"]}}],"collection":[{"href":"https:\/\/www.aribau.es\/ca\/wp-json\/wp\/v2\/pages"}],"about":[{"href":"https:\/\/www.aribau.es\/ca\/wp-json\/wp\/v2\/types\/page"}],"author":[{"embeddable":true,"href":"https:\/\/www.aribau.es\/ca\/wp-json\/wp\/v2\/users\/3"}],"replies":[{"embeddable":true,"href":"https:\/\/www.aribau.es\/ca\/wp-json\/wp\/v2\/comments?post=11217"}],"version-history":[{"count":4,"href":"https:\/\/www.aribau.es\/ca\/wp-json\/wp\/v2\/pages\/11217\/revisions"}],"predecessor-version":[{"id":11221,"href":"https:\/\/www.aribau.es\/ca\/wp-json\/wp\/v2\/pages\/11217\/revisions\/11221"}],"up":[{"embeddable":true,"href":"https:\/\/www.aribau.es\/ca\/wp-json\/wp\/v2\/pages\/8205"}],"wp:attachment":[{"href":"https:\/\/www.aribau.es\/ca\/wp-json\/wp\/v2\/media?parent=11217"}],"curies":[{"name":"wp","href":"https:\/\/api.w.org\/{rel}","templated":true}]}}