{"id":11332,"date":"2021-05-09T15:10:09","date_gmt":"2021-05-09T14:10:09","guid":{"rendered":"https:\/\/www.aribau.es\/?page_id=11332"},"modified":"2021-05-09T15:12:31","modified_gmt":"2021-05-09T14:12:31","slug":"codorniu-extra","status":"publish","type":"page","link":"https:\/\/www.aribau.es\/ca\/bodegas-2\/codorniu\/codorniu-extra\/","title":{"rendered":"CODORN\u00cdU EXTRA"},"content":{"rendered":"<div data-elementor-type=\"wp-page\" data-elementor-id=\"11332\" class=\"elementor elementor-11332\">\n\t\t\t\t\t\t<section class=\"elementor-section elementor-top-section elementor-element elementor-element-4d943204 elementor-section-boxed elementor-section-height-default elementor-section-height-default elementor-invisible\" data-id=\"4d943204\" data-element_type=\"section\" data-settings=\"{&quot;animation&quot;:&quot;fadeInUp&quot;}\">\n\t\t\t\t\t\t<div class=\"elementor-container elementor-column-gap-default\">\n\t\t\t\t\t<div class=\"elementor-column elementor-col-100 elementor-top-column elementor-element elementor-element-718dde85\" data-id=\"718dde85\" data-element_type=\"column\">\n\t\t\t<div class=\"elementor-widget-wrap elementor-element-populated\">\n\t\t\t\t\t\t<div class=\"elementor-element elementor-element-6ba068c9 elementor-widget elementor-widget-text-editor\" data-id=\"6ba068c9\" data-element_type=\"widget\" data-widget_type=\"text-editor.default\">\n\t\t\t\t<div class=\"elementor-widget-container\">\n\t\t\t\t\t\t\t\t\t<p>CODORN\u00cdU EXTRA<\/p>\t\t\t\t\t\t\t\t<\/div>\n\t\t\t\t<\/div>\n\t\t\t\t\t<\/div>\n\t\t<\/div>\n\t\t\t\t\t<\/div>\n\t\t<\/section>\n\t\t\t\t<section class=\"elementor-section elementor-top-section elementor-element elementor-element-7a750ba2 elementor-section-boxed elementor-section-height-default elementor-section-height-default elementor-invisible\" data-id=\"7a750ba2\" data-element_type=\"section\" data-settings=\"{&quot;animation&quot;:&quot;fadeInUp&quot;}\">\n\t\t\t\t\t\t<div class=\"elementor-container elementor-column-gap-default\">\n\t\t\t\t\t<div class=\"elementor-column elementor-col-50 elementor-top-column elementor-element elementor-element-51c6a3c3\" data-id=\"51c6a3c3\" data-element_type=\"column\">\n\t\t\t<div class=\"elementor-widget-wrap elementor-element-populated\">\n\t\t\t\t\t\t<div class=\"elementor-element elementor-element-6420609 elementor-widget elementor-widget-image\" data-id=\"6420609\" data-element_type=\"widget\" data-widget_type=\"image.default\">\n\t\t\t\t<div class=\"elementor-widget-container\">\n\t\t\t\t\t\t\t\t\t\t\t\t\t\t\t<img fetchpriority=\"high\" decoding=\"async\" width=\"825\" height=\"839\" src=\"https:\/\/www.aribau.es\/wp-content\/uploads\/2021\/03\/CODORNIU-EXTRA.png\" class=\"elementor-animation-grow attachment-large size-large wp-image-7758\" alt=\"\" srcset=\"https:\/\/www.aribau.es\/wp-content\/uploads\/2021\/03\/CODORNIU-EXTRA.png 900w, https:\/\/www.aribau.es\/wp-content\/uploads\/2021\/03\/CODORNIU-EXTRA-295x300.png 295w, https:\/\/www.aribau.es\/wp-content\/uploads\/2021\/03\/CODORNIU-EXTRA-768x781.png 768w\" sizes=\"(max-width: 825px) 100vw, 825px\" \/>\t\t\t\t\t\t\t\t\t\t\t\t\t\t\t<\/div>\n\t\t\t\t<\/div>\n\t\t\t\t\t<\/div>\n\t\t<\/div>\n\t\t\t\t<div class=\"elementor-column elementor-col-50 elementor-top-column elementor-element elementor-element-aad8c3a\" data-id=\"aad8c3a\" data-element_type=\"column\">\n\t\t\t<div class=\"elementor-widget-wrap elementor-element-populated\">\n\t\t\t\t\t\t<div class=\"elementor-element elementor-element-2f653e58 elementor-widget elementor-widget-text-editor\" data-id=\"2f653e58\" data-element_type=\"widget\" data-widget_type=\"text-editor.default\">\n\t\t\t\t<div class=\"elementor-widget-container\">\n\t\t\t\t\t\t\t\t\t<p>VARIETATS DE RA\u00cfM<\/p>\t\t\t\t\t\t\t\t<\/div>\n\t\t\t\t<\/div>\n\t\t\t\t<div class=\"elementor-element elementor-element-1e9a708b elementor-widget elementor-widget-text-editor\" data-id=\"1e9a708b\" data-element_type=\"widget\" data-widget_type=\"text-editor.default\">\n\t\t\t\t<div class=\"elementor-widget-container\">\n\t\t\t\t\t\t\t\t\t<p>Macabeu, xarel\u00b7lo, parellada<\/p>\t\t\t\t\t\t\t\t<\/div>\n\t\t\t\t<\/div>\n\t\t\t\t<div class=\"elementor-element elementor-element-753076bb elementor-widget elementor-widget-text-editor\" data-id=\"753076bb\" data-element_type=\"widget\" data-widget_type=\"text-editor.default\">\n\t\t\t\t<div class=\"elementor-widget-container\">\n\t\t\t\t\t\t\t\t\t<p>CRIAN\u00c7A<\/p>\t\t\t\t\t\t\t\t<\/div>\n\t\t\t\t<\/div>\n\t\t\t\t<div class=\"elementor-element elementor-element-a1b5695 elementor-widget elementor-widget-text-editor\" data-id=\"a1b5695\" data-element_type=\"widget\" data-widget_type=\"text-editor.default\">\n\t\t\t\t<div class=\"elementor-widget-container\">\n\t\t\t\t\t\t\t\t\t<p>Segons gamma<\/p>\t\t\t\t\t\t\t\t<\/div>\n\t\t\t\t<\/div>\n\t\t\t\t<div class=\"elementor-element elementor-element-26a44f02 elementor-widget elementor-widget-text-editor\" data-id=\"26a44f02\" data-element_type=\"widget\" data-widget_type=\"text-editor.default\">\n\t\t\t\t<div class=\"elementor-widget-container\">\n\t\t\t\t\t\t\t\t\t<p>DENOMINACI\u00d3 D'ORIGEN<\/p>\t\t\t\t\t\t\t\t<\/div>\n\t\t\t\t<\/div>\n\t\t\t\t<div class=\"elementor-element elementor-element-7578d37e elementor-widget elementor-widget-image\" data-id=\"7578d37e\" data-element_type=\"widget\" data-widget_type=\"image.default\">\n\t\t\t\t<div class=\"elementor-widget-container\">\n\t\t\t\t\t\t\t\t\t\t\t\t\t\t\t<img decoding=\"async\" width=\"500\" height=\"244\" src=\"https:\/\/www.aribau.es\/wp-content\/uploads\/2021\/03\/DO-CAVA.png\" class=\"attachment-full size-full wp-image-8570\" alt=\"\" srcset=\"https:\/\/www.aribau.es\/wp-content\/uploads\/2021\/03\/DO-CAVA.png 500w, https:\/\/www.aribau.es\/wp-content\/uploads\/2021\/03\/DO-CAVA-300x146.png 300w\" sizes=\"(max-width: 500px) 100vw, 500px\" \/>\t\t\t\t\t\t\t\t\t\t\t\t\t\t\t<\/div>\n\t\t\t\t<\/div>\n\t\t\t\t<div class=\"elementor-element elementor-element-623423d3 elementor-widget elementor-widget-text-editor\" data-id=\"623423d3\" data-element_type=\"widget\" data-widget_type=\"text-editor.default\">\n\t\t\t\t<div class=\"elementor-widget-container\">\n\t\t\t\t\t\t\t\t\t<p>DESCRIPCI\u00d3<\/p>\t\t\t\t\t\t\t\t<\/div>\n\t\t\t\t<\/div>\n\t\t\t\t<div class=\"elementor-element elementor-element-71a8ea6b elementor-widget elementor-widget-text-editor\" data-id=\"71a8ea6b\" data-element_type=\"widget\" data-widget_type=\"text-editor.default\">\n\t\t\t\t<div class=\"elementor-widget-container\">\n\t\t\t\t\t\t\t\t\t<p class=\"MsoNormal\">Color groc palla p\u00e0l\u00b7lid. Bombolla fina, persistent i ben integrada.<o:p><\/o:p><\/p><p class=\"MsoNormal\">Aromes primaris propis de les varietats utilitzades (c\u00edtrics, flor d'ametller, etc.), acompanyats d'un fons de brioix i fruits secs procedents de la crian\u00e7a sobre lies.<o:p><\/o:p><\/p><p>\n\n\n\n<\/p><p class=\"MsoNormal\">Bombolla fina i un equilibrat frescor.<o:p><\/o:p><\/p>\t\t\t\t\t\t\t\t<\/div>\n\t\t\t\t<\/div>\n\t\t\t\t\t<\/div>\n\t\t<\/div>\n\t\t\t\t\t<\/div>\n\t\t<\/section>\n\t\t\t\t<section class=\"elementor-section elementor-top-section elementor-element elementor-element-4170abc elementor-section-boxed elementor-section-height-default elementor-section-height-default\" data-id=\"4170abc\" data-element_type=\"section\">\n\t\t\t\t\t\t<div class=\"elementor-container elementor-column-gap-default\">\n\t\t\t\t\t<div class=\"elementor-column elementor-col-100 elementor-top-column elementor-element elementor-element-65dc35a\" data-id=\"65dc35a\" data-element_type=\"column\">\n\t\t\t<div class=\"elementor-widget-wrap elementor-element-populated\">\n\t\t\t\t\t\t<div class=\"elementor-element elementor-element-cee1abd elementor-widget elementor-widget-spacer\" data-id=\"cee1abd\" data-element_type=\"widget\" data-widget_type=\"spacer.default\">\n\t\t\t\t<div class=\"elementor-widget-container\">\n\t\t\t\t\t\t\t<div class=\"elementor-spacer\">\n\t\t\t<div class=\"elementor-spacer-inner\"><\/div>\n\t\t<\/div>\n\t\t\t\t\t\t<\/div>\n\t\t\t\t<\/div>\n\t\t\t\t\t<\/div>\n\t\t<\/div>\n\t\t\t\t\t<\/div>\n\t\t<\/section>\n\t\t\t\t<\/div>","protected":false},"excerpt":{"rendered":"<p>codorn\u00edu extra variedades de uva Macabeo, Xarel\u00b7lo, Parellada Crianza Seg\u00fan gama Denominaci\u00f3n de origen descripci\u00f3n Color amarillo pajizo p\u00e1lido. Burbuja fina, persistente y bien integrada. Aromas primarios propios de las variedades utilizadas (c\u00edtricos, flor de almendro, etc.), acompa\u00f1ados de un fondo de brioche y frutos secos procedentes de la crianza sobre l\u00edas. Burbuja fina y &#8230; <a title=\"CODORN\u00cdU EXTRA\" class=\"read-more\" href=\"https:\/\/www.aribau.es\/ca\/bodegas-2\/codorniu\/codorniu-extra\/\" aria-label=\"M\u00e9s informaci\u00f3 sobre CODORN\u00cdU EXTRA\">Llegiu m\u00e9s<\/a><\/p>","protected":false},"author":3,"featured_media":0,"parent":8124,"menu_order":0,"comment_status":"closed","ping_status":"closed","template":"elementor_header_footer","meta":{"footnotes":""},"class_list":["post-11332","page","type-page","status-publish"],"yoast_head":"<!-- This site is optimized with the Yoast SEO plugin v26.7 - https:\/\/yoast.com\/wordpress\/plugins\/seo\/ -->\n<title>CODORN\u00cdU EXTRA - Aribau<\/title>\n<meta name=\"robots\" content=\"index, follow, max-snippet:-1, max-image-preview:large, max-video-preview:-1\" \/>\n<link rel=\"canonical\" href=\"https:\/\/www.aribau.es\/ca\/bodegas-2\/codorniu\/codorniu-extra\/\" \/>\n<meta property=\"og:locale\" content=\"ca_ES\" \/>\n<meta property=\"og:type\" content=\"article\" \/>\n<meta property=\"og:title\" content=\"CODORN\u00cdU EXTRA - Aribau\" \/>\n<meta property=\"og:description\" content=\"codorn\u00edu extra variedades de uva Macabeo, Xarel\u00b7lo, Parellada Crianza Seg\u00fan gama Denominaci\u00f3n de origen descripci\u00f3n Color amarillo pajizo p\u00e1lido. Burbuja fina, persistente y bien integrada. Aromas primarios propios de las variedades utilizadas (c\u00edtricos, flor de almendro, etc.), acompa\u00f1ados de un fondo de brioche y frutos secos procedentes de la crianza sobre l\u00edas. Burbuja fina y ... Llegiu m\u00e9s\" \/>\n<meta property=\"og:url\" content=\"https:\/\/www.aribau.es\/ca\/bodegas-2\/codorniu\/codorniu-extra\/\" \/>\n<meta property=\"og:site_name\" content=\"Aribau\" \/>\n<meta property=\"article:publisher\" content=\"https:\/\/www.facebook.com\/aribau1964\/\" \/>\n<meta property=\"article:modified_time\" content=\"2021-05-09T14:12:31+00:00\" \/>\n<meta property=\"og:image\" content=\"https:\/\/www.aribau.es\/wp-content\/uploads\/2021\/03\/CODORNIU-EXTRA.png\" \/>\n<meta name=\"twitter:card\" content=\"summary_large_image\" \/>\n<meta name=\"twitter:site\" content=\"@aribau1964\" \/>\n<script type=\"application\/ld+json\" class=\"yoast-schema-graph\">{\"@context\":\"https:\/\/schema.org\",\"@graph\":[{\"@type\":\"WebPage\",\"@id\":\"https:\/\/www.aribau.es\/bodegas-2\/codorniu\/codorniu-extra\/\",\"url\":\"https:\/\/www.aribau.es\/bodegas-2\/codorniu\/codorniu-extra\/\",\"name\":\"CODORN\u00cdU EXTRA - Aribau\",\"isPartOf\":{\"@id\":\"https:\/\/www.aribau.es\/#website\"},\"primaryImageOfPage\":{\"@id\":\"https:\/\/www.aribau.es\/bodegas-2\/codorniu\/codorniu-extra\/#primaryimage\"},\"image\":{\"@id\":\"https:\/\/www.aribau.es\/bodegas-2\/codorniu\/codorniu-extra\/#primaryimage\"},\"thumbnailUrl\":\"https:\/\/www.aribau.es\/wp-content\/uploads\/2021\/03\/CODORNIU-EXTRA.png\",\"datePublished\":\"2021-05-09T14:10:09+00:00\",\"dateModified\":\"2021-05-09T14:12:31+00:00\",\"breadcrumb\":{\"@id\":\"https:\/\/www.aribau.es\/bodegas-2\/codorniu\/codorniu-extra\/#breadcrumb\"},\"inLanguage\":\"ca\",\"potentialAction\":[{\"@type\":\"ReadAction\",\"target\":[\"https:\/\/www.aribau.es\/bodegas-2\/codorniu\/codorniu-extra\/\"]}]},{\"@type\":\"ImageObject\",\"inLanguage\":\"ca\",\"@id\":\"https:\/\/www.aribau.es\/bodegas-2\/codorniu\/codorniu-extra\/#primaryimage\",\"url\":\"https:\/\/www.aribau.es\/wp-content\/uploads\/2021\/03\/CODORNIU-EXTRA.png\",\"contentUrl\":\"https:\/\/www.aribau.es\/wp-content\/uploads\/2021\/03\/CODORNIU-EXTRA.png\"},{\"@type\":\"BreadcrumbList\",\"@id\":\"https:\/\/www.aribau.es\/bodegas-2\/codorniu\/codorniu-extra\/#breadcrumb\",\"itemListElement\":[{\"@type\":\"ListItem\",\"position\":1,\"name\":\"Portada\",\"item\":\"https:\/\/www.aribau.es\/\"},{\"@type\":\"ListItem\",\"position\":2,\"name\":\"BODEGAS\",\"item\":\"https:\/\/www.aribau.es\/bodegas-2\/\"},{\"@type\":\"ListItem\",\"position\":3,\"name\":\"CODORNIU\",\"item\":\"https:\/\/www.aribau.es\/bodegas-2\/codorniu\/\"},{\"@type\":\"ListItem\",\"position\":4,\"name\":\"CODORN\u00cdU EXTRA\"}]},{\"@type\":\"WebSite\",\"@id\":\"https:\/\/www.aribau.es\/#website\",\"url\":\"https:\/\/www.aribau.es\/\",\"name\":\"Aribau\",\"description\":\"VINOS Y BODEGAS\",\"publisher\":{\"@id\":\"https:\/\/www.aribau.es\/#organization\"},\"potentialAction\":[{\"@type\":\"SearchAction\",\"target\":{\"@type\":\"EntryPoint\",\"urlTemplate\":\"https:\/\/www.aribau.es\/?s={search_term_string}\"},\"query-input\":{\"@type\":\"PropertyValueSpecification\",\"valueRequired\":true,\"valueName\":\"search_term_string\"}}],\"inLanguage\":\"ca\"},{\"@type\":\"Organization\",\"@id\":\"https:\/\/www.aribau.es\/#organization\",\"name\":\"Aribau\",\"url\":\"https:\/\/www.aribau.es\/\",\"logo\":{\"@type\":\"ImageObject\",\"inLanguage\":\"ca\",\"@id\":\"https:\/\/www.aribau.es\/#\/schema\/logo\/image\/\",\"url\":\"https:\/\/www.aribau.es\/wp-content\/uploads\/2022\/03\/logo.png\",\"contentUrl\":\"https:\/\/www.aribau.es\/wp-content\/uploads\/2022\/03\/logo.png\",\"width\":300,\"height\":300,\"caption\":\"Aribau\"},\"image\":{\"@id\":\"https:\/\/www.aribau.es\/#\/schema\/logo\/image\/\"},\"sameAs\":[\"https:\/\/www.facebook.com\/aribau1964\/\",\"https:\/\/x.com\/aribau1964\",\"https:\/\/www.instagram.com\/aribau1964\/\"]}]}<\/script>\n<!-- \/ Yoast SEO plugin. -->","yoast_head_json":{"title":"CODORN\u00cdU EXTRA - Aribau","robots":{"index":"index","follow":"follow","max-snippet":"max-snippet:-1","max-image-preview":"max-image-preview:large","max-video-preview":"max-video-preview:-1"},"canonical":"https:\/\/www.aribau.es\/ca\/bodegas-2\/codorniu\/codorniu-extra\/","og_locale":"ca_ES","og_type":"article","og_title":"CODORN\u00cdU EXTRA - Aribau","og_description":"codorn\u00edu extra variedades de uva Macabeo, Xarel\u00b7lo, Parellada Crianza Seg\u00fan gama Denominaci\u00f3n de origen descripci\u00f3n Color amarillo pajizo p\u00e1lido. Burbuja fina, persistente y bien integrada. Aromas primarios propios de las variedades utilizadas (c\u00edtricos, flor de almendro, etc.), acompa\u00f1ados de un fondo de brioche y frutos secos procedentes de la crianza sobre l\u00edas. Burbuja fina y ... Llegiu m\u00e9s","og_url":"https:\/\/www.aribau.es\/ca\/bodegas-2\/codorniu\/codorniu-extra\/","og_site_name":"Aribau","article_publisher":"https:\/\/www.facebook.com\/aribau1964\/","article_modified_time":"2021-05-09T14:12:31+00:00","og_image":[{"url":"https:\/\/www.aribau.es\/wp-content\/uploads\/2021\/03\/CODORNIU-EXTRA.png","type":"","width":"","height":""}],"twitter_card":"summary_large_image","twitter_site":"@aribau1964","schema":{"@context":"https:\/\/schema.org","@graph":[{"@type":"WebPage","@id":"https:\/\/www.aribau.es\/bodegas-2\/codorniu\/codorniu-extra\/","url":"https:\/\/www.aribau.es\/bodegas-2\/codorniu\/codorniu-extra\/","name":"CODORN\u00cdU EXTRA - Aribau","isPartOf":{"@id":"https:\/\/www.aribau.es\/#website"},"primaryImageOfPage":{"@id":"https:\/\/www.aribau.es\/bodegas-2\/codorniu\/codorniu-extra\/#primaryimage"},"image":{"@id":"https:\/\/www.aribau.es\/bodegas-2\/codorniu\/codorniu-extra\/#primaryimage"},"thumbnailUrl":"https:\/\/www.aribau.es\/wp-content\/uploads\/2021\/03\/CODORNIU-EXTRA.png","datePublished":"2021-05-09T14:10:09+00:00","dateModified":"2021-05-09T14:12:31+00:00","breadcrumb":{"@id":"https:\/\/www.aribau.es\/bodegas-2\/codorniu\/codorniu-extra\/#breadcrumb"},"inLanguage":"ca","potentialAction":[{"@type":"ReadAction","target":["https:\/\/www.aribau.es\/bodegas-2\/codorniu\/codorniu-extra\/"]}]},{"@type":"ImageObject","inLanguage":"ca","@id":"https:\/\/www.aribau.es\/bodegas-2\/codorniu\/codorniu-extra\/#primaryimage","url":"https:\/\/www.aribau.es\/wp-content\/uploads\/2021\/03\/CODORNIU-EXTRA.png","contentUrl":"https:\/\/www.aribau.es\/wp-content\/uploads\/2021\/03\/CODORNIU-EXTRA.png"},{"@type":"BreadcrumbList","@id":"https:\/\/www.aribau.es\/bodegas-2\/codorniu\/codorniu-extra\/#breadcrumb","itemListElement":[{"@type":"ListItem","position":1,"name":"Portada","item":"https:\/\/www.aribau.es\/"},{"@type":"ListItem","position":2,"name":"BODEGAS","item":"https:\/\/www.aribau.es\/bodegas-2\/"},{"@type":"ListItem","position":3,"name":"CODORNIU","item":"https:\/\/www.aribau.es\/bodegas-2\/codorniu\/"},{"@type":"ListItem","position":4,"name":"CODORN\u00cdU EXTRA"}]},{"@type":"WebSite","@id":"https:\/\/www.aribau.es\/#website","url":"https:\/\/www.aribau.es\/","name":"Aribau","description":"VINOS Y BODEGAS","publisher":{"@id":"https:\/\/www.aribau.es\/#organization"},"potentialAction":[{"@type":"SearchAction","target":{"@type":"EntryPoint","urlTemplate":"https:\/\/www.aribau.es\/?s={search_term_string}"},"query-input":{"@type":"PropertyValueSpecification","valueRequired":true,"valueName":"search_term_string"}}],"inLanguage":"ca"},{"@type":"Organization","@id":"https:\/\/www.aribau.es\/#organization","name":"Aribau","url":"https:\/\/www.aribau.es\/","logo":{"@type":"ImageObject","inLanguage":"ca","@id":"https:\/\/www.aribau.es\/#\/schema\/logo\/image\/","url":"https:\/\/www.aribau.es\/wp-content\/uploads\/2022\/03\/logo.png","contentUrl":"https:\/\/www.aribau.es\/wp-content\/uploads\/2022\/03\/logo.png","width":300,"height":300,"caption":"Aribau"},"image":{"@id":"https:\/\/www.aribau.es\/#\/schema\/logo\/image\/"},"sameAs":["https:\/\/www.facebook.com\/aribau1964\/","https:\/\/x.com\/aribau1964","https:\/\/www.instagram.com\/aribau1964\/"]}]}},"_links":{"self":[{"href":"https:\/\/www.aribau.es\/ca\/wp-json\/wp\/v2\/pages\/11332","targetHints":{"allow":["GET"]}}],"collection":[{"href":"https:\/\/www.aribau.es\/ca\/wp-json\/wp\/v2\/pages"}],"about":[{"href":"https:\/\/www.aribau.es\/ca\/wp-json\/wp\/v2\/types\/page"}],"author":[{"embeddable":true,"href":"https:\/\/www.aribau.es\/ca\/wp-json\/wp\/v2\/users\/3"}],"replies":[{"embeddable":true,"href":"https:\/\/www.aribau.es\/ca\/wp-json\/wp\/v2\/comments?post=11332"}],"version-history":[{"count":4,"href":"https:\/\/www.aribau.es\/ca\/wp-json\/wp\/v2\/pages\/11332\/revisions"}],"predecessor-version":[{"id":11336,"href":"https:\/\/www.aribau.es\/ca\/wp-json\/wp\/v2\/pages\/11332\/revisions\/11336"}],"up":[{"embeddable":true,"href":"https:\/\/www.aribau.es\/ca\/wp-json\/wp\/v2\/pages\/8124"}],"wp:attachment":[{"href":"https:\/\/www.aribau.es\/ca\/wp-json\/wp\/v2\/media?parent=11332"}],"curies":[{"name":"wp","href":"https:\/\/api.w.org\/{rel}","templated":true}]}}