{"id":11347,"date":"2021-05-09T15:18:24","date_gmt":"2021-05-09T14:18:24","guid":{"rendered":"https:\/\/www.aribau.es\/?page_id=11347"},"modified":"2021-05-09T15:20:41","modified_gmt":"2021-05-09T14:20:41","slug":"anna-de-codorniu-blanc-de-noirs","status":"publish","type":"page","link":"https:\/\/www.aribau.es\/ca\/bodegas-2\/codorniu\/anna-de-codorniu-blanc-de-noirs\/","title":{"rendered":"ANNA DE CODORN\u00cdU BLANC DE NOIRS"},"content":{"rendered":"<div data-elementor-type=\"wp-page\" data-elementor-id=\"11347\" class=\"elementor elementor-11347\">\n\t\t\t\t\t\t<section class=\"elementor-section elementor-top-section elementor-element elementor-element-be432d elementor-section-boxed elementor-section-height-default elementor-section-height-default elementor-invisible\" data-id=\"be432d\" data-element_type=\"section\" data-settings=\"{&quot;animation&quot;:&quot;fadeInUp&quot;}\">\n\t\t\t\t\t\t<div class=\"elementor-container elementor-column-gap-default\">\n\t\t\t\t\t<div class=\"elementor-column elementor-col-100 elementor-top-column elementor-element elementor-element-1d1a59cc\" data-id=\"1d1a59cc\" data-element_type=\"column\">\n\t\t\t<div class=\"elementor-widget-wrap elementor-element-populated\">\n\t\t\t\t\t\t<div class=\"elementor-element elementor-element-47b21429 elementor-widget elementor-widget-text-editor\" data-id=\"47b21429\" data-element_type=\"widget\" data-widget_type=\"text-editor.default\">\n\t\t\t\t<div class=\"elementor-widget-container\">\n\t\t\t\t\t\t\t\t\t<p>ANNA DE CODORN\u00cdU BLANC DE NOIRS<\/p>\t\t\t\t\t\t\t\t<\/div>\n\t\t\t\t<\/div>\n\t\t\t\t\t<\/div>\n\t\t<\/div>\n\t\t\t\t\t<\/div>\n\t\t<\/section>\n\t\t\t\t<section class=\"elementor-section elementor-top-section elementor-element elementor-element-4eebf908 elementor-section-boxed elementor-section-height-default elementor-section-height-default elementor-invisible\" data-id=\"4eebf908\" data-element_type=\"section\" data-settings=\"{&quot;animation&quot;:&quot;fadeInUp&quot;}\">\n\t\t\t\t\t\t<div class=\"elementor-container elementor-column-gap-default\">\n\t\t\t\t\t<div class=\"elementor-column elementor-col-50 elementor-top-column elementor-element elementor-element-27e5e80\" data-id=\"27e5e80\" data-element_type=\"column\">\n\t\t\t<div class=\"elementor-widget-wrap elementor-element-populated\">\n\t\t\t\t\t\t<div class=\"elementor-element elementor-element-570c0a3e elementor-widget elementor-widget-image\" data-id=\"570c0a3e\" data-element_type=\"widget\" data-widget_type=\"image.default\">\n\t\t\t\t<div class=\"elementor-widget-container\">\n\t\t\t\t\t\t\t\t\t\t\t\t\t\t\t<img fetchpriority=\"high\" decoding=\"async\" width=\"385\" height=\"1024\" src=\"https:\/\/www.aribau.es\/wp-content\/uploads\/2021\/03\/ANNA-DE-CODORNIU-BLANC-DE-NOIRS-1-385x1024.png\" class=\"elementor-animation-grow attachment-large size-large wp-image-7762\" alt=\"\" srcset=\"https:\/\/www.aribau.es\/wp-content\/uploads\/2021\/03\/ANNA-DE-CODORNIU-BLANC-DE-NOIRS-1-385x1024.png 385w, https:\/\/www.aribau.es\/wp-content\/uploads\/2021\/03\/ANNA-DE-CODORNIU-BLANC-DE-NOIRS-1-113x300.png 113w, https:\/\/www.aribau.es\/wp-content\/uploads\/2021\/03\/ANNA-DE-CODORNIU-BLANC-DE-NOIRS-1.png 420w\" sizes=\"(max-width: 385px) 100vw, 385px\" \/>\t\t\t\t\t\t\t\t\t\t\t\t\t\t\t<\/div>\n\t\t\t\t<\/div>\n\t\t\t\t\t<\/div>\n\t\t<\/div>\n\t\t\t\t<div class=\"elementor-column elementor-col-50 elementor-top-column elementor-element elementor-element-7c2b195e\" data-id=\"7c2b195e\" data-element_type=\"column\">\n\t\t\t<div class=\"elementor-widget-wrap elementor-element-populated\">\n\t\t\t\t\t\t<div class=\"elementor-element elementor-element-67cac513 elementor-widget elementor-widget-text-editor\" data-id=\"67cac513\" data-element_type=\"widget\" data-widget_type=\"text-editor.default\">\n\t\t\t\t<div class=\"elementor-widget-container\">\n\t\t\t\t\t\t\t\t\t<p>VARIETATS DE RA\u00cfM<\/p>\t\t\t\t\t\t\t\t<\/div>\n\t\t\t\t<\/div>\n\t\t\t\t<div class=\"elementor-element elementor-element-2b14f463 elementor-widget elementor-widget-text-editor\" data-id=\"2b14f463\" data-element_type=\"widget\" data-widget_type=\"text-editor.default\">\n\t\t\t\t<div class=\"elementor-widget-container\">\n\t\t\t\t\t\t\t\t\t<p>Pinot noir<\/p>\t\t\t\t\t\t\t\t<\/div>\n\t\t\t\t<\/div>\n\t\t\t\t<div class=\"elementor-element elementor-element-fdf2472 elementor-widget elementor-widget-text-editor\" data-id=\"fdf2472\" data-element_type=\"widget\" data-widget_type=\"text-editor.default\">\n\t\t\t\t<div class=\"elementor-widget-container\">\n\t\t\t\t\t\t\t\t\t<p>CRIAN\u00c7A<\/p>\t\t\t\t\t\t\t\t<\/div>\n\t\t\t\t<\/div>\n\t\t\t\t<div class=\"elementor-element elementor-element-6860931 elementor-widget elementor-widget-text-editor\" data-id=\"6860931\" data-element_type=\"widget\" data-widget_type=\"text-editor.default\">\n\t\t\t\t<div class=\"elementor-widget-container\">\n\t\t\t\t\t\t\t\t\t<p>9 mesos<\/p>\t\t\t\t\t\t\t\t<\/div>\n\t\t\t\t<\/div>\n\t\t\t\t<div class=\"elementor-element elementor-element-50e02ddc elementor-widget elementor-widget-text-editor\" data-id=\"50e02ddc\" data-element_type=\"widget\" data-widget_type=\"text-editor.default\">\n\t\t\t\t<div class=\"elementor-widget-container\">\n\t\t\t\t\t\t\t\t\t<p>DENOMINACI\u00d3 D'ORIGEN<\/p>\t\t\t\t\t\t\t\t<\/div>\n\t\t\t\t<\/div>\n\t\t\t\t<div class=\"elementor-element elementor-element-157c5ada elementor-widget elementor-widget-image\" data-id=\"157c5ada\" data-element_type=\"widget\" data-widget_type=\"image.default\">\n\t\t\t\t<div class=\"elementor-widget-container\">\n\t\t\t\t\t\t\t\t\t\t\t\t\t\t\t<img decoding=\"async\" width=\"500\" height=\"244\" src=\"https:\/\/www.aribau.es\/wp-content\/uploads\/2021\/03\/DO-CAVA.png\" class=\"attachment-full size-full wp-image-8570\" alt=\"\" srcset=\"https:\/\/www.aribau.es\/wp-content\/uploads\/2021\/03\/DO-CAVA.png 500w, https:\/\/www.aribau.es\/wp-content\/uploads\/2021\/03\/DO-CAVA-300x146.png 300w\" sizes=\"(max-width: 500px) 100vw, 500px\" \/>\t\t\t\t\t\t\t\t\t\t\t\t\t\t\t<\/div>\n\t\t\t\t<\/div>\n\t\t\t\t<div class=\"elementor-element elementor-element-7dd55249 elementor-widget elementor-widget-text-editor\" data-id=\"7dd55249\" data-element_type=\"widget\" data-widget_type=\"text-editor.default\">\n\t\t\t\t<div class=\"elementor-widget-container\">\n\t\t\t\t\t\t\t\t\t<p>DESCRIPCI\u00d3<\/p>\t\t\t\t\t\t\t\t<\/div>\n\t\t\t\t<\/div>\n\t\t\t\t<div class=\"elementor-element elementor-element-3f54aa05 elementor-widget elementor-widget-text-editor\" data-id=\"3f54aa05\" data-element_type=\"widget\" data-widget_type=\"text-editor.default\">\n\t\t\t\t<div class=\"elementor-widget-container\">\n\t\t\t\t\t\t\t\t\t<p class=\"MsoNormal\">Brillant color groc amb reflexos met\u00e0l\u00b7lics que aporta la varietat Pinot noir. Bombolla fina i persistent que forma un continu rosari. <o:p><\/o:p><\/p><p class=\"MsoNormal\">En nas i en boca es mostra harm\u00f2nic i ple de vida: apareixen aromes molt concentrats a fruites negres, com cassis i mores. <o:p><\/o:p><\/p><p>\n\n\n\n<\/p><p class=\"MsoNormal\">\u00c9s un cava equilibrat, llarg, amb sabors molt expressius i plaents. Un producte diferent, sorprenent i apetit\u00f3s.<o:p><\/o:p><\/p>\t\t\t\t\t\t\t\t<\/div>\n\t\t\t\t<\/div>\n\t\t\t\t\t<\/div>\n\t\t<\/div>\n\t\t\t\t\t<\/div>\n\t\t<\/section>\n\t\t\t\t<section class=\"elementor-section elementor-top-section elementor-element elementor-element-dd7dc11 elementor-section-boxed elementor-section-height-default elementor-section-height-default\" data-id=\"dd7dc11\" data-element_type=\"section\">\n\t\t\t\t\t\t<div class=\"elementor-container elementor-column-gap-default\">\n\t\t\t\t\t<div class=\"elementor-column elementor-col-100 elementor-top-column elementor-element elementor-element-bd5c5c9\" data-id=\"bd5c5c9\" data-element_type=\"column\">\n\t\t\t<div class=\"elementor-widget-wrap elementor-element-populated\">\n\t\t\t\t\t\t<div class=\"elementor-element elementor-element-793e6e3 elementor-widget elementor-widget-spacer\" data-id=\"793e6e3\" data-element_type=\"widget\" data-widget_type=\"spacer.default\">\n\t\t\t\t<div class=\"elementor-widget-container\">\n\t\t\t\t\t\t\t<div class=\"elementor-spacer\">\n\t\t\t<div class=\"elementor-spacer-inner\"><\/div>\n\t\t<\/div>\n\t\t\t\t\t\t<\/div>\n\t\t\t\t<\/div>\n\t\t\t\t\t<\/div>\n\t\t<\/div>\n\t\t\t\t\t<\/div>\n\t\t<\/section>\n\t\t\t\t<\/div>","protected":false},"excerpt":{"rendered":"<p>ANNA DE CODORN\u00cdU BLANC DE NOIRS variedades de uva Pinot noir Crianza 9 meses Denominaci\u00f3n de origen descripci\u00f3n Brillante color amarillo con reflejos met\u00e1licos que aporta la variedad Pinot Noir. Burbuja fina y persistente que forma un continuo rosario. En nariz y en boca se muestra arm\u00f3nico y lleno de vida: aparecen aromas muy concentrados &#8230; <a title=\"ANNA DE CODORN\u00cdU BLANC DE NOIRS\" class=\"read-more\" href=\"https:\/\/www.aribau.es\/ca\/bodegas-2\/codorniu\/anna-de-codorniu-blanc-de-noirs\/\" aria-label=\"M\u00e9s informaci\u00f3 sobre ANNA DE CODORN\u00cdU BLANC DE NOIRS\">Llegiu m\u00e9s<\/a><\/p>","protected":false},"author":3,"featured_media":0,"parent":8124,"menu_order":0,"comment_status":"closed","ping_status":"closed","template":"elementor_header_footer","meta":{"footnotes":""},"class_list":["post-11347","page","type-page","status-publish"],"yoast_head":"<!-- This site is optimized with the Yoast SEO plugin v26.7 - https:\/\/yoast.com\/wordpress\/plugins\/seo\/ -->\n<title>ANNA DE CODORN\u00cdU BLANC DE NOIRS - Aribau<\/title>\n<meta name=\"robots\" content=\"index, follow, max-snippet:-1, max-image-preview:large, max-video-preview:-1\" \/>\n<link rel=\"canonical\" href=\"https:\/\/www.aribau.es\/ca\/bodegas-2\/codorniu\/anna-de-codorniu-blanc-de-noirs\/\" \/>\n<meta property=\"og:locale\" content=\"ca_ES\" \/>\n<meta property=\"og:type\" content=\"article\" \/>\n<meta property=\"og:title\" content=\"ANNA DE CODORN\u00cdU BLANC DE NOIRS - Aribau\" \/>\n<meta property=\"og:description\" content=\"ANNA DE CODORN\u00cdU BLANC DE NOIRS variedades de uva Pinot noir Crianza 9 meses Denominaci\u00f3n de origen descripci\u00f3n Brillante color amarillo con reflejos met\u00e1licos que aporta la variedad Pinot Noir. Burbuja fina y persistente que forma un continuo rosario. En nariz y en boca se muestra arm\u00f3nico y lleno de vida: aparecen aromas muy concentrados ... Llegiu m\u00e9s\" \/>\n<meta property=\"og:url\" content=\"https:\/\/www.aribau.es\/ca\/bodegas-2\/codorniu\/anna-de-codorniu-blanc-de-noirs\/\" \/>\n<meta property=\"og:site_name\" content=\"Aribau\" \/>\n<meta property=\"article:publisher\" content=\"https:\/\/www.facebook.com\/aribau1964\/\" \/>\n<meta property=\"article:modified_time\" content=\"2021-05-09T14:20:41+00:00\" \/>\n<meta property=\"og:image\" content=\"https:\/\/www.aribau.es\/wp-content\/uploads\/2021\/03\/ANNA-DE-CODORNIU-BLANC-DE-NOIRS-1-385x1024.png\" \/>\n<meta name=\"twitter:card\" content=\"summary_large_image\" \/>\n<meta name=\"twitter:site\" content=\"@aribau1964\" \/>\n<script type=\"application\/ld+json\" class=\"yoast-schema-graph\">{\"@context\":\"https:\/\/schema.org\",\"@graph\":[{\"@type\":\"WebPage\",\"@id\":\"https:\/\/www.aribau.es\/bodegas-2\/codorniu\/anna-de-codorniu-blanc-de-noirs\/\",\"url\":\"https:\/\/www.aribau.es\/bodegas-2\/codorniu\/anna-de-codorniu-blanc-de-noirs\/\",\"name\":\"ANNA DE CODORN\u00cdU BLANC DE NOIRS - Aribau\",\"isPartOf\":{\"@id\":\"https:\/\/www.aribau.es\/#website\"},\"primaryImageOfPage\":{\"@id\":\"https:\/\/www.aribau.es\/bodegas-2\/codorniu\/anna-de-codorniu-blanc-de-noirs\/#primaryimage\"},\"image\":{\"@id\":\"https:\/\/www.aribau.es\/bodegas-2\/codorniu\/anna-de-codorniu-blanc-de-noirs\/#primaryimage\"},\"thumbnailUrl\":\"https:\/\/www.aribau.es\/wp-content\/uploads\/2021\/03\/ANNA-DE-CODORNIU-BLANC-DE-NOIRS-1-385x1024.png\",\"datePublished\":\"2021-05-09T14:18:24+00:00\",\"dateModified\":\"2021-05-09T14:20:41+00:00\",\"breadcrumb\":{\"@id\":\"https:\/\/www.aribau.es\/bodegas-2\/codorniu\/anna-de-codorniu-blanc-de-noirs\/#breadcrumb\"},\"inLanguage\":\"ca\",\"potentialAction\":[{\"@type\":\"ReadAction\",\"target\":[\"https:\/\/www.aribau.es\/bodegas-2\/codorniu\/anna-de-codorniu-blanc-de-noirs\/\"]}]},{\"@type\":\"ImageObject\",\"inLanguage\":\"ca\",\"@id\":\"https:\/\/www.aribau.es\/bodegas-2\/codorniu\/anna-de-codorniu-blanc-de-noirs\/#primaryimage\",\"url\":\"https:\/\/www.aribau.es\/wp-content\/uploads\/2021\/03\/ANNA-DE-CODORNIU-BLANC-DE-NOIRS-1-385x1024.png\",\"contentUrl\":\"https:\/\/www.aribau.es\/wp-content\/uploads\/2021\/03\/ANNA-DE-CODORNIU-BLANC-DE-NOIRS-1-385x1024.png\"},{\"@type\":\"BreadcrumbList\",\"@id\":\"https:\/\/www.aribau.es\/bodegas-2\/codorniu\/anna-de-codorniu-blanc-de-noirs\/#breadcrumb\",\"itemListElement\":[{\"@type\":\"ListItem\",\"position\":1,\"name\":\"Portada\",\"item\":\"https:\/\/www.aribau.es\/\"},{\"@type\":\"ListItem\",\"position\":2,\"name\":\"BODEGAS\",\"item\":\"https:\/\/www.aribau.es\/bodegas-2\/\"},{\"@type\":\"ListItem\",\"position\":3,\"name\":\"CODORNIU\",\"item\":\"https:\/\/www.aribau.es\/bodegas-2\/codorniu\/\"},{\"@type\":\"ListItem\",\"position\":4,\"name\":\"ANNA DE CODORN\u00cdU BLANC DE NOIRS\"}]},{\"@type\":\"WebSite\",\"@id\":\"https:\/\/www.aribau.es\/#website\",\"url\":\"https:\/\/www.aribau.es\/\",\"name\":\"Aribau\",\"description\":\"VINOS Y BODEGAS\",\"publisher\":{\"@id\":\"https:\/\/www.aribau.es\/#organization\"},\"potentialAction\":[{\"@type\":\"SearchAction\",\"target\":{\"@type\":\"EntryPoint\",\"urlTemplate\":\"https:\/\/www.aribau.es\/?s={search_term_string}\"},\"query-input\":{\"@type\":\"PropertyValueSpecification\",\"valueRequired\":true,\"valueName\":\"search_term_string\"}}],\"inLanguage\":\"ca\"},{\"@type\":\"Organization\",\"@id\":\"https:\/\/www.aribau.es\/#organization\",\"name\":\"Aribau\",\"url\":\"https:\/\/www.aribau.es\/\",\"logo\":{\"@type\":\"ImageObject\",\"inLanguage\":\"ca\",\"@id\":\"https:\/\/www.aribau.es\/#\/schema\/logo\/image\/\",\"url\":\"https:\/\/www.aribau.es\/wp-content\/uploads\/2022\/03\/logo.png\",\"contentUrl\":\"https:\/\/www.aribau.es\/wp-content\/uploads\/2022\/03\/logo.png\",\"width\":300,\"height\":300,\"caption\":\"Aribau\"},\"image\":{\"@id\":\"https:\/\/www.aribau.es\/#\/schema\/logo\/image\/\"},\"sameAs\":[\"https:\/\/www.facebook.com\/aribau1964\/\",\"https:\/\/x.com\/aribau1964\",\"https:\/\/www.instagram.com\/aribau1964\/\"]}]}<\/script>\n<!-- \/ Yoast SEO plugin. -->","yoast_head_json":{"title":"ANNA DE CODORN\u00cdU BLANC DE NOIRS - Aribau","robots":{"index":"index","follow":"follow","max-snippet":"max-snippet:-1","max-image-preview":"max-image-preview:large","max-video-preview":"max-video-preview:-1"},"canonical":"https:\/\/www.aribau.es\/ca\/bodegas-2\/codorniu\/anna-de-codorniu-blanc-de-noirs\/","og_locale":"ca_ES","og_type":"article","og_title":"ANNA DE CODORN\u00cdU BLANC DE NOIRS - Aribau","og_description":"ANNA DE CODORN\u00cdU BLANC DE NOIRS variedades de uva Pinot noir Crianza 9 meses Denominaci\u00f3n de origen descripci\u00f3n Brillante color amarillo con reflejos met\u00e1licos que aporta la variedad Pinot Noir. Burbuja fina y persistente que forma un continuo rosario. En nariz y en boca se muestra arm\u00f3nico y lleno de vida: aparecen aromas muy concentrados ... Llegiu m\u00e9s","og_url":"https:\/\/www.aribau.es\/ca\/bodegas-2\/codorniu\/anna-de-codorniu-blanc-de-noirs\/","og_site_name":"Aribau","article_publisher":"https:\/\/www.facebook.com\/aribau1964\/","article_modified_time":"2021-05-09T14:20:41+00:00","og_image":[{"url":"https:\/\/www.aribau.es\/wp-content\/uploads\/2021\/03\/ANNA-DE-CODORNIU-BLANC-DE-NOIRS-1-385x1024.png","type":"","width":"","height":""}],"twitter_card":"summary_large_image","twitter_site":"@aribau1964","schema":{"@context":"https:\/\/schema.org","@graph":[{"@type":"WebPage","@id":"https:\/\/www.aribau.es\/bodegas-2\/codorniu\/anna-de-codorniu-blanc-de-noirs\/","url":"https:\/\/www.aribau.es\/bodegas-2\/codorniu\/anna-de-codorniu-blanc-de-noirs\/","name":"ANNA DE CODORN\u00cdU BLANC DE NOIRS - Aribau","isPartOf":{"@id":"https:\/\/www.aribau.es\/#website"},"primaryImageOfPage":{"@id":"https:\/\/www.aribau.es\/bodegas-2\/codorniu\/anna-de-codorniu-blanc-de-noirs\/#primaryimage"},"image":{"@id":"https:\/\/www.aribau.es\/bodegas-2\/codorniu\/anna-de-codorniu-blanc-de-noirs\/#primaryimage"},"thumbnailUrl":"https:\/\/www.aribau.es\/wp-content\/uploads\/2021\/03\/ANNA-DE-CODORNIU-BLANC-DE-NOIRS-1-385x1024.png","datePublished":"2021-05-09T14:18:24+00:00","dateModified":"2021-05-09T14:20:41+00:00","breadcrumb":{"@id":"https:\/\/www.aribau.es\/bodegas-2\/codorniu\/anna-de-codorniu-blanc-de-noirs\/#breadcrumb"},"inLanguage":"ca","potentialAction":[{"@type":"ReadAction","target":["https:\/\/www.aribau.es\/bodegas-2\/codorniu\/anna-de-codorniu-blanc-de-noirs\/"]}]},{"@type":"ImageObject","inLanguage":"ca","@id":"https:\/\/www.aribau.es\/bodegas-2\/codorniu\/anna-de-codorniu-blanc-de-noirs\/#primaryimage","url":"https:\/\/www.aribau.es\/wp-content\/uploads\/2021\/03\/ANNA-DE-CODORNIU-BLANC-DE-NOIRS-1-385x1024.png","contentUrl":"https:\/\/www.aribau.es\/wp-content\/uploads\/2021\/03\/ANNA-DE-CODORNIU-BLANC-DE-NOIRS-1-385x1024.png"},{"@type":"BreadcrumbList","@id":"https:\/\/www.aribau.es\/bodegas-2\/codorniu\/anna-de-codorniu-blanc-de-noirs\/#breadcrumb","itemListElement":[{"@type":"ListItem","position":1,"name":"Portada","item":"https:\/\/www.aribau.es\/"},{"@type":"ListItem","position":2,"name":"BODEGAS","item":"https:\/\/www.aribau.es\/bodegas-2\/"},{"@type":"ListItem","position":3,"name":"CODORNIU","item":"https:\/\/www.aribau.es\/bodegas-2\/codorniu\/"},{"@type":"ListItem","position":4,"name":"ANNA DE CODORN\u00cdU BLANC DE NOIRS"}]},{"@type":"WebSite","@id":"https:\/\/www.aribau.es\/#website","url":"https:\/\/www.aribau.es\/","name":"Aribau","description":"VINOS Y BODEGAS","publisher":{"@id":"https:\/\/www.aribau.es\/#organization"},"potentialAction":[{"@type":"SearchAction","target":{"@type":"EntryPoint","urlTemplate":"https:\/\/www.aribau.es\/?s={search_term_string}"},"query-input":{"@type":"PropertyValueSpecification","valueRequired":true,"valueName":"search_term_string"}}],"inLanguage":"ca"},{"@type":"Organization","@id":"https:\/\/www.aribau.es\/#organization","name":"Aribau","url":"https:\/\/www.aribau.es\/","logo":{"@type":"ImageObject","inLanguage":"ca","@id":"https:\/\/www.aribau.es\/#\/schema\/logo\/image\/","url":"https:\/\/www.aribau.es\/wp-content\/uploads\/2022\/03\/logo.png","contentUrl":"https:\/\/www.aribau.es\/wp-content\/uploads\/2022\/03\/logo.png","width":300,"height":300,"caption":"Aribau"},"image":{"@id":"https:\/\/www.aribau.es\/#\/schema\/logo\/image\/"},"sameAs":["https:\/\/www.facebook.com\/aribau1964\/","https:\/\/x.com\/aribau1964","https:\/\/www.instagram.com\/aribau1964\/"]}]}},"_links":{"self":[{"href":"https:\/\/www.aribau.es\/ca\/wp-json\/wp\/v2\/pages\/11347","targetHints":{"allow":["GET"]}}],"collection":[{"href":"https:\/\/www.aribau.es\/ca\/wp-json\/wp\/v2\/pages"}],"about":[{"href":"https:\/\/www.aribau.es\/ca\/wp-json\/wp\/v2\/types\/page"}],"author":[{"embeddable":true,"href":"https:\/\/www.aribau.es\/ca\/wp-json\/wp\/v2\/users\/3"}],"replies":[{"embeddable":true,"href":"https:\/\/www.aribau.es\/ca\/wp-json\/wp\/v2\/comments?post=11347"}],"version-history":[{"count":4,"href":"https:\/\/www.aribau.es\/ca\/wp-json\/wp\/v2\/pages\/11347\/revisions"}],"predecessor-version":[{"id":11351,"href":"https:\/\/www.aribau.es\/ca\/wp-json\/wp\/v2\/pages\/11347\/revisions\/11351"}],"up":[{"embeddable":true,"href":"https:\/\/www.aribau.es\/ca\/wp-json\/wp\/v2\/pages\/8124"}],"wp:attachment":[{"href":"https:\/\/www.aribau.es\/ca\/wp-json\/wp\/v2\/media?parent=11347"}],"curies":[{"name":"wp","href":"https:\/\/api.w.org\/{rel}","templated":true}]}}