{"id":11432,"date":"2021-05-09T16:01:28","date_gmt":"2021-05-09T15:01:28","guid":{"rendered":"https:\/\/www.aribau.es\/?page_id=11432"},"modified":"2021-05-09T16:03:32","modified_gmt":"2021-05-09T15:03:32","slug":"ars-collecta-457","status":"publish","type":"page","link":"https:\/\/www.aribau.es\/ca\/bodegas-2\/codorniu\/ars-collecta-457\/","title":{"rendered":"ARS COLLECTA 457"},"content":{"rendered":"<div data-elementor-type=\"wp-page\" data-elementor-id=\"11432\" class=\"elementor elementor-11432\">\n\t\t\t\t\t\t<section class=\"elementor-section elementor-top-section elementor-element elementor-element-cc21f0e elementor-section-boxed elementor-section-height-default elementor-section-height-default elementor-invisible\" data-id=\"cc21f0e\" data-element_type=\"section\" data-settings=\"{&quot;animation&quot;:&quot;fadeInUp&quot;}\">\n\t\t\t\t\t\t<div class=\"elementor-container elementor-column-gap-default\">\n\t\t\t\t\t<div class=\"elementor-column elementor-col-100 elementor-top-column elementor-element elementor-element-765e799c\" data-id=\"765e799c\" data-element_type=\"column\">\n\t\t\t<div class=\"elementor-widget-wrap elementor-element-populated\">\n\t\t\t\t\t\t<div class=\"elementor-element elementor-element-72307182 elementor-widget elementor-widget-text-editor\" data-id=\"72307182\" data-element_type=\"widget\" data-widget_type=\"text-editor.default\">\n\t\t\t\t<div class=\"elementor-widget-container\">\n\t\t\t\t\t\t\t\t\t<p>ARS COLLECTA 457<\/p>\t\t\t\t\t\t\t\t<\/div>\n\t\t\t\t<\/div>\n\t\t\t\t\t<\/div>\n\t\t<\/div>\n\t\t\t\t\t<\/div>\n\t\t<\/section>\n\t\t\t\t<section class=\"elementor-section elementor-top-section elementor-element elementor-element-7685b5e2 elementor-section-boxed elementor-section-height-default elementor-section-height-default elementor-invisible\" data-id=\"7685b5e2\" data-element_type=\"section\" data-settings=\"{&quot;animation&quot;:&quot;fadeInUp&quot;}\">\n\t\t\t\t\t\t<div class=\"elementor-container elementor-column-gap-default\">\n\t\t\t\t\t<div class=\"elementor-column elementor-col-50 elementor-top-column elementor-element elementor-element-1a4799f3\" data-id=\"1a4799f3\" data-element_type=\"column\">\n\t\t\t<div class=\"elementor-widget-wrap elementor-element-populated\">\n\t\t\t\t\t\t<div class=\"elementor-element elementor-element-22d87cca elementor-widget elementor-widget-image\" data-id=\"22d87cca\" data-element_type=\"widget\" data-widget_type=\"image.default\">\n\t\t\t\t<div class=\"elementor-widget-container\">\n\t\t\t\t\t\t\t\t\t\t\t\t\t\t\t<img fetchpriority=\"high\" decoding=\"async\" width=\"161\" height=\"512\" src=\"https:\/\/www.aribau.es\/wp-content\/uploads\/2021\/03\/ARS-COLLECTA-457.jpg\" class=\"elementor-animation-grow attachment-large size-large wp-image-7787\" alt=\"\" srcset=\"https:\/\/www.aribau.es\/wp-content\/uploads\/2021\/03\/ARS-COLLECTA-457.jpg 161w, https:\/\/www.aribau.es\/wp-content\/uploads\/2021\/03\/ARS-COLLECTA-457-94x300.jpg 94w\" sizes=\"(max-width: 161px) 100vw, 161px\" \/>\t\t\t\t\t\t\t\t\t\t\t\t\t\t\t<\/div>\n\t\t\t\t<\/div>\n\t\t\t\t\t<\/div>\n\t\t<\/div>\n\t\t\t\t<div class=\"elementor-column elementor-col-50 elementor-top-column elementor-element elementor-element-5d99d265\" data-id=\"5d99d265\" data-element_type=\"column\">\n\t\t\t<div class=\"elementor-widget-wrap elementor-element-populated\">\n\t\t\t\t\t\t<div class=\"elementor-element elementor-element-43c642a0 elementor-widget elementor-widget-text-editor\" data-id=\"43c642a0\" data-element_type=\"widget\" data-widget_type=\"text-editor.default\">\n\t\t\t\t<div class=\"elementor-widget-container\">\n\t\t\t\t\t\t\t\t\t<p>VARIETATS DE RA\u00cfM<\/p>\t\t\t\t\t\t\t\t<\/div>\n\t\t\t\t<\/div>\n\t\t\t\t<div class=\"elementor-element elementor-element-7c67b2cd elementor-widget elementor-widget-text-editor\" data-id=\"7c67b2cd\" data-element_type=\"widget\" data-widget_type=\"text-editor.default\">\n\t\t\t\t<div class=\"elementor-widget-container\">\n\t\t\t\t\t\t\t\t\t<p>Pinot noir, xarel\u00b7lo, chardonnay<\/p>\t\t\t\t\t\t\t\t<\/div>\n\t\t\t\t<\/div>\n\t\t\t\t<div class=\"elementor-element elementor-element-3feac367 elementor-widget elementor-widget-text-editor\" data-id=\"3feac367\" data-element_type=\"widget\" data-widget_type=\"text-editor.default\">\n\t\t\t\t<div class=\"elementor-widget-container\">\n\t\t\t\t\t\t\t\t\t<p>CRIAN\u00c7A<\/p>\t\t\t\t\t\t\t\t<\/div>\n\t\t\t\t<\/div>\n\t\t\t\t<div class=\"elementor-element elementor-element-493e307 elementor-widget elementor-widget-text-editor\" data-id=\"493e307\" data-element_type=\"widget\" data-widget_type=\"text-editor.default\">\n\t\t\t\t<div class=\"elementor-widget-container\">\n\t\t\t\t\t\t\t\t\t<p>90 mesos<\/p>\t\t\t\t\t\t\t\t<\/div>\n\t\t\t\t<\/div>\n\t\t\t\t<div class=\"elementor-element elementor-element-6973e02a elementor-widget elementor-widget-text-editor\" data-id=\"6973e02a\" data-element_type=\"widget\" data-widget_type=\"text-editor.default\">\n\t\t\t\t<div class=\"elementor-widget-container\">\n\t\t\t\t\t\t\t\t\t<p>DENOMINACI\u00d3 D'ORIGEN<\/p>\t\t\t\t\t\t\t\t<\/div>\n\t\t\t\t<\/div>\n\t\t\t\t<div class=\"elementor-element elementor-element-4b7ffc42 elementor-widget elementor-widget-image\" data-id=\"4b7ffc42\" data-element_type=\"widget\" data-widget_type=\"image.default\">\n\t\t\t\t<div class=\"elementor-widget-container\">\n\t\t\t\t\t\t\t\t\t\t\t\t\t\t\t<img decoding=\"async\" width=\"500\" height=\"244\" src=\"https:\/\/www.aribau.es\/wp-content\/uploads\/2021\/03\/DO-CAVA.png\" class=\"attachment-full size-full wp-image-8570\" alt=\"\" srcset=\"https:\/\/www.aribau.es\/wp-content\/uploads\/2021\/03\/DO-CAVA.png 500w, https:\/\/www.aribau.es\/wp-content\/uploads\/2021\/03\/DO-CAVA-300x146.png 300w\" sizes=\"(max-width: 500px) 100vw, 500px\" \/>\t\t\t\t\t\t\t\t\t\t\t\t\t\t\t<\/div>\n\t\t\t\t<\/div>\n\t\t\t\t<div class=\"elementor-element elementor-element-63fa8df elementor-widget elementor-widget-text-editor\" data-id=\"63fa8df\" data-element_type=\"widget\" data-widget_type=\"text-editor.default\">\n\t\t\t\t<div class=\"elementor-widget-container\">\n\t\t\t\t\t\t\t\t\t<p>DESCRIPCI\u00d3<\/p>\t\t\t\t\t\t\t\t<\/div>\n\t\t\t\t<\/div>\n\t\t\t\t<div class=\"elementor-element elementor-element-3b900c34 elementor-widget elementor-widget-text-editor\" data-id=\"3b900c34\" data-element_type=\"widget\" data-widget_type=\"text-editor.default\">\n\t\t\t\t<div class=\"elementor-widget-container\">\n\t\t\t\t\t\t\t\t\t<p class=\"MsoNormal\">No apareixen ni tonalitats palloses ni s\u00edmptomes d'oxidaci\u00f3. En nas notes pr\u00f2pies de l'envelliment, brioix, massa de pa i llevats, per\u00f2 sense oblidar flors blanques, ametller i sa\u00fcc, fruites madures i fresques; una orquestra de sensacions.<o:p><\/o:p><\/p><p>\n\n<\/p><p class=\"MsoNormal\">En boca tacte crem\u00f3s per les bombolles fines, alta densitat pel temps d'envelliment, bona definici\u00f3, equilibri i vitalitat.<o:p><\/o:p><\/p>\t\t\t\t\t\t\t\t<\/div>\n\t\t\t\t<\/div>\n\t\t\t\t\t<\/div>\n\t\t<\/div>\n\t\t\t\t\t<\/div>\n\t\t<\/section>\n\t\t\t\t<section class=\"elementor-section elementor-top-section elementor-element elementor-element-8896096 elementor-section-boxed elementor-section-height-default elementor-section-height-default\" data-id=\"8896096\" data-element_type=\"section\">\n\t\t\t\t\t\t<div class=\"elementor-container elementor-column-gap-default\">\n\t\t\t\t\t<div class=\"elementor-column elementor-col-100 elementor-top-column elementor-element elementor-element-de99a9e\" data-id=\"de99a9e\" data-element_type=\"column\">\n\t\t\t<div class=\"elementor-widget-wrap elementor-element-populated\">\n\t\t\t\t\t\t<div class=\"elementor-element elementor-element-e96aef7 elementor-widget elementor-widget-spacer\" data-id=\"e96aef7\" data-element_type=\"widget\" data-widget_type=\"spacer.default\">\n\t\t\t\t<div class=\"elementor-widget-container\">\n\t\t\t\t\t\t\t<div class=\"elementor-spacer\">\n\t\t\t<div class=\"elementor-spacer-inner\"><\/div>\n\t\t<\/div>\n\t\t\t\t\t\t<\/div>\n\t\t\t\t<\/div>\n\t\t\t\t\t<\/div>\n\t\t<\/div>\n\t\t\t\t\t<\/div>\n\t\t<\/section>\n\t\t\t\t<\/div>","protected":false},"excerpt":{"rendered":"<p>ARS COLLECTA 457 variedades de uva Pinot noir, Xarel\u00b7lo, Chardonnay Crianza 90 meses Denominaci\u00f3n de origen descripci\u00f3n No aparecen ni tonalidades pajizas ni s\u00edntomas de oxidaci\u00f3n. En nariz notas propias del envejecimiento, brioche, masa de pan y levaduras, pero sin olvidar flores blancas, almendro y sa\u00faco, frutas maduras y frescas; una orquesta de sensaciones. En &#8230; <a title=\"ARS COLLECTA 457\" class=\"read-more\" href=\"https:\/\/www.aribau.es\/ca\/bodegas-2\/codorniu\/ars-collecta-457\/\" aria-label=\"M\u00e9s informaci\u00f3 sobre ARS COLLECTA 457\">Llegiu m\u00e9s<\/a><\/p>","protected":false},"author":3,"featured_media":0,"parent":8124,"menu_order":0,"comment_status":"closed","ping_status":"closed","template":"elementor_header_footer","meta":{"footnotes":""},"class_list":["post-11432","page","type-page","status-publish"],"yoast_head":"<!-- This site is optimized with the Yoast SEO plugin v26.7 - https:\/\/yoast.com\/wordpress\/plugins\/seo\/ -->\n<title>ARS COLLECTA 457 - Aribau<\/title>\n<meta name=\"robots\" content=\"index, follow, max-snippet:-1, max-image-preview:large, max-video-preview:-1\" \/>\n<link rel=\"canonical\" href=\"https:\/\/www.aribau.es\/ca\/bodegas-2\/codorniu\/ars-collecta-457\/\" \/>\n<meta property=\"og:locale\" content=\"ca_ES\" \/>\n<meta property=\"og:type\" content=\"article\" \/>\n<meta property=\"og:title\" content=\"ARS COLLECTA 457 - Aribau\" \/>\n<meta property=\"og:description\" content=\"ARS COLLECTA 457 variedades de uva Pinot noir, Xarel\u00b7lo, Chardonnay Crianza 90 meses Denominaci\u00f3n de origen descripci\u00f3n No aparecen ni tonalidades pajizas ni s\u00edntomas de oxidaci\u00f3n. En nariz notas propias del envejecimiento, brioche, masa de pan y levaduras, pero sin olvidar flores blancas, almendro y sa\u00faco, frutas maduras y frescas; una orquesta de sensaciones. En ... Llegiu m\u00e9s\" \/>\n<meta property=\"og:url\" content=\"https:\/\/www.aribau.es\/ca\/bodegas-2\/codorniu\/ars-collecta-457\/\" \/>\n<meta property=\"og:site_name\" content=\"Aribau\" \/>\n<meta property=\"article:publisher\" content=\"https:\/\/www.facebook.com\/aribau1964\/\" \/>\n<meta property=\"article:modified_time\" content=\"2021-05-09T15:03:32+00:00\" \/>\n<meta property=\"og:image\" content=\"https:\/\/www.aribau.es\/wp-content\/uploads\/2021\/03\/ARS-COLLECTA-457.jpg\" \/>\n<meta name=\"twitter:card\" content=\"summary_large_image\" \/>\n<meta name=\"twitter:site\" content=\"@aribau1964\" \/>\n<script type=\"application\/ld+json\" class=\"yoast-schema-graph\">{\"@context\":\"https:\/\/schema.org\",\"@graph\":[{\"@type\":\"WebPage\",\"@id\":\"https:\/\/www.aribau.es\/bodegas-2\/codorniu\/ars-collecta-457\/\",\"url\":\"https:\/\/www.aribau.es\/bodegas-2\/codorniu\/ars-collecta-457\/\",\"name\":\"ARS COLLECTA 457 - Aribau\",\"isPartOf\":{\"@id\":\"https:\/\/www.aribau.es\/#website\"},\"primaryImageOfPage\":{\"@id\":\"https:\/\/www.aribau.es\/bodegas-2\/codorniu\/ars-collecta-457\/#primaryimage\"},\"image\":{\"@id\":\"https:\/\/www.aribau.es\/bodegas-2\/codorniu\/ars-collecta-457\/#primaryimage\"},\"thumbnailUrl\":\"https:\/\/www.aribau.es\/wp-content\/uploads\/2021\/03\/ARS-COLLECTA-457.jpg\",\"datePublished\":\"2021-05-09T15:01:28+00:00\",\"dateModified\":\"2021-05-09T15:03:32+00:00\",\"breadcrumb\":{\"@id\":\"https:\/\/www.aribau.es\/bodegas-2\/codorniu\/ars-collecta-457\/#breadcrumb\"},\"inLanguage\":\"ca\",\"potentialAction\":[{\"@type\":\"ReadAction\",\"target\":[\"https:\/\/www.aribau.es\/bodegas-2\/codorniu\/ars-collecta-457\/\"]}]},{\"@type\":\"ImageObject\",\"inLanguage\":\"ca\",\"@id\":\"https:\/\/www.aribau.es\/bodegas-2\/codorniu\/ars-collecta-457\/#primaryimage\",\"url\":\"https:\/\/www.aribau.es\/wp-content\/uploads\/2021\/03\/ARS-COLLECTA-457.jpg\",\"contentUrl\":\"https:\/\/www.aribau.es\/wp-content\/uploads\/2021\/03\/ARS-COLLECTA-457.jpg\"},{\"@type\":\"BreadcrumbList\",\"@id\":\"https:\/\/www.aribau.es\/bodegas-2\/codorniu\/ars-collecta-457\/#breadcrumb\",\"itemListElement\":[{\"@type\":\"ListItem\",\"position\":1,\"name\":\"Portada\",\"item\":\"https:\/\/www.aribau.es\/\"},{\"@type\":\"ListItem\",\"position\":2,\"name\":\"BODEGAS\",\"item\":\"https:\/\/www.aribau.es\/bodegas-2\/\"},{\"@type\":\"ListItem\",\"position\":3,\"name\":\"CODORNIU\",\"item\":\"https:\/\/www.aribau.es\/bodegas-2\/codorniu\/\"},{\"@type\":\"ListItem\",\"position\":4,\"name\":\"ARS COLLECTA 457\"}]},{\"@type\":\"WebSite\",\"@id\":\"https:\/\/www.aribau.es\/#website\",\"url\":\"https:\/\/www.aribau.es\/\",\"name\":\"Aribau\",\"description\":\"VINOS Y BODEGAS\",\"publisher\":{\"@id\":\"https:\/\/www.aribau.es\/#organization\"},\"potentialAction\":[{\"@type\":\"SearchAction\",\"target\":{\"@type\":\"EntryPoint\",\"urlTemplate\":\"https:\/\/www.aribau.es\/?s={search_term_string}\"},\"query-input\":{\"@type\":\"PropertyValueSpecification\",\"valueRequired\":true,\"valueName\":\"search_term_string\"}}],\"inLanguage\":\"ca\"},{\"@type\":\"Organization\",\"@id\":\"https:\/\/www.aribau.es\/#organization\",\"name\":\"Aribau\",\"url\":\"https:\/\/www.aribau.es\/\",\"logo\":{\"@type\":\"ImageObject\",\"inLanguage\":\"ca\",\"@id\":\"https:\/\/www.aribau.es\/#\/schema\/logo\/image\/\",\"url\":\"https:\/\/www.aribau.es\/wp-content\/uploads\/2022\/03\/logo.png\",\"contentUrl\":\"https:\/\/www.aribau.es\/wp-content\/uploads\/2022\/03\/logo.png\",\"width\":300,\"height\":300,\"caption\":\"Aribau\"},\"image\":{\"@id\":\"https:\/\/www.aribau.es\/#\/schema\/logo\/image\/\"},\"sameAs\":[\"https:\/\/www.facebook.com\/aribau1964\/\",\"https:\/\/x.com\/aribau1964\",\"https:\/\/www.instagram.com\/aribau1964\/\"]}]}<\/script>\n<!-- \/ Yoast SEO plugin. -->","yoast_head_json":{"title":"ARS COLLECTA 457 - Aribau","robots":{"index":"index","follow":"follow","max-snippet":"max-snippet:-1","max-image-preview":"max-image-preview:large","max-video-preview":"max-video-preview:-1"},"canonical":"https:\/\/www.aribau.es\/ca\/bodegas-2\/codorniu\/ars-collecta-457\/","og_locale":"ca_ES","og_type":"article","og_title":"ARS COLLECTA 457 - Aribau","og_description":"ARS COLLECTA 457 variedades de uva Pinot noir, Xarel\u00b7lo, Chardonnay Crianza 90 meses Denominaci\u00f3n de origen descripci\u00f3n No aparecen ni tonalidades pajizas ni s\u00edntomas de oxidaci\u00f3n. En nariz notas propias del envejecimiento, brioche, masa de pan y levaduras, pero sin olvidar flores blancas, almendro y sa\u00faco, frutas maduras y frescas; una orquesta de sensaciones. En ... Llegiu m\u00e9s","og_url":"https:\/\/www.aribau.es\/ca\/bodegas-2\/codorniu\/ars-collecta-457\/","og_site_name":"Aribau","article_publisher":"https:\/\/www.facebook.com\/aribau1964\/","article_modified_time":"2021-05-09T15:03:32+00:00","og_image":[{"url":"https:\/\/www.aribau.es\/wp-content\/uploads\/2021\/03\/ARS-COLLECTA-457.jpg","type":"","width":"","height":""}],"twitter_card":"summary_large_image","twitter_site":"@aribau1964","schema":{"@context":"https:\/\/schema.org","@graph":[{"@type":"WebPage","@id":"https:\/\/www.aribau.es\/bodegas-2\/codorniu\/ars-collecta-457\/","url":"https:\/\/www.aribau.es\/bodegas-2\/codorniu\/ars-collecta-457\/","name":"ARS COLLECTA 457 - Aribau","isPartOf":{"@id":"https:\/\/www.aribau.es\/#website"},"primaryImageOfPage":{"@id":"https:\/\/www.aribau.es\/bodegas-2\/codorniu\/ars-collecta-457\/#primaryimage"},"image":{"@id":"https:\/\/www.aribau.es\/bodegas-2\/codorniu\/ars-collecta-457\/#primaryimage"},"thumbnailUrl":"https:\/\/www.aribau.es\/wp-content\/uploads\/2021\/03\/ARS-COLLECTA-457.jpg","datePublished":"2021-05-09T15:01:28+00:00","dateModified":"2021-05-09T15:03:32+00:00","breadcrumb":{"@id":"https:\/\/www.aribau.es\/bodegas-2\/codorniu\/ars-collecta-457\/#breadcrumb"},"inLanguage":"ca","potentialAction":[{"@type":"ReadAction","target":["https:\/\/www.aribau.es\/bodegas-2\/codorniu\/ars-collecta-457\/"]}]},{"@type":"ImageObject","inLanguage":"ca","@id":"https:\/\/www.aribau.es\/bodegas-2\/codorniu\/ars-collecta-457\/#primaryimage","url":"https:\/\/www.aribau.es\/wp-content\/uploads\/2021\/03\/ARS-COLLECTA-457.jpg","contentUrl":"https:\/\/www.aribau.es\/wp-content\/uploads\/2021\/03\/ARS-COLLECTA-457.jpg"},{"@type":"BreadcrumbList","@id":"https:\/\/www.aribau.es\/bodegas-2\/codorniu\/ars-collecta-457\/#breadcrumb","itemListElement":[{"@type":"ListItem","position":1,"name":"Portada","item":"https:\/\/www.aribau.es\/"},{"@type":"ListItem","position":2,"name":"BODEGAS","item":"https:\/\/www.aribau.es\/bodegas-2\/"},{"@type":"ListItem","position":3,"name":"CODORNIU","item":"https:\/\/www.aribau.es\/bodegas-2\/codorniu\/"},{"@type":"ListItem","position":4,"name":"ARS COLLECTA 457"}]},{"@type":"WebSite","@id":"https:\/\/www.aribau.es\/#website","url":"https:\/\/www.aribau.es\/","name":"Aribau","description":"VINOS Y BODEGAS","publisher":{"@id":"https:\/\/www.aribau.es\/#organization"},"potentialAction":[{"@type":"SearchAction","target":{"@type":"EntryPoint","urlTemplate":"https:\/\/www.aribau.es\/?s={search_term_string}"},"query-input":{"@type":"PropertyValueSpecification","valueRequired":true,"valueName":"search_term_string"}}],"inLanguage":"ca"},{"@type":"Organization","@id":"https:\/\/www.aribau.es\/#organization","name":"Aribau","url":"https:\/\/www.aribau.es\/","logo":{"@type":"ImageObject","inLanguage":"ca","@id":"https:\/\/www.aribau.es\/#\/schema\/logo\/image\/","url":"https:\/\/www.aribau.es\/wp-content\/uploads\/2022\/03\/logo.png","contentUrl":"https:\/\/www.aribau.es\/wp-content\/uploads\/2022\/03\/logo.png","width":300,"height":300,"caption":"Aribau"},"image":{"@id":"https:\/\/www.aribau.es\/#\/schema\/logo\/image\/"},"sameAs":["https:\/\/www.facebook.com\/aribau1964\/","https:\/\/x.com\/aribau1964","https:\/\/www.instagram.com\/aribau1964\/"]}]}},"_links":{"self":[{"href":"https:\/\/www.aribau.es\/ca\/wp-json\/wp\/v2\/pages\/11432","targetHints":{"allow":["GET"]}}],"collection":[{"href":"https:\/\/www.aribau.es\/ca\/wp-json\/wp\/v2\/pages"}],"about":[{"href":"https:\/\/www.aribau.es\/ca\/wp-json\/wp\/v2\/types\/page"}],"author":[{"embeddable":true,"href":"https:\/\/www.aribau.es\/ca\/wp-json\/wp\/v2\/users\/3"}],"replies":[{"embeddable":true,"href":"https:\/\/www.aribau.es\/ca\/wp-json\/wp\/v2\/comments?post=11432"}],"version-history":[{"count":4,"href":"https:\/\/www.aribau.es\/ca\/wp-json\/wp\/v2\/pages\/11432\/revisions"}],"predecessor-version":[{"id":11436,"href":"https:\/\/www.aribau.es\/ca\/wp-json\/wp\/v2\/pages\/11432\/revisions\/11436"}],"up":[{"embeddable":true,"href":"https:\/\/www.aribau.es\/ca\/wp-json\/wp\/v2\/pages\/8124"}],"wp:attachment":[{"href":"https:\/\/www.aribau.es\/ca\/wp-json\/wp\/v2\/media?parent=11432"}],"curies":[{"name":"wp","href":"https:\/\/api.w.org\/{rel}","templated":true}]}}