{"id":11561,"date":"2021-05-09T17:19:00","date_gmt":"2021-05-09T16:19:00","guid":{"rendered":"https:\/\/www.aribau.es\/?page_id=11561"},"modified":"2021-05-09T17:21:47","modified_gmt":"2021-05-09T16:21:47","slug":"perlat-syrah","status":"publish","type":"page","link":"https:\/\/www.aribau.es\/ca\/bodegas-2\/cellers-unio\/perlat-syrah\/","title":{"rendered":"PERLAT SYRAH"},"content":{"rendered":"<div data-elementor-type=\"wp-page\" data-elementor-id=\"11561\" class=\"elementor elementor-11561\">\n\t\t\t\t\t\t<section class=\"elementor-section elementor-top-section elementor-element elementor-element-474e6fa4 elementor-section-boxed elementor-section-height-default elementor-section-height-default elementor-invisible\" data-id=\"474e6fa4\" data-element_type=\"section\" data-settings=\"{&quot;animation&quot;:&quot;fadeInUp&quot;}\">\n\t\t\t\t\t\t<div class=\"elementor-container elementor-column-gap-default\">\n\t\t\t\t\t<div class=\"elementor-column elementor-col-100 elementor-top-column elementor-element elementor-element-2c511bdc\" data-id=\"2c511bdc\" data-element_type=\"column\">\n\t\t\t<div class=\"elementor-widget-wrap elementor-element-populated\">\n\t\t\t\t\t\t<div class=\"elementor-element elementor-element-759f5448 elementor-widget elementor-widget-text-editor\" data-id=\"759f5448\" data-element_type=\"widget\" data-widget_type=\"text-editor.default\">\n\t\t\t\t<div class=\"elementor-widget-container\">\n\t\t\t\t\t\t\t\t\t<p>PERLAT SYRAH<\/p>\t\t\t\t\t\t\t\t<\/div>\n\t\t\t\t<\/div>\n\t\t\t\t\t<\/div>\n\t\t<\/div>\n\t\t\t\t\t<\/div>\n\t\t<\/section>\n\t\t\t\t<section class=\"elementor-section elementor-top-section elementor-element elementor-element-45eb8057 elementor-section-boxed elementor-section-height-default elementor-section-height-default elementor-invisible\" data-id=\"45eb8057\" data-element_type=\"section\" data-settings=\"{&quot;animation&quot;:&quot;fadeInUp&quot;}\">\n\t\t\t\t\t\t<div class=\"elementor-container elementor-column-gap-default\">\n\t\t\t\t\t<div class=\"elementor-column elementor-col-50 elementor-top-column elementor-element elementor-element-18e86613\" data-id=\"18e86613\" data-element_type=\"column\">\n\t\t\t<div class=\"elementor-widget-wrap elementor-element-populated\">\n\t\t\t\t\t\t<div class=\"elementor-element elementor-element-66a714cc elementor-widget elementor-widget-image\" data-id=\"66a714cc\" data-element_type=\"widget\" data-widget_type=\"image.default\">\n\t\t\t\t<div class=\"elementor-widget-container\">\n\t\t\t\t\t\t\t\t\t\t\t\t\t\t\t<img fetchpriority=\"high\" decoding=\"async\" width=\"680\" height=\"1024\" src=\"https:\/\/www.aribau.es\/wp-content\/uploads\/2021\/05\/PERLAT-SYRAH-680x1024.jpg\" class=\"elementor-animation-grow attachment-large size-large wp-image-11534\" alt=\"\" srcset=\"https:\/\/www.aribau.es\/wp-content\/uploads\/2021\/05\/PERLAT-SYRAH-680x1024.jpg 680w, https:\/\/www.aribau.es\/wp-content\/uploads\/2021\/05\/PERLAT-SYRAH-199x300.jpg 199w, https:\/\/www.aribau.es\/wp-content\/uploads\/2021\/05\/PERLAT-SYRAH-768x1157.jpg 768w, https:\/\/www.aribau.es\/wp-content\/uploads\/2021\/05\/PERLAT-SYRAH.jpg 900w\" sizes=\"(max-width: 680px) 100vw, 680px\" \/>\t\t\t\t\t\t\t\t\t\t\t\t\t\t\t<\/div>\n\t\t\t\t<\/div>\n\t\t\t\t\t<\/div>\n\t\t<\/div>\n\t\t\t\t<div class=\"elementor-column elementor-col-50 elementor-top-column elementor-element elementor-element-652f39cc\" data-id=\"652f39cc\" data-element_type=\"column\">\n\t\t\t<div class=\"elementor-widget-wrap elementor-element-populated\">\n\t\t\t\t\t\t<div class=\"elementor-element elementor-element-5c9854f2 elementor-widget elementor-widget-text-editor\" data-id=\"5c9854f2\" data-element_type=\"widget\" data-widget_type=\"text-editor.default\">\n\t\t\t\t<div class=\"elementor-widget-container\">\n\t\t\t\t\t\t\t\t\t<p>VARIETATS DE RA\u00cfM<\/p>\t\t\t\t\t\t\t\t<\/div>\n\t\t\t\t<\/div>\n\t\t\t\t<div class=\"elementor-element elementor-element-7fb16b30 elementor-widget elementor-widget-text-editor\" data-id=\"7fb16b30\" data-element_type=\"widget\" data-widget_type=\"text-editor.default\">\n\t\t\t\t<div class=\"elementor-widget-container\">\n\t\t\t\t\t\t\t\t\t<p>Syrah<\/p>\t\t\t\t\t\t\t\t<\/div>\n\t\t\t\t<\/div>\n\t\t\t\t<div class=\"elementor-element elementor-element-6aeac810 elementor-widget elementor-widget-text-editor\" data-id=\"6aeac810\" data-element_type=\"widget\" data-widget_type=\"text-editor.default\">\n\t\t\t\t<div class=\"elementor-widget-container\">\n\t\t\t\t\t\t\t\t\t<p>CRIAN\u00c7A<\/p>\t\t\t\t\t\t\t\t<\/div>\n\t\t\t\t<\/div>\n\t\t\t\t<div class=\"elementor-element elementor-element-74fd2d69 elementor-widget elementor-widget-text-editor\" data-id=\"74fd2d69\" data-element_type=\"widget\" data-widget_type=\"text-editor.default\">\n\t\t\t\t<div class=\"elementor-widget-container\">\n\t\t\t\t\t\t\t\t\t<p>10 mesos<\/p>\t\t\t\t\t\t\t\t<\/div>\n\t\t\t\t<\/div>\n\t\t\t\t<div class=\"elementor-element elementor-element-34a60faa elementor-widget elementor-widget-text-editor\" data-id=\"34a60faa\" data-element_type=\"widget\" data-widget_type=\"text-editor.default\">\n\t\t\t\t<div class=\"elementor-widget-container\">\n\t\t\t\t\t\t\t\t\t<p>DENOMINACI\u00d3 D'ORIGEN<\/p>\t\t\t\t\t\t\t\t<\/div>\n\t\t\t\t<\/div>\n\t\t\t\t<div class=\"elementor-element elementor-element-5afff6cf elementor-widget elementor-widget-image\" data-id=\"5afff6cf\" data-element_type=\"widget\" data-widget_type=\"image.default\">\n\t\t\t\t<div class=\"elementor-widget-container\">\n\t\t\t\t\t\t\t\t\t\t\t\t\t\t\t<img decoding=\"async\" width=\"638\" height=\"244\" src=\"https:\/\/www.aribau.es\/wp-content\/uploads\/2021\/03\/DO-MONTSANT.jpg\" class=\"attachment-full size-full wp-image-9057\" alt=\"\" srcset=\"https:\/\/www.aribau.es\/wp-content\/uploads\/2021\/03\/DO-MONTSANT.jpg 638w, https:\/\/www.aribau.es\/wp-content\/uploads\/2021\/03\/DO-MONTSANT-300x115.jpg 300w\" sizes=\"(max-width: 638px) 100vw, 638px\" \/>\t\t\t\t\t\t\t\t\t\t\t\t\t\t\t<\/div>\n\t\t\t\t<\/div>\n\t\t\t\t<div class=\"elementor-element elementor-element-6f42964a elementor-widget elementor-widget-text-editor\" data-id=\"6f42964a\" data-element_type=\"widget\" data-widget_type=\"text-editor.default\">\n\t\t\t\t<div class=\"elementor-widget-container\">\n\t\t\t\t\t\t\t\t\t<p>DESCRIPCI\u00d3<\/p>\t\t\t\t\t\t\t\t<\/div>\n\t\t\t\t<\/div>\n\t\t\t\t<div class=\"elementor-element elementor-element-655a1fc1 elementor-widget elementor-widget-text-editor\" data-id=\"655a1fc1\" data-element_type=\"widget\" data-widget_type=\"text-editor.default\">\n\t\t\t\t<div class=\"elementor-widget-container\">\n\t\t\t\t\t\t\t\t\t<p class=\"MsoNormal\">Vi d'intens color rob\u00ed, net i brillant amb reflexos violacis.<o:p><\/o:p><\/p><p class=\"MsoNormal\">En nas expressa una gran complexitat arom\u00e0tica, on destaquen els fruits negres acompanyats de regal\u00e8ssia, notes de caf\u00e8, xocolata i fruits secs.<o:p><\/o:p><\/p><p>\n\n\n\n<\/p><p class=\"MsoNormal\">En boca \u00e9s molt fresc, llaminer i rod\u00f3. Ens omple la boca amb un recorregut sed\u00f3s marcat per sensacions afruitades que li confereixen un postgust llarg i vellutat.&nbsp;<o:p><\/o:p><\/p>\t\t\t\t\t\t\t\t<\/div>\n\t\t\t\t<\/div>\n\t\t\t\t\t<\/div>\n\t\t<\/div>\n\t\t\t\t\t<\/div>\n\t\t<\/section>\n\t\t\t\t<section class=\"elementor-section elementor-top-section elementor-element elementor-element-9ff4ebe elementor-section-boxed elementor-section-height-default elementor-section-height-default\" data-id=\"9ff4ebe\" data-element_type=\"section\">\n\t\t\t\t\t\t<div class=\"elementor-container elementor-column-gap-default\">\n\t\t\t\t\t<div class=\"elementor-column elementor-col-100 elementor-top-column elementor-element elementor-element-cae6970\" data-id=\"cae6970\" data-element_type=\"column\">\n\t\t\t<div class=\"elementor-widget-wrap elementor-element-populated\">\n\t\t\t\t\t\t<div class=\"elementor-element elementor-element-6958767 elementor-widget elementor-widget-spacer\" data-id=\"6958767\" data-element_type=\"widget\" data-widget_type=\"spacer.default\">\n\t\t\t\t<div class=\"elementor-widget-container\">\n\t\t\t\t\t\t\t<div class=\"elementor-spacer\">\n\t\t\t<div class=\"elementor-spacer-inner\"><\/div>\n\t\t<\/div>\n\t\t\t\t\t\t<\/div>\n\t\t\t\t<\/div>\n\t\t\t\t\t<\/div>\n\t\t<\/div>\n\t\t\t\t\t<\/div>\n\t\t<\/section>\n\t\t\t\t<\/div>","protected":false},"excerpt":{"rendered":"<p>perlat syrah variedades de uva Syrah Crianza 10 meses Denominaci\u00f3n de origen descripci\u00f3n Vino de intenso color rub\u00ed, limpio y brillante con reflejos viol\u00e1ceos. En nariz expresa una gran complejidad arom\u00e1tica, donde destacan los frutos negros acompa\u00f1ados de regaliz, notas de caf\u00e9, chocolate y frutos secos. En boca es muy fresco, goloso y redondo. Nos &#8230; <a title=\"PERLAT SYRAH\" class=\"read-more\" href=\"https:\/\/www.aribau.es\/ca\/bodegas-2\/cellers-unio\/perlat-syrah\/\" aria-label=\"M\u00e9s informaci\u00f3 sobre PERLAT SYRAH\">Llegiu m\u00e9s<\/a><\/p>","protected":false},"author":3,"featured_media":0,"parent":11518,"menu_order":0,"comment_status":"closed","ping_status":"closed","template":"elementor_header_footer","meta":{"footnotes":""},"class_list":["post-11561","page","type-page","status-publish"],"yoast_head":"<!-- This site is optimized with the Yoast SEO plugin v26.7 - https:\/\/yoast.com\/wordpress\/plugins\/seo\/ -->\n<title>PERLAT SYRAH - Aribau<\/title>\n<meta name=\"robots\" content=\"index, follow, max-snippet:-1, max-image-preview:large, max-video-preview:-1\" \/>\n<link rel=\"canonical\" href=\"https:\/\/www.aribau.es\/ca\/bodegas-2\/cellers-unio\/perlat-syrah\/\" \/>\n<meta property=\"og:locale\" content=\"ca_ES\" \/>\n<meta property=\"og:type\" content=\"article\" \/>\n<meta property=\"og:title\" content=\"PERLAT SYRAH - Aribau\" \/>\n<meta property=\"og:description\" content=\"perlat syrah variedades de uva Syrah Crianza 10 meses Denominaci\u00f3n de origen descripci\u00f3n Vino de intenso color rub\u00ed, limpio y brillante con reflejos viol\u00e1ceos. En nariz expresa una gran complejidad arom\u00e1tica, donde destacan los frutos negros acompa\u00f1ados de regaliz, notas de caf\u00e9, chocolate y frutos secos. En boca es muy fresco, goloso y redondo. Nos ... Llegiu m\u00e9s\" \/>\n<meta property=\"og:url\" content=\"https:\/\/www.aribau.es\/ca\/bodegas-2\/cellers-unio\/perlat-syrah\/\" \/>\n<meta property=\"og:site_name\" content=\"Aribau\" \/>\n<meta property=\"article:publisher\" content=\"https:\/\/www.facebook.com\/aribau1964\/\" \/>\n<meta property=\"article:modified_time\" content=\"2021-05-09T16:21:47+00:00\" \/>\n<meta property=\"og:image\" content=\"https:\/\/www.aribau.es\/wp-content\/uploads\/2021\/05\/PERLAT-SYRAH-680x1024.jpg\" \/>\n<meta name=\"twitter:card\" content=\"summary_large_image\" \/>\n<meta name=\"twitter:site\" content=\"@aribau1964\" \/>\n<script type=\"application\/ld+json\" class=\"yoast-schema-graph\">{\"@context\":\"https:\/\/schema.org\",\"@graph\":[{\"@type\":\"WebPage\",\"@id\":\"https:\/\/www.aribau.es\/bodegas-2\/cellers-unio\/perlat-syrah\/\",\"url\":\"https:\/\/www.aribau.es\/bodegas-2\/cellers-unio\/perlat-syrah\/\",\"name\":\"PERLAT SYRAH - Aribau\",\"isPartOf\":{\"@id\":\"https:\/\/www.aribau.es\/#website\"},\"primaryImageOfPage\":{\"@id\":\"https:\/\/www.aribau.es\/bodegas-2\/cellers-unio\/perlat-syrah\/#primaryimage\"},\"image\":{\"@id\":\"https:\/\/www.aribau.es\/bodegas-2\/cellers-unio\/perlat-syrah\/#primaryimage\"},\"thumbnailUrl\":\"https:\/\/www.aribau.es\/wp-content\/uploads\/2021\/05\/PERLAT-SYRAH-680x1024.jpg\",\"datePublished\":\"2021-05-09T16:19:00+00:00\",\"dateModified\":\"2021-05-09T16:21:47+00:00\",\"breadcrumb\":{\"@id\":\"https:\/\/www.aribau.es\/bodegas-2\/cellers-unio\/perlat-syrah\/#breadcrumb\"},\"inLanguage\":\"ca\",\"potentialAction\":[{\"@type\":\"ReadAction\",\"target\":[\"https:\/\/www.aribau.es\/bodegas-2\/cellers-unio\/perlat-syrah\/\"]}]},{\"@type\":\"ImageObject\",\"inLanguage\":\"ca\",\"@id\":\"https:\/\/www.aribau.es\/bodegas-2\/cellers-unio\/perlat-syrah\/#primaryimage\",\"url\":\"https:\/\/www.aribau.es\/wp-content\/uploads\/2021\/05\/PERLAT-SYRAH-680x1024.jpg\",\"contentUrl\":\"https:\/\/www.aribau.es\/wp-content\/uploads\/2021\/05\/PERLAT-SYRAH-680x1024.jpg\"},{\"@type\":\"BreadcrumbList\",\"@id\":\"https:\/\/www.aribau.es\/bodegas-2\/cellers-unio\/perlat-syrah\/#breadcrumb\",\"itemListElement\":[{\"@type\":\"ListItem\",\"position\":1,\"name\":\"Portada\",\"item\":\"https:\/\/www.aribau.es\/\"},{\"@type\":\"ListItem\",\"position\":2,\"name\":\"BODEGAS\",\"item\":\"https:\/\/www.aribau.es\/bodegas-2\/\"},{\"@type\":\"ListItem\",\"position\":3,\"name\":\"CELLERS UNI\u00d3\",\"item\":\"https:\/\/www.aribau.es\/bodegas-2\/cellers-unio\/\"},{\"@type\":\"ListItem\",\"position\":4,\"name\":\"PERLAT SYRAH\"}]},{\"@type\":\"WebSite\",\"@id\":\"https:\/\/www.aribau.es\/#website\",\"url\":\"https:\/\/www.aribau.es\/\",\"name\":\"Aribau\",\"description\":\"VINOS Y BODEGAS\",\"publisher\":{\"@id\":\"https:\/\/www.aribau.es\/#organization\"},\"potentialAction\":[{\"@type\":\"SearchAction\",\"target\":{\"@type\":\"EntryPoint\",\"urlTemplate\":\"https:\/\/www.aribau.es\/?s={search_term_string}\"},\"query-input\":{\"@type\":\"PropertyValueSpecification\",\"valueRequired\":true,\"valueName\":\"search_term_string\"}}],\"inLanguage\":\"ca\"},{\"@type\":\"Organization\",\"@id\":\"https:\/\/www.aribau.es\/#organization\",\"name\":\"Aribau\",\"url\":\"https:\/\/www.aribau.es\/\",\"logo\":{\"@type\":\"ImageObject\",\"inLanguage\":\"ca\",\"@id\":\"https:\/\/www.aribau.es\/#\/schema\/logo\/image\/\",\"url\":\"https:\/\/www.aribau.es\/wp-content\/uploads\/2022\/03\/logo.png\",\"contentUrl\":\"https:\/\/www.aribau.es\/wp-content\/uploads\/2022\/03\/logo.png\",\"width\":300,\"height\":300,\"caption\":\"Aribau\"},\"image\":{\"@id\":\"https:\/\/www.aribau.es\/#\/schema\/logo\/image\/\"},\"sameAs\":[\"https:\/\/www.facebook.com\/aribau1964\/\",\"https:\/\/x.com\/aribau1964\",\"https:\/\/www.instagram.com\/aribau1964\/\"]}]}<\/script>\n<!-- \/ Yoast SEO plugin. -->","yoast_head_json":{"title":"PERLAT SYRAH - Aribau","robots":{"index":"index","follow":"follow","max-snippet":"max-snippet:-1","max-image-preview":"max-image-preview:large","max-video-preview":"max-video-preview:-1"},"canonical":"https:\/\/www.aribau.es\/ca\/bodegas-2\/cellers-unio\/perlat-syrah\/","og_locale":"ca_ES","og_type":"article","og_title":"PERLAT SYRAH - Aribau","og_description":"perlat syrah variedades de uva Syrah Crianza 10 meses Denominaci\u00f3n de origen descripci\u00f3n Vino de intenso color rub\u00ed, limpio y brillante con reflejos viol\u00e1ceos. En nariz expresa una gran complejidad arom\u00e1tica, donde destacan los frutos negros acompa\u00f1ados de regaliz, notas de caf\u00e9, chocolate y frutos secos. En boca es muy fresco, goloso y redondo. Nos ... Llegiu m\u00e9s","og_url":"https:\/\/www.aribau.es\/ca\/bodegas-2\/cellers-unio\/perlat-syrah\/","og_site_name":"Aribau","article_publisher":"https:\/\/www.facebook.com\/aribau1964\/","article_modified_time":"2021-05-09T16:21:47+00:00","og_image":[{"url":"https:\/\/www.aribau.es\/wp-content\/uploads\/2021\/05\/PERLAT-SYRAH-680x1024.jpg","type":"","width":"","height":""}],"twitter_card":"summary_large_image","twitter_site":"@aribau1964","schema":{"@context":"https:\/\/schema.org","@graph":[{"@type":"WebPage","@id":"https:\/\/www.aribau.es\/bodegas-2\/cellers-unio\/perlat-syrah\/","url":"https:\/\/www.aribau.es\/bodegas-2\/cellers-unio\/perlat-syrah\/","name":"PERLAT SYRAH - Aribau","isPartOf":{"@id":"https:\/\/www.aribau.es\/#website"},"primaryImageOfPage":{"@id":"https:\/\/www.aribau.es\/bodegas-2\/cellers-unio\/perlat-syrah\/#primaryimage"},"image":{"@id":"https:\/\/www.aribau.es\/bodegas-2\/cellers-unio\/perlat-syrah\/#primaryimage"},"thumbnailUrl":"https:\/\/www.aribau.es\/wp-content\/uploads\/2021\/05\/PERLAT-SYRAH-680x1024.jpg","datePublished":"2021-05-09T16:19:00+00:00","dateModified":"2021-05-09T16:21:47+00:00","breadcrumb":{"@id":"https:\/\/www.aribau.es\/bodegas-2\/cellers-unio\/perlat-syrah\/#breadcrumb"},"inLanguage":"ca","potentialAction":[{"@type":"ReadAction","target":["https:\/\/www.aribau.es\/bodegas-2\/cellers-unio\/perlat-syrah\/"]}]},{"@type":"ImageObject","inLanguage":"ca","@id":"https:\/\/www.aribau.es\/bodegas-2\/cellers-unio\/perlat-syrah\/#primaryimage","url":"https:\/\/www.aribau.es\/wp-content\/uploads\/2021\/05\/PERLAT-SYRAH-680x1024.jpg","contentUrl":"https:\/\/www.aribau.es\/wp-content\/uploads\/2021\/05\/PERLAT-SYRAH-680x1024.jpg"},{"@type":"BreadcrumbList","@id":"https:\/\/www.aribau.es\/bodegas-2\/cellers-unio\/perlat-syrah\/#breadcrumb","itemListElement":[{"@type":"ListItem","position":1,"name":"Portada","item":"https:\/\/www.aribau.es\/"},{"@type":"ListItem","position":2,"name":"BODEGAS","item":"https:\/\/www.aribau.es\/bodegas-2\/"},{"@type":"ListItem","position":3,"name":"CELLERS UNI\u00d3","item":"https:\/\/www.aribau.es\/bodegas-2\/cellers-unio\/"},{"@type":"ListItem","position":4,"name":"PERLAT SYRAH"}]},{"@type":"WebSite","@id":"https:\/\/www.aribau.es\/#website","url":"https:\/\/www.aribau.es\/","name":"Aribau","description":"VINOS Y BODEGAS","publisher":{"@id":"https:\/\/www.aribau.es\/#organization"},"potentialAction":[{"@type":"SearchAction","target":{"@type":"EntryPoint","urlTemplate":"https:\/\/www.aribau.es\/?s={search_term_string}"},"query-input":{"@type":"PropertyValueSpecification","valueRequired":true,"valueName":"search_term_string"}}],"inLanguage":"ca"},{"@type":"Organization","@id":"https:\/\/www.aribau.es\/#organization","name":"Aribau","url":"https:\/\/www.aribau.es\/","logo":{"@type":"ImageObject","inLanguage":"ca","@id":"https:\/\/www.aribau.es\/#\/schema\/logo\/image\/","url":"https:\/\/www.aribau.es\/wp-content\/uploads\/2022\/03\/logo.png","contentUrl":"https:\/\/www.aribau.es\/wp-content\/uploads\/2022\/03\/logo.png","width":300,"height":300,"caption":"Aribau"},"image":{"@id":"https:\/\/www.aribau.es\/#\/schema\/logo\/image\/"},"sameAs":["https:\/\/www.facebook.com\/aribau1964\/","https:\/\/x.com\/aribau1964","https:\/\/www.instagram.com\/aribau1964\/"]}]}},"_links":{"self":[{"href":"https:\/\/www.aribau.es\/ca\/wp-json\/wp\/v2\/pages\/11561","targetHints":{"allow":["GET"]}}],"collection":[{"href":"https:\/\/www.aribau.es\/ca\/wp-json\/wp\/v2\/pages"}],"about":[{"href":"https:\/\/www.aribau.es\/ca\/wp-json\/wp\/v2\/types\/page"}],"author":[{"embeddable":true,"href":"https:\/\/www.aribau.es\/ca\/wp-json\/wp\/v2\/users\/3"}],"replies":[{"embeddable":true,"href":"https:\/\/www.aribau.es\/ca\/wp-json\/wp\/v2\/comments?post=11561"}],"version-history":[{"count":4,"href":"https:\/\/www.aribau.es\/ca\/wp-json\/wp\/v2\/pages\/11561\/revisions"}],"predecessor-version":[{"id":11566,"href":"https:\/\/www.aribau.es\/ca\/wp-json\/wp\/v2\/pages\/11561\/revisions\/11566"}],"up":[{"embeddable":true,"href":"https:\/\/www.aribau.es\/ca\/wp-json\/wp\/v2\/pages\/11518"}],"wp:attachment":[{"href":"https:\/\/www.aribau.es\/ca\/wp-json\/wp\/v2\/media?parent=11561"}],"curies":[{"name":"wp","href":"https:\/\/api.w.org\/{rel}","templated":true}]}}