{"id":11989,"date":"2021-09-23T10:16:30","date_gmt":"2021-09-23T09:16:30","guid":{"rendered":"https:\/\/www.aribau.es\/?page_id=11989"},"modified":"2021-09-27T08:15:00","modified_gmt":"2021-09-27T07:15:00","slug":"solidaridad-social","status":"publish","type":"page","link":"https:\/\/www.aribau.es\/ca\/solidaridad-social\/","title":{"rendered":"SOLIDARITAT SOCIAL"},"content":{"rendered":"<div data-elementor-type=\"wp-page\" data-elementor-id=\"11989\" class=\"elementor elementor-11989\">\n\t\t\t\t\t\t<section class=\"elementor-section elementor-top-section elementor-element elementor-element-287e161 elementor-section-boxed elementor-section-height-default elementor-section-height-default\" data-id=\"287e161\" data-element_type=\"section\">\n\t\t\t\t\t\t<div class=\"elementor-container elementor-column-gap-default\">\n\t\t\t\t\t<div class=\"elementor-column elementor-col-100 elementor-top-column elementor-element elementor-element-1c32a3c7\" data-id=\"1c32a3c7\" data-element_type=\"column\">\n\t\t\t<div class=\"elementor-widget-wrap elementor-element-populated\">\n\t\t\t\t\t\t<div class=\"elementor-element elementor-element-3e40f40e elementor-widget elementor-widget-heading\" data-id=\"3e40f40e\" data-element_type=\"widget\" data-widget_type=\"heading.default\">\n\t\t\t\t<div class=\"elementor-widget-container\">\n\t\t\t\t\t<h3 class=\"elementor-heading-title elementor-size-default\">LA NOSTRA FILOSOFIA<\/h3>\t\t\t\t<\/div>\n\t\t\t\t<\/div>\n\t\t\t\t<div class=\"elementor-element elementor-element-4e68d648 elementor-widget elementor-widget-heading\" data-id=\"4e68d648\" data-element_type=\"widget\" data-widget_type=\"heading.default\">\n\t\t\t\t<div class=\"elementor-widget-container\">\n\t\t\t\t\t<h3 class=\"elementor-heading-title elementor-size-default\">SOLIDARITAT SOCIAL<\/h3>\t\t\t\t<\/div>\n\t\t\t\t<\/div>\n\t\t\t\t<section class=\"elementor-section elementor-inner-section elementor-element elementor-element-75a54e65 elementor-section-boxed elementor-section-height-default elementor-section-height-default\" data-id=\"75a54e65\" data-element_type=\"section\">\n\t\t\t\t\t\t<div class=\"elementor-container elementor-column-gap-default\">\n\t\t\t\t\t<div class=\"elementor-column elementor-col-33 elementor-inner-column elementor-element elementor-element-14b12786\" data-id=\"14b12786\" data-element_type=\"column\">\n\t\t\t<div class=\"elementor-widget-wrap elementor-element-populated\">\n\t\t\t\t\t\t<div class=\"elementor-element elementor-element-0325dfd elementor-widget elementor-widget-text-editor\" data-id=\"0325dfd\" data-element_type=\"widget\" data-widget_type=\"text-editor.default\">\n\t\t\t\t<div class=\"elementor-widget-container\">\n\t\t\t\t\t\t\t\t\t<p>La il\u00b7lusi\u00f3 \u00e9s el pilar fonamental de Witty Wines. Cada projecte que fem, cada idea que tenim i cada minut que dediquem a cada un dels nostres vins estan plens d'il\u00b7lusi\u00f3. L'excel\u00b7l\u00e8ncia est\u00e0 en els detalls.<\/p><p>Des d'Aribau creiem en les empreses amb \u00e0nima, \u00e9s per aix\u00f2 que el projecte Musugorri destina una part dels beneficis a la lluita contra el c\u00e0ncer infantil. Aix\u00ed, contribu\u00efm a una causa tan essencial: la salut dels m\u00e9s petits. Durant aquests anys de cam\u00ed, hem aportat el nostre granet de sorra donant tots els diners recaptats a diferents associacions.<\/p><p>Tamb\u00e9 col\u00b7laborem de forma permanent amb l'Institut Guttmann, ja que compartim el mateix fundador amb tan magn\u00edfica instituci\u00f3, i ens fa especial il\u00b7lusi\u00f3 seguir donant-los suport i mantenint-nos vinculats al seu projecte.<\/p>\t\t\t\t\t\t\t\t<\/div>\n\t\t\t\t<\/div>\n\t\t\t\t\t<\/div>\n\t\t<\/div>\n\t\t\t\t<div class=\"elementor-column elementor-col-33 elementor-inner-column elementor-element elementor-element-fb371f6\" data-id=\"fb371f6\" data-element_type=\"column\">\n\t\t\t<div class=\"elementor-widget-wrap elementor-element-populated\">\n\t\t\t\t\t\t<div class=\"elementor-element elementor-element-230d25d8 elementor-widget elementor-widget-image\" data-id=\"230d25d8\" data-element_type=\"widget\" data-settings=\"{&quot;_animation&quot;:&quot;none&quot;}\" data-widget_type=\"image.default\">\n\t\t\t\t<div class=\"elementor-widget-container\">\n\t\t\t\t\t\t\t\t\t\t\t\t\t\t\t\t<a href=\"https:\/\/orasociacion.org\/\" target=\"_blank\">\n\t\t\t\t\t\t\t<img decoding=\"async\" width=\"192\" height=\"180\" src=\"https:\/\/www.aribau.es\/wp-content\/uploads\/2021\/09\/or.jpg\" class=\"attachment-large size-large wp-image-11992\" alt=\"\" srcset=\"https:\/\/www.aribau.es\/wp-content\/uploads\/2021\/09\/or.jpg 192w, https:\/\/www.aribau.es\/wp-content\/uploads\/2021\/09\/or-13x12.jpg 13w\" sizes=\"(max-width: 192px) 100vw, 192px\" \/>\t\t\t\t\t\t\t\t<\/a>\n\t\t\t\t\t\t\t\t\t\t\t\t\t\t\t<\/div>\n\t\t\t\t<\/div>\n\t\t\t\t<div class=\"elementor-element elementor-element-633e13ca elementor-widget elementor-widget-image\" data-id=\"633e13ca\" data-element_type=\"widget\" data-widget_type=\"image.default\">\n\t\t\t\t<div class=\"elementor-widget-container\">\n\t\t\t\t\t\t\t\t\t\t\t\t\t\t\t\t<a href=\"https:\/\/www.guttmann.com\/\" target=\"_blank\">\n\t\t\t\t\t\t\t<img decoding=\"async\" width=\"238\" height=\"104\" src=\"https:\/\/www.aribau.es\/wp-content\/uploads\/2021\/09\/guttmann.png\" class=\"attachment-large size-large wp-image-11994\" alt=\"\" srcset=\"https:\/\/www.aribau.es\/wp-content\/uploads\/2021\/09\/guttmann.png 238w, https:\/\/www.aribau.es\/wp-content\/uploads\/2021\/09\/guttmann-18x8.png 18w\" sizes=\"(max-width: 238px) 100vw, 238px\" \/>\t\t\t\t\t\t\t\t<\/a>\n\t\t\t\t\t\t\t\t\t\t\t\t\t\t\t<\/div>\n\t\t\t\t<\/div>\n\t\t\t\t\t<\/div>\n\t\t<\/div>\n\t\t\t\t<div class=\"elementor-column elementor-col-33 elementor-inner-column elementor-element elementor-element-bcd5252\" data-id=\"bcd5252\" data-element_type=\"column\">\n\t\t\t<div class=\"elementor-widget-wrap elementor-element-populated\">\n\t\t\t\t\t\t<div class=\"elementor-element elementor-element-e98e44d elementor-widget elementor-widget-image\" data-id=\"e98e44d\" data-element_type=\"widget\" data-widget_type=\"image.default\">\n\t\t\t\t<div class=\"elementor-widget-container\">\n\t\t\t\t\t\t\t\t\t\t\t\t\t\t\t\t<a href=\"https:\/\/muasolidaris.com\/\" target=\"_blank\">\n\t\t\t\t\t\t\t<img decoding=\"async\" width=\"200\" height=\"100\" src=\"https:\/\/www.aribau.es\/wp-content\/uploads\/2021\/09\/mua.png\" class=\"attachment-large size-large wp-image-11993\" alt=\"\" srcset=\"https:\/\/www.aribau.es\/wp-content\/uploads\/2021\/09\/mua.png 200w, https:\/\/www.aribau.es\/wp-content\/uploads\/2021\/09\/mua-18x9.png 18w\" sizes=\"(max-width: 200px) 100vw, 200px\" \/>\t\t\t\t\t\t\t\t<\/a>\n\t\t\t\t\t\t\t\t\t\t\t\t\t\t\t<\/div>\n\t\t\t\t<\/div>\n\t\t\t\t<div class=\"elementor-element elementor-element-66c6546 elementor-widget elementor-widget-image\" data-id=\"66c6546\" data-element_type=\"widget\" data-widget_type=\"image.default\">\n\t\t\t\t<div class=\"elementor-widget-container\">\n\t\t\t\t\t\t\t\t\t\t\t\t\t\t\t\t<a href=\"http:\/\/curarelrabdo.org\/\" target=\"_blank\">\n\t\t\t\t\t\t\t<img loading=\"lazy\" decoding=\"async\" width=\"360\" height=\"140\" src=\"https:\/\/www.aribau.es\/wp-content\/uploads\/2021\/09\/asociacion.jpg\" class=\"attachment-large size-large wp-image-11995\" alt=\"\" srcset=\"https:\/\/www.aribau.es\/wp-content\/uploads\/2021\/09\/asociacion.jpg 360w, https:\/\/www.aribau.es\/wp-content\/uploads\/2021\/09\/asociacion-300x117.jpg 300w, https:\/\/www.aribau.es\/wp-content\/uploads\/2021\/09\/asociacion-18x7.jpg 18w\" sizes=\"(max-width: 360px) 100vw, 360px\" \/>\t\t\t\t\t\t\t\t<\/a>\n\t\t\t\t\t\t\t\t\t\t\t\t\t\t\t<\/div>\n\t\t\t\t<\/div>\n\t\t\t\t\t<\/div>\n\t\t<\/div>\n\t\t\t\t\t<\/div>\n\t\t<\/section>\n\t\t\t\t\t<\/div>\n\t\t<\/div>\n\t\t\t\t\t<\/div>\n\t\t<\/section>\n\t\t\t\t<section class=\"elementor-section elementor-top-section elementor-element elementor-element-36183f56 elementor-section-boxed elementor-section-height-default elementor-section-height-default elementor-invisible\" data-id=\"36183f56\" data-element_type=\"section\" data-settings=\"{&quot;animation&quot;:&quot;fadeIn&quot;}\">\n\t\t\t\t\t\t<div class=\"elementor-container elementor-column-gap-default\">\n\t\t\t\t\t<div class=\"elementor-column elementor-col-50 elementor-top-column elementor-element elementor-element-25dc6a34\" data-id=\"25dc6a34\" data-element_type=\"column\">\n\t\t\t<div class=\"elementor-widget-wrap elementor-element-populated\">\n\t\t\t\t\t\t<section class=\"elementor-section elementor-inner-section elementor-element elementor-element-138c3154 elementor-section-boxed elementor-section-height-default elementor-section-height-default\" data-id=\"138c3154\" data-element_type=\"section\">\n\t\t\t\t\t\t<div class=\"elementor-container elementor-column-gap-default\">\n\t\t\t\t\t<div class=\"elementor-column elementor-col-50 elementor-inner-column elementor-element elementor-element-3ef924a2\" data-id=\"3ef924a2\" data-element_type=\"column\">\n\t\t\t<div class=\"elementor-widget-wrap\">\n\t\t\t\t\t\t\t<\/div>\n\t\t<\/div>\n\t\t\t\t<div class=\"elementor-column elementor-col-50 elementor-inner-column elementor-element elementor-element-23c5b269\" data-id=\"23c5b269\" data-element_type=\"column\">\n\t\t\t<div class=\"elementor-widget-wrap\">\n\t\t\t\t\t\t\t<\/div>\n\t\t<\/div>\n\t\t\t\t\t<\/div>\n\t\t<\/section>\n\t\t\t\t\t<\/div>\n\t\t<\/div>\n\t\t\t\t<div class=\"elementor-column elementor-col-50 elementor-top-column elementor-element elementor-element-7509fee2\" data-id=\"7509fee2\" data-element_type=\"column\">\n\t\t\t<div class=\"elementor-widget-wrap elementor-element-populated\">\n\t\t\t\t\t\t<section class=\"elementor-section elementor-inner-section elementor-element elementor-element-ae1e8f7 elementor-section-boxed elementor-section-height-default elementor-section-height-default\" data-id=\"ae1e8f7\" data-element_type=\"section\">\n\t\t\t\t\t\t<div class=\"elementor-container elementor-column-gap-default\">\n\t\t\t\t\t<div class=\"elementor-column elementor-col-50 elementor-inner-column elementor-element elementor-element-7dce8ba5\" data-id=\"7dce8ba5\" data-element_type=\"column\">\n\t\t\t<div class=\"elementor-widget-wrap\">\n\t\t\t\t\t\t\t<\/div>\n\t\t<\/div>\n\t\t\t\t<div class=\"elementor-column elementor-col-50 elementor-inner-column elementor-element elementor-element-30e81f8d\" data-id=\"30e81f8d\" data-element_type=\"column\">\n\t\t\t<div class=\"elementor-widget-wrap\">\n\t\t\t\t\t\t\t<\/div>\n\t\t<\/div>\n\t\t\t\t\t<\/div>\n\t\t<\/section>\n\t\t\t\t\t<\/div>\n\t\t<\/div>\n\t\t\t\t\t<\/div>\n\t\t<\/section>\n\t\t\t\t<section class=\"elementor-section elementor-top-section elementor-element elementor-element-c2fb6f5 elementor-section-boxed elementor-section-height-default elementor-section-height-default\" data-id=\"c2fb6f5\" data-element_type=\"section\">\n\t\t\t\t\t\t<div class=\"elementor-container elementor-column-gap-default\">\n\t\t\t\t\t<div class=\"elementor-column elementor-col-100 elementor-top-column elementor-element elementor-element-ec34047\" data-id=\"ec34047\" data-element_type=\"column\">\n\t\t\t<div class=\"elementor-widget-wrap elementor-element-populated\">\n\t\t\t\t\t\t<div class=\"elementor-element elementor-element-ba4d632 elementor-widget elementor-widget-spacer\" data-id=\"ba4d632\" data-element_type=\"widget\" data-widget_type=\"spacer.default\">\n\t\t\t\t<div class=\"elementor-widget-container\">\n\t\t\t\t\t\t\t<div class=\"elementor-spacer\">\n\t\t\t<div class=\"elementor-spacer-inner\"><\/div>\n\t\t<\/div>\n\t\t\t\t\t\t<\/div>\n\t\t\t\t<\/div>\n\t\t\t\t\t<\/div>\n\t\t<\/div>\n\t\t\t\t\t<\/div>\n\t\t<\/section>\n\t\t\t\t<\/div>","protected":false},"excerpt":{"rendered":"<p>NUESTRA FILOSOF\u00cdA SOLIDARIDAD SOCIAL La ilusi\u00f3n es el pilar fundamental de Witty Wines. Cada proyecto que hacemos, cada idea que tenemos y cada minuto que dedicamos a cada uno de nuestros vinos est\u00e1n llenos de ilusi\u00f3n y mimo. La excelencia est\u00e1 en los detalles. Desde Aribau creemos en las empresas con alma, es por ello &#8230; <a title=\"SOLIDARITAT SOCIAL\" class=\"read-more\" href=\"https:\/\/www.aribau.es\/ca\/solidaridad-social\/\" aria-label=\"M\u00e9s informaci\u00f3 sobre SOLIDARIDAD SOCIAL\">Llegiu m\u00e9s<\/a><\/p>","protected":false},"author":3,"featured_media":0,"parent":0,"menu_order":0,"comment_status":"closed","ping_status":"closed","template":"elementor_header_footer","meta":{"footnotes":""},"class_list":["post-11989","page","type-page","status-publish"],"yoast_head":"<!-- This site is optimized with the Yoast SEO plugin v26.7 - https:\/\/yoast.com\/wordpress\/plugins\/seo\/ -->\n<title>SOLIDARIDAD SOCIAL - Aribau<\/title>\n<meta name=\"robots\" content=\"index, follow, max-snippet:-1, max-image-preview:large, max-video-preview:-1\" \/>\n<link rel=\"canonical\" href=\"https:\/\/www.aribau.es\/ca\/solidaridad-social\/\" \/>\n<meta property=\"og:locale\" content=\"ca_ES\" \/>\n<meta property=\"og:type\" content=\"article\" \/>\n<meta property=\"og:title\" content=\"SOLIDARIDAD SOCIAL - Aribau\" \/>\n<meta property=\"og:description\" content=\"NUESTRA FILOSOF\u00cdA SOLIDARIDAD SOCIAL La ilusi\u00f3n es el pilar fundamental de Witty Wines. Cada proyecto que hacemos, cada idea que tenemos y cada minuto que dedicamos a cada uno de nuestros vinos est\u00e1n llenos de ilusi\u00f3n y mimo. La excelencia est\u00e1 en los detalles. Desde Aribau creemos en las empresas con alma, es por ello ... Llegiu m\u00e9s\" \/>\n<meta property=\"og:url\" content=\"https:\/\/www.aribau.es\/ca\/solidaridad-social\/\" \/>\n<meta property=\"og:site_name\" content=\"Aribau\" \/>\n<meta property=\"article:publisher\" content=\"https:\/\/www.facebook.com\/aribau1964\/\" \/>\n<meta property=\"article:modified_time\" content=\"2021-09-27T07:15:00+00:00\" \/>\n<meta property=\"og:image\" content=\"https:\/\/www.aribau.es\/wp-content\/uploads\/2021\/09\/or.jpg\" \/>\n<meta name=\"twitter:card\" content=\"summary_large_image\" \/>\n<meta name=\"twitter:site\" content=\"@aribau1964\" \/>\n<meta name=\"twitter:label1\" content=\"Temps estimat de lectura\" \/>\n\t<meta name=\"twitter:data1\" content=\"1 minut\" \/>\n<script type=\"application\/ld+json\" class=\"yoast-schema-graph\">{\"@context\":\"https:\/\/schema.org\",\"@graph\":[{\"@type\":\"WebPage\",\"@id\":\"https:\/\/www.aribau.es\/solidaridad-social\/\",\"url\":\"https:\/\/www.aribau.es\/solidaridad-social\/\",\"name\":\"SOLIDARIDAD SOCIAL - Aribau\",\"isPartOf\":{\"@id\":\"https:\/\/www.aribau.es\/#website\"},\"primaryImageOfPage\":{\"@id\":\"https:\/\/www.aribau.es\/solidaridad-social\/#primaryimage\"},\"image\":{\"@id\":\"https:\/\/www.aribau.es\/solidaridad-social\/#primaryimage\"},\"thumbnailUrl\":\"https:\/\/www.aribau.es\/wp-content\/uploads\/2021\/09\/or.jpg\",\"datePublished\":\"2021-09-23T09:16:30+00:00\",\"dateModified\":\"2021-09-27T07:15:00+00:00\",\"breadcrumb\":{\"@id\":\"https:\/\/www.aribau.es\/solidaridad-social\/#breadcrumb\"},\"inLanguage\":\"ca\",\"potentialAction\":[{\"@type\":\"ReadAction\",\"target\":[\"https:\/\/www.aribau.es\/solidaridad-social\/\"]}]},{\"@type\":\"ImageObject\",\"inLanguage\":\"ca\",\"@id\":\"https:\/\/www.aribau.es\/solidaridad-social\/#primaryimage\",\"url\":\"https:\/\/www.aribau.es\/wp-content\/uploads\/2021\/09\/or.jpg\",\"contentUrl\":\"https:\/\/www.aribau.es\/wp-content\/uploads\/2021\/09\/or.jpg\"},{\"@type\":\"BreadcrumbList\",\"@id\":\"https:\/\/www.aribau.es\/solidaridad-social\/#breadcrumb\",\"itemListElement\":[{\"@type\":\"ListItem\",\"position\":1,\"name\":\"Portada\",\"item\":\"https:\/\/www.aribau.es\/\"},{\"@type\":\"ListItem\",\"position\":2,\"name\":\"SOLIDARIDAD SOCIAL\"}]},{\"@type\":\"WebSite\",\"@id\":\"https:\/\/www.aribau.es\/#website\",\"url\":\"https:\/\/www.aribau.es\/\",\"name\":\"Aribau\",\"description\":\"VINOS Y BODEGAS\",\"publisher\":{\"@id\":\"https:\/\/www.aribau.es\/#organization\"},\"potentialAction\":[{\"@type\":\"SearchAction\",\"target\":{\"@type\":\"EntryPoint\",\"urlTemplate\":\"https:\/\/www.aribau.es\/?s={search_term_string}\"},\"query-input\":{\"@type\":\"PropertyValueSpecification\",\"valueRequired\":true,\"valueName\":\"search_term_string\"}}],\"inLanguage\":\"ca\"},{\"@type\":\"Organization\",\"@id\":\"https:\/\/www.aribau.es\/#organization\",\"name\":\"Aribau\",\"url\":\"https:\/\/www.aribau.es\/\",\"logo\":{\"@type\":\"ImageObject\",\"inLanguage\":\"ca\",\"@id\":\"https:\/\/www.aribau.es\/#\/schema\/logo\/image\/\",\"url\":\"https:\/\/www.aribau.es\/wp-content\/uploads\/2022\/03\/logo.png\",\"contentUrl\":\"https:\/\/www.aribau.es\/wp-content\/uploads\/2022\/03\/logo.png\",\"width\":300,\"height\":300,\"caption\":\"Aribau\"},\"image\":{\"@id\":\"https:\/\/www.aribau.es\/#\/schema\/logo\/image\/\"},\"sameAs\":[\"https:\/\/www.facebook.com\/aribau1964\/\",\"https:\/\/x.com\/aribau1964\",\"https:\/\/www.instagram.com\/aribau1964\/\"]}]}<\/script>\n<!-- \/ Yoast SEO plugin. -->","yoast_head_json":{"title":"SOLIDARIDAD SOCIAL - Aribau","robots":{"index":"index","follow":"follow","max-snippet":"max-snippet:-1","max-image-preview":"max-image-preview:large","max-video-preview":"max-video-preview:-1"},"canonical":"https:\/\/www.aribau.es\/ca\/solidaridad-social\/","og_locale":"ca_ES","og_type":"article","og_title":"SOLIDARIDAD SOCIAL - Aribau","og_description":"NUESTRA FILOSOF\u00cdA SOLIDARIDAD SOCIAL La ilusi\u00f3n es el pilar fundamental de Witty Wines. Cada proyecto que hacemos, cada idea que tenemos y cada minuto que dedicamos a cada uno de nuestros vinos est\u00e1n llenos de ilusi\u00f3n y mimo. La excelencia est\u00e1 en los detalles. Desde Aribau creemos en las empresas con alma, es por ello ... Llegiu m\u00e9s","og_url":"https:\/\/www.aribau.es\/ca\/solidaridad-social\/","og_site_name":"Aribau","article_publisher":"https:\/\/www.facebook.com\/aribau1964\/","article_modified_time":"2021-09-27T07:15:00+00:00","og_image":[{"url":"https:\/\/www.aribau.es\/wp-content\/uploads\/2021\/09\/or.jpg","type":"","width":"","height":""}],"twitter_card":"summary_large_image","twitter_site":"@aribau1964","twitter_misc":{"Temps estimat de lectura":"1 minut"},"schema":{"@context":"https:\/\/schema.org","@graph":[{"@type":"WebPage","@id":"https:\/\/www.aribau.es\/solidaridad-social\/","url":"https:\/\/www.aribau.es\/solidaridad-social\/","name":"SOLIDARIDAD SOCIAL - Aribau","isPartOf":{"@id":"https:\/\/www.aribau.es\/#website"},"primaryImageOfPage":{"@id":"https:\/\/www.aribau.es\/solidaridad-social\/#primaryimage"},"image":{"@id":"https:\/\/www.aribau.es\/solidaridad-social\/#primaryimage"},"thumbnailUrl":"https:\/\/www.aribau.es\/wp-content\/uploads\/2021\/09\/or.jpg","datePublished":"2021-09-23T09:16:30+00:00","dateModified":"2021-09-27T07:15:00+00:00","breadcrumb":{"@id":"https:\/\/www.aribau.es\/solidaridad-social\/#breadcrumb"},"inLanguage":"ca","potentialAction":[{"@type":"ReadAction","target":["https:\/\/www.aribau.es\/solidaridad-social\/"]}]},{"@type":"ImageObject","inLanguage":"ca","@id":"https:\/\/www.aribau.es\/solidaridad-social\/#primaryimage","url":"https:\/\/www.aribau.es\/wp-content\/uploads\/2021\/09\/or.jpg","contentUrl":"https:\/\/www.aribau.es\/wp-content\/uploads\/2021\/09\/or.jpg"},{"@type":"BreadcrumbList","@id":"https:\/\/www.aribau.es\/solidaridad-social\/#breadcrumb","itemListElement":[{"@type":"ListItem","position":1,"name":"Portada","item":"https:\/\/www.aribau.es\/"},{"@type":"ListItem","position":2,"name":"SOLIDARIDAD SOCIAL"}]},{"@type":"WebSite","@id":"https:\/\/www.aribau.es\/#website","url":"https:\/\/www.aribau.es\/","name":"Aribau","description":"VINOS Y BODEGAS","publisher":{"@id":"https:\/\/www.aribau.es\/#organization"},"potentialAction":[{"@type":"SearchAction","target":{"@type":"EntryPoint","urlTemplate":"https:\/\/www.aribau.es\/?s={search_term_string}"},"query-input":{"@type":"PropertyValueSpecification","valueRequired":true,"valueName":"search_term_string"}}],"inLanguage":"ca"},{"@type":"Organization","@id":"https:\/\/www.aribau.es\/#organization","name":"Aribau","url":"https:\/\/www.aribau.es\/","logo":{"@type":"ImageObject","inLanguage":"ca","@id":"https:\/\/www.aribau.es\/#\/schema\/logo\/image\/","url":"https:\/\/www.aribau.es\/wp-content\/uploads\/2022\/03\/logo.png","contentUrl":"https:\/\/www.aribau.es\/wp-content\/uploads\/2022\/03\/logo.png","width":300,"height":300,"caption":"Aribau"},"image":{"@id":"https:\/\/www.aribau.es\/#\/schema\/logo\/image\/"},"sameAs":["https:\/\/www.facebook.com\/aribau1964\/","https:\/\/x.com\/aribau1964","https:\/\/www.instagram.com\/aribau1964\/"]}]}},"_links":{"self":[{"href":"https:\/\/www.aribau.es\/ca\/wp-json\/wp\/v2\/pages\/11989","targetHints":{"allow":["GET"]}}],"collection":[{"href":"https:\/\/www.aribau.es\/ca\/wp-json\/wp\/v2\/pages"}],"about":[{"href":"https:\/\/www.aribau.es\/ca\/wp-json\/wp\/v2\/types\/page"}],"author":[{"embeddable":true,"href":"https:\/\/www.aribau.es\/ca\/wp-json\/wp\/v2\/users\/3"}],"replies":[{"embeddable":true,"href":"https:\/\/www.aribau.es\/ca\/wp-json\/wp\/v2\/comments?post=11989"}],"version-history":[{"count":10,"href":"https:\/\/www.aribau.es\/ca\/wp-json\/wp\/v2\/pages\/11989\/revisions"}],"predecessor-version":[{"id":12011,"href":"https:\/\/www.aribau.es\/ca\/wp-json\/wp\/v2\/pages\/11989\/revisions\/12011"}],"wp:attachment":[{"href":"https:\/\/www.aribau.es\/ca\/wp-json\/wp\/v2\/media?parent=11989"}],"curies":[{"name":"wp","href":"https:\/\/api.w.org\/{rel}","templated":true}]}}