{"id":12061,"date":"2021-11-13T14:21:33","date_gmt":"2021-11-13T13:21:33","guid":{"rendered":"https:\/\/www.aribau.es\/?page_id=12061"},"modified":"2021-11-13T14:22:49","modified_gmt":"2021-11-13T13:22:49","slug":"barrica","status":"publish","type":"page","link":"https:\/\/www.aribau.es\/ca\/bodegas-2\/bodegas-balbas\/barrica\/","title":{"rendered":"BARRICA"},"content":{"rendered":"<div data-elementor-type=\"wp-page\" data-elementor-id=\"12061\" class=\"elementor elementor-12061\">\n\t\t\t\t\t\t<section class=\"elementor-section elementor-top-section elementor-element elementor-element-1eaabdc6 elementor-section-boxed elementor-section-height-default elementor-section-height-default elementor-invisible\" data-id=\"1eaabdc6\" data-element_type=\"section\" data-settings=\"{&quot;animation&quot;:&quot;fadeInUp&quot;}\">\n\t\t\t\t\t\t<div class=\"elementor-container elementor-column-gap-default\">\n\t\t\t\t\t<div class=\"elementor-column elementor-col-100 elementor-top-column elementor-element elementor-element-2216f660\" data-id=\"2216f660\" data-element_type=\"column\">\n\t\t\t<div class=\"elementor-widget-wrap elementor-element-populated\">\n\t\t\t\t\t\t<div class=\"elementor-element elementor-element-67b8bab elementor-widget elementor-widget-text-editor\" data-id=\"67b8bab\" data-element_type=\"widget\" data-widget_type=\"text-editor.default\">\n\t\t\t\t<div class=\"elementor-widget-container\">\n\t\t\t\t\t\t\t\t\t<p>BARRICA<\/p>\t\t\t\t\t\t\t\t<\/div>\n\t\t\t\t<\/div>\n\t\t\t\t\t<\/div>\n\t\t<\/div>\n\t\t\t\t\t<\/div>\n\t\t<\/section>\n\t\t\t\t<section class=\"elementor-section elementor-top-section elementor-element elementor-element-48b7ff07 elementor-section-full_width elementor-section-height-default elementor-section-height-default elementor-invisible\" data-id=\"48b7ff07\" data-element_type=\"section\" data-settings=\"{&quot;animation&quot;:&quot;fadeInUp&quot;}\">\n\t\t\t\t\t\t<div class=\"elementor-container elementor-column-gap-default\">\n\t\t\t\t\t<div class=\"elementor-column elementor-col-50 elementor-top-column elementor-element elementor-element-3a29c502\" data-id=\"3a29c502\" data-element_type=\"column\">\n\t\t\t<div class=\"elementor-widget-wrap elementor-element-populated\">\n\t\t\t\t\t\t<div class=\"elementor-element elementor-element-26210426 elementor-widget elementor-widget-image\" data-id=\"26210426\" data-element_type=\"widget\" data-widget_type=\"image.default\">\n\t\t\t\t<div class=\"elementor-widget-container\">\n\t\t\t\t\t\t\t\t\t\t\t\t\t\t\t<img fetchpriority=\"high\" decoding=\"async\" width=\"336\" height=\"1024\" src=\"https:\/\/www.aribau.es\/wp-content\/uploads\/2021\/11\/Barrica-336x1024.jpg\" class=\"elementor-animation-grow attachment-large size-large wp-image-12034\" alt=\"\" srcset=\"https:\/\/www.aribau.es\/wp-content\/uploads\/2021\/11\/Barrica-336x1024.jpg 336w, https:\/\/www.aribau.es\/wp-content\/uploads\/2021\/11\/Barrica-98x300.jpg 98w, https:\/\/www.aribau.es\/wp-content\/uploads\/2021\/11\/Barrica-504x1536.jpg 504w, https:\/\/www.aribau.es\/wp-content\/uploads\/2021\/11\/Barrica-4x12.jpg 4w, https:\/\/www.aribau.es\/wp-content\/uploads\/2021\/11\/Barrica.jpg 631w\" sizes=\"(max-width: 336px) 100vw, 336px\" \/>\t\t\t\t\t\t\t\t\t\t\t\t\t\t\t<\/div>\n\t\t\t\t<\/div>\n\t\t\t\t\t<\/div>\n\t\t<\/div>\n\t\t\t\t<div class=\"elementor-column elementor-col-50 elementor-top-column elementor-element elementor-element-bd719c4\" data-id=\"bd719c4\" data-element_type=\"column\">\n\t\t\t<div class=\"elementor-widget-wrap elementor-element-populated\">\n\t\t\t\t\t\t<div class=\"elementor-element elementor-element-3dc65c35 elementor-widget elementor-widget-text-editor\" data-id=\"3dc65c35\" data-element_type=\"widget\" data-widget_type=\"text-editor.default\">\n\t\t\t\t<div class=\"elementor-widget-container\">\n\t\t\t\t\t\t\t\t\t<p>VARIETATS DE RA\u00cfM<\/p>\t\t\t\t\t\t\t\t<\/div>\n\t\t\t\t<\/div>\n\t\t\t\t<div class=\"elementor-element elementor-element-57053f83 elementor-widget elementor-widget-text-editor\" data-id=\"57053f83\" data-element_type=\"widget\" data-widget_type=\"text-editor.default\">\n\t\t\t\t<div class=\"elementor-widget-container\">\n\t\t\t\t\t\t\t\t\t<p>Ull de llebre<\/p>\t\t\t\t\t\t\t\t<\/div>\n\t\t\t\t<\/div>\n\t\t\t\t<div class=\"elementor-element elementor-element-5c8ef023 elementor-widget elementor-widget-text-editor\" data-id=\"5c8ef023\" data-element_type=\"widget\" data-widget_type=\"text-editor.default\">\n\t\t\t\t<div class=\"elementor-widget-container\">\n\t\t\t\t\t\t\t\t\t<p>CRIAN\u00c7A<\/p>\t\t\t\t\t\t\t\t<\/div>\n\t\t\t\t<\/div>\n\t\t\t\t<div class=\"elementor-element elementor-element-2752c961 elementor-widget elementor-widget-text-editor\" data-id=\"2752c961\" data-element_type=\"widget\" data-widget_type=\"text-editor.default\">\n\t\t\t\t<div class=\"elementor-widget-container\">\n\t\t\t\t\t\t\t\t\t<p>5 mesos en b\u00f3ta<\/p>\t\t\t\t\t\t\t\t<\/div>\n\t\t\t\t<\/div>\n\t\t\t\t<div class=\"elementor-element elementor-element-5c27ea82 elementor-widget elementor-widget-text-editor\" data-id=\"5c27ea82\" data-element_type=\"widget\" data-widget_type=\"text-editor.default\">\n\t\t\t\t<div class=\"elementor-widget-container\">\n\t\t\t\t\t\t\t\t\t<p>DENOMINACI\u00d3 D'ORIGEN<\/p>\t\t\t\t\t\t\t\t<\/div>\n\t\t\t\t<\/div>\n\t\t\t\t<div class=\"elementor-element elementor-element-57e7a620 elementor-widget elementor-widget-image\" data-id=\"57e7a620\" data-element_type=\"widget\" data-widget_type=\"image.default\">\n\t\t\t\t<div class=\"elementor-widget-container\">\n\t\t\t\t\t\t\t\t\t\t\t\t\t\t\t<img decoding=\"async\" width=\"1704\" height=\"1704\" src=\"https:\/\/www.aribau.es\/wp-content\/uploads\/2021\/03\/DO-RIBERA-DEL-DUERO.jpg\" class=\"attachment-full size-full wp-image-8484\" alt=\"\" srcset=\"https:\/\/www.aribau.es\/wp-content\/uploads\/2021\/03\/DO-RIBERA-DEL-DUERO.jpg 1704w, https:\/\/www.aribau.es\/wp-content\/uploads\/2021\/03\/DO-RIBERA-DEL-DUERO-300x300.jpg 300w, https:\/\/www.aribau.es\/wp-content\/uploads\/2021\/03\/DO-RIBERA-DEL-DUERO-1024x1024.jpg 1024w, https:\/\/www.aribau.es\/wp-content\/uploads\/2021\/03\/DO-RIBERA-DEL-DUERO-150x150.jpg 150w, https:\/\/www.aribau.es\/wp-content\/uploads\/2021\/03\/DO-RIBERA-DEL-DUERO-768x768.jpg 768w, https:\/\/www.aribau.es\/wp-content\/uploads\/2021\/03\/DO-RIBERA-DEL-DUERO-1536x1536.jpg 1536w\" sizes=\"(max-width: 1704px) 100vw, 1704px\" \/>\t\t\t\t\t\t\t\t\t\t\t\t\t\t\t<\/div>\n\t\t\t\t<\/div>\n\t\t\t\t<div class=\"elementor-element elementor-element-5e682ab8 elementor-widget elementor-widget-text-editor\" data-id=\"5e682ab8\" data-element_type=\"widget\" data-widget_type=\"text-editor.default\">\n\t\t\t\t<div class=\"elementor-widget-container\">\n\t\t\t\t\t\t\t\t\t<p>DESCRIPCI\u00d3<\/p>\t\t\t\t\t\t\t\t<\/div>\n\t\t\t\t<\/div>\n\t\t\t\t<div class=\"elementor-element elementor-element-66556b0 elementor-widget elementor-widget-text-editor\" data-id=\"66556b0\" data-element_type=\"widget\" data-widget_type=\"text-editor.default\">\n\t\t\t\t<div class=\"elementor-widget-container\">\n\t\t\t\t\t\t\t\t\t<p>De color cirera, el seu rivet porpra \u00e9s net i brillant. Posseeix un nas fresc i expressiu que aporta notes d'esp\u00e8cies dolces i tanques vermelles.<\/p><p>Ja a la boca es presenta amb tanins dol\u00e7os i subtils torrats aportats per les b\u00f3tes. A m\u00e9s, t\u00e9 un final llarg i persistent.<\/p><p>El pas en b\u00f3ta d\u00b4aquest vi fa que sigui perfecte per a embotits de la terra, fumats i verdures a la planxa.<\/p>\t\t\t\t\t\t\t\t<\/div>\n\t\t\t\t<\/div>\n\t\t\t\t<div class=\"elementor-element elementor-element-2b316ae0 elementor-widget elementor-widget-spacer\" data-id=\"2b316ae0\" data-element_type=\"widget\" data-widget_type=\"spacer.default\">\n\t\t\t\t<div class=\"elementor-widget-container\">\n\t\t\t\t\t\t\t<div class=\"elementor-spacer\">\n\t\t\t<div class=\"elementor-spacer-inner\"><\/div>\n\t\t<\/div>\n\t\t\t\t\t\t<\/div>\n\t\t\t\t<\/div>\n\t\t\t\t\t<\/div>\n\t\t<\/div>\n\t\t\t\t\t<\/div>\n\t\t<\/section>\n\t\t\t\t<\/div>","protected":false},"excerpt":{"rendered":"<p>BARRICA variedades de uva Tempranillo Crianza 5 meses en barrica Denominaci\u00f3n de origen descripci\u00f3n De color cereza, su ribete p\u00farpura es limpio y brillante. Posee una nariz fresca y expresiva que aporta notas de especias dulces y vallas rojas. Ya en boca se presenta con taninos dulces y sutiles tostados aportados por las barricas. Adem\u00e1s, &#8230; <a title=\"BARRICA\" class=\"read-more\" href=\"https:\/\/www.aribau.es\/ca\/bodegas-2\/bodegas-balbas\/barrica\/\" aria-label=\"M\u00e9s informaci\u00f3 sobre BARRICA\">Llegiu m\u00e9s<\/a><\/p>","protected":false},"author":3,"featured_media":0,"parent":12017,"menu_order":0,"comment_status":"closed","ping_status":"closed","template":"elementor_header_footer","meta":{"footnotes":""},"class_list":["post-12061","page","type-page","status-publish"],"yoast_head":"<!-- This site is optimized with the Yoast SEO plugin v26.7 - https:\/\/yoast.com\/wordpress\/plugins\/seo\/ -->\n<title>BARRICA - Aribau<\/title>\n<meta name=\"robots\" content=\"index, follow, max-snippet:-1, max-image-preview:large, max-video-preview:-1\" \/>\n<link rel=\"canonical\" href=\"https:\/\/www.aribau.es\/ca\/bodegas-2\/bodegas-balbas\/barrica\/\" \/>\n<meta property=\"og:locale\" content=\"ca_ES\" \/>\n<meta property=\"og:type\" content=\"article\" \/>\n<meta property=\"og:title\" content=\"BARRICA - Aribau\" \/>\n<meta property=\"og:description\" content=\"BARRICA variedades de uva Tempranillo Crianza 5 meses en barrica Denominaci\u00f3n de origen descripci\u00f3n De color cereza, su ribete p\u00farpura es limpio y brillante. Posee una nariz fresca y expresiva que aporta notas de especias dulces y vallas rojas. Ya en boca se presenta con taninos dulces y sutiles tostados aportados por las barricas. Adem\u00e1s, ... Llegiu m\u00e9s\" \/>\n<meta property=\"og:url\" content=\"https:\/\/www.aribau.es\/ca\/bodegas-2\/bodegas-balbas\/barrica\/\" \/>\n<meta property=\"og:site_name\" content=\"Aribau\" \/>\n<meta property=\"article:publisher\" content=\"https:\/\/www.facebook.com\/aribau1964\/\" \/>\n<meta property=\"article:modified_time\" content=\"2021-11-13T13:22:49+00:00\" \/>\n<meta property=\"og:image\" content=\"https:\/\/www.aribau.es\/wp-content\/uploads\/2021\/11\/Barrica-336x1024.jpg\" \/>\n<meta name=\"twitter:card\" content=\"summary_large_image\" \/>\n<meta name=\"twitter:site\" content=\"@aribau1964\" \/>\n<script type=\"application\/ld+json\" class=\"yoast-schema-graph\">{\"@context\":\"https:\/\/schema.org\",\"@graph\":[{\"@type\":\"WebPage\",\"@id\":\"https:\/\/www.aribau.es\/bodegas-2\/bodegas-balbas\/barrica\/\",\"url\":\"https:\/\/www.aribau.es\/bodegas-2\/bodegas-balbas\/barrica\/\",\"name\":\"BARRICA - Aribau\",\"isPartOf\":{\"@id\":\"https:\/\/www.aribau.es\/#website\"},\"primaryImageOfPage\":{\"@id\":\"https:\/\/www.aribau.es\/bodegas-2\/bodegas-balbas\/barrica\/#primaryimage\"},\"image\":{\"@id\":\"https:\/\/www.aribau.es\/bodegas-2\/bodegas-balbas\/barrica\/#primaryimage\"},\"thumbnailUrl\":\"https:\/\/www.aribau.es\/wp-content\/uploads\/2021\/11\/Barrica-336x1024.jpg\",\"datePublished\":\"2021-11-13T13:21:33+00:00\",\"dateModified\":\"2021-11-13T13:22:49+00:00\",\"breadcrumb\":{\"@id\":\"https:\/\/www.aribau.es\/bodegas-2\/bodegas-balbas\/barrica\/#breadcrumb\"},\"inLanguage\":\"ca\",\"potentialAction\":[{\"@type\":\"ReadAction\",\"target\":[\"https:\/\/www.aribau.es\/bodegas-2\/bodegas-balbas\/barrica\/\"]}]},{\"@type\":\"ImageObject\",\"inLanguage\":\"ca\",\"@id\":\"https:\/\/www.aribau.es\/bodegas-2\/bodegas-balbas\/barrica\/#primaryimage\",\"url\":\"https:\/\/www.aribau.es\/wp-content\/uploads\/2021\/11\/Barrica-336x1024.jpg\",\"contentUrl\":\"https:\/\/www.aribau.es\/wp-content\/uploads\/2021\/11\/Barrica-336x1024.jpg\"},{\"@type\":\"BreadcrumbList\",\"@id\":\"https:\/\/www.aribau.es\/bodegas-2\/bodegas-balbas\/barrica\/#breadcrumb\",\"itemListElement\":[{\"@type\":\"ListItem\",\"position\":1,\"name\":\"Portada\",\"item\":\"https:\/\/www.aribau.es\/\"},{\"@type\":\"ListItem\",\"position\":2,\"name\":\"BODEGAS\",\"item\":\"https:\/\/www.aribau.es\/bodegas-2\/\"},{\"@type\":\"ListItem\",\"position\":3,\"name\":\"BODEGAS BALB\u00c1S\",\"item\":\"https:\/\/www.aribau.es\/bodegas-2\/bodegas-balbas\/\"},{\"@type\":\"ListItem\",\"position\":4,\"name\":\"BARRICA\"}]},{\"@type\":\"WebSite\",\"@id\":\"https:\/\/www.aribau.es\/#website\",\"url\":\"https:\/\/www.aribau.es\/\",\"name\":\"Aribau\",\"description\":\"VINOS Y BODEGAS\",\"publisher\":{\"@id\":\"https:\/\/www.aribau.es\/#organization\"},\"potentialAction\":[{\"@type\":\"SearchAction\",\"target\":{\"@type\":\"EntryPoint\",\"urlTemplate\":\"https:\/\/www.aribau.es\/?s={search_term_string}\"},\"query-input\":{\"@type\":\"PropertyValueSpecification\",\"valueRequired\":true,\"valueName\":\"search_term_string\"}}],\"inLanguage\":\"ca\"},{\"@type\":\"Organization\",\"@id\":\"https:\/\/www.aribau.es\/#organization\",\"name\":\"Aribau\",\"url\":\"https:\/\/www.aribau.es\/\",\"logo\":{\"@type\":\"ImageObject\",\"inLanguage\":\"ca\",\"@id\":\"https:\/\/www.aribau.es\/#\/schema\/logo\/image\/\",\"url\":\"https:\/\/www.aribau.es\/wp-content\/uploads\/2022\/03\/logo.png\",\"contentUrl\":\"https:\/\/www.aribau.es\/wp-content\/uploads\/2022\/03\/logo.png\",\"width\":300,\"height\":300,\"caption\":\"Aribau\"},\"image\":{\"@id\":\"https:\/\/www.aribau.es\/#\/schema\/logo\/image\/\"},\"sameAs\":[\"https:\/\/www.facebook.com\/aribau1964\/\",\"https:\/\/x.com\/aribau1964\",\"https:\/\/www.instagram.com\/aribau1964\/\"]}]}<\/script>\n<!-- \/ Yoast SEO plugin. -->","yoast_head_json":{"title":"BARRICA - Aribau","robots":{"index":"index","follow":"follow","max-snippet":"max-snippet:-1","max-image-preview":"max-image-preview:large","max-video-preview":"max-video-preview:-1"},"canonical":"https:\/\/www.aribau.es\/ca\/bodegas-2\/bodegas-balbas\/barrica\/","og_locale":"ca_ES","og_type":"article","og_title":"BARRICA - Aribau","og_description":"BARRICA variedades de uva Tempranillo Crianza 5 meses en barrica Denominaci\u00f3n de origen descripci\u00f3n De color cereza, su ribete p\u00farpura es limpio y brillante. Posee una nariz fresca y expresiva que aporta notas de especias dulces y vallas rojas. Ya en boca se presenta con taninos dulces y sutiles tostados aportados por las barricas. Adem\u00e1s, ... Llegiu m\u00e9s","og_url":"https:\/\/www.aribau.es\/ca\/bodegas-2\/bodegas-balbas\/barrica\/","og_site_name":"Aribau","article_publisher":"https:\/\/www.facebook.com\/aribau1964\/","article_modified_time":"2021-11-13T13:22:49+00:00","og_image":[{"url":"https:\/\/www.aribau.es\/wp-content\/uploads\/2021\/11\/Barrica-336x1024.jpg","type":"","width":"","height":""}],"twitter_card":"summary_large_image","twitter_site":"@aribau1964","schema":{"@context":"https:\/\/schema.org","@graph":[{"@type":"WebPage","@id":"https:\/\/www.aribau.es\/bodegas-2\/bodegas-balbas\/barrica\/","url":"https:\/\/www.aribau.es\/bodegas-2\/bodegas-balbas\/barrica\/","name":"BARRICA - Aribau","isPartOf":{"@id":"https:\/\/www.aribau.es\/#website"},"primaryImageOfPage":{"@id":"https:\/\/www.aribau.es\/bodegas-2\/bodegas-balbas\/barrica\/#primaryimage"},"image":{"@id":"https:\/\/www.aribau.es\/bodegas-2\/bodegas-balbas\/barrica\/#primaryimage"},"thumbnailUrl":"https:\/\/www.aribau.es\/wp-content\/uploads\/2021\/11\/Barrica-336x1024.jpg","datePublished":"2021-11-13T13:21:33+00:00","dateModified":"2021-11-13T13:22:49+00:00","breadcrumb":{"@id":"https:\/\/www.aribau.es\/bodegas-2\/bodegas-balbas\/barrica\/#breadcrumb"},"inLanguage":"ca","potentialAction":[{"@type":"ReadAction","target":["https:\/\/www.aribau.es\/bodegas-2\/bodegas-balbas\/barrica\/"]}]},{"@type":"ImageObject","inLanguage":"ca","@id":"https:\/\/www.aribau.es\/bodegas-2\/bodegas-balbas\/barrica\/#primaryimage","url":"https:\/\/www.aribau.es\/wp-content\/uploads\/2021\/11\/Barrica-336x1024.jpg","contentUrl":"https:\/\/www.aribau.es\/wp-content\/uploads\/2021\/11\/Barrica-336x1024.jpg"},{"@type":"BreadcrumbList","@id":"https:\/\/www.aribau.es\/bodegas-2\/bodegas-balbas\/barrica\/#breadcrumb","itemListElement":[{"@type":"ListItem","position":1,"name":"Portada","item":"https:\/\/www.aribau.es\/"},{"@type":"ListItem","position":2,"name":"BODEGAS","item":"https:\/\/www.aribau.es\/bodegas-2\/"},{"@type":"ListItem","position":3,"name":"BODEGAS BALB\u00c1S","item":"https:\/\/www.aribau.es\/bodegas-2\/bodegas-balbas\/"},{"@type":"ListItem","position":4,"name":"BARRICA"}]},{"@type":"WebSite","@id":"https:\/\/www.aribau.es\/#website","url":"https:\/\/www.aribau.es\/","name":"Aribau","description":"VINOS Y BODEGAS","publisher":{"@id":"https:\/\/www.aribau.es\/#organization"},"potentialAction":[{"@type":"SearchAction","target":{"@type":"EntryPoint","urlTemplate":"https:\/\/www.aribau.es\/?s={search_term_string}"},"query-input":{"@type":"PropertyValueSpecification","valueRequired":true,"valueName":"search_term_string"}}],"inLanguage":"ca"},{"@type":"Organization","@id":"https:\/\/www.aribau.es\/#organization","name":"Aribau","url":"https:\/\/www.aribau.es\/","logo":{"@type":"ImageObject","inLanguage":"ca","@id":"https:\/\/www.aribau.es\/#\/schema\/logo\/image\/","url":"https:\/\/www.aribau.es\/wp-content\/uploads\/2022\/03\/logo.png","contentUrl":"https:\/\/www.aribau.es\/wp-content\/uploads\/2022\/03\/logo.png","width":300,"height":300,"caption":"Aribau"},"image":{"@id":"https:\/\/www.aribau.es\/#\/schema\/logo\/image\/"},"sameAs":["https:\/\/www.facebook.com\/aribau1964\/","https:\/\/x.com\/aribau1964","https:\/\/www.instagram.com\/aribau1964\/"]}]}},"_links":{"self":[{"href":"https:\/\/www.aribau.es\/ca\/wp-json\/wp\/v2\/pages\/12061","targetHints":{"allow":["GET"]}}],"collection":[{"href":"https:\/\/www.aribau.es\/ca\/wp-json\/wp\/v2\/pages"}],"about":[{"href":"https:\/\/www.aribau.es\/ca\/wp-json\/wp\/v2\/types\/page"}],"author":[{"embeddable":true,"href":"https:\/\/www.aribau.es\/ca\/wp-json\/wp\/v2\/users\/3"}],"replies":[{"embeddable":true,"href":"https:\/\/www.aribau.es\/ca\/wp-json\/wp\/v2\/comments?post=12061"}],"version-history":[{"count":4,"href":"https:\/\/www.aribau.es\/ca\/wp-json\/wp\/v2\/pages\/12061\/revisions"}],"predecessor-version":[{"id":12065,"href":"https:\/\/www.aribau.es\/ca\/wp-json\/wp\/v2\/pages\/12061\/revisions\/12065"}],"up":[{"embeddable":true,"href":"https:\/\/www.aribau.es\/ca\/wp-json\/wp\/v2\/pages\/12017"}],"wp:attachment":[{"href":"https:\/\/www.aribau.es\/ca\/wp-json\/wp\/v2\/media?parent=12061"}],"curies":[{"name":"wp","href":"https:\/\/api.w.org\/{rel}","templated":true}]}}