{"id":12139,"date":"2021-11-29T14:31:23","date_gmt":"2021-11-29T13:31:23","guid":{"rendered":"https:\/\/www.aribau.es\/?page_id=12139"},"modified":"2021-11-29T14:41:16","modified_gmt":"2021-11-29T13:41:16","slug":"herencia-altes-verema-tardana","status":"publish","type":"page","link":"https:\/\/www.aribau.es\/ca\/bodegas-2\/herencia-altes\/herencia-altes-verema-tardana\/","title":{"rendered":"HER\u00c8NCIA ALT\u00c9S VEREMA TARDANA"},"content":{"rendered":"<div data-elementor-type=\"wp-page\" data-elementor-id=\"12139\" class=\"elementor elementor-12139\">\n\t\t\t\t\t\t<section class=\"elementor-section elementor-top-section elementor-element elementor-element-20561a5d elementor-section-boxed elementor-section-height-default elementor-section-height-default elementor-invisible\" data-id=\"20561a5d\" data-element_type=\"section\" data-settings=\"{&quot;animation&quot;:&quot;fadeInUp&quot;}\">\n\t\t\t\t\t\t<div class=\"elementor-container elementor-column-gap-default\">\n\t\t\t\t\t<div class=\"elementor-column elementor-col-100 elementor-top-column elementor-element elementor-element-6ec9deb5\" data-id=\"6ec9deb5\" data-element_type=\"column\">\n\t\t\t<div class=\"elementor-widget-wrap elementor-element-populated\">\n\t\t\t\t\t\t<div class=\"elementor-element elementor-element-6232ead9 elementor-widget elementor-widget-text-editor\" data-id=\"6232ead9\" data-element_type=\"widget\" data-widget_type=\"text-editor.default\">\n\t\t\t\t<div class=\"elementor-widget-container\">\n\t\t\t\t\t\t\t\t\t<p>HER\u00c8NCIA ALT\u00c9S VEREMA TARDANA<\/p>\t\t\t\t\t\t\t\t<\/div>\n\t\t\t\t<\/div>\n\t\t\t\t\t<\/div>\n\t\t<\/div>\n\t\t\t\t\t<\/div>\n\t\t<\/section>\n\t\t\t\t<section class=\"elementor-section elementor-top-section elementor-element elementor-element-67feed06 elementor-section-boxed elementor-section-height-default elementor-section-height-default elementor-invisible\" data-id=\"67feed06\" data-element_type=\"section\" data-settings=\"{&quot;animation&quot;:&quot;fadeInUp&quot;}\">\n\t\t\t\t\t\t<div class=\"elementor-container elementor-column-gap-default\">\n\t\t\t\t\t<div class=\"elementor-column elementor-col-50 elementor-top-column elementor-element elementor-element-24343ffd\" data-id=\"24343ffd\" data-element_type=\"column\">\n\t\t\t<div class=\"elementor-widget-wrap elementor-element-populated\">\n\t\t\t\t\t\t<div class=\"elementor-element elementor-element-140b225d elementor-widget elementor-widget-image\" data-id=\"140b225d\" data-element_type=\"widget\" data-widget_type=\"image.default\">\n\t\t\t\t<div class=\"elementor-widget-container\">\n\t\t\t\t\t\t\t\t\t\t\t\t\t\t\t<img fetchpriority=\"high\" decoding=\"async\" width=\"236\" height=\"1003\" src=\"https:\/\/www.aribau.es\/wp-content\/uploads\/2021\/11\/HERENCIA-ALTES-VEREMA-TARDANA-1.png\" class=\"elementor-animation-grow attachment-large size-large wp-image-12142\" alt=\"\" srcset=\"https:\/\/www.aribau.es\/wp-content\/uploads\/2021\/11\/HERENCIA-ALTES-VEREMA-TARDANA-1.png 236w, https:\/\/www.aribau.es\/wp-content\/uploads\/2021\/11\/HERENCIA-ALTES-VEREMA-TARDANA-1-3x12.png 3w\" sizes=\"(max-width: 236px) 100vw, 236px\" \/>\t\t\t\t\t\t\t\t\t\t\t\t\t\t\t<\/div>\n\t\t\t\t<\/div>\n\t\t\t\t\t<\/div>\n\t\t<\/div>\n\t\t\t\t<div class=\"elementor-column elementor-col-50 elementor-top-column elementor-element elementor-element-4a950e38\" data-id=\"4a950e38\" data-element_type=\"column\">\n\t\t\t<div class=\"elementor-widget-wrap elementor-element-populated\">\n\t\t\t\t\t\t<div class=\"elementor-element elementor-element-1b99db4d elementor-widget elementor-widget-text-editor\" data-id=\"1b99db4d\" data-element_type=\"widget\" data-widget_type=\"text-editor.default\">\n\t\t\t\t<div class=\"elementor-widget-container\">\n\t\t\t\t\t\t\t\t\t<p>VARIETATS DE RA\u00cfM<\/p>\t\t\t\t\t\t\t\t<\/div>\n\t\t\t\t<\/div>\n\t\t\t\t<div class=\"elementor-element elementor-element-6947bba7 elementor-widget elementor-widget-text-editor\" data-id=\"6947bba7\" data-element_type=\"widget\" data-widget_type=\"text-editor.default\">\n\t\t\t\t<div class=\"elementor-widget-container\">\n\t\t\t\t\t\t\t\t\t<p>Garnatxa blanca<\/p>\t\t\t\t\t\t\t\t<\/div>\n\t\t\t\t<\/div>\n\t\t\t\t<div class=\"elementor-element elementor-element-4e9bd22 elementor-widget elementor-widget-text-editor\" data-id=\"4e9bd22\" data-element_type=\"widget\" data-widget_type=\"text-editor.default\">\n\t\t\t\t<div class=\"elementor-widget-container\">\n\t\t\t\t\t\t\t\t\t<p>CRIAN\u00c7A<\/p>\t\t\t\t\t\t\t\t<\/div>\n\t\t\t\t<\/div>\n\t\t\t\t<div class=\"elementor-element elementor-element-5b9e2825 elementor-widget elementor-widget-text-editor\" data-id=\"5b9e2825\" data-element_type=\"widget\" data-widget_type=\"text-editor.default\">\n\t\t\t\t<div class=\"elementor-widget-container\">\n\t\t\t\t\t\t\t\t\t<p>4 anys en b\u00f3ta i 2 anys en ampolla<\/p>\t\t\t\t\t\t\t\t<\/div>\n\t\t\t\t<\/div>\n\t\t\t\t<div class=\"elementor-element elementor-element-1a48e440 elementor-widget elementor-widget-text-editor\" data-id=\"1a48e440\" data-element_type=\"widget\" data-widget_type=\"text-editor.default\">\n\t\t\t\t<div class=\"elementor-widget-container\">\n\t\t\t\t\t\t\t\t\t<p>DENOMINACI\u00d3 D'ORIGEN<\/p>\t\t\t\t\t\t\t\t<\/div>\n\t\t\t\t<\/div>\n\t\t\t\t<div class=\"elementor-element elementor-element-20beab9c elementor-widget elementor-widget-image\" data-id=\"20beab9c\" data-element_type=\"widget\" data-widget_type=\"image.default\">\n\t\t\t\t<div class=\"elementor-widget-container\">\n\t\t\t\t\t\t\t\t\t\t\t\t\t\t\t<img decoding=\"async\" width=\"512\" height=\"512\" src=\"https:\/\/www.aribau.es\/wp-content\/uploads\/2021\/03\/DO-TERRA-ALTA.jpg\" class=\"attachment-full size-full wp-image-9064\" alt=\"\" srcset=\"https:\/\/www.aribau.es\/wp-content\/uploads\/2021\/03\/DO-TERRA-ALTA.jpg 512w, https:\/\/www.aribau.es\/wp-content\/uploads\/2021\/03\/DO-TERRA-ALTA-300x300.jpg 300w, https:\/\/www.aribau.es\/wp-content\/uploads\/2021\/03\/DO-TERRA-ALTA-150x150.jpg 150w\" sizes=\"(max-width: 512px) 100vw, 512px\" \/>\t\t\t\t\t\t\t\t\t\t\t\t\t\t\t<\/div>\n\t\t\t\t<\/div>\n\t\t\t\t<div class=\"elementor-element elementor-element-1b608945 elementor-widget elementor-widget-text-editor\" data-id=\"1b608945\" data-element_type=\"widget\" data-widget_type=\"text-editor.default\">\n\t\t\t\t<div class=\"elementor-widget-container\">\n\t\t\t\t\t\t\t\t\t<p>DESCRIPCI\u00d3<\/p>\t\t\t\t\t\t\t\t<\/div>\n\t\t\t\t<\/div>\n\t\t\t\t<div class=\"elementor-element elementor-element-346886c1 elementor-widget elementor-widget-text-editor\" data-id=\"346886c1\" data-element_type=\"widget\" data-widget_type=\"text-editor.default\">\n\t\t\t\t<div class=\"elementor-widget-container\">\n\t\t\t\t\t\t\t\t\t<p>Aspecte: Color ambre brillant.<\/p><p>Nas: Al nas es desperten notes de pell de taronja deshidratada, caramel, avellana i herbes mediterr\u00e0nies, mantenint una ess\u00e8ncia honesta de la Garnatxa Blanca.<\/p><p>Boca: A la boca es mostra fresc i untu\u00f3s alhora, amb una acidesa vibrant.<\/p>\t\t\t\t\t\t\t\t<\/div>\n\t\t\t\t<\/div>\n\t\t\t\t\t<\/div>\n\t\t<\/div>\n\t\t\t\t\t<\/div>\n\t\t<\/section>\n\t\t\t\t<section class=\"elementor-section elementor-top-section elementor-element elementor-element-ad3c84b elementor-section-boxed elementor-section-height-default elementor-section-height-default\" data-id=\"ad3c84b\" data-element_type=\"section\">\n\t\t\t\t\t\t<div class=\"elementor-container elementor-column-gap-default\">\n\t\t\t\t\t<div class=\"elementor-column elementor-col-100 elementor-top-column elementor-element elementor-element-06c81f8\" data-id=\"06c81f8\" data-element_type=\"column\">\n\t\t\t<div class=\"elementor-widget-wrap elementor-element-populated\">\n\t\t\t\t\t\t<div class=\"elementor-element elementor-element-94e49e7 elementor-widget elementor-widget-spacer\" data-id=\"94e49e7\" data-element_type=\"widget\" data-widget_type=\"spacer.default\">\n\t\t\t\t<div class=\"elementor-widget-container\">\n\t\t\t\t\t\t\t<div class=\"elementor-spacer\">\n\t\t\t<div class=\"elementor-spacer-inner\"><\/div>\n\t\t<\/div>\n\t\t\t\t\t\t<\/div>\n\t\t\t\t<\/div>\n\t\t\t\t\t<\/div>\n\t\t<\/div>\n\t\t\t\t\t<\/div>\n\t\t<\/section>\n\t\t\t\t<\/div>","protected":false},"excerpt":{"rendered":"<p>HER\u00c8NCIA ALT\u00c9S VEREMA TARDANA variedades de uva Garnacha blanca Crianza 4 a\u00f1os en barrica y 2 a\u00f1os en botella Denominaci\u00f3n de origen descripci\u00f3n Aspecto: Color \u00e1mbar brillante. Nariz: En nariz se despiertan notas de piel de naranja deshidratada, caramelo, avellana y hierbas mediterr\u00e1neas, manteniendo una esencia honesta de la Garnacha Blanca. Boca: En boca se &#8230; <a title=\"HER\u00c8NCIA ALT\u00c9S VEREMA TARDANA\" class=\"read-more\" href=\"https:\/\/www.aribau.es\/ca\/bodegas-2\/herencia-altes\/herencia-altes-verema-tardana\/\" aria-label=\"M\u00e9s informaci\u00f3 sobre HER\u00c8NCIA ALT\u00c9S VEREMA TARDANA\">Llegiu m\u00e9s<\/a><\/p>","protected":false},"author":3,"featured_media":0,"parent":8170,"menu_order":0,"comment_status":"closed","ping_status":"closed","template":"elementor_header_footer","meta":{"footnotes":""},"class_list":["post-12139","page","type-page","status-publish"],"yoast_head":"<!-- This site is optimized with the Yoast SEO plugin v26.7 - https:\/\/yoast.com\/wordpress\/plugins\/seo\/ -->\n<title>HER\u00c8NCIA ALT\u00c9S VEREMA TARDANA - Aribau<\/title>\n<meta name=\"robots\" content=\"index, follow, max-snippet:-1, max-image-preview:large, max-video-preview:-1\" \/>\n<link rel=\"canonical\" href=\"https:\/\/www.aribau.es\/ca\/bodegas-2\/herencia-altes\/herencia-altes-verema-tardana\/\" \/>\n<meta property=\"og:locale\" content=\"ca_ES\" \/>\n<meta property=\"og:type\" content=\"article\" \/>\n<meta property=\"og:title\" content=\"HER\u00c8NCIA ALT\u00c9S VEREMA TARDANA - Aribau\" \/>\n<meta property=\"og:description\" content=\"HER\u00c8NCIA ALT\u00c9S VEREMA TARDANA variedades de uva Garnacha blanca Crianza 4 a\u00f1os en barrica y 2 a\u00f1os en botella Denominaci\u00f3n de origen descripci\u00f3n Aspecto: Color \u00e1mbar brillante. Nariz: En nariz se despiertan notas de piel de naranja deshidratada, caramelo, avellana y hierbas mediterr\u00e1neas, manteniendo una esencia honesta de la Garnacha Blanca. Boca: En boca se ... Llegiu m\u00e9s\" \/>\n<meta property=\"og:url\" content=\"https:\/\/www.aribau.es\/ca\/bodegas-2\/herencia-altes\/herencia-altes-verema-tardana\/\" \/>\n<meta property=\"og:site_name\" content=\"Aribau\" \/>\n<meta property=\"article:publisher\" content=\"https:\/\/www.facebook.com\/aribau1964\/\" \/>\n<meta property=\"article:modified_time\" content=\"2021-11-29T13:41:16+00:00\" \/>\n<meta property=\"og:image\" content=\"https:\/\/www.aribau.es\/wp-content\/uploads\/2021\/11\/HERENCIA-ALTES-VEREMA-TARDANA-1.png\" \/>\n<meta name=\"twitter:card\" content=\"summary_large_image\" \/>\n<meta name=\"twitter:site\" content=\"@aribau1964\" \/>\n<script type=\"application\/ld+json\" class=\"yoast-schema-graph\">{\"@context\":\"https:\/\/schema.org\",\"@graph\":[{\"@type\":\"WebPage\",\"@id\":\"https:\/\/www.aribau.es\/bodegas-2\/herencia-altes\/herencia-altes-verema-tardana\/\",\"url\":\"https:\/\/www.aribau.es\/bodegas-2\/herencia-altes\/herencia-altes-verema-tardana\/\",\"name\":\"HER\u00c8NCIA ALT\u00c9S VEREMA TARDANA - Aribau\",\"isPartOf\":{\"@id\":\"https:\/\/www.aribau.es\/#website\"},\"primaryImageOfPage\":{\"@id\":\"https:\/\/www.aribau.es\/bodegas-2\/herencia-altes\/herencia-altes-verema-tardana\/#primaryimage\"},\"image\":{\"@id\":\"https:\/\/www.aribau.es\/bodegas-2\/herencia-altes\/herencia-altes-verema-tardana\/#primaryimage\"},\"thumbnailUrl\":\"https:\/\/www.aribau.es\/wp-content\/uploads\/2021\/11\/HERENCIA-ALTES-VEREMA-TARDANA-1.png\",\"datePublished\":\"2021-11-29T13:31:23+00:00\",\"dateModified\":\"2021-11-29T13:41:16+00:00\",\"breadcrumb\":{\"@id\":\"https:\/\/www.aribau.es\/bodegas-2\/herencia-altes\/herencia-altes-verema-tardana\/#breadcrumb\"},\"inLanguage\":\"ca\",\"potentialAction\":[{\"@type\":\"ReadAction\",\"target\":[\"https:\/\/www.aribau.es\/bodegas-2\/herencia-altes\/herencia-altes-verema-tardana\/\"]}]},{\"@type\":\"ImageObject\",\"inLanguage\":\"ca\",\"@id\":\"https:\/\/www.aribau.es\/bodegas-2\/herencia-altes\/herencia-altes-verema-tardana\/#primaryimage\",\"url\":\"https:\/\/www.aribau.es\/wp-content\/uploads\/2021\/11\/HERENCIA-ALTES-VEREMA-TARDANA-1.png\",\"contentUrl\":\"https:\/\/www.aribau.es\/wp-content\/uploads\/2021\/11\/HERENCIA-ALTES-VEREMA-TARDANA-1.png\"},{\"@type\":\"BreadcrumbList\",\"@id\":\"https:\/\/www.aribau.es\/bodegas-2\/herencia-altes\/herencia-altes-verema-tardana\/#breadcrumb\",\"itemListElement\":[{\"@type\":\"ListItem\",\"position\":1,\"name\":\"Portada\",\"item\":\"https:\/\/www.aribau.es\/\"},{\"@type\":\"ListItem\",\"position\":2,\"name\":\"BODEGAS\",\"item\":\"https:\/\/www.aribau.es\/bodegas-2\/\"},{\"@type\":\"ListItem\",\"position\":3,\"name\":\"HER\u00c8NCIA ALT\u00c9S\",\"item\":\"https:\/\/www.aribau.es\/bodegas-2\/herencia-altes\/\"},{\"@type\":\"ListItem\",\"position\":4,\"name\":\"HER\u00c8NCIA ALT\u00c9S VEREMA TARDANA\"}]},{\"@type\":\"WebSite\",\"@id\":\"https:\/\/www.aribau.es\/#website\",\"url\":\"https:\/\/www.aribau.es\/\",\"name\":\"Aribau\",\"description\":\"VINOS Y BODEGAS\",\"publisher\":{\"@id\":\"https:\/\/www.aribau.es\/#organization\"},\"potentialAction\":[{\"@type\":\"SearchAction\",\"target\":{\"@type\":\"EntryPoint\",\"urlTemplate\":\"https:\/\/www.aribau.es\/?s={search_term_string}\"},\"query-input\":{\"@type\":\"PropertyValueSpecification\",\"valueRequired\":true,\"valueName\":\"search_term_string\"}}],\"inLanguage\":\"ca\"},{\"@type\":\"Organization\",\"@id\":\"https:\/\/www.aribau.es\/#organization\",\"name\":\"Aribau\",\"url\":\"https:\/\/www.aribau.es\/\",\"logo\":{\"@type\":\"ImageObject\",\"inLanguage\":\"ca\",\"@id\":\"https:\/\/www.aribau.es\/#\/schema\/logo\/image\/\",\"url\":\"https:\/\/www.aribau.es\/wp-content\/uploads\/2022\/03\/logo.png\",\"contentUrl\":\"https:\/\/www.aribau.es\/wp-content\/uploads\/2022\/03\/logo.png\",\"width\":300,\"height\":300,\"caption\":\"Aribau\"},\"image\":{\"@id\":\"https:\/\/www.aribau.es\/#\/schema\/logo\/image\/\"},\"sameAs\":[\"https:\/\/www.facebook.com\/aribau1964\/\",\"https:\/\/x.com\/aribau1964\",\"https:\/\/www.instagram.com\/aribau1964\/\"]}]}<\/script>\n<!-- \/ Yoast SEO plugin. -->","yoast_head_json":{"title":"HER\u00c8NCIA ALT\u00c9S VEREMA TARDANA - Aribau","robots":{"index":"index","follow":"follow","max-snippet":"max-snippet:-1","max-image-preview":"max-image-preview:large","max-video-preview":"max-video-preview:-1"},"canonical":"https:\/\/www.aribau.es\/ca\/bodegas-2\/herencia-altes\/herencia-altes-verema-tardana\/","og_locale":"ca_ES","og_type":"article","og_title":"HER\u00c8NCIA ALT\u00c9S VEREMA TARDANA - Aribau","og_description":"HER\u00c8NCIA ALT\u00c9S VEREMA TARDANA variedades de uva Garnacha blanca Crianza 4 a\u00f1os en barrica y 2 a\u00f1os en botella Denominaci\u00f3n de origen descripci\u00f3n Aspecto: Color \u00e1mbar brillante. Nariz: En nariz se despiertan notas de piel de naranja deshidratada, caramelo, avellana y hierbas mediterr\u00e1neas, manteniendo una esencia honesta de la Garnacha Blanca. Boca: En boca se ... Llegiu m\u00e9s","og_url":"https:\/\/www.aribau.es\/ca\/bodegas-2\/herencia-altes\/herencia-altes-verema-tardana\/","og_site_name":"Aribau","article_publisher":"https:\/\/www.facebook.com\/aribau1964\/","article_modified_time":"2021-11-29T13:41:16+00:00","og_image":[{"url":"https:\/\/www.aribau.es\/wp-content\/uploads\/2021\/11\/HERENCIA-ALTES-VEREMA-TARDANA-1.png","type":"","width":"","height":""}],"twitter_card":"summary_large_image","twitter_site":"@aribau1964","schema":{"@context":"https:\/\/schema.org","@graph":[{"@type":"WebPage","@id":"https:\/\/www.aribau.es\/bodegas-2\/herencia-altes\/herencia-altes-verema-tardana\/","url":"https:\/\/www.aribau.es\/bodegas-2\/herencia-altes\/herencia-altes-verema-tardana\/","name":"HER\u00c8NCIA ALT\u00c9S VEREMA TARDANA - Aribau","isPartOf":{"@id":"https:\/\/www.aribau.es\/#website"},"primaryImageOfPage":{"@id":"https:\/\/www.aribau.es\/bodegas-2\/herencia-altes\/herencia-altes-verema-tardana\/#primaryimage"},"image":{"@id":"https:\/\/www.aribau.es\/bodegas-2\/herencia-altes\/herencia-altes-verema-tardana\/#primaryimage"},"thumbnailUrl":"https:\/\/www.aribau.es\/wp-content\/uploads\/2021\/11\/HERENCIA-ALTES-VEREMA-TARDANA-1.png","datePublished":"2021-11-29T13:31:23+00:00","dateModified":"2021-11-29T13:41:16+00:00","breadcrumb":{"@id":"https:\/\/www.aribau.es\/bodegas-2\/herencia-altes\/herencia-altes-verema-tardana\/#breadcrumb"},"inLanguage":"ca","potentialAction":[{"@type":"ReadAction","target":["https:\/\/www.aribau.es\/bodegas-2\/herencia-altes\/herencia-altes-verema-tardana\/"]}]},{"@type":"ImageObject","inLanguage":"ca","@id":"https:\/\/www.aribau.es\/bodegas-2\/herencia-altes\/herencia-altes-verema-tardana\/#primaryimage","url":"https:\/\/www.aribau.es\/wp-content\/uploads\/2021\/11\/HERENCIA-ALTES-VEREMA-TARDANA-1.png","contentUrl":"https:\/\/www.aribau.es\/wp-content\/uploads\/2021\/11\/HERENCIA-ALTES-VEREMA-TARDANA-1.png"},{"@type":"BreadcrumbList","@id":"https:\/\/www.aribau.es\/bodegas-2\/herencia-altes\/herencia-altes-verema-tardana\/#breadcrumb","itemListElement":[{"@type":"ListItem","position":1,"name":"Portada","item":"https:\/\/www.aribau.es\/"},{"@type":"ListItem","position":2,"name":"BODEGAS","item":"https:\/\/www.aribau.es\/bodegas-2\/"},{"@type":"ListItem","position":3,"name":"HER\u00c8NCIA ALT\u00c9S","item":"https:\/\/www.aribau.es\/bodegas-2\/herencia-altes\/"},{"@type":"ListItem","position":4,"name":"HER\u00c8NCIA ALT\u00c9S VEREMA TARDANA"}]},{"@type":"WebSite","@id":"https:\/\/www.aribau.es\/#website","url":"https:\/\/www.aribau.es\/","name":"Aribau","description":"VINOS Y BODEGAS","publisher":{"@id":"https:\/\/www.aribau.es\/#organization"},"potentialAction":[{"@type":"SearchAction","target":{"@type":"EntryPoint","urlTemplate":"https:\/\/www.aribau.es\/?s={search_term_string}"},"query-input":{"@type":"PropertyValueSpecification","valueRequired":true,"valueName":"search_term_string"}}],"inLanguage":"ca"},{"@type":"Organization","@id":"https:\/\/www.aribau.es\/#organization","name":"Aribau","url":"https:\/\/www.aribau.es\/","logo":{"@type":"ImageObject","inLanguage":"ca","@id":"https:\/\/www.aribau.es\/#\/schema\/logo\/image\/","url":"https:\/\/www.aribau.es\/wp-content\/uploads\/2022\/03\/logo.png","contentUrl":"https:\/\/www.aribau.es\/wp-content\/uploads\/2022\/03\/logo.png","width":300,"height":300,"caption":"Aribau"},"image":{"@id":"https:\/\/www.aribau.es\/#\/schema\/logo\/image\/"},"sameAs":["https:\/\/www.facebook.com\/aribau1964\/","https:\/\/x.com\/aribau1964","https:\/\/www.instagram.com\/aribau1964\/"]}]}},"_links":{"self":[{"href":"https:\/\/www.aribau.es\/ca\/wp-json\/wp\/v2\/pages\/12139","targetHints":{"allow":["GET"]}}],"collection":[{"href":"https:\/\/www.aribau.es\/ca\/wp-json\/wp\/v2\/pages"}],"about":[{"href":"https:\/\/www.aribau.es\/ca\/wp-json\/wp\/v2\/types\/page"}],"author":[{"embeddable":true,"href":"https:\/\/www.aribau.es\/ca\/wp-json\/wp\/v2\/users\/3"}],"replies":[{"embeddable":true,"href":"https:\/\/www.aribau.es\/ca\/wp-json\/wp\/v2\/comments?post=12139"}],"version-history":[{"count":4,"href":"https:\/\/www.aribau.es\/ca\/wp-json\/wp\/v2\/pages\/12139\/revisions"}],"predecessor-version":[{"id":12145,"href":"https:\/\/www.aribau.es\/ca\/wp-json\/wp\/v2\/pages\/12139\/revisions\/12145"}],"up":[{"embeddable":true,"href":"https:\/\/www.aribau.es\/ca\/wp-json\/wp\/v2\/pages\/8170"}],"wp:attachment":[{"href":"https:\/\/www.aribau.es\/ca\/wp-json\/wp\/v2\/media?parent=12139"}],"curies":[{"name":"wp","href":"https:\/\/api.w.org\/{rel}","templated":true}]}}