{"id":12287,"date":"2022-03-25T12:56:36","date_gmt":"2022-03-25T11:56:36","guid":{"rendered":"https:\/\/www.aribau.es\/?page_id=12287"},"modified":"2022-03-25T12:58:16","modified_gmt":"2022-03-25T11:58:16","slug":"olivias-original-verde-deshuesada-2","status":"publish","type":"page","link":"https:\/\/www.aribau.es\/ca\/bodegas-2\/olivias-by-tast\/productos-olivias-by-tast\/olivias-original-verde-deshuesada-2\/","title":{"rendered":"OLIVIAS ORIGINAL VERD DESOSOSADA"},"content":{"rendered":"<div data-elementor-type=\"wp-page\" data-elementor-id=\"12287\" class=\"elementor elementor-12287\">\n\t\t\t\t\t\t<section class=\"elementor-section elementor-top-section elementor-element elementor-element-cc83d16 elementor-section-boxed elementor-section-height-default elementor-section-height-default elementor-invisible\" data-id=\"cc83d16\" data-element_type=\"section\" data-settings=\"{&quot;animation&quot;:&quot;fadeInUp&quot;}\">\n\t\t\t\t\t\t<div class=\"elementor-container elementor-column-gap-default\">\n\t\t\t\t\t<div class=\"elementor-column elementor-col-100 elementor-top-column elementor-element elementor-element-59152269\" data-id=\"59152269\" data-element_type=\"column\">\n\t\t\t<div class=\"elementor-widget-wrap elementor-element-populated\">\n\t\t\t\t\t\t<div class=\"elementor-element elementor-element-454ca750 elementor-widget elementor-widget-text-editor\" data-id=\"454ca750\" data-element_type=\"widget\" data-widget_type=\"text-editor.default\">\n\t\t\t\t<div class=\"elementor-widget-container\">\n\t\t\t\t\t\t\t\t\t<p>OLIVIAS ORIGINAL VERD DESOSOSADA<\/p>\t\t\t\t\t\t\t\t<\/div>\n\t\t\t\t<\/div>\n\t\t\t\t\t<\/div>\n\t\t<\/div>\n\t\t\t\t\t<\/div>\n\t\t<\/section>\n\t\t\t\t<section class=\"elementor-section elementor-top-section elementor-element elementor-element-24e22269 elementor-section-full_width elementor-section-height-default elementor-section-height-default elementor-invisible\" data-id=\"24e22269\" data-element_type=\"section\" data-settings=\"{&quot;animation&quot;:&quot;fadeInUp&quot;}\">\n\t\t\t\t\t\t<div class=\"elementor-container elementor-column-gap-default\">\n\t\t\t\t\t<div class=\"elementor-column elementor-col-50 elementor-top-column elementor-element elementor-element-3c27d877\" data-id=\"3c27d877\" data-element_type=\"column\">\n\t\t\t<div class=\"elementor-widget-wrap elementor-element-populated\">\n\t\t\t\t\t\t<div class=\"elementor-element elementor-element-11e22cff elementor-widget elementor-widget-image\" data-id=\"11e22cff\" data-element_type=\"widget\" data-widget_type=\"image.default\">\n\t\t\t\t<div class=\"elementor-widget-container\">\n\t\t\t\t\t\t\t\t\t\t\t\t\t\t\t<img fetchpriority=\"high\" decoding=\"async\" width=\"328\" height=\"442\" src=\"https:\/\/www.aribau.es\/wp-content\/uploads\/2022\/03\/OLIVIAS-ORIGINAL-VERDE-DESHUESADA.png\" class=\"elementor-animation-grow attachment-large size-large wp-image-12255\" alt=\"\" srcset=\"https:\/\/www.aribau.es\/wp-content\/uploads\/2022\/03\/OLIVIAS-ORIGINAL-VERDE-DESHUESADA.png 328w, https:\/\/www.aribau.es\/wp-content\/uploads\/2022\/03\/OLIVIAS-ORIGINAL-VERDE-DESHUESADA-223x300.png 223w, https:\/\/www.aribau.es\/wp-content\/uploads\/2022\/03\/OLIVIAS-ORIGINAL-VERDE-DESHUESADA-9x12.png 9w\" sizes=\"(max-width: 328px) 100vw, 328px\" \/>\t\t\t\t\t\t\t\t\t\t\t\t\t\t\t<\/div>\n\t\t\t\t<\/div>\n\t\t\t\t\t<\/div>\n\t\t<\/div>\n\t\t\t\t<div class=\"elementor-column elementor-col-50 elementor-top-column elementor-element elementor-element-564f0b72\" data-id=\"564f0b72\" data-element_type=\"column\">\n\t\t\t<div class=\"elementor-widget-wrap elementor-element-populated\">\n\t\t\t\t\t\t<div class=\"elementor-element elementor-element-7fa669f4 elementor-widget elementor-widget-text-editor\" data-id=\"7fa669f4\" data-element_type=\"widget\" data-widget_type=\"text-editor.default\">\n\t\t\t\t<div class=\"elementor-widget-container\">\n\t\t\t\t\t\t\t\t\t<p>Tipus d'oliva<\/p>\t\t\t\t\t\t\t\t<\/div>\n\t\t\t\t<\/div>\n\t\t\t\t<div class=\"elementor-element elementor-element-3188d749 elementor-widget elementor-widget-text-editor\" data-id=\"3188d749\" data-element_type=\"widget\" data-widget_type=\"text-editor.default\">\n\t\t\t\t<div class=\"elementor-widget-container\">\n\t\t\t\t\t\t\t\t\t<p>Gordal desossada<\/p>\t\t\t\t\t\t\t\t<\/div>\n\t\t\t\t<\/div>\n\t\t\t\t<div class=\"elementor-element elementor-element-5c4624fd elementor-widget elementor-widget-text-editor\" data-id=\"5c4624fd\" data-element_type=\"widget\" data-widget_type=\"text-editor.default\">\n\t\t\t\t<div class=\"elementor-widget-container\">\n\t\t\t\t\t\t\t\t\t<p>FORMAT<\/p>\t\t\t\t\t\t\t\t<\/div>\n\t\t\t\t<\/div>\n\t\t\t\t<div class=\"elementor-element elementor-element-3c1886a elementor-widget elementor-widget-text-editor\" data-id=\"3c1886a\" data-element_type=\"widget\" data-widget_type=\"text-editor.default\">\n\t\t\t\t<div class=\"elementor-widget-container\">\n\t\t\t\t\t\t\t\t\t<p>Caixes de 2 ; 6 *<\/p>\t\t\t\t\t\t\t\t<\/div>\n\t\t\t\t<\/div>\n\t\t\t\t<div class=\"elementor-element elementor-element-1b3d39bb elementor-widget elementor-widget-text-editor\" data-id=\"1b3d39bb\" data-element_type=\"widget\" data-widget_type=\"text-editor.default\">\n\t\t\t\t<div class=\"elementor-widget-container\">\n\t\t\t\t\t\t\t\t\t<p>PES<\/p>\t\t\t\t\t\t\t\t<\/div>\n\t\t\t\t<\/div>\n\t\t\t\t<div class=\"elementor-element elementor-element-270a0cf elementor-widget elementor-widget-text-editor\" data-id=\"270a0cf\" data-element_type=\"widget\" data-widget_type=\"text-editor.default\">\n\t\t\t\t<div class=\"elementor-widget-container\">\n\t\t\t\t\t\t\t\t\t<p>4,25 kg; 370 gr<\/p>\t\t\t\t\t\t\t\t<\/div>\n\t\t\t\t<\/div>\n\t\t\t\t<div class=\"elementor-element elementor-element-70e82e0a elementor-widget elementor-widget-text-editor\" data-id=\"70e82e0a\" data-element_type=\"widget\" data-widget_type=\"text-editor.default\">\n\t\t\t\t<div class=\"elementor-widget-container\">\n\t\t\t\t\t\t\t\t\t<p>DESCRIPCI\u00d3<\/p>\t\t\t\t\t\t\t\t<\/div>\n\t\t\t\t<\/div>\n\t\t\t\t<div class=\"elementor-element elementor-element-14e576c5 elementor-widget elementor-widget-text-editor\" data-id=\"14e576c5\" data-element_type=\"widget\" data-widget_type=\"text-editor.default\">\n\t\t\t\t<div class=\"elementor-widget-container\">\n\t\t\t\t\t\t\t\t\t<p>Oliva de gran calibre d'origen grec, sense pinyol, elaborada amb oli d'oliva verge extra i amb un lleuger toc de llimona. \u00c9s molt carnosa i dol\u00e7a, agradable a la boca, f\u00e0cil de combinar. Possiblement el millor gordal del m\u00f3n.<\/p>\t\t\t\t\t\t\t\t<\/div>\n\t\t\t\t<\/div>\n\t\t\t\t<div class=\"elementor-element elementor-element-4e0da91c elementor-widget elementor-widget-spacer\" data-id=\"4e0da91c\" data-element_type=\"widget\" data-widget_type=\"spacer.default\">\n\t\t\t\t<div class=\"elementor-widget-container\">\n\t\t\t\t\t\t\t<div class=\"elementor-spacer\">\n\t\t\t<div class=\"elementor-spacer-inner\"><\/div>\n\t\t<\/div>\n\t\t\t\t\t\t<\/div>\n\t\t\t\t<\/div>\n\t\t\t\t\t<\/div>\n\t\t<\/div>\n\t\t\t\t\t<\/div>\n\t\t<\/section>\n\t\t\t\t<\/div>","protected":false},"excerpt":{"rendered":"<p>OLIVIAS ORIGINAL VERDE DESHUESADA TIPO DE ACEITUNA Gordal deshuesada FORMATO Cajas de 2 ; 6 * PESO 4,25 kg ; 370 gr descripci\u00f3n Aceituna de gran calibre de origen griego, sin hueso, elaborada con aceite de oliva virgen extra y con un ligero toque de lim\u00f3n. Es muy carnosa y dulce, agradable en boca, f\u00e1cil &#8230; <a title=\"OLIVIAS ORIGINAL VERD DESOSOSADA\" class=\"read-more\" href=\"https:\/\/www.aribau.es\/ca\/bodegas-2\/olivias-by-tast\/productos-olivias-by-tast\/olivias-original-verde-deshuesada-2\/\" aria-label=\"M\u00e9s informaci\u00f3 sobre OLIVIAS ORIGINAL VERDE DESHUESADA\">Llegiu m\u00e9s<\/a><\/p>","protected":false},"author":3,"featured_media":0,"parent":12249,"menu_order":0,"comment_status":"closed","ping_status":"closed","template":"elementor_header_footer","meta":{"footnotes":""},"class_list":["post-12287","page","type-page","status-publish"],"yoast_head":"<!-- This site is optimized with the Yoast SEO plugin v26.7 - https:\/\/yoast.com\/wordpress\/plugins\/seo\/ -->\n<title>OLIVIAS ORIGINAL VERDE DESHUESADA - Aribau<\/title>\n<meta name=\"robots\" content=\"index, follow, max-snippet:-1, max-image-preview:large, max-video-preview:-1\" \/>\n<link rel=\"canonical\" href=\"https:\/\/www.aribau.es\/ca\/bodegas-2\/olivias-by-tast\/productos-olivias-by-tast\/olivias-original-verde-deshuesada-2\/\" \/>\n<meta property=\"og:locale\" content=\"ca_ES\" \/>\n<meta property=\"og:type\" content=\"article\" \/>\n<meta property=\"og:title\" content=\"OLIVIAS ORIGINAL VERDE DESHUESADA - Aribau\" \/>\n<meta property=\"og:description\" content=\"OLIVIAS ORIGINAL VERDE DESHUESADA TIPO DE ACEITUNA Gordal deshuesada FORMATO Cajas de 2 ; 6 * PESO 4,25 kg ; 370 gr descripci\u00f3n Aceituna de gran calibre de origen griego, sin hueso, elaborada con aceite de oliva virgen extra y con un ligero toque de lim\u00f3n. Es muy carnosa y dulce, agradable en boca, f\u00e1cil ... Llegiu m\u00e9s\" \/>\n<meta property=\"og:url\" content=\"https:\/\/www.aribau.es\/ca\/bodegas-2\/olivias-by-tast\/productos-olivias-by-tast\/olivias-original-verde-deshuesada-2\/\" \/>\n<meta property=\"og:site_name\" content=\"Aribau\" \/>\n<meta property=\"article:publisher\" content=\"https:\/\/www.facebook.com\/aribau1964\/\" \/>\n<meta property=\"article:modified_time\" content=\"2022-03-25T11:58:16+00:00\" \/>\n<meta property=\"og:image\" content=\"https:\/\/www.aribau.es\/wp-content\/uploads\/2022\/03\/OLIVIAS-ORIGINAL-VERDE-DESHUESADA.png\" \/>\n<meta name=\"twitter:card\" content=\"summary_large_image\" \/>\n<meta name=\"twitter:site\" content=\"@aribau1964\" \/>\n<script type=\"application\/ld+json\" class=\"yoast-schema-graph\">{\"@context\":\"https:\/\/schema.org\",\"@graph\":[{\"@type\":\"WebPage\",\"@id\":\"https:\/\/www.aribau.es\/bodegas-2\/olivias-by-tast\/productos-olivias-by-tast\/olivias-original-verde-deshuesada-2\/\",\"url\":\"https:\/\/www.aribau.es\/bodegas-2\/olivias-by-tast\/productos-olivias-by-tast\/olivias-original-verde-deshuesada-2\/\",\"name\":\"OLIVIAS ORIGINAL VERDE DESHUESADA - Aribau\",\"isPartOf\":{\"@id\":\"https:\/\/www.aribau.es\/#website\"},\"primaryImageOfPage\":{\"@id\":\"https:\/\/www.aribau.es\/bodegas-2\/olivias-by-tast\/productos-olivias-by-tast\/olivias-original-verde-deshuesada-2\/#primaryimage\"},\"image\":{\"@id\":\"https:\/\/www.aribau.es\/bodegas-2\/olivias-by-tast\/productos-olivias-by-tast\/olivias-original-verde-deshuesada-2\/#primaryimage\"},\"thumbnailUrl\":\"https:\/\/www.aribau.es\/wp-content\/uploads\/2022\/03\/OLIVIAS-ORIGINAL-VERDE-DESHUESADA.png\",\"datePublished\":\"2022-03-25T11:56:36+00:00\",\"dateModified\":\"2022-03-25T11:58:16+00:00\",\"breadcrumb\":{\"@id\":\"https:\/\/www.aribau.es\/bodegas-2\/olivias-by-tast\/productos-olivias-by-tast\/olivias-original-verde-deshuesada-2\/#breadcrumb\"},\"inLanguage\":\"ca\",\"potentialAction\":[{\"@type\":\"ReadAction\",\"target\":[\"https:\/\/www.aribau.es\/bodegas-2\/olivias-by-tast\/productos-olivias-by-tast\/olivias-original-verde-deshuesada-2\/\"]}]},{\"@type\":\"ImageObject\",\"inLanguage\":\"ca\",\"@id\":\"https:\/\/www.aribau.es\/bodegas-2\/olivias-by-tast\/productos-olivias-by-tast\/olivias-original-verde-deshuesada-2\/#primaryimage\",\"url\":\"https:\/\/www.aribau.es\/wp-content\/uploads\/2022\/03\/OLIVIAS-ORIGINAL-VERDE-DESHUESADA.png\",\"contentUrl\":\"https:\/\/www.aribau.es\/wp-content\/uploads\/2022\/03\/OLIVIAS-ORIGINAL-VERDE-DESHUESADA.png\"},{\"@type\":\"BreadcrumbList\",\"@id\":\"https:\/\/www.aribau.es\/bodegas-2\/olivias-by-tast\/productos-olivias-by-tast\/olivias-original-verde-deshuesada-2\/#breadcrumb\",\"itemListElement\":[{\"@type\":\"ListItem\",\"position\":1,\"name\":\"Portada\",\"item\":\"https:\/\/www.aribau.es\/\"},{\"@type\":\"ListItem\",\"position\":2,\"name\":\"BODEGAS\",\"item\":\"https:\/\/www.aribau.es\/bodegas-2\/\"},{\"@type\":\"ListItem\",\"position\":3,\"name\":\"OLIVIAS BY TAST\",\"item\":\"https:\/\/www.aribau.es\/bodegas-2\/olivias-by-tast\/\"},{\"@type\":\"ListItem\",\"position\":4,\"name\":\"PRODUCTOS OLIVIAS BY TAST\",\"item\":\"https:\/\/www.aribau.es\/bodegas-2\/olivias-by-tast\/productos-olivias-by-tast\/\"},{\"@type\":\"ListItem\",\"position\":5,\"name\":\"OLIVIAS ORIGINAL VERDE DESHUESADA\"}]},{\"@type\":\"WebSite\",\"@id\":\"https:\/\/www.aribau.es\/#website\",\"url\":\"https:\/\/www.aribau.es\/\",\"name\":\"Aribau\",\"description\":\"VINOS Y BODEGAS\",\"publisher\":{\"@id\":\"https:\/\/www.aribau.es\/#organization\"},\"potentialAction\":[{\"@type\":\"SearchAction\",\"target\":{\"@type\":\"EntryPoint\",\"urlTemplate\":\"https:\/\/www.aribau.es\/?s={search_term_string}\"},\"query-input\":{\"@type\":\"PropertyValueSpecification\",\"valueRequired\":true,\"valueName\":\"search_term_string\"}}],\"inLanguage\":\"ca\"},{\"@type\":\"Organization\",\"@id\":\"https:\/\/www.aribau.es\/#organization\",\"name\":\"Aribau\",\"url\":\"https:\/\/www.aribau.es\/\",\"logo\":{\"@type\":\"ImageObject\",\"inLanguage\":\"ca\",\"@id\":\"https:\/\/www.aribau.es\/#\/schema\/logo\/image\/\",\"url\":\"https:\/\/www.aribau.es\/wp-content\/uploads\/2022\/03\/logo.png\",\"contentUrl\":\"https:\/\/www.aribau.es\/wp-content\/uploads\/2022\/03\/logo.png\",\"width\":300,\"height\":300,\"caption\":\"Aribau\"},\"image\":{\"@id\":\"https:\/\/www.aribau.es\/#\/schema\/logo\/image\/\"},\"sameAs\":[\"https:\/\/www.facebook.com\/aribau1964\/\",\"https:\/\/x.com\/aribau1964\",\"https:\/\/www.instagram.com\/aribau1964\/\"]}]}<\/script>\n<!-- \/ Yoast SEO plugin. -->","yoast_head_json":{"title":"OLIVIAS ORIGINAL VERDE DESHUESADA - Aribau","robots":{"index":"index","follow":"follow","max-snippet":"max-snippet:-1","max-image-preview":"max-image-preview:large","max-video-preview":"max-video-preview:-1"},"canonical":"https:\/\/www.aribau.es\/ca\/bodegas-2\/olivias-by-tast\/productos-olivias-by-tast\/olivias-original-verde-deshuesada-2\/","og_locale":"ca_ES","og_type":"article","og_title":"OLIVIAS ORIGINAL VERDE DESHUESADA - Aribau","og_description":"OLIVIAS ORIGINAL VERDE DESHUESADA TIPO DE ACEITUNA Gordal deshuesada FORMATO Cajas de 2 ; 6 * PESO 4,25 kg ; 370 gr descripci\u00f3n Aceituna de gran calibre de origen griego, sin hueso, elaborada con aceite de oliva virgen extra y con un ligero toque de lim\u00f3n. Es muy carnosa y dulce, agradable en boca, f\u00e1cil ... Llegiu m\u00e9s","og_url":"https:\/\/www.aribau.es\/ca\/bodegas-2\/olivias-by-tast\/productos-olivias-by-tast\/olivias-original-verde-deshuesada-2\/","og_site_name":"Aribau","article_publisher":"https:\/\/www.facebook.com\/aribau1964\/","article_modified_time":"2022-03-25T11:58:16+00:00","og_image":[{"url":"https:\/\/www.aribau.es\/wp-content\/uploads\/2022\/03\/OLIVIAS-ORIGINAL-VERDE-DESHUESADA.png","type":"","width":"","height":""}],"twitter_card":"summary_large_image","twitter_site":"@aribau1964","schema":{"@context":"https:\/\/schema.org","@graph":[{"@type":"WebPage","@id":"https:\/\/www.aribau.es\/bodegas-2\/olivias-by-tast\/productos-olivias-by-tast\/olivias-original-verde-deshuesada-2\/","url":"https:\/\/www.aribau.es\/bodegas-2\/olivias-by-tast\/productos-olivias-by-tast\/olivias-original-verde-deshuesada-2\/","name":"OLIVIAS ORIGINAL VERDE DESHUESADA - Aribau","isPartOf":{"@id":"https:\/\/www.aribau.es\/#website"},"primaryImageOfPage":{"@id":"https:\/\/www.aribau.es\/bodegas-2\/olivias-by-tast\/productos-olivias-by-tast\/olivias-original-verde-deshuesada-2\/#primaryimage"},"image":{"@id":"https:\/\/www.aribau.es\/bodegas-2\/olivias-by-tast\/productos-olivias-by-tast\/olivias-original-verde-deshuesada-2\/#primaryimage"},"thumbnailUrl":"https:\/\/www.aribau.es\/wp-content\/uploads\/2022\/03\/OLIVIAS-ORIGINAL-VERDE-DESHUESADA.png","datePublished":"2022-03-25T11:56:36+00:00","dateModified":"2022-03-25T11:58:16+00:00","breadcrumb":{"@id":"https:\/\/www.aribau.es\/bodegas-2\/olivias-by-tast\/productos-olivias-by-tast\/olivias-original-verde-deshuesada-2\/#breadcrumb"},"inLanguage":"ca","potentialAction":[{"@type":"ReadAction","target":["https:\/\/www.aribau.es\/bodegas-2\/olivias-by-tast\/productos-olivias-by-tast\/olivias-original-verde-deshuesada-2\/"]}]},{"@type":"ImageObject","inLanguage":"ca","@id":"https:\/\/www.aribau.es\/bodegas-2\/olivias-by-tast\/productos-olivias-by-tast\/olivias-original-verde-deshuesada-2\/#primaryimage","url":"https:\/\/www.aribau.es\/wp-content\/uploads\/2022\/03\/OLIVIAS-ORIGINAL-VERDE-DESHUESADA.png","contentUrl":"https:\/\/www.aribau.es\/wp-content\/uploads\/2022\/03\/OLIVIAS-ORIGINAL-VERDE-DESHUESADA.png"},{"@type":"BreadcrumbList","@id":"https:\/\/www.aribau.es\/bodegas-2\/olivias-by-tast\/productos-olivias-by-tast\/olivias-original-verde-deshuesada-2\/#breadcrumb","itemListElement":[{"@type":"ListItem","position":1,"name":"Portada","item":"https:\/\/www.aribau.es\/"},{"@type":"ListItem","position":2,"name":"BODEGAS","item":"https:\/\/www.aribau.es\/bodegas-2\/"},{"@type":"ListItem","position":3,"name":"OLIVIAS BY TAST","item":"https:\/\/www.aribau.es\/bodegas-2\/olivias-by-tast\/"},{"@type":"ListItem","position":4,"name":"PRODUCTOS OLIVIAS BY TAST","item":"https:\/\/www.aribau.es\/bodegas-2\/olivias-by-tast\/productos-olivias-by-tast\/"},{"@type":"ListItem","position":5,"name":"OLIVIAS ORIGINAL VERDE DESHUESADA"}]},{"@type":"WebSite","@id":"https:\/\/www.aribau.es\/#website","url":"https:\/\/www.aribau.es\/","name":"Aribau","description":"VINOS Y BODEGAS","publisher":{"@id":"https:\/\/www.aribau.es\/#organization"},"potentialAction":[{"@type":"SearchAction","target":{"@type":"EntryPoint","urlTemplate":"https:\/\/www.aribau.es\/?s={search_term_string}"},"query-input":{"@type":"PropertyValueSpecification","valueRequired":true,"valueName":"search_term_string"}}],"inLanguage":"ca"},{"@type":"Organization","@id":"https:\/\/www.aribau.es\/#organization","name":"Aribau","url":"https:\/\/www.aribau.es\/","logo":{"@type":"ImageObject","inLanguage":"ca","@id":"https:\/\/www.aribau.es\/#\/schema\/logo\/image\/","url":"https:\/\/www.aribau.es\/wp-content\/uploads\/2022\/03\/logo.png","contentUrl":"https:\/\/www.aribau.es\/wp-content\/uploads\/2022\/03\/logo.png","width":300,"height":300,"caption":"Aribau"},"image":{"@id":"https:\/\/www.aribau.es\/#\/schema\/logo\/image\/"},"sameAs":["https:\/\/www.facebook.com\/aribau1964\/","https:\/\/x.com\/aribau1964","https:\/\/www.instagram.com\/aribau1964\/"]}]}},"_links":{"self":[{"href":"https:\/\/www.aribau.es\/ca\/wp-json\/wp\/v2\/pages\/12287","targetHints":{"allow":["GET"]}}],"collection":[{"href":"https:\/\/www.aribau.es\/ca\/wp-json\/wp\/v2\/pages"}],"about":[{"href":"https:\/\/www.aribau.es\/ca\/wp-json\/wp\/v2\/types\/page"}],"author":[{"embeddable":true,"href":"https:\/\/www.aribau.es\/ca\/wp-json\/wp\/v2\/users\/3"}],"replies":[{"embeddable":true,"href":"https:\/\/www.aribau.es\/ca\/wp-json\/wp\/v2\/comments?post=12287"}],"version-history":[{"count":4,"href":"https:\/\/www.aribau.es\/ca\/wp-json\/wp\/v2\/pages\/12287\/revisions"}],"predecessor-version":[{"id":12291,"href":"https:\/\/www.aribau.es\/ca\/wp-json\/wp\/v2\/pages\/12287\/revisions\/12291"}],"up":[{"embeddable":true,"href":"https:\/\/www.aribau.es\/ca\/wp-json\/wp\/v2\/pages\/12249"}],"wp:attachment":[{"href":"https:\/\/www.aribau.es\/ca\/wp-json\/wp\/v2\/media?parent=12287"}],"curies":[{"name":"wp","href":"https:\/\/api.w.org\/{rel}","templated":true}]}}