{"id":12417,"date":"2022-11-13T12:21:14","date_gmt":"2022-11-13T11:21:14","guid":{"rendered":"https:\/\/www.aribau.es\/?page_id=12417"},"modified":"2022-11-13T12:27:00","modified_gmt":"2022-11-13T11:27:00","slug":"can-matons-santa-maria-de-martorelles","status":"publish","type":"page","link":"https:\/\/www.aribau.es\/ca\/bodegas-2\/can-matons\/can-matons-santa-maria-de-martorelles\/","title":{"rendered":"CAN MATONS SANTA MARIA DE MARTORELLES"},"content":{"rendered":"<div data-elementor-type=\"wp-page\" data-elementor-id=\"12417\" class=\"elementor elementor-12417\">\n\t\t\t\t\t\t<section class=\"elementor-section elementor-top-section elementor-element elementor-element-5834d702 elementor-section-boxed elementor-section-height-default elementor-section-height-default elementor-invisible\" data-id=\"5834d702\" data-element_type=\"section\" data-settings=\"{&quot;animation&quot;:&quot;fadeInUp&quot;}\">\n\t\t\t\t\t\t<div class=\"elementor-container elementor-column-gap-default\">\n\t\t\t\t\t<div class=\"elementor-column elementor-col-100 elementor-top-column elementor-element elementor-element-771b1e23\" data-id=\"771b1e23\" data-element_type=\"column\">\n\t\t\t<div class=\"elementor-widget-wrap elementor-element-populated\">\n\t\t\t\t\t\t<div class=\"elementor-element elementor-element-44423626 elementor-widget elementor-widget-text-editor\" data-id=\"44423626\" data-element_type=\"widget\" data-widget_type=\"text-editor.default\">\n\t\t\t\t<div class=\"elementor-widget-container\">\n\t\t\t\t\t\t\t\t\t<p>CAN MATONS SANTA MARIA DE MARTORELLES&nbsp;<\/p>\t\t\t\t\t\t\t\t<\/div>\n\t\t\t\t<\/div>\n\t\t\t\t\t<\/div>\n\t\t<\/div>\n\t\t\t\t\t<\/div>\n\t\t<\/section>\n\t\t\t\t<section class=\"elementor-section elementor-top-section elementor-element elementor-element-2afb65f8 elementor-section-full_width elementor-section-height-default elementor-section-height-default elementor-invisible\" data-id=\"2afb65f8\" data-element_type=\"section\" data-settings=\"{&quot;animation&quot;:&quot;fadeInUp&quot;}\">\n\t\t\t\t\t\t<div class=\"elementor-container elementor-column-gap-default\">\n\t\t\t\t\t<div class=\"elementor-column elementor-col-50 elementor-top-column elementor-element elementor-element-eb523c9\" data-id=\"eb523c9\" data-element_type=\"column\">\n\t\t\t<div class=\"elementor-widget-wrap elementor-element-populated\">\n\t\t\t\t\t\t<div class=\"elementor-element elementor-element-48e3dcdf elementor-widget elementor-widget-image\" data-id=\"48e3dcdf\" data-element_type=\"widget\" data-widget_type=\"image.default\">\n\t\t\t\t<div class=\"elementor-widget-container\">\n\t\t\t\t\t\t\t\t\t\t\t\t\t\t\t<img fetchpriority=\"high\" decoding=\"async\" width=\"512\" height=\"1024\" src=\"https:\/\/www.aribau.es\/wp-content\/uploads\/2022\/11\/SANTA-MARIA-DE-MARTORELLES-512x1024.jpg\" class=\"elementor-animation-grow attachment-large size-large wp-image-12407\" alt=\"\" srcset=\"https:\/\/www.aribau.es\/wp-content\/uploads\/2022\/11\/SANTA-MARIA-DE-MARTORELLES-512x1024.jpg 512w, https:\/\/www.aribau.es\/wp-content\/uploads\/2022\/11\/SANTA-MARIA-DE-MARTORELLES-150x300.jpg 150w, https:\/\/www.aribau.es\/wp-content\/uploads\/2022\/11\/SANTA-MARIA-DE-MARTORELLES-768x1536.jpg 768w, https:\/\/www.aribau.es\/wp-content\/uploads\/2022\/11\/SANTA-MARIA-DE-MARTORELLES-1024x2048.jpg 1024w, https:\/\/www.aribau.es\/wp-content\/uploads\/2022\/11\/SANTA-MARIA-DE-MARTORELLES-6x12.jpg 6w, https:\/\/www.aribau.es\/wp-content\/uploads\/2022\/11\/SANTA-MARIA-DE-MARTORELLES.jpg 1280w\" sizes=\"(max-width: 512px) 100vw, 512px\" \/>\t\t\t\t\t\t\t\t\t\t\t\t\t\t\t<\/div>\n\t\t\t\t<\/div>\n\t\t\t\t\t<\/div>\n\t\t<\/div>\n\t\t\t\t<div class=\"elementor-column elementor-col-50 elementor-top-column elementor-element elementor-element-4beaf5c3\" data-id=\"4beaf5c3\" data-element_type=\"column\">\n\t\t\t<div class=\"elementor-widget-wrap elementor-element-populated\">\n\t\t\t\t\t\t<div class=\"elementor-element elementor-element-3a0d9c45 elementor-widget elementor-widget-text-editor\" data-id=\"3a0d9c45\" data-element_type=\"widget\" data-widget_type=\"text-editor.default\">\n\t\t\t\t<div class=\"elementor-widget-container\">\n\t\t\t\t\t\t\t\t\t<p>VARIETATS DE RA\u00cfM<\/p>\t\t\t\t\t\t\t\t<\/div>\n\t\t\t\t<\/div>\n\t\t\t\t<div class=\"elementor-element elementor-element-5c0d34a elementor-widget elementor-widget-text-editor\" data-id=\"5c0d34a\" data-element_type=\"widget\" data-widget_type=\"text-editor.default\">\n\t\t\t\t<div class=\"elementor-widget-container\">\n\t\t\t\t\t\t\t\t\t<p>Pansa blanca<\/p>\t\t\t\t\t\t\t\t<\/div>\n\t\t\t\t<\/div>\n\t\t\t\t<div class=\"elementor-element elementor-element-244d3435 elementor-widget elementor-widget-text-editor\" data-id=\"244d3435\" data-element_type=\"widget\" data-widget_type=\"text-editor.default\">\n\t\t\t\t<div class=\"elementor-widget-container\">\n\t\t\t\t\t\t\t\t\t<p>CRIAN\u00c7A<\/p>\t\t\t\t\t\t\t\t<\/div>\n\t\t\t\t<\/div>\n\t\t\t\t<div class=\"elementor-element elementor-element-4ef46152 elementor-widget elementor-widget-text-editor\" data-id=\"4ef46152\" data-element_type=\"widget\" data-widget_type=\"text-editor.default\">\n\t\t\t\t<div class=\"elementor-widget-container\">\n\t\t\t\t\t\t\t\t\t<p>Sense crian\u00e7a<\/p>\t\t\t\t\t\t\t\t<\/div>\n\t\t\t\t<\/div>\n\t\t\t\t<div class=\"elementor-element elementor-element-5d387057 elementor-widget elementor-widget-text-editor\" data-id=\"5d387057\" data-element_type=\"widget\" data-widget_type=\"text-editor.default\">\n\t\t\t\t<div class=\"elementor-widget-container\">\n\t\t\t\t\t\t\t\t\t<p>DENOMINACI\u00d3 D'ORIGEN<\/p>\t\t\t\t\t\t\t\t<\/div>\n\t\t\t\t<\/div>\n\t\t\t\t<div class=\"elementor-element elementor-element-5bae1d0b elementor-widget elementor-widget-image\" data-id=\"5bae1d0b\" data-element_type=\"widget\" data-widget_type=\"image.default\">\n\t\t\t\t<div class=\"elementor-widget-container\">\n\t\t\t\t\t\t\t\t\t\t\t\t\t\t\t<img decoding=\"async\" width=\"257\" height=\"191\" src=\"https:\/\/www.aribau.es\/wp-content\/uploads\/2022\/06\/DO-ALELLA.png\" class=\"attachment-full size-full wp-image-12354\" alt=\"\" srcset=\"https:\/\/www.aribau.es\/wp-content\/uploads\/2022\/06\/DO-ALELLA.png 257w, https:\/\/www.aribau.es\/wp-content\/uploads\/2022\/06\/DO-ALELLA-16x12.png 16w\" sizes=\"(max-width: 257px) 100vw, 257px\" \/>\t\t\t\t\t\t\t\t\t\t\t\t\t\t\t<\/div>\n\t\t\t\t<\/div>\n\t\t\t\t<div class=\"elementor-element elementor-element-727feeb0 elementor-widget elementor-widget-text-editor\" data-id=\"727feeb0\" data-element_type=\"widget\" data-widget_type=\"text-editor.default\">\n\t\t\t\t<div class=\"elementor-widget-container\">\n\t\t\t\t\t\t\t\t\t<p>DESCRIPCI\u00d3<\/p>\t\t\t\t\t\t\t\t<\/div>\n\t\t\t\t<\/div>\n\t\t\t\t<div class=\"elementor-element elementor-element-3a014703 elementor-widget elementor-widget-text-editor\" data-id=\"3a014703\" data-element_type=\"widget\" data-widget_type=\"text-editor.default\">\n\t\t\t\t<div class=\"elementor-widget-container\">\n\t\t\t\t\t\t\t\t\t<p>De color groc amb reflexes verdosos. El seu aroma \u00e9s franc, amb aromes subtils i madurs de fruita blanca, flors i fruits secs amb un fons de torrats. Destaca un punt sal\u00ed, reflex del terra de saul\u00f3. Fermentaci\u00f3 molt lenta, a temperatura controlada i en b\u00f3tes de roure de diferents formats.<\/p><div><br><\/div>\t\t\t\t\t\t\t\t<\/div>\n\t\t\t\t<\/div>\n\t\t\t\t<div class=\"elementor-element elementor-element-2e6a5def elementor-widget elementor-widget-spacer\" data-id=\"2e6a5def\" data-element_type=\"widget\" data-widget_type=\"spacer.default\">\n\t\t\t\t<div class=\"elementor-widget-container\">\n\t\t\t\t\t\t\t<div class=\"elementor-spacer\">\n\t\t\t<div class=\"elementor-spacer-inner\"><\/div>\n\t\t<\/div>\n\t\t\t\t\t\t<\/div>\n\t\t\t\t<\/div>\n\t\t\t\t\t<\/div>\n\t\t<\/div>\n\t\t\t\t\t<\/div>\n\t\t<\/section>\n\t\t\t\t<section class=\"elementor-section elementor-top-section elementor-element elementor-element-f238947 elementor-section-boxed elementor-section-height-default elementor-section-height-default\" data-id=\"f238947\" data-element_type=\"section\">\n\t\t\t\t\t\t<div class=\"elementor-container elementor-column-gap-default\">\n\t\t\t\t\t<div class=\"elementor-column elementor-col-100 elementor-top-column elementor-element elementor-element-3d6c168\" data-id=\"3d6c168\" data-element_type=\"column\">\n\t\t\t<div class=\"elementor-widget-wrap elementor-element-populated\">\n\t\t\t\t\t\t<div class=\"elementor-element elementor-element-de480cf elementor-widget elementor-widget-spacer\" data-id=\"de480cf\" data-element_type=\"widget\" data-widget_type=\"spacer.default\">\n\t\t\t\t<div class=\"elementor-widget-container\">\n\t\t\t\t\t\t\t<div class=\"elementor-spacer\">\n\t\t\t<div class=\"elementor-spacer-inner\"><\/div>\n\t\t<\/div>\n\t\t\t\t\t\t<\/div>\n\t\t\t\t<\/div>\n\t\t\t\t\t<\/div>\n\t\t<\/div>\n\t\t\t\t\t<\/div>\n\t\t<\/section>\n\t\t\t\t<\/div>","protected":false},"excerpt":{"rendered":"<p>CAN MATONS SANTA MARIA DE MARTORELLES&nbsp; variedades de uva Pansa blanca Crianza Sin crianza Denominaci\u00f3n de origen descripci\u00f3n De color amarillo con reflejos verdosos. Su aroma es franco, con aromas sutiles y maduros de fruta blanca, flores y frutos secos con un fondo de tostados. Destaca un punto salino, reflejo del suelo de saul\u00f3. Fermentaci\u00f3n &#8230; <a title=\"CAN MATONS SANTA MARIA DE MARTORELLES\" class=\"read-more\" href=\"https:\/\/www.aribau.es\/ca\/bodegas-2\/can-matons\/can-matons-santa-maria-de-martorelles\/\" aria-label=\"M\u00e9s informaci\u00f3 sobre CAN MATONS SANTA MARIA DE MARTORELLES\">Llegiu m\u00e9s<\/a><\/p>","protected":false},"author":3,"featured_media":0,"parent":12381,"menu_order":0,"comment_status":"closed","ping_status":"closed","template":"elementor_header_footer","meta":{"footnotes":""},"class_list":["post-12417","page","type-page","status-publish"],"yoast_head":"<!-- This site is optimized with the Yoast SEO plugin v26.7 - https:\/\/yoast.com\/wordpress\/plugins\/seo\/ -->\n<title>CAN MATONS SANTA MARIA DE MARTORELLES - Aribau<\/title>\n<meta name=\"robots\" content=\"index, follow, max-snippet:-1, max-image-preview:large, max-video-preview:-1\" \/>\n<link rel=\"canonical\" href=\"https:\/\/www.aribau.es\/ca\/bodegas-2\/can-matons\/can-matons-santa-maria-de-martorelles\/\" \/>\n<meta property=\"og:locale\" content=\"ca_ES\" \/>\n<meta property=\"og:type\" content=\"article\" \/>\n<meta property=\"og:title\" content=\"CAN MATONS SANTA MARIA DE MARTORELLES - Aribau\" \/>\n<meta property=\"og:description\" content=\"CAN MATONS SANTA MARIA DE MARTORELLES&nbsp; variedades de uva Pansa blanca Crianza Sin crianza Denominaci\u00f3n de origen descripci\u00f3n De color amarillo con reflejos verdosos. Su aroma es franco, con aromas sutiles y maduros de fruta blanca, flores y frutos secos con un fondo de tostados. Destaca un punto salino, reflejo del suelo de saul\u00f3. Fermentaci\u00f3n ... Llegiu m\u00e9s\" \/>\n<meta property=\"og:url\" content=\"https:\/\/www.aribau.es\/ca\/bodegas-2\/can-matons\/can-matons-santa-maria-de-martorelles\/\" \/>\n<meta property=\"og:site_name\" content=\"Aribau\" \/>\n<meta property=\"article:publisher\" content=\"https:\/\/www.facebook.com\/aribau1964\/\" \/>\n<meta property=\"article:modified_time\" content=\"2022-11-13T11:27:00+00:00\" \/>\n<meta property=\"og:image\" content=\"https:\/\/www.aribau.es\/wp-content\/uploads\/2022\/11\/SANTA-MARIA-DE-MARTORELLES-512x1024.jpg\" \/>\n<meta name=\"twitter:card\" content=\"summary_large_image\" \/>\n<meta name=\"twitter:site\" content=\"@aribau1964\" \/>\n<script type=\"application\/ld+json\" class=\"yoast-schema-graph\">{\"@context\":\"https:\/\/schema.org\",\"@graph\":[{\"@type\":\"WebPage\",\"@id\":\"https:\/\/www.aribau.es\/bodegas-2\/can-matons\/can-matons-santa-maria-de-martorelles\/\",\"url\":\"https:\/\/www.aribau.es\/bodegas-2\/can-matons\/can-matons-santa-maria-de-martorelles\/\",\"name\":\"CAN MATONS SANTA MARIA DE MARTORELLES - Aribau\",\"isPartOf\":{\"@id\":\"https:\/\/www.aribau.es\/#website\"},\"primaryImageOfPage\":{\"@id\":\"https:\/\/www.aribau.es\/bodegas-2\/can-matons\/can-matons-santa-maria-de-martorelles\/#primaryimage\"},\"image\":{\"@id\":\"https:\/\/www.aribau.es\/bodegas-2\/can-matons\/can-matons-santa-maria-de-martorelles\/#primaryimage\"},\"thumbnailUrl\":\"https:\/\/www.aribau.es\/wp-content\/uploads\/2022\/11\/SANTA-MARIA-DE-MARTORELLES-512x1024.jpg\",\"datePublished\":\"2022-11-13T11:21:14+00:00\",\"dateModified\":\"2022-11-13T11:27:00+00:00\",\"breadcrumb\":{\"@id\":\"https:\/\/www.aribau.es\/bodegas-2\/can-matons\/can-matons-santa-maria-de-martorelles\/#breadcrumb\"},\"inLanguage\":\"ca\",\"potentialAction\":[{\"@type\":\"ReadAction\",\"target\":[\"https:\/\/www.aribau.es\/bodegas-2\/can-matons\/can-matons-santa-maria-de-martorelles\/\"]}]},{\"@type\":\"ImageObject\",\"inLanguage\":\"ca\",\"@id\":\"https:\/\/www.aribau.es\/bodegas-2\/can-matons\/can-matons-santa-maria-de-martorelles\/#primaryimage\",\"url\":\"https:\/\/www.aribau.es\/wp-content\/uploads\/2022\/11\/SANTA-MARIA-DE-MARTORELLES-512x1024.jpg\",\"contentUrl\":\"https:\/\/www.aribau.es\/wp-content\/uploads\/2022\/11\/SANTA-MARIA-DE-MARTORELLES-512x1024.jpg\"},{\"@type\":\"BreadcrumbList\",\"@id\":\"https:\/\/www.aribau.es\/bodegas-2\/can-matons\/can-matons-santa-maria-de-martorelles\/#breadcrumb\",\"itemListElement\":[{\"@type\":\"ListItem\",\"position\":1,\"name\":\"Portada\",\"item\":\"https:\/\/www.aribau.es\/\"},{\"@type\":\"ListItem\",\"position\":2,\"name\":\"BODEGAS\",\"item\":\"https:\/\/www.aribau.es\/bodegas-2\/\"},{\"@type\":\"ListItem\",\"position\":3,\"name\":\"CAN MATONS\",\"item\":\"https:\/\/www.aribau.es\/bodegas-2\/can-matons\/\"},{\"@type\":\"ListItem\",\"position\":4,\"name\":\"CAN MATONS SANTA MARIA DE MARTORELLES\"}]},{\"@type\":\"WebSite\",\"@id\":\"https:\/\/www.aribau.es\/#website\",\"url\":\"https:\/\/www.aribau.es\/\",\"name\":\"Aribau\",\"description\":\"VINOS Y BODEGAS\",\"publisher\":{\"@id\":\"https:\/\/www.aribau.es\/#organization\"},\"potentialAction\":[{\"@type\":\"SearchAction\",\"target\":{\"@type\":\"EntryPoint\",\"urlTemplate\":\"https:\/\/www.aribau.es\/?s={search_term_string}\"},\"query-input\":{\"@type\":\"PropertyValueSpecification\",\"valueRequired\":true,\"valueName\":\"search_term_string\"}}],\"inLanguage\":\"ca\"},{\"@type\":\"Organization\",\"@id\":\"https:\/\/www.aribau.es\/#organization\",\"name\":\"Aribau\",\"url\":\"https:\/\/www.aribau.es\/\",\"logo\":{\"@type\":\"ImageObject\",\"inLanguage\":\"ca\",\"@id\":\"https:\/\/www.aribau.es\/#\/schema\/logo\/image\/\",\"url\":\"https:\/\/www.aribau.es\/wp-content\/uploads\/2022\/03\/logo.png\",\"contentUrl\":\"https:\/\/www.aribau.es\/wp-content\/uploads\/2022\/03\/logo.png\",\"width\":300,\"height\":300,\"caption\":\"Aribau\"},\"image\":{\"@id\":\"https:\/\/www.aribau.es\/#\/schema\/logo\/image\/\"},\"sameAs\":[\"https:\/\/www.facebook.com\/aribau1964\/\",\"https:\/\/x.com\/aribau1964\",\"https:\/\/www.instagram.com\/aribau1964\/\"]}]}<\/script>\n<!-- \/ Yoast SEO plugin. -->","yoast_head_json":{"title":"CAN MATONS SANTA MARIA DE MARTORELLES - Aribau","robots":{"index":"index","follow":"follow","max-snippet":"max-snippet:-1","max-image-preview":"max-image-preview:large","max-video-preview":"max-video-preview:-1"},"canonical":"https:\/\/www.aribau.es\/ca\/bodegas-2\/can-matons\/can-matons-santa-maria-de-martorelles\/","og_locale":"ca_ES","og_type":"article","og_title":"CAN MATONS SANTA MARIA DE MARTORELLES - Aribau","og_description":"CAN MATONS SANTA MARIA DE MARTORELLES&nbsp; variedades de uva Pansa blanca Crianza Sin crianza Denominaci\u00f3n de origen descripci\u00f3n De color amarillo con reflejos verdosos. Su aroma es franco, con aromas sutiles y maduros de fruta blanca, flores y frutos secos con un fondo de tostados. Destaca un punto salino, reflejo del suelo de saul\u00f3. Fermentaci\u00f3n ... Llegiu m\u00e9s","og_url":"https:\/\/www.aribau.es\/ca\/bodegas-2\/can-matons\/can-matons-santa-maria-de-martorelles\/","og_site_name":"Aribau","article_publisher":"https:\/\/www.facebook.com\/aribau1964\/","article_modified_time":"2022-11-13T11:27:00+00:00","og_image":[{"url":"https:\/\/www.aribau.es\/wp-content\/uploads\/2022\/11\/SANTA-MARIA-DE-MARTORELLES-512x1024.jpg","type":"","width":"","height":""}],"twitter_card":"summary_large_image","twitter_site":"@aribau1964","schema":{"@context":"https:\/\/schema.org","@graph":[{"@type":"WebPage","@id":"https:\/\/www.aribau.es\/bodegas-2\/can-matons\/can-matons-santa-maria-de-martorelles\/","url":"https:\/\/www.aribau.es\/bodegas-2\/can-matons\/can-matons-santa-maria-de-martorelles\/","name":"CAN MATONS SANTA MARIA DE MARTORELLES - Aribau","isPartOf":{"@id":"https:\/\/www.aribau.es\/#website"},"primaryImageOfPage":{"@id":"https:\/\/www.aribau.es\/bodegas-2\/can-matons\/can-matons-santa-maria-de-martorelles\/#primaryimage"},"image":{"@id":"https:\/\/www.aribau.es\/bodegas-2\/can-matons\/can-matons-santa-maria-de-martorelles\/#primaryimage"},"thumbnailUrl":"https:\/\/www.aribau.es\/wp-content\/uploads\/2022\/11\/SANTA-MARIA-DE-MARTORELLES-512x1024.jpg","datePublished":"2022-11-13T11:21:14+00:00","dateModified":"2022-11-13T11:27:00+00:00","breadcrumb":{"@id":"https:\/\/www.aribau.es\/bodegas-2\/can-matons\/can-matons-santa-maria-de-martorelles\/#breadcrumb"},"inLanguage":"ca","potentialAction":[{"@type":"ReadAction","target":["https:\/\/www.aribau.es\/bodegas-2\/can-matons\/can-matons-santa-maria-de-martorelles\/"]}]},{"@type":"ImageObject","inLanguage":"ca","@id":"https:\/\/www.aribau.es\/bodegas-2\/can-matons\/can-matons-santa-maria-de-martorelles\/#primaryimage","url":"https:\/\/www.aribau.es\/wp-content\/uploads\/2022\/11\/SANTA-MARIA-DE-MARTORELLES-512x1024.jpg","contentUrl":"https:\/\/www.aribau.es\/wp-content\/uploads\/2022\/11\/SANTA-MARIA-DE-MARTORELLES-512x1024.jpg"},{"@type":"BreadcrumbList","@id":"https:\/\/www.aribau.es\/bodegas-2\/can-matons\/can-matons-santa-maria-de-martorelles\/#breadcrumb","itemListElement":[{"@type":"ListItem","position":1,"name":"Portada","item":"https:\/\/www.aribau.es\/"},{"@type":"ListItem","position":2,"name":"BODEGAS","item":"https:\/\/www.aribau.es\/bodegas-2\/"},{"@type":"ListItem","position":3,"name":"CAN MATONS","item":"https:\/\/www.aribau.es\/bodegas-2\/can-matons\/"},{"@type":"ListItem","position":4,"name":"CAN MATONS SANTA MARIA DE MARTORELLES"}]},{"@type":"WebSite","@id":"https:\/\/www.aribau.es\/#website","url":"https:\/\/www.aribau.es\/","name":"Aribau","description":"VINOS Y BODEGAS","publisher":{"@id":"https:\/\/www.aribau.es\/#organization"},"potentialAction":[{"@type":"SearchAction","target":{"@type":"EntryPoint","urlTemplate":"https:\/\/www.aribau.es\/?s={search_term_string}"},"query-input":{"@type":"PropertyValueSpecification","valueRequired":true,"valueName":"search_term_string"}}],"inLanguage":"ca"},{"@type":"Organization","@id":"https:\/\/www.aribau.es\/#organization","name":"Aribau","url":"https:\/\/www.aribau.es\/","logo":{"@type":"ImageObject","inLanguage":"ca","@id":"https:\/\/www.aribau.es\/#\/schema\/logo\/image\/","url":"https:\/\/www.aribau.es\/wp-content\/uploads\/2022\/03\/logo.png","contentUrl":"https:\/\/www.aribau.es\/wp-content\/uploads\/2022\/03\/logo.png","width":300,"height":300,"caption":"Aribau"},"image":{"@id":"https:\/\/www.aribau.es\/#\/schema\/logo\/image\/"},"sameAs":["https:\/\/www.facebook.com\/aribau1964\/","https:\/\/x.com\/aribau1964","https:\/\/www.instagram.com\/aribau1964\/"]}]}},"_links":{"self":[{"href":"https:\/\/www.aribau.es\/ca\/wp-json\/wp\/v2\/pages\/12417","targetHints":{"allow":["GET"]}}],"collection":[{"href":"https:\/\/www.aribau.es\/ca\/wp-json\/wp\/v2\/pages"}],"about":[{"href":"https:\/\/www.aribau.es\/ca\/wp-json\/wp\/v2\/types\/page"}],"author":[{"embeddable":true,"href":"https:\/\/www.aribau.es\/ca\/wp-json\/wp\/v2\/users\/3"}],"replies":[{"embeddable":true,"href":"https:\/\/www.aribau.es\/ca\/wp-json\/wp\/v2\/comments?post=12417"}],"version-history":[{"count":7,"href":"https:\/\/www.aribau.es\/ca\/wp-json\/wp\/v2\/pages\/12417\/revisions"}],"predecessor-version":[{"id":12436,"href":"https:\/\/www.aribau.es\/ca\/wp-json\/wp\/v2\/pages\/12417\/revisions\/12436"}],"up":[{"embeddable":true,"href":"https:\/\/www.aribau.es\/ca\/wp-json\/wp\/v2\/pages\/12381"}],"wp:attachment":[{"href":"https:\/\/www.aribau.es\/ca\/wp-json\/wp\/v2\/media?parent=12417"}],"curies":[{"name":"wp","href":"https:\/\/api.w.org\/{rel}","templated":true}]}}