{"id":12794,"date":"2023-07-10T19:05:46","date_gmt":"2023-07-10T18:05:46","guid":{"rendered":"https:\/\/www.aribau.es\/?page_id=12794"},"modified":"2024-05-13T16:48:44","modified_gmt":"2024-05-13T15:48:44","slug":"ficha-tecnica-companys-blanco","status":"publish","type":"page","link":"https:\/\/www.aribau.es\/ca\/ficha-tecnica-companys-blanco\/","title":{"rendered":"FICHA T\u00c9CNICA COMPANYS BLANCO"},"content":{"rendered":"<div data-elementor-type=\"wp-page\" data-elementor-id=\"12794\" class=\"elementor elementor-12794\">\n\t\t\t\t\t\t<section class=\"elementor-section elementor-top-section elementor-element elementor-element-76b1256 elementor-section-boxed elementor-section-height-default elementor-section-height-default\" data-id=\"76b1256\" data-element_type=\"section\">\n\t\t\t\t\t\t<div class=\"elementor-container elementor-column-gap-default\">\n\t\t\t\t\t<div class=\"elementor-column elementor-col-100 elementor-top-column elementor-element elementor-element-b7781cb\" data-id=\"b7781cb\" data-element_type=\"column\">\n\t\t\t<div class=\"elementor-widget-wrap elementor-element-populated\">\n\t\t\t\t\t\t<div class=\"elementor-element elementor-element-fbeb69d elementor-widget elementor-widget-heading\" data-id=\"fbeb69d\" data-element_type=\"widget\" data-widget_type=\"heading.default\">\n\t\t\t\t<div class=\"elementor-widget-container\">\n\t\t\t\t\t<h1 class=\"elementor-heading-title elementor-size-default\">COMPANYS BLANC<\/h1>\t\t\t\t<\/div>\n\t\t\t\t<\/div>\n\t\t\t\t\t<\/div>\n\t\t<\/div>\n\t\t\t\t\t<\/div>\n\t\t<\/section>\n\t\t\t\t<section class=\"elementor-section elementor-top-section elementor-element elementor-element-489435b9 elementor-section-boxed elementor-section-height-default elementor-section-height-default elementor-invisible\" data-id=\"489435b9\" data-element_type=\"section\" data-settings=\"{&quot;animation&quot;:&quot;fadeInUp&quot;}\">\n\t\t\t\t\t\t<div class=\"elementor-container elementor-column-gap-default\">\n\t\t\t\t\t<div class=\"elementor-column elementor-col-50 elementor-top-column elementor-element elementor-element-1828d2f5\" data-id=\"1828d2f5\" data-element_type=\"column\">\n\t\t\t<div class=\"elementor-widget-wrap elementor-element-populated\">\n\t\t\t\t\t\t<div class=\"elementor-element elementor-element-2f867f49 elementor-widget elementor-widget-image\" data-id=\"2f867f49\" data-element_type=\"widget\" data-widget_type=\"image.default\">\n\t\t\t\t<div class=\"elementor-widget-container\">\n\t\t\t\t\t\t\t\t\t\t\t\t\t\t\t<img fetchpriority=\"high\" decoding=\"async\" width=\"318\" height=\"1024\" src=\"https:\/\/www.aribau.es\/wp-content\/uploads\/2023\/07\/companys_blanc_low_res-1-e1715615138100-318x1024.jpg\" class=\"elementor-animation-grow attachment-large size-large wp-image-12789\" alt=\"\" srcset=\"https:\/\/www.aribau.es\/wp-content\/uploads\/2023\/07\/companys_blanc_low_res-1-e1715615138100-318x1024.jpg 318w, https:\/\/www.aribau.es\/wp-content\/uploads\/2023\/07\/companys_blanc_low_res-1-e1715615138100-93x300.jpg 93w, https:\/\/www.aribau.es\/wp-content\/uploads\/2023\/07\/companys_blanc_low_res-1-e1715615138100-4x12.jpg 4w, https:\/\/www.aribau.es\/wp-content\/uploads\/2023\/07\/companys_blanc_low_res-1-e1715615138100.jpg 408w\" sizes=\"(max-width: 318px) 100vw, 318px\" \/>\t\t\t\t\t\t\t\t\t\t\t\t\t\t\t<\/div>\n\t\t\t\t<\/div>\n\t\t\t\t\t<\/div>\n\t\t<\/div>\n\t\t\t\t<div class=\"elementor-column elementor-col-50 elementor-top-column elementor-element elementor-element-42dd0e16\" data-id=\"42dd0e16\" data-element_type=\"column\">\n\t\t\t<div class=\"elementor-widget-wrap elementor-element-populated\">\n\t\t\t\t\t\t<div class=\"elementor-element elementor-element-7c7b70bc elementor-widget elementor-widget-text-editor\" data-id=\"7c7b70bc\" data-element_type=\"widget\" data-widget_type=\"text-editor.default\">\n\t\t\t\t<div class=\"elementor-widget-container\">\n\t\t\t\t\t\t\t\t\t<p>VARIETATS DE RA\u00cfM<\/p>\t\t\t\t\t\t\t\t<\/div>\n\t\t\t\t<\/div>\n\t\t\t\t<div class=\"elementor-element elementor-element-75220be elementor-widget elementor-widget-text-editor\" data-id=\"75220be\" data-element_type=\"widget\" data-widget_type=\"text-editor.default\">\n\t\t\t\t<div class=\"elementor-widget-container\">\n\t\t\t\t\t\t\t\t\t<p>Garnatxa blanca<\/p>\t\t\t\t\t\t\t\t<\/div>\n\t\t\t\t<\/div>\n\t\t\t\t<div class=\"elementor-element elementor-element-793633c4 elementor-widget elementor-widget-text-editor\" data-id=\"793633c4\" data-element_type=\"widget\" data-widget_type=\"text-editor.default\">\n\t\t\t\t<div class=\"elementor-widget-container\">\n\t\t\t\t\t\t\t\t\t<p>CRIAN\u00c7A<\/p>\t\t\t\t\t\t\t\t<\/div>\n\t\t\t\t<\/div>\n\t\t\t\t<div class=\"elementor-element elementor-element-d7a8176 elementor-widget elementor-widget-text-editor\" data-id=\"d7a8176\" data-element_type=\"widget\" data-widget_type=\"text-editor.default\">\n\t\t\t\t<div class=\"elementor-widget-container\">\n\t\t\t\t\t\t\t\t\t<p>El 50% passar\u00e0 4 mesos en b\u00f3tes de 350 i 500 litres. El 50% restant romandr\u00e0 en dip\u00f2sits inox, fent feina amb les mares.<\/p>\t\t\t\t\t\t\t\t<\/div>\n\t\t\t\t<\/div>\n\t\t\t\t<div class=\"elementor-element elementor-element-5b07abb8 elementor-widget elementor-widget-text-editor\" data-id=\"5b07abb8\" data-element_type=\"widget\" data-widget_type=\"text-editor.default\">\n\t\t\t\t<div class=\"elementor-widget-container\">\n\t\t\t\t\t\t\t\t\t<p>DENOMINACI\u00d3 D'ORIGEN<\/p>\t\t\t\t\t\t\t\t<\/div>\n\t\t\t\t<\/div>\n\t\t\t\t<div class=\"elementor-element elementor-element-7b01a3a1 elementor-widget elementor-widget-image\" data-id=\"7b01a3a1\" data-element_type=\"widget\" data-widget_type=\"image.default\">\n\t\t\t\t<div class=\"elementor-widget-container\">\n\t\t\t\t\t\t\t\t\t\t\t\t\t\t\t<img decoding=\"async\" width=\"512\" height=\"512\" src=\"https:\/\/www.aribau.es\/wp-content\/uploads\/2021\/03\/DO-TERRA-ALTA.jpg\" class=\"attachment-full size-full wp-image-9064\" alt=\"\" srcset=\"https:\/\/www.aribau.es\/wp-content\/uploads\/2021\/03\/DO-TERRA-ALTA.jpg 512w, https:\/\/www.aribau.es\/wp-content\/uploads\/2021\/03\/DO-TERRA-ALTA-300x300.jpg 300w, https:\/\/www.aribau.es\/wp-content\/uploads\/2021\/03\/DO-TERRA-ALTA-150x150.jpg 150w\" sizes=\"(max-width: 512px) 100vw, 512px\" \/>\t\t\t\t\t\t\t\t\t\t\t\t\t\t\t<\/div>\n\t\t\t\t<\/div>\n\t\t\t\t<div class=\"elementor-element elementor-element-1dab02d6 elementor-widget elementor-widget-text-editor\" data-id=\"1dab02d6\" data-element_type=\"widget\" data-widget_type=\"text-editor.default\">\n\t\t\t\t<div class=\"elementor-widget-container\">\n\t\t\t\t\t\t\t\t\t<p>DESCRIPCI\u00d3<\/p>\t\t\t\t\t\t\t\t<\/div>\n\t\t\t\t<\/div>\n\t\t\t\t<div class=\"elementor-element elementor-element-3ee3d144 elementor-widget elementor-widget-text-editor\" data-id=\"3ee3d144\" data-element_type=\"widget\" data-widget_type=\"text-editor.default\">\n\t\t\t\t<div class=\"elementor-widget-container\">\n\t\t\t\t\t\t\t\t\t<p>Garnatxa blanca de ceps vells on el 50% passar\u00e0 4 mesos en b\u00f3tes 500 litres i el 50% restant roman en dip\u00f2sits inox, realitzant feina amb les mares durant 4 mesos. S\u00f2l: \u201cPanal\u201d\u00a0 d'una\u00a0 f\u00f2ssil\u00a0 del del quaternari, composici\u00f3 sorrenca. \u201cTap\u00e0s\u201d terra de textura franca amb material subjacent argil\u00f3s. Verema: Manual en caixes de 15kg. Les caixes es dipositen a frigor\u00edfic durant 48 hores per baixar la temperatura del ra\u00efm entre 3-5\u00baC. Fermentaci\u00f3:\u00a0 Rendiment de les premses del 50%. Desfangat natural per gravetat durant 48 hores. Fermentaci\u00f3 a 16\u00baC durant uns 15 dies.<\/p><div>\u00a0<\/div>\t\t\t\t\t\t\t\t<\/div>\n\t\t\t\t<\/div>\n\t\t\t\t\t<\/div>\n\t\t<\/div>\n\t\t\t\t\t<\/div>\n\t\t<\/section>\n\t\t\t\t<\/div>","protected":false},"excerpt":{"rendered":"<p>companys blanco variedades de uva Garnacha blanca Crianza El 50% pasar\u00e1 4 meses en barricas de 350 y 500 litros. El 50% restante permanece en dep\u00f3sitos inox, realizando trabajo con las l\u00edas. Denominaci\u00f3n de origen descripci\u00f3n Garnacha blanca de cepas viejas donde el 50% pasar\u00e1 4 meses en barricas 500 litros y el 50% restante &#8230; <a title=\"FICHA T\u00c9CNICA COMPANYS BLANCO\" class=\"read-more\" href=\"https:\/\/www.aribau.es\/ca\/ficha-tecnica-companys-blanco\/\" aria-label=\"M\u00e9s informaci\u00f3 sobre FICHA T\u00c9CNICA COMPANYS BLANCO\">Llegiu m\u00e9s<\/a><\/p>","protected":false},"author":3,"featured_media":0,"parent":0,"menu_order":0,"comment_status":"closed","ping_status":"closed","template":"elementor_header_footer","meta":{"footnotes":""},"class_list":["post-12794","page","type-page","status-publish"],"yoast_head":"<!-- This site is optimized with the Yoast SEO plugin v26.7 - https:\/\/yoast.com\/wordpress\/plugins\/seo\/ -->\n<title>FICHA T\u00c9CNICA COMPANYS BLANCO - Aribau<\/title>\n<meta name=\"robots\" content=\"index, follow, max-snippet:-1, max-image-preview:large, max-video-preview:-1\" \/>\n<link rel=\"canonical\" href=\"https:\/\/www.aribau.es\/ca\/ficha-tecnica-companys-blanco\/\" \/>\n<meta property=\"og:locale\" content=\"ca_ES\" \/>\n<meta property=\"og:type\" content=\"article\" \/>\n<meta property=\"og:title\" content=\"FICHA T\u00c9CNICA COMPANYS BLANCO - Aribau\" \/>\n<meta property=\"og:description\" content=\"companys blanco variedades de uva Garnacha blanca Crianza El 50% pasar\u00e1 4 meses en barricas de 350 y 500 litros. El 50% restante permanece en dep\u00f3sitos inox, realizando trabajo con las l\u00edas. Denominaci\u00f3n de origen descripci\u00f3n Garnacha blanca de cepas viejas donde el 50% pasar\u00e1 4 meses en barricas 500 litros y el 50% restante ... Llegiu m\u00e9s\" \/>\n<meta property=\"og:url\" content=\"https:\/\/www.aribau.es\/ca\/ficha-tecnica-companys-blanco\/\" \/>\n<meta property=\"og:site_name\" content=\"Aribau\" \/>\n<meta property=\"article:publisher\" content=\"https:\/\/www.facebook.com\/aribau1964\/\" \/>\n<meta property=\"article:modified_time\" content=\"2024-05-13T15:48:44+00:00\" \/>\n<meta property=\"og:image\" content=\"https:\/\/www.aribau.es\/wp-content\/uploads\/2023\/07\/companys_blanc_low_res-1-e1715615138100-318x1024.jpg\" \/>\n<meta name=\"twitter:card\" content=\"summary_large_image\" \/>\n<meta name=\"twitter:site\" content=\"@aribau1964\" \/>\n<meta name=\"twitter:label1\" content=\"Temps estimat de lectura\" \/>\n\t<meta name=\"twitter:data1\" content=\"1 minut\" \/>\n<script type=\"application\/ld+json\" class=\"yoast-schema-graph\">{\"@context\":\"https:\/\/schema.org\",\"@graph\":[{\"@type\":\"WebPage\",\"@id\":\"https:\/\/www.aribau.es\/ficha-tecnica-companys-blanco\/\",\"url\":\"https:\/\/www.aribau.es\/ficha-tecnica-companys-blanco\/\",\"name\":\"FICHA T\u00c9CNICA COMPANYS BLANCO - Aribau\",\"isPartOf\":{\"@id\":\"https:\/\/www.aribau.es\/#website\"},\"primaryImageOfPage\":{\"@id\":\"https:\/\/www.aribau.es\/ficha-tecnica-companys-blanco\/#primaryimage\"},\"image\":{\"@id\":\"https:\/\/www.aribau.es\/ficha-tecnica-companys-blanco\/#primaryimage\"},\"thumbnailUrl\":\"https:\/\/www.aribau.es\/wp-content\/uploads\/2023\/07\/companys_blanc_low_res-1-e1715615138100-318x1024.jpg\",\"datePublished\":\"2023-07-10T18:05:46+00:00\",\"dateModified\":\"2024-05-13T15:48:44+00:00\",\"breadcrumb\":{\"@id\":\"https:\/\/www.aribau.es\/ficha-tecnica-companys-blanco\/#breadcrumb\"},\"inLanguage\":\"ca\",\"potentialAction\":[{\"@type\":\"ReadAction\",\"target\":[\"https:\/\/www.aribau.es\/ficha-tecnica-companys-blanco\/\"]}]},{\"@type\":\"ImageObject\",\"inLanguage\":\"ca\",\"@id\":\"https:\/\/www.aribau.es\/ficha-tecnica-companys-blanco\/#primaryimage\",\"url\":\"https:\/\/www.aribau.es\/wp-content\/uploads\/2023\/07\/companys_blanc_low_res-1-e1715615138100-318x1024.jpg\",\"contentUrl\":\"https:\/\/www.aribau.es\/wp-content\/uploads\/2023\/07\/companys_blanc_low_res-1-e1715615138100-318x1024.jpg\"},{\"@type\":\"BreadcrumbList\",\"@id\":\"https:\/\/www.aribau.es\/ficha-tecnica-companys-blanco\/#breadcrumb\",\"itemListElement\":[{\"@type\":\"ListItem\",\"position\":1,\"name\":\"Portada\",\"item\":\"https:\/\/www.aribau.es\/\"},{\"@type\":\"ListItem\",\"position\":2,\"name\":\"FICHA T\u00c9CNICA COMPANYS BLANCO\"}]},{\"@type\":\"WebSite\",\"@id\":\"https:\/\/www.aribau.es\/#website\",\"url\":\"https:\/\/www.aribau.es\/\",\"name\":\"Aribau\",\"description\":\"VINOS Y BODEGAS\",\"publisher\":{\"@id\":\"https:\/\/www.aribau.es\/#organization\"},\"potentialAction\":[{\"@type\":\"SearchAction\",\"target\":{\"@type\":\"EntryPoint\",\"urlTemplate\":\"https:\/\/www.aribau.es\/?s={search_term_string}\"},\"query-input\":{\"@type\":\"PropertyValueSpecification\",\"valueRequired\":true,\"valueName\":\"search_term_string\"}}],\"inLanguage\":\"ca\"},{\"@type\":\"Organization\",\"@id\":\"https:\/\/www.aribau.es\/#organization\",\"name\":\"Aribau\",\"url\":\"https:\/\/www.aribau.es\/\",\"logo\":{\"@type\":\"ImageObject\",\"inLanguage\":\"ca\",\"@id\":\"https:\/\/www.aribau.es\/#\/schema\/logo\/image\/\",\"url\":\"https:\/\/www.aribau.es\/wp-content\/uploads\/2022\/03\/logo.png\",\"contentUrl\":\"https:\/\/www.aribau.es\/wp-content\/uploads\/2022\/03\/logo.png\",\"width\":300,\"height\":300,\"caption\":\"Aribau\"},\"image\":{\"@id\":\"https:\/\/www.aribau.es\/#\/schema\/logo\/image\/\"},\"sameAs\":[\"https:\/\/www.facebook.com\/aribau1964\/\",\"https:\/\/x.com\/aribau1964\",\"https:\/\/www.instagram.com\/aribau1964\/\"]}]}<\/script>\n<!-- \/ Yoast SEO plugin. -->","yoast_head_json":{"title":"FICHA T\u00c9CNICA COMPANYS BLANCO - Aribau","robots":{"index":"index","follow":"follow","max-snippet":"max-snippet:-1","max-image-preview":"max-image-preview:large","max-video-preview":"max-video-preview:-1"},"canonical":"https:\/\/www.aribau.es\/ca\/ficha-tecnica-companys-blanco\/","og_locale":"ca_ES","og_type":"article","og_title":"FICHA T\u00c9CNICA COMPANYS BLANCO - Aribau","og_description":"companys blanco variedades de uva Garnacha blanca Crianza El 50% pasar\u00e1 4 meses en barricas de 350 y 500 litros. El 50% restante permanece en dep\u00f3sitos inox, realizando trabajo con las l\u00edas. Denominaci\u00f3n de origen descripci\u00f3n Garnacha blanca de cepas viejas donde el 50% pasar\u00e1 4 meses en barricas 500 litros y el 50% restante ... Llegiu m\u00e9s","og_url":"https:\/\/www.aribau.es\/ca\/ficha-tecnica-companys-blanco\/","og_site_name":"Aribau","article_publisher":"https:\/\/www.facebook.com\/aribau1964\/","article_modified_time":"2024-05-13T15:48:44+00:00","og_image":[{"url":"https:\/\/www.aribau.es\/wp-content\/uploads\/2023\/07\/companys_blanc_low_res-1-e1715615138100-318x1024.jpg","type":"","width":"","height":""}],"twitter_card":"summary_large_image","twitter_site":"@aribau1964","twitter_misc":{"Temps estimat de lectura":"1 minut"},"schema":{"@context":"https:\/\/schema.org","@graph":[{"@type":"WebPage","@id":"https:\/\/www.aribau.es\/ficha-tecnica-companys-blanco\/","url":"https:\/\/www.aribau.es\/ficha-tecnica-companys-blanco\/","name":"FICHA T\u00c9CNICA COMPANYS BLANCO - Aribau","isPartOf":{"@id":"https:\/\/www.aribau.es\/#website"},"primaryImageOfPage":{"@id":"https:\/\/www.aribau.es\/ficha-tecnica-companys-blanco\/#primaryimage"},"image":{"@id":"https:\/\/www.aribau.es\/ficha-tecnica-companys-blanco\/#primaryimage"},"thumbnailUrl":"https:\/\/www.aribau.es\/wp-content\/uploads\/2023\/07\/companys_blanc_low_res-1-e1715615138100-318x1024.jpg","datePublished":"2023-07-10T18:05:46+00:00","dateModified":"2024-05-13T15:48:44+00:00","breadcrumb":{"@id":"https:\/\/www.aribau.es\/ficha-tecnica-companys-blanco\/#breadcrumb"},"inLanguage":"ca","potentialAction":[{"@type":"ReadAction","target":["https:\/\/www.aribau.es\/ficha-tecnica-companys-blanco\/"]}]},{"@type":"ImageObject","inLanguage":"ca","@id":"https:\/\/www.aribau.es\/ficha-tecnica-companys-blanco\/#primaryimage","url":"https:\/\/www.aribau.es\/wp-content\/uploads\/2023\/07\/companys_blanc_low_res-1-e1715615138100-318x1024.jpg","contentUrl":"https:\/\/www.aribau.es\/wp-content\/uploads\/2023\/07\/companys_blanc_low_res-1-e1715615138100-318x1024.jpg"},{"@type":"BreadcrumbList","@id":"https:\/\/www.aribau.es\/ficha-tecnica-companys-blanco\/#breadcrumb","itemListElement":[{"@type":"ListItem","position":1,"name":"Portada","item":"https:\/\/www.aribau.es\/"},{"@type":"ListItem","position":2,"name":"FICHA T\u00c9CNICA COMPANYS BLANCO"}]},{"@type":"WebSite","@id":"https:\/\/www.aribau.es\/#website","url":"https:\/\/www.aribau.es\/","name":"Aribau","description":"VINOS Y BODEGAS","publisher":{"@id":"https:\/\/www.aribau.es\/#organization"},"potentialAction":[{"@type":"SearchAction","target":{"@type":"EntryPoint","urlTemplate":"https:\/\/www.aribau.es\/?s={search_term_string}"},"query-input":{"@type":"PropertyValueSpecification","valueRequired":true,"valueName":"search_term_string"}}],"inLanguage":"ca"},{"@type":"Organization","@id":"https:\/\/www.aribau.es\/#organization","name":"Aribau","url":"https:\/\/www.aribau.es\/","logo":{"@type":"ImageObject","inLanguage":"ca","@id":"https:\/\/www.aribau.es\/#\/schema\/logo\/image\/","url":"https:\/\/www.aribau.es\/wp-content\/uploads\/2022\/03\/logo.png","contentUrl":"https:\/\/www.aribau.es\/wp-content\/uploads\/2022\/03\/logo.png","width":300,"height":300,"caption":"Aribau"},"image":{"@id":"https:\/\/www.aribau.es\/#\/schema\/logo\/image\/"},"sameAs":["https:\/\/www.facebook.com\/aribau1964\/","https:\/\/x.com\/aribau1964","https:\/\/www.instagram.com\/aribau1964\/"]}]}},"_links":{"self":[{"href":"https:\/\/www.aribau.es\/ca\/wp-json\/wp\/v2\/pages\/12794","targetHints":{"allow":["GET"]}}],"collection":[{"href":"https:\/\/www.aribau.es\/ca\/wp-json\/wp\/v2\/pages"}],"about":[{"href":"https:\/\/www.aribau.es\/ca\/wp-json\/wp\/v2\/types\/page"}],"author":[{"embeddable":true,"href":"https:\/\/www.aribau.es\/ca\/wp-json\/wp\/v2\/users\/3"}],"replies":[{"embeddable":true,"href":"https:\/\/www.aribau.es\/ca\/wp-json\/wp\/v2\/comments?post=12794"}],"version-history":[{"count":18,"href":"https:\/\/www.aribau.es\/ca\/wp-json\/wp\/v2\/pages\/12794\/revisions"}],"predecessor-version":[{"id":13638,"href":"https:\/\/www.aribau.es\/ca\/wp-json\/wp\/v2\/pages\/12794\/revisions\/13638"}],"wp:attachment":[{"href":"https:\/\/www.aribau.es\/ca\/wp-json\/wp\/v2\/media?parent=12794"}],"curies":[{"name":"wp","href":"https:\/\/api.w.org\/{rel}","templated":true}]}}