{"id":12807,"date":"2023-07-10T19:16:16","date_gmt":"2023-07-10T18:16:16","guid":{"rendered":"https:\/\/www.aribau.es\/?page_id=12807"},"modified":"2024-05-13T16:56:08","modified_gmt":"2024-05-13T15:56:08","slug":"ficha-tecnica-companys-tinto","status":"publish","type":"page","link":"https:\/\/www.aribau.es\/ca\/ficha-tecnica-companys-tinto\/","title":{"rendered":"FICHA T\u00c9CNICA COMPANYS TINTO"},"content":{"rendered":"<div data-elementor-type=\"wp-page\" data-elementor-id=\"12807\" class=\"elementor elementor-12807\">\n\t\t\t\t\t\t<section class=\"elementor-section elementor-top-section elementor-element elementor-element-bc99d01 elementor-section-boxed elementor-section-height-default elementor-section-height-default\" data-id=\"bc99d01\" data-element_type=\"section\">\n\t\t\t\t\t\t<div class=\"elementor-container elementor-column-gap-default\">\n\t\t\t\t\t<div class=\"elementor-column elementor-col-100 elementor-top-column elementor-element elementor-element-f7db993\" data-id=\"f7db993\" data-element_type=\"column\">\n\t\t\t<div class=\"elementor-widget-wrap elementor-element-populated\">\n\t\t\t\t\t\t<div class=\"elementor-element elementor-element-95a7818 elementor-widget elementor-widget-heading\" data-id=\"95a7818\" data-element_type=\"widget\" data-widget_type=\"heading.default\">\n\t\t\t\t<div class=\"elementor-widget-container\">\n\t\t\t\t\t<h1 class=\"elementor-heading-title elementor-size-default\">COMPANYS NEGRE<\/h1>\t\t\t\t<\/div>\n\t\t\t\t<\/div>\n\t\t\t\t\t<\/div>\n\t\t<\/div>\n\t\t\t\t\t<\/div>\n\t\t<\/section>\n\t\t\t\t<section class=\"elementor-section elementor-top-section elementor-element elementor-element-489435b9 elementor-section-boxed elementor-section-height-default elementor-section-height-default elementor-invisible\" data-id=\"489435b9\" data-element_type=\"section\" data-settings=\"{&quot;animation&quot;:&quot;fadeInUp&quot;}\">\n\t\t\t\t\t\t<div class=\"elementor-container elementor-column-gap-default\">\n\t\t\t\t\t<div class=\"elementor-column elementor-col-50 elementor-top-column elementor-element elementor-element-1828d2f5\" data-id=\"1828d2f5\" data-element_type=\"column\">\n\t\t\t<div class=\"elementor-widget-wrap elementor-element-populated\">\n\t\t\t\t\t\t<div class=\"elementor-element elementor-element-2f867f49 elementor-widget elementor-widget-image\" data-id=\"2f867f49\" data-element_type=\"widget\" data-widget_type=\"image.default\">\n\t\t\t\t<div class=\"elementor-widget-container\">\n\t\t\t\t\t\t\t\t\t\t\t\t\t\t\t<img fetchpriority=\"high\" decoding=\"async\" width=\"379\" height=\"1024\" src=\"https:\/\/www.aribau.es\/wp-content\/uploads\/2023\/07\/companys_negre_low_res-e1715614000897-379x1024.jpg\" class=\"elementor-animation-grow attachment-large size-large wp-image-12790\" alt=\"\" srcset=\"https:\/\/www.aribau.es\/wp-content\/uploads\/2023\/07\/companys_negre_low_res-e1715614000897-379x1024.jpg 379w, https:\/\/www.aribau.es\/wp-content\/uploads\/2023\/07\/companys_negre_low_res-e1715614000897-111x300.jpg 111w, https:\/\/www.aribau.es\/wp-content\/uploads\/2023\/07\/companys_negre_low_res-e1715614000897-4x12.jpg 4w, https:\/\/www.aribau.es\/wp-content\/uploads\/2023\/07\/companys_negre_low_res-e1715614000897.jpg 468w\" sizes=\"(max-width: 379px) 100vw, 379px\" \/>\t\t\t\t\t\t\t\t\t\t\t\t\t\t\t<\/div>\n\t\t\t\t<\/div>\n\t\t\t\t\t<\/div>\n\t\t<\/div>\n\t\t\t\t<div class=\"elementor-column elementor-col-50 elementor-top-column elementor-element elementor-element-42dd0e16\" data-id=\"42dd0e16\" data-element_type=\"column\">\n\t\t\t<div class=\"elementor-widget-wrap elementor-element-populated\">\n\t\t\t\t\t\t<div class=\"elementor-element elementor-element-7c7b70bc elementor-widget elementor-widget-text-editor\" data-id=\"7c7b70bc\" data-element_type=\"widget\" data-widget_type=\"text-editor.default\">\n\t\t\t\t<div class=\"elementor-widget-container\">\n\t\t\t\t\t\t\t\t\t<p>VARIETATS DE RA\u00cfM<\/p>\t\t\t\t\t\t\t\t<\/div>\n\t\t\t\t<\/div>\n\t\t\t\t<div class=\"elementor-element elementor-element-75220be elementor-widget elementor-widget-text-editor\" data-id=\"75220be\" data-element_type=\"widget\" data-widget_type=\"text-editor.default\">\n\t\t\t\t<div class=\"elementor-widget-container\">\n\t\t\t\t\t\t\t\t\t<p>Garnatxa fina i peluda<\/p>\t\t\t\t\t\t\t\t<\/div>\n\t\t\t\t<\/div>\n\t\t\t\t<div class=\"elementor-element elementor-element-793633c4 elementor-widget elementor-widget-text-editor\" data-id=\"793633c4\" data-element_type=\"widget\" data-widget_type=\"text-editor.default\">\n\t\t\t\t<div class=\"elementor-widget-container\">\n\t\t\t\t\t\t\t\t\t<p>CRIAN\u00c7A<\/p>\t\t\t\t\t\t\t\t<\/div>\n\t\t\t\t<\/div>\n\t\t\t\t<div class=\"elementor-element elementor-element-d7a8176 elementor-widget elementor-widget-text-editor\" data-id=\"d7a8176\" data-element_type=\"widget\" data-widget_type=\"text-editor.default\">\n\t\t\t\t<div class=\"elementor-widget-container\">\n\t\t\t\t\t\t\t\t\t<p>Fermentaci\u00f3\u00a0entre\u00a0\u00a022-25\u00baC durant uns 15 dies. Un cop finalitzada la fermentaci\u00f3 es realitza l'acoblament de tots els vins, previ pas a b\u00f3ta.<\/p>\t\t\t\t\t\t\t\t<\/div>\n\t\t\t\t<\/div>\n\t\t\t\t<div class=\"elementor-element elementor-element-5b07abb8 elementor-widget elementor-widget-text-editor\" data-id=\"5b07abb8\" data-element_type=\"widget\" data-widget_type=\"text-editor.default\">\n\t\t\t\t<div class=\"elementor-widget-container\">\n\t\t\t\t\t\t\t\t\t<p>DENOMINACI\u00d3 D'ORIGEN<\/p>\t\t\t\t\t\t\t\t<\/div>\n\t\t\t\t<\/div>\n\t\t\t\t<div class=\"elementor-element elementor-element-7b01a3a1 elementor-widget elementor-widget-image\" data-id=\"7b01a3a1\" data-element_type=\"widget\" data-widget_type=\"image.default\">\n\t\t\t\t<div class=\"elementor-widget-container\">\n\t\t\t\t\t\t\t\t\t\t\t\t\t\t\t<img decoding=\"async\" width=\"512\" height=\"512\" src=\"https:\/\/www.aribau.es\/wp-content\/uploads\/2021\/03\/DO-TERRA-ALTA.jpg\" class=\"attachment-full size-full wp-image-9064\" alt=\"\" srcset=\"https:\/\/www.aribau.es\/wp-content\/uploads\/2021\/03\/DO-TERRA-ALTA.jpg 512w, https:\/\/www.aribau.es\/wp-content\/uploads\/2021\/03\/DO-TERRA-ALTA-300x300.jpg 300w, https:\/\/www.aribau.es\/wp-content\/uploads\/2021\/03\/DO-TERRA-ALTA-150x150.jpg 150w\" sizes=\"(max-width: 512px) 100vw, 512px\" \/>\t\t\t\t\t\t\t\t\t\t\t\t\t\t\t<\/div>\n\t\t\t\t<\/div>\n\t\t\t\t<div class=\"elementor-element elementor-element-1dab02d6 elementor-widget elementor-widget-text-editor\" data-id=\"1dab02d6\" data-element_type=\"widget\" data-widget_type=\"text-editor.default\">\n\t\t\t\t<div class=\"elementor-widget-container\">\n\t\t\t\t\t\t\t\t\t<p>DESCRIPCI\u00d3<\/p>\t\t\t\t\t\t\t\t<\/div>\n\t\t\t\t<\/div>\n\t\t\t\t<div class=\"elementor-element elementor-element-3ee3d144 elementor-widget elementor-widget-text-editor\" data-id=\"3ee3d144\" data-element_type=\"widget\" data-widget_type=\"text-editor.default\">\n\t\t\t\t<div class=\"elementor-widget-container\">\n\t\t\t\t\t\t\t\t\t<p>Garnatxa Fina (50%) i Peluda (50%) de ceps de m\u00e9s de 40 anys on realitzem crian\u00e7a per pas de b\u00f3tes de roure franc\u00e8s de 500L durant 12 mesos. S\u00f2l:\u00a0\u201cTap\u00e0s\u201d\u00a0 s\u00f2l\u00a0 de\u00a0textura\u00a0 franca\u00a0 amb material subjacent\u00a0argil\u00f3s. \u201cTap\u00e0s\u00a0 blanc\u201d s\u00f2ls poc profunds amb fragments carbonatats.\u00a0<\/p><p>Al nas apareixen fruites vermelles i negres madures, amb matisos d'herbes silvestres mediterr\u00e0nies i acompanyada amb aromes bals\u00e0miques donant-li un car\u00e0cter llaminer. A la boca \u00e9s fruit\u00f3s, ampli i llaminer amb entrada suau i neta, llarg i persistent amb una cremositat que compensa els tanins, donant una sensaci\u00f3 plena i rodona.<\/p><div>\u00a0<\/div><div>\u00a0<\/div>\t\t\t\t\t\t\t\t<\/div>\n\t\t\t\t<\/div>\n\t\t\t\t\t<\/div>\n\t\t<\/div>\n\t\t\t\t\t<\/div>\n\t\t<\/section>\n\t\t\t\t<\/div>","protected":false},"excerpt":{"rendered":"<p>companys TINTO variedades de uva Garnacha fina y peluda Crianza Fermentaci\u00f3n\u00a0 \u00a0entre\u00a0 \u00a022-25\u00baC durante unos 15 d\u00edas. Una vez finalizada la\u00a0 fermentaci\u00f3n se realiza el ensamblaje de todos los vinos, previo paso a barrica. Denominaci\u00f3n de origen descripci\u00f3n Garnacha Fina (50%) y Peluda (50%) de cepas de m\u00e1s de 40 a\u00f1os donde realizamos crianza por &#8230; <a title=\"FICHA T\u00c9CNICA COMPANYS TINTO\" class=\"read-more\" href=\"https:\/\/www.aribau.es\/ca\/ficha-tecnica-companys-tinto\/\" aria-label=\"M\u00e9s informaci\u00f3 sobre FICHA T\u00c9CNICA COMPANYS TINTO\">Llegiu m\u00e9s<\/a><\/p>","protected":false},"author":3,"featured_media":0,"parent":0,"menu_order":0,"comment_status":"closed","ping_status":"closed","template":"elementor_header_footer","meta":{"footnotes":""},"class_list":["post-12807","page","type-page","status-publish"],"yoast_head":"<!-- This site is optimized with the Yoast SEO plugin v26.7 - https:\/\/yoast.com\/wordpress\/plugins\/seo\/ -->\n<title>FICHA T\u00c9CNICA COMPANYS TINTO - Aribau<\/title>\n<meta name=\"robots\" content=\"index, follow, max-snippet:-1, max-image-preview:large, max-video-preview:-1\" \/>\n<link rel=\"canonical\" href=\"https:\/\/www.aribau.es\/ca\/ficha-tecnica-companys-tinto\/\" \/>\n<meta property=\"og:locale\" content=\"ca_ES\" \/>\n<meta property=\"og:type\" content=\"article\" \/>\n<meta property=\"og:title\" content=\"FICHA T\u00c9CNICA COMPANYS TINTO - Aribau\" \/>\n<meta property=\"og:description\" content=\"companys TINTO variedades de uva Garnacha fina y peluda Crianza Fermentaci\u00f3n\u00a0 \u00a0entre\u00a0 \u00a022-25\u00baC durante unos 15 d\u00edas. Una vez finalizada la\u00a0 fermentaci\u00f3n se realiza el ensamblaje de todos los vinos, previo paso a barrica. Denominaci\u00f3n de origen descripci\u00f3n Garnacha Fina (50%) y Peluda (50%) de cepas de m\u00e1s de 40 a\u00f1os donde realizamos crianza por ... Llegiu m\u00e9s\" \/>\n<meta property=\"og:url\" content=\"https:\/\/www.aribau.es\/ca\/ficha-tecnica-companys-tinto\/\" \/>\n<meta property=\"og:site_name\" content=\"Aribau\" \/>\n<meta property=\"article:publisher\" content=\"https:\/\/www.facebook.com\/aribau1964\/\" \/>\n<meta property=\"article:modified_time\" content=\"2024-05-13T15:56:08+00:00\" \/>\n<meta property=\"og:image\" content=\"https:\/\/www.aribau.es\/wp-content\/uploads\/2023\/07\/companys_negre_low_res-e1715614000897-379x1024.jpg\" \/>\n<meta name=\"twitter:card\" content=\"summary_large_image\" \/>\n<meta name=\"twitter:site\" content=\"@aribau1964\" \/>\n<meta name=\"twitter:label1\" content=\"Temps estimat de lectura\" \/>\n\t<meta name=\"twitter:data1\" content=\"1 minut\" \/>\n<script type=\"application\/ld+json\" class=\"yoast-schema-graph\">{\"@context\":\"https:\/\/schema.org\",\"@graph\":[{\"@type\":\"WebPage\",\"@id\":\"https:\/\/www.aribau.es\/ficha-tecnica-companys-tinto\/\",\"url\":\"https:\/\/www.aribau.es\/ficha-tecnica-companys-tinto\/\",\"name\":\"FICHA T\u00c9CNICA COMPANYS TINTO - Aribau\",\"isPartOf\":{\"@id\":\"https:\/\/www.aribau.es\/#website\"},\"primaryImageOfPage\":{\"@id\":\"https:\/\/www.aribau.es\/ficha-tecnica-companys-tinto\/#primaryimage\"},\"image\":{\"@id\":\"https:\/\/www.aribau.es\/ficha-tecnica-companys-tinto\/#primaryimage\"},\"thumbnailUrl\":\"https:\/\/www.aribau.es\/wp-content\/uploads\/2023\/07\/companys_negre_low_res-e1715614000897-379x1024.jpg\",\"datePublished\":\"2023-07-10T18:16:16+00:00\",\"dateModified\":\"2024-05-13T15:56:08+00:00\",\"breadcrumb\":{\"@id\":\"https:\/\/www.aribau.es\/ficha-tecnica-companys-tinto\/#breadcrumb\"},\"inLanguage\":\"ca\",\"potentialAction\":[{\"@type\":\"ReadAction\",\"target\":[\"https:\/\/www.aribau.es\/ficha-tecnica-companys-tinto\/\"]}]},{\"@type\":\"ImageObject\",\"inLanguage\":\"ca\",\"@id\":\"https:\/\/www.aribau.es\/ficha-tecnica-companys-tinto\/#primaryimage\",\"url\":\"https:\/\/www.aribau.es\/wp-content\/uploads\/2023\/07\/companys_negre_low_res-e1715614000897-379x1024.jpg\",\"contentUrl\":\"https:\/\/www.aribau.es\/wp-content\/uploads\/2023\/07\/companys_negre_low_res-e1715614000897-379x1024.jpg\"},{\"@type\":\"BreadcrumbList\",\"@id\":\"https:\/\/www.aribau.es\/ficha-tecnica-companys-tinto\/#breadcrumb\",\"itemListElement\":[{\"@type\":\"ListItem\",\"position\":1,\"name\":\"Portada\",\"item\":\"https:\/\/www.aribau.es\/\"},{\"@type\":\"ListItem\",\"position\":2,\"name\":\"FICHA T\u00c9CNICA COMPANYS TINTO\"}]},{\"@type\":\"WebSite\",\"@id\":\"https:\/\/www.aribau.es\/#website\",\"url\":\"https:\/\/www.aribau.es\/\",\"name\":\"Aribau\",\"description\":\"VINOS Y BODEGAS\",\"publisher\":{\"@id\":\"https:\/\/www.aribau.es\/#organization\"},\"potentialAction\":[{\"@type\":\"SearchAction\",\"target\":{\"@type\":\"EntryPoint\",\"urlTemplate\":\"https:\/\/www.aribau.es\/?s={search_term_string}\"},\"query-input\":{\"@type\":\"PropertyValueSpecification\",\"valueRequired\":true,\"valueName\":\"search_term_string\"}}],\"inLanguage\":\"ca\"},{\"@type\":\"Organization\",\"@id\":\"https:\/\/www.aribau.es\/#organization\",\"name\":\"Aribau\",\"url\":\"https:\/\/www.aribau.es\/\",\"logo\":{\"@type\":\"ImageObject\",\"inLanguage\":\"ca\",\"@id\":\"https:\/\/www.aribau.es\/#\/schema\/logo\/image\/\",\"url\":\"https:\/\/www.aribau.es\/wp-content\/uploads\/2022\/03\/logo.png\",\"contentUrl\":\"https:\/\/www.aribau.es\/wp-content\/uploads\/2022\/03\/logo.png\",\"width\":300,\"height\":300,\"caption\":\"Aribau\"},\"image\":{\"@id\":\"https:\/\/www.aribau.es\/#\/schema\/logo\/image\/\"},\"sameAs\":[\"https:\/\/www.facebook.com\/aribau1964\/\",\"https:\/\/x.com\/aribau1964\",\"https:\/\/www.instagram.com\/aribau1964\/\"]}]}<\/script>\n<!-- \/ Yoast SEO plugin. -->","yoast_head_json":{"title":"FICHA T\u00c9CNICA COMPANYS TINTO - Aribau","robots":{"index":"index","follow":"follow","max-snippet":"max-snippet:-1","max-image-preview":"max-image-preview:large","max-video-preview":"max-video-preview:-1"},"canonical":"https:\/\/www.aribau.es\/ca\/ficha-tecnica-companys-tinto\/","og_locale":"ca_ES","og_type":"article","og_title":"FICHA T\u00c9CNICA COMPANYS TINTO - Aribau","og_description":"companys TINTO variedades de uva Garnacha fina y peluda Crianza Fermentaci\u00f3n\u00a0 \u00a0entre\u00a0 \u00a022-25\u00baC durante unos 15 d\u00edas. Una vez finalizada la\u00a0 fermentaci\u00f3n se realiza el ensamblaje de todos los vinos, previo paso a barrica. Denominaci\u00f3n de origen descripci\u00f3n Garnacha Fina (50%) y Peluda (50%) de cepas de m\u00e1s de 40 a\u00f1os donde realizamos crianza por ... Llegiu m\u00e9s","og_url":"https:\/\/www.aribau.es\/ca\/ficha-tecnica-companys-tinto\/","og_site_name":"Aribau","article_publisher":"https:\/\/www.facebook.com\/aribau1964\/","article_modified_time":"2024-05-13T15:56:08+00:00","og_image":[{"url":"https:\/\/www.aribau.es\/wp-content\/uploads\/2023\/07\/companys_negre_low_res-e1715614000897-379x1024.jpg","type":"","width":"","height":""}],"twitter_card":"summary_large_image","twitter_site":"@aribau1964","twitter_misc":{"Temps estimat de lectura":"1 minut"},"schema":{"@context":"https:\/\/schema.org","@graph":[{"@type":"WebPage","@id":"https:\/\/www.aribau.es\/ficha-tecnica-companys-tinto\/","url":"https:\/\/www.aribau.es\/ficha-tecnica-companys-tinto\/","name":"FICHA T\u00c9CNICA COMPANYS TINTO - Aribau","isPartOf":{"@id":"https:\/\/www.aribau.es\/#website"},"primaryImageOfPage":{"@id":"https:\/\/www.aribau.es\/ficha-tecnica-companys-tinto\/#primaryimage"},"image":{"@id":"https:\/\/www.aribau.es\/ficha-tecnica-companys-tinto\/#primaryimage"},"thumbnailUrl":"https:\/\/www.aribau.es\/wp-content\/uploads\/2023\/07\/companys_negre_low_res-e1715614000897-379x1024.jpg","datePublished":"2023-07-10T18:16:16+00:00","dateModified":"2024-05-13T15:56:08+00:00","breadcrumb":{"@id":"https:\/\/www.aribau.es\/ficha-tecnica-companys-tinto\/#breadcrumb"},"inLanguage":"ca","potentialAction":[{"@type":"ReadAction","target":["https:\/\/www.aribau.es\/ficha-tecnica-companys-tinto\/"]}]},{"@type":"ImageObject","inLanguage":"ca","@id":"https:\/\/www.aribau.es\/ficha-tecnica-companys-tinto\/#primaryimage","url":"https:\/\/www.aribau.es\/wp-content\/uploads\/2023\/07\/companys_negre_low_res-e1715614000897-379x1024.jpg","contentUrl":"https:\/\/www.aribau.es\/wp-content\/uploads\/2023\/07\/companys_negre_low_res-e1715614000897-379x1024.jpg"},{"@type":"BreadcrumbList","@id":"https:\/\/www.aribau.es\/ficha-tecnica-companys-tinto\/#breadcrumb","itemListElement":[{"@type":"ListItem","position":1,"name":"Portada","item":"https:\/\/www.aribau.es\/"},{"@type":"ListItem","position":2,"name":"FICHA T\u00c9CNICA COMPANYS TINTO"}]},{"@type":"WebSite","@id":"https:\/\/www.aribau.es\/#website","url":"https:\/\/www.aribau.es\/","name":"Aribau","description":"VINOS Y BODEGAS","publisher":{"@id":"https:\/\/www.aribau.es\/#organization"},"potentialAction":[{"@type":"SearchAction","target":{"@type":"EntryPoint","urlTemplate":"https:\/\/www.aribau.es\/?s={search_term_string}"},"query-input":{"@type":"PropertyValueSpecification","valueRequired":true,"valueName":"search_term_string"}}],"inLanguage":"ca"},{"@type":"Organization","@id":"https:\/\/www.aribau.es\/#organization","name":"Aribau","url":"https:\/\/www.aribau.es\/","logo":{"@type":"ImageObject","inLanguage":"ca","@id":"https:\/\/www.aribau.es\/#\/schema\/logo\/image\/","url":"https:\/\/www.aribau.es\/wp-content\/uploads\/2022\/03\/logo.png","contentUrl":"https:\/\/www.aribau.es\/wp-content\/uploads\/2022\/03\/logo.png","width":300,"height":300,"caption":"Aribau"},"image":{"@id":"https:\/\/www.aribau.es\/#\/schema\/logo\/image\/"},"sameAs":["https:\/\/www.facebook.com\/aribau1964\/","https:\/\/x.com\/aribau1964","https:\/\/www.instagram.com\/aribau1964\/"]}]}},"_links":{"self":[{"href":"https:\/\/www.aribau.es\/ca\/wp-json\/wp\/v2\/pages\/12807","targetHints":{"allow":["GET"]}}],"collection":[{"href":"https:\/\/www.aribau.es\/ca\/wp-json\/wp\/v2\/pages"}],"about":[{"href":"https:\/\/www.aribau.es\/ca\/wp-json\/wp\/v2\/types\/page"}],"author":[{"embeddable":true,"href":"https:\/\/www.aribau.es\/ca\/wp-json\/wp\/v2\/users\/3"}],"replies":[{"embeddable":true,"href":"https:\/\/www.aribau.es\/ca\/wp-json\/wp\/v2\/comments?post=12807"}],"version-history":[{"count":16,"href":"https:\/\/www.aribau.es\/ca\/wp-json\/wp\/v2\/pages\/12807\/revisions"}],"predecessor-version":[{"id":13647,"href":"https:\/\/www.aribau.es\/ca\/wp-json\/wp\/v2\/pages\/12807\/revisions\/13647"}],"wp:attachment":[{"href":"https:\/\/www.aribau.es\/ca\/wp-json\/wp\/v2\/media?parent=12807"}],"curies":[{"name":"wp","href":"https:\/\/api.w.org\/{rel}","templated":true}]}}