{"id":7172,"date":"2021-02-15T14:18:35","date_gmt":"2021-02-15T13:18:35","guid":{"rendered":"https:\/\/www.aribau.es\/?page_id=7172"},"modified":"2024-05-07T12:29:32","modified_gmt":"2024-05-07T11:29:32","slug":"quienes-somos","status":"publish","type":"page","link":"https:\/\/www.aribau.es\/ca\/quienes-somos\/","title":{"rendered":"QUI SOM"},"content":{"rendered":"<div data-elementor-type=\"wp-page\" data-elementor-id=\"7172\" class=\"elementor elementor-7172\">\n\t\t\t\t\t\t<section class=\"elementor-section elementor-top-section elementor-element elementor-element-625214eb elementor-section-boxed elementor-section-height-default elementor-section-height-default elementor-invisible\" data-id=\"625214eb\" data-element_type=\"section\" data-settings=\"{&quot;animation&quot;:&quot;fadeInUp&quot;}\">\n\t\t\t\t\t\t<div class=\"elementor-container elementor-column-gap-no\">\n\t\t\t\t\t<div class=\"elementor-column elementor-col-50 elementor-top-column elementor-element elementor-element-4e47550a\" data-id=\"4e47550a\" data-element_type=\"column\">\n\t\t\t<div class=\"elementor-widget-wrap elementor-element-populated\">\n\t\t\t\t\t\t<div class=\"elementor-element elementor-element-5769c2fd elementor-widget elementor-widget-heading\" data-id=\"5769c2fd\" data-element_type=\"widget\" data-widget_type=\"heading.default\">\n\t\t\t\t<div class=\"elementor-widget-container\">\n\t\t\t\t\t<h2 class=\"elementor-heading-title elementor-size-default\">LA NOSTRA HIST\u00d2RIA<\/h2>\t\t\t\t<\/div>\n\t\t\t\t<\/div>\n\t\t\t\t<div class=\"elementor-element elementor-element-2186ad40 elementor-widget elementor-widget-text-editor\" data-id=\"2186ad40\" data-element_type=\"widget\" data-widget_type=\"text-editor.default\">\n\t\t\t\t<div class=\"elementor-widget-container\">\n\t\t\t\t\t\t\t\t\t<p>Des d'aquell 20 d'abril de 1964 en qu\u00e8 Guillermo Gonz\u00e1lez Gilbey va constituir aquesta empresa, ARIBAU ha hagut de superar molts reptes. Gaireb\u00e9 tants com els que ell mateix va haver d'afrontar en la seva vida.<\/p>\n<p>Avui dia, a ARIBAU, tot un equip de professionals continuem aplicant el llegat que ens va deixar: capacitat de superaci\u00f3, d'alegria, i de vocaci\u00f3 de servei. El nostre objectiu \u00e9s oferir-te el millor assessorament i un servei impecable en el m\u00f3n m\u00e0gic dels vins i caves.<\/p>\t\t\t\t\t\t\t\t<\/div>\n\t\t\t\t<\/div>\n\t\t\t\t<div class=\"elementor-element elementor-element-4bcde5c5 elementor-align-center elementor-widget elementor-widget-button\" data-id=\"4bcde5c5\" data-element_type=\"widget\" data-widget_type=\"button.default\">\n\t\t\t\t<div class=\"elementor-widget-container\">\n\t\t\t\t\t\t\t\t\t<div class=\"elementor-button-wrapper\">\n\t\t\t\t\t<a class=\"elementor-button elementor-button-link elementor-size-sm elementor-animation-grow\" href=\"https:\/\/www.aribau.es\/ca\/historia-2\/\">\n\t\t\t\t\t\t<span class=\"elementor-button-content-wrapper\">\n\t\t\t\t\t\t\t\t\t<span class=\"elementor-button-text\">CARTA DE MARIANA GONZ\u00c1LEZ<\/span>\n\t\t\t\t\t<\/span>\n\t\t\t\t\t<\/a>\n\t\t\t\t<\/div>\n\t\t\t\t\t\t\t\t<\/div>\n\t\t\t\t<\/div>\n\t\t\t\t\t<\/div>\n\t\t<\/div>\n\t\t\t\t<div class=\"elementor-column elementor-col-50 elementor-top-column elementor-element elementor-element-69ef0ef7\" data-id=\"69ef0ef7\" data-element_type=\"column\" data-settings=\"{&quot;animation&quot;:&quot;none&quot;}\">\n\t\t\t<div class=\"elementor-widget-wrap elementor-element-populated\">\n\t\t\t\t\t\t<div class=\"elementor-element elementor-element-7753fbff elementor-hidden-phone elementor-widget elementor-widget-image\" data-id=\"7753fbff\" data-element_type=\"widget\" data-settings=\"{&quot;_animation&quot;:&quot;none&quot;}\" data-widget_type=\"image.default\">\n\t\t\t\t<div class=\"elementor-widget-container\">\n\t\t\t\t\t\t\t\t\t\t\t\t\t\t\t<img fetchpriority=\"high\" decoding=\"async\" width=\"274\" height=\"402\" src=\"https:\/\/www.aribau.es\/wp-content\/uploads\/2021\/02\/guillermo-gonzales.png\" class=\"attachment-large size-large wp-image-7176\" alt=\"\" srcset=\"https:\/\/www.aribau.es\/wp-content\/uploads\/2021\/02\/guillermo-gonzales.png 274w, https:\/\/www.aribau.es\/wp-content\/uploads\/2021\/02\/guillermo-gonzales-204x300.png 204w\" sizes=\"(max-width: 274px) 100vw, 274px\" \/>\t\t\t\t\t\t\t\t\t\t\t\t\t\t\t<\/div>\n\t\t\t\t<\/div>\n\t\t\t\t\t<\/div>\n\t\t<\/div>\n\t\t\t\t\t<\/div>\n\t\t<\/section>\n\t\t\t\t<section class=\"elementor-section elementor-top-section elementor-element elementor-element-e212b80 elementor-section-boxed elementor-section-height-default elementor-section-height-default\" data-id=\"e212b80\" data-element_type=\"section\">\n\t\t\t\t\t\t<div class=\"elementor-container elementor-column-gap-default\">\n\t\t\t\t\t<div class=\"elementor-column elementor-col-100 elementor-top-column elementor-element elementor-element-4dd0c12\" data-id=\"4dd0c12\" data-element_type=\"column\">\n\t\t\t<div class=\"elementor-widget-wrap elementor-element-populated\">\n\t\t\t\t\t\t<div class=\"elementor-element elementor-element-ba6bb62 elementor-widget elementor-widget-spacer\" data-id=\"ba6bb62\" data-element_type=\"widget\" data-widget_type=\"spacer.default\">\n\t\t\t\t<div class=\"elementor-widget-container\">\n\t\t\t\t\t\t\t<div class=\"elementor-spacer\">\n\t\t\t<div class=\"elementor-spacer-inner\"><\/div>\n\t\t<\/div>\n\t\t\t\t\t\t<\/div>\n\t\t\t\t<\/div>\n\t\t\t\t\t<\/div>\n\t\t<\/div>\n\t\t\t\t\t<\/div>\n\t\t<\/section>\n\t\t\t\t<\/div>","protected":false},"excerpt":{"rendered":"<p>NUESTRA HISTORIA Desde aquel 20 de abril de 1964 en que Guillermo Gonz\u00e1lez Gilbey constituy\u00f3 esta empresa, ARIBAU ha tenido que superar muchos retos. Casi tantos como los que \u00e9l mismo tuvo que afrontar en su vida. Hoy en d\u00eda, en ARIBAU, todo un equipo de profesionales seguimos aplicando el legado que nos dej\u00f3: capacidad &#8230; <a title=\"QUI SOM\" class=\"read-more\" href=\"https:\/\/www.aribau.es\/ca\/quienes-somos\/\" aria-label=\"M\u00e9s informaci\u00f3 sobre QUI\u00c9NES SOMOS\">Llegiu m\u00e9s<\/a><\/p>","protected":false},"author":3,"featured_media":0,"parent":0,"menu_order":0,"comment_status":"closed","ping_status":"closed","template":"elementor_header_footer","meta":{"footnotes":""},"class_list":["post-7172","page","type-page","status-publish"],"yoast_head":"<!-- This site is optimized with the Yoast SEO plugin v26.7 - https:\/\/yoast.com\/wordpress\/plugins\/seo\/ -->\n<title>QUI\u00c9NES SOMOS - Aribau<\/title>\n<meta name=\"robots\" content=\"index, follow, max-snippet:-1, max-image-preview:large, max-video-preview:-1\" \/>\n<link rel=\"canonical\" href=\"https:\/\/www.aribau.es\/ca\/quienes-somos\/\" \/>\n<meta property=\"og:locale\" content=\"ca_ES\" \/>\n<meta property=\"og:type\" content=\"article\" \/>\n<meta property=\"og:title\" content=\"QUI\u00c9NES SOMOS - Aribau\" \/>\n<meta property=\"og:description\" content=\"NUESTRA HISTORIA Desde aquel 20 de abril de 1964 en que Guillermo Gonz\u00e1lez Gilbey constituy\u00f3 esta empresa, ARIBAU ha tenido que superar muchos retos. Casi tantos como los que \u00e9l mismo tuvo que afrontar en su vida. Hoy en d\u00eda, en ARIBAU, todo un equipo de profesionales seguimos aplicando el legado que nos dej\u00f3: capacidad ... Llegiu m\u00e9s\" \/>\n<meta property=\"og:url\" content=\"https:\/\/www.aribau.es\/ca\/quienes-somos\/\" \/>\n<meta property=\"og:site_name\" content=\"Aribau\" \/>\n<meta property=\"article:publisher\" content=\"https:\/\/www.facebook.com\/aribau1964\/\" \/>\n<meta property=\"article:modified_time\" content=\"2024-05-07T11:29:32+00:00\" \/>\n<meta property=\"og:image\" content=\"https:\/\/www.aribau.es\/wp-content\/uploads\/2021\/02\/guillermo-gonzales.png\" \/>\n<meta name=\"twitter:card\" content=\"summary_large_image\" \/>\n<meta name=\"twitter:site\" content=\"@aribau1964\" \/>\n<script type=\"application\/ld+json\" class=\"yoast-schema-graph\">{\"@context\":\"https:\/\/schema.org\",\"@graph\":[{\"@type\":\"WebPage\",\"@id\":\"https:\/\/www.aribau.es\/quienes-somos\/\",\"url\":\"https:\/\/www.aribau.es\/quienes-somos\/\",\"name\":\"QUI\u00c9NES SOMOS - Aribau\",\"isPartOf\":{\"@id\":\"https:\/\/www.aribau.es\/#website\"},\"primaryImageOfPage\":{\"@id\":\"https:\/\/www.aribau.es\/quienes-somos\/#primaryimage\"},\"image\":{\"@id\":\"https:\/\/www.aribau.es\/quienes-somos\/#primaryimage\"},\"thumbnailUrl\":\"https:\/\/www.aribau.es\/wp-content\/uploads\/2021\/02\/guillermo-gonzales.png\",\"datePublished\":\"2021-02-15T13:18:35+00:00\",\"dateModified\":\"2024-05-07T11:29:32+00:00\",\"breadcrumb\":{\"@id\":\"https:\/\/www.aribau.es\/quienes-somos\/#breadcrumb\"},\"inLanguage\":\"ca\",\"potentialAction\":[{\"@type\":\"ReadAction\",\"target\":[\"https:\/\/www.aribau.es\/quienes-somos\/\"]}]},{\"@type\":\"ImageObject\",\"inLanguage\":\"ca\",\"@id\":\"https:\/\/www.aribau.es\/quienes-somos\/#primaryimage\",\"url\":\"https:\/\/www.aribau.es\/wp-content\/uploads\/2021\/02\/guillermo-gonzales.png\",\"contentUrl\":\"https:\/\/www.aribau.es\/wp-content\/uploads\/2021\/02\/guillermo-gonzales.png\"},{\"@type\":\"BreadcrumbList\",\"@id\":\"https:\/\/www.aribau.es\/quienes-somos\/#breadcrumb\",\"itemListElement\":[{\"@type\":\"ListItem\",\"position\":1,\"name\":\"Portada\",\"item\":\"https:\/\/www.aribau.es\/\"},{\"@type\":\"ListItem\",\"position\":2,\"name\":\"QUI\u00c9NES SOMOS\"}]},{\"@type\":\"WebSite\",\"@id\":\"https:\/\/www.aribau.es\/#website\",\"url\":\"https:\/\/www.aribau.es\/\",\"name\":\"Aribau\",\"description\":\"VINOS Y BODEGAS\",\"publisher\":{\"@id\":\"https:\/\/www.aribau.es\/#organization\"},\"potentialAction\":[{\"@type\":\"SearchAction\",\"target\":{\"@type\":\"EntryPoint\",\"urlTemplate\":\"https:\/\/www.aribau.es\/?s={search_term_string}\"},\"query-input\":{\"@type\":\"PropertyValueSpecification\",\"valueRequired\":true,\"valueName\":\"search_term_string\"}}],\"inLanguage\":\"ca\"},{\"@type\":\"Organization\",\"@id\":\"https:\/\/www.aribau.es\/#organization\",\"name\":\"Aribau\",\"url\":\"https:\/\/www.aribau.es\/\",\"logo\":{\"@type\":\"ImageObject\",\"inLanguage\":\"ca\",\"@id\":\"https:\/\/www.aribau.es\/#\/schema\/logo\/image\/\",\"url\":\"https:\/\/www.aribau.es\/wp-content\/uploads\/2022\/03\/logo.png\",\"contentUrl\":\"https:\/\/www.aribau.es\/wp-content\/uploads\/2022\/03\/logo.png\",\"width\":300,\"height\":300,\"caption\":\"Aribau\"},\"image\":{\"@id\":\"https:\/\/www.aribau.es\/#\/schema\/logo\/image\/\"},\"sameAs\":[\"https:\/\/www.facebook.com\/aribau1964\/\",\"https:\/\/x.com\/aribau1964\",\"https:\/\/www.instagram.com\/aribau1964\/\"]}]}<\/script>\n<!-- \/ Yoast SEO plugin. -->","yoast_head_json":{"title":"QUI\u00c9NES SOMOS - Aribau","robots":{"index":"index","follow":"follow","max-snippet":"max-snippet:-1","max-image-preview":"max-image-preview:large","max-video-preview":"max-video-preview:-1"},"canonical":"https:\/\/www.aribau.es\/ca\/quienes-somos\/","og_locale":"ca_ES","og_type":"article","og_title":"QUI\u00c9NES SOMOS - Aribau","og_description":"NUESTRA HISTORIA Desde aquel 20 de abril de 1964 en que Guillermo Gonz\u00e1lez Gilbey constituy\u00f3 esta empresa, ARIBAU ha tenido que superar muchos retos. Casi tantos como los que \u00e9l mismo tuvo que afrontar en su vida. Hoy en d\u00eda, en ARIBAU, todo un equipo de profesionales seguimos aplicando el legado que nos dej\u00f3: capacidad ... Llegiu m\u00e9s","og_url":"https:\/\/www.aribau.es\/ca\/quienes-somos\/","og_site_name":"Aribau","article_publisher":"https:\/\/www.facebook.com\/aribau1964\/","article_modified_time":"2024-05-07T11:29:32+00:00","og_image":[{"url":"https:\/\/www.aribau.es\/wp-content\/uploads\/2021\/02\/guillermo-gonzales.png","type":"","width":"","height":""}],"twitter_card":"summary_large_image","twitter_site":"@aribau1964","schema":{"@context":"https:\/\/schema.org","@graph":[{"@type":"WebPage","@id":"https:\/\/www.aribau.es\/quienes-somos\/","url":"https:\/\/www.aribau.es\/quienes-somos\/","name":"QUI\u00c9NES SOMOS - Aribau","isPartOf":{"@id":"https:\/\/www.aribau.es\/#website"},"primaryImageOfPage":{"@id":"https:\/\/www.aribau.es\/quienes-somos\/#primaryimage"},"image":{"@id":"https:\/\/www.aribau.es\/quienes-somos\/#primaryimage"},"thumbnailUrl":"https:\/\/www.aribau.es\/wp-content\/uploads\/2021\/02\/guillermo-gonzales.png","datePublished":"2021-02-15T13:18:35+00:00","dateModified":"2024-05-07T11:29:32+00:00","breadcrumb":{"@id":"https:\/\/www.aribau.es\/quienes-somos\/#breadcrumb"},"inLanguage":"ca","potentialAction":[{"@type":"ReadAction","target":["https:\/\/www.aribau.es\/quienes-somos\/"]}]},{"@type":"ImageObject","inLanguage":"ca","@id":"https:\/\/www.aribau.es\/quienes-somos\/#primaryimage","url":"https:\/\/www.aribau.es\/wp-content\/uploads\/2021\/02\/guillermo-gonzales.png","contentUrl":"https:\/\/www.aribau.es\/wp-content\/uploads\/2021\/02\/guillermo-gonzales.png"},{"@type":"BreadcrumbList","@id":"https:\/\/www.aribau.es\/quienes-somos\/#breadcrumb","itemListElement":[{"@type":"ListItem","position":1,"name":"Portada","item":"https:\/\/www.aribau.es\/"},{"@type":"ListItem","position":2,"name":"QUI\u00c9NES SOMOS"}]},{"@type":"WebSite","@id":"https:\/\/www.aribau.es\/#website","url":"https:\/\/www.aribau.es\/","name":"Aribau","description":"VINOS Y BODEGAS","publisher":{"@id":"https:\/\/www.aribau.es\/#organization"},"potentialAction":[{"@type":"SearchAction","target":{"@type":"EntryPoint","urlTemplate":"https:\/\/www.aribau.es\/?s={search_term_string}"},"query-input":{"@type":"PropertyValueSpecification","valueRequired":true,"valueName":"search_term_string"}}],"inLanguage":"ca"},{"@type":"Organization","@id":"https:\/\/www.aribau.es\/#organization","name":"Aribau","url":"https:\/\/www.aribau.es\/","logo":{"@type":"ImageObject","inLanguage":"ca","@id":"https:\/\/www.aribau.es\/#\/schema\/logo\/image\/","url":"https:\/\/www.aribau.es\/wp-content\/uploads\/2022\/03\/logo.png","contentUrl":"https:\/\/www.aribau.es\/wp-content\/uploads\/2022\/03\/logo.png","width":300,"height":300,"caption":"Aribau"},"image":{"@id":"https:\/\/www.aribau.es\/#\/schema\/logo\/image\/"},"sameAs":["https:\/\/www.facebook.com\/aribau1964\/","https:\/\/x.com\/aribau1964","https:\/\/www.instagram.com\/aribau1964\/"]}]}},"_links":{"self":[{"href":"https:\/\/www.aribau.es\/ca\/wp-json\/wp\/v2\/pages\/7172","targetHints":{"allow":["GET"]}}],"collection":[{"href":"https:\/\/www.aribau.es\/ca\/wp-json\/wp\/v2\/pages"}],"about":[{"href":"https:\/\/www.aribau.es\/ca\/wp-json\/wp\/v2\/types\/page"}],"author":[{"embeddable":true,"href":"https:\/\/www.aribau.es\/ca\/wp-json\/wp\/v2\/users\/3"}],"replies":[{"embeddable":true,"href":"https:\/\/www.aribau.es\/ca\/wp-json\/wp\/v2\/comments?post=7172"}],"version-history":[{"count":22,"href":"https:\/\/www.aribau.es\/ca\/wp-json\/wp\/v2\/pages\/7172\/revisions"}],"predecessor-version":[{"id":13235,"href":"https:\/\/www.aribau.es\/ca\/wp-json\/wp\/v2\/pages\/7172\/revisions\/13235"}],"wp:attachment":[{"href":"https:\/\/www.aribau.es\/ca\/wp-json\/wp\/v2\/media?parent=7172"}],"curies":[{"name":"wp","href":"https:\/\/api.w.org\/{rel}","templated":true}]}}