{"id":7181,"date":"2021-02-15T14:21:15","date_gmt":"2021-02-15T13:21:15","guid":{"rendered":"https:\/\/www.aribau.es\/?page_id=7181"},"modified":"2021-04-28T10:33:02","modified_gmt":"2021-04-28T09:33:02","slug":"historia-2","status":"publish","type":"page","link":"https:\/\/www.aribau.es\/ca\/historia-2\/","title":{"rendered":"HISTORIA"},"content":{"rendered":"<div data-elementor-type=\"wp-page\" data-elementor-id=\"7181\" class=\"elementor elementor-7181\">\n\t\t\t\t\t\t<section class=\"elementor-section elementor-top-section elementor-element elementor-element-287e161 elementor-section-boxed elementor-section-height-default elementor-section-height-default\" data-id=\"287e161\" data-element_type=\"section\">\n\t\t\t\t\t\t<div class=\"elementor-container elementor-column-gap-default\">\n\t\t\t\t\t<div class=\"elementor-column elementor-col-100 elementor-top-column elementor-element elementor-element-1c32a3c7\" data-id=\"1c32a3c7\" data-element_type=\"column\">\n\t\t\t<div class=\"elementor-widget-wrap elementor-element-populated\">\n\t\t\t\t\t\t<div class=\"elementor-element elementor-element-3e40f40e elementor-widget elementor-widget-heading\" data-id=\"3e40f40e\" data-element_type=\"widget\" data-widget_type=\"heading.default\">\n\t\t\t\t<div class=\"elementor-widget-container\">\n\t\t\t\t\t<h3 class=\"elementor-heading-title elementor-size-default\">HIST\u00d2RIA<\/h3>\t\t\t\t<\/div>\n\t\t\t\t<\/div>\n\t\t\t\t<div class=\"elementor-element elementor-element-4e68d648 elementor-widget elementor-widget-heading\" data-id=\"4e68d648\" data-element_type=\"widget\" data-widget_type=\"heading.default\">\n\t\t\t\t<div class=\"elementor-widget-container\">\n\t\t\t\t\t<h3 class=\"elementor-heading-title elementor-size-default\">M\u00c9S DE 50 ANYS JUNTS<\/h3>\t\t\t\t<\/div>\n\t\t\t\t<\/div>\n\t\t\t\t<section class=\"elementor-section elementor-inner-section elementor-element elementor-element-75a54e65 elementor-section-boxed elementor-section-height-default elementor-section-height-default\" data-id=\"75a54e65\" data-element_type=\"section\">\n\t\t\t\t\t\t<div class=\"elementor-container elementor-column-gap-default\">\n\t\t\t\t\t<div class=\"elementor-column elementor-col-50 elementor-inner-column elementor-element elementor-element-14b12786\" data-id=\"14b12786\" data-element_type=\"column\">\n\t\t\t<div class=\"elementor-widget-wrap elementor-element-populated\">\n\t\t\t\t\t\t<div class=\"elementor-element elementor-element-6ea5ed47 elementor-widget elementor-widget-text-editor\" data-id=\"6ea5ed47\" data-element_type=\"widget\" data-widget_type=\"text-editor.default\">\n\t\t\t\t<div class=\"elementor-widget-container\">\n\t\t\t\t\t\t\t\t\t<p>Al setembre de 1958, Guillermo Gonz\u00e1lez pateix un accident medul\u00b7lar. Cinc anys m\u00e9s tard, tetrapl\u00e8gic i des d'una cadira de rodes, no nom\u00e9s havia fundat i iniciat la marxa d'ARIBAU, sin\u00f3 tamb\u00e9 el conegut Institut Guttmann.\u00a0<\/p><p class=\"translation-block\">La paraula \u00abvi\u00bb t\u00e9 el poder d'evocar immediatament en la nostra ment aromes, sabors i records. Per a aquells que vivim l'univers del vi amb passi\u00f3, ens porta \u00e0nsies de compartir, i tamb\u00e9 de con\u00e8ixer m\u00e9s i millor el m\u00f3n del seu origen i elaboraci\u00f3. Moltes persones no disposen del temps o recursos necessaris per a aprofundir en aquest coneixement. I, precisament per aquest motiu, ARIBAU es posa a la teva disposici\u00f3 per a compartir el know-how que la nostra experi\u00e8ncia en aquest sector ens ha perm\u00e8s acumular, aix\u00ed com la nostra ja extensa xarxa de col\u00b7laboradors i contactes.<\/p><p><span style=\"text-align: start; font-style: var( --e-global-typography-text-font-style ); letter-spacing: var( --e-global-typography-text-letter-spacing ); text-transform: var( --e-global-typography-text-text-transform );\">Actualment el bon fer dels nostres en\u00f2legs i la implantaci\u00f3 de moderns sistemes i instal\u00b7lacions en les vinyes i en celler, pot\u00e8ncia l'elaboraci\u00f3 de magn\u00edfics vins. La diversitat i riquesa continuen sorprenent-nos dia a dia en les prestatgeries de les nostres botigues especialitzades, aix\u00ed com en les cartes de vins dels nostres restaurants. Les noves tecnologies revolucionen dia a dia des del disseny de les etiquetes, i els formats i materials de les ampolles, fins als sistemes de distribuci\u00f3 i de comunicaci\u00f3.<\/span><\/p><p>\u00a0<\/p>\t\t\t\t\t\t\t\t<\/div>\n\t\t\t\t<\/div>\n\t\t\t\t\t<\/div>\n\t\t<\/div>\n\t\t\t\t<div class=\"elementor-column elementor-col-50 elementor-inner-column elementor-element elementor-element-fb371f6\" data-id=\"fb371f6\" data-element_type=\"column\">\n\t\t\t<div class=\"elementor-widget-wrap elementor-element-populated\">\n\t\t\t\t\t\t<div class=\"elementor-element elementor-element-5f5fad64 elementor-widget elementor-widget-text-editor\" data-id=\"5f5fad64\" data-element_type=\"widget\" data-widget_type=\"text-editor.default\">\n\t\t\t\t<div class=\"elementor-widget-container\">\n\t\t\t\t\t\t\t\t\t<p><span style=\"font-style: var( --e-global-typography-text-font-style ); letter-spacing: var( --e-global-typography-text-letter-spacing ); text-transform: var( --e-global-typography-text-text-transform );\">Tenim uns quants reptes per davant! Ser presents en tants \u00e0mbits diferents, mantenint el nivell d'excel\u00b7l\u00e8ncia en tots, no \u00e9s projecte f\u00fatil. Afortunadament, comptem amb una motivaci\u00f3 inesgotable, transmesa pel nostre fundador i compartida pel nostre equip de grans professionals. Immensos professionals, diria jo. Companys de ruta i de vida que ens posem a la teva disposici\u00f3 per a all\u00f2 en qu\u00e8 puguem ser-te \u00fatils.&nbsp;<\/span><br><\/p>\n<p><\/p>\n<p>Aqu\u00ed et presentem una selecci\u00f3 de les infinites possibilitats que se'ns van presentant dia a dia. Una selecci\u00f3 en la qual trobar\u00e0s, abans de res, molt d'afecte i il\u00b7lusi\u00f3. Tant per la part que ens toca, quant a la selecci\u00f3 pr\u00f2piament dita, com per part de totes les persones que han col\u00b7laborat en el disseny i l'elaboraci\u00f3 de cadascuna d'aquestes obres d'art que \u00e9s una ampolla de vi. Esperem que aqu\u00ed trobis aquella que tu andes buscant.<\/p>\n<p><\/p>\n<p>El nostre desig \u00e9s, Amic, que Aribau t'aporti el seu granet de sorra per als teus instants m\u00e0gics. Aquells en els quals es per al temps i senzillament gaudim de totes les sensacions d'UNA BONA COPA DE VI\u2026<\/p>\n<p><\/p>\n<p>Amb tu, i a la teva salut, fins sempre, Amic,<\/p>\t\t\t\t\t\t\t\t<\/div>\n\t\t\t\t<\/div>\n\t\t\t\t<div class=\"elementor-element elementor-element-16c24aee elementor-widget elementor-widget-text-editor\" data-id=\"16c24aee\" data-element_type=\"widget\" data-widget_type=\"text-editor.default\">\n\t\t\t\t<div class=\"elementor-widget-container\">\n\t\t\t\t\t\t\t\t\t<p>Mariana Gonz\u00e1lez,<br \/>Administradora<\/p>\t\t\t\t\t\t\t\t<\/div>\n\t\t\t\t<\/div>\n\t\t\t\t\t<\/div>\n\t\t<\/div>\n\t\t\t\t\t<\/div>\n\t\t<\/section>\n\t\t\t\t\t<\/div>\n\t\t<\/div>\n\t\t\t\t\t<\/div>\n\t\t<\/section>\n\t\t\t\t<section class=\"elementor-section elementor-top-section elementor-element elementor-element-36183f56 elementor-section-boxed elementor-section-height-default elementor-section-height-default elementor-invisible\" data-id=\"36183f56\" data-element_type=\"section\" data-settings=\"{&quot;animation&quot;:&quot;fadeIn&quot;}\">\n\t\t\t\t\t\t<div class=\"elementor-container elementor-column-gap-default\">\n\t\t\t\t\t<div class=\"elementor-column elementor-col-50 elementor-top-column elementor-element elementor-element-25dc6a34\" data-id=\"25dc6a34\" data-element_type=\"column\">\n\t\t\t<div class=\"elementor-widget-wrap elementor-element-populated\">\n\t\t\t\t\t\t<section class=\"elementor-section elementor-inner-section elementor-element elementor-element-138c3154 elementor-section-boxed elementor-section-height-default elementor-section-height-default\" data-id=\"138c3154\" data-element_type=\"section\">\n\t\t\t\t\t\t<div class=\"elementor-container elementor-column-gap-default\">\n\t\t\t\t\t<div class=\"elementor-column elementor-col-50 elementor-inner-column elementor-element elementor-element-23c5b269\" data-id=\"23c5b269\" data-element_type=\"column\">\n\t\t\t<div class=\"elementor-widget-wrap elementor-element-populated\">\n\t\t\t\t\t\t<div class=\"elementor-element elementor-element-230d25d8 elementor-widget elementor-widget-image\" data-id=\"230d25d8\" data-element_type=\"widget\" data-widget_type=\"image.default\">\n\t\t\t\t<div class=\"elementor-widget-container\">\n\t\t\t\t\t\t\t\t\t\t\t\t\t\t\t<img fetchpriority=\"high\" decoding=\"async\" width=\"300\" height=\"300\" src=\"https:\/\/www.aribau.es\/wp-content\/uploads\/2021\/02\/logo-h-1.png\" class=\"attachment-large size-large wp-image-7187\" alt=\"\" srcset=\"https:\/\/www.aribau.es\/wp-content\/uploads\/2021\/02\/logo-h-1.png 300w, https:\/\/www.aribau.es\/wp-content\/uploads\/2021\/02\/logo-h-1-150x150.png 150w\" sizes=\"(max-width: 300px) 100vw, 300px\" \/>\t\t\t\t\t\t\t\t\t\t\t\t\t\t\t<\/div>\n\t\t\t\t<\/div>\n\t\t\t\t\t<\/div>\n\t\t<\/div>\n\t\t\t\t<div class=\"elementor-column elementor-col-50 elementor-inner-column elementor-element elementor-element-3ef924a2\" data-id=\"3ef924a2\" data-element_type=\"column\">\n\t\t\t<div class=\"elementor-widget-wrap elementor-element-populated\">\n\t\t\t\t\t\t<div class=\"elementor-element elementor-element-633e13ca elementor-widget elementor-widget-image\" data-id=\"633e13ca\" data-element_type=\"widget\" data-widget_type=\"image.default\">\n\t\t\t\t<div class=\"elementor-widget-container\">\n\t\t\t\t\t\t\t\t\t\t\t\t\t\t\t<img decoding=\"async\" width=\"300\" height=\"300\" src=\"https:\/\/www.aribau.es\/wp-content\/uploads\/2021\/02\/logo-h-2.png\" class=\"attachment-large size-large wp-image-7188\" alt=\"\" srcset=\"https:\/\/www.aribau.es\/wp-content\/uploads\/2021\/02\/logo-h-2.png 300w, https:\/\/www.aribau.es\/wp-content\/uploads\/2021\/02\/logo-h-2-150x150.png 150w\" sizes=\"(max-width: 300px) 100vw, 300px\" \/>\t\t\t\t\t\t\t\t\t\t\t\t\t\t\t<\/div>\n\t\t\t\t<\/div>\n\t\t\t\t\t<\/div>\n\t\t<\/div>\n\t\t\t\t\t<\/div>\n\t\t<\/section>\n\t\t\t\t\t<\/div>\n\t\t<\/div>\n\t\t\t\t<div class=\"elementor-column elementor-col-50 elementor-top-column elementor-element elementor-element-7509fee2\" data-id=\"7509fee2\" data-element_type=\"column\">\n\t\t\t<div class=\"elementor-widget-wrap elementor-element-populated\">\n\t\t\t\t\t\t<section class=\"elementor-section elementor-inner-section elementor-element elementor-element-ae1e8f7 elementor-section-boxed elementor-section-height-default elementor-section-height-default\" data-id=\"ae1e8f7\" data-element_type=\"section\">\n\t\t\t\t\t\t<div class=\"elementor-container elementor-column-gap-default\">\n\t\t\t\t\t<div class=\"elementor-column elementor-col-50 elementor-inner-column elementor-element elementor-element-7dce8ba5\" data-id=\"7dce8ba5\" data-element_type=\"column\">\n\t\t\t<div class=\"elementor-widget-wrap elementor-element-populated\">\n\t\t\t\t\t\t<div class=\"elementor-element elementor-element-2e96d920 elementor-widget elementor-widget-image\" data-id=\"2e96d920\" data-element_type=\"widget\" data-widget_type=\"image.default\">\n\t\t\t\t<div class=\"elementor-widget-container\">\n\t\t\t\t\t\t\t\t\t\t\t\t\t\t\t<img decoding=\"async\" width=\"300\" height=\"300\" src=\"https:\/\/www.aribau.es\/wp-content\/uploads\/2021\/02\/logo-h-3.png\" class=\"attachment-large size-large wp-image-7189\" alt=\"\" srcset=\"https:\/\/www.aribau.es\/wp-content\/uploads\/2021\/02\/logo-h-3.png 300w, https:\/\/www.aribau.es\/wp-content\/uploads\/2021\/02\/logo-h-3-150x150.png 150w\" sizes=\"(max-width: 300px) 100vw, 300px\" \/>\t\t\t\t\t\t\t\t\t\t\t\t\t\t\t<\/div>\n\t\t\t\t<\/div>\n\t\t\t\t\t<\/div>\n\t\t<\/div>\n\t\t\t\t<div class=\"elementor-column elementor-col-50 elementor-inner-column elementor-element elementor-element-30e81f8d\" data-id=\"30e81f8d\" data-element_type=\"column\">\n\t\t\t<div class=\"elementor-widget-wrap elementor-element-populated\">\n\t\t\t\t\t\t<div class=\"elementor-element elementor-element-60941084 elementor-widget elementor-widget-image\" data-id=\"60941084\" data-element_type=\"widget\" data-widget_type=\"image.default\">\n\t\t\t\t<div class=\"elementor-widget-container\">\n\t\t\t\t\t\t\t\t\t\t\t\t\t\t\t<img loading=\"lazy\" decoding=\"async\" width=\"300\" height=\"300\" src=\"https:\/\/www.aribau.es\/wp-content\/uploads\/2021\/02\/logo-h-4.png\" class=\"attachment-large size-large wp-image-7190\" alt=\"\" srcset=\"https:\/\/www.aribau.es\/wp-content\/uploads\/2021\/02\/logo-h-4.png 300w, https:\/\/www.aribau.es\/wp-content\/uploads\/2021\/02\/logo-h-4-150x150.png 150w\" sizes=\"(max-width: 300px) 100vw, 300px\" \/>\t\t\t\t\t\t\t\t\t\t\t\t\t\t\t<\/div>\n\t\t\t\t<\/div>\n\t\t\t\t\t<\/div>\n\t\t<\/div>\n\t\t\t\t\t<\/div>\n\t\t<\/section>\n\t\t\t\t\t<\/div>\n\t\t<\/div>\n\t\t\t\t\t<\/div>\n\t\t<\/section>\n\t\t\t\t<\/div>","protected":false},"excerpt":{"rendered":"<p>historia M\u00e1s de 50 a\u00f1os juntos En septiembre de 1958, Guillermo Gonz\u00e1lez sufre un accidente medular. Apenas cinco a\u00f1os m\u00e1s tarde, tetrapl\u00e9jico y desde una silla de ruedas, no solamente hab\u00eda fundado e iniciado la andadura de ARIBAU, sino tambi\u00e9n el conocido Instituto Guttmann.\u00a0 La palabra \u00abvino\u00bb tiene el poder de evocar inmediatamente en nuestra &#8230; <a title=\"HISTORIA\" class=\"read-more\" href=\"https:\/\/www.aribau.es\/ca\/historia-2\/\" aria-label=\"M\u00e9s informaci\u00f3 sobre HISTORIA\">Llegiu m\u00e9s<\/a><\/p>","protected":false},"author":3,"featured_media":0,"parent":0,"menu_order":0,"comment_status":"closed","ping_status":"closed","template":"elementor_header_footer","meta":{"footnotes":""},"class_list":["post-7181","page","type-page","status-publish"],"yoast_head":"<!-- This site is optimized with the Yoast SEO plugin v26.7 - https:\/\/yoast.com\/wordpress\/plugins\/seo\/ -->\n<title>HISTORIA - Aribau<\/title>\n<meta name=\"robots\" content=\"index, follow, max-snippet:-1, max-image-preview:large, max-video-preview:-1\" \/>\n<link rel=\"canonical\" href=\"https:\/\/www.aribau.es\/ca\/historia-2\/\" \/>\n<meta property=\"og:locale\" content=\"ca_ES\" \/>\n<meta property=\"og:type\" content=\"article\" \/>\n<meta property=\"og:title\" content=\"HISTORIA - Aribau\" \/>\n<meta property=\"og:description\" content=\"historia M\u00e1s de 50 a\u00f1os juntos En septiembre de 1958, Guillermo Gonz\u00e1lez sufre un accidente medular. Apenas cinco a\u00f1os m\u00e1s tarde, tetrapl\u00e9jico y desde una silla de ruedas, no solamente hab\u00eda fundado e iniciado la andadura de ARIBAU, sino tambi\u00e9n el conocido Instituto Guttmann.\u00a0 La palabra \u00abvino\u00bb tiene el poder de evocar inmediatamente en nuestra ... Llegiu m\u00e9s\" \/>\n<meta property=\"og:url\" content=\"https:\/\/www.aribau.es\/ca\/historia-2\/\" \/>\n<meta property=\"og:site_name\" content=\"Aribau\" \/>\n<meta property=\"article:publisher\" content=\"https:\/\/www.facebook.com\/aribau1964\/\" \/>\n<meta property=\"article:modified_time\" content=\"2021-04-28T09:33:02+00:00\" \/>\n<meta property=\"og:image\" content=\"https:\/\/www.aribau.es\/wp-content\/uploads\/2021\/02\/logo-h-1.png\" \/>\n<meta name=\"twitter:card\" content=\"summary_large_image\" \/>\n<meta name=\"twitter:site\" content=\"@aribau1964\" \/>\n<meta name=\"twitter:label1\" content=\"Temps estimat de lectura\" \/>\n\t<meta name=\"twitter:data1\" content=\"2 minuts\" \/>\n<script type=\"application\/ld+json\" class=\"yoast-schema-graph\">{\"@context\":\"https:\/\/schema.org\",\"@graph\":[{\"@type\":\"WebPage\",\"@id\":\"https:\/\/www.aribau.es\/historia-2\/\",\"url\":\"https:\/\/www.aribau.es\/historia-2\/\",\"name\":\"HISTORIA - Aribau\",\"isPartOf\":{\"@id\":\"https:\/\/www.aribau.es\/#website\"},\"primaryImageOfPage\":{\"@id\":\"https:\/\/www.aribau.es\/historia-2\/#primaryimage\"},\"image\":{\"@id\":\"https:\/\/www.aribau.es\/historia-2\/#primaryimage\"},\"thumbnailUrl\":\"https:\/\/www.aribau.es\/wp-content\/uploads\/2021\/02\/logo-h-1.png\",\"datePublished\":\"2021-02-15T13:21:15+00:00\",\"dateModified\":\"2021-04-28T09:33:02+00:00\",\"breadcrumb\":{\"@id\":\"https:\/\/www.aribau.es\/historia-2\/#breadcrumb\"},\"inLanguage\":\"ca\",\"potentialAction\":[{\"@type\":\"ReadAction\",\"target\":[\"https:\/\/www.aribau.es\/historia-2\/\"]}]},{\"@type\":\"ImageObject\",\"inLanguage\":\"ca\",\"@id\":\"https:\/\/www.aribau.es\/historia-2\/#primaryimage\",\"url\":\"https:\/\/www.aribau.es\/wp-content\/uploads\/2021\/02\/logo-h-1.png\",\"contentUrl\":\"https:\/\/www.aribau.es\/wp-content\/uploads\/2021\/02\/logo-h-1.png\"},{\"@type\":\"BreadcrumbList\",\"@id\":\"https:\/\/www.aribau.es\/historia-2\/#breadcrumb\",\"itemListElement\":[{\"@type\":\"ListItem\",\"position\":1,\"name\":\"Portada\",\"item\":\"https:\/\/www.aribau.es\/\"},{\"@type\":\"ListItem\",\"position\":2,\"name\":\"HISTORIA\"}]},{\"@type\":\"WebSite\",\"@id\":\"https:\/\/www.aribau.es\/#website\",\"url\":\"https:\/\/www.aribau.es\/\",\"name\":\"Aribau\",\"description\":\"VINOS Y BODEGAS\",\"publisher\":{\"@id\":\"https:\/\/www.aribau.es\/#organization\"},\"potentialAction\":[{\"@type\":\"SearchAction\",\"target\":{\"@type\":\"EntryPoint\",\"urlTemplate\":\"https:\/\/www.aribau.es\/?s={search_term_string}\"},\"query-input\":{\"@type\":\"PropertyValueSpecification\",\"valueRequired\":true,\"valueName\":\"search_term_string\"}}],\"inLanguage\":\"ca\"},{\"@type\":\"Organization\",\"@id\":\"https:\/\/www.aribau.es\/#organization\",\"name\":\"Aribau\",\"url\":\"https:\/\/www.aribau.es\/\",\"logo\":{\"@type\":\"ImageObject\",\"inLanguage\":\"ca\",\"@id\":\"https:\/\/www.aribau.es\/#\/schema\/logo\/image\/\",\"url\":\"https:\/\/www.aribau.es\/wp-content\/uploads\/2022\/03\/logo.png\",\"contentUrl\":\"https:\/\/www.aribau.es\/wp-content\/uploads\/2022\/03\/logo.png\",\"width\":300,\"height\":300,\"caption\":\"Aribau\"},\"image\":{\"@id\":\"https:\/\/www.aribau.es\/#\/schema\/logo\/image\/\"},\"sameAs\":[\"https:\/\/www.facebook.com\/aribau1964\/\",\"https:\/\/x.com\/aribau1964\",\"https:\/\/www.instagram.com\/aribau1964\/\"]}]}<\/script>\n<!-- \/ Yoast SEO plugin. -->","yoast_head_json":{"title":"HISTORIA - Aribau","robots":{"index":"index","follow":"follow","max-snippet":"max-snippet:-1","max-image-preview":"max-image-preview:large","max-video-preview":"max-video-preview:-1"},"canonical":"https:\/\/www.aribau.es\/ca\/historia-2\/","og_locale":"ca_ES","og_type":"article","og_title":"HISTORIA - Aribau","og_description":"historia M\u00e1s de 50 a\u00f1os juntos En septiembre de 1958, Guillermo Gonz\u00e1lez sufre un accidente medular. Apenas cinco a\u00f1os m\u00e1s tarde, tetrapl\u00e9jico y desde una silla de ruedas, no solamente hab\u00eda fundado e iniciado la andadura de ARIBAU, sino tambi\u00e9n el conocido Instituto Guttmann.\u00a0 La palabra \u00abvino\u00bb tiene el poder de evocar inmediatamente en nuestra ... Llegiu m\u00e9s","og_url":"https:\/\/www.aribau.es\/ca\/historia-2\/","og_site_name":"Aribau","article_publisher":"https:\/\/www.facebook.com\/aribau1964\/","article_modified_time":"2021-04-28T09:33:02+00:00","og_image":[{"url":"https:\/\/www.aribau.es\/wp-content\/uploads\/2021\/02\/logo-h-1.png","type":"","width":"","height":""}],"twitter_card":"summary_large_image","twitter_site":"@aribau1964","twitter_misc":{"Temps estimat de lectura":"2 minuts"},"schema":{"@context":"https:\/\/schema.org","@graph":[{"@type":"WebPage","@id":"https:\/\/www.aribau.es\/historia-2\/","url":"https:\/\/www.aribau.es\/historia-2\/","name":"HISTORIA - Aribau","isPartOf":{"@id":"https:\/\/www.aribau.es\/#website"},"primaryImageOfPage":{"@id":"https:\/\/www.aribau.es\/historia-2\/#primaryimage"},"image":{"@id":"https:\/\/www.aribau.es\/historia-2\/#primaryimage"},"thumbnailUrl":"https:\/\/www.aribau.es\/wp-content\/uploads\/2021\/02\/logo-h-1.png","datePublished":"2021-02-15T13:21:15+00:00","dateModified":"2021-04-28T09:33:02+00:00","breadcrumb":{"@id":"https:\/\/www.aribau.es\/historia-2\/#breadcrumb"},"inLanguage":"ca","potentialAction":[{"@type":"ReadAction","target":["https:\/\/www.aribau.es\/historia-2\/"]}]},{"@type":"ImageObject","inLanguage":"ca","@id":"https:\/\/www.aribau.es\/historia-2\/#primaryimage","url":"https:\/\/www.aribau.es\/wp-content\/uploads\/2021\/02\/logo-h-1.png","contentUrl":"https:\/\/www.aribau.es\/wp-content\/uploads\/2021\/02\/logo-h-1.png"},{"@type":"BreadcrumbList","@id":"https:\/\/www.aribau.es\/historia-2\/#breadcrumb","itemListElement":[{"@type":"ListItem","position":1,"name":"Portada","item":"https:\/\/www.aribau.es\/"},{"@type":"ListItem","position":2,"name":"HISTORIA"}]},{"@type":"WebSite","@id":"https:\/\/www.aribau.es\/#website","url":"https:\/\/www.aribau.es\/","name":"Aribau","description":"VINOS Y BODEGAS","publisher":{"@id":"https:\/\/www.aribau.es\/#organization"},"potentialAction":[{"@type":"SearchAction","target":{"@type":"EntryPoint","urlTemplate":"https:\/\/www.aribau.es\/?s={search_term_string}"},"query-input":{"@type":"PropertyValueSpecification","valueRequired":true,"valueName":"search_term_string"}}],"inLanguage":"ca"},{"@type":"Organization","@id":"https:\/\/www.aribau.es\/#organization","name":"Aribau","url":"https:\/\/www.aribau.es\/","logo":{"@type":"ImageObject","inLanguage":"ca","@id":"https:\/\/www.aribau.es\/#\/schema\/logo\/image\/","url":"https:\/\/www.aribau.es\/wp-content\/uploads\/2022\/03\/logo.png","contentUrl":"https:\/\/www.aribau.es\/wp-content\/uploads\/2022\/03\/logo.png","width":300,"height":300,"caption":"Aribau"},"image":{"@id":"https:\/\/www.aribau.es\/#\/schema\/logo\/image\/"},"sameAs":["https:\/\/www.facebook.com\/aribau1964\/","https:\/\/x.com\/aribau1964","https:\/\/www.instagram.com\/aribau1964\/"]}]}},"_links":{"self":[{"href":"https:\/\/www.aribau.es\/ca\/wp-json\/wp\/v2\/pages\/7181","targetHints":{"allow":["GET"]}}],"collection":[{"href":"https:\/\/www.aribau.es\/ca\/wp-json\/wp\/v2\/pages"}],"about":[{"href":"https:\/\/www.aribau.es\/ca\/wp-json\/wp\/v2\/types\/page"}],"author":[{"embeddable":true,"href":"https:\/\/www.aribau.es\/ca\/wp-json\/wp\/v2\/users\/3"}],"replies":[{"embeddable":true,"href":"https:\/\/www.aribau.es\/ca\/wp-json\/wp\/v2\/comments?post=7181"}],"version-history":[{"count":10,"href":"https:\/\/www.aribau.es\/ca\/wp-json\/wp\/v2\/pages\/7181\/revisions"}],"predecessor-version":[{"id":10287,"href":"https:\/\/www.aribau.es\/ca\/wp-json\/wp\/v2\/pages\/7181\/revisions\/10287"}],"wp:attachment":[{"href":"https:\/\/www.aribau.es\/ca\/wp-json\/wp\/v2\/media?parent=7181"}],"curies":[{"name":"wp","href":"https:\/\/api.w.org\/{rel}","templated":true}]}}