{"id":7282,"date":"2021-02-15T16:51:05","date_gmt":"2021-02-15T15:51:05","guid":{"rendered":"https:\/\/www.aribau.es\/?page_id=7282"},"modified":"2025-11-17T13:05:58","modified_gmt":"2025-11-17T12:05:58","slug":"politica-de-cookies","status":"publish","type":"page","link":"https:\/\/www.aribau.es\/ca\/politica-de-cookies\/","title":{"rendered":"POL\u00cdTICA DE COOKIES"},"content":{"rendered":"<div data-elementor-type=\"wp-page\" data-elementor-id=\"7282\" class=\"elementor elementor-7282\">\n\t\t\t\t\t\t<section class=\"elementor-section elementor-top-section elementor-element elementor-element-c0193dc elementor-section-boxed elementor-section-height-default elementor-section-height-default\" data-id=\"c0193dc\" data-element_type=\"section\">\n\t\t\t\t\t\t<div class=\"elementor-container elementor-column-gap-default\">\n\t\t\t\t\t<div class=\"elementor-column elementor-col-100 elementor-top-column elementor-element elementor-element-9f2499a\" data-id=\"9f2499a\" data-element_type=\"column\">\n\t\t\t<div class=\"elementor-widget-wrap elementor-element-populated\">\n\t\t\t\t\t\t<div class=\"elementor-element elementor-element-ff191b6 elementor-widget elementor-widget-heading\" data-id=\"ff191b6\" data-element_type=\"widget\" data-widget_type=\"heading.default\">\n\t\t\t\t<div class=\"elementor-widget-container\">\n\t\t\t\t\t<h2 class=\"elementor-heading-title elementor-size-default\">POL\u00cdTICA DE COOKIES<\/h2>\t\t\t\t<\/div>\n\t\t\t\t<\/div>\n\t\t\t\t<div class=\"elementor-element elementor-element-d1fd99b elementor-widget elementor-widget-text-editor\" data-id=\"d1fd99b\" data-element_type=\"widget\" data-widget_type=\"text-editor.default\">\n\t\t\t\t<div class=\"elementor-widget-container\">\n\t\t\t\t\t\t\t\t\t<h3><strong>\u00bfPOR QU\u00c9 NECESITAMOS SU CONSENTIMIENTO EXPL\u00cdCITO PARA UTILIZARLAS LAS COOKIES?<\/strong><\/h3><p>La Gu\u00eda de la AEPD de julio de 2023, con la aportaci\u00f3n de informaci\u00f3n y criterios del Comit\u00e9 Europeo en Protecci\u00f3n de Datos (CEPD), el RGPD-UE-2016\/679, art\u00edculos.5, 6, 7 y 13, y la LOPDGDD-3\/2018, art\u00edculo, 6, debe interpretarse en el sentido de que el consentimiento solo ser\u00e1 v\u00e1lido si es expl\u00edcito.<\/p><p><strong><span style=\"text-decoration: underline;\">CONSENTIMIENTO DEL INTERESADO<\/span>:<\/strong> Para poder realizar el tratamiento de sus datos personales que ser\u00e1n tratados con privacidad y seguridad, es necesario su consentimiento en cumplimiento del RGPD-UE- 2016\/679, y seg\u00fan los art\u00edculos, 5, 6, 7, y 13, por la LOPDGDD-3\/2018, en su T\u00edtulo II, con la aceptaci\u00f3n mediante un \u201c<strong>Check o Bot\u00f3n<\/strong>\u201d con la palabra <strong>\u201cACCEPTO\u201d,<\/strong> el usuario de esta web\/App, da su <strong>consentiment expl\u00edcit<\/strong> per al tractament de les seves dades i informaci\u00f3 aportada a trav\u00e9s de les cookies al seu dispositiu.<\/p><p>Amb un \u201cCheck o Bot\u00f3\u201d de <strong>rechazar<\/strong> per part de l\u2019usuari, es rebutgen totes les cookies llevat d\u2019aquelles que estan exemptes de l\u2019obligaci\u00f3 d\u2019obtenir un consentiment, com les cookies pr\u00f2pies o les de sessi\u00f3.<\/p><p>Un \u201cCheck o Bot\u00f3n\u201d <strong>de m\u00e1s informaci\u00f3n<\/strong>que permetr\u00e0 la consulta d\u2019aquesta Pol\u00edtica de Cookies.<\/p><p><strong><span style=\"text-decoration: underline;\">Consentimiento del menor<\/span>:<\/strong> L\u2019RGPD-UE-2016\/679, a l\u2019article 8, exposa condicions aplicables al consentiment del menor en relaci\u00f3 als serveis de la societat de la informaci\u00f3.<\/p><p>1. Cuando se aplique el art\u00edculo 6, apartado 1, letra a), en relaci\u00f3n con la oferta directa a ni\u00f1os de servicios de la sociedad de la informaci\u00f3n, el tratamiento de los datos personales de un ni\u00f1o se considerar\u00e1 l\u00edcito cuando tenga como m\u00ednimo 16 a\u00f1os. Si el ni\u00f1o es menor de 16 a\u00f1os, tal tratamiento \u00fanicamente se considerar\u00e1 l\u00edcito si el consentimiento lo dio o autoriz\u00f3 el titular de la patria potestad o tutela sobre el ni\u00f1o, y solo en la medida en que se dio o autoriz\u00f3.<\/p><p>2. El responsable del tratamiento har\u00e1 esfuerzos razonables para verificar en tales casos que el consentimiento fue dado o autorizado por el titular de la patria potestad o tutela sobre el ni\u00f1o, teniendo en cuenta la tecnolog\u00eda disponible.<\/p><p>El interesado podr\u00e1 ejercer los derechos de <b>acceso, portabilidad, limitaci\u00f3n, oposici\u00f3n, rectificaci\u00f3n y supresi\u00f3n<\/b> de los datos y presentar reclamaci\u00f3n ante la Autoridad de Control pertinente.<\/p><h3><strong>QU\u00c8 S\u00d3N LES COOKIES ?<\/strong><\/h3><p>Les cookies s\u00f3n petits arxius de dades que es reben en el terminal des del lloc web\/APP visitat i s'usen per registrar certes interaccions de la navegaci\u00f3 en un lloc web\/APP emmagatzemant dades que podran ser actualitzades i recuperades. Aquests arxius s\u2019emmagatzemen al dispositiu de l\u2019usuari i contenen dades an\u00f2nimes que no s\u00f3n perjudicials per al seu equip. S\u2019utilitzen per recordar les prefer\u00e8ncies de l\u2019usuari, com l\u2019idioma escollit, dades d\u2019acc\u00e9s o personalitzaci\u00f3 de la p\u00e0gina web o APP.<\/p><p>Les cookies o dispositius d\u2019emmagatzematge han estat tradicionalment associats a les p\u00e0gines web. Tanmateix, actualment s\u2019utilitzen tant a les p\u00e0gines web com en altres tipus de plataformes i aplicacions (per exemple, les APPs per a tel\u00e8fons intel\u00b7ligents i tablets).<\/p><p>Les cookies tamb\u00e9 es poden fer servir per enregistrar informaci\u00f3 an\u00f2nima sobre com un visitant utilitza un espai. Per exemple, des de quina p\u00e0gina web\/APP ha accedit, o si ha utilitzat un \"banner\" publicitari per arribar-hi.<\/p><p>Els serveis de la societat de la informaci\u00f3 els pot prestar l\u2019editor a trav\u00e9s d\u2019una plataforma, aplicaci\u00f3 inform\u00e0tica o un lloc web\/APP al qual hi accedeix un usuari des del seu terminal.<\/p><h3><strong>PER QU\u00c8 FEM SERVIR LES COOKIES?<\/strong><\/h3><p>Utilitzem cookies pr\u00f2pies i de tercers per analitzar l\u2019\u00fas del lloc web i mostrar publicitat amb les prefer\u00e8ncies sobre la base d\u2019un perfil elaborat a partir dels h\u00e0bits de navegaci\u00f3 de l\u2019usuari.<\/p><p><b>ARIBAU SL<\/b>, utiliza cookies T\u00e9cnicas y Anal\u00edticas para nuestro sitio web que le permitir\u00e1n utilizar \u00e1reas seguras, opciones personalizadas, etc. Adem\u00e1s, <b>ARIBAU SL<\/b>, utiliza cookies que recogen datos relativos al an\u00e1lisis de uso de la web. Estas se utilizan para mejorar el servicio al usuario midiendo el uso y el rendimiento de la web, para optimizarla y personalizarla.<\/p><p>\u2022 <b>Cookie de Google<\/b>, ANALYTICS: Google ANALYTICS es un servicio gratuito que ofrece Google Inc. y que recoge informaci\u00f3n sobre las p\u00e1ginas de la web consultada, a qu\u00e9 hora, qu\u00e9 navegador Web, etc. Posteriormente, esta informaci\u00f3n se env\u00eda a los servidores de Google Inc.<\/p><h3><strong>QUIN \u00daS LI DONEM ALS DIFERENTS TIPUS DE COOKIES ?<\/strong><\/h3><p><b>Segons la seva finalitat:<\/b><\/p><p>\u2022 <b>Cookies t\u00e8cniques: <\/b>s\u00f3n aquelles que li permeten a l\u2019usuari la navegaci\u00f3 a trav\u00e9s d\u2019una p\u00e0gina web, plataforma o aplicaci\u00f3n i l\u2019\u00fas de les diferents opcions o serveis. Per exemple, les que serveixen per al manteniment de la sessi\u00f3, la gesti\u00f3 del temps de resposta, rendiment o validaci\u00f3 d\u2019opcions, utilitzar elements de seguretat i compartir continguts.<\/p><p>\u2022 <b>Cookies de prefer\u00e8ncies o personalitzaci\u00f3: <\/b>S\u00f3n les que permeten recordar informaci\u00f3 per a qu\u00e8 l\u2019usuari accedeixi al servei amb determinades caracter\u00edstiques que puguin diferenciar la seva experi\u00e8ncia de la de d\u2019altres usuaris. En s\u00f3n exemples l\u2019idioma, el n\u00famero de resultats a mostrar quan es fa una cerca, l\u2019aspecte o contingut del servei en funci\u00f3 del tipus de navegador a trav\u00e9s del qual l\u2019usuari accedeix o de la regi\u00f3 des de la que ho fa, etc.<\/p><p>\u2022 <b>Cookies d\u2019an\u00e0lisi o mesurament (analytics): <\/b>S\u00f3n les que permeten al responsable d\u2019aquestes cookies fer el seguiment i an\u00e0lisi del comportament dels usuaris dels llocs web o APP als que estan vinculats, incloent-hi la quantificaci\u00f3 dels impactes dels anuncis. La informaci\u00f3 recollida mitjan\u00e7ant aquest tipus de cookies es fa servir per al mesurament de l\u2019activitat dels llocs web, aplicaci\u00f3 o plataforma, amb l\u2019objectiu d\u2019introduir-hi millores en funci\u00f3 de l\u2019an\u00e0lisi de les dades de l\u2019\u00fas que en fan els usuaris del servei.<\/p><p>\u2022 <b>Cookies publicit\u00e0ries\/de publicitat: <\/b>S\u00f3n les que, tractades per l\u2019administrador del web (o APP) o per tercers, permeten analitzar els h\u00e0bits de navegaci\u00f3 a Internet per a poder mostrar publicitat relacionada amb el perfil de navegaci\u00f3 de l\u2019usuari. Les cookies publicit\u00e0ries permeten la gesti\u00f3 dels espais publicitaris en base a criteris concrets.<\/p><p>Emmagatzemen informaci\u00f3 sobre el comportament dels usuaris, que s\u2019obt\u00e9 mitjan\u00e7ant l\u2019observaci\u00f3 continuada dels seus h\u00e0bits de navegaci\u00f3, fet que permet desenvolupar un perfil espec\u00edfic pera mostrar publicitat en funci\u00f3 del mateix.<\/p><p><b>Tipus de cookies segons el termini durant el qual romandran actives:<\/b><\/p><p>\u2022 <b>Cookies de sessi\u00f3:<\/b> S\u00f3n aquelles dissenyades per a obtenir i emmagatzemar dades mentre l\u2019usuari accedeix a una p\u00e0gina web\/APP. S\u2019acostumen a utilitzar per emmagatzemar informaci\u00f3 que nom\u00e9s interessa conservar per a la prestaci\u00f3 del servei sol\u00b7licitat per l\u2019usuari en una sola ocasi\u00f3 (per exemple, una llista de productes adquirits) i desapareixen en acabar la sessi\u00f3.<\/p><p>\u2022 <b>Cookies persistents: <\/b>S\u00f3n aquelles les dades de les quals segueixen emmagatzemades al terminal i poden ser accedides i tractades durant un per\u00edode definit pel responsable de la cookies, que pot anar des d\u2019uns minuts a alguns anys. Sobre aquest fet cal valorar si \u00e9s necessari l\u2019\u00fas de cookies persistents, ja que els riscos per a la privacitat es poden reduir amb l\u2019\u00fas de cookies de sessi\u00f3. En qualsevol cas, quan s\u2019instal\u00b7len cookies persistents, es recomana reduir al m\u00ednim necessari la seva durada temporal atenent a la finalitat del seu \u00fas.<\/p><p>Les obligacions legals imposades per la normativa s\u00f3n dues: l\u2019obligaci\u00f3 de transpar\u00e8ncia i l\u2019obligaci\u00f3 de l\u2019obtenci\u00f3 del consentiment expl\u00edcit de l\u2019usuari del lloc Web\/APP.<\/p><p>D\u2019acord amb la naturalesa de la seva activitat empresarial, el model de negoci que desenvolupen i l\u2019abast de la seva responsabilitat, es recomana dur a terme una revisi\u00f3 de les cookies que s\u2019utilitzen, ja sigui de forma interna o mitjan\u00e7ant l\u2019assessorament d\u2019entitats especialitzades.<\/p><p>Aquesta revisi\u00f3 tindr\u00e0 com a objectiu identificar les cookies que s\u2019estan utilitzant, analitzant si es tracta de cookies pr\u00f2pies o de tercers, de sessi\u00f3 o persistents, i concretant-ne la seva  funci\u00f3 per decidir si s\u2019emmarquen o no en l\u2019\u00e0mbit d\u2019aplicaci\u00f3 de l\u2019article 22.2 de l\u2019LSSI. Tenint en compte els possibles canvis que es poden produir en la gesti\u00f3 i \u00fas de les cookies, es recomanable dur a terme aquesta revisi\u00f3 de manera peri\u00f2dica per actualitzar la informaci\u00f3 disponible sobre aquestes cookies. En qualsevol cas, cal tenir en compte la conveni\u00e8ncia de qu\u00e8 les solucions que s\u2019implementin per a satisfer les obligacions de l\u2019art. 22.2 de l\u2019LSSI siguin tecnol\u00f2gicament neutrals, \u00e9s a dir, que es tracti de solucions que la majoria de navegadors reconeguin.<\/p><h3><strong>ENLACE PARA LA IDENTIFICACI\u00d3N DE LAS COOKIES<\/strong><\/h3><p>Es aconsejable que la informaci\u00f3n expuesta a trav\u00e9s de la cual gestiona las cookies (incluyendo c\u00f3mo revocar el consentimiento y eliminar las cookies) est\u00e9 a su disposici\u00f3n de forma accesible y permanente en todo momento a trav\u00e9s de la p\u00e1gina web, aplicaci\u00f3n o servicio en l\u00ednea de que se trate. A estos efectos, y sin perjuicio de otras soluciones que puedan adoptarse, se considerar\u00e1 que se cumple dicho requisito cuando el sistema de gesti\u00f3n de las cookies (panel de configuraci\u00f3n o un CMP, que permite a los propietarios de los sitios web o App obtener, gestionar y difundir el consentimiento de los consumidores) y que est\u00e9 integrado en la propia pol\u00edtica de cookies o cuando se incluya en esta pol\u00edtica un enlace que lleve directamente al sistema de gesti\u00f3n o panel de configuraci\u00f3n.<\/p><p><b>Gu\u00eda de la AEPD, 3.2.10. Posibilidad de denegaci\u00f3n de acceso al servicio en caso de rechazo a las cookies:<\/b><\/p><p>Podr\u00e1n existir determinados supuestos en los que la no aceptaci\u00f3n de la utilizaci\u00f3n de cookies impida el acceso al sitio web o la utilizaci\u00f3n total o parcial del servicio, siempre que se informe adecuadamente al respecto al usuario y se ofrezca una alternativa, <b>no necesariamente gratuita<\/b>, de acceso al servicio sin necesidad de aceptar el uso de cookies.<\/p><p>Estas cookies, deben cumplir con el RGPD-UE-2016\/679, la, LOPDGDD-3\/2018, la normativa de la LSSI-CE-34\/2002, de actualizaci\u00f3n, 09\/05\/2023, y la GUIA sobre el uso de las cookies de julio de 2023, de la AEPD con criterios de la CEPD.<\/p><h3><strong>COOKIES PR\u00d2PIES EN \u00daS:<\/strong><\/h3><p><b>Se han permitido las siguientes cookies al visitar esta p\u00e1gina web:<\/b><\/p><p><span style=\"font-weight: 400;\">\u2022 _ga (propia). Se utiliza para\u00a0<b>distinguir usuarios \u00fanicos<\/b> en un sitio web. Caducidad: persistente.<\/span><\/p><p>\u2022 <span style=\"font-weight: 400;\">_ga_JXJC045SSR (propia). Se utiliza para\u00a0<b>distinguir usuarios \u00fanicos<\/b> en un sitio web. Caducidad: persistente.<\/span><\/p><p>\u2022 <span style=\"font-weight: 400;\">age_gate (propia). Se utiliza para saber si el visitante ha marcado que es mayor de edad. Caducidad: persistente.<\/span><\/p><p><span style=\"font-weight: 400;\">Si decideix modificar la configuraci\u00f3 del seu acc\u00e9s a la p\u00e0gina web, ha de saber que \u00e9s possible eliminar les cookies o impedir que aquesta informaci\u00f3 s\u2019enregistri al seu equip en qualsevol moment, mitjan\u00e7ant la modificaci\u00f3 dels par\u00e0metres de configuraci\u00f3 del seu navegador:<\/span><\/p><p><a href=\"https:\/\/support.mozilla.org\/es\/kb\/habilitar-y-deshabilitar-cookies-sitios-web-rastrear-preferencias\" target=\"_blank\" rel=\"noopener\"><span style=\"font-weight: 400;\">Configuraci\u00f3 de cookies de Firefox.<\/span><\/a><\/p><p><a href=\"https:\/\/support.google.com\/chrome\/answer\/95647?co=GENIE.PlatformDesktop&amp;hl=es-419\" target=\"_blank\" rel=\"noopener\"><span style=\"font-weight: 400;\">Configuraci\u00f3 de cookies de Google Chrome.<\/span><\/a><\/p><p><a href=\"https:\/\/support.apple.com\/es-es\/guide\/safari\/sfri11471\/mac\" target=\"_blank\" rel=\"noopener\"><span style=\"font-weight: 400;\">Configuraci\u00f3 de cookies de Safari.<\/span><\/a><\/p><p><span style=\"font-weight: 400;\">Aquests navegadors estan sotmesos a canvis o modificacions, pel que no podem garantir que s\u2019ajustin completament a la versi\u00f3 del seu navegador. Per a evitar aquests desajustaments, pot accedir directament des de les opcions del seu navegador, que es troba generalment al men\u00fa d\u2019\u201dOpcions\u201d, a la secci\u00f3 de \"Privacitat\" (Consulti l\u2019ajuda del seu navegador per a m\u00e9s informaci\u00f3).<\/span><\/p><h3><b>\u00bfD\u00d3NDE PUEDO OBTENER M\u00c1S INFORMACI\u00d3N?<\/b><\/h3><p><span style=\"font-weight: 400;\">Pots trobar m\u00e9s informaci\u00f3 sobre cookies a:<\/span><a href=\"about:blank\" target=\"_blank\" rel=\"noopener\"><span style=\"font-weight: 400;\">www.allaboutcookies.org<\/span><\/a><span style=\"font-weight: 400;\"> o <\/span><a href=\"about:blank\" target=\"_blank\" rel=\"noopener\"><span style=\"font-weight: 400;\">www.youronlinechoices.eu.<\/span><\/a><\/p><p><i><span style=\"font-weight: 400;\">Estas cl\u00e1usulas est\u00e1n realizadas por <\/span><\/i><a href=\"http:\/\/www.grupoqualia.net\/es\/inicio\" target=\"_blank\" rel=\"noopener\"><b><i>GRUP QUALIA<\/i><\/b><\/a><i><span style=\"font-weight: 400;\">,\u00a0 por lo que se le otorga un certificado en formato de imagen digital para que pueda exponerlo en su sitio web.<\/span><\/i><\/p><p><strong>Actualizadas: 11\/11\/2025<\/strong><\/p>\t\t\t\t\t\t\t\t<\/div>\n\t\t\t\t<\/div>\n\t\t\t\t\t<\/div>\n\t\t<\/div>\n\t\t\t\t\t<\/div>\n\t\t<\/section>\n\t\t\t\t<\/div>","protected":false},"excerpt":{"rendered":"<p>POL\u00cdTICA DE COOKIES \u00bfPOR QU\u00c9 NECESITAMOS SU CONSENTIMIENTO EXPL\u00cdCITO PARA UTILIZARLAS LAS COOKIES? La Gu\u00eda de la AEPD de julio de 2023, con la aportaci\u00f3n de informaci\u00f3n y criterios del Comit\u00e9 Europeo en Protecci\u00f3n de Datos (CEPD), el RGPD-UE-2016\/679, art\u00edculos.5, 6, 7 y 13, y la LOPDGDD-3\/2018, art\u00edculo, 6, debe interpretarse en el sentido de &#8230; <a title=\"POL\u00cdTICA DE COOKIES\" class=\"read-more\" href=\"https:\/\/www.aribau.es\/ca\/politica-de-cookies\/\" aria-label=\"M\u00e9s informaci\u00f3 sobre POL\u00cdTICA DE COOKIES\">Llegiu m\u00e9s<\/a><\/p>","protected":false},"author":3,"featured_media":0,"parent":0,"menu_order":0,"comment_status":"closed","ping_status":"closed","template":"elementor_header_footer","meta":{"footnotes":""},"class_list":["post-7282","page","type-page","status-publish"],"yoast_head":"<!-- This site is optimized with the Yoast SEO plugin v26.7 - https:\/\/yoast.com\/wordpress\/plugins\/seo\/ -->\n<title>POL\u00cdTICA DE COOKIES - Aribau<\/title>\n<meta name=\"robots\" content=\"index, follow, max-snippet:-1, max-image-preview:large, max-video-preview:-1\" \/>\n<link rel=\"canonical\" href=\"https:\/\/www.aribau.es\/ca\/politica-de-cookies\/\" \/>\n<meta property=\"og:locale\" content=\"ca_ES\" \/>\n<meta property=\"og:type\" content=\"article\" \/>\n<meta property=\"og:title\" content=\"POL\u00cdTICA DE COOKIES - Aribau\" \/>\n<meta property=\"og:description\" content=\"POL\u00cdTICA DE COOKIES \u00bfPOR QU\u00c9 NECESITAMOS SU CONSENTIMIENTO EXPL\u00cdCITO PARA UTILIZARLAS LAS COOKIES? La Gu\u00eda de la AEPD de julio de 2023, con la aportaci\u00f3n de informaci\u00f3n y criterios del Comit\u00e9 Europeo en Protecci\u00f3n de Datos (CEPD), el RGPD-UE-2016\/679, art\u00edculos.5, 6, 7 y 13, y la LOPDGDD-3\/2018, art\u00edculo, 6, debe interpretarse en el sentido de ... Llegiu m\u00e9s\" \/>\n<meta property=\"og:url\" content=\"https:\/\/www.aribau.es\/ca\/politica-de-cookies\/\" \/>\n<meta property=\"og:site_name\" content=\"Aribau\" \/>\n<meta property=\"article:publisher\" content=\"https:\/\/www.facebook.com\/aribau1964\/\" \/>\n<meta property=\"article:modified_time\" content=\"2025-11-17T12:05:58+00:00\" \/>\n<meta name=\"twitter:card\" content=\"summary_large_image\" \/>\n<meta name=\"twitter:site\" content=\"@aribau1964\" \/>\n<meta name=\"twitter:label1\" content=\"Temps estimat de lectura\" \/>\n\t<meta name=\"twitter:data1\" content=\"9 minuts\" \/>\n<script type=\"application\/ld+json\" class=\"yoast-schema-graph\">{\"@context\":\"https:\/\/schema.org\",\"@graph\":[{\"@type\":\"WebPage\",\"@id\":\"https:\/\/www.aribau.es\/politica-de-cookies\/\",\"url\":\"https:\/\/www.aribau.es\/politica-de-cookies\/\",\"name\":\"POL\u00cdTICA DE COOKIES - Aribau\",\"isPartOf\":{\"@id\":\"https:\/\/www.aribau.es\/#website\"},\"datePublished\":\"2021-02-15T15:51:05+00:00\",\"dateModified\":\"2025-11-17T12:05:58+00:00\",\"breadcrumb\":{\"@id\":\"https:\/\/www.aribau.es\/politica-de-cookies\/#breadcrumb\"},\"inLanguage\":\"ca\",\"potentialAction\":[{\"@type\":\"ReadAction\",\"target\":[\"https:\/\/www.aribau.es\/politica-de-cookies\/\"]}]},{\"@type\":\"BreadcrumbList\",\"@id\":\"https:\/\/www.aribau.es\/politica-de-cookies\/#breadcrumb\",\"itemListElement\":[{\"@type\":\"ListItem\",\"position\":1,\"name\":\"Portada\",\"item\":\"https:\/\/www.aribau.es\/\"},{\"@type\":\"ListItem\",\"position\":2,\"name\":\"POL\u00cdTICA DE COOKIES\"}]},{\"@type\":\"WebSite\",\"@id\":\"https:\/\/www.aribau.es\/#website\",\"url\":\"https:\/\/www.aribau.es\/\",\"name\":\"Aribau\",\"description\":\"VINOS Y BODEGAS\",\"publisher\":{\"@id\":\"https:\/\/www.aribau.es\/#organization\"},\"potentialAction\":[{\"@type\":\"SearchAction\",\"target\":{\"@type\":\"EntryPoint\",\"urlTemplate\":\"https:\/\/www.aribau.es\/?s={search_term_string}\"},\"query-input\":{\"@type\":\"PropertyValueSpecification\",\"valueRequired\":true,\"valueName\":\"search_term_string\"}}],\"inLanguage\":\"ca\"},{\"@type\":\"Organization\",\"@id\":\"https:\/\/www.aribau.es\/#organization\",\"name\":\"Aribau\",\"url\":\"https:\/\/www.aribau.es\/\",\"logo\":{\"@type\":\"ImageObject\",\"inLanguage\":\"ca\",\"@id\":\"https:\/\/www.aribau.es\/#\/schema\/logo\/image\/\",\"url\":\"https:\/\/www.aribau.es\/wp-content\/uploads\/2022\/03\/logo.png\",\"contentUrl\":\"https:\/\/www.aribau.es\/wp-content\/uploads\/2022\/03\/logo.png\",\"width\":300,\"height\":300,\"caption\":\"Aribau\"},\"image\":{\"@id\":\"https:\/\/www.aribau.es\/#\/schema\/logo\/image\/\"},\"sameAs\":[\"https:\/\/www.facebook.com\/aribau1964\/\",\"https:\/\/x.com\/aribau1964\",\"https:\/\/www.instagram.com\/aribau1964\/\"]}]}<\/script>\n<!-- \/ Yoast SEO plugin. -->","yoast_head_json":{"title":"POL\u00cdTICA DE COOKIES - Aribau","robots":{"index":"index","follow":"follow","max-snippet":"max-snippet:-1","max-image-preview":"max-image-preview:large","max-video-preview":"max-video-preview:-1"},"canonical":"https:\/\/www.aribau.es\/ca\/politica-de-cookies\/","og_locale":"ca_ES","og_type":"article","og_title":"POL\u00cdTICA DE COOKIES - Aribau","og_description":"POL\u00cdTICA DE COOKIES \u00bfPOR QU\u00c9 NECESITAMOS SU CONSENTIMIENTO EXPL\u00cdCITO PARA UTILIZARLAS LAS COOKIES? La Gu\u00eda de la AEPD de julio de 2023, con la aportaci\u00f3n de informaci\u00f3n y criterios del Comit\u00e9 Europeo en Protecci\u00f3n de Datos (CEPD), el RGPD-UE-2016\/679, art\u00edculos.5, 6, 7 y 13, y la LOPDGDD-3\/2018, art\u00edculo, 6, debe interpretarse en el sentido de ... Llegiu m\u00e9s","og_url":"https:\/\/www.aribau.es\/ca\/politica-de-cookies\/","og_site_name":"Aribau","article_publisher":"https:\/\/www.facebook.com\/aribau1964\/","article_modified_time":"2025-11-17T12:05:58+00:00","twitter_card":"summary_large_image","twitter_site":"@aribau1964","twitter_misc":{"Temps estimat de lectura":"9 minuts"},"schema":{"@context":"https:\/\/schema.org","@graph":[{"@type":"WebPage","@id":"https:\/\/www.aribau.es\/politica-de-cookies\/","url":"https:\/\/www.aribau.es\/politica-de-cookies\/","name":"POL\u00cdTICA DE COOKIES - Aribau","isPartOf":{"@id":"https:\/\/www.aribau.es\/#website"},"datePublished":"2021-02-15T15:51:05+00:00","dateModified":"2025-11-17T12:05:58+00:00","breadcrumb":{"@id":"https:\/\/www.aribau.es\/politica-de-cookies\/#breadcrumb"},"inLanguage":"ca","potentialAction":[{"@type":"ReadAction","target":["https:\/\/www.aribau.es\/politica-de-cookies\/"]}]},{"@type":"BreadcrumbList","@id":"https:\/\/www.aribau.es\/politica-de-cookies\/#breadcrumb","itemListElement":[{"@type":"ListItem","position":1,"name":"Portada","item":"https:\/\/www.aribau.es\/"},{"@type":"ListItem","position":2,"name":"POL\u00cdTICA DE COOKIES"}]},{"@type":"WebSite","@id":"https:\/\/www.aribau.es\/#website","url":"https:\/\/www.aribau.es\/","name":"Aribau","description":"VINOS Y BODEGAS","publisher":{"@id":"https:\/\/www.aribau.es\/#organization"},"potentialAction":[{"@type":"SearchAction","target":{"@type":"EntryPoint","urlTemplate":"https:\/\/www.aribau.es\/?s={search_term_string}"},"query-input":{"@type":"PropertyValueSpecification","valueRequired":true,"valueName":"search_term_string"}}],"inLanguage":"ca"},{"@type":"Organization","@id":"https:\/\/www.aribau.es\/#organization","name":"Aribau","url":"https:\/\/www.aribau.es\/","logo":{"@type":"ImageObject","inLanguage":"ca","@id":"https:\/\/www.aribau.es\/#\/schema\/logo\/image\/","url":"https:\/\/www.aribau.es\/wp-content\/uploads\/2022\/03\/logo.png","contentUrl":"https:\/\/www.aribau.es\/wp-content\/uploads\/2022\/03\/logo.png","width":300,"height":300,"caption":"Aribau"},"image":{"@id":"https:\/\/www.aribau.es\/#\/schema\/logo\/image\/"},"sameAs":["https:\/\/www.facebook.com\/aribau1964\/","https:\/\/x.com\/aribau1964","https:\/\/www.instagram.com\/aribau1964\/"]}]}},"_links":{"self":[{"href":"https:\/\/www.aribau.es\/ca\/wp-json\/wp\/v2\/pages\/7282","targetHints":{"allow":["GET"]}}],"collection":[{"href":"https:\/\/www.aribau.es\/ca\/wp-json\/wp\/v2\/pages"}],"about":[{"href":"https:\/\/www.aribau.es\/ca\/wp-json\/wp\/v2\/types\/page"}],"author":[{"embeddable":true,"href":"https:\/\/www.aribau.es\/ca\/wp-json\/wp\/v2\/users\/3"}],"replies":[{"embeddable":true,"href":"https:\/\/www.aribau.es\/ca\/wp-json\/wp\/v2\/comments?post=7282"}],"version-history":[{"count":28,"href":"https:\/\/www.aribau.es\/ca\/wp-json\/wp\/v2\/pages\/7282\/revisions"}],"predecessor-version":[{"id":13920,"href":"https:\/\/www.aribau.es\/ca\/wp-json\/wp\/v2\/pages\/7282\/revisions\/13920"}],"wp:attachment":[{"href":"https:\/\/www.aribau.es\/ca\/wp-json\/wp\/v2\/media?parent=7282"}],"curies":[{"name":"wp","href":"https:\/\/api.w.org\/{rel}","templated":true}]}}