{"id":7402,"date":"2021-02-15T19:25:50","date_gmt":"2021-02-15T18:25:50","guid":{"rendered":"https:\/\/www.aribau.es\/?page_id=7402"},"modified":"2021-05-07T12:44:07","modified_gmt":"2021-05-07T11:44:07","slug":"productos-vina-bujanda","status":"publish","type":"page","link":"https:\/\/www.aribau.es\/ca\/productos-vina-bujanda\/","title":{"rendered":"PRODUCTOS VI\u00d1A BUJANDA"},"content":{"rendered":"<div data-elementor-type=\"wp-page\" data-elementor-id=\"7402\" class=\"elementor elementor-7402\">\n\t\t\t\t\t\t<section class=\"elementor-section elementor-top-section elementor-element elementor-element-50c7c15d elementor-section-boxed elementor-section-height-default elementor-section-height-default\" data-id=\"50c7c15d\" data-element_type=\"section\">\n\t\t\t\t\t\t<div class=\"elementor-container elementor-column-gap-default\">\n\t\t\t\t\t<div class=\"elementor-column elementor-col-25 elementor-top-column elementor-element elementor-element-1f8e3190\" data-id=\"1f8e3190\" data-element_type=\"column\">\n\t\t\t<div class=\"elementor-widget-wrap elementor-element-populated\">\n\t\t\t\t\t\t<div class=\"elementor-element elementor-element-73480680 elementor-position-top elementor-widget elementor-widget-image-box\" data-id=\"73480680\" data-element_type=\"widget\" data-widget_type=\"image-box.default\">\n\t\t\t\t<div class=\"elementor-widget-container\">\n\t\t\t\t\t<div class=\"elementor-image-box-wrapper\"><figure class=\"elementor-image-box-img\"><a href=\"https:\/\/www.aribau.es\/ca\/bodegas-2\/vina-bujanda\/vina-bujanda-crianza\/\" tabindex=\"-1\"><img fetchpriority=\"high\" decoding=\"async\" width=\"392\" height=\"1436\" src=\"https:\/\/www.aribau.es\/wp-content\/uploads\/2021\/02\/VINA-BUJANDA-CRIANZA-NUEVA.jpg\" class=\"elementor-animation-grow attachment-full size-full wp-image-7404\" alt=\"\" srcset=\"https:\/\/www.aribau.es\/wp-content\/uploads\/2021\/02\/VINA-BUJANDA-CRIANZA-NUEVA.jpg 392w, https:\/\/www.aribau.es\/wp-content\/uploads\/2021\/02\/VINA-BUJANDA-CRIANZA-NUEVA-82x300.jpg 82w\" sizes=\"(max-width: 392px) 100vw, 392px\" \/><\/a><\/figure><div class=\"elementor-image-box-content\"><h3 class=\"elementor-image-box-title\"><a href=\"https:\/\/www.aribau.es\/ca\/bodegas-2\/vina-bujanda\/vina-bujanda-crianza\/\">VI\u00d1A BUJANDA CRIAN\u00c7A<\/a><\/h3><\/div><\/div>\t\t\t\t<\/div>\n\t\t\t\t<\/div>\n\t\t\t\t\t<\/div>\n\t\t<\/div>\n\t\t\t\t<div class=\"elementor-column elementor-col-25 elementor-top-column elementor-element elementor-element-40af7284\" data-id=\"40af7284\" data-element_type=\"column\">\n\t\t\t<div class=\"elementor-widget-wrap elementor-element-populated\">\n\t\t\t\t\t\t<div class=\"elementor-element elementor-element-291c29b0 elementor-position-top elementor-widget elementor-widget-image-box\" data-id=\"291c29b0\" data-element_type=\"widget\" data-widget_type=\"image-box.default\">\n\t\t\t\t<div class=\"elementor-widget-container\">\n\t\t\t\t\t<div class=\"elementor-image-box-wrapper\"><figure class=\"elementor-image-box-img\"><a href=\"https:\/\/www.aribau.es\/ca\/bodegas-2\/vina-bujanda\/vina-bujanda-graciano\/\" tabindex=\"-1\"><img decoding=\"async\" width=\"709\" height=\"2560\" src=\"https:\/\/www.aribau.es\/wp-content\/uploads\/2021\/02\/VINA-BUJANDA-GRACIANO-scaled.jpg\" class=\"elementor-animation-grow attachment-full size-full wp-image-7405\" alt=\"\" srcset=\"https:\/\/www.aribau.es\/wp-content\/uploads\/2021\/02\/VINA-BUJANDA-GRACIANO-scaled.jpg 709w, https:\/\/www.aribau.es\/wp-content\/uploads\/2021\/02\/VINA-BUJANDA-GRACIANO-83x300.jpg 83w, https:\/\/www.aribau.es\/wp-content\/uploads\/2021\/02\/VINA-BUJANDA-GRACIANO-768x2774.jpg 768w, https:\/\/www.aribau.es\/wp-content\/uploads\/2021\/02\/VINA-BUJANDA-GRACIANO-425x1536.jpg 425w, https:\/\/www.aribau.es\/wp-content\/uploads\/2021\/02\/VINA-BUJANDA-GRACIANO-567x2048.jpg 567w\" sizes=\"(max-width: 709px) 100vw, 709px\" \/><\/a><\/figure><div class=\"elementor-image-box-content\"><h3 class=\"elementor-image-box-title\"><a href=\"https:\/\/www.aribau.es\/ca\/bodegas-2\/vina-bujanda\/vina-bujanda-graciano\/\">VI\u00d1A BUJANDA GRACIANO<\/a><\/h3><\/div><\/div>\t\t\t\t<\/div>\n\t\t\t\t<\/div>\n\t\t\t\t\t<\/div>\n\t\t<\/div>\n\t\t\t\t<div class=\"elementor-column elementor-col-25 elementor-top-column elementor-element elementor-element-1a672ed4\" data-id=\"1a672ed4\" data-element_type=\"column\">\n\t\t\t<div class=\"elementor-widget-wrap elementor-element-populated\">\n\t\t\t\t\t\t<div class=\"elementor-element elementor-element-2ce62f08 elementor-position-top elementor-widget elementor-widget-image-box\" data-id=\"2ce62f08\" data-element_type=\"widget\" data-widget_type=\"image-box.default\">\n\t\t\t\t<div class=\"elementor-widget-container\">\n\t\t\t\t\t<div class=\"elementor-image-box-wrapper\"><figure class=\"elementor-image-box-img\"><a href=\"https:\/\/www.aribau.es\/ca\/bodegas-2\/vina-bujanda\/vina-bujanda-gran-reserva\/\" tabindex=\"-1\"><img decoding=\"async\" width=\"392\" height=\"1436\" src=\"https:\/\/www.aribau.es\/wp-content\/uploads\/2021\/02\/VINA-BUJANDA-GRAN-RESERVA.jpg\" class=\"elementor-animation-grow attachment-full size-full wp-image-7406\" alt=\"\" srcset=\"https:\/\/www.aribau.es\/wp-content\/uploads\/2021\/02\/VINA-BUJANDA-GRAN-RESERVA.jpg 392w, https:\/\/www.aribau.es\/wp-content\/uploads\/2021\/02\/VINA-BUJANDA-GRAN-RESERVA-82x300.jpg 82w\" sizes=\"(max-width: 392px) 100vw, 392px\" \/><\/a><\/figure><div class=\"elementor-image-box-content\"><h3 class=\"elementor-image-box-title\"><a href=\"https:\/\/www.aribau.es\/ca\/bodegas-2\/vina-bujanda\/vina-bujanda-gran-reserva\/\">VI\u00d1A BUJANDA GRAN RESERVA<\/a><\/h3><\/div><\/div>\t\t\t\t<\/div>\n\t\t\t\t<\/div>\n\t\t\t\t\t<\/div>\n\t\t<\/div>\n\t\t\t\t<div class=\"elementor-column elementor-col-25 elementor-top-column elementor-element elementor-element-544b5915\" data-id=\"544b5915\" data-element_type=\"column\">\n\t\t\t<div class=\"elementor-widget-wrap elementor-element-populated\">\n\t\t\t\t\t\t<div class=\"elementor-element elementor-element-3da989f9 elementor-position-top elementor-widget elementor-widget-image-box\" data-id=\"3da989f9\" data-element_type=\"widget\" data-widget_type=\"image-box.default\">\n\t\t\t\t<div class=\"elementor-widget-container\">\n\t\t\t\t\t<div class=\"elementor-image-box-wrapper\"><figure class=\"elementor-image-box-img\"><a href=\"https:\/\/www.aribau.es\/ca\/bodegas-2\/vina-bujanda\/vina-bujanda-organic-wine\/\" tabindex=\"-1\"><img loading=\"lazy\" decoding=\"async\" width=\"392\" height=\"1436\" src=\"https:\/\/www.aribau.es\/wp-content\/uploads\/2021\/02\/VINA-BUJANDA-ORGANIC-WINE.jpg\" class=\"elementor-animation-grow attachment-full size-full wp-image-7407\" alt=\"\" srcset=\"https:\/\/www.aribau.es\/wp-content\/uploads\/2021\/02\/VINA-BUJANDA-ORGANIC-WINE.jpg 392w, https:\/\/www.aribau.es\/wp-content\/uploads\/2021\/02\/VINA-BUJANDA-ORGANIC-WINE-82x300.jpg 82w\" sizes=\"(max-width: 392px) 100vw, 392px\" \/><\/a><\/figure><div class=\"elementor-image-box-content\"><h3 class=\"elementor-image-box-title\"><a href=\"https:\/\/www.aribau.es\/ca\/bodegas-2\/vina-bujanda\/vina-bujanda-organic-wine\/\">VI\u00d1A BUJANDA ORGANIC WINE<\/a><\/h3><\/div><\/div>\t\t\t\t<\/div>\n\t\t\t\t<\/div>\n\t\t\t\t\t<\/div>\n\t\t<\/div>\n\t\t\t\t\t<\/div>\n\t\t<\/section>\n\t\t\t\t<section class=\"elementor-section elementor-top-section elementor-element elementor-element-98fcbb3 elementor-section-boxed elementor-section-height-default elementor-section-height-default\" data-id=\"98fcbb3\" data-element_type=\"section\">\n\t\t\t\t\t\t<div class=\"elementor-container elementor-column-gap-default\">\n\t\t\t\t\t<div class=\"elementor-column elementor-col-25 elementor-top-column elementor-element elementor-element-bec221e\" data-id=\"bec221e\" data-element_type=\"column\">\n\t\t\t<div class=\"elementor-widget-wrap elementor-element-populated\">\n\t\t\t\t\t\t<div class=\"elementor-element elementor-element-0a68505 elementor-position-top elementor-widget elementor-widget-image-box\" data-id=\"0a68505\" data-element_type=\"widget\" data-widget_type=\"image-box.default\">\n\t\t\t\t<div class=\"elementor-widget-container\">\n\t\t\t\t\t<div class=\"elementor-image-box-wrapper\"><figure class=\"elementor-image-box-img\"><a href=\"https:\/\/www.aribau.es\/ca\/bodegas-2\/vina-bujanda\/vina-bujanda-reserva\/\" tabindex=\"-1\"><img loading=\"lazy\" decoding=\"async\" width=\"392\" height=\"1436\" src=\"https:\/\/www.aribau.es\/wp-content\/uploads\/2021\/02\/VINA-BUJANDA-RESERVA.jpg\" class=\"elementor-animation-grow attachment-full size-full wp-image-7408\" alt=\"\" srcset=\"https:\/\/www.aribau.es\/wp-content\/uploads\/2021\/02\/VINA-BUJANDA-RESERVA.jpg 392w, https:\/\/www.aribau.es\/wp-content\/uploads\/2021\/02\/VINA-BUJANDA-RESERVA-82x300.jpg 82w\" sizes=\"(max-width: 392px) 100vw, 392px\" \/><\/a><\/figure><div class=\"elementor-image-box-content\"><h3 class=\"elementor-image-box-title\"><a href=\"https:\/\/www.aribau.es\/ca\/bodegas-2\/vina-bujanda\/vina-bujanda-reserva\/\">VI\u00d1A BUJANDA RESERVA<\/a><\/h3><\/div><\/div>\t\t\t\t<\/div>\n\t\t\t\t<\/div>\n\t\t\t\t\t<\/div>\n\t\t<\/div>\n\t\t\t\t<div class=\"elementor-column elementor-col-25 elementor-top-column elementor-element elementor-element-dceb04d\" data-id=\"dceb04d\" data-element_type=\"column\">\n\t\t\t<div class=\"elementor-widget-wrap elementor-element-populated\">\n\t\t\t\t\t\t<div class=\"elementor-element elementor-element-f3a2164 elementor-position-top elementor-widget elementor-widget-image-box\" data-id=\"f3a2164\" data-element_type=\"widget\" data-widget_type=\"image-box.default\">\n\t\t\t\t<div class=\"elementor-widget-container\">\n\t\t\t\t\t<div class=\"elementor-image-box-wrapper\"><figure class=\"elementor-image-box-img\"><a href=\"https:\/\/www.aribau.es\/ca\/bodegas-2\/vina-bujanda\/vina-bujanda-rosado\/\" tabindex=\"-1\"><img loading=\"lazy\" decoding=\"async\" width=\"392\" height=\"1436\" src=\"https:\/\/www.aribau.es\/wp-content\/uploads\/2021\/02\/VINA-BUJANDA-ROSADO-NUEVA.jpg\" class=\"elementor-animation-grow attachment-full size-full wp-image-7409\" alt=\"\" srcset=\"https:\/\/www.aribau.es\/wp-content\/uploads\/2021\/02\/VINA-BUJANDA-ROSADO-NUEVA.jpg 392w, https:\/\/www.aribau.es\/wp-content\/uploads\/2021\/02\/VINA-BUJANDA-ROSADO-NUEVA-82x300.jpg 82w\" sizes=\"(max-width: 392px) 100vw, 392px\" \/><\/a><\/figure><div class=\"elementor-image-box-content\"><h3 class=\"elementor-image-box-title\"><a href=\"https:\/\/www.aribau.es\/ca\/bodegas-2\/vina-bujanda\/vina-bujanda-rosado\/\">VI\u00d1A BUJANDA ROSAT<\/a><\/h3><\/div><\/div>\t\t\t\t<\/div>\n\t\t\t\t<\/div>\n\t\t\t\t\t<\/div>\n\t\t<\/div>\n\t\t\t\t<div class=\"elementor-column elementor-col-25 elementor-top-column elementor-element elementor-element-d86641e\" data-id=\"d86641e\" data-element_type=\"column\">\n\t\t\t<div class=\"elementor-widget-wrap elementor-element-populated\">\n\t\t\t\t\t\t<div class=\"elementor-element elementor-element-a5a3fb1 elementor-position-top elementor-widget elementor-widget-image-box\" data-id=\"a5a3fb1\" data-element_type=\"widget\" data-widget_type=\"image-box.default\">\n\t\t\t\t<div class=\"elementor-widget-container\">\n\t\t\t\t\t<div class=\"elementor-image-box-wrapper\"><figure class=\"elementor-image-box-img\"><a href=\"https:\/\/www.aribau.es\/ca\/bodegas-2\/vina-bujanda\/vina-bujanda-tempranillo\/\" tabindex=\"-1\"><img loading=\"lazy\" decoding=\"async\" width=\"392\" height=\"1436\" src=\"https:\/\/www.aribau.es\/wp-content\/uploads\/2021\/02\/VINA-BUJANDA-TEMPRANILLO-NUEVA.jpg\" class=\"elementor-animation-grow attachment-full size-full wp-image-7410\" alt=\"\" srcset=\"https:\/\/www.aribau.es\/wp-content\/uploads\/2021\/02\/VINA-BUJANDA-TEMPRANILLO-NUEVA.jpg 392w, https:\/\/www.aribau.es\/wp-content\/uploads\/2021\/02\/VINA-BUJANDA-TEMPRANILLO-NUEVA-82x300.jpg 82w\" sizes=\"(max-width: 392px) 100vw, 392px\" \/><\/a><\/figure><div class=\"elementor-image-box-content\"><h3 class=\"elementor-image-box-title\"><a href=\"https:\/\/www.aribau.es\/ca\/bodegas-2\/vina-bujanda\/vina-bujanda-tempranillo\/\">VI\u00d1A BUJANDA TEMPRANILLO<\/a><\/h3><\/div><\/div>\t\t\t\t<\/div>\n\t\t\t\t<\/div>\n\t\t\t\t\t<\/div>\n\t\t<\/div>\n\t\t\t\t<div class=\"elementor-column elementor-col-25 elementor-top-column elementor-element elementor-element-37f8089\" data-id=\"37f8089\" data-element_type=\"column\">\n\t\t\t<div class=\"elementor-widget-wrap elementor-element-populated\">\n\t\t\t\t\t\t<div class=\"elementor-element elementor-element-bd65a45 elementor-position-top elementor-widget elementor-widget-image-box\" data-id=\"bd65a45\" data-element_type=\"widget\" data-widget_type=\"image-box.default\">\n\t\t\t\t<div class=\"elementor-widget-container\">\n\t\t\t\t\t<div class=\"elementor-image-box-wrapper\"><figure class=\"elementor-image-box-img\"><a href=\"https:\/\/www.aribau.es\/ca\/bodegas-2\/vina-bujanda\/vina-bujanda-viura\/\" tabindex=\"-1\"><img loading=\"lazy\" decoding=\"async\" width=\"392\" height=\"1436\" src=\"https:\/\/www.aribau.es\/wp-content\/uploads\/2021\/02\/VINA-BUJANDA-VIURA-NUEVA.jpg\" class=\"elementor-animation-grow attachment-full size-full wp-image-7412\" alt=\"\" srcset=\"https:\/\/www.aribau.es\/wp-content\/uploads\/2021\/02\/VINA-BUJANDA-VIURA-NUEVA.jpg 392w, https:\/\/www.aribau.es\/wp-content\/uploads\/2021\/02\/VINA-BUJANDA-VIURA-NUEVA-82x300.jpg 82w\" sizes=\"(max-width: 392px) 100vw, 392px\" \/><\/a><\/figure><div class=\"elementor-image-box-content\"><h3 class=\"elementor-image-box-title\"><a href=\"https:\/\/www.aribau.es\/ca\/bodegas-2\/vina-bujanda\/vina-bujanda-viura\/\">VI\u00d1A BUJANDA VIURA<\/a><\/h3><\/div><\/div>\t\t\t\t<\/div>\n\t\t\t\t<\/div>\n\t\t\t\t\t<\/div>\n\t\t<\/div>\n\t\t\t\t\t<\/div>\n\t\t<\/section>\n\t\t\t\t<\/div>","protected":false},"excerpt":{"rendered":"<p>VI\u00d1A BUJANDA CRIANZA VI\u00d1A BUJANDA GRACIANO VI\u00d1A BUJANDA GRAN RESERVA VI\u00d1A BUJANDA ORGANIC WINE VI\u00d1A BUJANDA RESERVA VI\u00d1A BUJANDA ROSADO VI\u00d1A BUJANDA TEMPRANILLO VI\u00d1A BUJANDA VIURA<\/p>","protected":false},"author":3,"featured_media":0,"parent":0,"menu_order":0,"comment_status":"closed","ping_status":"closed","template":"elementor_header_footer","meta":{"footnotes":""},"class_list":["post-7402","page","type-page","status-publish"],"yoast_head":"<!-- This site is optimized with the Yoast SEO plugin v26.7 - https:\/\/yoast.com\/wordpress\/plugins\/seo\/ -->\n<title>PRODUCTOS VI\u00d1A BUJANDA - Aribau<\/title>\n<meta name=\"robots\" content=\"index, follow, max-snippet:-1, max-image-preview:large, max-video-preview:-1\" \/>\n<link rel=\"canonical\" href=\"https:\/\/www.aribau.es\/ca\/productos-vina-bujanda\/\" \/>\n<meta property=\"og:locale\" content=\"ca_ES\" \/>\n<meta property=\"og:type\" content=\"article\" \/>\n<meta property=\"og:title\" content=\"PRODUCTOS VI\u00d1A BUJANDA - Aribau\" \/>\n<meta property=\"og:description\" content=\"VI\u00d1A BUJANDA CRIANZA VI\u00d1A BUJANDA GRACIANO VI\u00d1A BUJANDA GRAN RESERVA VI\u00d1A BUJANDA ORGANIC WINE VI\u00d1A BUJANDA RESERVA VI\u00d1A BUJANDA ROSADO VI\u00d1A BUJANDA TEMPRANILLO VI\u00d1A BUJANDA VIURA\" \/>\n<meta property=\"og:url\" content=\"https:\/\/www.aribau.es\/ca\/productos-vina-bujanda\/\" \/>\n<meta property=\"og:site_name\" content=\"Aribau\" \/>\n<meta property=\"article:publisher\" content=\"https:\/\/www.facebook.com\/aribau1964\/\" \/>\n<meta property=\"article:modified_time\" content=\"2021-05-07T11:44:07+00:00\" \/>\n<meta property=\"og:image\" content=\"https:\/\/www.aribau.es\/wp-content\/uploads\/2021\/02\/VINA-BUJANDA-CRIANZA-NUEVA.jpg\" \/>\n<meta name=\"twitter:card\" content=\"summary_large_image\" \/>\n<meta name=\"twitter:site\" content=\"@aribau1964\" \/>\n<script type=\"application\/ld+json\" class=\"yoast-schema-graph\">{\"@context\":\"https:\/\/schema.org\",\"@graph\":[{\"@type\":\"WebPage\",\"@id\":\"https:\/\/www.aribau.es\/productos-vina-bujanda\/\",\"url\":\"https:\/\/www.aribau.es\/productos-vina-bujanda\/\",\"name\":\"PRODUCTOS VI\u00d1A BUJANDA - Aribau\",\"isPartOf\":{\"@id\":\"https:\/\/www.aribau.es\/#website\"},\"primaryImageOfPage\":{\"@id\":\"https:\/\/www.aribau.es\/productos-vina-bujanda\/#primaryimage\"},\"image\":{\"@id\":\"https:\/\/www.aribau.es\/productos-vina-bujanda\/#primaryimage\"},\"thumbnailUrl\":\"https:\/\/www.aribau.es\/wp-content\/uploads\/2021\/02\/VINA-BUJANDA-CRIANZA-NUEVA.jpg\",\"datePublished\":\"2021-02-15T18:25:50+00:00\",\"dateModified\":\"2021-05-07T11:44:07+00:00\",\"breadcrumb\":{\"@id\":\"https:\/\/www.aribau.es\/productos-vina-bujanda\/#breadcrumb\"},\"inLanguage\":\"ca\",\"potentialAction\":[{\"@type\":\"ReadAction\",\"target\":[\"https:\/\/www.aribau.es\/productos-vina-bujanda\/\"]}]},{\"@type\":\"ImageObject\",\"inLanguage\":\"ca\",\"@id\":\"https:\/\/www.aribau.es\/productos-vina-bujanda\/#primaryimage\",\"url\":\"https:\/\/www.aribau.es\/wp-content\/uploads\/2021\/02\/VINA-BUJANDA-CRIANZA-NUEVA.jpg\",\"contentUrl\":\"https:\/\/www.aribau.es\/wp-content\/uploads\/2021\/02\/VINA-BUJANDA-CRIANZA-NUEVA.jpg\"},{\"@type\":\"BreadcrumbList\",\"@id\":\"https:\/\/www.aribau.es\/productos-vina-bujanda\/#breadcrumb\",\"itemListElement\":[{\"@type\":\"ListItem\",\"position\":1,\"name\":\"Portada\",\"item\":\"https:\/\/www.aribau.es\/\"},{\"@type\":\"ListItem\",\"position\":2,\"name\":\"PRODUCTOS VI\u00d1A BUJANDA\"}]},{\"@type\":\"WebSite\",\"@id\":\"https:\/\/www.aribau.es\/#website\",\"url\":\"https:\/\/www.aribau.es\/\",\"name\":\"Aribau\",\"description\":\"VINOS Y BODEGAS\",\"publisher\":{\"@id\":\"https:\/\/www.aribau.es\/#organization\"},\"potentialAction\":[{\"@type\":\"SearchAction\",\"target\":{\"@type\":\"EntryPoint\",\"urlTemplate\":\"https:\/\/www.aribau.es\/?s={search_term_string}\"},\"query-input\":{\"@type\":\"PropertyValueSpecification\",\"valueRequired\":true,\"valueName\":\"search_term_string\"}}],\"inLanguage\":\"ca\"},{\"@type\":\"Organization\",\"@id\":\"https:\/\/www.aribau.es\/#organization\",\"name\":\"Aribau\",\"url\":\"https:\/\/www.aribau.es\/\",\"logo\":{\"@type\":\"ImageObject\",\"inLanguage\":\"ca\",\"@id\":\"https:\/\/www.aribau.es\/#\/schema\/logo\/image\/\",\"url\":\"https:\/\/www.aribau.es\/wp-content\/uploads\/2022\/03\/logo.png\",\"contentUrl\":\"https:\/\/www.aribau.es\/wp-content\/uploads\/2022\/03\/logo.png\",\"width\":300,\"height\":300,\"caption\":\"Aribau\"},\"image\":{\"@id\":\"https:\/\/www.aribau.es\/#\/schema\/logo\/image\/\"},\"sameAs\":[\"https:\/\/www.facebook.com\/aribau1964\/\",\"https:\/\/x.com\/aribau1964\",\"https:\/\/www.instagram.com\/aribau1964\/\"]}]}<\/script>\n<!-- \/ Yoast SEO plugin. -->","yoast_head_json":{"title":"PRODUCTOS VI\u00d1A BUJANDA - Aribau","robots":{"index":"index","follow":"follow","max-snippet":"max-snippet:-1","max-image-preview":"max-image-preview:large","max-video-preview":"max-video-preview:-1"},"canonical":"https:\/\/www.aribau.es\/ca\/productos-vina-bujanda\/","og_locale":"ca_ES","og_type":"article","og_title":"PRODUCTOS VI\u00d1A BUJANDA - Aribau","og_description":"VI\u00d1A BUJANDA CRIANZA VI\u00d1A BUJANDA GRACIANO VI\u00d1A BUJANDA GRAN RESERVA VI\u00d1A BUJANDA ORGANIC WINE VI\u00d1A BUJANDA RESERVA VI\u00d1A BUJANDA ROSADO VI\u00d1A BUJANDA TEMPRANILLO VI\u00d1A BUJANDA VIURA","og_url":"https:\/\/www.aribau.es\/ca\/productos-vina-bujanda\/","og_site_name":"Aribau","article_publisher":"https:\/\/www.facebook.com\/aribau1964\/","article_modified_time":"2021-05-07T11:44:07+00:00","og_image":[{"url":"https:\/\/www.aribau.es\/wp-content\/uploads\/2021\/02\/VINA-BUJANDA-CRIANZA-NUEVA.jpg","type":"","width":"","height":""}],"twitter_card":"summary_large_image","twitter_site":"@aribau1964","schema":{"@context":"https:\/\/schema.org","@graph":[{"@type":"WebPage","@id":"https:\/\/www.aribau.es\/productos-vina-bujanda\/","url":"https:\/\/www.aribau.es\/productos-vina-bujanda\/","name":"PRODUCTOS VI\u00d1A BUJANDA - Aribau","isPartOf":{"@id":"https:\/\/www.aribau.es\/#website"},"primaryImageOfPage":{"@id":"https:\/\/www.aribau.es\/productos-vina-bujanda\/#primaryimage"},"image":{"@id":"https:\/\/www.aribau.es\/productos-vina-bujanda\/#primaryimage"},"thumbnailUrl":"https:\/\/www.aribau.es\/wp-content\/uploads\/2021\/02\/VINA-BUJANDA-CRIANZA-NUEVA.jpg","datePublished":"2021-02-15T18:25:50+00:00","dateModified":"2021-05-07T11:44:07+00:00","breadcrumb":{"@id":"https:\/\/www.aribau.es\/productos-vina-bujanda\/#breadcrumb"},"inLanguage":"ca","potentialAction":[{"@type":"ReadAction","target":["https:\/\/www.aribau.es\/productos-vina-bujanda\/"]}]},{"@type":"ImageObject","inLanguage":"ca","@id":"https:\/\/www.aribau.es\/productos-vina-bujanda\/#primaryimage","url":"https:\/\/www.aribau.es\/wp-content\/uploads\/2021\/02\/VINA-BUJANDA-CRIANZA-NUEVA.jpg","contentUrl":"https:\/\/www.aribau.es\/wp-content\/uploads\/2021\/02\/VINA-BUJANDA-CRIANZA-NUEVA.jpg"},{"@type":"BreadcrumbList","@id":"https:\/\/www.aribau.es\/productos-vina-bujanda\/#breadcrumb","itemListElement":[{"@type":"ListItem","position":1,"name":"Portada","item":"https:\/\/www.aribau.es\/"},{"@type":"ListItem","position":2,"name":"PRODUCTOS VI\u00d1A BUJANDA"}]},{"@type":"WebSite","@id":"https:\/\/www.aribau.es\/#website","url":"https:\/\/www.aribau.es\/","name":"Aribau","description":"VINOS Y BODEGAS","publisher":{"@id":"https:\/\/www.aribau.es\/#organization"},"potentialAction":[{"@type":"SearchAction","target":{"@type":"EntryPoint","urlTemplate":"https:\/\/www.aribau.es\/?s={search_term_string}"},"query-input":{"@type":"PropertyValueSpecification","valueRequired":true,"valueName":"search_term_string"}}],"inLanguage":"ca"},{"@type":"Organization","@id":"https:\/\/www.aribau.es\/#organization","name":"Aribau","url":"https:\/\/www.aribau.es\/","logo":{"@type":"ImageObject","inLanguage":"ca","@id":"https:\/\/www.aribau.es\/#\/schema\/logo\/image\/","url":"https:\/\/www.aribau.es\/wp-content\/uploads\/2022\/03\/logo.png","contentUrl":"https:\/\/www.aribau.es\/wp-content\/uploads\/2022\/03\/logo.png","width":300,"height":300,"caption":"Aribau"},"image":{"@id":"https:\/\/www.aribau.es\/#\/schema\/logo\/image\/"},"sameAs":["https:\/\/www.facebook.com\/aribau1964\/","https:\/\/x.com\/aribau1964","https:\/\/www.instagram.com\/aribau1964\/"]}]}},"_links":{"self":[{"href":"https:\/\/www.aribau.es\/ca\/wp-json\/wp\/v2\/pages\/7402","targetHints":{"allow":["GET"]}}],"collection":[{"href":"https:\/\/www.aribau.es\/ca\/wp-json\/wp\/v2\/pages"}],"about":[{"href":"https:\/\/www.aribau.es\/ca\/wp-json\/wp\/v2\/types\/page"}],"author":[{"embeddable":true,"href":"https:\/\/www.aribau.es\/ca\/wp-json\/wp\/v2\/users\/3"}],"replies":[{"embeddable":true,"href":"https:\/\/www.aribau.es\/ca\/wp-json\/wp\/v2\/comments?post=7402"}],"version-history":[{"count":7,"href":"https:\/\/www.aribau.es\/ca\/wp-json\/wp\/v2\/pages\/7402\/revisions"}],"predecessor-version":[{"id":11114,"href":"https:\/\/www.aribau.es\/ca\/wp-json\/wp\/v2\/pages\/7402\/revisions\/11114"}],"wp:attachment":[{"href":"https:\/\/www.aribau.es\/ca\/wp-json\/wp\/v2\/media?parent=7402"}],"curies":[{"name":"wp","href":"https:\/\/api.w.org\/{rel}","templated":true}]}}