{"id":7457,"date":"2021-02-16T08:55:49","date_gmt":"2021-02-16T07:55:49","guid":{"rendered":"https:\/\/www.aribau.es\/?page_id=7457"},"modified":"2021-03-29T22:12:03","modified_gmt":"2021-03-29T21:12:03","slug":"productos-felix-cachazo","status":"publish","type":"page","link":"https:\/\/www.aribau.es\/ca\/productos-felix-cachazo\/","title":{"rendered":"PRODUCTOS FELIX CACHAZO"},"content":{"rendered":"<div data-elementor-type=\"wp-page\" data-elementor-id=\"7457\" class=\"elementor elementor-7457\">\n\t\t\t\t\t\t<section class=\"elementor-section elementor-top-section elementor-element elementor-element-580f37fb elementor-section-boxed elementor-section-height-default elementor-section-height-default\" data-id=\"580f37fb\" data-element_type=\"section\">\n\t\t\t\t\t\t<div class=\"elementor-container elementor-column-gap-default\">\n\t\t\t\t\t<div class=\"elementor-column elementor-col-25 elementor-top-column elementor-element elementor-element-11e645b2\" data-id=\"11e645b2\" data-element_type=\"column\">\n\t\t\t<div class=\"elementor-widget-wrap elementor-element-populated\">\n\t\t\t\t\t\t<div class=\"elementor-element elementor-element-b6ac7a elementor-position-top elementor-widget elementor-widget-image-box\" data-id=\"b6ac7a\" data-element_type=\"widget\" data-widget_type=\"image-box.default\">\n\t\t\t\t<div class=\"elementor-widget-container\">\n\t\t\t\t\t<div class=\"elementor-image-box-wrapper\"><figure class=\"elementor-image-box-img\"><a href=\"https:\/\/www.aribau.es\/ca\/bodegas-2\/bodegas-felix-cachazo\/carrasvinas-dorado-rueda\/\" tabindex=\"-1\"><img fetchpriority=\"high\" decoding=\"async\" width=\"562\" height=\"1702\" src=\"https:\/\/www.aribau.es\/wp-content\/uploads\/2021\/02\/CARRASVINAS-DORADO-RUEDA.jpg\" class=\"elementor-animation-grow attachment-full size-full wp-image-7459\" alt=\"\" srcset=\"https:\/\/www.aribau.es\/wp-content\/uploads\/2021\/02\/CARRASVINAS-DORADO-RUEDA.jpg 562w, https:\/\/www.aribau.es\/wp-content\/uploads\/2021\/02\/CARRASVINAS-DORADO-RUEDA-99x300.jpg 99w, https:\/\/www.aribau.es\/wp-content\/uploads\/2021\/02\/CARRASVINAS-DORADO-RUEDA-338x1024.jpg 338w, https:\/\/www.aribau.es\/wp-content\/uploads\/2021\/02\/CARRASVINAS-DORADO-RUEDA-507x1536.jpg 507w\" sizes=\"(max-width: 562px) 100vw, 562px\" \/><\/a><\/figure><div class=\"elementor-image-box-content\"><h3 class=\"elementor-image-box-title\"><a href=\"https:\/\/www.aribau.es\/ca\/bodegas-2\/bodegas-felix-cachazo\/carrasvinas-dorado-rueda\/\">CARRASVI\u00d1AS DORADO RUEDA<\/a><\/h3><\/div><\/div>\t\t\t\t<\/div>\n\t\t\t\t<\/div>\n\t\t\t\t\t<\/div>\n\t\t<\/div>\n\t\t\t\t<div class=\"elementor-column elementor-col-25 elementor-top-column elementor-element elementor-element-b582a1a\" data-id=\"b582a1a\" data-element_type=\"column\">\n\t\t\t<div class=\"elementor-widget-wrap elementor-element-populated\">\n\t\t\t\t\t\t<div class=\"elementor-element elementor-element-58111acf elementor-position-top elementor-widget elementor-widget-image-box\" data-id=\"58111acf\" data-element_type=\"widget\" data-widget_type=\"image-box.default\">\n\t\t\t\t<div class=\"elementor-widget-container\">\n\t\t\t\t\t<div class=\"elementor-image-box-wrapper\"><figure class=\"elementor-image-box-img\"><a href=\"https:\/\/www.aribau.es\/ca\/bodegas-2\/bodegas-felix-cachazo\/carrasvinas-fermentado-en-barrica\/\" tabindex=\"-1\"><img decoding=\"async\" width=\"831\" height=\"2560\" src=\"https:\/\/www.aribau.es\/wp-content\/uploads\/2021\/02\/CARRASVINAS-FERMENTADO-EN-BARRICA-1-scaled.jpg\" class=\"elementor-animation-grow attachment-full size-full wp-image-7465\" alt=\"\" srcset=\"https:\/\/www.aribau.es\/wp-content\/uploads\/2021\/02\/CARRASVINAS-FERMENTADO-EN-BARRICA-1-scaled.jpg 831w, https:\/\/www.aribau.es\/wp-content\/uploads\/2021\/02\/CARRASVINAS-FERMENTADO-EN-BARRICA-1-97x300.jpg 97w, https:\/\/www.aribau.es\/wp-content\/uploads\/2021\/02\/CARRASVINAS-FERMENTADO-EN-BARRICA-1-332x1024.jpg 332w, https:\/\/www.aribau.es\/wp-content\/uploads\/2021\/02\/CARRASVINAS-FERMENTADO-EN-BARRICA-1-768x2367.jpg 768w, https:\/\/www.aribau.es\/wp-content\/uploads\/2021\/02\/CARRASVINAS-FERMENTADO-EN-BARRICA-1-665x2048.jpg 665w\" sizes=\"(max-width: 831px) 100vw, 831px\" \/><\/a><\/figure><div class=\"elementor-image-box-content\"><h3 class=\"elementor-image-box-title\"><a href=\"https:\/\/www.aribau.es\/ca\/bodegas-2\/bodegas-felix-cachazo\/carrasvinas-fermentado-en-barrica\/\">CARRASVI\u00d1AS FERMENTAT EN B\u00d3TA<\/a><\/h3><\/div><\/div>\t\t\t\t<\/div>\n\t\t\t\t<\/div>\n\t\t\t\t\t<\/div>\n\t\t<\/div>\n\t\t\t\t<div class=\"elementor-column elementor-col-25 elementor-top-column elementor-element elementor-element-3136e1da\" data-id=\"3136e1da\" data-element_type=\"column\">\n\t\t\t<div class=\"elementor-widget-wrap elementor-element-populated\">\n\t\t\t\t\t\t<div class=\"elementor-element elementor-element-4031c5b3 elementor-position-top elementor-widget elementor-widget-image-box\" data-id=\"4031c5b3\" data-element_type=\"widget\" data-widget_type=\"image-box.default\">\n\t\t\t\t<div class=\"elementor-widget-container\">\n\t\t\t\t\t<div class=\"elementor-image-box-wrapper\"><figure class=\"elementor-image-box-img\"><a href=\"https:\/\/www.aribau.es\/ca\/bodegas-2\/bodegas-felix-cachazo\/carrasvinas-verdejo\/\" tabindex=\"-1\"><img decoding=\"async\" width=\"1102\" height=\"2560\" src=\"https:\/\/www.aribau.es\/wp-content\/uploads\/2021\/02\/CARRASVINAS-VERDEJO-scaled.jpg\" class=\"elementor-animation-grow attachment-full size-full wp-image-7461\" alt=\"\" srcset=\"https:\/\/www.aribau.es\/wp-content\/uploads\/2021\/02\/CARRASVINAS-VERDEJO-scaled.jpg 1102w, https:\/\/www.aribau.es\/wp-content\/uploads\/2021\/02\/CARRASVINAS-VERDEJO-129x300.jpg 129w, https:\/\/www.aribau.es\/wp-content\/uploads\/2021\/02\/CARRASVINAS-VERDEJO-441x1024.jpg 441w, https:\/\/www.aribau.es\/wp-content\/uploads\/2021\/02\/CARRASVINAS-VERDEJO-768x1783.jpg 768w, https:\/\/www.aribau.es\/wp-content\/uploads\/2021\/02\/CARRASVINAS-VERDEJO-661x1536.jpg 661w, https:\/\/www.aribau.es\/wp-content\/uploads\/2021\/02\/CARRASVINAS-VERDEJO-882x2048.jpg 882w\" sizes=\"(max-width: 1102px) 100vw, 1102px\" \/><\/a><\/figure><div class=\"elementor-image-box-content\"><h3 class=\"elementor-image-box-title\"><a href=\"https:\/\/www.aribau.es\/ca\/bodegas-2\/bodegas-felix-cachazo\/carrasvinas-verdejo\/\">CARRASVI\u00d1AS VERDEJO<\/a><\/h3><\/div><\/div>\t\t\t\t<\/div>\n\t\t\t\t<\/div>\n\t\t\t\t\t<\/div>\n\t\t<\/div>\n\t\t\t\t<div class=\"elementor-column elementor-col-25 elementor-top-column elementor-element elementor-element-7b91504b\" data-id=\"7b91504b\" data-element_type=\"column\">\n\t\t\t<div class=\"elementor-widget-wrap elementor-element-populated\">\n\t\t\t\t\t\t<div class=\"elementor-element elementor-element-7d33d31c elementor-position-top elementor-widget elementor-widget-image-box\" data-id=\"7d33d31c\" data-element_type=\"widget\" data-widget_type=\"image-box.default\">\n\t\t\t\t<div class=\"elementor-widget-container\">\n\t\t\t\t\t<div class=\"elementor-image-box-wrapper\"><figure class=\"elementor-image-box-img\"><a href=\"https:\/\/www.aribau.es\/ca\/bodegas-2\/bodegas-felix-cachazo\/mania-rueda\/\" tabindex=\"-1\"><img loading=\"lazy\" decoding=\"async\" width=\"282\" height=\"850\" src=\"https:\/\/www.aribau.es\/wp-content\/uploads\/2021\/02\/MANIA-RUEDA.png\" class=\"elementor-animation-grow attachment-full size-full wp-image-7462\" alt=\"\" srcset=\"https:\/\/www.aribau.es\/wp-content\/uploads\/2021\/02\/MANIA-RUEDA.png 282w, https:\/\/www.aribau.es\/wp-content\/uploads\/2021\/02\/MANIA-RUEDA-100x300.png 100w\" sizes=\"(max-width: 282px) 100vw, 282px\" \/><\/a><\/figure><div class=\"elementor-image-box-content\"><h3 class=\"elementor-image-box-title\"><a href=\"https:\/\/www.aribau.es\/ca\/bodegas-2\/bodegas-felix-cachazo\/mania-rueda\/\">MANIA RUEDA<\/a><\/h3><\/div><\/div>\t\t\t\t<\/div>\n\t\t\t\t<\/div>\n\t\t\t\t\t<\/div>\n\t\t<\/div>\n\t\t\t\t\t<\/div>\n\t\t<\/section>\n\t\t\t\t<section class=\"elementor-section elementor-top-section elementor-element elementor-element-f76de40 elementor-section-boxed elementor-section-height-default elementor-section-height-default\" data-id=\"f76de40\" data-element_type=\"section\">\n\t\t\t\t\t\t<div class=\"elementor-container elementor-column-gap-default\">\n\t\t\t\t\t<div class=\"elementor-column elementor-col-25 elementor-top-column elementor-element elementor-element-868803e\" data-id=\"868803e\" data-element_type=\"column\">\n\t\t\t<div class=\"elementor-widget-wrap elementor-element-populated\">\n\t\t\t\t\t\t<div class=\"elementor-element elementor-element-80a379e elementor-position-top elementor-widget elementor-widget-image-box\" data-id=\"80a379e\" data-element_type=\"widget\" data-widget_type=\"image-box.default\">\n\t\t\t\t<div class=\"elementor-widget-container\">\n\t\t\t\t\t<div class=\"elementor-image-box-wrapper\"><figure class=\"elementor-image-box-img\"><a href=\"https:\/\/www.aribau.es\/ca\/bodegas-2\/bodegas-felix-cachazo\/mania-sauvignon-blanco\/\" tabindex=\"-1\"><img loading=\"lazy\" decoding=\"async\" width=\"282\" height=\"850\" src=\"https:\/\/www.aribau.es\/wp-content\/uploads\/2021\/02\/MANIA-SAUVIGNON-BLANCO.png\" class=\"elementor-animation-grow attachment-full size-full wp-image-7463\" alt=\"\" srcset=\"https:\/\/www.aribau.es\/wp-content\/uploads\/2021\/02\/MANIA-SAUVIGNON-BLANCO.png 282w, https:\/\/www.aribau.es\/wp-content\/uploads\/2021\/02\/MANIA-SAUVIGNON-BLANCO-100x300.png 100w\" sizes=\"(max-width: 282px) 100vw, 282px\" \/><\/a><\/figure><div class=\"elementor-image-box-content\"><h3 class=\"elementor-image-box-title\"><a href=\"https:\/\/www.aribau.es\/ca\/bodegas-2\/bodegas-felix-cachazo\/mania-sauvignon-blanco\/\">MANIA SAUVIGNON BLANC<\/a><\/h3><\/div><\/div>\t\t\t\t<\/div>\n\t\t\t\t<\/div>\n\t\t\t\t\t<\/div>\n\t\t<\/div>\n\t\t\t\t<div class=\"elementor-column elementor-col-25 elementor-top-column elementor-element elementor-element-3c48c27\" data-id=\"3c48c27\" data-element_type=\"column\">\n\t\t\t<div class=\"elementor-widget-wrap elementor-element-populated\">\n\t\t\t\t\t\t<div class=\"elementor-element elementor-element-33f49b1 elementor-position-top elementor-widget elementor-widget-image-box\" data-id=\"33f49b1\" data-element_type=\"widget\" data-widget_type=\"image-box.default\">\n\t\t\t\t<div class=\"elementor-widget-container\">\n\t\t\t\t\t<div class=\"elementor-image-box-wrapper\"><figure class=\"elementor-image-box-img\"><a href=\"https:\/\/www.aribau.es\/ca\/bodegas-2\/bodegas-felix-cachazo\/mania-verdejo\/\" tabindex=\"-1\"><img loading=\"lazy\" decoding=\"async\" width=\"282\" height=\"850\" src=\"https:\/\/www.aribau.es\/wp-content\/uploads\/2021\/02\/MANIA-VERDEJO.png\" class=\"elementor-animation-grow attachment-full size-full wp-image-7464\" alt=\"\" srcset=\"https:\/\/www.aribau.es\/wp-content\/uploads\/2021\/02\/MANIA-VERDEJO.png 282w, https:\/\/www.aribau.es\/wp-content\/uploads\/2021\/02\/MANIA-VERDEJO-100x300.png 100w\" sizes=\"(max-width: 282px) 100vw, 282px\" \/><\/a><\/figure><div class=\"elementor-image-box-content\"><h3 class=\"elementor-image-box-title\"><a href=\"https:\/\/www.aribau.es\/ca\/bodegas-2\/bodegas-felix-cachazo\/mania-verdejo\/\">MANIA VERDEJO<\/a><\/h3><\/div><\/div>\t\t\t\t<\/div>\n\t\t\t\t<\/div>\n\t\t\t\t\t<\/div>\n\t\t<\/div>\n\t\t\t\t<div class=\"elementor-column elementor-col-25 elementor-top-column elementor-element elementor-element-3cb2e66\" data-id=\"3cb2e66\" data-element_type=\"column\">\n\t\t\t<div class=\"elementor-widget-wrap\">\n\t\t\t\t\t\t\t<\/div>\n\t\t<\/div>\n\t\t\t\t<div class=\"elementor-column elementor-col-25 elementor-top-column elementor-element elementor-element-1585dd7\" data-id=\"1585dd7\" data-element_type=\"column\">\n\t\t\t<div class=\"elementor-widget-wrap\">\n\t\t\t\t\t\t\t<\/div>\n\t\t<\/div>\n\t\t\t\t\t<\/div>\n\t\t<\/section>\n\t\t\t\t<\/div>","protected":false},"excerpt":{"rendered":"<p>carrasvi\u00f1as dorado rueda carrasvi\u00f1as fermentado en barrica carrasvi\u00f1as verdejo mania rueda mania sauvignon blanco mania verdejo<\/p>","protected":false},"author":3,"featured_media":0,"parent":0,"menu_order":0,"comment_status":"closed","ping_status":"closed","template":"elementor_header_footer","meta":{"footnotes":""},"class_list":["post-7457","page","type-page","status-publish"],"yoast_head":"<!-- This site is optimized with the Yoast SEO plugin v26.7 - https:\/\/yoast.com\/wordpress\/plugins\/seo\/ -->\n<title>PRODUCTOS FELIX CACHAZO - Aribau<\/title>\n<meta name=\"robots\" content=\"index, follow, max-snippet:-1, max-image-preview:large, max-video-preview:-1\" \/>\n<link rel=\"canonical\" href=\"https:\/\/www.aribau.es\/ca\/productos-felix-cachazo\/\" \/>\n<meta property=\"og:locale\" content=\"ca_ES\" \/>\n<meta property=\"og:type\" content=\"article\" \/>\n<meta property=\"og:title\" content=\"PRODUCTOS FELIX CACHAZO - Aribau\" \/>\n<meta property=\"og:description\" content=\"carrasvi\u00f1as dorado rueda carrasvi\u00f1as fermentado en barrica carrasvi\u00f1as verdejo mania rueda mania sauvignon blanco mania verdejo\" \/>\n<meta property=\"og:url\" content=\"https:\/\/www.aribau.es\/ca\/productos-felix-cachazo\/\" \/>\n<meta property=\"og:site_name\" content=\"Aribau\" \/>\n<meta property=\"article:publisher\" content=\"https:\/\/www.facebook.com\/aribau1964\/\" \/>\n<meta property=\"article:modified_time\" content=\"2021-03-29T21:12:03+00:00\" \/>\n<meta property=\"og:image\" content=\"https:\/\/www.aribau.es\/wp-content\/uploads\/2021\/02\/CARRASVINAS-DORADO-RUEDA.jpg\" \/>\n<meta name=\"twitter:card\" content=\"summary_large_image\" \/>\n<meta name=\"twitter:site\" content=\"@aribau1964\" \/>\n<script type=\"application\/ld+json\" class=\"yoast-schema-graph\">{\"@context\":\"https:\/\/schema.org\",\"@graph\":[{\"@type\":\"WebPage\",\"@id\":\"https:\/\/www.aribau.es\/productos-felix-cachazo\/\",\"url\":\"https:\/\/www.aribau.es\/productos-felix-cachazo\/\",\"name\":\"PRODUCTOS FELIX CACHAZO - Aribau\",\"isPartOf\":{\"@id\":\"https:\/\/www.aribau.es\/#website\"},\"primaryImageOfPage\":{\"@id\":\"https:\/\/www.aribau.es\/productos-felix-cachazo\/#primaryimage\"},\"image\":{\"@id\":\"https:\/\/www.aribau.es\/productos-felix-cachazo\/#primaryimage\"},\"thumbnailUrl\":\"https:\/\/www.aribau.es\/wp-content\/uploads\/2021\/02\/CARRASVINAS-DORADO-RUEDA.jpg\",\"datePublished\":\"2021-02-16T07:55:49+00:00\",\"dateModified\":\"2021-03-29T21:12:03+00:00\",\"breadcrumb\":{\"@id\":\"https:\/\/www.aribau.es\/productos-felix-cachazo\/#breadcrumb\"},\"inLanguage\":\"ca\",\"potentialAction\":[{\"@type\":\"ReadAction\",\"target\":[\"https:\/\/www.aribau.es\/productos-felix-cachazo\/\"]}]},{\"@type\":\"ImageObject\",\"inLanguage\":\"ca\",\"@id\":\"https:\/\/www.aribau.es\/productos-felix-cachazo\/#primaryimage\",\"url\":\"https:\/\/www.aribau.es\/wp-content\/uploads\/2021\/02\/CARRASVINAS-DORADO-RUEDA.jpg\",\"contentUrl\":\"https:\/\/www.aribau.es\/wp-content\/uploads\/2021\/02\/CARRASVINAS-DORADO-RUEDA.jpg\"},{\"@type\":\"BreadcrumbList\",\"@id\":\"https:\/\/www.aribau.es\/productos-felix-cachazo\/#breadcrumb\",\"itemListElement\":[{\"@type\":\"ListItem\",\"position\":1,\"name\":\"Portada\",\"item\":\"https:\/\/www.aribau.es\/\"},{\"@type\":\"ListItem\",\"position\":2,\"name\":\"PRODUCTOS FELIX CACHAZO\"}]},{\"@type\":\"WebSite\",\"@id\":\"https:\/\/www.aribau.es\/#website\",\"url\":\"https:\/\/www.aribau.es\/\",\"name\":\"Aribau\",\"description\":\"VINOS Y BODEGAS\",\"publisher\":{\"@id\":\"https:\/\/www.aribau.es\/#organization\"},\"potentialAction\":[{\"@type\":\"SearchAction\",\"target\":{\"@type\":\"EntryPoint\",\"urlTemplate\":\"https:\/\/www.aribau.es\/?s={search_term_string}\"},\"query-input\":{\"@type\":\"PropertyValueSpecification\",\"valueRequired\":true,\"valueName\":\"search_term_string\"}}],\"inLanguage\":\"ca\"},{\"@type\":\"Organization\",\"@id\":\"https:\/\/www.aribau.es\/#organization\",\"name\":\"Aribau\",\"url\":\"https:\/\/www.aribau.es\/\",\"logo\":{\"@type\":\"ImageObject\",\"inLanguage\":\"ca\",\"@id\":\"https:\/\/www.aribau.es\/#\/schema\/logo\/image\/\",\"url\":\"https:\/\/www.aribau.es\/wp-content\/uploads\/2022\/03\/logo.png\",\"contentUrl\":\"https:\/\/www.aribau.es\/wp-content\/uploads\/2022\/03\/logo.png\",\"width\":300,\"height\":300,\"caption\":\"Aribau\"},\"image\":{\"@id\":\"https:\/\/www.aribau.es\/#\/schema\/logo\/image\/\"},\"sameAs\":[\"https:\/\/www.facebook.com\/aribau1964\/\",\"https:\/\/x.com\/aribau1964\",\"https:\/\/www.instagram.com\/aribau1964\/\"]}]}<\/script>\n<!-- \/ Yoast SEO plugin. -->","yoast_head_json":{"title":"PRODUCTOS FELIX CACHAZO - Aribau","robots":{"index":"index","follow":"follow","max-snippet":"max-snippet:-1","max-image-preview":"max-image-preview:large","max-video-preview":"max-video-preview:-1"},"canonical":"https:\/\/www.aribau.es\/ca\/productos-felix-cachazo\/","og_locale":"ca_ES","og_type":"article","og_title":"PRODUCTOS FELIX CACHAZO - Aribau","og_description":"carrasvi\u00f1as dorado rueda carrasvi\u00f1as fermentado en barrica carrasvi\u00f1as verdejo mania rueda mania sauvignon blanco mania verdejo","og_url":"https:\/\/www.aribau.es\/ca\/productos-felix-cachazo\/","og_site_name":"Aribau","article_publisher":"https:\/\/www.facebook.com\/aribau1964\/","article_modified_time":"2021-03-29T21:12:03+00:00","og_image":[{"url":"https:\/\/www.aribau.es\/wp-content\/uploads\/2021\/02\/CARRASVINAS-DORADO-RUEDA.jpg","type":"","width":"","height":""}],"twitter_card":"summary_large_image","twitter_site":"@aribau1964","schema":{"@context":"https:\/\/schema.org","@graph":[{"@type":"WebPage","@id":"https:\/\/www.aribau.es\/productos-felix-cachazo\/","url":"https:\/\/www.aribau.es\/productos-felix-cachazo\/","name":"PRODUCTOS FELIX CACHAZO - Aribau","isPartOf":{"@id":"https:\/\/www.aribau.es\/#website"},"primaryImageOfPage":{"@id":"https:\/\/www.aribau.es\/productos-felix-cachazo\/#primaryimage"},"image":{"@id":"https:\/\/www.aribau.es\/productos-felix-cachazo\/#primaryimage"},"thumbnailUrl":"https:\/\/www.aribau.es\/wp-content\/uploads\/2021\/02\/CARRASVINAS-DORADO-RUEDA.jpg","datePublished":"2021-02-16T07:55:49+00:00","dateModified":"2021-03-29T21:12:03+00:00","breadcrumb":{"@id":"https:\/\/www.aribau.es\/productos-felix-cachazo\/#breadcrumb"},"inLanguage":"ca","potentialAction":[{"@type":"ReadAction","target":["https:\/\/www.aribau.es\/productos-felix-cachazo\/"]}]},{"@type":"ImageObject","inLanguage":"ca","@id":"https:\/\/www.aribau.es\/productos-felix-cachazo\/#primaryimage","url":"https:\/\/www.aribau.es\/wp-content\/uploads\/2021\/02\/CARRASVINAS-DORADO-RUEDA.jpg","contentUrl":"https:\/\/www.aribau.es\/wp-content\/uploads\/2021\/02\/CARRASVINAS-DORADO-RUEDA.jpg"},{"@type":"BreadcrumbList","@id":"https:\/\/www.aribau.es\/productos-felix-cachazo\/#breadcrumb","itemListElement":[{"@type":"ListItem","position":1,"name":"Portada","item":"https:\/\/www.aribau.es\/"},{"@type":"ListItem","position":2,"name":"PRODUCTOS FELIX CACHAZO"}]},{"@type":"WebSite","@id":"https:\/\/www.aribau.es\/#website","url":"https:\/\/www.aribau.es\/","name":"Aribau","description":"VINOS Y BODEGAS","publisher":{"@id":"https:\/\/www.aribau.es\/#organization"},"potentialAction":[{"@type":"SearchAction","target":{"@type":"EntryPoint","urlTemplate":"https:\/\/www.aribau.es\/?s={search_term_string}"},"query-input":{"@type":"PropertyValueSpecification","valueRequired":true,"valueName":"search_term_string"}}],"inLanguage":"ca"},{"@type":"Organization","@id":"https:\/\/www.aribau.es\/#organization","name":"Aribau","url":"https:\/\/www.aribau.es\/","logo":{"@type":"ImageObject","inLanguage":"ca","@id":"https:\/\/www.aribau.es\/#\/schema\/logo\/image\/","url":"https:\/\/www.aribau.es\/wp-content\/uploads\/2022\/03\/logo.png","contentUrl":"https:\/\/www.aribau.es\/wp-content\/uploads\/2022\/03\/logo.png","width":300,"height":300,"caption":"Aribau"},"image":{"@id":"https:\/\/www.aribau.es\/#\/schema\/logo\/image\/"},"sameAs":["https:\/\/www.facebook.com\/aribau1964\/","https:\/\/x.com\/aribau1964","https:\/\/www.instagram.com\/aribau1964\/"]}]}},"_links":{"self":[{"href":"https:\/\/www.aribau.es\/ca\/wp-json\/wp\/v2\/pages\/7457","targetHints":{"allow":["GET"]}}],"collection":[{"href":"https:\/\/www.aribau.es\/ca\/wp-json\/wp\/v2\/pages"}],"about":[{"href":"https:\/\/www.aribau.es\/ca\/wp-json\/wp\/v2\/types\/page"}],"author":[{"embeddable":true,"href":"https:\/\/www.aribau.es\/ca\/wp-json\/wp\/v2\/users\/3"}],"replies":[{"embeddable":true,"href":"https:\/\/www.aribau.es\/ca\/wp-json\/wp\/v2\/comments?post=7457"}],"version-history":[{"count":7,"href":"https:\/\/www.aribau.es\/ca\/wp-json\/wp\/v2\/pages\/7457\/revisions"}],"predecessor-version":[{"id":8654,"href":"https:\/\/www.aribau.es\/ca\/wp-json\/wp\/v2\/pages\/7457\/revisions\/8654"}],"wp:attachment":[{"href":"https:\/\/www.aribau.es\/ca\/wp-json\/wp\/v2\/media?parent=7457"}],"curies":[{"name":"wp","href":"https:\/\/api.w.org\/{rel}","templated":true}]}}