{"id":8321,"date":"2021-03-29T19:08:10","date_gmt":"2021-03-29T18:08:10","guid":{"rendered":"https:\/\/www.aribau.es\/?page_id=8321"},"modified":"2024-05-13T16:25:31","modified_gmt":"2024-05-13T15:25:31","slug":"intramurs-tinto","status":"publish","type":"page","link":"https:\/\/www.aribau.es\/ca\/bodegas-2\/abadia-de-poblet\/intramurs-tinto\/","title":{"rendered":"INTRAMURS TINTO"},"content":{"rendered":"<div data-elementor-type=\"wp-page\" data-elementor-id=\"8321\" class=\"elementor elementor-8321\">\n\t\t\t\t\t\t<section class=\"elementor-section elementor-top-section elementor-element elementor-element-2bc801f elementor-section-boxed elementor-section-height-default elementor-section-height-default\" data-id=\"2bc801f\" data-element_type=\"section\">\n\t\t\t\t\t\t<div class=\"elementor-container elementor-column-gap-default\">\n\t\t\t\t\t<div class=\"elementor-column elementor-col-100 elementor-top-column elementor-element elementor-element-8935ad1\" data-id=\"8935ad1\" data-element_type=\"column\">\n\t\t\t<div class=\"elementor-widget-wrap elementor-element-populated\">\n\t\t\t\t\t\t<div class=\"elementor-element elementor-element-9feadee elementor-widget elementor-widget-heading\" data-id=\"9feadee\" data-element_type=\"widget\" data-widget_type=\"heading.default\">\n\t\t\t\t<div class=\"elementor-widget-container\">\n\t\t\t\t\t<h1 class=\"elementor-heading-title elementor-size-default\">INTRAMURS NEGRE<\/h1>\t\t\t\t<\/div>\n\t\t\t\t<\/div>\n\t\t\t\t\t<\/div>\n\t\t<\/div>\n\t\t\t\t\t<\/div>\n\t\t<\/section>\n\t\t\t\t<section class=\"elementor-section elementor-top-section elementor-element elementor-element-bad712 elementor-section-boxed elementor-section-height-default elementor-section-height-default elementor-invisible\" data-id=\"bad712\" data-element_type=\"section\" data-settings=\"{&quot;animation&quot;:&quot;fadeInUp&quot;}\">\n\t\t\t\t\t\t<div class=\"elementor-container elementor-column-gap-default\">\n\t\t\t\t\t<div class=\"elementor-column elementor-col-50 elementor-top-column elementor-element elementor-element-4d5e5b05\" data-id=\"4d5e5b05\" data-element_type=\"column\">\n\t\t\t<div class=\"elementor-widget-wrap elementor-element-populated\">\n\t\t\t\t\t\t<div class=\"elementor-element elementor-element-71cb4cd8 elementor-widget elementor-widget-image\" data-id=\"71cb4cd8\" data-element_type=\"widget\" data-widget_type=\"image.default\">\n\t\t\t\t<div class=\"elementor-widget-container\">\n\t\t\t\t\t\t\t\t\t\t\t\t\t\t\t<img fetchpriority=\"high\" decoding=\"async\" width=\"420\" height=\"628\" src=\"https:\/\/www.aribau.es\/wp-content\/uploads\/2021\/02\/INTRAMURS-TINTO.png\" class=\"elementor-animation-grow attachment-large size-large wp-image-7395\" alt=\"\" srcset=\"https:\/\/www.aribau.es\/wp-content\/uploads\/2021\/02\/INTRAMURS-TINTO.png 420w, https:\/\/www.aribau.es\/wp-content\/uploads\/2021\/02\/INTRAMURS-TINTO-201x300.png 201w\" sizes=\"(max-width: 420px) 100vw, 420px\" \/>\t\t\t\t\t\t\t\t\t\t\t\t\t\t\t<\/div>\n\t\t\t\t<\/div>\n\t\t\t\t\t<\/div>\n\t\t<\/div>\n\t\t\t\t<div class=\"elementor-column elementor-col-50 elementor-top-column elementor-element elementor-element-2ef99976\" data-id=\"2ef99976\" data-element_type=\"column\">\n\t\t\t<div class=\"elementor-widget-wrap elementor-element-populated\">\n\t\t\t\t\t\t<div class=\"elementor-element elementor-element-31aacc17 elementor-widget elementor-widget-text-editor\" data-id=\"31aacc17\" data-element_type=\"widget\" data-widget_type=\"text-editor.default\">\n\t\t\t\t<div class=\"elementor-widget-container\">\n\t\t\t\t\t\t\t\t\t<p>VARIETATS DE RA\u00cfM<\/p>\t\t\t\t\t\t\t\t<\/div>\n\t\t\t\t<\/div>\n\t\t\t\t<div class=\"elementor-element elementor-element-335f6b03 elementor-widget elementor-widget-text-editor\" data-id=\"335f6b03\" data-element_type=\"widget\" data-widget_type=\"text-editor.default\">\n\t\t\t\t<div class=\"elementor-widget-container\">\n\t\t\t\t\t\t\t\t\t<p>Ull de llebre, syrah<\/p>\t\t\t\t\t\t\t\t<\/div>\n\t\t\t\t<\/div>\n\t\t\t\t<div class=\"elementor-element elementor-element-544c6ad8 elementor-widget elementor-widget-text-editor\" data-id=\"544c6ad8\" data-element_type=\"widget\" data-widget_type=\"text-editor.default\">\n\t\t\t\t<div class=\"elementor-widget-container\">\n\t\t\t\t\t\t\t\t\t<p>CRIAN\u00c7A<\/p>\t\t\t\t\t\t\t\t<\/div>\n\t\t\t\t<\/div>\n\t\t\t\t<div class=\"elementor-element elementor-element-62ee7eaa elementor-widget elementor-widget-text-editor\" data-id=\"62ee7eaa\" data-element_type=\"widget\" data-widget_type=\"text-editor.default\">\n\t\t\t\t<div class=\"elementor-widget-container\">\n\t\t\t\t\t\t\t\t\t<p>Sense crian\u00e7a<\/p>\t\t\t\t\t\t\t\t<\/div>\n\t\t\t\t<\/div>\n\t\t\t\t<div class=\"elementor-element elementor-element-3281f54b elementor-widget elementor-widget-text-editor\" data-id=\"3281f54b\" data-element_type=\"widget\" data-widget_type=\"text-editor.default\">\n\t\t\t\t<div class=\"elementor-widget-container\">\n\t\t\t\t\t\t\t\t\t<p>DENOMINACI\u00d3 D'ORIGEN<\/p>\t\t\t\t\t\t\t\t<\/div>\n\t\t\t\t<\/div>\n\t\t\t\t<div class=\"elementor-element elementor-element-60733ae4 elementor-widget elementor-widget-image\" data-id=\"60733ae4\" data-element_type=\"widget\" data-widget_type=\"image.default\">\n\t\t\t\t<div class=\"elementor-widget-container\">\n\t\t\t\t\t\t\t\t\t\t\t\t\t\t\t<img decoding=\"async\" width=\"378\" height=\"378\" src=\"https:\/\/www.aribau.es\/wp-content\/uploads\/2021\/03\/DO-CONCA-DE-BARBERA.jpg\" class=\"attachment-full size-full wp-image-8314\" alt=\"\" srcset=\"https:\/\/www.aribau.es\/wp-content\/uploads\/2021\/03\/DO-CONCA-DE-BARBERA.jpg 378w, https:\/\/www.aribau.es\/wp-content\/uploads\/2021\/03\/DO-CONCA-DE-BARBERA-300x300.jpg 300w, https:\/\/www.aribau.es\/wp-content\/uploads\/2021\/03\/DO-CONCA-DE-BARBERA-150x150.jpg 150w\" sizes=\"(max-width: 378px) 100vw, 378px\" \/>\t\t\t\t\t\t\t\t\t\t\t\t\t\t\t<\/div>\n\t\t\t\t<\/div>\n\t\t\t\t<div class=\"elementor-element elementor-element-770bf2cb elementor-widget elementor-widget-text-editor\" data-id=\"770bf2cb\" data-element_type=\"widget\" data-widget_type=\"text-editor.default\">\n\t\t\t\t<div class=\"elementor-widget-container\">\n\t\t\t\t\t\t\t\t\t<p>DESCRIPCI\u00d3<\/p>\t\t\t\t\t\t\t\t<\/div>\n\t\t\t\t<\/div>\n\t\t\t\t<div class=\"elementor-element elementor-element-6aba7b0e elementor-widget elementor-widget-text-editor\" data-id=\"6aba7b0e\" data-element_type=\"widget\" data-widget_type=\"text-editor.default\">\n\t\t\t\t<div class=\"elementor-widget-container\">\n\t\t\t\t\t\t\t\t\t<p>Color picota intens, amb tons porpra, de capa alta, net i brillant. En nas \u00e9s complex, de bona intensitat, amb aromes a fruita vermella madura, confitures i esp\u00e8cies. En boca \u00e9s gener\u00f3s i amb sensacions afruitades molt agradables, fresc i de bona persist\u00e8ncia. El final de boca \u00e9s llarg, amb un bon record de fruites madures.<\/p>\t\t\t\t\t\t\t\t<\/div>\n\t\t\t\t<\/div>\n\t\t\t\t\t<\/div>\n\t\t<\/div>\n\t\t\t\t\t<\/div>\n\t\t<\/section>\n\t\t\t\t<\/div>","protected":false},"excerpt":{"rendered":"<p>Intramurs TINTO variedades de uva Tempranillo, Syrah Crianza Sin crianza Denominaci\u00f3n de origen descripci\u00f3n Color picota intenso, con tonos p\u00farpura, de capa alta, limpio y brillante. En nariz es complejo, de buena intensidad, con aromas a fruta roja madura, confituras y especias. En boca es generoso y con sensaciones afrutadas muy agradables, fresco y de &#8230; <a title=\"INTRAMURS TINTO\" class=\"read-more\" href=\"https:\/\/www.aribau.es\/ca\/bodegas-2\/abadia-de-poblet\/intramurs-tinto\/\" aria-label=\"M\u00e9s informaci\u00f3 sobre INTRAMURS TINTO\">Llegiu m\u00e9s<\/a><\/p>","protected":false},"author":3,"featured_media":0,"parent":7963,"menu_order":0,"comment_status":"closed","ping_status":"closed","template":"elementor_header_footer","meta":{"footnotes":""},"class_list":["post-8321","page","type-page","status-publish"],"yoast_head":"<!-- This site is optimized with the Yoast SEO plugin v26.7 - https:\/\/yoast.com\/wordpress\/plugins\/seo\/ -->\n<title>INTRAMURS TINTO - Aribau<\/title>\n<meta name=\"robots\" content=\"index, follow, max-snippet:-1, max-image-preview:large, max-video-preview:-1\" \/>\n<link rel=\"canonical\" href=\"https:\/\/www.aribau.es\/ca\/bodegas-2\/abadia-de-poblet\/intramurs-tinto\/\" \/>\n<meta property=\"og:locale\" content=\"ca_ES\" \/>\n<meta property=\"og:type\" content=\"article\" \/>\n<meta property=\"og:title\" content=\"INTRAMURS TINTO - Aribau\" \/>\n<meta property=\"og:description\" content=\"Intramurs TINTO variedades de uva Tempranillo, Syrah Crianza Sin crianza Denominaci\u00f3n de origen descripci\u00f3n Color picota intenso, con tonos p\u00farpura, de capa alta, limpio y brillante. En nariz es complejo, de buena intensidad, con aromas a fruta roja madura, confituras y especias. En boca es generoso y con sensaciones afrutadas muy agradables, fresco y de ... Llegiu m\u00e9s\" \/>\n<meta property=\"og:url\" content=\"https:\/\/www.aribau.es\/ca\/bodegas-2\/abadia-de-poblet\/intramurs-tinto\/\" \/>\n<meta property=\"og:site_name\" content=\"Aribau\" \/>\n<meta property=\"article:publisher\" content=\"https:\/\/www.facebook.com\/aribau1964\/\" \/>\n<meta property=\"article:modified_time\" content=\"2024-05-13T15:25:31+00:00\" \/>\n<meta property=\"og:image\" content=\"https:\/\/www.aribau.es\/wp-content\/uploads\/2021\/02\/INTRAMURS-TINTO.png\" \/>\n<meta name=\"twitter:card\" content=\"summary_large_image\" \/>\n<meta name=\"twitter:site\" content=\"@aribau1964\" \/>\n<script type=\"application\/ld+json\" class=\"yoast-schema-graph\">{\"@context\":\"https:\/\/schema.org\",\"@graph\":[{\"@type\":\"WebPage\",\"@id\":\"https:\/\/www.aribau.es\/bodegas-2\/abadia-de-poblet\/intramurs-tinto\/\",\"url\":\"https:\/\/www.aribau.es\/bodegas-2\/abadia-de-poblet\/intramurs-tinto\/\",\"name\":\"INTRAMURS TINTO - Aribau\",\"isPartOf\":{\"@id\":\"https:\/\/www.aribau.es\/#website\"},\"primaryImageOfPage\":{\"@id\":\"https:\/\/www.aribau.es\/bodegas-2\/abadia-de-poblet\/intramurs-tinto\/#primaryimage\"},\"image\":{\"@id\":\"https:\/\/www.aribau.es\/bodegas-2\/abadia-de-poblet\/intramurs-tinto\/#primaryimage\"},\"thumbnailUrl\":\"https:\/\/www.aribau.es\/wp-content\/uploads\/2021\/02\/INTRAMURS-TINTO.png\",\"datePublished\":\"2021-03-29T18:08:10+00:00\",\"dateModified\":\"2024-05-13T15:25:31+00:00\",\"breadcrumb\":{\"@id\":\"https:\/\/www.aribau.es\/bodegas-2\/abadia-de-poblet\/intramurs-tinto\/#breadcrumb\"},\"inLanguage\":\"ca\",\"potentialAction\":[{\"@type\":\"ReadAction\",\"target\":[\"https:\/\/www.aribau.es\/bodegas-2\/abadia-de-poblet\/intramurs-tinto\/\"]}]},{\"@type\":\"ImageObject\",\"inLanguage\":\"ca\",\"@id\":\"https:\/\/www.aribau.es\/bodegas-2\/abadia-de-poblet\/intramurs-tinto\/#primaryimage\",\"url\":\"https:\/\/www.aribau.es\/wp-content\/uploads\/2021\/02\/INTRAMURS-TINTO.png\",\"contentUrl\":\"https:\/\/www.aribau.es\/wp-content\/uploads\/2021\/02\/INTRAMURS-TINTO.png\"},{\"@type\":\"BreadcrumbList\",\"@id\":\"https:\/\/www.aribau.es\/bodegas-2\/abadia-de-poblet\/intramurs-tinto\/#breadcrumb\",\"itemListElement\":[{\"@type\":\"ListItem\",\"position\":1,\"name\":\"Portada\",\"item\":\"https:\/\/www.aribau.es\/\"},{\"@type\":\"ListItem\",\"position\":2,\"name\":\"BODEGAS\",\"item\":\"https:\/\/www.aribau.es\/bodegas-2\/\"},{\"@type\":\"ListItem\",\"position\":3,\"name\":\"ABADIA DE POBLET\",\"item\":\"https:\/\/www.aribau.es\/bodegas-2\/abadia-de-poblet\/\"},{\"@type\":\"ListItem\",\"position\":4,\"name\":\"INTRAMURS TINTO\"}]},{\"@type\":\"WebSite\",\"@id\":\"https:\/\/www.aribau.es\/#website\",\"url\":\"https:\/\/www.aribau.es\/\",\"name\":\"Aribau\",\"description\":\"VINOS Y BODEGAS\",\"publisher\":{\"@id\":\"https:\/\/www.aribau.es\/#organization\"},\"potentialAction\":[{\"@type\":\"SearchAction\",\"target\":{\"@type\":\"EntryPoint\",\"urlTemplate\":\"https:\/\/www.aribau.es\/?s={search_term_string}\"},\"query-input\":{\"@type\":\"PropertyValueSpecification\",\"valueRequired\":true,\"valueName\":\"search_term_string\"}}],\"inLanguage\":\"ca\"},{\"@type\":\"Organization\",\"@id\":\"https:\/\/www.aribau.es\/#organization\",\"name\":\"Aribau\",\"url\":\"https:\/\/www.aribau.es\/\",\"logo\":{\"@type\":\"ImageObject\",\"inLanguage\":\"ca\",\"@id\":\"https:\/\/www.aribau.es\/#\/schema\/logo\/image\/\",\"url\":\"https:\/\/www.aribau.es\/wp-content\/uploads\/2022\/03\/logo.png\",\"contentUrl\":\"https:\/\/www.aribau.es\/wp-content\/uploads\/2022\/03\/logo.png\",\"width\":300,\"height\":300,\"caption\":\"Aribau\"},\"image\":{\"@id\":\"https:\/\/www.aribau.es\/#\/schema\/logo\/image\/\"},\"sameAs\":[\"https:\/\/www.facebook.com\/aribau1964\/\",\"https:\/\/x.com\/aribau1964\",\"https:\/\/www.instagram.com\/aribau1964\/\"]}]}<\/script>\n<!-- \/ Yoast SEO plugin. -->","yoast_head_json":{"title":"INTRAMURS TINTO - Aribau","robots":{"index":"index","follow":"follow","max-snippet":"max-snippet:-1","max-image-preview":"max-image-preview:large","max-video-preview":"max-video-preview:-1"},"canonical":"https:\/\/www.aribau.es\/ca\/bodegas-2\/abadia-de-poblet\/intramurs-tinto\/","og_locale":"ca_ES","og_type":"article","og_title":"INTRAMURS TINTO - Aribau","og_description":"Intramurs TINTO variedades de uva Tempranillo, Syrah Crianza Sin crianza Denominaci\u00f3n de origen descripci\u00f3n Color picota intenso, con tonos p\u00farpura, de capa alta, limpio y brillante. En nariz es complejo, de buena intensidad, con aromas a fruta roja madura, confituras y especias. En boca es generoso y con sensaciones afrutadas muy agradables, fresco y de ... Llegiu m\u00e9s","og_url":"https:\/\/www.aribau.es\/ca\/bodegas-2\/abadia-de-poblet\/intramurs-tinto\/","og_site_name":"Aribau","article_publisher":"https:\/\/www.facebook.com\/aribau1964\/","article_modified_time":"2024-05-13T15:25:31+00:00","og_image":[{"url":"https:\/\/www.aribau.es\/wp-content\/uploads\/2021\/02\/INTRAMURS-TINTO.png","type":"","width":"","height":""}],"twitter_card":"summary_large_image","twitter_site":"@aribau1964","schema":{"@context":"https:\/\/schema.org","@graph":[{"@type":"WebPage","@id":"https:\/\/www.aribau.es\/bodegas-2\/abadia-de-poblet\/intramurs-tinto\/","url":"https:\/\/www.aribau.es\/bodegas-2\/abadia-de-poblet\/intramurs-tinto\/","name":"INTRAMURS TINTO - Aribau","isPartOf":{"@id":"https:\/\/www.aribau.es\/#website"},"primaryImageOfPage":{"@id":"https:\/\/www.aribau.es\/bodegas-2\/abadia-de-poblet\/intramurs-tinto\/#primaryimage"},"image":{"@id":"https:\/\/www.aribau.es\/bodegas-2\/abadia-de-poblet\/intramurs-tinto\/#primaryimage"},"thumbnailUrl":"https:\/\/www.aribau.es\/wp-content\/uploads\/2021\/02\/INTRAMURS-TINTO.png","datePublished":"2021-03-29T18:08:10+00:00","dateModified":"2024-05-13T15:25:31+00:00","breadcrumb":{"@id":"https:\/\/www.aribau.es\/bodegas-2\/abadia-de-poblet\/intramurs-tinto\/#breadcrumb"},"inLanguage":"ca","potentialAction":[{"@type":"ReadAction","target":["https:\/\/www.aribau.es\/bodegas-2\/abadia-de-poblet\/intramurs-tinto\/"]}]},{"@type":"ImageObject","inLanguage":"ca","@id":"https:\/\/www.aribau.es\/bodegas-2\/abadia-de-poblet\/intramurs-tinto\/#primaryimage","url":"https:\/\/www.aribau.es\/wp-content\/uploads\/2021\/02\/INTRAMURS-TINTO.png","contentUrl":"https:\/\/www.aribau.es\/wp-content\/uploads\/2021\/02\/INTRAMURS-TINTO.png"},{"@type":"BreadcrumbList","@id":"https:\/\/www.aribau.es\/bodegas-2\/abadia-de-poblet\/intramurs-tinto\/#breadcrumb","itemListElement":[{"@type":"ListItem","position":1,"name":"Portada","item":"https:\/\/www.aribau.es\/"},{"@type":"ListItem","position":2,"name":"BODEGAS","item":"https:\/\/www.aribau.es\/bodegas-2\/"},{"@type":"ListItem","position":3,"name":"ABADIA DE POBLET","item":"https:\/\/www.aribau.es\/bodegas-2\/abadia-de-poblet\/"},{"@type":"ListItem","position":4,"name":"INTRAMURS TINTO"}]},{"@type":"WebSite","@id":"https:\/\/www.aribau.es\/#website","url":"https:\/\/www.aribau.es\/","name":"Aribau","description":"VINOS Y BODEGAS","publisher":{"@id":"https:\/\/www.aribau.es\/#organization"},"potentialAction":[{"@type":"SearchAction","target":{"@type":"EntryPoint","urlTemplate":"https:\/\/www.aribau.es\/?s={search_term_string}"},"query-input":{"@type":"PropertyValueSpecification","valueRequired":true,"valueName":"search_term_string"}}],"inLanguage":"ca"},{"@type":"Organization","@id":"https:\/\/www.aribau.es\/#organization","name":"Aribau","url":"https:\/\/www.aribau.es\/","logo":{"@type":"ImageObject","inLanguage":"ca","@id":"https:\/\/www.aribau.es\/#\/schema\/logo\/image\/","url":"https:\/\/www.aribau.es\/wp-content\/uploads\/2022\/03\/logo.png","contentUrl":"https:\/\/www.aribau.es\/wp-content\/uploads\/2022\/03\/logo.png","width":300,"height":300,"caption":"Aribau"},"image":{"@id":"https:\/\/www.aribau.es\/#\/schema\/logo\/image\/"},"sameAs":["https:\/\/www.facebook.com\/aribau1964\/","https:\/\/x.com\/aribau1964","https:\/\/www.instagram.com\/aribau1964\/"]}]}},"_links":{"self":[{"href":"https:\/\/www.aribau.es\/ca\/wp-json\/wp\/v2\/pages\/8321","targetHints":{"allow":["GET"]}}],"collection":[{"href":"https:\/\/www.aribau.es\/ca\/wp-json\/wp\/v2\/pages"}],"about":[{"href":"https:\/\/www.aribau.es\/ca\/wp-json\/wp\/v2\/types\/page"}],"author":[{"embeddable":true,"href":"https:\/\/www.aribau.es\/ca\/wp-json\/wp\/v2\/users\/3"}],"replies":[{"embeddable":true,"href":"https:\/\/www.aribau.es\/ca\/wp-json\/wp\/v2\/comments?post=8321"}],"version-history":[{"count":13,"href":"https:\/\/www.aribau.es\/ca\/wp-json\/wp\/v2\/pages\/8321\/revisions"}],"predecessor-version":[{"id":13566,"href":"https:\/\/www.aribau.es\/ca\/wp-json\/wp\/v2\/pages\/8321\/revisions\/13566"}],"up":[{"embeddable":true,"href":"https:\/\/www.aribau.es\/ca\/wp-json\/wp\/v2\/pages\/7963"}],"wp:attachment":[{"href":"https:\/\/www.aribau.es\/ca\/wp-json\/wp\/v2\/media?parent=8321"}],"curies":[{"name":"wp","href":"https:\/\/api.w.org\/{rel}","templated":true}]}}