{"id":8632,"date":"2021-03-29T22:01:34","date_gmt":"2021-03-29T21:01:34","guid":{"rendered":"https:\/\/www.aribau.es\/?page_id=8632"},"modified":"2021-03-29T22:02:56","modified_gmt":"2021-03-29T21:02:56","slug":"mania-sauvignon-blanco","status":"publish","type":"page","link":"https:\/\/www.aribau.es\/ca\/bodegas-2\/bodegas-felix-cachazo\/mania-sauvignon-blanco\/","title":{"rendered":"MANIA SAUVIGNON BLANC"},"content":{"rendered":"<div data-elementor-type=\"wp-page\" data-elementor-id=\"8632\" class=\"elementor elementor-8632\">\n\t\t\t\t\t\t<section class=\"elementor-section elementor-top-section elementor-element elementor-element-3f3159df elementor-section-boxed elementor-section-height-default elementor-section-height-default elementor-invisible\" data-id=\"3f3159df\" data-element_type=\"section\" data-settings=\"{&quot;animation&quot;:&quot;fadeInUp&quot;}\">\n\t\t\t\t\t\t<div class=\"elementor-container elementor-column-gap-default\">\n\t\t\t\t\t<div class=\"elementor-column elementor-col-100 elementor-top-column elementor-element elementor-element-47819992\" data-id=\"47819992\" data-element_type=\"column\">\n\t\t\t<div class=\"elementor-widget-wrap elementor-element-populated\">\n\t\t\t\t\t\t<div class=\"elementor-element elementor-element-1c69ca14 elementor-widget elementor-widget-text-editor\" data-id=\"1c69ca14\" data-element_type=\"widget\" data-widget_type=\"text-editor.default\">\n\t\t\t\t<div class=\"elementor-widget-container\">\n\t\t\t\t\t\t\t\t\t<p>MANIA SAUVIGNON BLANC<\/p>\t\t\t\t\t\t\t\t<\/div>\n\t\t\t\t<\/div>\n\t\t\t\t\t<\/div>\n\t\t<\/div>\n\t\t\t\t\t<\/div>\n\t\t<\/section>\n\t\t\t\t<section class=\"elementor-section elementor-top-section elementor-element elementor-element-676f550b elementor-section-full_width elementor-section-height-default elementor-section-height-default elementor-invisible\" data-id=\"676f550b\" data-element_type=\"section\" data-settings=\"{&quot;animation&quot;:&quot;fadeInUp&quot;}\">\n\t\t\t\t\t\t<div class=\"elementor-container elementor-column-gap-default\">\n\t\t\t\t\t<div class=\"elementor-column elementor-col-50 elementor-top-column elementor-element elementor-element-2fe290eb\" data-id=\"2fe290eb\" data-element_type=\"column\">\n\t\t\t<div class=\"elementor-widget-wrap elementor-element-populated\">\n\t\t\t\t\t\t<div class=\"elementor-element elementor-element-72844064 elementor-widget elementor-widget-image\" data-id=\"72844064\" data-element_type=\"widget\" data-widget_type=\"image.default\">\n\t\t\t\t<div class=\"elementor-widget-container\">\n\t\t\t\t\t\t\t\t\t\t\t\t\t\t\t<img fetchpriority=\"high\" decoding=\"async\" width=\"282\" height=\"850\" src=\"https:\/\/www.aribau.es\/wp-content\/uploads\/2021\/02\/MANIA-SAUVIGNON-BLANCO.png\" class=\"elementor-animation-grow attachment-large size-large wp-image-7463\" alt=\"\" srcset=\"https:\/\/www.aribau.es\/wp-content\/uploads\/2021\/02\/MANIA-SAUVIGNON-BLANCO.png 282w, https:\/\/www.aribau.es\/wp-content\/uploads\/2021\/02\/MANIA-SAUVIGNON-BLANCO-100x300.png 100w\" sizes=\"(max-width: 282px) 100vw, 282px\" \/>\t\t\t\t\t\t\t\t\t\t\t\t\t\t\t<\/div>\n\t\t\t\t<\/div>\n\t\t\t\t\t<\/div>\n\t\t<\/div>\n\t\t\t\t<div class=\"elementor-column elementor-col-50 elementor-top-column elementor-element elementor-element-70da40e1\" data-id=\"70da40e1\" data-element_type=\"column\">\n\t\t\t<div class=\"elementor-widget-wrap elementor-element-populated\">\n\t\t\t\t\t\t<div class=\"elementor-element elementor-element-33c4ad86 elementor-widget elementor-widget-text-editor\" data-id=\"33c4ad86\" data-element_type=\"widget\" data-widget_type=\"text-editor.default\">\n\t\t\t\t<div class=\"elementor-widget-container\">\n\t\t\t\t\t\t\t\t\t<p>VARIETATS DE RA\u00cfM<\/p>\t\t\t\t\t\t\t\t<\/div>\n\t\t\t\t<\/div>\n\t\t\t\t<div class=\"elementor-element elementor-element-331acbfd elementor-widget elementor-widget-text-editor\" data-id=\"331acbfd\" data-element_type=\"widget\" data-widget_type=\"text-editor.default\">\n\t\t\t\t<div class=\"elementor-widget-container\">\n\t\t\t\t\t\t\t\t\t<p>Sauvignon blanc<\/p>\t\t\t\t\t\t\t\t<\/div>\n\t\t\t\t<\/div>\n\t\t\t\t<div class=\"elementor-element elementor-element-55c19957 elementor-widget elementor-widget-text-editor\" data-id=\"55c19957\" data-element_type=\"widget\" data-widget_type=\"text-editor.default\">\n\t\t\t\t<div class=\"elementor-widget-container\">\n\t\t\t\t\t\t\t\t\t<p>CRIAN\u00c7A<\/p>\t\t\t\t\t\t\t\t<\/div>\n\t\t\t\t<\/div>\n\t\t\t\t<div class=\"elementor-element elementor-element-17611250 elementor-widget elementor-widget-text-editor\" data-id=\"17611250\" data-element_type=\"widget\" data-widget_type=\"text-editor.default\">\n\t\t\t\t<div class=\"elementor-widget-container\">\n\t\t\t\t\t\t\t\t\t<p>Sense crian\u00e7a<\/p>\t\t\t\t\t\t\t\t<\/div>\n\t\t\t\t<\/div>\n\t\t\t\t<div class=\"elementor-element elementor-element-38637e6e elementor-widget elementor-widget-text-editor\" data-id=\"38637e6e\" data-element_type=\"widget\" data-widget_type=\"text-editor.default\">\n\t\t\t\t<div class=\"elementor-widget-container\">\n\t\t\t\t\t\t\t\t\t<p>DENOMINACI\u00d3 D'ORIGEN<\/p>\t\t\t\t\t\t\t\t<\/div>\n\t\t\t\t<\/div>\n\t\t\t\t<div class=\"elementor-element elementor-element-191d613f elementor-widget elementor-widget-image\" data-id=\"191d613f\" data-element_type=\"widget\" data-widget_type=\"image.default\">\n\t\t\t\t<div class=\"elementor-widget-container\">\n\t\t\t\t\t\t\t\t\t\t\t\t\t\t\t<img decoding=\"async\" width=\"225\" height=\"225\" src=\"https:\/\/www.aribau.es\/wp-content\/uploads\/2021\/03\/DO-RUEDA.png\" class=\"attachment-full size-full wp-image-8623\" alt=\"\" srcset=\"https:\/\/www.aribau.es\/wp-content\/uploads\/2021\/03\/DO-RUEDA.png 225w, https:\/\/www.aribau.es\/wp-content\/uploads\/2021\/03\/DO-RUEDA-150x150.png 150w\" sizes=\"(max-width: 225px) 100vw, 225px\" \/>\t\t\t\t\t\t\t\t\t\t\t\t\t\t\t<\/div>\n\t\t\t\t<\/div>\n\t\t\t\t<div class=\"elementor-element elementor-element-1fcc8deb elementor-widget elementor-widget-text-editor\" data-id=\"1fcc8deb\" data-element_type=\"widget\" data-widget_type=\"text-editor.default\">\n\t\t\t\t<div class=\"elementor-widget-container\">\n\t\t\t\t\t\t\t\t\t<p>DESCRIPCI\u00d3<\/p>\t\t\t\t\t\t\t\t<\/div>\n\t\t\t\t<\/div>\n\t\t\t\t<div class=\"elementor-element elementor-element-2b0cd19b elementor-widget elementor-widget-text-editor\" data-id=\"2b0cd19b\" data-element_type=\"widget\" data-widget_type=\"text-editor.default\">\n\t\t\t\t<div class=\"elementor-widget-container\">\n\t\t\t\t\t\t\t\t\t<p class=\"MsoNormal\">Groc palla p\u00e0l\u00b7lid amb reflexos verdosos, net i brillant.<o:p><\/o:p><\/p><p class=\"MsoNormal\">Aroma potent de notable intensitat, records bals\u00e0mics, fonoll, herbacis i anisats propis de la varietat verdejo i pres\u00e8ncia de notes de fruita d'os (codony, pr\u00e9ssec) que els aporta la varietat viura.<o:p><\/o:p><\/p><p>\n\n\n\n<\/p><p class=\"MsoNormal\">\u00c9s un vi fresc, afruitat amb sensacions d'albercoc, pr\u00e9ssec, notes d'herbacis frescos, amb una bona estructura i refrescant. Persistent i grat final.<o:p><\/o:p><\/p>\t\t\t\t\t\t\t\t<\/div>\n\t\t\t\t<\/div>\n\t\t\t\t<div class=\"elementor-element elementor-element-7a32a386 elementor-widget elementor-widget-spacer\" data-id=\"7a32a386\" data-element_type=\"widget\" data-widget_type=\"spacer.default\">\n\t\t\t\t<div class=\"elementor-widget-container\">\n\t\t\t\t\t\t\t<div class=\"elementor-spacer\">\n\t\t\t<div class=\"elementor-spacer-inner\"><\/div>\n\t\t<\/div>\n\t\t\t\t\t\t<\/div>\n\t\t\t\t<\/div>\n\t\t\t\t\t<\/div>\n\t\t<\/div>\n\t\t\t\t\t<\/div>\n\t\t<\/section>\n\t\t\t\t<\/div>","protected":false},"excerpt":{"rendered":"<p>MAN\u00cdA SAUVIGNON BLANCO variedades de uva Sauvignon blanco Crianza Sin crianza Denominaci\u00f3n de origen descripci\u00f3n Amarillo pajizo p\u00e1lido con reflejos verdosos, limpio y brillante. Aroma potente de notable intensidad, recuerdos bals\u00e1micos, hinojo, herb\u00e1ceos y anisados propios de la variedad verdejo y presencia de notas de fruta de hueso (membrillo, melocot\u00f3n) que los aporta la variedad &#8230; <a title=\"MANIA SAUVIGNON BLANC\" class=\"read-more\" href=\"https:\/\/www.aribau.es\/ca\/bodegas-2\/bodegas-felix-cachazo\/mania-sauvignon-blanco\/\" aria-label=\"M\u00e9s informaci\u00f3 sobre MAN\u00cdA SAUVIGNON BLANCO\">Llegiu m\u00e9s<\/a><\/p>","protected":false},"author":3,"featured_media":0,"parent":8059,"menu_order":0,"comment_status":"closed","ping_status":"closed","template":"elementor_header_footer","meta":{"footnotes":""},"class_list":["post-8632","page","type-page","status-publish"],"yoast_head":"<!-- This site is optimized with the Yoast SEO plugin v26.7 - https:\/\/yoast.com\/wordpress\/plugins\/seo\/ -->\n<title>MAN\u00cdA SAUVIGNON BLANCO - Aribau<\/title>\n<meta name=\"robots\" content=\"index, follow, max-snippet:-1, max-image-preview:large, max-video-preview:-1\" \/>\n<link rel=\"canonical\" href=\"https:\/\/www.aribau.es\/ca\/bodegas-2\/bodegas-felix-cachazo\/mania-sauvignon-blanco\/\" \/>\n<meta property=\"og:locale\" content=\"ca_ES\" \/>\n<meta property=\"og:type\" content=\"article\" \/>\n<meta property=\"og:title\" content=\"MAN\u00cdA SAUVIGNON BLANCO - Aribau\" \/>\n<meta property=\"og:description\" content=\"MAN\u00cdA SAUVIGNON BLANCO variedades de uva Sauvignon blanco Crianza Sin crianza Denominaci\u00f3n de origen descripci\u00f3n Amarillo pajizo p\u00e1lido con reflejos verdosos, limpio y brillante. Aroma potente de notable intensidad, recuerdos bals\u00e1micos, hinojo, herb\u00e1ceos y anisados propios de la variedad verdejo y presencia de notas de fruta de hueso (membrillo, melocot\u00f3n) que los aporta la variedad ... Llegiu m\u00e9s\" \/>\n<meta property=\"og:url\" content=\"https:\/\/www.aribau.es\/ca\/bodegas-2\/bodegas-felix-cachazo\/mania-sauvignon-blanco\/\" \/>\n<meta property=\"og:site_name\" content=\"Aribau\" \/>\n<meta property=\"article:publisher\" content=\"https:\/\/www.facebook.com\/aribau1964\/\" \/>\n<meta property=\"article:modified_time\" content=\"2021-03-29T21:02:56+00:00\" \/>\n<meta property=\"og:image\" content=\"https:\/\/www.aribau.es\/wp-content\/uploads\/2021\/02\/MANIA-SAUVIGNON-BLANCO.png\" \/>\n<meta name=\"twitter:card\" content=\"summary_large_image\" \/>\n<meta name=\"twitter:site\" content=\"@aribau1964\" \/>\n<script type=\"application\/ld+json\" class=\"yoast-schema-graph\">{\"@context\":\"https:\/\/schema.org\",\"@graph\":[{\"@type\":\"WebPage\",\"@id\":\"https:\/\/www.aribau.es\/bodegas-2\/bodegas-felix-cachazo\/mania-sauvignon-blanco\/\",\"url\":\"https:\/\/www.aribau.es\/bodegas-2\/bodegas-felix-cachazo\/mania-sauvignon-blanco\/\",\"name\":\"MAN\u00cdA SAUVIGNON BLANCO - Aribau\",\"isPartOf\":{\"@id\":\"https:\/\/www.aribau.es\/#website\"},\"primaryImageOfPage\":{\"@id\":\"https:\/\/www.aribau.es\/bodegas-2\/bodegas-felix-cachazo\/mania-sauvignon-blanco\/#primaryimage\"},\"image\":{\"@id\":\"https:\/\/www.aribau.es\/bodegas-2\/bodegas-felix-cachazo\/mania-sauvignon-blanco\/#primaryimage\"},\"thumbnailUrl\":\"https:\/\/www.aribau.es\/wp-content\/uploads\/2021\/02\/MANIA-SAUVIGNON-BLANCO.png\",\"datePublished\":\"2021-03-29T21:01:34+00:00\",\"dateModified\":\"2021-03-29T21:02:56+00:00\",\"breadcrumb\":{\"@id\":\"https:\/\/www.aribau.es\/bodegas-2\/bodegas-felix-cachazo\/mania-sauvignon-blanco\/#breadcrumb\"},\"inLanguage\":\"ca\",\"potentialAction\":[{\"@type\":\"ReadAction\",\"target\":[\"https:\/\/www.aribau.es\/bodegas-2\/bodegas-felix-cachazo\/mania-sauvignon-blanco\/\"]}]},{\"@type\":\"ImageObject\",\"inLanguage\":\"ca\",\"@id\":\"https:\/\/www.aribau.es\/bodegas-2\/bodegas-felix-cachazo\/mania-sauvignon-blanco\/#primaryimage\",\"url\":\"https:\/\/www.aribau.es\/wp-content\/uploads\/2021\/02\/MANIA-SAUVIGNON-BLANCO.png\",\"contentUrl\":\"https:\/\/www.aribau.es\/wp-content\/uploads\/2021\/02\/MANIA-SAUVIGNON-BLANCO.png\"},{\"@type\":\"BreadcrumbList\",\"@id\":\"https:\/\/www.aribau.es\/bodegas-2\/bodegas-felix-cachazo\/mania-sauvignon-blanco\/#breadcrumb\",\"itemListElement\":[{\"@type\":\"ListItem\",\"position\":1,\"name\":\"Portada\",\"item\":\"https:\/\/www.aribau.es\/\"},{\"@type\":\"ListItem\",\"position\":2,\"name\":\"BODEGAS\",\"item\":\"https:\/\/www.aribau.es\/bodegas-2\/\"},{\"@type\":\"ListItem\",\"position\":3,\"name\":\"BODEGAS FELIX CACHAZO\",\"item\":\"https:\/\/www.aribau.es\/bodegas-2\/bodegas-felix-cachazo\/\"},{\"@type\":\"ListItem\",\"position\":4,\"name\":\"MAN\u00cdA SAUVIGNON BLANCO\"}]},{\"@type\":\"WebSite\",\"@id\":\"https:\/\/www.aribau.es\/#website\",\"url\":\"https:\/\/www.aribau.es\/\",\"name\":\"Aribau\",\"description\":\"VINOS Y BODEGAS\",\"publisher\":{\"@id\":\"https:\/\/www.aribau.es\/#organization\"},\"potentialAction\":[{\"@type\":\"SearchAction\",\"target\":{\"@type\":\"EntryPoint\",\"urlTemplate\":\"https:\/\/www.aribau.es\/?s={search_term_string}\"},\"query-input\":{\"@type\":\"PropertyValueSpecification\",\"valueRequired\":true,\"valueName\":\"search_term_string\"}}],\"inLanguage\":\"ca\"},{\"@type\":\"Organization\",\"@id\":\"https:\/\/www.aribau.es\/#organization\",\"name\":\"Aribau\",\"url\":\"https:\/\/www.aribau.es\/\",\"logo\":{\"@type\":\"ImageObject\",\"inLanguage\":\"ca\",\"@id\":\"https:\/\/www.aribau.es\/#\/schema\/logo\/image\/\",\"url\":\"https:\/\/www.aribau.es\/wp-content\/uploads\/2022\/03\/logo.png\",\"contentUrl\":\"https:\/\/www.aribau.es\/wp-content\/uploads\/2022\/03\/logo.png\",\"width\":300,\"height\":300,\"caption\":\"Aribau\"},\"image\":{\"@id\":\"https:\/\/www.aribau.es\/#\/schema\/logo\/image\/\"},\"sameAs\":[\"https:\/\/www.facebook.com\/aribau1964\/\",\"https:\/\/x.com\/aribau1964\",\"https:\/\/www.instagram.com\/aribau1964\/\"]}]}<\/script>\n<!-- \/ Yoast SEO plugin. -->","yoast_head_json":{"title":"MAN\u00cdA SAUVIGNON BLANCO - Aribau","robots":{"index":"index","follow":"follow","max-snippet":"max-snippet:-1","max-image-preview":"max-image-preview:large","max-video-preview":"max-video-preview:-1"},"canonical":"https:\/\/www.aribau.es\/ca\/bodegas-2\/bodegas-felix-cachazo\/mania-sauvignon-blanco\/","og_locale":"ca_ES","og_type":"article","og_title":"MAN\u00cdA SAUVIGNON BLANCO - Aribau","og_description":"MAN\u00cdA SAUVIGNON BLANCO variedades de uva Sauvignon blanco Crianza Sin crianza Denominaci\u00f3n de origen descripci\u00f3n Amarillo pajizo p\u00e1lido con reflejos verdosos, limpio y brillante. Aroma potente de notable intensidad, recuerdos bals\u00e1micos, hinojo, herb\u00e1ceos y anisados propios de la variedad verdejo y presencia de notas de fruta de hueso (membrillo, melocot\u00f3n) que los aporta la variedad ... Llegiu m\u00e9s","og_url":"https:\/\/www.aribau.es\/ca\/bodegas-2\/bodegas-felix-cachazo\/mania-sauvignon-blanco\/","og_site_name":"Aribau","article_publisher":"https:\/\/www.facebook.com\/aribau1964\/","article_modified_time":"2021-03-29T21:02:56+00:00","og_image":[{"url":"https:\/\/www.aribau.es\/wp-content\/uploads\/2021\/02\/MANIA-SAUVIGNON-BLANCO.png","type":"","width":"","height":""}],"twitter_card":"summary_large_image","twitter_site":"@aribau1964","schema":{"@context":"https:\/\/schema.org","@graph":[{"@type":"WebPage","@id":"https:\/\/www.aribau.es\/bodegas-2\/bodegas-felix-cachazo\/mania-sauvignon-blanco\/","url":"https:\/\/www.aribau.es\/bodegas-2\/bodegas-felix-cachazo\/mania-sauvignon-blanco\/","name":"MAN\u00cdA SAUVIGNON BLANCO - Aribau","isPartOf":{"@id":"https:\/\/www.aribau.es\/#website"},"primaryImageOfPage":{"@id":"https:\/\/www.aribau.es\/bodegas-2\/bodegas-felix-cachazo\/mania-sauvignon-blanco\/#primaryimage"},"image":{"@id":"https:\/\/www.aribau.es\/bodegas-2\/bodegas-felix-cachazo\/mania-sauvignon-blanco\/#primaryimage"},"thumbnailUrl":"https:\/\/www.aribau.es\/wp-content\/uploads\/2021\/02\/MANIA-SAUVIGNON-BLANCO.png","datePublished":"2021-03-29T21:01:34+00:00","dateModified":"2021-03-29T21:02:56+00:00","breadcrumb":{"@id":"https:\/\/www.aribau.es\/bodegas-2\/bodegas-felix-cachazo\/mania-sauvignon-blanco\/#breadcrumb"},"inLanguage":"ca","potentialAction":[{"@type":"ReadAction","target":["https:\/\/www.aribau.es\/bodegas-2\/bodegas-felix-cachazo\/mania-sauvignon-blanco\/"]}]},{"@type":"ImageObject","inLanguage":"ca","@id":"https:\/\/www.aribau.es\/bodegas-2\/bodegas-felix-cachazo\/mania-sauvignon-blanco\/#primaryimage","url":"https:\/\/www.aribau.es\/wp-content\/uploads\/2021\/02\/MANIA-SAUVIGNON-BLANCO.png","contentUrl":"https:\/\/www.aribau.es\/wp-content\/uploads\/2021\/02\/MANIA-SAUVIGNON-BLANCO.png"},{"@type":"BreadcrumbList","@id":"https:\/\/www.aribau.es\/bodegas-2\/bodegas-felix-cachazo\/mania-sauvignon-blanco\/#breadcrumb","itemListElement":[{"@type":"ListItem","position":1,"name":"Portada","item":"https:\/\/www.aribau.es\/"},{"@type":"ListItem","position":2,"name":"BODEGAS","item":"https:\/\/www.aribau.es\/bodegas-2\/"},{"@type":"ListItem","position":3,"name":"BODEGAS FELIX CACHAZO","item":"https:\/\/www.aribau.es\/bodegas-2\/bodegas-felix-cachazo\/"},{"@type":"ListItem","position":4,"name":"MAN\u00cdA SAUVIGNON BLANCO"}]},{"@type":"WebSite","@id":"https:\/\/www.aribau.es\/#website","url":"https:\/\/www.aribau.es\/","name":"Aribau","description":"VINOS Y BODEGAS","publisher":{"@id":"https:\/\/www.aribau.es\/#organization"},"potentialAction":[{"@type":"SearchAction","target":{"@type":"EntryPoint","urlTemplate":"https:\/\/www.aribau.es\/?s={search_term_string}"},"query-input":{"@type":"PropertyValueSpecification","valueRequired":true,"valueName":"search_term_string"}}],"inLanguage":"ca"},{"@type":"Organization","@id":"https:\/\/www.aribau.es\/#organization","name":"Aribau","url":"https:\/\/www.aribau.es\/","logo":{"@type":"ImageObject","inLanguage":"ca","@id":"https:\/\/www.aribau.es\/#\/schema\/logo\/image\/","url":"https:\/\/www.aribau.es\/wp-content\/uploads\/2022\/03\/logo.png","contentUrl":"https:\/\/www.aribau.es\/wp-content\/uploads\/2022\/03\/logo.png","width":300,"height":300,"caption":"Aribau"},"image":{"@id":"https:\/\/www.aribau.es\/#\/schema\/logo\/image\/"},"sameAs":["https:\/\/www.facebook.com\/aribau1964\/","https:\/\/x.com\/aribau1964","https:\/\/www.instagram.com\/aribau1964\/"]}]}},"_links":{"self":[{"href":"https:\/\/www.aribau.es\/ca\/wp-json\/wp\/v2\/pages\/8632","targetHints":{"allow":["GET"]}}],"collection":[{"href":"https:\/\/www.aribau.es\/ca\/wp-json\/wp\/v2\/pages"}],"about":[{"href":"https:\/\/www.aribau.es\/ca\/wp-json\/wp\/v2\/types\/page"}],"author":[{"embeddable":true,"href":"https:\/\/www.aribau.es\/ca\/wp-json\/wp\/v2\/users\/3"}],"replies":[{"embeddable":true,"href":"https:\/\/www.aribau.es\/ca\/wp-json\/wp\/v2\/comments?post=8632"}],"version-history":[{"count":4,"href":"https:\/\/www.aribau.es\/ca\/wp-json\/wp\/v2\/pages\/8632\/revisions"}],"predecessor-version":[{"id":8636,"href":"https:\/\/www.aribau.es\/ca\/wp-json\/wp\/v2\/pages\/8632\/revisions\/8636"}],"up":[{"embeddable":true,"href":"https:\/\/www.aribau.es\/ca\/wp-json\/wp\/v2\/pages\/8059"}],"wp:attachment":[{"href":"https:\/\/www.aribau.es\/ca\/wp-json\/wp\/v2\/media?parent=8632"}],"curies":[{"name":"wp","href":"https:\/\/api.w.org\/{rel}","templated":true}]}}