{"id":8647,"date":"2021-03-29T22:07:56","date_gmt":"2021-03-29T21:07:56","guid":{"rendered":"https:\/\/www.aribau.es\/?page_id=8647"},"modified":"2021-03-29T22:10:13","modified_gmt":"2021-03-29T21:10:13","slug":"carrasvinas-dorado-rueda","status":"publish","type":"page","link":"https:\/\/www.aribau.es\/ca\/bodegas-2\/bodegas-felix-cachazo\/carrasvinas-dorado-rueda\/","title":{"rendered":"CARRASVI\u00d1AS DORADO RUEDA"},"content":{"rendered":"<div data-elementor-type=\"wp-page\" data-elementor-id=\"8647\" class=\"elementor elementor-8647\">\n\t\t\t\t\t\t<section class=\"elementor-section elementor-top-section elementor-element elementor-element-652296ad elementor-section-boxed elementor-section-height-default elementor-section-height-default elementor-invisible\" data-id=\"652296ad\" data-element_type=\"section\" data-settings=\"{&quot;animation&quot;:&quot;fadeInUp&quot;}\">\n\t\t\t\t\t\t<div class=\"elementor-container elementor-column-gap-default\">\n\t\t\t\t\t<div class=\"elementor-column elementor-col-100 elementor-top-column elementor-element elementor-element-262f0111\" data-id=\"262f0111\" data-element_type=\"column\">\n\t\t\t<div class=\"elementor-widget-wrap elementor-element-populated\">\n\t\t\t\t\t\t<div class=\"elementor-element elementor-element-6011bec3 elementor-widget elementor-widget-text-editor\" data-id=\"6011bec3\" data-element_type=\"widget\" data-widget_type=\"text-editor.default\">\n\t\t\t\t<div class=\"elementor-widget-container\">\n\t\t\t\t\t\t\t\t\t<p>CARRASVI\u00d1AS DORADO RUEDA<\/p>\t\t\t\t\t\t\t\t<\/div>\n\t\t\t\t<\/div>\n\t\t\t\t\t<\/div>\n\t\t<\/div>\n\t\t\t\t\t<\/div>\n\t\t<\/section>\n\t\t\t\t<section class=\"elementor-section elementor-top-section elementor-element elementor-element-52f4f5b5 elementor-section-full_width elementor-section-height-default elementor-section-height-default elementor-invisible\" data-id=\"52f4f5b5\" data-element_type=\"section\" data-settings=\"{&quot;animation&quot;:&quot;fadeInUp&quot;}\">\n\t\t\t\t\t\t<div class=\"elementor-container elementor-column-gap-default\">\n\t\t\t\t\t<div class=\"elementor-column elementor-col-50 elementor-top-column elementor-element elementor-element-2f3ff8aa\" data-id=\"2f3ff8aa\" data-element_type=\"column\">\n\t\t\t<div class=\"elementor-widget-wrap elementor-element-populated\">\n\t\t\t\t\t\t<div class=\"elementor-element elementor-element-2e2ed0d3 elementor-widget elementor-widget-image\" data-id=\"2e2ed0d3\" data-element_type=\"widget\" data-widget_type=\"image.default\">\n\t\t\t\t<div class=\"elementor-widget-container\">\n\t\t\t\t\t\t\t\t\t\t\t\t\t\t\t<img fetchpriority=\"high\" decoding=\"async\" width=\"338\" height=\"1024\" src=\"https:\/\/www.aribau.es\/wp-content\/uploads\/2021\/02\/CARRASVINAS-DORADO-RUEDA-338x1024.jpg\" class=\"elementor-animation-grow attachment-large size-large wp-image-7459\" alt=\"\" srcset=\"https:\/\/www.aribau.es\/wp-content\/uploads\/2021\/02\/CARRASVINAS-DORADO-RUEDA-338x1024.jpg 338w, https:\/\/www.aribau.es\/wp-content\/uploads\/2021\/02\/CARRASVINAS-DORADO-RUEDA-99x300.jpg 99w, https:\/\/www.aribau.es\/wp-content\/uploads\/2021\/02\/CARRASVINAS-DORADO-RUEDA-507x1536.jpg 507w, https:\/\/www.aribau.es\/wp-content\/uploads\/2021\/02\/CARRASVINAS-DORADO-RUEDA.jpg 562w\" sizes=\"(max-width: 338px) 100vw, 338px\" \/>\t\t\t\t\t\t\t\t\t\t\t\t\t\t\t<\/div>\n\t\t\t\t<\/div>\n\t\t\t\t\t<\/div>\n\t\t<\/div>\n\t\t\t\t<div class=\"elementor-column elementor-col-50 elementor-top-column elementor-element elementor-element-1db28a13\" data-id=\"1db28a13\" data-element_type=\"column\">\n\t\t\t<div class=\"elementor-widget-wrap elementor-element-populated\">\n\t\t\t\t\t\t<div class=\"elementor-element elementor-element-5814294e elementor-widget elementor-widget-text-editor\" data-id=\"5814294e\" data-element_type=\"widget\" data-widget_type=\"text-editor.default\">\n\t\t\t\t<div class=\"elementor-widget-container\">\n\t\t\t\t\t\t\t\t\t<p>VARIETATS DE RA\u00cfM<\/p>\t\t\t\t\t\t\t\t<\/div>\n\t\t\t\t<\/div>\n\t\t\t\t<div class=\"elementor-element elementor-element-200153a8 elementor-widget elementor-widget-text-editor\" data-id=\"200153a8\" data-element_type=\"widget\" data-widget_type=\"text-editor.default\">\n\t\t\t\t<div class=\"elementor-widget-container\">\n\t\t\t\t\t\t\t\t\t<p>Verdejo, palomino fino<\/p>\t\t\t\t\t\t\t\t<\/div>\n\t\t\t\t<\/div>\n\t\t\t\t<div class=\"elementor-element elementor-element-605cff3c elementor-widget elementor-widget-text-editor\" data-id=\"605cff3c\" data-element_type=\"widget\" data-widget_type=\"text-editor.default\">\n\t\t\t\t<div class=\"elementor-widget-container\">\n\t\t\t\t\t\t\t\t\t<p>CRIAN\u00c7A<\/p>\t\t\t\t\t\t\t\t<\/div>\n\t\t\t\t<\/div>\n\t\t\t\t<div class=\"elementor-element elementor-element-2faf5570 elementor-widget elementor-widget-text-editor\" data-id=\"2faf5570\" data-element_type=\"widget\" data-widget_type=\"text-editor.default\">\n\t\t\t\t<div class=\"elementor-widget-container\">\n\t\t\t\t\t\t\t\t\t<p>Crian\u00e7a oxidativa. 18 mesos ampolla<\/p>\t\t\t\t\t\t\t\t<\/div>\n\t\t\t\t<\/div>\n\t\t\t\t<div class=\"elementor-element elementor-element-61e4ba2b elementor-widget elementor-widget-text-editor\" data-id=\"61e4ba2b\" data-element_type=\"widget\" data-widget_type=\"text-editor.default\">\n\t\t\t\t<div class=\"elementor-widget-container\">\n\t\t\t\t\t\t\t\t\t<p>DENOMINACI\u00d3 D'ORIGEN<\/p>\t\t\t\t\t\t\t\t<\/div>\n\t\t\t\t<\/div>\n\t\t\t\t<div class=\"elementor-element elementor-element-6b753c63 elementor-widget elementor-widget-image\" data-id=\"6b753c63\" data-element_type=\"widget\" data-widget_type=\"image.default\">\n\t\t\t\t<div class=\"elementor-widget-container\">\n\t\t\t\t\t\t\t\t\t\t\t\t\t\t\t<img decoding=\"async\" width=\"225\" height=\"225\" src=\"https:\/\/www.aribau.es\/wp-content\/uploads\/2021\/03\/DO-RUEDA.png\" class=\"attachment-full size-full wp-image-8623\" alt=\"\" srcset=\"https:\/\/www.aribau.es\/wp-content\/uploads\/2021\/03\/DO-RUEDA.png 225w, https:\/\/www.aribau.es\/wp-content\/uploads\/2021\/03\/DO-RUEDA-150x150.png 150w\" sizes=\"(max-width: 225px) 100vw, 225px\" \/>\t\t\t\t\t\t\t\t\t\t\t\t\t\t\t<\/div>\n\t\t\t\t<\/div>\n\t\t\t\t<div class=\"elementor-element elementor-element-3f3b3cb elementor-widget elementor-widget-text-editor\" data-id=\"3f3b3cb\" data-element_type=\"widget\" data-widget_type=\"text-editor.default\">\n\t\t\t\t<div class=\"elementor-widget-container\">\n\t\t\t\t\t\t\t\t\t<p>DESCRIPCI\u00d3<\/p>\t\t\t\t\t\t\t\t<\/div>\n\t\t\t\t<\/div>\n\t\t\t\t<div class=\"elementor-element elementor-element-69a758d elementor-widget elementor-widget-text-editor\" data-id=\"69a758d\" data-element_type=\"widget\" data-widget_type=\"text-editor.default\">\n\t\t\t\t<div class=\"elementor-widget-container\">\n\t\t\t\t\t\t\t\t\t<p class=\"MsoNormal\">Presenta un color daurat, net i brillant. Denota la seva alta graduaci\u00f3 alcoh\u00f2lica i la seva crian\u00e7a oxidativa, aix\u00ed com sensacions aportades pel roure utilitzat en la seva elaboraci\u00f3. Apareixen matisos arom\u00e0tics de fruits secs i fons torrats.<o:p><\/o:p><\/p><p>\n\n<\/p><p class=\"MsoNormal\">Es mostren glic\u00e8ric amb una \u00e0mplia gamma de sabors a fruits secs, fons torrats, amb una important complexitat aportada per la seva llarga oxidaci\u00f3 en fusta. \u00c9s llarg, gras i especiat.<o:p><\/o:p><\/p>\t\t\t\t\t\t\t\t<\/div>\n\t\t\t\t<\/div>\n\t\t\t\t<div class=\"elementor-element elementor-element-7d7641c0 elementor-widget elementor-widget-spacer\" data-id=\"7d7641c0\" data-element_type=\"widget\" data-widget_type=\"spacer.default\">\n\t\t\t\t<div class=\"elementor-widget-container\">\n\t\t\t\t\t\t\t<div class=\"elementor-spacer\">\n\t\t\t<div class=\"elementor-spacer-inner\"><\/div>\n\t\t<\/div>\n\t\t\t\t\t\t<\/div>\n\t\t\t\t<\/div>\n\t\t\t\t\t<\/div>\n\t\t<\/div>\n\t\t\t\t\t<\/div>\n\t\t<\/section>\n\t\t\t\t<\/div>","protected":false},"excerpt":{"rendered":"<p>CARRASVI\u00d1AS DORADO RUEDA variedades de uva Verdejo, Palomino fino Crianza Crianza oxidativa. 18 meses botella Denominaci\u00f3n de origen descripci\u00f3n Presenta un color dorado, limpio y brillante. Denota su alta graduaci\u00f3n alcoh\u00f3lica y su crianza oxidativa, as\u00ed como sensaciones aportadas por el roble utilizado en su elaboraci\u00f3n. Aparecen matices arom\u00e1ticos de frutos secos y fondos tostados. &#8230; <a title=\"CARRASVI\u00d1AS DORADO RUEDA\" class=\"read-more\" href=\"https:\/\/www.aribau.es\/ca\/bodegas-2\/bodegas-felix-cachazo\/carrasvinas-dorado-rueda\/\" aria-label=\"M\u00e9s informaci\u00f3 sobre CARRASVI\u00d1AS DORADO RUEDA\">Llegiu m\u00e9s<\/a><\/p>","protected":false},"author":3,"featured_media":0,"parent":8059,"menu_order":0,"comment_status":"closed","ping_status":"closed","template":"elementor_header_footer","meta":{"footnotes":""},"class_list":["post-8647","page","type-page","status-publish"],"yoast_head":"<!-- This site is optimized with the Yoast SEO plugin v26.7 - https:\/\/yoast.com\/wordpress\/plugins\/seo\/ -->\n<title>CARRASVI\u00d1AS DORADO RUEDA - Aribau<\/title>\n<meta name=\"robots\" content=\"index, follow, max-snippet:-1, max-image-preview:large, max-video-preview:-1\" \/>\n<link rel=\"canonical\" href=\"https:\/\/www.aribau.es\/ca\/bodegas-2\/bodegas-felix-cachazo\/carrasvinas-dorado-rueda\/\" \/>\n<meta property=\"og:locale\" content=\"ca_ES\" \/>\n<meta property=\"og:type\" content=\"article\" \/>\n<meta property=\"og:title\" content=\"CARRASVI\u00d1AS DORADO RUEDA - Aribau\" \/>\n<meta property=\"og:description\" content=\"CARRASVI\u00d1AS DORADO RUEDA variedades de uva Verdejo, Palomino fino Crianza Crianza oxidativa. 18 meses botella Denominaci\u00f3n de origen descripci\u00f3n Presenta un color dorado, limpio y brillante. Denota su alta graduaci\u00f3n alcoh\u00f3lica y su crianza oxidativa, as\u00ed como sensaciones aportadas por el roble utilizado en su elaboraci\u00f3n. Aparecen matices arom\u00e1ticos de frutos secos y fondos tostados. ... Llegiu m\u00e9s\" \/>\n<meta property=\"og:url\" content=\"https:\/\/www.aribau.es\/ca\/bodegas-2\/bodegas-felix-cachazo\/carrasvinas-dorado-rueda\/\" \/>\n<meta property=\"og:site_name\" content=\"Aribau\" \/>\n<meta property=\"article:publisher\" content=\"https:\/\/www.facebook.com\/aribau1964\/\" \/>\n<meta property=\"article:modified_time\" content=\"2021-03-29T21:10:13+00:00\" \/>\n<meta property=\"og:image\" content=\"https:\/\/www.aribau.es\/wp-content\/uploads\/2021\/02\/CARRASVINAS-DORADO-RUEDA-338x1024.jpg\" \/>\n<meta name=\"twitter:card\" content=\"summary_large_image\" \/>\n<meta name=\"twitter:site\" content=\"@aribau1964\" \/>\n<script type=\"application\/ld+json\" class=\"yoast-schema-graph\">{\"@context\":\"https:\/\/schema.org\",\"@graph\":[{\"@type\":\"WebPage\",\"@id\":\"https:\/\/www.aribau.es\/bodegas-2\/bodegas-felix-cachazo\/carrasvinas-dorado-rueda\/\",\"url\":\"https:\/\/www.aribau.es\/bodegas-2\/bodegas-felix-cachazo\/carrasvinas-dorado-rueda\/\",\"name\":\"CARRASVI\u00d1AS DORADO RUEDA - Aribau\",\"isPartOf\":{\"@id\":\"https:\/\/www.aribau.es\/#website\"},\"primaryImageOfPage\":{\"@id\":\"https:\/\/www.aribau.es\/bodegas-2\/bodegas-felix-cachazo\/carrasvinas-dorado-rueda\/#primaryimage\"},\"image\":{\"@id\":\"https:\/\/www.aribau.es\/bodegas-2\/bodegas-felix-cachazo\/carrasvinas-dorado-rueda\/#primaryimage\"},\"thumbnailUrl\":\"https:\/\/www.aribau.es\/wp-content\/uploads\/2021\/02\/CARRASVINAS-DORADO-RUEDA-338x1024.jpg\",\"datePublished\":\"2021-03-29T21:07:56+00:00\",\"dateModified\":\"2021-03-29T21:10:13+00:00\",\"breadcrumb\":{\"@id\":\"https:\/\/www.aribau.es\/bodegas-2\/bodegas-felix-cachazo\/carrasvinas-dorado-rueda\/#breadcrumb\"},\"inLanguage\":\"ca\",\"potentialAction\":[{\"@type\":\"ReadAction\",\"target\":[\"https:\/\/www.aribau.es\/bodegas-2\/bodegas-felix-cachazo\/carrasvinas-dorado-rueda\/\"]}]},{\"@type\":\"ImageObject\",\"inLanguage\":\"ca\",\"@id\":\"https:\/\/www.aribau.es\/bodegas-2\/bodegas-felix-cachazo\/carrasvinas-dorado-rueda\/#primaryimage\",\"url\":\"https:\/\/www.aribau.es\/wp-content\/uploads\/2021\/02\/CARRASVINAS-DORADO-RUEDA-338x1024.jpg\",\"contentUrl\":\"https:\/\/www.aribau.es\/wp-content\/uploads\/2021\/02\/CARRASVINAS-DORADO-RUEDA-338x1024.jpg\"},{\"@type\":\"BreadcrumbList\",\"@id\":\"https:\/\/www.aribau.es\/bodegas-2\/bodegas-felix-cachazo\/carrasvinas-dorado-rueda\/#breadcrumb\",\"itemListElement\":[{\"@type\":\"ListItem\",\"position\":1,\"name\":\"Portada\",\"item\":\"https:\/\/www.aribau.es\/\"},{\"@type\":\"ListItem\",\"position\":2,\"name\":\"BODEGAS\",\"item\":\"https:\/\/www.aribau.es\/bodegas-2\/\"},{\"@type\":\"ListItem\",\"position\":3,\"name\":\"BODEGAS FELIX CACHAZO\",\"item\":\"https:\/\/www.aribau.es\/bodegas-2\/bodegas-felix-cachazo\/\"},{\"@type\":\"ListItem\",\"position\":4,\"name\":\"CARRASVI\u00d1AS DORADO RUEDA\"}]},{\"@type\":\"WebSite\",\"@id\":\"https:\/\/www.aribau.es\/#website\",\"url\":\"https:\/\/www.aribau.es\/\",\"name\":\"Aribau\",\"description\":\"VINOS Y BODEGAS\",\"publisher\":{\"@id\":\"https:\/\/www.aribau.es\/#organization\"},\"potentialAction\":[{\"@type\":\"SearchAction\",\"target\":{\"@type\":\"EntryPoint\",\"urlTemplate\":\"https:\/\/www.aribau.es\/?s={search_term_string}\"},\"query-input\":{\"@type\":\"PropertyValueSpecification\",\"valueRequired\":true,\"valueName\":\"search_term_string\"}}],\"inLanguage\":\"ca\"},{\"@type\":\"Organization\",\"@id\":\"https:\/\/www.aribau.es\/#organization\",\"name\":\"Aribau\",\"url\":\"https:\/\/www.aribau.es\/\",\"logo\":{\"@type\":\"ImageObject\",\"inLanguage\":\"ca\",\"@id\":\"https:\/\/www.aribau.es\/#\/schema\/logo\/image\/\",\"url\":\"https:\/\/www.aribau.es\/wp-content\/uploads\/2022\/03\/logo.png\",\"contentUrl\":\"https:\/\/www.aribau.es\/wp-content\/uploads\/2022\/03\/logo.png\",\"width\":300,\"height\":300,\"caption\":\"Aribau\"},\"image\":{\"@id\":\"https:\/\/www.aribau.es\/#\/schema\/logo\/image\/\"},\"sameAs\":[\"https:\/\/www.facebook.com\/aribau1964\/\",\"https:\/\/x.com\/aribau1964\",\"https:\/\/www.instagram.com\/aribau1964\/\"]}]}<\/script>\n<!-- \/ Yoast SEO plugin. -->","yoast_head_json":{"title":"CARRASVI\u00d1AS DORADO RUEDA - Aribau","robots":{"index":"index","follow":"follow","max-snippet":"max-snippet:-1","max-image-preview":"max-image-preview:large","max-video-preview":"max-video-preview:-1"},"canonical":"https:\/\/www.aribau.es\/ca\/bodegas-2\/bodegas-felix-cachazo\/carrasvinas-dorado-rueda\/","og_locale":"ca_ES","og_type":"article","og_title":"CARRASVI\u00d1AS DORADO RUEDA - Aribau","og_description":"CARRASVI\u00d1AS DORADO RUEDA variedades de uva Verdejo, Palomino fino Crianza Crianza oxidativa. 18 meses botella Denominaci\u00f3n de origen descripci\u00f3n Presenta un color dorado, limpio y brillante. Denota su alta graduaci\u00f3n alcoh\u00f3lica y su crianza oxidativa, as\u00ed como sensaciones aportadas por el roble utilizado en su elaboraci\u00f3n. Aparecen matices arom\u00e1ticos de frutos secos y fondos tostados. ... Llegiu m\u00e9s","og_url":"https:\/\/www.aribau.es\/ca\/bodegas-2\/bodegas-felix-cachazo\/carrasvinas-dorado-rueda\/","og_site_name":"Aribau","article_publisher":"https:\/\/www.facebook.com\/aribau1964\/","article_modified_time":"2021-03-29T21:10:13+00:00","og_image":[{"url":"https:\/\/www.aribau.es\/wp-content\/uploads\/2021\/02\/CARRASVINAS-DORADO-RUEDA-338x1024.jpg","type":"","width":"","height":""}],"twitter_card":"summary_large_image","twitter_site":"@aribau1964","schema":{"@context":"https:\/\/schema.org","@graph":[{"@type":"WebPage","@id":"https:\/\/www.aribau.es\/bodegas-2\/bodegas-felix-cachazo\/carrasvinas-dorado-rueda\/","url":"https:\/\/www.aribau.es\/bodegas-2\/bodegas-felix-cachazo\/carrasvinas-dorado-rueda\/","name":"CARRASVI\u00d1AS DORADO RUEDA - Aribau","isPartOf":{"@id":"https:\/\/www.aribau.es\/#website"},"primaryImageOfPage":{"@id":"https:\/\/www.aribau.es\/bodegas-2\/bodegas-felix-cachazo\/carrasvinas-dorado-rueda\/#primaryimage"},"image":{"@id":"https:\/\/www.aribau.es\/bodegas-2\/bodegas-felix-cachazo\/carrasvinas-dorado-rueda\/#primaryimage"},"thumbnailUrl":"https:\/\/www.aribau.es\/wp-content\/uploads\/2021\/02\/CARRASVINAS-DORADO-RUEDA-338x1024.jpg","datePublished":"2021-03-29T21:07:56+00:00","dateModified":"2021-03-29T21:10:13+00:00","breadcrumb":{"@id":"https:\/\/www.aribau.es\/bodegas-2\/bodegas-felix-cachazo\/carrasvinas-dorado-rueda\/#breadcrumb"},"inLanguage":"ca","potentialAction":[{"@type":"ReadAction","target":["https:\/\/www.aribau.es\/bodegas-2\/bodegas-felix-cachazo\/carrasvinas-dorado-rueda\/"]}]},{"@type":"ImageObject","inLanguage":"ca","@id":"https:\/\/www.aribau.es\/bodegas-2\/bodegas-felix-cachazo\/carrasvinas-dorado-rueda\/#primaryimage","url":"https:\/\/www.aribau.es\/wp-content\/uploads\/2021\/02\/CARRASVINAS-DORADO-RUEDA-338x1024.jpg","contentUrl":"https:\/\/www.aribau.es\/wp-content\/uploads\/2021\/02\/CARRASVINAS-DORADO-RUEDA-338x1024.jpg"},{"@type":"BreadcrumbList","@id":"https:\/\/www.aribau.es\/bodegas-2\/bodegas-felix-cachazo\/carrasvinas-dorado-rueda\/#breadcrumb","itemListElement":[{"@type":"ListItem","position":1,"name":"Portada","item":"https:\/\/www.aribau.es\/"},{"@type":"ListItem","position":2,"name":"BODEGAS","item":"https:\/\/www.aribau.es\/bodegas-2\/"},{"@type":"ListItem","position":3,"name":"BODEGAS FELIX CACHAZO","item":"https:\/\/www.aribau.es\/bodegas-2\/bodegas-felix-cachazo\/"},{"@type":"ListItem","position":4,"name":"CARRASVI\u00d1AS DORADO RUEDA"}]},{"@type":"WebSite","@id":"https:\/\/www.aribau.es\/#website","url":"https:\/\/www.aribau.es\/","name":"Aribau","description":"VINOS Y BODEGAS","publisher":{"@id":"https:\/\/www.aribau.es\/#organization"},"potentialAction":[{"@type":"SearchAction","target":{"@type":"EntryPoint","urlTemplate":"https:\/\/www.aribau.es\/?s={search_term_string}"},"query-input":{"@type":"PropertyValueSpecification","valueRequired":true,"valueName":"search_term_string"}}],"inLanguage":"ca"},{"@type":"Organization","@id":"https:\/\/www.aribau.es\/#organization","name":"Aribau","url":"https:\/\/www.aribau.es\/","logo":{"@type":"ImageObject","inLanguage":"ca","@id":"https:\/\/www.aribau.es\/#\/schema\/logo\/image\/","url":"https:\/\/www.aribau.es\/wp-content\/uploads\/2022\/03\/logo.png","contentUrl":"https:\/\/www.aribau.es\/wp-content\/uploads\/2022\/03\/logo.png","width":300,"height":300,"caption":"Aribau"},"image":{"@id":"https:\/\/www.aribau.es\/#\/schema\/logo\/image\/"},"sameAs":["https:\/\/www.facebook.com\/aribau1964\/","https:\/\/x.com\/aribau1964","https:\/\/www.instagram.com\/aribau1964\/"]}]}},"_links":{"self":[{"href":"https:\/\/www.aribau.es\/ca\/wp-json\/wp\/v2\/pages\/8647","targetHints":{"allow":["GET"]}}],"collection":[{"href":"https:\/\/www.aribau.es\/ca\/wp-json\/wp\/v2\/pages"}],"about":[{"href":"https:\/\/www.aribau.es\/ca\/wp-json\/wp\/v2\/types\/page"}],"author":[{"embeddable":true,"href":"https:\/\/www.aribau.es\/ca\/wp-json\/wp\/v2\/users\/3"}],"replies":[{"embeddable":true,"href":"https:\/\/www.aribau.es\/ca\/wp-json\/wp\/v2\/comments?post=8647"}],"version-history":[{"count":4,"href":"https:\/\/www.aribau.es\/ca\/wp-json\/wp\/v2\/pages\/8647\/revisions"}],"predecessor-version":[{"id":8651,"href":"https:\/\/www.aribau.es\/ca\/wp-json\/wp\/v2\/pages\/8647\/revisions\/8651"}],"up":[{"embeddable":true,"href":"https:\/\/www.aribau.es\/ca\/wp-json\/wp\/v2\/pages\/8059"}],"wp:attachment":[{"href":"https:\/\/www.aribau.es\/ca\/wp-json\/wp\/v2\/media?parent=8647"}],"curies":[{"name":"wp","href":"https:\/\/api.w.org\/{rel}","templated":true}]}}