{"id":8842,"date":"2021-03-29T23:53:50","date_gmt":"2021-03-29T22:53:50","guid":{"rendered":"https:\/\/www.aribau.es\/?page_id=8842"},"modified":"2021-06-29T13:34:49","modified_gmt":"2021-06-29T12:34:49","slug":"witty-wines-2","status":"publish","type":"page","link":"https:\/\/www.aribau.es\/ca\/witty-wines-2\/","title":{"rendered":"WITTY WINES"},"content":{"rendered":"<div data-elementor-type=\"wp-page\" data-elementor-id=\"8842\" class=\"elementor elementor-8842\">\n\t\t\t\t\t\t<section class=\"elementor-section elementor-top-section elementor-element elementor-element-77846fa9 elementor-section-content-middle elementor-section-stretched elementor-hidden-tablet elementor-hidden-phone elementor-section-boxed elementor-section-height-default elementor-section-height-default\" data-id=\"77846fa9\" data-element_type=\"section\" data-settings=\"{&quot;stretch_section&quot;:&quot;section-stretched&quot;,&quot;motion_fx_motion_fx_scrolling&quot;:&quot;yes&quot;,&quot;motion_fx_devices&quot;:[&quot;desktop&quot;,&quot;tablet&quot;,&quot;mobile&quot;]}\">\n\t\t\t\t\t\t<div class=\"elementor-container elementor-column-gap-no\">\n\t\t\t\t\t<div class=\"elementor-column elementor-col-100 elementor-top-column elementor-element elementor-element-6434c457\" data-id=\"6434c457\" data-element_type=\"column\" data-settings=\"{&quot;background_background&quot;:&quot;classic&quot;}\">\n\t\t\t<div class=\"elementor-widget-wrap elementor-element-populated\">\n\t\t\t\t\t\t<div class=\"elementor-element elementor-element-29f82c58 elementor-widget elementor-widget-spacer\" data-id=\"29f82c58\" data-element_type=\"widget\" data-widget_type=\"spacer.default\">\n\t\t\t\t<div class=\"elementor-widget-container\">\n\t\t\t\t\t\t\t<div class=\"elementor-spacer\">\n\t\t\t<div class=\"elementor-spacer-inner\"><\/div>\n\t\t<\/div>\n\t\t\t\t\t\t<\/div>\n\t\t\t\t<\/div>\n\t\t\t\t<div class=\"elementor-element elementor-element-6917a2d2 elementor-widget elementor-widget-image\" data-id=\"6917a2d2\" data-element_type=\"widget\" data-widget_type=\"image.default\">\n\t\t\t\t<div class=\"elementor-widget-container\">\n\t\t\t\t\t\t\t\t\t\t\t\t\t\t\t\t<a href=\"https:\/\/www.aribau.es\/ca\/witty-wines\/\">\n\t\t\t\t\t\t\t<img fetchpriority=\"high\" decoding=\"async\" width=\"825\" height=\"159\" src=\"https:\/\/www.aribau.es\/wp-content\/uploads\/2021\/03\/logotip-witty-wines_negre-1024x197.png\" class=\"elementor-animation-pulse-grow attachment-large size-large wp-image-8845\" alt=\"\" srcset=\"https:\/\/www.aribau.es\/wp-content\/uploads\/2021\/03\/logotip-witty-wines_negre-1024x197.png 1024w, https:\/\/www.aribau.es\/wp-content\/uploads\/2021\/03\/logotip-witty-wines_negre-300x58.png 300w, https:\/\/www.aribau.es\/wp-content\/uploads\/2021\/03\/logotip-witty-wines_negre-768x148.png 768w, https:\/\/www.aribau.es\/wp-content\/uploads\/2021\/03\/logotip-witty-wines_negre-1536x296.png 1536w, https:\/\/www.aribau.es\/wp-content\/uploads\/2021\/03\/logotip-witty-wines_negre-2048x395.png 2048w\" sizes=\"(max-width: 825px) 100vw, 825px\" \/>\t\t\t\t\t\t\t\t<\/a>\n\t\t\t\t\t\t\t\t\t\t\t\t\t\t\t<\/div>\n\t\t\t\t<\/div>\n\t\t\t\t\t<\/div>\n\t\t<\/div>\n\t\t\t\t\t<\/div>\n\t\t<\/section>\n\t\t\t\t<section class=\"elementor-section elementor-top-section elementor-element elementor-element-754ab00a elementor-section-content-middle elementor-reverse-mobile elementor-section-stretched elementor-hidden-tablet elementor-hidden-phone elementor-section-boxed elementor-section-height-default elementor-section-height-default\" data-id=\"754ab00a\" data-element_type=\"section\" data-settings=\"{&quot;background_background&quot;:&quot;classic&quot;,&quot;stretch_section&quot;:&quot;section-stretched&quot;}\">\n\t\t\t\t\t\t<div class=\"elementor-container elementor-column-gap-no\">\n\t\t\t\t\t<div class=\"elementor-column elementor-col-100 elementor-top-column elementor-element elementor-element-6ea75cfd\" data-id=\"6ea75cfd\" data-element_type=\"column\" data-settings=\"{&quot;background_background&quot;:&quot;classic&quot;}\">\n\t\t\t<div class=\"elementor-widget-wrap elementor-element-populated\">\n\t\t\t\t\t\t<div class=\"elementor-element elementor-element-158f779a elementor-widget elementor-widget-text-editor\" data-id=\"158f779a\" data-element_type=\"widget\" data-widget_type=\"text-editor.default\">\n\t\t\t\t<div class=\"elementor-widget-container\">\n\t\t\t\t\t\t\t\t\t<p>De la vinya a la copa? O del paladar a la copa?<\/p><p>La traject\u00f2ria habitual d'un vi s'inicia a la vinya, i despr\u00e9s d'un llarg cam\u00ed de treball vit\u00edcola, enol\u00f2gic, de m\u00e0rqueting i comercial, passa per la prestatgeria d'un punt de venda i la taula per finalitzar a la Copa de consumidor.<\/p><p>A la nostra gamma WITTY WINES invertim la traject\u00f2ria tradicional: vam iniciar el recorregut al paladar del consumidor, identificant els sabors i aromes desitjats. Vam idear per a ells una imatge d'acord, procurant acompanyar les caracter\u00edstiques organol\u00e8ptiques de el vi amb una hist\u00f2ria que quedi plasmada en el nom, l'etiqueta i l'ampolla. Coneixent el perfil de consumidor, establim tamb\u00e9 el segment econ\u00f2mic del producte. I nom\u00e9s llavors busquem l'elaborador idoni, a partir del terrer apropiat, per portar a bon port el nostre projecte. Sempre amb les m\u00e0ximes garanties de qualitat i bon fer, mimant el detall.<\/p><p>WITTY WINES \u00e9s sobretot un projecte ple d'il\u00b7lusi\u00f3, amb el qual pretenem aportar frescor, dinamisme i creativitat, proposant un viatge a trav\u00e9s de diferents varietals, zones i estils de vi que complementin l'oferta gastron\u00f2mica, fidelitzant el consumidor amb afecte i bones idees.<\/p><div>\u00a0<\/div>\t\t\t\t\t\t\t\t<\/div>\n\t\t\t\t<\/div>\n\t\t\t\t<div class=\"elementor-element elementor-element-6f69beb0 elementor-align-center elementor-widget elementor-widget-button\" data-id=\"6f69beb0\" data-element_type=\"widget\" data-widget_type=\"button.default\">\n\t\t\t\t<div class=\"elementor-widget-container\">\n\t\t\t\t\t\t\t\t\t<div class=\"elementor-button-wrapper\">\n\t\t\t\t\t<a class=\"elementor-button elementor-button-link elementor-size-sm elementor-animation-grow\" href=\"https:\/\/www.aribau.es\/ca\/witty-wines\/\">\n\t\t\t\t\t\t<span class=\"elementor-button-content-wrapper\">\n\t\t\t\t\t\t\t\t\t<span class=\"elementor-button-text\">PRODUCTES<\/span>\n\t\t\t\t\t<\/span>\n\t\t\t\t\t<\/a>\n\t\t\t\t<\/div>\n\t\t\t\t\t\t\t\t<\/div>\n\t\t\t\t<\/div>\n\t\t\t\t\t<\/div>\n\t\t<\/div>\n\t\t\t\t\t<\/div>\n\t\t<\/section>\n\t\t\t\t<section class=\"elementor-section elementor-top-section elementor-element elementor-element-05fc39e elementor-hidden-desktop elementor-section-boxed elementor-section-height-default elementor-section-height-default\" data-id=\"05fc39e\" data-element_type=\"section\">\n\t\t\t\t\t\t<div class=\"elementor-container elementor-column-gap-default\">\n\t\t\t\t\t<div class=\"elementor-column elementor-col-100 elementor-top-column elementor-element elementor-element-c525594\" data-id=\"c525594\" data-element_type=\"column\">\n\t\t\t<div class=\"elementor-widget-wrap elementor-element-populated\">\n\t\t\t\t\t\t<div class=\"elementor-element elementor-element-eb7f845 elementor-widget elementor-widget-image\" data-id=\"eb7f845\" data-element_type=\"widget\" data-widget_type=\"image.default\">\n\t\t\t\t<div class=\"elementor-widget-container\">\n\t\t\t\t\t\t\t\t\t\t\t\t\t\t\t\t<a href=\"https:\/\/www.aribau.es\/ca\/witty-wines\/\">\n\t\t\t\t\t\t\t<img decoding=\"async\" width=\"825\" height=\"159\" src=\"https:\/\/www.aribau.es\/wp-content\/uploads\/2021\/03\/logotip-witty-wines_negre-1024x197.png\" class=\"attachment-large size-large wp-image-8845\" alt=\"\" srcset=\"https:\/\/www.aribau.es\/wp-content\/uploads\/2021\/03\/logotip-witty-wines_negre-1024x197.png 1024w, https:\/\/www.aribau.es\/wp-content\/uploads\/2021\/03\/logotip-witty-wines_negre-300x58.png 300w, https:\/\/www.aribau.es\/wp-content\/uploads\/2021\/03\/logotip-witty-wines_negre-768x148.png 768w, https:\/\/www.aribau.es\/wp-content\/uploads\/2021\/03\/logotip-witty-wines_negre-1536x296.png 1536w, https:\/\/www.aribau.es\/wp-content\/uploads\/2021\/03\/logotip-witty-wines_negre-2048x395.png 2048w\" sizes=\"(max-width: 825px) 100vw, 825px\" \/>\t\t\t\t\t\t\t\t<\/a>\n\t\t\t\t\t\t\t\t\t\t\t\t\t\t\t<\/div>\n\t\t\t\t<\/div>\n\t\t\t\t\t<\/div>\n\t\t<\/div>\n\t\t\t\t\t<\/div>\n\t\t<\/section>\n\t\t\t\t<section class=\"elementor-section elementor-top-section elementor-element elementor-element-4301162 elementor-section-content-middle elementor-reverse-mobile elementor-section-stretched elementor-hidden-desktop elementor-section-boxed elementor-section-height-default elementor-section-height-default\" data-id=\"4301162\" data-element_type=\"section\" data-settings=\"{&quot;background_background&quot;:&quot;classic&quot;,&quot;stretch_section&quot;:&quot;section-stretched&quot;}\">\n\t\t\t\t\t\t<div class=\"elementor-container elementor-column-gap-no\">\n\t\t\t\t\t<div class=\"elementor-column elementor-col-100 elementor-top-column elementor-element elementor-element-f0d6e4e\" data-id=\"f0d6e4e\" data-element_type=\"column\" data-settings=\"{&quot;background_background&quot;:&quot;classic&quot;}\">\n\t\t\t<div class=\"elementor-widget-wrap elementor-element-populated\">\n\t\t\t\t\t\t<div class=\"elementor-element elementor-element-972041c elementor-widget elementor-widget-text-editor\" data-id=\"972041c\" data-element_type=\"widget\" data-widget_type=\"text-editor.default\">\n\t\t\t\t<div class=\"elementor-widget-container\">\n\t\t\t\t\t\t\t\t\t<p>De la vinya a la copa? O del paladar a la copa?<\/p><p>La traject\u00f2ria habitual d'un vi s'inicia a la vinya, i despr\u00e9s d'un llarg cam\u00ed de treball vit\u00edcola, enol\u00f2gic, de m\u00e0rqueting i comercial, passa per la prestatgeria d'un punt de venda i la taula per finalitzar a la Copa de consumidor.<\/p><p>A la nostra gamma WITTY WINES invertim la traject\u00f2ria tradicional: vam iniciar el recorregut al paladar del consumidor, identificant els sabors i aromes desitjats. Vam idear per a ells una imatge d'acord, procurant acompanyar les caracter\u00edstiques organol\u00e8ptiques de el vi amb una hist\u00f2ria que quedi plasmada en el nom, l'etiqueta i l'ampolla. Coneixent el perfil de consumidor, establim tamb\u00e9 el segment econ\u00f2mic del producte. I nom\u00e9s llavors busquem l'elaborador idoni, a partir del terrer apropiat, per portar a bon port el nostre projecte. Sempre amb les m\u00e0ximes garanties de qualitat i bon fer, mimant el detall.<\/p><p>WITTY WINES \u00e9s sobretot un projecte ple d'il\u00b7lusi\u00f3, amb el qual pretenem aportar frescor, dinamisme i creativitat, proposant un viatge a trav\u00e9s de diferents varietals, zones i estils de vi que complementin l'oferta gastron\u00f2mica, fidelitzant el consumidor amb afecte i bones idees.<\/p><div>\u00a0<\/div>\t\t\t\t\t\t\t\t<\/div>\n\t\t\t\t<\/div>\n\t\t\t\t<div class=\"elementor-element elementor-element-6550a4e elementor-align-center elementor-widget elementor-widget-button\" data-id=\"6550a4e\" data-element_type=\"widget\" data-widget_type=\"button.default\">\n\t\t\t\t<div class=\"elementor-widget-container\">\n\t\t\t\t\t\t\t\t\t<div class=\"elementor-button-wrapper\">\n\t\t\t\t\t<a class=\"elementor-button elementor-button-link elementor-size-sm elementor-animation-grow\" href=\"https:\/\/www.aribau.es\/ca\/witty-wines\/\">\n\t\t\t\t\t\t<span class=\"elementor-button-content-wrapper\">\n\t\t\t\t\t\t\t\t\t<span class=\"elementor-button-text\">PRODUCTES<\/span>\n\t\t\t\t\t<\/span>\n\t\t\t\t\t<\/a>\n\t\t\t\t<\/div>\n\t\t\t\t\t\t\t\t<\/div>\n\t\t\t\t<\/div>\n\t\t\t\t\t<\/div>\n\t\t<\/div>\n\t\t\t\t\t<\/div>\n\t\t<\/section>\n\t\t\t\t<section class=\"elementor-section elementor-top-section elementor-element elementor-element-73769df8 elementor-section-full_width elementor-section-height-default elementor-section-height-default\" data-id=\"73769df8\" data-element_type=\"section\">\n\t\t\t\t\t\t<div class=\"elementor-container elementor-column-gap-default\">\n\t\t\t\t\t<div class=\"elementor-column elementor-col-100 elementor-top-column elementor-element elementor-element-12e6ba18\" data-id=\"12e6ba18\" data-element_type=\"column\">\n\t\t\t<div class=\"elementor-widget-wrap elementor-element-populated\">\n\t\t\t\t\t\t<div class=\"elementor-element elementor-element-56be8615 elementor-widget elementor-widget-spacer\" data-id=\"56be8615\" data-element_type=\"widget\" data-widget_type=\"spacer.default\">\n\t\t\t\t<div class=\"elementor-widget-container\">\n\t\t\t\t\t\t\t<div class=\"elementor-spacer\">\n\t\t\t<div class=\"elementor-spacer-inner\"><\/div>\n\t\t<\/div>\n\t\t\t\t\t\t<\/div>\n\t\t\t\t<\/div>\n\t\t\t\t\t<\/div>\n\t\t<\/div>\n\t\t\t\t\t<\/div>\n\t\t<\/section>\n\t\t\t\t<\/div>","protected":false},"excerpt":{"rendered":"<p>\u00bfDe la vi\u00f1a a la copa? \u00bfO del paladar a la copa? La trayectoria habitual de un vino se inicia en la vi\u00f1a, y tras un largo camino de trabajo vit\u00edcola, enol\u00f3gico, de marketing y comercial, pasa por la estanter\u00eda de un punto de venta y la mesa para finalizar en la copa del consumidor. &#8230; <a title=\"WITTY WINES\" class=\"read-more\" href=\"https:\/\/www.aribau.es\/ca\/witty-wines-2\/\" aria-label=\"M\u00e9s informaci\u00f3 sobre WITTY WINES\">Llegiu m\u00e9s<\/a><\/p>","protected":false},"author":3,"featured_media":0,"parent":0,"menu_order":0,"comment_status":"closed","ping_status":"closed","template":"elementor_header_footer","meta":{"footnotes":""},"class_list":["post-8842","page","type-page","status-publish"],"yoast_head":"<!-- This site is optimized with the Yoast SEO plugin v26.7 - https:\/\/yoast.com\/wordpress\/plugins\/seo\/ -->\n<title>WITTY WINES - Aribau<\/title>\n<meta name=\"robots\" content=\"index, follow, max-snippet:-1, max-image-preview:large, max-video-preview:-1\" \/>\n<link rel=\"canonical\" href=\"https:\/\/www.aribau.es\/ca\/witty-wines-2\/\" \/>\n<meta property=\"og:locale\" content=\"ca_ES\" \/>\n<meta property=\"og:type\" content=\"article\" \/>\n<meta property=\"og:title\" content=\"WITTY WINES - Aribau\" \/>\n<meta property=\"og:description\" content=\"\u00bfDe la vi\u00f1a a la copa? \u00bfO del paladar a la copa? La trayectoria habitual de un vino se inicia en la vi\u00f1a, y tras un largo camino de trabajo vit\u00edcola, enol\u00f3gico, de marketing y comercial, pasa por la estanter\u00eda de un punto de venta y la mesa para finalizar en la copa del consumidor. ... Llegiu m\u00e9s\" \/>\n<meta property=\"og:url\" content=\"https:\/\/www.aribau.es\/ca\/witty-wines-2\/\" \/>\n<meta property=\"og:site_name\" content=\"Aribau\" \/>\n<meta property=\"article:publisher\" content=\"https:\/\/www.facebook.com\/aribau1964\/\" \/>\n<meta property=\"article:modified_time\" content=\"2021-06-29T12:34:49+00:00\" \/>\n<meta property=\"og:image\" content=\"https:\/\/www.aribau.es\/wp-content\/uploads\/2021\/03\/logotip-witty-wines_negre-1024x197.png\" \/>\n<meta name=\"twitter:card\" content=\"summary_large_image\" \/>\n<meta name=\"twitter:site\" content=\"@aribau1964\" \/>\n<meta name=\"twitter:label1\" content=\"Temps estimat de lectura\" \/>\n\t<meta name=\"twitter:data1\" content=\"2 minuts\" \/>\n<script type=\"application\/ld+json\" class=\"yoast-schema-graph\">{\"@context\":\"https:\/\/schema.org\",\"@graph\":[{\"@type\":\"WebPage\",\"@id\":\"https:\/\/www.aribau.es\/witty-wines-2\/\",\"url\":\"https:\/\/www.aribau.es\/witty-wines-2\/\",\"name\":\"WITTY WINES - Aribau\",\"isPartOf\":{\"@id\":\"https:\/\/www.aribau.es\/#website\"},\"primaryImageOfPage\":{\"@id\":\"https:\/\/www.aribau.es\/witty-wines-2\/#primaryimage\"},\"image\":{\"@id\":\"https:\/\/www.aribau.es\/witty-wines-2\/#primaryimage\"},\"thumbnailUrl\":\"https:\/\/www.aribau.es\/wp-content\/uploads\/2021\/03\/logotip-witty-wines_negre-1024x197.png\",\"datePublished\":\"2021-03-29T22:53:50+00:00\",\"dateModified\":\"2021-06-29T12:34:49+00:00\",\"breadcrumb\":{\"@id\":\"https:\/\/www.aribau.es\/witty-wines-2\/#breadcrumb\"},\"inLanguage\":\"ca\",\"potentialAction\":[{\"@type\":\"ReadAction\",\"target\":[\"https:\/\/www.aribau.es\/witty-wines-2\/\"]}]},{\"@type\":\"ImageObject\",\"inLanguage\":\"ca\",\"@id\":\"https:\/\/www.aribau.es\/witty-wines-2\/#primaryimage\",\"url\":\"https:\/\/www.aribau.es\/wp-content\/uploads\/2021\/03\/logotip-witty-wines_negre-1024x197.png\",\"contentUrl\":\"https:\/\/www.aribau.es\/wp-content\/uploads\/2021\/03\/logotip-witty-wines_negre-1024x197.png\"},{\"@type\":\"BreadcrumbList\",\"@id\":\"https:\/\/www.aribau.es\/witty-wines-2\/#breadcrumb\",\"itemListElement\":[{\"@type\":\"ListItem\",\"position\":1,\"name\":\"Portada\",\"item\":\"https:\/\/www.aribau.es\/\"},{\"@type\":\"ListItem\",\"position\":2,\"name\":\"WITTY WINES\"}]},{\"@type\":\"WebSite\",\"@id\":\"https:\/\/www.aribau.es\/#website\",\"url\":\"https:\/\/www.aribau.es\/\",\"name\":\"Aribau\",\"description\":\"VINOS Y BODEGAS\",\"publisher\":{\"@id\":\"https:\/\/www.aribau.es\/#organization\"},\"potentialAction\":[{\"@type\":\"SearchAction\",\"target\":{\"@type\":\"EntryPoint\",\"urlTemplate\":\"https:\/\/www.aribau.es\/?s={search_term_string}\"},\"query-input\":{\"@type\":\"PropertyValueSpecification\",\"valueRequired\":true,\"valueName\":\"search_term_string\"}}],\"inLanguage\":\"ca\"},{\"@type\":\"Organization\",\"@id\":\"https:\/\/www.aribau.es\/#organization\",\"name\":\"Aribau\",\"url\":\"https:\/\/www.aribau.es\/\",\"logo\":{\"@type\":\"ImageObject\",\"inLanguage\":\"ca\",\"@id\":\"https:\/\/www.aribau.es\/#\/schema\/logo\/image\/\",\"url\":\"https:\/\/www.aribau.es\/wp-content\/uploads\/2022\/03\/logo.png\",\"contentUrl\":\"https:\/\/www.aribau.es\/wp-content\/uploads\/2022\/03\/logo.png\",\"width\":300,\"height\":300,\"caption\":\"Aribau\"},\"image\":{\"@id\":\"https:\/\/www.aribau.es\/#\/schema\/logo\/image\/\"},\"sameAs\":[\"https:\/\/www.facebook.com\/aribau1964\/\",\"https:\/\/x.com\/aribau1964\",\"https:\/\/www.instagram.com\/aribau1964\/\"]}]}<\/script>\n<!-- \/ Yoast SEO plugin. -->","yoast_head_json":{"title":"WITTY WINES - Aribau","robots":{"index":"index","follow":"follow","max-snippet":"max-snippet:-1","max-image-preview":"max-image-preview:large","max-video-preview":"max-video-preview:-1"},"canonical":"https:\/\/www.aribau.es\/ca\/witty-wines-2\/","og_locale":"ca_ES","og_type":"article","og_title":"WITTY WINES - Aribau","og_description":"\u00bfDe la vi\u00f1a a la copa? \u00bfO del paladar a la copa? La trayectoria habitual de un vino se inicia en la vi\u00f1a, y tras un largo camino de trabajo vit\u00edcola, enol\u00f3gico, de marketing y comercial, pasa por la estanter\u00eda de un punto de venta y la mesa para finalizar en la copa del consumidor. ... Llegiu m\u00e9s","og_url":"https:\/\/www.aribau.es\/ca\/witty-wines-2\/","og_site_name":"Aribau","article_publisher":"https:\/\/www.facebook.com\/aribau1964\/","article_modified_time":"2021-06-29T12:34:49+00:00","og_image":[{"url":"https:\/\/www.aribau.es\/wp-content\/uploads\/2021\/03\/logotip-witty-wines_negre-1024x197.png","type":"","width":"","height":""}],"twitter_card":"summary_large_image","twitter_site":"@aribau1964","twitter_misc":{"Temps estimat de lectura":"2 minuts"},"schema":{"@context":"https:\/\/schema.org","@graph":[{"@type":"WebPage","@id":"https:\/\/www.aribau.es\/witty-wines-2\/","url":"https:\/\/www.aribau.es\/witty-wines-2\/","name":"WITTY WINES - Aribau","isPartOf":{"@id":"https:\/\/www.aribau.es\/#website"},"primaryImageOfPage":{"@id":"https:\/\/www.aribau.es\/witty-wines-2\/#primaryimage"},"image":{"@id":"https:\/\/www.aribau.es\/witty-wines-2\/#primaryimage"},"thumbnailUrl":"https:\/\/www.aribau.es\/wp-content\/uploads\/2021\/03\/logotip-witty-wines_negre-1024x197.png","datePublished":"2021-03-29T22:53:50+00:00","dateModified":"2021-06-29T12:34:49+00:00","breadcrumb":{"@id":"https:\/\/www.aribau.es\/witty-wines-2\/#breadcrumb"},"inLanguage":"ca","potentialAction":[{"@type":"ReadAction","target":["https:\/\/www.aribau.es\/witty-wines-2\/"]}]},{"@type":"ImageObject","inLanguage":"ca","@id":"https:\/\/www.aribau.es\/witty-wines-2\/#primaryimage","url":"https:\/\/www.aribau.es\/wp-content\/uploads\/2021\/03\/logotip-witty-wines_negre-1024x197.png","contentUrl":"https:\/\/www.aribau.es\/wp-content\/uploads\/2021\/03\/logotip-witty-wines_negre-1024x197.png"},{"@type":"BreadcrumbList","@id":"https:\/\/www.aribau.es\/witty-wines-2\/#breadcrumb","itemListElement":[{"@type":"ListItem","position":1,"name":"Portada","item":"https:\/\/www.aribau.es\/"},{"@type":"ListItem","position":2,"name":"WITTY WINES"}]},{"@type":"WebSite","@id":"https:\/\/www.aribau.es\/#website","url":"https:\/\/www.aribau.es\/","name":"Aribau","description":"VINOS Y BODEGAS","publisher":{"@id":"https:\/\/www.aribau.es\/#organization"},"potentialAction":[{"@type":"SearchAction","target":{"@type":"EntryPoint","urlTemplate":"https:\/\/www.aribau.es\/?s={search_term_string}"},"query-input":{"@type":"PropertyValueSpecification","valueRequired":true,"valueName":"search_term_string"}}],"inLanguage":"ca"},{"@type":"Organization","@id":"https:\/\/www.aribau.es\/#organization","name":"Aribau","url":"https:\/\/www.aribau.es\/","logo":{"@type":"ImageObject","inLanguage":"ca","@id":"https:\/\/www.aribau.es\/#\/schema\/logo\/image\/","url":"https:\/\/www.aribau.es\/wp-content\/uploads\/2022\/03\/logo.png","contentUrl":"https:\/\/www.aribau.es\/wp-content\/uploads\/2022\/03\/logo.png","width":300,"height":300,"caption":"Aribau"},"image":{"@id":"https:\/\/www.aribau.es\/#\/schema\/logo\/image\/"},"sameAs":["https:\/\/www.facebook.com\/aribau1964\/","https:\/\/x.com\/aribau1964","https:\/\/www.instagram.com\/aribau1964\/"]}]}},"_links":{"self":[{"href":"https:\/\/www.aribau.es\/ca\/wp-json\/wp\/v2\/pages\/8842","targetHints":{"allow":["GET"]}}],"collection":[{"href":"https:\/\/www.aribau.es\/ca\/wp-json\/wp\/v2\/pages"}],"about":[{"href":"https:\/\/www.aribau.es\/ca\/wp-json\/wp\/v2\/types\/page"}],"author":[{"embeddable":true,"href":"https:\/\/www.aribau.es\/ca\/wp-json\/wp\/v2\/users\/3"}],"replies":[{"embeddable":true,"href":"https:\/\/www.aribau.es\/ca\/wp-json\/wp\/v2\/comments?post=8842"}],"version-history":[{"count":16,"href":"https:\/\/www.aribau.es\/ca\/wp-json\/wp\/v2\/pages\/8842\/revisions"}],"predecessor-version":[{"id":11739,"href":"https:\/\/www.aribau.es\/ca\/wp-json\/wp\/v2\/pages\/8842\/revisions\/11739"}],"wp:attachment":[{"href":"https:\/\/www.aribau.es\/ca\/wp-json\/wp\/v2\/media?parent=8842"}],"curies":[{"name":"wp","href":"https:\/\/api.w.org\/{rel}","templated":true}]}}