{"id":8901,"date":"2021-03-30T00:25:24","date_gmt":"2021-03-29T23:25:24","guid":{"rendered":"https:\/\/www.aribau.es\/?page_id=8901"},"modified":"2021-06-29T15:17:29","modified_gmt":"2021-06-29T14:17:29","slug":"musugorri-3","status":"publish","type":"page","link":"https:\/\/www.aribau.es\/ca\/musugorri-3\/","title":{"rendered":"MUSUGORRI"},"content":{"rendered":"<div data-elementor-type=\"wp-page\" data-elementor-id=\"8901\" class=\"elementor elementor-8901\">\n\t\t\t\t\t\t<section class=\"elementor-section elementor-top-section elementor-element elementor-element-94aba23 elementor-section-full_width elementor-section-height-default elementor-section-height-default elementor-invisible\" data-id=\"94aba23\" data-element_type=\"section\" data-settings=\"{&quot;animation&quot;:&quot;fadeInUp&quot;}\">\n\t\t\t\t\t\t<div class=\"elementor-container elementor-column-gap-default\">\n\t\t\t\t\t<div class=\"elementor-column elementor-col-50 elementor-top-column elementor-element elementor-element-7b311dc2\" data-id=\"7b311dc2\" data-element_type=\"column\" data-settings=\"{&quot;background_background&quot;:&quot;classic&quot;}\">\n\t\t\t<div class=\"elementor-widget-wrap\">\n\t\t\t\t\t\t\t<\/div>\n\t\t<\/div>\n\t\t\t\t<div class=\"elementor-column elementor-col-50 elementor-top-column elementor-element elementor-element-4150219b\" data-id=\"4150219b\" data-element_type=\"column\" data-settings=\"{&quot;background_background&quot;:&quot;classic&quot;}\">\n\t\t\t<div class=\"elementor-widget-wrap elementor-element-populated\">\n\t\t\t\t\t\t<div class=\"elementor-element elementor-element-40d3361 elementor-widget elementor-widget-spacer\" data-id=\"40d3361\" data-element_type=\"widget\" data-widget_type=\"spacer.default\">\n\t\t\t\t<div class=\"elementor-widget-container\">\n\t\t\t\t\t\t\t<div class=\"elementor-spacer\">\n\t\t\t<div class=\"elementor-spacer-inner\"><\/div>\n\t\t<\/div>\n\t\t\t\t\t\t<\/div>\n\t\t\t\t<\/div>\n\t\t\t\t<div class=\"elementor-element elementor-element-e147b07 elementor-widget elementor-widget-image\" data-id=\"e147b07\" data-element_type=\"widget\" data-widget_type=\"image.default\">\n\t\t\t\t<div class=\"elementor-widget-container\">\n\t\t\t\t\t\t\t\t\t\t\t\t\t\t\t\t<a href=\"https:\/\/www.aribau.es\/ca\/witty-wines\/\">\n\t\t\t\t\t\t\t<img fetchpriority=\"high\" decoding=\"async\" width=\"825\" height=\"159\" src=\"https:\/\/www.aribau.es\/wp-content\/uploads\/2021\/06\/image-1024x197.png\" class=\"attachment-large size-large wp-image-11745\" alt=\"\" srcset=\"https:\/\/www.aribau.es\/wp-content\/uploads\/2021\/06\/image-1024x197.png 1024w, https:\/\/www.aribau.es\/wp-content\/uploads\/2021\/06\/image-300x58.png 300w, https:\/\/www.aribau.es\/wp-content\/uploads\/2021\/06\/image-768x148.png 768w, https:\/\/www.aribau.es\/wp-content\/uploads\/2021\/06\/image-1536x296.png 1536w, https:\/\/www.aribau.es\/wp-content\/uploads\/2021\/06\/image-2048x395.png 2048w, https:\/\/www.aribau.es\/wp-content\/uploads\/2021\/06\/image-16x3.png 16w\" sizes=\"(max-width: 825px) 100vw, 825px\" \/>\t\t\t\t\t\t\t\t<\/a>\n\t\t\t\t\t\t\t\t\t\t\t\t\t\t\t<\/div>\n\t\t\t\t<\/div>\n\t\t\t\t<div class=\"elementor-element elementor-element-1a7b30b elementor-widget elementor-widget-image\" data-id=\"1a7b30b\" data-element_type=\"widget\" data-widget_type=\"image.default\">\n\t\t\t\t<div class=\"elementor-widget-container\">\n\t\t\t\t\t\t\t\t\t\t\t\t\t\t\t<img decoding=\"async\" width=\"825\" height=\"553\" src=\"https:\/\/www.aribau.es\/wp-content\/uploads\/2021\/06\/musugorri-1024x687.png\" class=\"attachment-large size-large wp-image-11753\" alt=\"\" srcset=\"https:\/\/www.aribau.es\/wp-content\/uploads\/2021\/06\/musugorri-1024x687.png 1024w, https:\/\/www.aribau.es\/wp-content\/uploads\/2021\/06\/musugorri-300x201.png 300w, https:\/\/www.aribau.es\/wp-content\/uploads\/2021\/06\/musugorri-768x516.png 768w, https:\/\/www.aribau.es\/wp-content\/uploads\/2021\/06\/musugorri-1536x1031.png 1536w, https:\/\/www.aribau.es\/wp-content\/uploads\/2021\/06\/musugorri-16x12.png 16w, https:\/\/www.aribau.es\/wp-content\/uploads\/2021\/06\/musugorri.png 1676w\" sizes=\"(max-width: 825px) 100vw, 825px\" \/>\t\t\t\t\t\t\t\t\t\t\t\t\t\t\t<\/div>\n\t\t\t\t<\/div>\n\t\t\t\t<div class=\"elementor-element elementor-element-17e4e428 elementor-invisible elementor-widget elementor-widget-text-editor\" data-id=\"17e4e428\" data-element_type=\"widget\" data-settings=\"{&quot;_animation&quot;:&quot;fadeIn&quot;}\" data-widget_type=\"text-editor.default\">\n\t\t\t\t<div class=\"elementor-widget-container\">\n\t\t\t\t\t\t\t\t\t<p>MUSUGORRI en basc vol dir \"galtes vermelles\". Com aquests que se'ns posen a tots quan prenem un bon vermut, o els que caracteritzen els nens sans. Quan vam descobrir aquesta paraula, vam saber que era l'expressi\u00f3 perfecta per al nostre projecte.<\/p>\n<p>MUSUGORRI compleix amb tres objectius clars:&nbsp;<\/p>\n<p>1. Per descomptat, oferir un vermut que estigu\u00e9s a l'altura dels millors. MUSUGORRI \u00e9s un vermut aut\u00e8ntic i singular, fidel reflex de la seva zona de proced\u00e8ncia, la Secuita, un poblet encantador que est\u00e0 molt a prop de Reus. S'elabora de manera tradicional i 100% natural. Els 30 bot\u00e0nics que utilitzem per a la seva maceraci\u00f3 li aporten unes aromes i sabors complexos i purs, amb car\u00e0cter mediterrani. El seu suau amargor i delicat dol\u00e7or li confereixen un sabor equilibrat i persistent.<\/p>\n<p>2. Col\u00b7laborar amb la sostenibilitat de l'entorn: MUSUGORRI es presenta en dos formats:<\/p>\n<p>o El format BAG IN BOX de 10 litres t\u00e9 una mida vers\u00e0til i c\u00f2mode. Sempre bolcats en el detall, ens hem esfor\u00e7at perqu\u00e8 el seu disseny sigui bonic i atractiu, i que llueixi en lloc visible en els vostres establiments. Amb aquest format tot s\u00f3n avantatges: permet conservar totes les propietats del vermut impedint que la llum o l'aire alterin el producte una vegada obert (de 6 a 8 setmanes). I, a m\u00e9s, \u00e9s mediambientalment sostenible, ja que, al substituir pel seu equivalent en ampolles de vidre, minimitzem la nostra petjada de carboni de forma notable.<\/p>\n<p>o Unes ampolles est\u00e8ticament cuidades per vendre i servir el nostre vermut com es mereix. Les ampolles ens ajuden a potenciar la reutilitzaci\u00f3 d'envasos, tan necess\u00e0ria en aquests temps.&nbsp;&nbsp;<\/p>\n<p>3. Col\u00b7laborar amb una causa solid\u00e0ria en ajuda de la inf\u00e0ncia: destinem una part dels beneficis obtinguts amb la seva venda a les associacions que recapten fons per a la investigaci\u00f3 contra el c\u00e0ncer infantil a l'Hospital Sant Joan de D\u00e9u. Cada any vam lliurar la recaptaci\u00f3 a una associaci\u00f3 diferent, ja que cadascuna d'elles lluita per una l\u00ednia d'investigaci\u00f3, i totes necessiten ajuda. Anima't, acompanya'ns i ajuda'ns a aconseguir m\u00e9s nens amb galtes vermells!<\/p><p><br><\/p>\n<div>&nbsp;<\/div>\t\t\t\t\t\t\t\t<\/div>\n\t\t\t\t<\/div>\n\t\t\t\t<div class=\"elementor-element elementor-element-30af1428 elementor-align-center animated-fast elementor-widget elementor-widget-button\" data-id=\"30af1428\" data-element_type=\"widget\" data-settings=\"{&quot;_animation&quot;:&quot;none&quot;}\" data-widget_type=\"button.default\">\n\t\t\t\t<div class=\"elementor-widget-container\">\n\t\t\t\t\t\t\t\t\t<div class=\"elementor-button-wrapper\">\n\t\t\t\t\t<a class=\"elementor-button elementor-button-link elementor-size-xs elementor-animation-grow\" href=\"https:\/\/www.aribau.es\/ca\/ficha-tecnica-musugorri\/\">\n\t\t\t\t\t\t<span class=\"elementor-button-content-wrapper\">\n\t\t\t\t\t\t\t\t\t<span class=\"elementor-button-text\">FITXA T\u00c8CNICA<\/span>\n\t\t\t\t\t<\/span>\n\t\t\t\t\t<\/a>\n\t\t\t\t<\/div>\n\t\t\t\t\t\t\t\t<\/div>\n\t\t\t\t<\/div>\n\t\t\t\t<div class=\"elementor-element elementor-element-32f06b6 elementor-widget elementor-widget-spacer\" data-id=\"32f06b6\" data-element_type=\"widget\" data-widget_type=\"spacer.default\">\n\t\t\t\t<div class=\"elementor-widget-container\">\n\t\t\t\t\t\t\t<div class=\"elementor-spacer\">\n\t\t\t<div class=\"elementor-spacer-inner\"><\/div>\n\t\t<\/div>\n\t\t\t\t\t\t<\/div>\n\t\t\t\t<\/div>\n\t\t\t\t\t<\/div>\n\t\t<\/div>\n\t\t\t\t\t<\/div>\n\t\t<\/section>\n\t\t\t\t<section class=\"elementor-section elementor-top-section elementor-element elementor-element-39a50fb elementor-section-boxed elementor-section-height-default elementor-section-height-default\" data-id=\"39a50fb\" data-element_type=\"section\">\n\t\t\t\t\t\t<div class=\"elementor-container elementor-column-gap-default\">\n\t\t\t\t\t<div class=\"elementor-column elementor-col-100 elementor-top-column elementor-element elementor-element-4364624\" data-id=\"4364624\" data-element_type=\"column\">\n\t\t\t<div class=\"elementor-widget-wrap elementor-element-populated\">\n\t\t\t\t\t\t<div class=\"elementor-element elementor-element-120336d elementor-widget elementor-widget-spacer\" data-id=\"120336d\" data-element_type=\"widget\" data-widget_type=\"spacer.default\">\n\t\t\t\t<div class=\"elementor-widget-container\">\n\t\t\t\t\t\t\t<div class=\"elementor-spacer\">\n\t\t\t<div class=\"elementor-spacer-inner\"><\/div>\n\t\t<\/div>\n\t\t\t\t\t\t<\/div>\n\t\t\t\t<\/div>\n\t\t\t\t\t<\/div>\n\t\t<\/div>\n\t\t\t\t\t<\/div>\n\t\t<\/section>\n\t\t\t\t<\/div>","protected":false},"excerpt":{"rendered":"<p>MUSUGORRI en euskera significa \u201cmofletes rojos\u201d.&nbsp; Como \u00e9stos que se nos ponen a todos cuando tomamos un buen vermut, o los que caracterizan a los ni\u00f1os rollizos y sanotes. Cuando descubrimos esta palabra, supimos que era la expresi\u00f3n perfecta para nuestro proyecto. MUSUGORRI cumple con tres objetivos claros:&nbsp; 1. Por supuesto, ofrecer un vermut que &#8230; <a title=\"MUSUGORRI\" class=\"read-more\" href=\"https:\/\/www.aribau.es\/ca\/musugorri-3\/\" aria-label=\"M\u00e9s informaci\u00f3 sobre MUSUGORRI\">Llegiu m\u00e9s<\/a><\/p>","protected":false},"author":3,"featured_media":0,"parent":0,"menu_order":0,"comment_status":"closed","ping_status":"closed","template":"elementor_header_footer","meta":{"footnotes":""},"class_list":["post-8901","page","type-page","status-publish"],"yoast_head":"<!-- This site is optimized with the Yoast SEO plugin v26.7 - https:\/\/yoast.com\/wordpress\/plugins\/seo\/ -->\n<title>MUSUGORRI - Aribau<\/title>\n<meta name=\"robots\" content=\"index, follow, max-snippet:-1, max-image-preview:large, max-video-preview:-1\" \/>\n<link rel=\"canonical\" href=\"https:\/\/www.aribau.es\/ca\/musugorri-3\/\" \/>\n<meta property=\"og:locale\" content=\"ca_ES\" \/>\n<meta property=\"og:type\" content=\"article\" \/>\n<meta property=\"og:title\" content=\"MUSUGORRI - Aribau\" \/>\n<meta property=\"og:description\" content=\"MUSUGORRI en euskera significa \u201cmofletes rojos\u201d.&nbsp; Como \u00e9stos que se nos ponen a todos cuando tomamos un buen vermut, o los que caracterizan a los ni\u00f1os rollizos y sanotes. Cuando descubrimos esta palabra, supimos que era la expresi\u00f3n perfecta para nuestro proyecto. MUSUGORRI cumple con tres objetivos claros:&nbsp; 1. Por supuesto, ofrecer un vermut que ... Llegiu m\u00e9s\" \/>\n<meta property=\"og:url\" content=\"https:\/\/www.aribau.es\/ca\/musugorri-3\/\" \/>\n<meta property=\"og:site_name\" content=\"Aribau\" \/>\n<meta property=\"article:publisher\" content=\"https:\/\/www.facebook.com\/aribau1964\/\" \/>\n<meta property=\"article:modified_time\" content=\"2021-06-29T14:17:29+00:00\" \/>\n<meta property=\"og:image\" content=\"https:\/\/www.aribau.es\/wp-content\/uploads\/2021\/06\/image-1024x197.png\" \/>\n<meta name=\"twitter:card\" content=\"summary_large_image\" \/>\n<meta name=\"twitter:site\" content=\"@aribau1964\" \/>\n<meta name=\"twitter:label1\" content=\"Temps estimat de lectura\" \/>\n\t<meta name=\"twitter:data1\" content=\"2 minuts\" \/>\n<script type=\"application\/ld+json\" class=\"yoast-schema-graph\">{\"@context\":\"https:\/\/schema.org\",\"@graph\":[{\"@type\":\"WebPage\",\"@id\":\"https:\/\/www.aribau.es\/musugorri-3\/\",\"url\":\"https:\/\/www.aribau.es\/musugorri-3\/\",\"name\":\"MUSUGORRI - Aribau\",\"isPartOf\":{\"@id\":\"https:\/\/www.aribau.es\/#website\"},\"primaryImageOfPage\":{\"@id\":\"https:\/\/www.aribau.es\/musugorri-3\/#primaryimage\"},\"image\":{\"@id\":\"https:\/\/www.aribau.es\/musugorri-3\/#primaryimage\"},\"thumbnailUrl\":\"https:\/\/www.aribau.es\/wp-content\/uploads\/2021\/06\/image-1024x197.png\",\"datePublished\":\"2021-03-29T23:25:24+00:00\",\"dateModified\":\"2021-06-29T14:17:29+00:00\",\"breadcrumb\":{\"@id\":\"https:\/\/www.aribau.es\/musugorri-3\/#breadcrumb\"},\"inLanguage\":\"ca\",\"potentialAction\":[{\"@type\":\"ReadAction\",\"target\":[\"https:\/\/www.aribau.es\/musugorri-3\/\"]}]},{\"@type\":\"ImageObject\",\"inLanguage\":\"ca\",\"@id\":\"https:\/\/www.aribau.es\/musugorri-3\/#primaryimage\",\"url\":\"https:\/\/www.aribau.es\/wp-content\/uploads\/2021\/06\/image-1024x197.png\",\"contentUrl\":\"https:\/\/www.aribau.es\/wp-content\/uploads\/2021\/06\/image-1024x197.png\"},{\"@type\":\"BreadcrumbList\",\"@id\":\"https:\/\/www.aribau.es\/musugorri-3\/#breadcrumb\",\"itemListElement\":[{\"@type\":\"ListItem\",\"position\":1,\"name\":\"Portada\",\"item\":\"https:\/\/www.aribau.es\/\"},{\"@type\":\"ListItem\",\"position\":2,\"name\":\"MUSUGORRI\"}]},{\"@type\":\"WebSite\",\"@id\":\"https:\/\/www.aribau.es\/#website\",\"url\":\"https:\/\/www.aribau.es\/\",\"name\":\"Aribau\",\"description\":\"VINOS Y BODEGAS\",\"publisher\":{\"@id\":\"https:\/\/www.aribau.es\/#organization\"},\"potentialAction\":[{\"@type\":\"SearchAction\",\"target\":{\"@type\":\"EntryPoint\",\"urlTemplate\":\"https:\/\/www.aribau.es\/?s={search_term_string}\"},\"query-input\":{\"@type\":\"PropertyValueSpecification\",\"valueRequired\":true,\"valueName\":\"search_term_string\"}}],\"inLanguage\":\"ca\"},{\"@type\":\"Organization\",\"@id\":\"https:\/\/www.aribau.es\/#organization\",\"name\":\"Aribau\",\"url\":\"https:\/\/www.aribau.es\/\",\"logo\":{\"@type\":\"ImageObject\",\"inLanguage\":\"ca\",\"@id\":\"https:\/\/www.aribau.es\/#\/schema\/logo\/image\/\",\"url\":\"https:\/\/www.aribau.es\/wp-content\/uploads\/2022\/03\/logo.png\",\"contentUrl\":\"https:\/\/www.aribau.es\/wp-content\/uploads\/2022\/03\/logo.png\",\"width\":300,\"height\":300,\"caption\":\"Aribau\"},\"image\":{\"@id\":\"https:\/\/www.aribau.es\/#\/schema\/logo\/image\/\"},\"sameAs\":[\"https:\/\/www.facebook.com\/aribau1964\/\",\"https:\/\/x.com\/aribau1964\",\"https:\/\/www.instagram.com\/aribau1964\/\"]}]}<\/script>\n<!-- \/ Yoast SEO plugin. -->","yoast_head_json":{"title":"MUSUGORRI - Aribau","robots":{"index":"index","follow":"follow","max-snippet":"max-snippet:-1","max-image-preview":"max-image-preview:large","max-video-preview":"max-video-preview:-1"},"canonical":"https:\/\/www.aribau.es\/ca\/musugorri-3\/","og_locale":"ca_ES","og_type":"article","og_title":"MUSUGORRI - Aribau","og_description":"MUSUGORRI en euskera significa \u201cmofletes rojos\u201d.&nbsp; Como \u00e9stos que se nos ponen a todos cuando tomamos un buen vermut, o los que caracterizan a los ni\u00f1os rollizos y sanotes. Cuando descubrimos esta palabra, supimos que era la expresi\u00f3n perfecta para nuestro proyecto. MUSUGORRI cumple con tres objetivos claros:&nbsp; 1. Por supuesto, ofrecer un vermut que ... Llegiu m\u00e9s","og_url":"https:\/\/www.aribau.es\/ca\/musugorri-3\/","og_site_name":"Aribau","article_publisher":"https:\/\/www.facebook.com\/aribau1964\/","article_modified_time":"2021-06-29T14:17:29+00:00","og_image":[{"url":"https:\/\/www.aribau.es\/wp-content\/uploads\/2021\/06\/image-1024x197.png","type":"","width":"","height":""}],"twitter_card":"summary_large_image","twitter_site":"@aribau1964","twitter_misc":{"Temps estimat de lectura":"2 minuts"},"schema":{"@context":"https:\/\/schema.org","@graph":[{"@type":"WebPage","@id":"https:\/\/www.aribau.es\/musugorri-3\/","url":"https:\/\/www.aribau.es\/musugorri-3\/","name":"MUSUGORRI - Aribau","isPartOf":{"@id":"https:\/\/www.aribau.es\/#website"},"primaryImageOfPage":{"@id":"https:\/\/www.aribau.es\/musugorri-3\/#primaryimage"},"image":{"@id":"https:\/\/www.aribau.es\/musugorri-3\/#primaryimage"},"thumbnailUrl":"https:\/\/www.aribau.es\/wp-content\/uploads\/2021\/06\/image-1024x197.png","datePublished":"2021-03-29T23:25:24+00:00","dateModified":"2021-06-29T14:17:29+00:00","breadcrumb":{"@id":"https:\/\/www.aribau.es\/musugorri-3\/#breadcrumb"},"inLanguage":"ca","potentialAction":[{"@type":"ReadAction","target":["https:\/\/www.aribau.es\/musugorri-3\/"]}]},{"@type":"ImageObject","inLanguage":"ca","@id":"https:\/\/www.aribau.es\/musugorri-3\/#primaryimage","url":"https:\/\/www.aribau.es\/wp-content\/uploads\/2021\/06\/image-1024x197.png","contentUrl":"https:\/\/www.aribau.es\/wp-content\/uploads\/2021\/06\/image-1024x197.png"},{"@type":"BreadcrumbList","@id":"https:\/\/www.aribau.es\/musugorri-3\/#breadcrumb","itemListElement":[{"@type":"ListItem","position":1,"name":"Portada","item":"https:\/\/www.aribau.es\/"},{"@type":"ListItem","position":2,"name":"MUSUGORRI"}]},{"@type":"WebSite","@id":"https:\/\/www.aribau.es\/#website","url":"https:\/\/www.aribau.es\/","name":"Aribau","description":"VINOS Y BODEGAS","publisher":{"@id":"https:\/\/www.aribau.es\/#organization"},"potentialAction":[{"@type":"SearchAction","target":{"@type":"EntryPoint","urlTemplate":"https:\/\/www.aribau.es\/?s={search_term_string}"},"query-input":{"@type":"PropertyValueSpecification","valueRequired":true,"valueName":"search_term_string"}}],"inLanguage":"ca"},{"@type":"Organization","@id":"https:\/\/www.aribau.es\/#organization","name":"Aribau","url":"https:\/\/www.aribau.es\/","logo":{"@type":"ImageObject","inLanguage":"ca","@id":"https:\/\/www.aribau.es\/#\/schema\/logo\/image\/","url":"https:\/\/www.aribau.es\/wp-content\/uploads\/2022\/03\/logo.png","contentUrl":"https:\/\/www.aribau.es\/wp-content\/uploads\/2022\/03\/logo.png","width":300,"height":300,"caption":"Aribau"},"image":{"@id":"https:\/\/www.aribau.es\/#\/schema\/logo\/image\/"},"sameAs":["https:\/\/www.facebook.com\/aribau1964\/","https:\/\/x.com\/aribau1964","https:\/\/www.instagram.com\/aribau1964\/"]}]}},"_links":{"self":[{"href":"https:\/\/www.aribau.es\/ca\/wp-json\/wp\/v2\/pages\/8901","targetHints":{"allow":["GET"]}}],"collection":[{"href":"https:\/\/www.aribau.es\/ca\/wp-json\/wp\/v2\/pages"}],"about":[{"href":"https:\/\/www.aribau.es\/ca\/wp-json\/wp\/v2\/types\/page"}],"author":[{"embeddable":true,"href":"https:\/\/www.aribau.es\/ca\/wp-json\/wp\/v2\/users\/3"}],"replies":[{"embeddable":true,"href":"https:\/\/www.aribau.es\/ca\/wp-json\/wp\/v2\/comments?post=8901"}],"version-history":[{"count":22,"href":"https:\/\/www.aribau.es\/ca\/wp-json\/wp\/v2\/pages\/8901\/revisions"}],"predecessor-version":[{"id":11759,"href":"https:\/\/www.aribau.es\/ca\/wp-json\/wp\/v2\/pages\/8901\/revisions\/11759"}],"wp:attachment":[{"href":"https:\/\/www.aribau.es\/ca\/wp-json\/wp\/v2\/media?parent=8901"}],"curies":[{"name":"wp","href":"https:\/\/api.w.org\/{rel}","templated":true}]}}