{"id":8932,"date":"2021-03-30T00:45:30","date_gmt":"2021-03-29T23:45:30","guid":{"rendered":"https:\/\/www.aribau.es\/?page_id=8932"},"modified":"2021-06-29T15:57:13","modified_gmt":"2021-06-29T14:57:13","slug":"cargol-treu-banya-2","status":"publish","type":"page","link":"https:\/\/www.aribau.es\/ca\/cargol-treu-banya-2\/","title":{"rendered":"CARGOL TREU BANYA"},"content":{"rendered":"<div data-elementor-type=\"wp-page\" data-elementor-id=\"8932\" class=\"elementor elementor-8932\">\n\t\t\t\t\t\t<section class=\"elementor-section elementor-top-section elementor-element elementor-element-32367ddc elementor-section-full_width elementor-section-height-default elementor-section-height-default elementor-invisible\" data-id=\"32367ddc\" data-element_type=\"section\" data-settings=\"{&quot;animation&quot;:&quot;fadeInUp&quot;}\">\n\t\t\t\t\t\t<div class=\"elementor-container elementor-column-gap-default\">\n\t\t\t\t\t<div class=\"elementor-column elementor-col-50 elementor-top-column elementor-element elementor-element-4f0a4974\" data-id=\"4f0a4974\" data-element_type=\"column\" data-settings=\"{&quot;background_background&quot;:&quot;classic&quot;}\">\n\t\t\t<div class=\"elementor-widget-wrap\">\n\t\t\t\t\t\t\t<\/div>\n\t\t<\/div>\n\t\t\t\t<div class=\"elementor-column elementor-col-50 elementor-top-column elementor-element elementor-element-6dcf011c\" data-id=\"6dcf011c\" data-element_type=\"column\" data-settings=\"{&quot;background_background&quot;:&quot;classic&quot;}\">\n\t\t\t<div class=\"elementor-widget-wrap elementor-element-populated\">\n\t\t\t\t\t\t<div class=\"elementor-element elementor-element-e663658 elementor-widget elementor-widget-spacer\" data-id=\"e663658\" data-element_type=\"widget\" data-widget_type=\"spacer.default\">\n\t\t\t\t<div class=\"elementor-widget-container\">\n\t\t\t\t\t\t\t<div class=\"elementor-spacer\">\n\t\t\t<div class=\"elementor-spacer-inner\"><\/div>\n\t\t<\/div>\n\t\t\t\t\t\t<\/div>\n\t\t\t\t<\/div>\n\t\t\t\t<div class=\"elementor-element elementor-element-264bbd8 elementor-widget elementor-widget-image\" data-id=\"264bbd8\" data-element_type=\"widget\" data-widget_type=\"image.default\">\n\t\t\t\t<div class=\"elementor-widget-container\">\n\t\t\t\t\t\t\t\t\t\t\t\t\t\t\t\t<a href=\"https:\/\/www.aribau.es\/ca\/witty-wines\/\">\n\t\t\t\t\t\t\t<img fetchpriority=\"high\" decoding=\"async\" width=\"825\" height=\"159\" src=\"https:\/\/www.aribau.es\/wp-content\/uploads\/2021\/06\/image-1024x197.png\" class=\"attachment-large size-large wp-image-11745\" alt=\"\" srcset=\"https:\/\/www.aribau.es\/wp-content\/uploads\/2021\/06\/image-1024x197.png 1024w, https:\/\/www.aribau.es\/wp-content\/uploads\/2021\/06\/image-300x58.png 300w, https:\/\/www.aribau.es\/wp-content\/uploads\/2021\/06\/image-768x148.png 768w, https:\/\/www.aribau.es\/wp-content\/uploads\/2021\/06\/image-1536x296.png 1536w, https:\/\/www.aribau.es\/wp-content\/uploads\/2021\/06\/image-2048x395.png 2048w, https:\/\/www.aribau.es\/wp-content\/uploads\/2021\/06\/image-16x3.png 16w\" sizes=\"(max-width: 825px) 100vw, 825px\" \/>\t\t\t\t\t\t\t\t<\/a>\n\t\t\t\t\t\t\t\t\t\t\t\t\t\t\t<\/div>\n\t\t\t\t<\/div>\n\t\t\t\t<div class=\"elementor-element elementor-element-020eaf5 elementor-widget elementor-widget-image\" data-id=\"020eaf5\" data-element_type=\"widget\" data-widget_type=\"image.default\">\n\t\t\t\t<div class=\"elementor-widget-container\">\n\t\t\t\t\t\t\t\t\t\t\t\t\t\t\t<img decoding=\"async\" width=\"825\" height=\"304\" src=\"https:\/\/www.aribau.es\/wp-content\/uploads\/2021\/06\/image-4-1024x377.png\" class=\"attachment-large size-large wp-image-11787\" alt=\"\" srcset=\"https:\/\/www.aribau.es\/wp-content\/uploads\/2021\/06\/image-4-1024x377.png 1024w, https:\/\/www.aribau.es\/wp-content\/uploads\/2021\/06\/image-4-300x111.png 300w, https:\/\/www.aribau.es\/wp-content\/uploads\/2021\/06\/image-4-768x283.png 768w, https:\/\/www.aribau.es\/wp-content\/uploads\/2021\/06\/image-4-1536x566.png 1536w, https:\/\/www.aribau.es\/wp-content\/uploads\/2021\/06\/image-4-16x6.png 16w, https:\/\/www.aribau.es\/wp-content\/uploads\/2021\/06\/image-4.png 2000w\" sizes=\"(max-width: 825px) 100vw, 825px\" \/>\t\t\t\t\t\t\t\t\t\t\t\t\t\t\t<\/div>\n\t\t\t\t<\/div>\n\t\t\t\t<div class=\"elementor-element elementor-element-bf56d8c elementor-invisible elementor-widget elementor-widget-text-editor\" data-id=\"bf56d8c\" data-element_type=\"widget\" data-settings=\"{&quot;_animation&quot;:&quot;fadeIn&quot;}\" data-widget_type=\"text-editor.default\">\n\t\t\t\t<div class=\"elementor-widget-container\">\n\t\t\t\t\t\t\t\t\t<p>Els ra\u00efms es vinifiquen per separat en funci\u00f3 del seu grau de maduraci\u00f3 fen\u00f2lica, maceraci\u00f3 prefermentativa en fred durant 48 h a 10 \u00baC, fermentaci\u00f3 a temperatura controlada de 25 \u00baC i maceraci\u00f3 durant 18-30 dies en funci\u00f3 de la varietat amb remuntats diaris i pigeage manual. Posterior crian\u00e7a en b\u00f3ta de roure franc\u00e8s (85%) i americ\u00e0 (15%) durant 6 mesos.<\/p><p>Marcat en aromes, despr\u00e9s de les notes de fruits vermells i negres madurs (mora, pruna seca, cassis) amb cert record de confitura, apareixen notes terci\u00e0ries derivades de la crian\u00e7a en b\u00f3ta com torrats i fumats, recordo de carb\u00f3 i bosc humits, esp\u00e8cies dolces i bolet sec.<\/p>\t\t\t\t\t\t\t\t<\/div>\n\t\t\t\t<\/div>\n\t\t\t\t<div class=\"elementor-element elementor-element-53789161 elementor-align-center elementor-widget elementor-widget-button\" data-id=\"53789161\" data-element_type=\"widget\" data-settings=\"{&quot;_animation&quot;:&quot;none&quot;}\" data-widget_type=\"button.default\">\n\t\t\t\t<div class=\"elementor-widget-container\">\n\t\t\t\t\t\t\t\t\t<div class=\"elementor-button-wrapper\">\n\t\t\t\t\t<a class=\"elementor-button elementor-button-link elementor-size-xs elementor-animation-grow\" href=\"https:\/\/www.aribau.es\/ca\/ficha-tecnica-cargol-treu-banya\/\">\n\t\t\t\t\t\t<span class=\"elementor-button-content-wrapper\">\n\t\t\t\t\t\t\t\t\t<span class=\"elementor-button-text\">FITXA T\u00c8CNICA<\/span>\n\t\t\t\t\t<\/span>\n\t\t\t\t\t<\/a>\n\t\t\t\t<\/div>\n\t\t\t\t\t\t\t\t<\/div>\n\t\t\t\t<\/div>\n\t\t\t\t<div class=\"elementor-element elementor-element-5e8208f elementor-widget elementor-widget-spacer\" data-id=\"5e8208f\" data-element_type=\"widget\" data-widget_type=\"spacer.default\">\n\t\t\t\t<div class=\"elementor-widget-container\">\n\t\t\t\t\t\t\t<div class=\"elementor-spacer\">\n\t\t\t<div class=\"elementor-spacer-inner\"><\/div>\n\t\t<\/div>\n\t\t\t\t\t\t<\/div>\n\t\t\t\t<\/div>\n\t\t\t\t\t<\/div>\n\t\t<\/div>\n\t\t\t\t\t<\/div>\n\t\t<\/section>\n\t\t\t\t<section class=\"elementor-section elementor-top-section elementor-element elementor-element-860056b elementor-section-boxed elementor-section-height-default elementor-section-height-default\" data-id=\"860056b\" data-element_type=\"section\">\n\t\t\t\t\t\t<div class=\"elementor-container elementor-column-gap-default\">\n\t\t\t\t\t<div class=\"elementor-column elementor-col-100 elementor-top-column elementor-element elementor-element-d5e4a16\" data-id=\"d5e4a16\" data-element_type=\"column\">\n\t\t\t<div class=\"elementor-widget-wrap elementor-element-populated\">\n\t\t\t\t\t\t<div class=\"elementor-element elementor-element-f0b3a14 elementor-widget elementor-widget-spacer\" data-id=\"f0b3a14\" data-element_type=\"widget\" data-widget_type=\"spacer.default\">\n\t\t\t\t<div class=\"elementor-widget-container\">\n\t\t\t\t\t\t\t<div class=\"elementor-spacer\">\n\t\t\t<div class=\"elementor-spacer-inner\"><\/div>\n\t\t<\/div>\n\t\t\t\t\t\t<\/div>\n\t\t\t\t<\/div>\n\t\t\t\t\t<\/div>\n\t\t<\/div>\n\t\t\t\t\t<\/div>\n\t\t<\/section>\n\t\t\t\t<\/div>","protected":false},"excerpt":{"rendered":"<p>Las uvas se vinifican por separado en funci\u00f3n de su grado de maduraci\u00f3n fen\u00f3lica, maceraci\u00f3n prefermentativa en fr\u00edo durante 48 h a 10oC, fermentaci\u00f3n a temperatura controlada de 25oC y maceraci\u00f3n durante 18-30 d\u00edas en funci\u00f3n de la variedad con remontados diarios y pigeage manual. Posterior crianza en barrica de roble franc\u00e9s (85%) y americano &#8230; <a title=\"CARGOL TREU BANYA\" class=\"read-more\" href=\"https:\/\/www.aribau.es\/ca\/cargol-treu-banya-2\/\" aria-label=\"M\u00e9s informaci\u00f3 sobre CARGOL TREU BANYA\">Llegiu m\u00e9s<\/a><\/p>","protected":false},"author":3,"featured_media":0,"parent":0,"menu_order":0,"comment_status":"closed","ping_status":"closed","template":"elementor_header_footer","meta":{"footnotes":""},"class_list":["post-8932","page","type-page","status-publish"],"yoast_head":"<!-- This site is optimized with the Yoast SEO plugin v26.7 - https:\/\/yoast.com\/wordpress\/plugins\/seo\/ -->\n<title>CARGOL TREU BANYA - Aribau<\/title>\n<meta name=\"robots\" content=\"index, follow, max-snippet:-1, max-image-preview:large, max-video-preview:-1\" \/>\n<link rel=\"canonical\" href=\"https:\/\/www.aribau.es\/ca\/cargol-treu-banya-2\/\" \/>\n<meta property=\"og:locale\" content=\"ca_ES\" \/>\n<meta property=\"og:type\" content=\"article\" \/>\n<meta property=\"og:title\" content=\"CARGOL TREU BANYA - Aribau\" \/>\n<meta property=\"og:description\" content=\"Las uvas se vinifican por separado en funci\u00f3n de su grado de maduraci\u00f3n fen\u00f3lica, maceraci\u00f3n prefermentativa en fr\u00edo durante 48 h a 10oC, fermentaci\u00f3n a temperatura controlada de 25oC y maceraci\u00f3n durante 18-30 d\u00edas en funci\u00f3n de la variedad con remontados diarios y pigeage manual. Posterior crianza en barrica de roble franc\u00e9s (85%) y americano ... Llegiu m\u00e9s\" \/>\n<meta property=\"og:url\" content=\"https:\/\/www.aribau.es\/ca\/cargol-treu-banya-2\/\" \/>\n<meta property=\"og:site_name\" content=\"Aribau\" \/>\n<meta property=\"article:publisher\" content=\"https:\/\/www.facebook.com\/aribau1964\/\" \/>\n<meta property=\"article:modified_time\" content=\"2021-06-29T14:57:13+00:00\" \/>\n<meta property=\"og:image\" content=\"https:\/\/www.aribau.es\/wp-content\/uploads\/2021\/06\/image-1024x197.png\" \/>\n<meta name=\"twitter:card\" content=\"summary_large_image\" \/>\n<meta name=\"twitter:site\" content=\"@aribau1964\" \/>\n<meta name=\"twitter:label1\" content=\"Temps estimat de lectura\" \/>\n\t<meta name=\"twitter:data1\" content=\"1 minut\" \/>\n<script type=\"application\/ld+json\" class=\"yoast-schema-graph\">{\"@context\":\"https:\/\/schema.org\",\"@graph\":[{\"@type\":\"WebPage\",\"@id\":\"https:\/\/www.aribau.es\/cargol-treu-banya-2\/\",\"url\":\"https:\/\/www.aribau.es\/cargol-treu-banya-2\/\",\"name\":\"CARGOL TREU BANYA - Aribau\",\"isPartOf\":{\"@id\":\"https:\/\/www.aribau.es\/#website\"},\"primaryImageOfPage\":{\"@id\":\"https:\/\/www.aribau.es\/cargol-treu-banya-2\/#primaryimage\"},\"image\":{\"@id\":\"https:\/\/www.aribau.es\/cargol-treu-banya-2\/#primaryimage\"},\"thumbnailUrl\":\"https:\/\/www.aribau.es\/wp-content\/uploads\/2021\/06\/image-1024x197.png\",\"datePublished\":\"2021-03-29T23:45:30+00:00\",\"dateModified\":\"2021-06-29T14:57:13+00:00\",\"breadcrumb\":{\"@id\":\"https:\/\/www.aribau.es\/cargol-treu-banya-2\/#breadcrumb\"},\"inLanguage\":\"ca\",\"potentialAction\":[{\"@type\":\"ReadAction\",\"target\":[\"https:\/\/www.aribau.es\/cargol-treu-banya-2\/\"]}]},{\"@type\":\"ImageObject\",\"inLanguage\":\"ca\",\"@id\":\"https:\/\/www.aribau.es\/cargol-treu-banya-2\/#primaryimage\",\"url\":\"https:\/\/www.aribau.es\/wp-content\/uploads\/2021\/06\/image-1024x197.png\",\"contentUrl\":\"https:\/\/www.aribau.es\/wp-content\/uploads\/2021\/06\/image-1024x197.png\"},{\"@type\":\"BreadcrumbList\",\"@id\":\"https:\/\/www.aribau.es\/cargol-treu-banya-2\/#breadcrumb\",\"itemListElement\":[{\"@type\":\"ListItem\",\"position\":1,\"name\":\"Portada\",\"item\":\"https:\/\/www.aribau.es\/\"},{\"@type\":\"ListItem\",\"position\":2,\"name\":\"CARGOL TREU BANYA\"}]},{\"@type\":\"WebSite\",\"@id\":\"https:\/\/www.aribau.es\/#website\",\"url\":\"https:\/\/www.aribau.es\/\",\"name\":\"Aribau\",\"description\":\"VINOS Y BODEGAS\",\"publisher\":{\"@id\":\"https:\/\/www.aribau.es\/#organization\"},\"potentialAction\":[{\"@type\":\"SearchAction\",\"target\":{\"@type\":\"EntryPoint\",\"urlTemplate\":\"https:\/\/www.aribau.es\/?s={search_term_string}\"},\"query-input\":{\"@type\":\"PropertyValueSpecification\",\"valueRequired\":true,\"valueName\":\"search_term_string\"}}],\"inLanguage\":\"ca\"},{\"@type\":\"Organization\",\"@id\":\"https:\/\/www.aribau.es\/#organization\",\"name\":\"Aribau\",\"url\":\"https:\/\/www.aribau.es\/\",\"logo\":{\"@type\":\"ImageObject\",\"inLanguage\":\"ca\",\"@id\":\"https:\/\/www.aribau.es\/#\/schema\/logo\/image\/\",\"url\":\"https:\/\/www.aribau.es\/wp-content\/uploads\/2022\/03\/logo.png\",\"contentUrl\":\"https:\/\/www.aribau.es\/wp-content\/uploads\/2022\/03\/logo.png\",\"width\":300,\"height\":300,\"caption\":\"Aribau\"},\"image\":{\"@id\":\"https:\/\/www.aribau.es\/#\/schema\/logo\/image\/\"},\"sameAs\":[\"https:\/\/www.facebook.com\/aribau1964\/\",\"https:\/\/x.com\/aribau1964\",\"https:\/\/www.instagram.com\/aribau1964\/\"]}]}<\/script>\n<!-- \/ Yoast SEO plugin. -->","yoast_head_json":{"title":"CARGOL TREU BANYA - Aribau","robots":{"index":"index","follow":"follow","max-snippet":"max-snippet:-1","max-image-preview":"max-image-preview:large","max-video-preview":"max-video-preview:-1"},"canonical":"https:\/\/www.aribau.es\/ca\/cargol-treu-banya-2\/","og_locale":"ca_ES","og_type":"article","og_title":"CARGOL TREU BANYA - Aribau","og_description":"Las uvas se vinifican por separado en funci\u00f3n de su grado de maduraci\u00f3n fen\u00f3lica, maceraci\u00f3n prefermentativa en fr\u00edo durante 48 h a 10oC, fermentaci\u00f3n a temperatura controlada de 25oC y maceraci\u00f3n durante 18-30 d\u00edas en funci\u00f3n de la variedad con remontados diarios y pigeage manual. Posterior crianza en barrica de roble franc\u00e9s (85%) y americano ... Llegiu m\u00e9s","og_url":"https:\/\/www.aribau.es\/ca\/cargol-treu-banya-2\/","og_site_name":"Aribau","article_publisher":"https:\/\/www.facebook.com\/aribau1964\/","article_modified_time":"2021-06-29T14:57:13+00:00","og_image":[{"url":"https:\/\/www.aribau.es\/wp-content\/uploads\/2021\/06\/image-1024x197.png","type":"","width":"","height":""}],"twitter_card":"summary_large_image","twitter_site":"@aribau1964","twitter_misc":{"Temps estimat de lectura":"1 minut"},"schema":{"@context":"https:\/\/schema.org","@graph":[{"@type":"WebPage","@id":"https:\/\/www.aribau.es\/cargol-treu-banya-2\/","url":"https:\/\/www.aribau.es\/cargol-treu-banya-2\/","name":"CARGOL TREU BANYA - Aribau","isPartOf":{"@id":"https:\/\/www.aribau.es\/#website"},"primaryImageOfPage":{"@id":"https:\/\/www.aribau.es\/cargol-treu-banya-2\/#primaryimage"},"image":{"@id":"https:\/\/www.aribau.es\/cargol-treu-banya-2\/#primaryimage"},"thumbnailUrl":"https:\/\/www.aribau.es\/wp-content\/uploads\/2021\/06\/image-1024x197.png","datePublished":"2021-03-29T23:45:30+00:00","dateModified":"2021-06-29T14:57:13+00:00","breadcrumb":{"@id":"https:\/\/www.aribau.es\/cargol-treu-banya-2\/#breadcrumb"},"inLanguage":"ca","potentialAction":[{"@type":"ReadAction","target":["https:\/\/www.aribau.es\/cargol-treu-banya-2\/"]}]},{"@type":"ImageObject","inLanguage":"ca","@id":"https:\/\/www.aribau.es\/cargol-treu-banya-2\/#primaryimage","url":"https:\/\/www.aribau.es\/wp-content\/uploads\/2021\/06\/image-1024x197.png","contentUrl":"https:\/\/www.aribau.es\/wp-content\/uploads\/2021\/06\/image-1024x197.png"},{"@type":"BreadcrumbList","@id":"https:\/\/www.aribau.es\/cargol-treu-banya-2\/#breadcrumb","itemListElement":[{"@type":"ListItem","position":1,"name":"Portada","item":"https:\/\/www.aribau.es\/"},{"@type":"ListItem","position":2,"name":"CARGOL TREU BANYA"}]},{"@type":"WebSite","@id":"https:\/\/www.aribau.es\/#website","url":"https:\/\/www.aribau.es\/","name":"Aribau","description":"VINOS Y BODEGAS","publisher":{"@id":"https:\/\/www.aribau.es\/#organization"},"potentialAction":[{"@type":"SearchAction","target":{"@type":"EntryPoint","urlTemplate":"https:\/\/www.aribau.es\/?s={search_term_string}"},"query-input":{"@type":"PropertyValueSpecification","valueRequired":true,"valueName":"search_term_string"}}],"inLanguage":"ca"},{"@type":"Organization","@id":"https:\/\/www.aribau.es\/#organization","name":"Aribau","url":"https:\/\/www.aribau.es\/","logo":{"@type":"ImageObject","inLanguage":"ca","@id":"https:\/\/www.aribau.es\/#\/schema\/logo\/image\/","url":"https:\/\/www.aribau.es\/wp-content\/uploads\/2022\/03\/logo.png","contentUrl":"https:\/\/www.aribau.es\/wp-content\/uploads\/2022\/03\/logo.png","width":300,"height":300,"caption":"Aribau"},"image":{"@id":"https:\/\/www.aribau.es\/#\/schema\/logo\/image\/"},"sameAs":["https:\/\/www.facebook.com\/aribau1964\/","https:\/\/x.com\/aribau1964","https:\/\/www.instagram.com\/aribau1964\/"]}]}},"_links":{"self":[{"href":"https:\/\/www.aribau.es\/ca\/wp-json\/wp\/v2\/pages\/8932","targetHints":{"allow":["GET"]}}],"collection":[{"href":"https:\/\/www.aribau.es\/ca\/wp-json\/wp\/v2\/pages"}],"about":[{"href":"https:\/\/www.aribau.es\/ca\/wp-json\/wp\/v2\/types\/page"}],"author":[{"embeddable":true,"href":"https:\/\/www.aribau.es\/ca\/wp-json\/wp\/v2\/users\/3"}],"replies":[{"embeddable":true,"href":"https:\/\/www.aribau.es\/ca\/wp-json\/wp\/v2\/comments?post=8932"}],"version-history":[{"count":25,"href":"https:\/\/www.aribau.es\/ca\/wp-json\/wp\/v2\/pages\/8932\/revisions"}],"predecessor-version":[{"id":11790,"href":"https:\/\/www.aribau.es\/ca\/wp-json\/wp\/v2\/pages\/8932\/revisions\/11790"}],"wp:attachment":[{"href":"https:\/\/www.aribau.es\/ca\/wp-json\/wp\/v2\/media?parent=8932"}],"curies":[{"name":"wp","href":"https:\/\/api.w.org\/{rel}","templated":true}]}}