{"id":8948,"date":"2021-03-30T00:55:07","date_gmt":"2021-03-29T23:55:07","guid":{"rendered":"https:\/\/www.aribau.es\/?page_id=8948"},"modified":"2021-06-29T16:09:27","modified_gmt":"2021-06-29T15:09:27","slug":"i-tant-blanco-2","status":"publish","type":"page","link":"https:\/\/www.aribau.es\/ca\/i-tant-blanco-2\/","title":{"rendered":"I TANT BLANC"},"content":{"rendered":"<div data-elementor-type=\"wp-page\" data-elementor-id=\"8948\" class=\"elementor elementor-8948\">\n\t\t\t\t\t\t<section class=\"elementor-section elementor-top-section elementor-element elementor-element-cfd95d6 elementor-section-full_width elementor-section-height-default elementor-section-height-default elementor-invisible\" data-id=\"cfd95d6\" data-element_type=\"section\" data-settings=\"{&quot;animation&quot;:&quot;fadeInUp&quot;}\">\n\t\t\t\t\t\t<div class=\"elementor-container elementor-column-gap-default\">\n\t\t\t\t\t<div class=\"elementor-column elementor-col-50 elementor-top-column elementor-element elementor-element-56483312\" data-id=\"56483312\" data-element_type=\"column\" data-settings=\"{&quot;background_background&quot;:&quot;classic&quot;}\">\n\t\t\t<div class=\"elementor-widget-wrap\">\n\t\t\t\t\t\t\t<\/div>\n\t\t<\/div>\n\t\t\t\t<div class=\"elementor-column elementor-col-50 elementor-top-column elementor-element elementor-element-3e15f4b7\" data-id=\"3e15f4b7\" data-element_type=\"column\" data-settings=\"{&quot;background_background&quot;:&quot;classic&quot;}\">\n\t\t\t<div class=\"elementor-widget-wrap elementor-element-populated\">\n\t\t\t\t\t\t<div class=\"elementor-element elementor-element-491f650 elementor-widget elementor-widget-spacer\" data-id=\"491f650\" data-element_type=\"widget\" data-widget_type=\"spacer.default\">\n\t\t\t\t<div class=\"elementor-widget-container\">\n\t\t\t\t\t\t\t<div class=\"elementor-spacer\">\n\t\t\t<div class=\"elementor-spacer-inner\"><\/div>\n\t\t<\/div>\n\t\t\t\t\t\t<\/div>\n\t\t\t\t<\/div>\n\t\t\t\t<div class=\"elementor-element elementor-element-3664aa7 elementor-widget elementor-widget-image\" data-id=\"3664aa7\" data-element_type=\"widget\" data-widget_type=\"image.default\">\n\t\t\t\t<div class=\"elementor-widget-container\">\n\t\t\t\t\t\t\t\t\t\t\t\t\t\t\t<img fetchpriority=\"high\" decoding=\"async\" width=\"825\" height=\"159\" src=\"https:\/\/www.aribau.es\/wp-content\/uploads\/2021\/06\/image-1024x197.png\" class=\"attachment-large size-large wp-image-11745\" alt=\"\" srcset=\"https:\/\/www.aribau.es\/wp-content\/uploads\/2021\/06\/image-1024x197.png 1024w, https:\/\/www.aribau.es\/wp-content\/uploads\/2021\/06\/image-300x58.png 300w, https:\/\/www.aribau.es\/wp-content\/uploads\/2021\/06\/image-768x148.png 768w, https:\/\/www.aribau.es\/wp-content\/uploads\/2021\/06\/image-1536x296.png 1536w, https:\/\/www.aribau.es\/wp-content\/uploads\/2021\/06\/image-2048x395.png 2048w, https:\/\/www.aribau.es\/wp-content\/uploads\/2021\/06\/image-16x3.png 16w\" sizes=\"(max-width: 825px) 100vw, 825px\" \/>\t\t\t\t\t\t\t\t\t\t\t\t\t\t\t<\/div>\n\t\t\t\t<\/div>\n\t\t\t\t<div class=\"elementor-element elementor-element-3144b156 elementor-invisible elementor-widget elementor-widget-text-editor\" data-id=\"3144b156\" data-element_type=\"widget\" data-settings=\"{&quot;_animation&quot;:&quot;fadeIn&quot;}\" data-widget_type=\"text-editor.default\">\n\t\t\t\t<div class=\"elementor-widget-container\">\n\t\t\t\t\t\t\t\t\t<p>I TANT BLANC<\/p>\t\t\t\t\t\t\t\t<\/div>\n\t\t\t\t<\/div>\n\t\t\t\t<div class=\"elementor-element elementor-element-78b6339b elementor-invisible elementor-widget elementor-widget-text-editor\" data-id=\"78b6339b\" data-element_type=\"widget\" data-settings=\"{&quot;_animation&quot;:&quot;fadeIn&quot;}\" data-widget_type=\"text-editor.default\">\n\t\t\t\t<div class=\"elementor-widget-container\">\n\t\t\t\t\t\t\t\t\t<p class=\"MsoNormal\">\"I TANT\" \u00e9s una expressi\u00f3 per reafirmar i corroborar el que un altre acaba de dir. Els vins \"I tant\" pretenen oferir una selecci\u00f3 de vins de la terra catalana, elaborats \u00fanicament amb varietats aut\u00f2ctones, i han de ser a reflex del paisatge de les nostres zones vit\u00edcoles.<\/p>\n<p class=\"MsoNormal\">Quan acabis de tastar-los acabar\u00e0s exclamant. \u00abI tant que \u00e9s una garnatxa negra del Montsant!\" o b\u00e9 \"Per descomptat que \u00e9s una garnatxa blanca de la Terra Alta\".<\/p><p class=\"MsoNormal\">Els vins \u201cI TANT\" s\u00f3n aut\u00e8ntics i honestos, alhora que f\u00e0cils d'entendre i de beure, amb l'\u00fanica complexitat que ofereix la nostra terra, el nostre clima i les nostres vinyes. L'objectiu principal \u00e9s el de gaudir menjant amb un vi catal\u00e0. Sens dubte, autenticitat i m\u00e0xima expressi\u00f3 de les garnatxes de la Mediterr\u00e0nia.<\/p>\t\t\t\t\t\t\t\t<\/div>\n\t\t\t\t<\/div>\n\t\t\t\t<div class=\"elementor-element elementor-element-3053991f elementor-align-center elementor-widget elementor-widget-button\" data-id=\"3053991f\" data-element_type=\"widget\" data-settings=\"{&quot;_animation&quot;:&quot;none&quot;}\" data-widget_type=\"button.default\">\n\t\t\t\t<div class=\"elementor-widget-container\">\n\t\t\t\t\t\t\t\t\t<div class=\"elementor-button-wrapper\">\n\t\t\t\t\t<a class=\"elementor-button elementor-button-link elementor-size-xs elementor-animation-grow\" href=\"https:\/\/www.aribau.es\/ca\/ficha-tecnica-i-tant-blanco\/\">\n\t\t\t\t\t\t<span class=\"elementor-button-content-wrapper\">\n\t\t\t\t\t\t\t\t\t<span class=\"elementor-button-text\">FITXA T\u00c8CNICA<\/span>\n\t\t\t\t\t<\/span>\n\t\t\t\t\t<\/a>\n\t\t\t\t<\/div>\n\t\t\t\t\t\t\t\t<\/div>\n\t\t\t\t<\/div>\n\t\t\t\t<div class=\"elementor-element elementor-element-07610a1 elementor-widget elementor-widget-spacer\" data-id=\"07610a1\" data-element_type=\"widget\" data-widget_type=\"spacer.default\">\n\t\t\t\t<div class=\"elementor-widget-container\">\n\t\t\t\t\t\t\t<div class=\"elementor-spacer\">\n\t\t\t<div class=\"elementor-spacer-inner\"><\/div>\n\t\t<\/div>\n\t\t\t\t\t\t<\/div>\n\t\t\t\t<\/div>\n\t\t\t\t\t<\/div>\n\t\t<\/div>\n\t\t\t\t\t<\/div>\n\t\t<\/section>\n\t\t\t\t<section class=\"elementor-section elementor-top-section elementor-element elementor-element-910936b elementor-section-boxed elementor-section-height-default elementor-section-height-default\" data-id=\"910936b\" data-element_type=\"section\">\n\t\t\t\t\t\t<div class=\"elementor-container elementor-column-gap-default\">\n\t\t\t\t\t<div class=\"elementor-column elementor-col-100 elementor-top-column elementor-element elementor-element-5161207\" data-id=\"5161207\" data-element_type=\"column\">\n\t\t\t<div class=\"elementor-widget-wrap elementor-element-populated\">\n\t\t\t\t\t\t<div class=\"elementor-element elementor-element-5476392 elementor-widget elementor-widget-spacer\" data-id=\"5476392\" data-element_type=\"widget\" data-widget_type=\"spacer.default\">\n\t\t\t\t<div class=\"elementor-widget-container\">\n\t\t\t\t\t\t\t<div class=\"elementor-spacer\">\n\t\t\t<div class=\"elementor-spacer-inner\"><\/div>\n\t\t<\/div>\n\t\t\t\t\t\t<\/div>\n\t\t\t\t<\/div>\n\t\t\t\t\t<\/div>\n\t\t<\/div>\n\t\t\t\t\t<\/div>\n\t\t<\/section>\n\t\t\t\t<\/div>","protected":false},"excerpt":{"rendered":"<p>I TANT BLANCO \u201cI TANT\u201d es una expresi\u00f3n para reafirmar y corroborar lo que otro acaba de decir. Los vinos \u201cI tant\u201d pretenden ofrecer una selecci\u00f3n de vinos de la tierra catalana, elaborados \u00fanicamente con variedades aut\u00f3ctonas, y deben ser relejo del paisaje de nuestras zonas vit\u00edcolas. Cuando acabes de probarlos acabar\u00e1s exclamando. \u00ab\u00a1Y tanto &#8230; <a title=\"I TANT BLANC\" class=\"read-more\" href=\"https:\/\/www.aribau.es\/ca\/i-tant-blanco-2\/\" aria-label=\"M\u00e9s informaci\u00f3 sobre I TANT BLANCO\">Llegiu m\u00e9s<\/a><\/p>","protected":false},"author":3,"featured_media":0,"parent":0,"menu_order":0,"comment_status":"closed","ping_status":"closed","template":"elementor_header_footer","meta":{"footnotes":""},"class_list":["post-8948","page","type-page","status-publish"],"yoast_head":"<!-- This site is optimized with the Yoast SEO plugin v26.7 - https:\/\/yoast.com\/wordpress\/plugins\/seo\/ -->\n<title>I TANT BLANCO - Aribau<\/title>\n<meta name=\"robots\" content=\"index, follow, max-snippet:-1, max-image-preview:large, max-video-preview:-1\" \/>\n<link rel=\"canonical\" href=\"https:\/\/www.aribau.es\/ca\/i-tant-blanco-2\/\" \/>\n<meta property=\"og:locale\" content=\"ca_ES\" \/>\n<meta property=\"og:type\" content=\"article\" \/>\n<meta property=\"og:title\" content=\"I TANT BLANCO - Aribau\" \/>\n<meta property=\"og:description\" content=\"I TANT BLANCO \u201cI TANT\u201d es una expresi\u00f3n para reafirmar y corroborar lo que otro acaba de decir. Los vinos \u201cI tant\u201d pretenden ofrecer una selecci\u00f3n de vinos de la tierra catalana, elaborados \u00fanicamente con variedades aut\u00f3ctonas, y deben ser relejo del paisaje de nuestras zonas vit\u00edcolas. Cuando acabes de probarlos acabar\u00e1s exclamando. \u00ab\u00a1Y tanto ... Llegiu m\u00e9s\" \/>\n<meta property=\"og:url\" content=\"https:\/\/www.aribau.es\/ca\/i-tant-blanco-2\/\" \/>\n<meta property=\"og:site_name\" content=\"Aribau\" \/>\n<meta property=\"article:publisher\" content=\"https:\/\/www.facebook.com\/aribau1964\/\" \/>\n<meta property=\"article:modified_time\" content=\"2021-06-29T15:09:27+00:00\" \/>\n<meta property=\"og:image\" content=\"https:\/\/www.aribau.es\/wp-content\/uploads\/2021\/06\/image-1024x197.png\" \/>\n<meta name=\"twitter:card\" content=\"summary_large_image\" \/>\n<meta name=\"twitter:site\" content=\"@aribau1964\" \/>\n<meta name=\"twitter:label1\" content=\"Temps estimat de lectura\" \/>\n\t<meta name=\"twitter:data1\" content=\"1 minut\" \/>\n<script type=\"application\/ld+json\" class=\"yoast-schema-graph\">{\"@context\":\"https:\/\/schema.org\",\"@graph\":[{\"@type\":\"WebPage\",\"@id\":\"https:\/\/www.aribau.es\/i-tant-blanco-2\/\",\"url\":\"https:\/\/www.aribau.es\/i-tant-blanco-2\/\",\"name\":\"I TANT BLANCO - Aribau\",\"isPartOf\":{\"@id\":\"https:\/\/www.aribau.es\/#website\"},\"primaryImageOfPage\":{\"@id\":\"https:\/\/www.aribau.es\/i-tant-blanco-2\/#primaryimage\"},\"image\":{\"@id\":\"https:\/\/www.aribau.es\/i-tant-blanco-2\/#primaryimage\"},\"thumbnailUrl\":\"https:\/\/www.aribau.es\/wp-content\/uploads\/2021\/06\/image-1024x197.png\",\"datePublished\":\"2021-03-29T23:55:07+00:00\",\"dateModified\":\"2021-06-29T15:09:27+00:00\",\"breadcrumb\":{\"@id\":\"https:\/\/www.aribau.es\/i-tant-blanco-2\/#breadcrumb\"},\"inLanguage\":\"ca\",\"potentialAction\":[{\"@type\":\"ReadAction\",\"target\":[\"https:\/\/www.aribau.es\/i-tant-blanco-2\/\"]}]},{\"@type\":\"ImageObject\",\"inLanguage\":\"ca\",\"@id\":\"https:\/\/www.aribau.es\/i-tant-blanco-2\/#primaryimage\",\"url\":\"https:\/\/www.aribau.es\/wp-content\/uploads\/2021\/06\/image-1024x197.png\",\"contentUrl\":\"https:\/\/www.aribau.es\/wp-content\/uploads\/2021\/06\/image-1024x197.png\"},{\"@type\":\"BreadcrumbList\",\"@id\":\"https:\/\/www.aribau.es\/i-tant-blanco-2\/#breadcrumb\",\"itemListElement\":[{\"@type\":\"ListItem\",\"position\":1,\"name\":\"Portada\",\"item\":\"https:\/\/www.aribau.es\/\"},{\"@type\":\"ListItem\",\"position\":2,\"name\":\"I TANT BLANCO\"}]},{\"@type\":\"WebSite\",\"@id\":\"https:\/\/www.aribau.es\/#website\",\"url\":\"https:\/\/www.aribau.es\/\",\"name\":\"Aribau\",\"description\":\"VINOS Y BODEGAS\",\"publisher\":{\"@id\":\"https:\/\/www.aribau.es\/#organization\"},\"potentialAction\":[{\"@type\":\"SearchAction\",\"target\":{\"@type\":\"EntryPoint\",\"urlTemplate\":\"https:\/\/www.aribau.es\/?s={search_term_string}\"},\"query-input\":{\"@type\":\"PropertyValueSpecification\",\"valueRequired\":true,\"valueName\":\"search_term_string\"}}],\"inLanguage\":\"ca\"},{\"@type\":\"Organization\",\"@id\":\"https:\/\/www.aribau.es\/#organization\",\"name\":\"Aribau\",\"url\":\"https:\/\/www.aribau.es\/\",\"logo\":{\"@type\":\"ImageObject\",\"inLanguage\":\"ca\",\"@id\":\"https:\/\/www.aribau.es\/#\/schema\/logo\/image\/\",\"url\":\"https:\/\/www.aribau.es\/wp-content\/uploads\/2022\/03\/logo.png\",\"contentUrl\":\"https:\/\/www.aribau.es\/wp-content\/uploads\/2022\/03\/logo.png\",\"width\":300,\"height\":300,\"caption\":\"Aribau\"},\"image\":{\"@id\":\"https:\/\/www.aribau.es\/#\/schema\/logo\/image\/\"},\"sameAs\":[\"https:\/\/www.facebook.com\/aribau1964\/\",\"https:\/\/x.com\/aribau1964\",\"https:\/\/www.instagram.com\/aribau1964\/\"]}]}<\/script>\n<!-- \/ Yoast SEO plugin. -->","yoast_head_json":{"title":"I TANT BLANCO - Aribau","robots":{"index":"index","follow":"follow","max-snippet":"max-snippet:-1","max-image-preview":"max-image-preview:large","max-video-preview":"max-video-preview:-1"},"canonical":"https:\/\/www.aribau.es\/ca\/i-tant-blanco-2\/","og_locale":"ca_ES","og_type":"article","og_title":"I TANT BLANCO - Aribau","og_description":"I TANT BLANCO \u201cI TANT\u201d es una expresi\u00f3n para reafirmar y corroborar lo que otro acaba de decir. Los vinos \u201cI tant\u201d pretenden ofrecer una selecci\u00f3n de vinos de la tierra catalana, elaborados \u00fanicamente con variedades aut\u00f3ctonas, y deben ser relejo del paisaje de nuestras zonas vit\u00edcolas. Cuando acabes de probarlos acabar\u00e1s exclamando. \u00ab\u00a1Y tanto ... Llegiu m\u00e9s","og_url":"https:\/\/www.aribau.es\/ca\/i-tant-blanco-2\/","og_site_name":"Aribau","article_publisher":"https:\/\/www.facebook.com\/aribau1964\/","article_modified_time":"2021-06-29T15:09:27+00:00","og_image":[{"url":"https:\/\/www.aribau.es\/wp-content\/uploads\/2021\/06\/image-1024x197.png","type":"","width":"","height":""}],"twitter_card":"summary_large_image","twitter_site":"@aribau1964","twitter_misc":{"Temps estimat de lectura":"1 minut"},"schema":{"@context":"https:\/\/schema.org","@graph":[{"@type":"WebPage","@id":"https:\/\/www.aribau.es\/i-tant-blanco-2\/","url":"https:\/\/www.aribau.es\/i-tant-blanco-2\/","name":"I TANT BLANCO - Aribau","isPartOf":{"@id":"https:\/\/www.aribau.es\/#website"},"primaryImageOfPage":{"@id":"https:\/\/www.aribau.es\/i-tant-blanco-2\/#primaryimage"},"image":{"@id":"https:\/\/www.aribau.es\/i-tant-blanco-2\/#primaryimage"},"thumbnailUrl":"https:\/\/www.aribau.es\/wp-content\/uploads\/2021\/06\/image-1024x197.png","datePublished":"2021-03-29T23:55:07+00:00","dateModified":"2021-06-29T15:09:27+00:00","breadcrumb":{"@id":"https:\/\/www.aribau.es\/i-tant-blanco-2\/#breadcrumb"},"inLanguage":"ca","potentialAction":[{"@type":"ReadAction","target":["https:\/\/www.aribau.es\/i-tant-blanco-2\/"]}]},{"@type":"ImageObject","inLanguage":"ca","@id":"https:\/\/www.aribau.es\/i-tant-blanco-2\/#primaryimage","url":"https:\/\/www.aribau.es\/wp-content\/uploads\/2021\/06\/image-1024x197.png","contentUrl":"https:\/\/www.aribau.es\/wp-content\/uploads\/2021\/06\/image-1024x197.png"},{"@type":"BreadcrumbList","@id":"https:\/\/www.aribau.es\/i-tant-blanco-2\/#breadcrumb","itemListElement":[{"@type":"ListItem","position":1,"name":"Portada","item":"https:\/\/www.aribau.es\/"},{"@type":"ListItem","position":2,"name":"I TANT BLANCO"}]},{"@type":"WebSite","@id":"https:\/\/www.aribau.es\/#website","url":"https:\/\/www.aribau.es\/","name":"Aribau","description":"VINOS Y BODEGAS","publisher":{"@id":"https:\/\/www.aribau.es\/#organization"},"potentialAction":[{"@type":"SearchAction","target":{"@type":"EntryPoint","urlTemplate":"https:\/\/www.aribau.es\/?s={search_term_string}"},"query-input":{"@type":"PropertyValueSpecification","valueRequired":true,"valueName":"search_term_string"}}],"inLanguage":"ca"},{"@type":"Organization","@id":"https:\/\/www.aribau.es\/#organization","name":"Aribau","url":"https:\/\/www.aribau.es\/","logo":{"@type":"ImageObject","inLanguage":"ca","@id":"https:\/\/www.aribau.es\/#\/schema\/logo\/image\/","url":"https:\/\/www.aribau.es\/wp-content\/uploads\/2022\/03\/logo.png","contentUrl":"https:\/\/www.aribau.es\/wp-content\/uploads\/2022\/03\/logo.png","width":300,"height":300,"caption":"Aribau"},"image":{"@id":"https:\/\/www.aribau.es\/#\/schema\/logo\/image\/"},"sameAs":["https:\/\/www.facebook.com\/aribau1964\/","https:\/\/x.com\/aribau1964","https:\/\/www.instagram.com\/aribau1964\/"]}]}},"_links":{"self":[{"href":"https:\/\/www.aribau.es\/ca\/wp-json\/wp\/v2\/pages\/8948","targetHints":{"allow":["GET"]}}],"collection":[{"href":"https:\/\/www.aribau.es\/ca\/wp-json\/wp\/v2\/pages"}],"about":[{"href":"https:\/\/www.aribau.es\/ca\/wp-json\/wp\/v2\/types\/page"}],"author":[{"embeddable":true,"href":"https:\/\/www.aribau.es\/ca\/wp-json\/wp\/v2\/users\/3"}],"replies":[{"embeddable":true,"href":"https:\/\/www.aribau.es\/ca\/wp-json\/wp\/v2\/comments?post=8948"}],"version-history":[{"count":19,"href":"https:\/\/www.aribau.es\/ca\/wp-json\/wp\/v2\/pages\/8948\/revisions"}],"predecessor-version":[{"id":11800,"href":"https:\/\/www.aribau.es\/ca\/wp-json\/wp\/v2\/pages\/8948\/revisions\/11800"}],"wp:attachment":[{"href":"https:\/\/www.aribau.es\/ca\/wp-json\/wp\/v2\/media?parent=8948"}],"curies":[{"name":"wp","href":"https:\/\/api.w.org\/{rel}","templated":true}]}}