{"id":8974,"date":"2021-03-30T01:02:48","date_gmt":"2021-03-30T00:02:48","guid":{"rendered":"https:\/\/www.aribau.es\/?page_id=8974"},"modified":"2021-06-29T16:26:56","modified_gmt":"2021-06-29T15:26:56","slug":"que-si-2","status":"publish","type":"page","link":"https:\/\/www.aribau.es\/ca\/que-si-2\/","title":{"rendered":"QUE SI!"},"content":{"rendered":"<div data-elementor-type=\"wp-page\" data-elementor-id=\"8974\" class=\"elementor elementor-8974\">\n\t\t\t\t\t\t<section class=\"elementor-section elementor-top-section elementor-element elementor-element-46215cd3 elementor-section-full_width elementor-section-height-default elementor-section-height-default elementor-invisible\" data-id=\"46215cd3\" data-element_type=\"section\" data-settings=\"{&quot;animation&quot;:&quot;fadeInUp&quot;}\">\n\t\t\t\t\t\t<div class=\"elementor-container elementor-column-gap-default\">\n\t\t\t\t\t<div class=\"elementor-column elementor-col-50 elementor-top-column elementor-element elementor-element-5cd38f33\" data-id=\"5cd38f33\" data-element_type=\"column\" data-settings=\"{&quot;background_background&quot;:&quot;classic&quot;}\">\n\t\t\t<div class=\"elementor-widget-wrap\">\n\t\t\t\t\t\t\t<\/div>\n\t\t<\/div>\n\t\t\t\t<div class=\"elementor-column elementor-col-50 elementor-top-column elementor-element elementor-element-1f149c45\" data-id=\"1f149c45\" data-element_type=\"column\" data-settings=\"{&quot;background_background&quot;:&quot;classic&quot;}\">\n\t\t\t<div class=\"elementor-widget-wrap elementor-element-populated\">\n\t\t\t\t\t\t<div class=\"elementor-element elementor-element-f1c4d64 elementor-widget elementor-widget-spacer\" data-id=\"f1c4d64\" data-element_type=\"widget\" data-widget_type=\"spacer.default\">\n\t\t\t\t<div class=\"elementor-widget-container\">\n\t\t\t\t\t\t\t<div class=\"elementor-spacer\">\n\t\t\t<div class=\"elementor-spacer-inner\"><\/div>\n\t\t<\/div>\n\t\t\t\t\t\t<\/div>\n\t\t\t\t<\/div>\n\t\t\t\t<div class=\"elementor-element elementor-element-be580d8 elementor-widget elementor-widget-image\" data-id=\"be580d8\" data-element_type=\"widget\" data-widget_type=\"image.default\">\n\t\t\t\t<div class=\"elementor-widget-container\">\n\t\t\t\t\t\t\t\t\t\t\t\t\t\t\t\t<a href=\"https:\/\/www.aribau.es\/ca\/witty-wines\/\">\n\t\t\t\t\t\t\t<img fetchpriority=\"high\" decoding=\"async\" width=\"825\" height=\"159\" src=\"https:\/\/www.aribau.es\/wp-content\/uploads\/2021\/06\/image-1024x197.png\" class=\"attachment-large size-large wp-image-11745\" alt=\"\" srcset=\"https:\/\/www.aribau.es\/wp-content\/uploads\/2021\/06\/image-1024x197.png 1024w, https:\/\/www.aribau.es\/wp-content\/uploads\/2021\/06\/image-300x58.png 300w, https:\/\/www.aribau.es\/wp-content\/uploads\/2021\/06\/image-768x148.png 768w, https:\/\/www.aribau.es\/wp-content\/uploads\/2021\/06\/image-1536x296.png 1536w, https:\/\/www.aribau.es\/wp-content\/uploads\/2021\/06\/image-2048x395.png 2048w, https:\/\/www.aribau.es\/wp-content\/uploads\/2021\/06\/image-16x3.png 16w\" sizes=\"(max-width: 825px) 100vw, 825px\" \/>\t\t\t\t\t\t\t\t<\/a>\n\t\t\t\t\t\t\t\t\t\t\t\t\t\t\t<\/div>\n\t\t\t\t<\/div>\n\t\t\t\t<div class=\"elementor-element elementor-element-7e07f7d3 elementor-invisible elementor-widget elementor-widget-text-editor\" data-id=\"7e07f7d3\" data-element_type=\"widget\" data-settings=\"{&quot;_animation&quot;:&quot;fadeIn&quot;}\" data-widget_type=\"text-editor.default\">\n\t\t\t\t<div class=\"elementor-widget-container\">\n\t\t\t\t\t\t\t\t\t<p>que si!<\/p>\t\t\t\t\t\t\t\t<\/div>\n\t\t\t\t<\/div>\n\t\t\t\t<div class=\"elementor-element elementor-element-5ebfd899 elementor-invisible elementor-widget elementor-widget-text-editor\" data-id=\"5ebfd899\" data-element_type=\"widget\" data-settings=\"{&quot;_animation&quot;:&quot;fadeIn&quot;}\" data-widget_type=\"text-editor.default\">\n\t\t\t\t<div class=\"elementor-widget-container\">\n\t\t\t\t\t\t\t\t\t<p>Amb aquest vi volem fer arribar a tots els p\u00fablics les caracter\u00edstiques d'una zona vitivin\u00edcola tan especial com \u00e9s el Priorat. Per aix\u00f2 en la seva elaboraci\u00f3 nom\u00e9s hem utilitzat les dues varietats de m\u00e9s tradici\u00f3 vitivin\u00edcola de la zona que s\u00f3n la garnatxa negra i la carinyena.&nbsp;<\/p><p>En l'elaboraci\u00f3 d'aquest vi hem volgut donar protagonisme a les sensacions m\u00e9s prim\u00e0ries del ra\u00efm, intentant fer cada proc\u00e9s enol\u00f2gic de manera respectuosa per preservar al m\u00e0xim la naturalitat i la senzillesa de la zona. El proc\u00e9s de crian\u00e7a ha estat curt, nom\u00e9s el temps necessari per afinar l'estructura i mantenir el car\u00e0cter varietal.&nbsp;<\/p>\n<p>SENSACIONS VISUALS: Vi de capa fosca, pr\u00e0cticament opac, color magenta molt viu que denota que els seus components fen\u00f2lics responsables de la color encara tenen una llarga vida per rec\u00f3rrer i que el vi estar\u00e0 ben protegit davant possibles oxidacions.<\/p>\n<p>SENSACIONS OLFACTIVES: A copa parada presenta una agradable floralitat que recorda el sotabosc mediterrani, on trobem roman\u00ed i fonoll. A l'agitar la copa els aromes es fan m\u00e9s complexos i apareix una barreja de fruites negres i vermelles t\u00edpiques de les varietats que el componen. Tamb\u00e9 trobem un car\u00e0cter especiat que recorda el pebre vermell i, de manera molt subtil, la nou moscada, els dos aromes terciaris provinents del proc\u00e9s de crian\u00e7a.<\/p>\n<p>SENSACIONS ORGANOL\u00c8PTIQUES: En boca tenim una entrada suau i fresca, amable. El pas per boca \u00e9s untu\u00f3s, crem\u00f3s i de gran amplitud. Trobem una tenacitat marcada per\u00f2 molt agradable que \u00e9s s\u00edmptoma d'una maduraci\u00f3 correcta del ra\u00efm. El postgust \u00e9s molt bals\u00e0mic i mineral, el que li dona una perman\u00e8ncia llarga en boca i un agradable final.<\/p>\t\t\t\t\t\t\t\t<\/div>\n\t\t\t\t<\/div>\n\t\t\t\t<div class=\"elementor-element elementor-element-227a68ad elementor-align-center elementor-widget elementor-widget-button\" data-id=\"227a68ad\" data-element_type=\"widget\" data-settings=\"{&quot;_animation&quot;:&quot;none&quot;}\" data-widget_type=\"button.default\">\n\t\t\t\t<div class=\"elementor-widget-container\">\n\t\t\t\t\t\t\t\t\t<div class=\"elementor-button-wrapper\">\n\t\t\t\t\t<a class=\"elementor-button elementor-button-link elementor-size-xs elementor-animation-grow\" href=\"https:\/\/www.aribau.es\/ca\/ficha-tecnica-que-si\/\">\n\t\t\t\t\t\t<span class=\"elementor-button-content-wrapper\">\n\t\t\t\t\t\t\t\t\t<span class=\"elementor-button-text\">FITXA T\u00c8CNICA<\/span>\n\t\t\t\t\t<\/span>\n\t\t\t\t\t<\/a>\n\t\t\t\t<\/div>\n\t\t\t\t\t\t\t\t<\/div>\n\t\t\t\t<\/div>\n\t\t\t\t<div class=\"elementor-element elementor-element-46a5f6d elementor-widget elementor-widget-spacer\" data-id=\"46a5f6d\" data-element_type=\"widget\" data-widget_type=\"spacer.default\">\n\t\t\t\t<div class=\"elementor-widget-container\">\n\t\t\t\t\t\t\t<div class=\"elementor-spacer\">\n\t\t\t<div class=\"elementor-spacer-inner\"><\/div>\n\t\t<\/div>\n\t\t\t\t\t\t<\/div>\n\t\t\t\t<\/div>\n\t\t\t\t\t<\/div>\n\t\t<\/div>\n\t\t\t\t\t<\/div>\n\t\t<\/section>\n\t\t\t\t<section class=\"elementor-section elementor-top-section elementor-element elementor-element-b9833d3 elementor-section-boxed elementor-section-height-default elementor-section-height-default\" data-id=\"b9833d3\" data-element_type=\"section\">\n\t\t\t\t\t\t<div class=\"elementor-container elementor-column-gap-default\">\n\t\t\t\t\t<div class=\"elementor-column elementor-col-100 elementor-top-column elementor-element elementor-element-c92d814\" data-id=\"c92d814\" data-element_type=\"column\">\n\t\t\t<div class=\"elementor-widget-wrap elementor-element-populated\">\n\t\t\t\t\t\t<div class=\"elementor-element elementor-element-d0f4474 elementor-widget elementor-widget-spacer\" data-id=\"d0f4474\" data-element_type=\"widget\" data-widget_type=\"spacer.default\">\n\t\t\t\t<div class=\"elementor-widget-container\">\n\t\t\t\t\t\t\t<div class=\"elementor-spacer\">\n\t\t\t<div class=\"elementor-spacer-inner\"><\/div>\n\t\t<\/div>\n\t\t\t\t\t\t<\/div>\n\t\t\t\t<\/div>\n\t\t\t\t\t<\/div>\n\t\t<\/div>\n\t\t\t\t\t<\/div>\n\t\t<\/section>\n\t\t\t\t<\/div>","protected":false},"excerpt":{"rendered":"<p>que si! Con este vino queremos hacer llegar a todos los p\u00fablicos las caracter\u00edsticas de una zona vitivin\u00edcola tan especial como es el Priorat. Por eso en su elaboraci\u00f3n solo hemos utilizado las dos variedades de m\u00e1s tradici\u00f3n vitivin\u00edcola de la zona que son la garnacha tinta y la cari\u00f1ena.&nbsp; En la elaboraci\u00f3n de este &#8230; <a title=\"QUE SI!\" class=\"read-more\" href=\"https:\/\/www.aribau.es\/ca\/que-si-2\/\" aria-label=\"M\u00e9s informaci\u00f3 sobre QUE SI!\">Llegiu m\u00e9s<\/a><\/p>","protected":false},"author":3,"featured_media":0,"parent":0,"menu_order":0,"comment_status":"closed","ping_status":"closed","template":"elementor_header_footer","meta":{"footnotes":""},"class_list":["post-8974","page","type-page","status-publish"],"yoast_head":"<!-- This site is optimized with the Yoast SEO plugin v26.7 - https:\/\/yoast.com\/wordpress\/plugins\/seo\/ -->\n<title>QUE SI! - Aribau<\/title>\n<meta name=\"robots\" content=\"index, follow, max-snippet:-1, max-image-preview:large, max-video-preview:-1\" \/>\n<link rel=\"canonical\" href=\"https:\/\/www.aribau.es\/ca\/que-si-2\/\" \/>\n<meta property=\"og:locale\" content=\"ca_ES\" \/>\n<meta property=\"og:type\" content=\"article\" \/>\n<meta property=\"og:title\" content=\"QUE SI! - Aribau\" \/>\n<meta property=\"og:description\" content=\"que si! Con este vino queremos hacer llegar a todos los p\u00fablicos las caracter\u00edsticas de una zona vitivin\u00edcola tan especial como es el Priorat. Por eso en su elaboraci\u00f3n solo hemos utilizado las dos variedades de m\u00e1s tradici\u00f3n vitivin\u00edcola de la zona que son la garnacha tinta y la cari\u00f1ena.&nbsp; En la elaboraci\u00f3n de este ... Llegiu m\u00e9s\" \/>\n<meta property=\"og:url\" content=\"https:\/\/www.aribau.es\/ca\/que-si-2\/\" \/>\n<meta property=\"og:site_name\" content=\"Aribau\" \/>\n<meta property=\"article:publisher\" content=\"https:\/\/www.facebook.com\/aribau1964\/\" \/>\n<meta property=\"article:modified_time\" content=\"2021-06-29T15:26:56+00:00\" \/>\n<meta property=\"og:image\" content=\"https:\/\/www.aribau.es\/wp-content\/uploads\/2021\/06\/image-1024x197.png\" \/>\n<meta name=\"twitter:card\" content=\"summary_large_image\" \/>\n<meta name=\"twitter:site\" content=\"@aribau1964\" \/>\n<meta name=\"twitter:label1\" content=\"Temps estimat de lectura\" \/>\n\t<meta name=\"twitter:data1\" content=\"2 minuts\" \/>\n<script type=\"application\/ld+json\" class=\"yoast-schema-graph\">{\"@context\":\"https:\/\/schema.org\",\"@graph\":[{\"@type\":\"WebPage\",\"@id\":\"https:\/\/www.aribau.es\/que-si-2\/\",\"url\":\"https:\/\/www.aribau.es\/que-si-2\/\",\"name\":\"QUE SI! - Aribau\",\"isPartOf\":{\"@id\":\"https:\/\/www.aribau.es\/#website\"},\"primaryImageOfPage\":{\"@id\":\"https:\/\/www.aribau.es\/que-si-2\/#primaryimage\"},\"image\":{\"@id\":\"https:\/\/www.aribau.es\/que-si-2\/#primaryimage\"},\"thumbnailUrl\":\"https:\/\/www.aribau.es\/wp-content\/uploads\/2021\/06\/image-1024x197.png\",\"datePublished\":\"2021-03-30T00:02:48+00:00\",\"dateModified\":\"2021-06-29T15:26:56+00:00\",\"breadcrumb\":{\"@id\":\"https:\/\/www.aribau.es\/que-si-2\/#breadcrumb\"},\"inLanguage\":\"ca\",\"potentialAction\":[{\"@type\":\"ReadAction\",\"target\":[\"https:\/\/www.aribau.es\/que-si-2\/\"]}]},{\"@type\":\"ImageObject\",\"inLanguage\":\"ca\",\"@id\":\"https:\/\/www.aribau.es\/que-si-2\/#primaryimage\",\"url\":\"https:\/\/www.aribau.es\/wp-content\/uploads\/2021\/06\/image-1024x197.png\",\"contentUrl\":\"https:\/\/www.aribau.es\/wp-content\/uploads\/2021\/06\/image-1024x197.png\"},{\"@type\":\"BreadcrumbList\",\"@id\":\"https:\/\/www.aribau.es\/que-si-2\/#breadcrumb\",\"itemListElement\":[{\"@type\":\"ListItem\",\"position\":1,\"name\":\"Portada\",\"item\":\"https:\/\/www.aribau.es\/\"},{\"@type\":\"ListItem\",\"position\":2,\"name\":\"QUE SI!\"}]},{\"@type\":\"WebSite\",\"@id\":\"https:\/\/www.aribau.es\/#website\",\"url\":\"https:\/\/www.aribau.es\/\",\"name\":\"Aribau\",\"description\":\"VINOS Y BODEGAS\",\"publisher\":{\"@id\":\"https:\/\/www.aribau.es\/#organization\"},\"potentialAction\":[{\"@type\":\"SearchAction\",\"target\":{\"@type\":\"EntryPoint\",\"urlTemplate\":\"https:\/\/www.aribau.es\/?s={search_term_string}\"},\"query-input\":{\"@type\":\"PropertyValueSpecification\",\"valueRequired\":true,\"valueName\":\"search_term_string\"}}],\"inLanguage\":\"ca\"},{\"@type\":\"Organization\",\"@id\":\"https:\/\/www.aribau.es\/#organization\",\"name\":\"Aribau\",\"url\":\"https:\/\/www.aribau.es\/\",\"logo\":{\"@type\":\"ImageObject\",\"inLanguage\":\"ca\",\"@id\":\"https:\/\/www.aribau.es\/#\/schema\/logo\/image\/\",\"url\":\"https:\/\/www.aribau.es\/wp-content\/uploads\/2022\/03\/logo.png\",\"contentUrl\":\"https:\/\/www.aribau.es\/wp-content\/uploads\/2022\/03\/logo.png\",\"width\":300,\"height\":300,\"caption\":\"Aribau\"},\"image\":{\"@id\":\"https:\/\/www.aribau.es\/#\/schema\/logo\/image\/\"},\"sameAs\":[\"https:\/\/www.facebook.com\/aribau1964\/\",\"https:\/\/x.com\/aribau1964\",\"https:\/\/www.instagram.com\/aribau1964\/\"]}]}<\/script>\n<!-- \/ Yoast SEO plugin. -->","yoast_head_json":{"title":"QUE SI! - Aribau","robots":{"index":"index","follow":"follow","max-snippet":"max-snippet:-1","max-image-preview":"max-image-preview:large","max-video-preview":"max-video-preview:-1"},"canonical":"https:\/\/www.aribau.es\/ca\/que-si-2\/","og_locale":"ca_ES","og_type":"article","og_title":"QUE SI! - Aribau","og_description":"que si! Con este vino queremos hacer llegar a todos los p\u00fablicos las caracter\u00edsticas de una zona vitivin\u00edcola tan especial como es el Priorat. Por eso en su elaboraci\u00f3n solo hemos utilizado las dos variedades de m\u00e1s tradici\u00f3n vitivin\u00edcola de la zona que son la garnacha tinta y la cari\u00f1ena.&nbsp; En la elaboraci\u00f3n de este ... Llegiu m\u00e9s","og_url":"https:\/\/www.aribau.es\/ca\/que-si-2\/","og_site_name":"Aribau","article_publisher":"https:\/\/www.facebook.com\/aribau1964\/","article_modified_time":"2021-06-29T15:26:56+00:00","og_image":[{"url":"https:\/\/www.aribau.es\/wp-content\/uploads\/2021\/06\/image-1024x197.png","type":"","width":"","height":""}],"twitter_card":"summary_large_image","twitter_site":"@aribau1964","twitter_misc":{"Temps estimat de lectura":"2 minuts"},"schema":{"@context":"https:\/\/schema.org","@graph":[{"@type":"WebPage","@id":"https:\/\/www.aribau.es\/que-si-2\/","url":"https:\/\/www.aribau.es\/que-si-2\/","name":"QUE SI! - Aribau","isPartOf":{"@id":"https:\/\/www.aribau.es\/#website"},"primaryImageOfPage":{"@id":"https:\/\/www.aribau.es\/que-si-2\/#primaryimage"},"image":{"@id":"https:\/\/www.aribau.es\/que-si-2\/#primaryimage"},"thumbnailUrl":"https:\/\/www.aribau.es\/wp-content\/uploads\/2021\/06\/image-1024x197.png","datePublished":"2021-03-30T00:02:48+00:00","dateModified":"2021-06-29T15:26:56+00:00","breadcrumb":{"@id":"https:\/\/www.aribau.es\/que-si-2\/#breadcrumb"},"inLanguage":"ca","potentialAction":[{"@type":"ReadAction","target":["https:\/\/www.aribau.es\/que-si-2\/"]}]},{"@type":"ImageObject","inLanguage":"ca","@id":"https:\/\/www.aribau.es\/que-si-2\/#primaryimage","url":"https:\/\/www.aribau.es\/wp-content\/uploads\/2021\/06\/image-1024x197.png","contentUrl":"https:\/\/www.aribau.es\/wp-content\/uploads\/2021\/06\/image-1024x197.png"},{"@type":"BreadcrumbList","@id":"https:\/\/www.aribau.es\/que-si-2\/#breadcrumb","itemListElement":[{"@type":"ListItem","position":1,"name":"Portada","item":"https:\/\/www.aribau.es\/"},{"@type":"ListItem","position":2,"name":"QUE SI!"}]},{"@type":"WebSite","@id":"https:\/\/www.aribau.es\/#website","url":"https:\/\/www.aribau.es\/","name":"Aribau","description":"VINOS Y BODEGAS","publisher":{"@id":"https:\/\/www.aribau.es\/#organization"},"potentialAction":[{"@type":"SearchAction","target":{"@type":"EntryPoint","urlTemplate":"https:\/\/www.aribau.es\/?s={search_term_string}"},"query-input":{"@type":"PropertyValueSpecification","valueRequired":true,"valueName":"search_term_string"}}],"inLanguage":"ca"},{"@type":"Organization","@id":"https:\/\/www.aribau.es\/#organization","name":"Aribau","url":"https:\/\/www.aribau.es\/","logo":{"@type":"ImageObject","inLanguage":"ca","@id":"https:\/\/www.aribau.es\/#\/schema\/logo\/image\/","url":"https:\/\/www.aribau.es\/wp-content\/uploads\/2022\/03\/logo.png","contentUrl":"https:\/\/www.aribau.es\/wp-content\/uploads\/2022\/03\/logo.png","width":300,"height":300,"caption":"Aribau"},"image":{"@id":"https:\/\/www.aribau.es\/#\/schema\/logo\/image\/"},"sameAs":["https:\/\/www.facebook.com\/aribau1964\/","https:\/\/x.com\/aribau1964","https:\/\/www.instagram.com\/aribau1964\/"]}]}},"_links":{"self":[{"href":"https:\/\/www.aribau.es\/ca\/wp-json\/wp\/v2\/pages\/8974","targetHints":{"allow":["GET"]}}],"collection":[{"href":"https:\/\/www.aribau.es\/ca\/wp-json\/wp\/v2\/pages"}],"about":[{"href":"https:\/\/www.aribau.es\/ca\/wp-json\/wp\/v2\/types\/page"}],"author":[{"embeddable":true,"href":"https:\/\/www.aribau.es\/ca\/wp-json\/wp\/v2\/users\/3"}],"replies":[{"embeddable":true,"href":"https:\/\/www.aribau.es\/ca\/wp-json\/wp\/v2\/comments?post=8974"}],"version-history":[{"count":19,"href":"https:\/\/www.aribau.es\/ca\/wp-json\/wp\/v2\/pages\/8974\/revisions"}],"predecessor-version":[{"id":11813,"href":"https:\/\/www.aribau.es\/ca\/wp-json\/wp\/v2\/pages\/8974\/revisions\/11813"}],"wp:attachment":[{"href":"https:\/\/www.aribau.es\/ca\/wp-json\/wp\/v2\/media?parent=8974"}],"curies":[{"name":"wp","href":"https:\/\/api.w.org\/{rel}","templated":true}]}}