{"id":8980,"date":"2021-03-30T01:05:55","date_gmt":"2021-03-30T00:05:55","guid":{"rendered":"https:\/\/www.aribau.es\/?page_id=8980"},"modified":"2021-06-29T16:02:20","modified_gmt":"2021-06-29T15:02:20","slug":"bertsolari","status":"publish","type":"page","link":"https:\/\/www.aribau.es\/ca\/bertsolari\/","title":{"rendered":"BERTSOLARI"},"content":{"rendered":"<div data-elementor-type=\"wp-page\" data-elementor-id=\"8980\" class=\"elementor elementor-8980\">\n\t\t\t\t\t\t<section class=\"elementor-section elementor-top-section elementor-element elementor-element-1cc7c386 elementor-section-full_width elementor-section-height-default elementor-section-height-default elementor-invisible\" data-id=\"1cc7c386\" data-element_type=\"section\" data-settings=\"{&quot;animation&quot;:&quot;fadeInUp&quot;}\">\n\t\t\t\t\t\t<div class=\"elementor-container elementor-column-gap-default\">\n\t\t\t\t\t<div class=\"elementor-column elementor-col-50 elementor-top-column elementor-element elementor-element-8e60814\" data-id=\"8e60814\" data-element_type=\"column\" data-settings=\"{&quot;background_background&quot;:&quot;classic&quot;}\">\n\t\t\t<div class=\"elementor-widget-wrap\">\n\t\t\t\t\t\t\t<\/div>\n\t\t<\/div>\n\t\t\t\t<div class=\"elementor-column elementor-col-50 elementor-top-column elementor-element elementor-element-572bc4fc\" data-id=\"572bc4fc\" data-element_type=\"column\" data-settings=\"{&quot;background_background&quot;:&quot;classic&quot;}\">\n\t\t\t<div class=\"elementor-widget-wrap elementor-element-populated\">\n\t\t\t\t\t\t<div class=\"elementor-element elementor-element-4be3543 elementor-widget elementor-widget-spacer\" data-id=\"4be3543\" data-element_type=\"widget\" data-widget_type=\"spacer.default\">\n\t\t\t\t<div class=\"elementor-widget-container\">\n\t\t\t\t\t\t\t<div class=\"elementor-spacer\">\n\t\t\t<div class=\"elementor-spacer-inner\"><\/div>\n\t\t<\/div>\n\t\t\t\t\t\t<\/div>\n\t\t\t\t<\/div>\n\t\t\t\t<div class=\"elementor-element elementor-element-f0ee70a elementor-widget elementor-widget-image\" data-id=\"f0ee70a\" data-element_type=\"widget\" data-widget_type=\"image.default\">\n\t\t\t\t<div class=\"elementor-widget-container\">\n\t\t\t\t\t\t\t\t\t\t\t\t\t\t\t\t<a href=\"https:\/\/www.aribau.es\/ca\/witty-wines\/\">\n\t\t\t\t\t\t\t<img fetchpriority=\"high\" decoding=\"async\" width=\"825\" height=\"159\" src=\"https:\/\/www.aribau.es\/wp-content\/uploads\/2021\/06\/image-1024x197.png\" class=\"attachment-large size-large wp-image-11745\" alt=\"\" srcset=\"https:\/\/www.aribau.es\/wp-content\/uploads\/2021\/06\/image-1024x197.png 1024w, https:\/\/www.aribau.es\/wp-content\/uploads\/2021\/06\/image-300x58.png 300w, https:\/\/www.aribau.es\/wp-content\/uploads\/2021\/06\/image-768x148.png 768w, https:\/\/www.aribau.es\/wp-content\/uploads\/2021\/06\/image-1536x296.png 1536w, https:\/\/www.aribau.es\/wp-content\/uploads\/2021\/06\/image-2048x395.png 2048w, https:\/\/www.aribau.es\/wp-content\/uploads\/2021\/06\/image-16x3.png 16w\" sizes=\"(max-width: 825px) 100vw, 825px\" \/>\t\t\t\t\t\t\t\t<\/a>\n\t\t\t\t\t\t\t\t\t\t\t\t\t\t\t<\/div>\n\t\t\t\t<\/div>\n\t\t\t\t<div class=\"elementor-element elementor-element-11b4d5c elementor-widget elementor-widget-image\" data-id=\"11b4d5c\" data-element_type=\"widget\" data-widget_type=\"image.default\">\n\t\t\t\t<div class=\"elementor-widget-container\">\n\t\t\t\t\t\t\t\t\t\t\t\t\t\t\t<img decoding=\"async\" width=\"668\" height=\"323\" src=\"https:\/\/www.aribau.es\/wp-content\/uploads\/2021\/06\/image-5.png\" class=\"attachment-large size-large wp-image-11791\" alt=\"\" srcset=\"https:\/\/www.aribau.es\/wp-content\/uploads\/2021\/06\/image-5.png 668w, https:\/\/www.aribau.es\/wp-content\/uploads\/2021\/06\/image-5-300x145.png 300w, https:\/\/www.aribau.es\/wp-content\/uploads\/2021\/06\/image-5-16x8.png 16w\" sizes=\"(max-width: 668px) 100vw, 668px\" \/>\t\t\t\t\t\t\t\t\t\t\t\t\t\t\t<\/div>\n\t\t\t\t<\/div>\n\t\t\t\t<div class=\"elementor-element elementor-element-692d3bde elementor-invisible elementor-widget elementor-widget-text-editor\" data-id=\"692d3bde\" data-element_type=\"widget\" data-settings=\"{&quot;_animation&quot;:&quot;fadeIn&quot;}\" data-widget_type=\"text-editor.default\">\n\t\t\t\t<div class=\"elementor-widget-container\">\n\t\t\t\t\t\t\t\t\t<p>\u00c9s un vi aromatitzat preparat a base de vi, sucre, alcohol i una maceraci\u00f3 de diferents bot\u00e0nics on destaca la artem\u00edsia o donzell, donant com a resultat un caracter\u00edstic sabor dol\u00e7, amarg i arom\u00e0tic, tan apreciat per prendre en c\u00f2ctel o en aperitiu.<\/p><p>Aquesta classe de beguda t\u00e9 els seus or\u00edgens en Hip\u00f2crates, metge de l'antiguitat, que va inventar el \u00abvi hipocr\u00e0tic\u00bb (barreja de vi amb flors d'absenta, entre d'altres). Al s.XVI adopta a Bavaria el nom d'una planta anomenada ajento o wermut. Durant el segle XVIII es posa de moda entre la noblesa piemontesa i \u00e9s aqu\u00ed, a la frontera franco-italiana, on la producci\u00f3 del vermut esdev\u00e9 industrial, afegint molts m\u00e9s ingredients i esp\u00e8cies del lluny\u00e0 Orient.<\/p><p>Amb el pas el temps, la paraula ha adquirit sentit gen\u00e8ric per definir l'aperitiu -qualsevol beguda amb unes tapes- pr\u00e8via al menjar. D'aqu\u00ed l'expressi\u00f3 \u00abanem a fer el vermut\u00bb.<\/p>\t\t\t\t\t\t\t\t<\/div>\n\t\t\t\t<\/div>\n\t\t\t\t<div class=\"elementor-element elementor-element-a43e0b0 elementor-align-center elementor-widget elementor-widget-button\" data-id=\"a43e0b0\" data-element_type=\"widget\" data-settings=\"{&quot;_animation&quot;:&quot;none&quot;}\" data-widget_type=\"button.default\">\n\t\t\t\t<div class=\"elementor-widget-container\">\n\t\t\t\t\t\t\t\t\t<div class=\"elementor-button-wrapper\">\n\t\t\t\t\t<a class=\"elementor-button elementor-button-link elementor-size-xs elementor-animation-grow\" href=\"https:\/\/www.aribau.es\/ca\/ficha-tecnica-bertsolari\/\">\n\t\t\t\t\t\t<span class=\"elementor-button-content-wrapper\">\n\t\t\t\t\t\t\t\t\t<span class=\"elementor-button-text\">FITXA T\u00c8CNICA<\/span>\n\t\t\t\t\t<\/span>\n\t\t\t\t\t<\/a>\n\t\t\t\t<\/div>\n\t\t\t\t\t\t\t\t<\/div>\n\t\t\t\t<\/div>\n\t\t\t\t<div class=\"elementor-element elementor-element-37e6212 elementor-widget elementor-widget-spacer\" data-id=\"37e6212\" data-element_type=\"widget\" data-widget_type=\"spacer.default\">\n\t\t\t\t<div class=\"elementor-widget-container\">\n\t\t\t\t\t\t\t<div class=\"elementor-spacer\">\n\t\t\t<div class=\"elementor-spacer-inner\"><\/div>\n\t\t<\/div>\n\t\t\t\t\t\t<\/div>\n\t\t\t\t<\/div>\n\t\t\t\t\t<\/div>\n\t\t<\/div>\n\t\t\t\t\t<\/div>\n\t\t<\/section>\n\t\t\t\t<section class=\"elementor-section elementor-top-section elementor-element elementor-element-5dc90d5 elementor-section-boxed elementor-section-height-default elementor-section-height-default\" data-id=\"5dc90d5\" data-element_type=\"section\">\n\t\t\t\t\t\t<div class=\"elementor-container elementor-column-gap-default\">\n\t\t\t\t\t<div class=\"elementor-column elementor-col-100 elementor-top-column elementor-element elementor-element-b327e99\" data-id=\"b327e99\" data-element_type=\"column\">\n\t\t\t<div class=\"elementor-widget-wrap elementor-element-populated\">\n\t\t\t\t\t\t<div class=\"elementor-element elementor-element-10ee13f elementor-widget elementor-widget-spacer\" data-id=\"10ee13f\" data-element_type=\"widget\" data-widget_type=\"spacer.default\">\n\t\t\t\t<div class=\"elementor-widget-container\">\n\t\t\t\t\t\t\t<div class=\"elementor-spacer\">\n\t\t\t<div class=\"elementor-spacer-inner\"><\/div>\n\t\t<\/div>\n\t\t\t\t\t\t<\/div>\n\t\t\t\t<\/div>\n\t\t\t\t\t<\/div>\n\t\t<\/div>\n\t\t\t\t\t<\/div>\n\t\t<\/section>\n\t\t\t\t<\/div>","protected":false},"excerpt":{"rendered":"<p>Es un vino aromatizado preparado a base de vino, az\u00facar, alcohol y una maceraci\u00f3n de diferentes bot\u00e1nicos donde destaca la artemisia o ajenjo, dando como resultado un caracter\u00edstico sabor dulce, amargo y arom\u00e1tico, tan apreciado por tomar en c\u00f3ctel o en aperitivo. Esta clase de bebida tiene sus or\u00edgenes en Hip\u00f3crates, m\u00e9dico de la antig\u00fcedad, &#8230; <a title=\"BERTSOLARI\" class=\"read-more\" href=\"https:\/\/www.aribau.es\/ca\/bertsolari\/\" aria-label=\"M\u00e9s informaci\u00f3 sobre BERTSOLARI\">Llegiu m\u00e9s<\/a><\/p>","protected":false},"author":3,"featured_media":0,"parent":0,"menu_order":0,"comment_status":"closed","ping_status":"closed","template":"elementor_header_footer","meta":{"footnotes":""},"class_list":["post-8980","page","type-page","status-publish"],"yoast_head":"<!-- This site is optimized with the Yoast SEO plugin v26.7 - https:\/\/yoast.com\/wordpress\/plugins\/seo\/ -->\n<title>BERTSOLARI - Aribau<\/title>\n<meta name=\"robots\" content=\"index, follow, max-snippet:-1, max-image-preview:large, max-video-preview:-1\" \/>\n<link rel=\"canonical\" href=\"https:\/\/www.aribau.es\/ca\/bertsolari\/\" \/>\n<meta property=\"og:locale\" content=\"ca_ES\" \/>\n<meta property=\"og:type\" content=\"article\" \/>\n<meta property=\"og:title\" content=\"BERTSOLARI - Aribau\" \/>\n<meta property=\"og:description\" content=\"Es un vino aromatizado preparado a base de vino, az\u00facar, alcohol y una maceraci\u00f3n de diferentes bot\u00e1nicos donde destaca la artemisia o ajenjo, dando como resultado un caracter\u00edstico sabor dulce, amargo y arom\u00e1tico, tan apreciado por tomar en c\u00f3ctel o en aperitivo. Esta clase de bebida tiene sus or\u00edgenes en Hip\u00f3crates, m\u00e9dico de la antig\u00fcedad, ... Llegiu m\u00e9s\" \/>\n<meta property=\"og:url\" content=\"https:\/\/www.aribau.es\/ca\/bertsolari\/\" \/>\n<meta property=\"og:site_name\" content=\"Aribau\" \/>\n<meta property=\"article:publisher\" content=\"https:\/\/www.facebook.com\/aribau1964\/\" \/>\n<meta property=\"article:modified_time\" content=\"2021-06-29T15:02:20+00:00\" \/>\n<meta property=\"og:image\" content=\"https:\/\/www.aribau.es\/wp-content\/uploads\/2021\/06\/image-1024x197.png\" \/>\n<meta name=\"twitter:card\" content=\"summary_large_image\" \/>\n<meta name=\"twitter:site\" content=\"@aribau1964\" \/>\n<meta name=\"twitter:label1\" content=\"Temps estimat de lectura\" \/>\n\t<meta name=\"twitter:data1\" content=\"1 minut\" \/>\n<script type=\"application\/ld+json\" class=\"yoast-schema-graph\">{\"@context\":\"https:\/\/schema.org\",\"@graph\":[{\"@type\":\"WebPage\",\"@id\":\"https:\/\/www.aribau.es\/bertsolari\/\",\"url\":\"https:\/\/www.aribau.es\/bertsolari\/\",\"name\":\"BERTSOLARI - Aribau\",\"isPartOf\":{\"@id\":\"https:\/\/www.aribau.es\/#website\"},\"primaryImageOfPage\":{\"@id\":\"https:\/\/www.aribau.es\/bertsolari\/#primaryimage\"},\"image\":{\"@id\":\"https:\/\/www.aribau.es\/bertsolari\/#primaryimage\"},\"thumbnailUrl\":\"https:\/\/www.aribau.es\/wp-content\/uploads\/2021\/06\/image-1024x197.png\",\"datePublished\":\"2021-03-30T00:05:55+00:00\",\"dateModified\":\"2021-06-29T15:02:20+00:00\",\"breadcrumb\":{\"@id\":\"https:\/\/www.aribau.es\/bertsolari\/#breadcrumb\"},\"inLanguage\":\"ca\",\"potentialAction\":[{\"@type\":\"ReadAction\",\"target\":[\"https:\/\/www.aribau.es\/bertsolari\/\"]}]},{\"@type\":\"ImageObject\",\"inLanguage\":\"ca\",\"@id\":\"https:\/\/www.aribau.es\/bertsolari\/#primaryimage\",\"url\":\"https:\/\/www.aribau.es\/wp-content\/uploads\/2021\/06\/image-1024x197.png\",\"contentUrl\":\"https:\/\/www.aribau.es\/wp-content\/uploads\/2021\/06\/image-1024x197.png\"},{\"@type\":\"BreadcrumbList\",\"@id\":\"https:\/\/www.aribau.es\/bertsolari\/#breadcrumb\",\"itemListElement\":[{\"@type\":\"ListItem\",\"position\":1,\"name\":\"Portada\",\"item\":\"https:\/\/www.aribau.es\/\"},{\"@type\":\"ListItem\",\"position\":2,\"name\":\"BERTSOLARI\"}]},{\"@type\":\"WebSite\",\"@id\":\"https:\/\/www.aribau.es\/#website\",\"url\":\"https:\/\/www.aribau.es\/\",\"name\":\"Aribau\",\"description\":\"VINOS Y BODEGAS\",\"publisher\":{\"@id\":\"https:\/\/www.aribau.es\/#organization\"},\"potentialAction\":[{\"@type\":\"SearchAction\",\"target\":{\"@type\":\"EntryPoint\",\"urlTemplate\":\"https:\/\/www.aribau.es\/?s={search_term_string}\"},\"query-input\":{\"@type\":\"PropertyValueSpecification\",\"valueRequired\":true,\"valueName\":\"search_term_string\"}}],\"inLanguage\":\"ca\"},{\"@type\":\"Organization\",\"@id\":\"https:\/\/www.aribau.es\/#organization\",\"name\":\"Aribau\",\"url\":\"https:\/\/www.aribau.es\/\",\"logo\":{\"@type\":\"ImageObject\",\"inLanguage\":\"ca\",\"@id\":\"https:\/\/www.aribau.es\/#\/schema\/logo\/image\/\",\"url\":\"https:\/\/www.aribau.es\/wp-content\/uploads\/2022\/03\/logo.png\",\"contentUrl\":\"https:\/\/www.aribau.es\/wp-content\/uploads\/2022\/03\/logo.png\",\"width\":300,\"height\":300,\"caption\":\"Aribau\"},\"image\":{\"@id\":\"https:\/\/www.aribau.es\/#\/schema\/logo\/image\/\"},\"sameAs\":[\"https:\/\/www.facebook.com\/aribau1964\/\",\"https:\/\/x.com\/aribau1964\",\"https:\/\/www.instagram.com\/aribau1964\/\"]}]}<\/script>\n<!-- \/ Yoast SEO plugin. -->","yoast_head_json":{"title":"BERTSOLARI - Aribau","robots":{"index":"index","follow":"follow","max-snippet":"max-snippet:-1","max-image-preview":"max-image-preview:large","max-video-preview":"max-video-preview:-1"},"canonical":"https:\/\/www.aribau.es\/ca\/bertsolari\/","og_locale":"ca_ES","og_type":"article","og_title":"BERTSOLARI - Aribau","og_description":"Es un vino aromatizado preparado a base de vino, az\u00facar, alcohol y una maceraci\u00f3n de diferentes bot\u00e1nicos donde destaca la artemisia o ajenjo, dando como resultado un caracter\u00edstico sabor dulce, amargo y arom\u00e1tico, tan apreciado por tomar en c\u00f3ctel o en aperitivo. Esta clase de bebida tiene sus or\u00edgenes en Hip\u00f3crates, m\u00e9dico de la antig\u00fcedad, ... Llegiu m\u00e9s","og_url":"https:\/\/www.aribau.es\/ca\/bertsolari\/","og_site_name":"Aribau","article_publisher":"https:\/\/www.facebook.com\/aribau1964\/","article_modified_time":"2021-06-29T15:02:20+00:00","og_image":[{"url":"https:\/\/www.aribau.es\/wp-content\/uploads\/2021\/06\/image-1024x197.png","type":"","width":"","height":""}],"twitter_card":"summary_large_image","twitter_site":"@aribau1964","twitter_misc":{"Temps estimat de lectura":"1 minut"},"schema":{"@context":"https:\/\/schema.org","@graph":[{"@type":"WebPage","@id":"https:\/\/www.aribau.es\/bertsolari\/","url":"https:\/\/www.aribau.es\/bertsolari\/","name":"BERTSOLARI - Aribau","isPartOf":{"@id":"https:\/\/www.aribau.es\/#website"},"primaryImageOfPage":{"@id":"https:\/\/www.aribau.es\/bertsolari\/#primaryimage"},"image":{"@id":"https:\/\/www.aribau.es\/bertsolari\/#primaryimage"},"thumbnailUrl":"https:\/\/www.aribau.es\/wp-content\/uploads\/2021\/06\/image-1024x197.png","datePublished":"2021-03-30T00:05:55+00:00","dateModified":"2021-06-29T15:02:20+00:00","breadcrumb":{"@id":"https:\/\/www.aribau.es\/bertsolari\/#breadcrumb"},"inLanguage":"ca","potentialAction":[{"@type":"ReadAction","target":["https:\/\/www.aribau.es\/bertsolari\/"]}]},{"@type":"ImageObject","inLanguage":"ca","@id":"https:\/\/www.aribau.es\/bertsolari\/#primaryimage","url":"https:\/\/www.aribau.es\/wp-content\/uploads\/2021\/06\/image-1024x197.png","contentUrl":"https:\/\/www.aribau.es\/wp-content\/uploads\/2021\/06\/image-1024x197.png"},{"@type":"BreadcrumbList","@id":"https:\/\/www.aribau.es\/bertsolari\/#breadcrumb","itemListElement":[{"@type":"ListItem","position":1,"name":"Portada","item":"https:\/\/www.aribau.es\/"},{"@type":"ListItem","position":2,"name":"BERTSOLARI"}]},{"@type":"WebSite","@id":"https:\/\/www.aribau.es\/#website","url":"https:\/\/www.aribau.es\/","name":"Aribau","description":"VINOS Y BODEGAS","publisher":{"@id":"https:\/\/www.aribau.es\/#organization"},"potentialAction":[{"@type":"SearchAction","target":{"@type":"EntryPoint","urlTemplate":"https:\/\/www.aribau.es\/?s={search_term_string}"},"query-input":{"@type":"PropertyValueSpecification","valueRequired":true,"valueName":"search_term_string"}}],"inLanguage":"ca"},{"@type":"Organization","@id":"https:\/\/www.aribau.es\/#organization","name":"Aribau","url":"https:\/\/www.aribau.es\/","logo":{"@type":"ImageObject","inLanguage":"ca","@id":"https:\/\/www.aribau.es\/#\/schema\/logo\/image\/","url":"https:\/\/www.aribau.es\/wp-content\/uploads\/2022\/03\/logo.png","contentUrl":"https:\/\/www.aribau.es\/wp-content\/uploads\/2022\/03\/logo.png","width":300,"height":300,"caption":"Aribau"},"image":{"@id":"https:\/\/www.aribau.es\/#\/schema\/logo\/image\/"},"sameAs":["https:\/\/www.facebook.com\/aribau1964\/","https:\/\/x.com\/aribau1964","https:\/\/www.instagram.com\/aribau1964\/"]}]}},"_links":{"self":[{"href":"https:\/\/www.aribau.es\/ca\/wp-json\/wp\/v2\/pages\/8980","targetHints":{"allow":["GET"]}}],"collection":[{"href":"https:\/\/www.aribau.es\/ca\/wp-json\/wp\/v2\/pages"}],"about":[{"href":"https:\/\/www.aribau.es\/ca\/wp-json\/wp\/v2\/types\/page"}],"author":[{"embeddable":true,"href":"https:\/\/www.aribau.es\/ca\/wp-json\/wp\/v2\/users\/3"}],"replies":[{"embeddable":true,"href":"https:\/\/www.aribau.es\/ca\/wp-json\/wp\/v2\/comments?post=8980"}],"version-history":[{"count":25,"href":"https:\/\/www.aribau.es\/ca\/wp-json\/wp\/v2\/pages\/8980\/revisions"}],"predecessor-version":[{"id":11794,"href":"https:\/\/www.aribau.es\/ca\/wp-json\/wp\/v2\/pages\/8980\/revisions\/11794"}],"wp:attachment":[{"href":"https:\/\/www.aribau.es\/ca\/wp-json\/wp\/v2\/media?parent=8980"}],"curies":[{"name":"wp","href":"https:\/\/api.w.org\/{rel}","templated":true}]}}