{"id":9007,"date":"2021-03-30T01:21:44","date_gmt":"2021-03-30T00:21:44","guid":{"rendered":"https:\/\/www.aribau.es\/?page_id=9007"},"modified":"2024-08-26T11:53:04","modified_gmt":"2024-08-26T10:53:04","slug":"ficha-tecnica-mar-salada-blanco","status":"publish","type":"page","link":"https:\/\/www.aribau.es\/ca\/ficha-tecnica-mar-salada-blanco\/","title":{"rendered":"FICHA T\u00c9CNICA MAR SALADA BLANCO"},"content":{"rendered":"<div data-elementor-type=\"wp-page\" data-elementor-id=\"9007\" class=\"elementor elementor-9007\">\n\t\t\t\t\t\t<section class=\"elementor-section elementor-top-section elementor-element elementor-element-e50ac70 elementor-section-boxed elementor-section-height-default elementor-section-height-default\" data-id=\"e50ac70\" data-element_type=\"section\">\n\t\t\t\t\t\t<div class=\"elementor-container elementor-column-gap-default\">\n\t\t\t\t\t<div class=\"elementor-column elementor-col-100 elementor-top-column elementor-element elementor-element-0696e50\" data-id=\"0696e50\" data-element_type=\"column\">\n\t\t\t<div class=\"elementor-widget-wrap elementor-element-populated\">\n\t\t\t\t\t\t<div class=\"elementor-element elementor-element-d2a8a69 elementor-widget elementor-widget-heading\" data-id=\"d2a8a69\" data-element_type=\"widget\" data-widget_type=\"heading.default\">\n\t\t\t\t<div class=\"elementor-widget-container\">\n\t\t\t\t\t<h1 class=\"elementor-heading-title elementor-size-default\">MAR SALADA BLANC<\/h1>\t\t\t\t<\/div>\n\t\t\t\t<\/div>\n\t\t\t\t\t<\/div>\n\t\t<\/div>\n\t\t\t\t\t<\/div>\n\t\t<\/section>\n\t\t\t\t<section class=\"elementor-section elementor-top-section elementor-element elementor-element-5f9eb50d elementor-section-boxed elementor-section-height-default elementor-section-height-default elementor-invisible\" data-id=\"5f9eb50d\" data-element_type=\"section\" data-settings=\"{&quot;animation&quot;:&quot;fadeInUp&quot;}\">\n\t\t\t\t\t\t<div class=\"elementor-container elementor-column-gap-default\">\n\t\t\t\t\t<div class=\"elementor-column elementor-col-50 elementor-top-column elementor-element elementor-element-7a7c999e\" data-id=\"7a7c999e\" data-element_type=\"column\">\n\t\t\t<div class=\"elementor-widget-wrap elementor-element-populated\">\n\t\t\t\t\t\t<div class=\"elementor-element elementor-element-7dc84be1 elementor-widget elementor-widget-image\" data-id=\"7dc84be1\" data-element_type=\"widget\" data-widget_type=\"image.default\">\n\t\t\t\t<div class=\"elementor-widget-container\">\n\t\t\t\t\t\t\t\t\t\t\t\t\t\t\t<img fetchpriority=\"high\" decoding=\"async\" width=\"322\" height=\"800\" src=\"https:\/\/www.aribau.es\/wp-content\/uploads\/2021\/02\/marsaladablanco.jpg\" class=\"elementor-animation-grow attachment-large size-large wp-image-7250\" alt=\"\" srcset=\"https:\/\/www.aribau.es\/wp-content\/uploads\/2021\/02\/marsaladablanco.jpg 322w, https:\/\/www.aribau.es\/wp-content\/uploads\/2021\/02\/marsaladablanco-121x300.jpg 121w\" sizes=\"(max-width: 322px) 100vw, 322px\" \/>\t\t\t\t\t\t\t\t\t\t\t\t\t\t\t<\/div>\n\t\t\t\t<\/div>\n\t\t\t\t\t<\/div>\n\t\t<\/div>\n\t\t\t\t<div class=\"elementor-column elementor-col-50 elementor-top-column elementor-element elementor-element-4be58640\" data-id=\"4be58640\" data-element_type=\"column\">\n\t\t\t<div class=\"elementor-widget-wrap elementor-element-populated\">\n\t\t\t\t\t\t<div class=\"elementor-element elementor-element-1ed16f1c elementor-widget elementor-widget-text-editor\" data-id=\"1ed16f1c\" data-element_type=\"widget\" data-widget_type=\"text-editor.default\">\n\t\t\t\t<div class=\"elementor-widget-container\">\n\t\t\t\t\t\t\t\t\t<p>VARIETATS DE RA\u00cfM<\/p>\t\t\t\t\t\t\t\t<\/div>\n\t\t\t\t<\/div>\n\t\t\t\t<div class=\"elementor-element elementor-element-604e5589 elementor-widget elementor-widget-text-editor\" data-id=\"604e5589\" data-element_type=\"widget\" data-widget_type=\"text-editor.default\">\n\t\t\t\t<div class=\"elementor-widget-container\">\n\t\t\t\t\t\t\t\t\t<p>Macabeu, garnatxa blanca<\/p>\t\t\t\t\t\t\t\t<\/div>\n\t\t\t\t<\/div>\n\t\t\t\t<div class=\"elementor-element elementor-element-582f928 elementor-widget elementor-widget-text-editor\" data-id=\"582f928\" data-element_type=\"widget\" data-widget_type=\"text-editor.default\">\n\t\t\t\t<div class=\"elementor-widget-container\">\n\t\t\t\t\t\t\t\t\t<p>CRIAN\u00c7A<\/p>\t\t\t\t\t\t\t\t<\/div>\n\t\t\t\t<\/div>\n\t\t\t\t<div class=\"elementor-element elementor-element-7c1a649e elementor-widget elementor-widget-text-editor\" data-id=\"7c1a649e\" data-element_type=\"widget\" data-widget_type=\"text-editor.default\">\n\t\t\t\t<div class=\"elementor-widget-container\">\n\t\t\t\t\t\t\t\t\t<p>Sense crian\u00e7a<\/p>\t\t\t\t\t\t\t\t<\/div>\n\t\t\t\t<\/div>\n\t\t\t\t<div class=\"elementor-element elementor-element-6620707c elementor-widget elementor-widget-text-editor\" data-id=\"6620707c\" data-element_type=\"widget\" data-widget_type=\"text-editor.default\">\n\t\t\t\t<div class=\"elementor-widget-container\">\n\t\t\t\t\t\t\t\t\t<p>DENOMINACI\u00d3 D'ORIGEN<\/p>\t\t\t\t\t\t\t\t<\/div>\n\t\t\t\t<\/div>\n\t\t\t\t<div class=\"elementor-element elementor-element-6a98d66 elementor-widget elementor-widget-image\" data-id=\"6a98d66\" data-element_type=\"widget\" data-widget_type=\"image.default\">\n\t\t\t\t<div class=\"elementor-widget-container\">\n\t\t\t\t\t\t\t\t\t\t\t\t\t\t\t<img decoding=\"async\" width=\"1100\" height=\"427\" src=\"https:\/\/www.aribau.es\/wp-content\/uploads\/2021\/03\/DO-CATALUNYA.png\" class=\"attachment-full size-full wp-image-8544\" alt=\"\" srcset=\"https:\/\/www.aribau.es\/wp-content\/uploads\/2021\/03\/DO-CATALUNYA.png 1100w, https:\/\/www.aribau.es\/wp-content\/uploads\/2021\/03\/DO-CATALUNYA-300x116.png 300w, https:\/\/www.aribau.es\/wp-content\/uploads\/2021\/03\/DO-CATALUNYA-1024x397.png 1024w, https:\/\/www.aribau.es\/wp-content\/uploads\/2021\/03\/DO-CATALUNYA-768x298.png 768w\" sizes=\"(max-width: 1100px) 100vw, 1100px\" \/>\t\t\t\t\t\t\t\t\t\t\t\t\t\t\t<\/div>\n\t\t\t\t<\/div>\n\t\t\t\t<div class=\"elementor-element elementor-element-1a1ba0eb elementor-widget elementor-widget-text-editor\" data-id=\"1a1ba0eb\" data-element_type=\"widget\" data-widget_type=\"text-editor.default\">\n\t\t\t\t<div class=\"elementor-widget-container\">\n\t\t\t\t\t\t\t\t\t<p>DESCRIPCI\u00d3<\/p>\t\t\t\t\t\t\t\t<\/div>\n\t\t\t\t<\/div>\n\t\t\t\t<div class=\"elementor-element elementor-element-28250fc8 elementor-widget elementor-widget-text-editor\" data-id=\"28250fc8\" data-element_type=\"widget\" data-widget_type=\"text-editor.default\">\n\t\t\t\t<div class=\"elementor-widget-container\">\n\t\t\t\t\t\t\t\t\t<p class=\"MsoNormal\">Atractiu color groc p\u00e0l\u00b7lid verd\u00f3s amb tocs a llimona.<br \/>Aroma afruitada en el qual destaquen els tons a fruita blanca amb un lleuger fons c\u00edtric. Es presenta equilibrat i fresc en el paladar. Final llarg i agradable.<\/p><p class=\"MsoNormal\">Ideal per l'aperitiu. Excel\u00b7lent acompanyant per a amanides, peixos, mariscs, carns blanques i formatges suaus.<\/p>\t\t\t\t\t\t\t\t<\/div>\n\t\t\t\t<\/div>\n\t\t\t\t\t<\/div>\n\t\t<\/div>\n\t\t\t\t\t<\/div>\n\t\t<\/section>\n\t\t\t\t<\/div>","protected":false},"excerpt":{"rendered":"<p>mar salada blanco variedades de uva Macabeo, Garnacha Blanca Crianza Sin crianza Denominaci\u00f3n de origen descripci\u00f3n Atractiu color groc p\u00e0l\u00b7lid verd\u00f3s amb tocs a llimona.Aroma afruitada en el qual destaquen els tons a fruita blanca amb un lleuger fons c\u00edtric. Es presenta equilibrat i fresc en el paladar. Final llarg i agradable. Ideal para el &#8230; <a title=\"FICHA T\u00c9CNICA MAR SALADA BLANCO\" class=\"read-more\" href=\"https:\/\/www.aribau.es\/ca\/ficha-tecnica-mar-salada-blanco\/\" aria-label=\"M\u00e9s informaci\u00f3 sobre FICHA T\u00c9CNICA MAR SALADA BLANCO\">Llegiu m\u00e9s<\/a><\/p>","protected":false},"author":3,"featured_media":0,"parent":0,"menu_order":0,"comment_status":"closed","ping_status":"closed","template":"elementor_header_footer","meta":{"footnotes":""},"class_list":["post-9007","page","type-page","status-publish"],"yoast_head":"<!-- This site is optimized with the Yoast SEO plugin v26.7 - https:\/\/yoast.com\/wordpress\/plugins\/seo\/ -->\n<title>FICHA T\u00c9CNICA MAR SALADA BLANCO - Aribau<\/title>\n<meta name=\"robots\" content=\"index, follow, max-snippet:-1, max-image-preview:large, max-video-preview:-1\" \/>\n<link rel=\"canonical\" href=\"https:\/\/www.aribau.es\/ca\/ficha-tecnica-mar-salada-blanco\/\" \/>\n<meta property=\"og:locale\" content=\"ca_ES\" \/>\n<meta property=\"og:type\" content=\"article\" \/>\n<meta property=\"og:title\" content=\"FICHA T\u00c9CNICA MAR SALADA BLANCO - Aribau\" \/>\n<meta property=\"og:description\" content=\"mar salada blanco variedades de uva Macabeo, Garnacha Blanca Crianza Sin crianza Denominaci\u00f3n de origen descripci\u00f3n Atractiu color groc p\u00e0l\u00b7lid verd\u00f3s amb tocs a llimona.Aroma afruitada en el qual destaquen els tons a fruita blanca amb un lleuger fons c\u00edtric. Es presenta equilibrat i fresc en el paladar. Final llarg i agradable. Ideal para el ... Llegiu m\u00e9s\" \/>\n<meta property=\"og:url\" content=\"https:\/\/www.aribau.es\/ca\/ficha-tecnica-mar-salada-blanco\/\" \/>\n<meta property=\"og:site_name\" content=\"Aribau\" \/>\n<meta property=\"article:publisher\" content=\"https:\/\/www.facebook.com\/aribau1964\/\" \/>\n<meta property=\"article:modified_time\" content=\"2024-08-26T10:53:04+00:00\" \/>\n<meta property=\"og:image\" content=\"https:\/\/www.aribau.es\/wp-content\/uploads\/2021\/02\/marsaladablanco.jpg\" \/>\n<meta name=\"twitter:card\" content=\"summary_large_image\" \/>\n<meta name=\"twitter:site\" content=\"@aribau1964\" \/>\n<script type=\"application\/ld+json\" class=\"yoast-schema-graph\">{\"@context\":\"https:\/\/schema.org\",\"@graph\":[{\"@type\":\"WebPage\",\"@id\":\"https:\/\/www.aribau.es\/ficha-tecnica-mar-salada-blanco\/\",\"url\":\"https:\/\/www.aribau.es\/ficha-tecnica-mar-salada-blanco\/\",\"name\":\"FICHA T\u00c9CNICA MAR SALADA BLANCO - Aribau\",\"isPartOf\":{\"@id\":\"https:\/\/www.aribau.es\/#website\"},\"primaryImageOfPage\":{\"@id\":\"https:\/\/www.aribau.es\/ficha-tecnica-mar-salada-blanco\/#primaryimage\"},\"image\":{\"@id\":\"https:\/\/www.aribau.es\/ficha-tecnica-mar-salada-blanco\/#primaryimage\"},\"thumbnailUrl\":\"https:\/\/www.aribau.es\/wp-content\/uploads\/2021\/02\/marsaladablanco.jpg\",\"datePublished\":\"2021-03-30T00:21:44+00:00\",\"dateModified\":\"2024-08-26T10:53:04+00:00\",\"breadcrumb\":{\"@id\":\"https:\/\/www.aribau.es\/ficha-tecnica-mar-salada-blanco\/#breadcrumb\"},\"inLanguage\":\"ca\",\"potentialAction\":[{\"@type\":\"ReadAction\",\"target\":[\"https:\/\/www.aribau.es\/ficha-tecnica-mar-salada-blanco\/\"]}]},{\"@type\":\"ImageObject\",\"inLanguage\":\"ca\",\"@id\":\"https:\/\/www.aribau.es\/ficha-tecnica-mar-salada-blanco\/#primaryimage\",\"url\":\"https:\/\/www.aribau.es\/wp-content\/uploads\/2021\/02\/marsaladablanco.jpg\",\"contentUrl\":\"https:\/\/www.aribau.es\/wp-content\/uploads\/2021\/02\/marsaladablanco.jpg\"},{\"@type\":\"BreadcrumbList\",\"@id\":\"https:\/\/www.aribau.es\/ficha-tecnica-mar-salada-blanco\/#breadcrumb\",\"itemListElement\":[{\"@type\":\"ListItem\",\"position\":1,\"name\":\"Portada\",\"item\":\"https:\/\/www.aribau.es\/\"},{\"@type\":\"ListItem\",\"position\":2,\"name\":\"FICHA T\u00c9CNICA MAR SALADA BLANCO\"}]},{\"@type\":\"WebSite\",\"@id\":\"https:\/\/www.aribau.es\/#website\",\"url\":\"https:\/\/www.aribau.es\/\",\"name\":\"Aribau\",\"description\":\"VINOS Y BODEGAS\",\"publisher\":{\"@id\":\"https:\/\/www.aribau.es\/#organization\"},\"potentialAction\":[{\"@type\":\"SearchAction\",\"target\":{\"@type\":\"EntryPoint\",\"urlTemplate\":\"https:\/\/www.aribau.es\/?s={search_term_string}\"},\"query-input\":{\"@type\":\"PropertyValueSpecification\",\"valueRequired\":true,\"valueName\":\"search_term_string\"}}],\"inLanguage\":\"ca\"},{\"@type\":\"Organization\",\"@id\":\"https:\/\/www.aribau.es\/#organization\",\"name\":\"Aribau\",\"url\":\"https:\/\/www.aribau.es\/\",\"logo\":{\"@type\":\"ImageObject\",\"inLanguage\":\"ca\",\"@id\":\"https:\/\/www.aribau.es\/#\/schema\/logo\/image\/\",\"url\":\"https:\/\/www.aribau.es\/wp-content\/uploads\/2022\/03\/logo.png\",\"contentUrl\":\"https:\/\/www.aribau.es\/wp-content\/uploads\/2022\/03\/logo.png\",\"width\":300,\"height\":300,\"caption\":\"Aribau\"},\"image\":{\"@id\":\"https:\/\/www.aribau.es\/#\/schema\/logo\/image\/\"},\"sameAs\":[\"https:\/\/www.facebook.com\/aribau1964\/\",\"https:\/\/x.com\/aribau1964\",\"https:\/\/www.instagram.com\/aribau1964\/\"]}]}<\/script>\n<!-- \/ Yoast SEO plugin. -->","yoast_head_json":{"title":"FICHA T\u00c9CNICA MAR SALADA BLANCO - Aribau","robots":{"index":"index","follow":"follow","max-snippet":"max-snippet:-1","max-image-preview":"max-image-preview:large","max-video-preview":"max-video-preview:-1"},"canonical":"https:\/\/www.aribau.es\/ca\/ficha-tecnica-mar-salada-blanco\/","og_locale":"ca_ES","og_type":"article","og_title":"FICHA T\u00c9CNICA MAR SALADA BLANCO - Aribau","og_description":"mar salada blanco variedades de uva Macabeo, Garnacha Blanca Crianza Sin crianza Denominaci\u00f3n de origen descripci\u00f3n Atractiu color groc p\u00e0l\u00b7lid verd\u00f3s amb tocs a llimona.Aroma afruitada en el qual destaquen els tons a fruita blanca amb un lleuger fons c\u00edtric. Es presenta equilibrat i fresc en el paladar. Final llarg i agradable. Ideal para el ... Llegiu m\u00e9s","og_url":"https:\/\/www.aribau.es\/ca\/ficha-tecnica-mar-salada-blanco\/","og_site_name":"Aribau","article_publisher":"https:\/\/www.facebook.com\/aribau1964\/","article_modified_time":"2024-08-26T10:53:04+00:00","og_image":[{"url":"https:\/\/www.aribau.es\/wp-content\/uploads\/2021\/02\/marsaladablanco.jpg","type":"","width":"","height":""}],"twitter_card":"summary_large_image","twitter_site":"@aribau1964","schema":{"@context":"https:\/\/schema.org","@graph":[{"@type":"WebPage","@id":"https:\/\/www.aribau.es\/ficha-tecnica-mar-salada-blanco\/","url":"https:\/\/www.aribau.es\/ficha-tecnica-mar-salada-blanco\/","name":"FICHA T\u00c9CNICA MAR SALADA BLANCO - Aribau","isPartOf":{"@id":"https:\/\/www.aribau.es\/#website"},"primaryImageOfPage":{"@id":"https:\/\/www.aribau.es\/ficha-tecnica-mar-salada-blanco\/#primaryimage"},"image":{"@id":"https:\/\/www.aribau.es\/ficha-tecnica-mar-salada-blanco\/#primaryimage"},"thumbnailUrl":"https:\/\/www.aribau.es\/wp-content\/uploads\/2021\/02\/marsaladablanco.jpg","datePublished":"2021-03-30T00:21:44+00:00","dateModified":"2024-08-26T10:53:04+00:00","breadcrumb":{"@id":"https:\/\/www.aribau.es\/ficha-tecnica-mar-salada-blanco\/#breadcrumb"},"inLanguage":"ca","potentialAction":[{"@type":"ReadAction","target":["https:\/\/www.aribau.es\/ficha-tecnica-mar-salada-blanco\/"]}]},{"@type":"ImageObject","inLanguage":"ca","@id":"https:\/\/www.aribau.es\/ficha-tecnica-mar-salada-blanco\/#primaryimage","url":"https:\/\/www.aribau.es\/wp-content\/uploads\/2021\/02\/marsaladablanco.jpg","contentUrl":"https:\/\/www.aribau.es\/wp-content\/uploads\/2021\/02\/marsaladablanco.jpg"},{"@type":"BreadcrumbList","@id":"https:\/\/www.aribau.es\/ficha-tecnica-mar-salada-blanco\/#breadcrumb","itemListElement":[{"@type":"ListItem","position":1,"name":"Portada","item":"https:\/\/www.aribau.es\/"},{"@type":"ListItem","position":2,"name":"FICHA T\u00c9CNICA MAR SALADA BLANCO"}]},{"@type":"WebSite","@id":"https:\/\/www.aribau.es\/#website","url":"https:\/\/www.aribau.es\/","name":"Aribau","description":"VINOS Y BODEGAS","publisher":{"@id":"https:\/\/www.aribau.es\/#organization"},"potentialAction":[{"@type":"SearchAction","target":{"@type":"EntryPoint","urlTemplate":"https:\/\/www.aribau.es\/?s={search_term_string}"},"query-input":{"@type":"PropertyValueSpecification","valueRequired":true,"valueName":"search_term_string"}}],"inLanguage":"ca"},{"@type":"Organization","@id":"https:\/\/www.aribau.es\/#organization","name":"Aribau","url":"https:\/\/www.aribau.es\/","logo":{"@type":"ImageObject","inLanguage":"ca","@id":"https:\/\/www.aribau.es\/#\/schema\/logo\/image\/","url":"https:\/\/www.aribau.es\/wp-content\/uploads\/2022\/03\/logo.png","contentUrl":"https:\/\/www.aribau.es\/wp-content\/uploads\/2022\/03\/logo.png","width":300,"height":300,"caption":"Aribau"},"image":{"@id":"https:\/\/www.aribau.es\/#\/schema\/logo\/image\/"},"sameAs":["https:\/\/www.facebook.com\/aribau1964\/","https:\/\/x.com\/aribau1964","https:\/\/www.instagram.com\/aribau1964\/"]}]}},"_links":{"self":[{"href":"https:\/\/www.aribau.es\/ca\/wp-json\/wp\/v2\/pages\/9007","targetHints":{"allow":["GET"]}}],"collection":[{"href":"https:\/\/www.aribau.es\/ca\/wp-json\/wp\/v2\/pages"}],"about":[{"href":"https:\/\/www.aribau.es\/ca\/wp-json\/wp\/v2\/types\/page"}],"author":[{"embeddable":true,"href":"https:\/\/www.aribau.es\/ca\/wp-json\/wp\/v2\/users\/3"}],"replies":[{"embeddable":true,"href":"https:\/\/www.aribau.es\/ca\/wp-json\/wp\/v2\/comments?post=9007"}],"version-history":[{"count":22,"href":"https:\/\/www.aribau.es\/ca\/wp-json\/wp\/v2\/pages\/9007\/revisions"}],"predecessor-version":[{"id":13684,"href":"https:\/\/www.aribau.es\/ca\/wp-json\/wp\/v2\/pages\/9007\/revisions\/13684"}],"wp:attachment":[{"href":"https:\/\/www.aribau.es\/ca\/wp-json\/wp\/v2\/media?parent=9007"}],"curies":[{"name":"wp","href":"https:\/\/api.w.org\/{rel}","templated":true}]}}