{"id":9018,"date":"2021-03-30T01:26:50","date_gmt":"2021-03-30T00:26:50","guid":{"rendered":"https:\/\/www.aribau.es\/?page_id=9018"},"modified":"2025-12-05T09:47:19","modified_gmt":"2025-12-05T08:47:19","slug":"ficha-tecnica-mar-salada-rosado","status":"publish","type":"page","link":"https:\/\/www.aribau.es\/ca\/ficha-tecnica-mar-salada-rosado\/","title":{"rendered":"FICHA T\u00c9CNICA MAR SALADA ROSADO"},"content":{"rendered":"<div data-elementor-type=\"wp-page\" data-elementor-id=\"9018\" class=\"elementor elementor-9018\">\n\t\t\t\t\t\t<section class=\"elementor-section elementor-top-section elementor-element elementor-element-37ac0bf elementor-section-boxed elementor-section-height-default elementor-section-height-default\" data-id=\"37ac0bf\" data-element_type=\"section\">\n\t\t\t\t\t\t<div class=\"elementor-container elementor-column-gap-default\">\n\t\t\t\t\t<div class=\"elementor-column elementor-col-100 elementor-top-column elementor-element elementor-element-636e70e\" data-id=\"636e70e\" data-element_type=\"column\">\n\t\t\t<div class=\"elementor-widget-wrap elementor-element-populated\">\n\t\t\t\t\t\t<div class=\"elementor-element elementor-element-9d3fb8b elementor-widget elementor-widget-heading\" data-id=\"9d3fb8b\" data-element_type=\"widget\" data-widget_type=\"heading.default\">\n\t\t\t\t<div class=\"elementor-widget-container\">\n\t\t\t\t\t<h1 class=\"elementor-heading-title elementor-size-default\">MAR SALADA ROSAT<\/h1>\t\t\t\t<\/div>\n\t\t\t\t<\/div>\n\t\t\t\t\t<\/div>\n\t\t<\/div>\n\t\t\t\t\t<\/div>\n\t\t<\/section>\n\t\t\t\t<section class=\"elementor-section elementor-top-section elementor-element elementor-element-4eae76f0 elementor-section-boxed elementor-section-height-default elementor-section-height-default elementor-invisible\" data-id=\"4eae76f0\" data-element_type=\"section\" data-settings=\"{&quot;animation&quot;:&quot;fadeInUp&quot;}\">\n\t\t\t\t\t\t<div class=\"elementor-container elementor-column-gap-default\">\n\t\t\t\t\t<div class=\"elementor-column elementor-col-50 elementor-top-column elementor-element elementor-element-2db3fe88\" data-id=\"2db3fe88\" data-element_type=\"column\">\n\t\t\t<div class=\"elementor-widget-wrap elementor-element-populated\">\n\t\t\t\t\t\t<div class=\"elementor-element elementor-element-618949a4 elementor-widget elementor-widget-image\" data-id=\"618949a4\" data-element_type=\"widget\" data-widget_type=\"image.default\">\n\t\t\t\t<div class=\"elementor-widget-container\">\n\t\t\t\t\t\t\t\t\t\t\t\t\t\t\t<img fetchpriority=\"high\" decoding=\"async\" width=\"342\" height=\"1247\" src=\"https:\/\/www.aribau.es\/wp-content\/uploads\/2025\/12\/mar-salada-rosat.webp\" class=\"elementor-animation-grow attachment-full size-full wp-image-13933\" alt=\"mar salada rosat\" srcset=\"https:\/\/www.aribau.es\/wp-content\/uploads\/2025\/12\/mar-salada-rosat.webp 342w, https:\/\/www.aribau.es\/wp-content\/uploads\/2025\/12\/mar-salada-rosat-82x300.webp 82w, https:\/\/www.aribau.es\/wp-content\/uploads\/2025\/12\/mar-salada-rosat-281x1024.webp 281w, https:\/\/www.aribau.es\/wp-content\/uploads\/2025\/12\/mar-salada-rosat-3x12.webp 3w\" sizes=\"(max-width: 342px) 100vw, 342px\" \/>\t\t\t\t\t\t\t\t\t\t\t\t\t\t\t<\/div>\n\t\t\t\t<\/div>\n\t\t\t\t\t<\/div>\n\t\t<\/div>\n\t\t\t\t<div class=\"elementor-column elementor-col-50 elementor-top-column elementor-element elementor-element-15a8b476\" data-id=\"15a8b476\" data-element_type=\"column\">\n\t\t\t<div class=\"elementor-widget-wrap elementor-element-populated\">\n\t\t\t\t\t\t<div class=\"elementor-element elementor-element-4050525e elementor-widget elementor-widget-text-editor\" data-id=\"4050525e\" data-element_type=\"widget\" data-widget_type=\"text-editor.default\">\n\t\t\t\t<div class=\"elementor-widget-container\">\n\t\t\t\t\t\t\t\t\t<p>VARIETATS DE RA\u00cfM<\/p>\t\t\t\t\t\t\t\t<\/div>\n\t\t\t\t<\/div>\n\t\t\t\t<div class=\"elementor-element elementor-element-775757cd elementor-widget elementor-widget-text-editor\" data-id=\"775757cd\" data-element_type=\"widget\" data-widget_type=\"text-editor.default\">\n\t\t\t\t<div class=\"elementor-widget-container\">\n\t\t\t\t\t\t\t\t\t<p>Garnatxa negra, ull de llebre<\/p>\t\t\t\t\t\t\t\t<\/div>\n\t\t\t\t<\/div>\n\t\t\t\t<div class=\"elementor-element elementor-element-33824422 elementor-widget elementor-widget-text-editor\" data-id=\"33824422\" data-element_type=\"widget\" data-widget_type=\"text-editor.default\">\n\t\t\t\t<div class=\"elementor-widget-container\">\n\t\t\t\t\t\t\t\t\t<p>CRIAN\u00c7A<\/p>\t\t\t\t\t\t\t\t<\/div>\n\t\t\t\t<\/div>\n\t\t\t\t<div class=\"elementor-element elementor-element-73e15068 elementor-widget elementor-widget-text-editor\" data-id=\"73e15068\" data-element_type=\"widget\" data-widget_type=\"text-editor.default\">\n\t\t\t\t<div class=\"elementor-widget-container\">\n\t\t\t\t\t\t\t\t\t<p>Sense crian\u00e7a<\/p>\t\t\t\t\t\t\t\t<\/div>\n\t\t\t\t<\/div>\n\t\t\t\t<div class=\"elementor-element elementor-element-1c775aad elementor-widget elementor-widget-text-editor\" data-id=\"1c775aad\" data-element_type=\"widget\" data-widget_type=\"text-editor.default\">\n\t\t\t\t<div class=\"elementor-widget-container\">\n\t\t\t\t\t\t\t\t\t<p>DENOMINACI\u00d3 D'ORIGEN<\/p>\t\t\t\t\t\t\t\t<\/div>\n\t\t\t\t<\/div>\n\t\t\t\t<div class=\"elementor-element elementor-element-149fd732 elementor-widget elementor-widget-image\" data-id=\"149fd732\" data-element_type=\"widget\" data-widget_type=\"image.default\">\n\t\t\t\t<div class=\"elementor-widget-container\">\n\t\t\t\t\t\t\t\t\t\t\t\t\t\t\t<img decoding=\"async\" width=\"1100\" height=\"427\" src=\"https:\/\/www.aribau.es\/wp-content\/uploads\/2021\/03\/DO-CATALUNYA.png\" class=\"attachment-full size-full wp-image-8544\" alt=\"\" srcset=\"https:\/\/www.aribau.es\/wp-content\/uploads\/2021\/03\/DO-CATALUNYA.png 1100w, https:\/\/www.aribau.es\/wp-content\/uploads\/2021\/03\/DO-CATALUNYA-300x116.png 300w, https:\/\/www.aribau.es\/wp-content\/uploads\/2021\/03\/DO-CATALUNYA-1024x397.png 1024w, https:\/\/www.aribau.es\/wp-content\/uploads\/2021\/03\/DO-CATALUNYA-768x298.png 768w\" sizes=\"(max-width: 1100px) 100vw, 1100px\" \/>\t\t\t\t\t\t\t\t\t\t\t\t\t\t\t<\/div>\n\t\t\t\t<\/div>\n\t\t\t\t<div class=\"elementor-element elementor-element-50c3a688 elementor-widget elementor-widget-text-editor\" data-id=\"50c3a688\" data-element_type=\"widget\" data-widget_type=\"text-editor.default\">\n\t\t\t\t<div class=\"elementor-widget-container\">\n\t\t\t\t\t\t\t\t\t<p>DESCRIPCI\u00d3<\/p>\t\t\t\t\t\t\t\t<\/div>\n\t\t\t\t<\/div>\n\t\t\t\t<div class=\"elementor-element elementor-element-e14dd0d elementor-widget elementor-widget-text-editor\" data-id=\"e14dd0d\" data-element_type=\"widget\" data-widget_type=\"text-editor.default\">\n\t\t\t\t<div class=\"elementor-widget-container\">\n\t\t\t\t\t\t\t\t\t<p class=\"MsoNormal\">Atractiu color rosat intens on sobresurten aromes de fruites vermelles i gerds sobre un fons de maduixes. En boca presenta una entrada suau i rodona, i dona una sensaci\u00f3 ben equilibrada amb una acidesa refrescant. Ideal per l'aperitiu. Excel\u00b7lent acompanyant per a amanides, sopes, plats de pasta, pizza i tot tipus de carns amb salses amb base de crema de llet.<o:p><\/o:p><\/p>\t\t\t\t\t\t\t\t<\/div>\n\t\t\t\t<\/div>\n\t\t\t\t\t<\/div>\n\t\t<\/div>\n\t\t\t\t\t<\/div>\n\t\t<\/section>\n\t\t\t\t<\/div>","protected":false},"excerpt":{"rendered":"<p>mar salada rosado variedades de uva Garnacha negra, Tempranillo Crianza Sin crianza Denominaci\u00f3n de origen descripci\u00f3n Atractivo color rosado intenso donde sobresalen aromas de frutas rojas y frambuesas sobre un fondo de fresas. En boca presenta una entrada suave y redonda, y da una sensaci\u00f3n bien equilibrada con una acidez refrescante. Ideal para el aperitivo. &#8230; <a title=\"FICHA T\u00c9CNICA MAR SALADA ROSADO\" class=\"read-more\" href=\"https:\/\/www.aribau.es\/ca\/ficha-tecnica-mar-salada-rosado\/\" aria-label=\"M\u00e9s informaci\u00f3 sobre FICHA T\u00c9CNICA MAR SALADA ROSADO\">Llegiu m\u00e9s<\/a><\/p>","protected":false},"author":3,"featured_media":0,"parent":0,"menu_order":0,"comment_status":"closed","ping_status":"closed","template":"elementor_header_footer","meta":{"footnotes":""},"class_list":["post-9018","page","type-page","status-publish"],"yoast_head":"<!-- This site is optimized with the Yoast SEO plugin v26.7 - https:\/\/yoast.com\/wordpress\/plugins\/seo\/ -->\n<title>FICHA T\u00c9CNICA MAR SALADA ROSADO - Aribau<\/title>\n<meta name=\"robots\" content=\"index, follow, max-snippet:-1, max-image-preview:large, max-video-preview:-1\" \/>\n<link rel=\"canonical\" href=\"https:\/\/www.aribau.es\/ca\/ficha-tecnica-mar-salada-rosado\/\" \/>\n<meta property=\"og:locale\" content=\"ca_ES\" \/>\n<meta property=\"og:type\" content=\"article\" \/>\n<meta property=\"og:title\" content=\"FICHA T\u00c9CNICA MAR SALADA ROSADO - Aribau\" \/>\n<meta property=\"og:description\" content=\"mar salada rosado variedades de uva Garnacha negra, Tempranillo Crianza Sin crianza Denominaci\u00f3n de origen descripci\u00f3n Atractivo color rosado intenso donde sobresalen aromas de frutas rojas y frambuesas sobre un fondo de fresas. En boca presenta una entrada suave y redonda, y da una sensaci\u00f3n bien equilibrada con una acidez refrescante. Ideal para el aperitivo. ... Llegiu m\u00e9s\" \/>\n<meta property=\"og:url\" content=\"https:\/\/www.aribau.es\/ca\/ficha-tecnica-mar-salada-rosado\/\" \/>\n<meta property=\"og:site_name\" content=\"Aribau\" \/>\n<meta property=\"article:publisher\" content=\"https:\/\/www.facebook.com\/aribau1964\/\" \/>\n<meta property=\"article:modified_time\" content=\"2025-12-05T08:47:19+00:00\" \/>\n<meta property=\"og:image\" content=\"https:\/\/www.aribau.es\/wp-content\/uploads\/2025\/12\/mar-salada-rosat.webp\" \/>\n\t<meta property=\"og:image:width\" content=\"342\" \/>\n\t<meta property=\"og:image:height\" content=\"1247\" \/>\n\t<meta property=\"og:image:type\" content=\"image\/webp\" \/>\n<meta name=\"twitter:card\" content=\"summary_large_image\" \/>\n<meta name=\"twitter:site\" content=\"@aribau1964\" \/>\n<meta name=\"twitter:label1\" content=\"Temps estimat de lectura\" \/>\n\t<meta name=\"twitter:data1\" content=\"1 minut\" \/>\n<script type=\"application\/ld+json\" class=\"yoast-schema-graph\">{\"@context\":\"https:\/\/schema.org\",\"@graph\":[{\"@type\":\"WebPage\",\"@id\":\"https:\/\/www.aribau.es\/ficha-tecnica-mar-salada-rosado\/\",\"url\":\"https:\/\/www.aribau.es\/ficha-tecnica-mar-salada-rosado\/\",\"name\":\"FICHA T\u00c9CNICA MAR SALADA ROSADO - Aribau\",\"isPartOf\":{\"@id\":\"https:\/\/www.aribau.es\/#website\"},\"primaryImageOfPage\":{\"@id\":\"https:\/\/www.aribau.es\/ficha-tecnica-mar-salada-rosado\/#primaryimage\"},\"image\":{\"@id\":\"https:\/\/www.aribau.es\/ficha-tecnica-mar-salada-rosado\/#primaryimage\"},\"thumbnailUrl\":\"https:\/\/www.aribau.es\/wp-content\/uploads\/2025\/12\/mar-salada-rosat.webp\",\"datePublished\":\"2021-03-30T00:26:50+00:00\",\"dateModified\":\"2025-12-05T08:47:19+00:00\",\"breadcrumb\":{\"@id\":\"https:\/\/www.aribau.es\/ficha-tecnica-mar-salada-rosado\/#breadcrumb\"},\"inLanguage\":\"ca\",\"potentialAction\":[{\"@type\":\"ReadAction\",\"target\":[\"https:\/\/www.aribau.es\/ficha-tecnica-mar-salada-rosado\/\"]}]},{\"@type\":\"ImageObject\",\"inLanguage\":\"ca\",\"@id\":\"https:\/\/www.aribau.es\/ficha-tecnica-mar-salada-rosado\/#primaryimage\",\"url\":\"https:\/\/www.aribau.es\/wp-content\/uploads\/2025\/12\/mar-salada-rosat.webp\",\"contentUrl\":\"https:\/\/www.aribau.es\/wp-content\/uploads\/2025\/12\/mar-salada-rosat.webp\"},{\"@type\":\"BreadcrumbList\",\"@id\":\"https:\/\/www.aribau.es\/ficha-tecnica-mar-salada-rosado\/#breadcrumb\",\"itemListElement\":[{\"@type\":\"ListItem\",\"position\":1,\"name\":\"Portada\",\"item\":\"https:\/\/www.aribau.es\/\"},{\"@type\":\"ListItem\",\"position\":2,\"name\":\"FICHA T\u00c9CNICA MAR SALADA ROSADO\"}]},{\"@type\":\"WebSite\",\"@id\":\"https:\/\/www.aribau.es\/#website\",\"url\":\"https:\/\/www.aribau.es\/\",\"name\":\"Aribau\",\"description\":\"VINOS Y BODEGAS\",\"publisher\":{\"@id\":\"https:\/\/www.aribau.es\/#organization\"},\"potentialAction\":[{\"@type\":\"SearchAction\",\"target\":{\"@type\":\"EntryPoint\",\"urlTemplate\":\"https:\/\/www.aribau.es\/?s={search_term_string}\"},\"query-input\":{\"@type\":\"PropertyValueSpecification\",\"valueRequired\":true,\"valueName\":\"search_term_string\"}}],\"inLanguage\":\"ca\"},{\"@type\":\"Organization\",\"@id\":\"https:\/\/www.aribau.es\/#organization\",\"name\":\"Aribau\",\"url\":\"https:\/\/www.aribau.es\/\",\"logo\":{\"@type\":\"ImageObject\",\"inLanguage\":\"ca\",\"@id\":\"https:\/\/www.aribau.es\/#\/schema\/logo\/image\/\",\"url\":\"https:\/\/www.aribau.es\/wp-content\/uploads\/2022\/03\/logo.png\",\"contentUrl\":\"https:\/\/www.aribau.es\/wp-content\/uploads\/2022\/03\/logo.png\",\"width\":300,\"height\":300,\"caption\":\"Aribau\"},\"image\":{\"@id\":\"https:\/\/www.aribau.es\/#\/schema\/logo\/image\/\"},\"sameAs\":[\"https:\/\/www.facebook.com\/aribau1964\/\",\"https:\/\/x.com\/aribau1964\",\"https:\/\/www.instagram.com\/aribau1964\/\"]}]}<\/script>\n<!-- \/ Yoast SEO plugin. -->","yoast_head_json":{"title":"FICHA T\u00c9CNICA MAR SALADA ROSADO - Aribau","robots":{"index":"index","follow":"follow","max-snippet":"max-snippet:-1","max-image-preview":"max-image-preview:large","max-video-preview":"max-video-preview:-1"},"canonical":"https:\/\/www.aribau.es\/ca\/ficha-tecnica-mar-salada-rosado\/","og_locale":"ca_ES","og_type":"article","og_title":"FICHA T\u00c9CNICA MAR SALADA ROSADO - Aribau","og_description":"mar salada rosado variedades de uva Garnacha negra, Tempranillo Crianza Sin crianza Denominaci\u00f3n de origen descripci\u00f3n Atractivo color rosado intenso donde sobresalen aromas de frutas rojas y frambuesas sobre un fondo de fresas. En boca presenta una entrada suave y redonda, y da una sensaci\u00f3n bien equilibrada con una acidez refrescante. Ideal para el aperitivo. ... Llegiu m\u00e9s","og_url":"https:\/\/www.aribau.es\/ca\/ficha-tecnica-mar-salada-rosado\/","og_site_name":"Aribau","article_publisher":"https:\/\/www.facebook.com\/aribau1964\/","article_modified_time":"2025-12-05T08:47:19+00:00","og_image":[{"width":342,"height":1247,"url":"https:\/\/www.aribau.es\/wp-content\/uploads\/2025\/12\/mar-salada-rosat.webp","type":"image\/webp"}],"twitter_card":"summary_large_image","twitter_site":"@aribau1964","twitter_misc":{"Temps estimat de lectura":"1 minut"},"schema":{"@context":"https:\/\/schema.org","@graph":[{"@type":"WebPage","@id":"https:\/\/www.aribau.es\/ficha-tecnica-mar-salada-rosado\/","url":"https:\/\/www.aribau.es\/ficha-tecnica-mar-salada-rosado\/","name":"FICHA T\u00c9CNICA MAR SALADA ROSADO - Aribau","isPartOf":{"@id":"https:\/\/www.aribau.es\/#website"},"primaryImageOfPage":{"@id":"https:\/\/www.aribau.es\/ficha-tecnica-mar-salada-rosado\/#primaryimage"},"image":{"@id":"https:\/\/www.aribau.es\/ficha-tecnica-mar-salada-rosado\/#primaryimage"},"thumbnailUrl":"https:\/\/www.aribau.es\/wp-content\/uploads\/2025\/12\/mar-salada-rosat.webp","datePublished":"2021-03-30T00:26:50+00:00","dateModified":"2025-12-05T08:47:19+00:00","breadcrumb":{"@id":"https:\/\/www.aribau.es\/ficha-tecnica-mar-salada-rosado\/#breadcrumb"},"inLanguage":"ca","potentialAction":[{"@type":"ReadAction","target":["https:\/\/www.aribau.es\/ficha-tecnica-mar-salada-rosado\/"]}]},{"@type":"ImageObject","inLanguage":"ca","@id":"https:\/\/www.aribau.es\/ficha-tecnica-mar-salada-rosado\/#primaryimage","url":"https:\/\/www.aribau.es\/wp-content\/uploads\/2025\/12\/mar-salada-rosat.webp","contentUrl":"https:\/\/www.aribau.es\/wp-content\/uploads\/2025\/12\/mar-salada-rosat.webp"},{"@type":"BreadcrumbList","@id":"https:\/\/www.aribau.es\/ficha-tecnica-mar-salada-rosado\/#breadcrumb","itemListElement":[{"@type":"ListItem","position":1,"name":"Portada","item":"https:\/\/www.aribau.es\/"},{"@type":"ListItem","position":2,"name":"FICHA T\u00c9CNICA MAR SALADA ROSADO"}]},{"@type":"WebSite","@id":"https:\/\/www.aribau.es\/#website","url":"https:\/\/www.aribau.es\/","name":"Aribau","description":"VINOS Y BODEGAS","publisher":{"@id":"https:\/\/www.aribau.es\/#organization"},"potentialAction":[{"@type":"SearchAction","target":{"@type":"EntryPoint","urlTemplate":"https:\/\/www.aribau.es\/?s={search_term_string}"},"query-input":{"@type":"PropertyValueSpecification","valueRequired":true,"valueName":"search_term_string"}}],"inLanguage":"ca"},{"@type":"Organization","@id":"https:\/\/www.aribau.es\/#organization","name":"Aribau","url":"https:\/\/www.aribau.es\/","logo":{"@type":"ImageObject","inLanguage":"ca","@id":"https:\/\/www.aribau.es\/#\/schema\/logo\/image\/","url":"https:\/\/www.aribau.es\/wp-content\/uploads\/2022\/03\/logo.png","contentUrl":"https:\/\/www.aribau.es\/wp-content\/uploads\/2022\/03\/logo.png","width":300,"height":300,"caption":"Aribau"},"image":{"@id":"https:\/\/www.aribau.es\/#\/schema\/logo\/image\/"},"sameAs":["https:\/\/www.facebook.com\/aribau1964\/","https:\/\/x.com\/aribau1964","https:\/\/www.instagram.com\/aribau1964\/"]}]}},"_links":{"self":[{"href":"https:\/\/www.aribau.es\/ca\/wp-json\/wp\/v2\/pages\/9018","targetHints":{"allow":["GET"]}}],"collection":[{"href":"https:\/\/www.aribau.es\/ca\/wp-json\/wp\/v2\/pages"}],"about":[{"href":"https:\/\/www.aribau.es\/ca\/wp-json\/wp\/v2\/types\/page"}],"author":[{"embeddable":true,"href":"https:\/\/www.aribau.es\/ca\/wp-json\/wp\/v2\/users\/3"}],"replies":[{"embeddable":true,"href":"https:\/\/www.aribau.es\/ca\/wp-json\/wp\/v2\/comments?post=9018"}],"version-history":[{"count":19,"href":"https:\/\/www.aribau.es\/ca\/wp-json\/wp\/v2\/pages\/9018\/revisions"}],"predecessor-version":[{"id":13939,"href":"https:\/\/www.aribau.es\/ca\/wp-json\/wp\/v2\/pages\/9018\/revisions\/13939"}],"wp:attachment":[{"href":"https:\/\/www.aribau.es\/ca\/wp-json\/wp\/v2\/media?parent=9018"}],"curies":[{"name":"wp","href":"https:\/\/api.w.org\/{rel}","templated":true}]}}