{"id":9023,"date":"2021-03-30T01:28:41","date_gmt":"2021-03-30T00:28:41","guid":{"rendered":"https:\/\/www.aribau.es\/?page_id=9023"},"modified":"2024-05-13T16:43:52","modified_gmt":"2024-05-13T15:43:52","slug":"ficha-tecnica-mar-salada-cava","status":"publish","type":"page","link":"https:\/\/www.aribau.es\/ca\/ficha-tecnica-mar-salada-cava\/","title":{"rendered":"FICHA T\u00c9CNICA MAR SALADA CAVA"},"content":{"rendered":"<div data-elementor-type=\"wp-page\" data-elementor-id=\"9023\" class=\"elementor elementor-9023\">\n\t\t\t\t\t\t<section class=\"elementor-section elementor-top-section elementor-element elementor-element-59839c9 elementor-section-boxed elementor-section-height-default elementor-section-height-default\" data-id=\"59839c9\" data-element_type=\"section\">\n\t\t\t\t\t\t<div class=\"elementor-container elementor-column-gap-default\">\n\t\t\t\t\t<div class=\"elementor-column elementor-col-100 elementor-top-column elementor-element elementor-element-9f4a464\" data-id=\"9f4a464\" data-element_type=\"column\">\n\t\t\t<div class=\"elementor-widget-wrap elementor-element-populated\">\n\t\t\t\t\t\t<div class=\"elementor-element elementor-element-f4a0d15 elementor-widget elementor-widget-heading\" data-id=\"f4a0d15\" data-element_type=\"widget\" data-widget_type=\"heading.default\">\n\t\t\t\t<div class=\"elementor-widget-container\">\n\t\t\t\t\t<h1 class=\"elementor-heading-title elementor-size-default\">mar salada cava<\/h1>\t\t\t\t<\/div>\n\t\t\t\t<\/div>\n\t\t\t\t\t<\/div>\n\t\t<\/div>\n\t\t\t\t\t<\/div>\n\t\t<\/section>\n\t\t\t\t<section class=\"elementor-section elementor-top-section elementor-element elementor-element-fe29abc elementor-section-boxed elementor-section-height-default elementor-section-height-default elementor-invisible\" data-id=\"fe29abc\" data-element_type=\"section\" data-settings=\"{&quot;animation&quot;:&quot;fadeInUp&quot;}\">\n\t\t\t\t\t\t<div class=\"elementor-container elementor-column-gap-default\">\n\t\t\t\t\t<div class=\"elementor-column elementor-col-50 elementor-top-column elementor-element elementor-element-59c7a8b5\" data-id=\"59c7a8b5\" data-element_type=\"column\">\n\t\t\t<div class=\"elementor-widget-wrap elementor-element-populated\">\n\t\t\t\t\t\t<div class=\"elementor-element elementor-element-7af22d64 elementor-widget elementor-widget-image\" data-id=\"7af22d64\" data-element_type=\"widget\" data-widget_type=\"image.default\">\n\t\t\t\t<div class=\"elementor-widget-container\">\n\t\t\t\t\t\t\t\t\t\t\t\t\t\t\t<img fetchpriority=\"high\" decoding=\"async\" width=\"322\" height=\"800\" src=\"https:\/\/www.aribau.es\/wp-content\/uploads\/2021\/02\/CAVA-MAR-SALADA.jpg\" class=\"elementor-animation-grow attachment-large size-large wp-image-7241\" alt=\"\" srcset=\"https:\/\/www.aribau.es\/wp-content\/uploads\/2021\/02\/CAVA-MAR-SALADA.jpg 322w, https:\/\/www.aribau.es\/wp-content\/uploads\/2021\/02\/CAVA-MAR-SALADA-121x300.jpg 121w\" sizes=\"(max-width: 322px) 100vw, 322px\" \/>\t\t\t\t\t\t\t\t\t\t\t\t\t\t\t<\/div>\n\t\t\t\t<\/div>\n\t\t\t\t\t<\/div>\n\t\t<\/div>\n\t\t\t\t<div class=\"elementor-column elementor-col-50 elementor-top-column elementor-element elementor-element-465d1983\" data-id=\"465d1983\" data-element_type=\"column\">\n\t\t\t<div class=\"elementor-widget-wrap elementor-element-populated\">\n\t\t\t\t\t\t<div class=\"elementor-element elementor-element-31407905 elementor-widget elementor-widget-text-editor\" data-id=\"31407905\" data-element_type=\"widget\" data-widget_type=\"text-editor.default\">\n\t\t\t\t<div class=\"elementor-widget-container\">\n\t\t\t\t\t\t\t\t\t<p>VARIETATS DE RA\u00cfM<\/p>\t\t\t\t\t\t\t\t<\/div>\n\t\t\t\t<\/div>\n\t\t\t\t<div class=\"elementor-element elementor-element-41129f98 elementor-widget elementor-widget-text-editor\" data-id=\"41129f98\" data-element_type=\"widget\" data-widget_type=\"text-editor.default\">\n\t\t\t\t<div class=\"elementor-widget-container\">\n\t\t\t\t\t\t\t\t\t<p>Xarel\u00b7lo, macabeu, parellada<\/p>\t\t\t\t\t\t\t\t<\/div>\n\t\t\t\t<\/div>\n\t\t\t\t<div class=\"elementor-element elementor-element-32ea1673 elementor-widget elementor-widget-text-editor\" data-id=\"32ea1673\" data-element_type=\"widget\" data-widget_type=\"text-editor.default\">\n\t\t\t\t<div class=\"elementor-widget-container\">\n\t\t\t\t\t\t\t\t\t<p>CRIAN\u00c7A<\/p>\t\t\t\t\t\t\t\t<\/div>\n\t\t\t\t<\/div>\n\t\t\t\t<div class=\"elementor-element elementor-element-1511d7ac elementor-widget elementor-widget-text-editor\" data-id=\"1511d7ac\" data-element_type=\"widget\" data-widget_type=\"text-editor.default\">\n\t\t\t\t<div class=\"elementor-widget-container\">\n\t\t\t\t\t\t\t\t\t<p>9 mesos<\/p>\t\t\t\t\t\t\t\t<\/div>\n\t\t\t\t<\/div>\n\t\t\t\t<div class=\"elementor-element elementor-element-5c81a61f elementor-widget elementor-widget-text-editor\" data-id=\"5c81a61f\" data-element_type=\"widget\" data-widget_type=\"text-editor.default\">\n\t\t\t\t<div class=\"elementor-widget-container\">\n\t\t\t\t\t\t\t\t\t<p>DENOMINACI\u00d3 D'ORIGEN<\/p>\t\t\t\t\t\t\t\t<\/div>\n\t\t\t\t<\/div>\n\t\t\t\t<div class=\"elementor-element elementor-element-17f631c3 elementor-widget elementor-widget-image\" data-id=\"17f631c3\" data-element_type=\"widget\" data-widget_type=\"image.default\">\n\t\t\t\t<div class=\"elementor-widget-container\">\n\t\t\t\t\t\t\t\t\t\t\t\t\t\t\t<img decoding=\"async\" width=\"500\" height=\"244\" src=\"https:\/\/www.aribau.es\/wp-content\/uploads\/2021\/03\/DO-CAVA.png\" class=\"attachment-full size-full wp-image-8570\" alt=\"\" srcset=\"https:\/\/www.aribau.es\/wp-content\/uploads\/2021\/03\/DO-CAVA.png 500w, https:\/\/www.aribau.es\/wp-content\/uploads\/2021\/03\/DO-CAVA-300x146.png 300w\" sizes=\"(max-width: 500px) 100vw, 500px\" \/>\t\t\t\t\t\t\t\t\t\t\t\t\t\t\t<\/div>\n\t\t\t\t<\/div>\n\t\t\t\t<div class=\"elementor-element elementor-element-522c5ab6 elementor-widget elementor-widget-text-editor\" data-id=\"522c5ab6\" data-element_type=\"widget\" data-widget_type=\"text-editor.default\">\n\t\t\t\t<div class=\"elementor-widget-container\">\n\t\t\t\t\t\t\t\t\t<p>DESCRIPCI\u00d3<\/p>\t\t\t\t\t\t\t\t<\/div>\n\t\t\t\t<\/div>\n\t\t\t\t<div class=\"elementor-element elementor-element-6c7bc8 elementor-widget elementor-widget-text-editor\" data-id=\"6c7bc8\" data-element_type=\"widget\" data-widget_type=\"text-editor.default\">\n\t\t\t\t<div class=\"elementor-widget-container\">\n\t\t\t\t\t\t\t\t\t<p class=\"MsoNormal\">El cava Mar Salada presenta una brillant capa daurada amb matisos verdosos, un constant rosari de fines bombolles i una fidel corona amb una capa d'escuma persistent. En nas, en un primer moment apareixen aromes florals que recorden \u00e8poques com la primavera, seguidament sobresurt una lleugera fruita c\u00edtrica amb agradable llevat que recorda a pastisseria.<\/p><p class=\"MsoNormal\">En boca, mostra una entrada prudent amb fines bombolles molt ben integrades. Destaca la seva excel\u00b7lent acidesa que s'adapta molt b\u00e9 amb un final amarg que li atorga for\u00e7a i complexitat.<\/p>\t\t\t\t\t\t\t\t<\/div>\n\t\t\t\t<\/div>\n\t\t\t\t\t<\/div>\n\t\t<\/div>\n\t\t\t\t\t<\/div>\n\t\t<\/section>\n\t\t\t\t<\/div>","protected":false},"excerpt":{"rendered":"<p>mar salada cava variedades de uva Xarel\u00b7lo, Macabeo, Parellada Crianza 9 meses Denominaci\u00f3n de origen descripci\u00f3n El cava Mar Salada presenta una brillante capa dorada con matices verdosos, un constante rosario de finas burbujas y una fiel corona con una capa de espuma persistente. En nariz, en un primer momento aparecen aromas florales que recuerdan &#8230; <a title=\"FICHA T\u00c9CNICA MAR SALADA CAVA\" class=\"read-more\" href=\"https:\/\/www.aribau.es\/ca\/ficha-tecnica-mar-salada-cava\/\" aria-label=\"M\u00e9s informaci\u00f3 sobre FICHA T\u00c9CNICA MAR SALADA CAVA\">Llegiu m\u00e9s<\/a><\/p>","protected":false},"author":3,"featured_media":0,"parent":0,"menu_order":0,"comment_status":"closed","ping_status":"closed","template":"elementor_header_footer","meta":{"footnotes":""},"class_list":["post-9023","page","type-page","status-publish"],"yoast_head":"<!-- This site is optimized with the Yoast SEO plugin v26.7 - https:\/\/yoast.com\/wordpress\/plugins\/seo\/ -->\n<title>FICHA T\u00c9CNICA MAR SALADA CAVA - Aribau<\/title>\n<meta name=\"robots\" content=\"index, follow, max-snippet:-1, max-image-preview:large, max-video-preview:-1\" \/>\n<link rel=\"canonical\" href=\"https:\/\/www.aribau.es\/ca\/ficha-tecnica-mar-salada-cava\/\" \/>\n<meta property=\"og:locale\" content=\"ca_ES\" \/>\n<meta property=\"og:type\" content=\"article\" \/>\n<meta property=\"og:title\" content=\"FICHA T\u00c9CNICA MAR SALADA CAVA - Aribau\" \/>\n<meta property=\"og:description\" content=\"mar salada cava variedades de uva Xarel\u00b7lo, Macabeo, Parellada Crianza 9 meses Denominaci\u00f3n de origen descripci\u00f3n El cava Mar Salada presenta una brillante capa dorada con matices verdosos, un constante rosario de finas burbujas y una fiel corona con una capa de espuma persistente. En nariz, en un primer momento aparecen aromas florales que recuerdan ... Llegiu m\u00e9s\" \/>\n<meta property=\"og:url\" content=\"https:\/\/www.aribau.es\/ca\/ficha-tecnica-mar-salada-cava\/\" \/>\n<meta property=\"og:site_name\" content=\"Aribau\" \/>\n<meta property=\"article:publisher\" content=\"https:\/\/www.facebook.com\/aribau1964\/\" \/>\n<meta property=\"article:modified_time\" content=\"2024-05-13T15:43:52+00:00\" \/>\n<meta property=\"og:image\" content=\"https:\/\/www.aribau.es\/wp-content\/uploads\/2021\/02\/CAVA-MAR-SALADA.jpg\" \/>\n<meta name=\"twitter:card\" content=\"summary_large_image\" \/>\n<meta name=\"twitter:site\" content=\"@aribau1964\" \/>\n<meta name=\"twitter:label1\" content=\"Temps estimat de lectura\" \/>\n\t<meta name=\"twitter:data1\" content=\"1 minut\" \/>\n<script type=\"application\/ld+json\" class=\"yoast-schema-graph\">{\"@context\":\"https:\/\/schema.org\",\"@graph\":[{\"@type\":\"WebPage\",\"@id\":\"https:\/\/www.aribau.es\/ficha-tecnica-mar-salada-cava\/\",\"url\":\"https:\/\/www.aribau.es\/ficha-tecnica-mar-salada-cava\/\",\"name\":\"FICHA T\u00c9CNICA MAR SALADA CAVA - Aribau\",\"isPartOf\":{\"@id\":\"https:\/\/www.aribau.es\/#website\"},\"primaryImageOfPage\":{\"@id\":\"https:\/\/www.aribau.es\/ficha-tecnica-mar-salada-cava\/#primaryimage\"},\"image\":{\"@id\":\"https:\/\/www.aribau.es\/ficha-tecnica-mar-salada-cava\/#primaryimage\"},\"thumbnailUrl\":\"https:\/\/www.aribau.es\/wp-content\/uploads\/2021\/02\/CAVA-MAR-SALADA.jpg\",\"datePublished\":\"2021-03-30T00:28:41+00:00\",\"dateModified\":\"2024-05-13T15:43:52+00:00\",\"breadcrumb\":{\"@id\":\"https:\/\/www.aribau.es\/ficha-tecnica-mar-salada-cava\/#breadcrumb\"},\"inLanguage\":\"ca\",\"potentialAction\":[{\"@type\":\"ReadAction\",\"target\":[\"https:\/\/www.aribau.es\/ficha-tecnica-mar-salada-cava\/\"]}]},{\"@type\":\"ImageObject\",\"inLanguage\":\"ca\",\"@id\":\"https:\/\/www.aribau.es\/ficha-tecnica-mar-salada-cava\/#primaryimage\",\"url\":\"https:\/\/www.aribau.es\/wp-content\/uploads\/2021\/02\/CAVA-MAR-SALADA.jpg\",\"contentUrl\":\"https:\/\/www.aribau.es\/wp-content\/uploads\/2021\/02\/CAVA-MAR-SALADA.jpg\"},{\"@type\":\"BreadcrumbList\",\"@id\":\"https:\/\/www.aribau.es\/ficha-tecnica-mar-salada-cava\/#breadcrumb\",\"itemListElement\":[{\"@type\":\"ListItem\",\"position\":1,\"name\":\"Portada\",\"item\":\"https:\/\/www.aribau.es\/\"},{\"@type\":\"ListItem\",\"position\":2,\"name\":\"FICHA T\u00c9CNICA MAR SALADA CAVA\"}]},{\"@type\":\"WebSite\",\"@id\":\"https:\/\/www.aribau.es\/#website\",\"url\":\"https:\/\/www.aribau.es\/\",\"name\":\"Aribau\",\"description\":\"VINOS Y BODEGAS\",\"publisher\":{\"@id\":\"https:\/\/www.aribau.es\/#organization\"},\"potentialAction\":[{\"@type\":\"SearchAction\",\"target\":{\"@type\":\"EntryPoint\",\"urlTemplate\":\"https:\/\/www.aribau.es\/?s={search_term_string}\"},\"query-input\":{\"@type\":\"PropertyValueSpecification\",\"valueRequired\":true,\"valueName\":\"search_term_string\"}}],\"inLanguage\":\"ca\"},{\"@type\":\"Organization\",\"@id\":\"https:\/\/www.aribau.es\/#organization\",\"name\":\"Aribau\",\"url\":\"https:\/\/www.aribau.es\/\",\"logo\":{\"@type\":\"ImageObject\",\"inLanguage\":\"ca\",\"@id\":\"https:\/\/www.aribau.es\/#\/schema\/logo\/image\/\",\"url\":\"https:\/\/www.aribau.es\/wp-content\/uploads\/2022\/03\/logo.png\",\"contentUrl\":\"https:\/\/www.aribau.es\/wp-content\/uploads\/2022\/03\/logo.png\",\"width\":300,\"height\":300,\"caption\":\"Aribau\"},\"image\":{\"@id\":\"https:\/\/www.aribau.es\/#\/schema\/logo\/image\/\"},\"sameAs\":[\"https:\/\/www.facebook.com\/aribau1964\/\",\"https:\/\/x.com\/aribau1964\",\"https:\/\/www.instagram.com\/aribau1964\/\"]}]}<\/script>\n<!-- \/ Yoast SEO plugin. -->","yoast_head_json":{"title":"FICHA T\u00c9CNICA MAR SALADA CAVA - Aribau","robots":{"index":"index","follow":"follow","max-snippet":"max-snippet:-1","max-image-preview":"max-image-preview:large","max-video-preview":"max-video-preview:-1"},"canonical":"https:\/\/www.aribau.es\/ca\/ficha-tecnica-mar-salada-cava\/","og_locale":"ca_ES","og_type":"article","og_title":"FICHA T\u00c9CNICA MAR SALADA CAVA - Aribau","og_description":"mar salada cava variedades de uva Xarel\u00b7lo, Macabeo, Parellada Crianza 9 meses Denominaci\u00f3n de origen descripci\u00f3n El cava Mar Salada presenta una brillante capa dorada con matices verdosos, un constante rosario de finas burbujas y una fiel corona con una capa de espuma persistente. En nariz, en un primer momento aparecen aromas florales que recuerdan ... Llegiu m\u00e9s","og_url":"https:\/\/www.aribau.es\/ca\/ficha-tecnica-mar-salada-cava\/","og_site_name":"Aribau","article_publisher":"https:\/\/www.facebook.com\/aribau1964\/","article_modified_time":"2024-05-13T15:43:52+00:00","og_image":[{"url":"https:\/\/www.aribau.es\/wp-content\/uploads\/2021\/02\/CAVA-MAR-SALADA.jpg","type":"","width":"","height":""}],"twitter_card":"summary_large_image","twitter_site":"@aribau1964","twitter_misc":{"Temps estimat de lectura":"1 minut"},"schema":{"@context":"https:\/\/schema.org","@graph":[{"@type":"WebPage","@id":"https:\/\/www.aribau.es\/ficha-tecnica-mar-salada-cava\/","url":"https:\/\/www.aribau.es\/ficha-tecnica-mar-salada-cava\/","name":"FICHA T\u00c9CNICA MAR SALADA CAVA - Aribau","isPartOf":{"@id":"https:\/\/www.aribau.es\/#website"},"primaryImageOfPage":{"@id":"https:\/\/www.aribau.es\/ficha-tecnica-mar-salada-cava\/#primaryimage"},"image":{"@id":"https:\/\/www.aribau.es\/ficha-tecnica-mar-salada-cava\/#primaryimage"},"thumbnailUrl":"https:\/\/www.aribau.es\/wp-content\/uploads\/2021\/02\/CAVA-MAR-SALADA.jpg","datePublished":"2021-03-30T00:28:41+00:00","dateModified":"2024-05-13T15:43:52+00:00","breadcrumb":{"@id":"https:\/\/www.aribau.es\/ficha-tecnica-mar-salada-cava\/#breadcrumb"},"inLanguage":"ca","potentialAction":[{"@type":"ReadAction","target":["https:\/\/www.aribau.es\/ficha-tecnica-mar-salada-cava\/"]}]},{"@type":"ImageObject","inLanguage":"ca","@id":"https:\/\/www.aribau.es\/ficha-tecnica-mar-salada-cava\/#primaryimage","url":"https:\/\/www.aribau.es\/wp-content\/uploads\/2021\/02\/CAVA-MAR-SALADA.jpg","contentUrl":"https:\/\/www.aribau.es\/wp-content\/uploads\/2021\/02\/CAVA-MAR-SALADA.jpg"},{"@type":"BreadcrumbList","@id":"https:\/\/www.aribau.es\/ficha-tecnica-mar-salada-cava\/#breadcrumb","itemListElement":[{"@type":"ListItem","position":1,"name":"Portada","item":"https:\/\/www.aribau.es\/"},{"@type":"ListItem","position":2,"name":"FICHA T\u00c9CNICA MAR SALADA CAVA"}]},{"@type":"WebSite","@id":"https:\/\/www.aribau.es\/#website","url":"https:\/\/www.aribau.es\/","name":"Aribau","description":"VINOS Y BODEGAS","publisher":{"@id":"https:\/\/www.aribau.es\/#organization"},"potentialAction":[{"@type":"SearchAction","target":{"@type":"EntryPoint","urlTemplate":"https:\/\/www.aribau.es\/?s={search_term_string}"},"query-input":{"@type":"PropertyValueSpecification","valueRequired":true,"valueName":"search_term_string"}}],"inLanguage":"ca"},{"@type":"Organization","@id":"https:\/\/www.aribau.es\/#organization","name":"Aribau","url":"https:\/\/www.aribau.es\/","logo":{"@type":"ImageObject","inLanguage":"ca","@id":"https:\/\/www.aribau.es\/#\/schema\/logo\/image\/","url":"https:\/\/www.aribau.es\/wp-content\/uploads\/2022\/03\/logo.png","contentUrl":"https:\/\/www.aribau.es\/wp-content\/uploads\/2022\/03\/logo.png","width":300,"height":300,"caption":"Aribau"},"image":{"@id":"https:\/\/www.aribau.es\/#\/schema\/logo\/image\/"},"sameAs":["https:\/\/www.facebook.com\/aribau1964\/","https:\/\/x.com\/aribau1964","https:\/\/www.instagram.com\/aribau1964\/"]}]}},"_links":{"self":[{"href":"https:\/\/www.aribau.es\/ca\/wp-json\/wp\/v2\/pages\/9023","targetHints":{"allow":["GET"]}}],"collection":[{"href":"https:\/\/www.aribau.es\/ca\/wp-json\/wp\/v2\/pages"}],"about":[{"href":"https:\/\/www.aribau.es\/ca\/wp-json\/wp\/v2\/types\/page"}],"author":[{"embeddable":true,"href":"https:\/\/www.aribau.es\/ca\/wp-json\/wp\/v2\/users\/3"}],"replies":[{"embeddable":true,"href":"https:\/\/www.aribau.es\/ca\/wp-json\/wp\/v2\/comments?post=9023"}],"version-history":[{"count":13,"href":"https:\/\/www.aribau.es\/ca\/wp-json\/wp\/v2\/pages\/9023\/revisions"}],"predecessor-version":[{"id":13614,"href":"https:\/\/www.aribau.es\/ca\/wp-json\/wp\/v2\/pages\/9023\/revisions\/13614"}],"wp:attachment":[{"href":"https:\/\/www.aribau.es\/ca\/wp-json\/wp\/v2\/media?parent=9023"}],"curies":[{"name":"wp","href":"https:\/\/api.w.org\/{rel}","templated":true}]}}