{"id":9028,"date":"2021-03-30T01:31:22","date_gmt":"2021-03-30T00:31:22","guid":{"rendered":"https:\/\/www.aribau.es\/?page_id=9028"},"modified":"2024-10-07T15:40:26","modified_gmt":"2024-10-07T14:40:26","slug":"ficha-tecnica-la-descarada","status":"publish","type":"page","link":"https:\/\/www.aribau.es\/ca\/ficha-tecnica-la-descarada\/","title":{"rendered":"FICHA T\u00c9CNICA LA DESCARADA"},"content":{"rendered":"<div data-elementor-type=\"wp-page\" data-elementor-id=\"9028\" class=\"elementor elementor-9028\">\n\t\t\t\t\t\t<section class=\"elementor-section elementor-top-section elementor-element elementor-element-4d629d9 elementor-section-boxed elementor-section-height-default elementor-section-height-default\" data-id=\"4d629d9\" data-element_type=\"section\">\n\t\t\t\t\t\t<div class=\"elementor-container elementor-column-gap-default\">\n\t\t\t\t\t<div class=\"elementor-column elementor-col-100 elementor-top-column elementor-element elementor-element-bf9effd\" data-id=\"bf9effd\" data-element_type=\"column\">\n\t\t\t<div class=\"elementor-widget-wrap elementor-element-populated\">\n\t\t\t\t\t\t<div class=\"elementor-element elementor-element-2ac8821 elementor-widget elementor-widget-heading\" data-id=\"2ac8821\" data-element_type=\"widget\" data-widget_type=\"heading.default\">\n\t\t\t\t<div class=\"elementor-widget-container\">\n\t\t\t\t\t<h1 class=\"elementor-heading-title elementor-size-default\">la descarada<\/h1>\t\t\t\t<\/div>\n\t\t\t\t<\/div>\n\t\t\t\t\t<\/div>\n\t\t<\/div>\n\t\t\t\t\t<\/div>\n\t\t<\/section>\n\t\t\t\t<section class=\"elementor-section elementor-top-section elementor-element elementor-element-5b886f28 elementor-section-boxed elementor-section-height-default elementor-section-height-default elementor-invisible\" data-id=\"5b886f28\" data-element_type=\"section\" data-settings=\"{&quot;animation&quot;:&quot;fadeInUp&quot;}\">\n\t\t\t\t\t\t<div class=\"elementor-container elementor-column-gap-default\">\n\t\t\t\t\t<div class=\"elementor-column elementor-col-50 elementor-top-column elementor-element elementor-element-47c3c74d\" data-id=\"47c3c74d\" data-element_type=\"column\">\n\t\t\t<div class=\"elementor-widget-wrap elementor-element-populated\">\n\t\t\t\t\t\t<div class=\"elementor-element elementor-element-2296771d elementor-widget elementor-widget-image\" data-id=\"2296771d\" data-element_type=\"widget\" data-widget_type=\"image.default\">\n\t\t\t\t<div class=\"elementor-widget-container\">\n\t\t\t\t\t\t\t\t\t\t\t\t\t\t\t<img fetchpriority=\"high\" decoding=\"async\" width=\"768\" height=\"1536\" src=\"https:\/\/www.aribau.es\/wp-content\/uploads\/2024\/10\/ladescarada-768x1536.jpg\" class=\"elementor-animation-grow attachment-medium_large size-medium_large wp-image-13691\" alt=\"la descarada\" srcset=\"https:\/\/www.aribau.es\/wp-content\/uploads\/2024\/10\/ladescarada-768x1536.jpg 768w, https:\/\/www.aribau.es\/wp-content\/uploads\/2024\/10\/ladescarada-150x300.jpg 150w, https:\/\/www.aribau.es\/wp-content\/uploads\/2024\/10\/ladescarada-512x1024.jpg 512w, https:\/\/www.aribau.es\/wp-content\/uploads\/2024\/10\/ladescarada-6x12.jpg 6w, https:\/\/www.aribau.es\/wp-content\/uploads\/2024\/10\/ladescarada.jpg 950w\" sizes=\"(max-width: 768px) 100vw, 768px\" \/>\t\t\t\t\t\t\t\t\t\t\t\t\t\t\t<\/div>\n\t\t\t\t<\/div>\n\t\t\t\t\t<\/div>\n\t\t<\/div>\n\t\t\t\t<div class=\"elementor-column elementor-col-50 elementor-top-column elementor-element elementor-element-3dea9aa7\" data-id=\"3dea9aa7\" data-element_type=\"column\">\n\t\t\t<div class=\"elementor-widget-wrap elementor-element-populated\">\n\t\t\t\t\t\t<div class=\"elementor-element elementor-element-73f41c33 elementor-widget elementor-widget-text-editor\" data-id=\"73f41c33\" data-element_type=\"widget\" data-widget_type=\"text-editor.default\">\n\t\t\t\t<div class=\"elementor-widget-container\">\n\t\t\t\t\t\t\t\t\t<p>VARIETATS DE RA\u00cfM<\/p>\t\t\t\t\t\t\t\t<\/div>\n\t\t\t\t<\/div>\n\t\t\t\t<div class=\"elementor-element elementor-element-3db8f203 elementor-widget elementor-widget-text-editor\" data-id=\"3db8f203\" data-element_type=\"widget\" data-widget_type=\"text-editor.default\">\n\t\t\t\t<div class=\"elementor-widget-container\">\n\t\t\t\t\t\t\t\t\t<p>Gewurztraminer; moscatell; sauvignon blanc<\/p>\t\t\t\t\t\t\t\t<\/div>\n\t\t\t\t<\/div>\n\t\t\t\t<div class=\"elementor-element elementor-element-7b14b79c elementor-widget elementor-widget-text-editor\" data-id=\"7b14b79c\" data-element_type=\"widget\" data-widget_type=\"text-editor.default\">\n\t\t\t\t<div class=\"elementor-widget-container\">\n\t\t\t\t\t\t\t\t\t<p>CRIAN\u00c7A<\/p>\t\t\t\t\t\t\t\t<\/div>\n\t\t\t\t<\/div>\n\t\t\t\t<div class=\"elementor-element elementor-element-556d13ee elementor-widget elementor-widget-text-editor\" data-id=\"556d13ee\" data-element_type=\"widget\" data-widget_type=\"text-editor.default\">\n\t\t\t\t<div class=\"elementor-widget-container\">\n\t\t\t\t\t\t\t\t\t<p>Sense crian\u00e7a<\/p>\t\t\t\t\t\t\t\t<\/div>\n\t\t\t\t<\/div>\n\t\t\t\t<div class=\"elementor-element elementor-element-31d6a2ea elementor-widget elementor-widget-text-editor\" data-id=\"31d6a2ea\" data-element_type=\"widget\" data-widget_type=\"text-editor.default\">\n\t\t\t\t<div class=\"elementor-widget-container\">\n\t\t\t\t\t\t\t\t\t<p>DENOMINACI\u00d3 D'ORIGEN<\/p>\t\t\t\t\t\t\t\t<\/div>\n\t\t\t\t<\/div>\n\t\t\t\t<div class=\"elementor-element elementor-element-77e9b341 elementor-widget elementor-widget-image\" data-id=\"77e9b341\" data-element_type=\"widget\" data-widget_type=\"image.default\">\n\t\t\t\t<div class=\"elementor-widget-container\">\n\t\t\t\t\t\t\t\t\t\t\t\t\t\t\t<img decoding=\"async\" width=\"200\" height=\"164\" src=\"https:\/\/www.aribau.es\/wp-content\/uploads\/2021\/03\/DO-PENEDES-PNG.png\" class=\"attachment-full size-full wp-image-9031\" alt=\"\" \/>\t\t\t\t\t\t\t\t\t\t\t\t\t\t\t<\/div>\n\t\t\t\t<\/div>\n\t\t\t\t<div class=\"elementor-element elementor-element-4decd689 elementor-widget elementor-widget-text-editor\" data-id=\"4decd689\" data-element_type=\"widget\" data-widget_type=\"text-editor.default\">\n\t\t\t\t<div class=\"elementor-widget-container\">\n\t\t\t\t\t\t\t\t\t<p>DESCRIPCI\u00d3<\/p>\t\t\t\t\t\t\t\t<\/div>\n\t\t\t\t<\/div>\n\t\t\t\t<div class=\"elementor-element elementor-element-6e823c3b elementor-widget elementor-widget-text-editor\" data-id=\"6e823c3b\" data-element_type=\"widget\" data-widget_type=\"text-editor.default\">\n\t\t\t\t<div class=\"elementor-widget-container\">\n\t\t\t\t\t\t\t\t\t<p class=\"MsoNormal\">D'aspecte clar, amb una intensitat mitjana, de color llimona, pres\u00e8ncia de ll\u00e0grimes. En nas presenta una condici\u00f3 neta, d'intensitat alta i aroma a fruita verda del tipus poma, ex\u00f2tica com el litxi i floral de l'estil violeta \/ flor de cirerer amb un toc final herbaci de lavanda.<\/p><p class=\"MsoNormal\">En boca \u00e9s sec, d'acidesa alta, cos mitj\u00e0, amb l'alcohol ben integrat i una intensitat de sabor mitjana on destaquen de nou la fruita verda i l'estil floral, aportant molta frescor en cada glop.<\/p>\t\t\t\t\t\t\t\t<\/div>\n\t\t\t\t<\/div>\n\t\t\t\t\t<\/div>\n\t\t<\/div>\n\t\t\t\t\t<\/div>\n\t\t<\/section>\n\t\t\t\t<\/div>","protected":false},"excerpt":{"rendered":"<p>la descarada variedades de uva Gewurztraminer; Moscatel; Sauvignon Blanc Crianza Sin crianza Denominaci\u00f3n de origen descripci\u00f3n De aspecto claro, con una intensidad media, de color lim\u00f3n, presencia de l\u00e1grimas. En nariz presenta una condici\u00f3n limpia, de intensidad alta y aroma a fruta verde del tipo manzana, ex\u00f3tica como el lichi y floral del estilo violeta\/flor &#8230; <a title=\"FICHA T\u00c9CNICA LA DESCARADA\" class=\"read-more\" href=\"https:\/\/www.aribau.es\/ca\/ficha-tecnica-la-descarada\/\" aria-label=\"M\u00e9s informaci\u00f3 sobre FICHA T\u00c9CNICA LA DESCARADA\">Llegiu m\u00e9s<\/a><\/p>","protected":false},"author":3,"featured_media":0,"parent":0,"menu_order":0,"comment_status":"closed","ping_status":"closed","template":"elementor_header_footer","meta":{"footnotes":""},"class_list":["post-9028","page","type-page","status-publish"],"yoast_head":"<!-- This site is optimized with the Yoast SEO plugin v26.7 - https:\/\/yoast.com\/wordpress\/plugins\/seo\/ -->\n<title>FICHA T\u00c9CNICA LA DESCARADA - Aribau<\/title>\n<meta name=\"robots\" content=\"index, follow, max-snippet:-1, max-image-preview:large, max-video-preview:-1\" \/>\n<link rel=\"canonical\" href=\"https:\/\/www.aribau.es\/ca\/ficha-tecnica-la-descarada\/\" \/>\n<meta property=\"og:locale\" content=\"ca_ES\" \/>\n<meta property=\"og:type\" content=\"article\" \/>\n<meta property=\"og:title\" content=\"FICHA T\u00c9CNICA LA DESCARADA - Aribau\" \/>\n<meta property=\"og:description\" content=\"la descarada variedades de uva Gewurztraminer; Moscatel; Sauvignon Blanc Crianza Sin crianza Denominaci\u00f3n de origen descripci\u00f3n De aspecto claro, con una intensidad media, de color lim\u00f3n, presencia de l\u00e1grimas. En nariz presenta una condici\u00f3n limpia, de intensidad alta y aroma a fruta verde del tipo manzana, ex\u00f3tica como el lichi y floral del estilo violeta\/flor ... Llegiu m\u00e9s\" \/>\n<meta property=\"og:url\" content=\"https:\/\/www.aribau.es\/ca\/ficha-tecnica-la-descarada\/\" \/>\n<meta property=\"og:site_name\" content=\"Aribau\" \/>\n<meta property=\"article:publisher\" content=\"https:\/\/www.facebook.com\/aribau1964\/\" \/>\n<meta property=\"article:modified_time\" content=\"2024-10-07T14:40:26+00:00\" \/>\n<meta property=\"og:image\" content=\"https:\/\/www.aribau.es\/wp-content\/uploads\/2024\/10\/ladescarada-768x1536.jpg\" \/>\n<meta name=\"twitter:card\" content=\"summary_large_image\" \/>\n<meta name=\"twitter:site\" content=\"@aribau1964\" \/>\n<meta name=\"twitter:label1\" content=\"Temps estimat de lectura\" \/>\n\t<meta name=\"twitter:data1\" content=\"1 minut\" \/>\n<script type=\"application\/ld+json\" class=\"yoast-schema-graph\">{\"@context\":\"https:\/\/schema.org\",\"@graph\":[{\"@type\":\"WebPage\",\"@id\":\"https:\/\/www.aribau.es\/ficha-tecnica-la-descarada\/\",\"url\":\"https:\/\/www.aribau.es\/ficha-tecnica-la-descarada\/\",\"name\":\"FICHA T\u00c9CNICA LA DESCARADA - Aribau\",\"isPartOf\":{\"@id\":\"https:\/\/www.aribau.es\/#website\"},\"primaryImageOfPage\":{\"@id\":\"https:\/\/www.aribau.es\/ficha-tecnica-la-descarada\/#primaryimage\"},\"image\":{\"@id\":\"https:\/\/www.aribau.es\/ficha-tecnica-la-descarada\/#primaryimage\"},\"thumbnailUrl\":\"https:\/\/www.aribau.es\/wp-content\/uploads\/2024\/10\/ladescarada-768x1536.jpg\",\"datePublished\":\"2021-03-30T00:31:22+00:00\",\"dateModified\":\"2024-10-07T14:40:26+00:00\",\"breadcrumb\":{\"@id\":\"https:\/\/www.aribau.es\/ficha-tecnica-la-descarada\/#breadcrumb\"},\"inLanguage\":\"ca\",\"potentialAction\":[{\"@type\":\"ReadAction\",\"target\":[\"https:\/\/www.aribau.es\/ficha-tecnica-la-descarada\/\"]}]},{\"@type\":\"ImageObject\",\"inLanguage\":\"ca\",\"@id\":\"https:\/\/www.aribau.es\/ficha-tecnica-la-descarada\/#primaryimage\",\"url\":\"https:\/\/www.aribau.es\/wp-content\/uploads\/2024\/10\/ladescarada-768x1536.jpg\",\"contentUrl\":\"https:\/\/www.aribau.es\/wp-content\/uploads\/2024\/10\/ladescarada-768x1536.jpg\"},{\"@type\":\"BreadcrumbList\",\"@id\":\"https:\/\/www.aribau.es\/ficha-tecnica-la-descarada\/#breadcrumb\",\"itemListElement\":[{\"@type\":\"ListItem\",\"position\":1,\"name\":\"Portada\",\"item\":\"https:\/\/www.aribau.es\/\"},{\"@type\":\"ListItem\",\"position\":2,\"name\":\"FICHA T\u00c9CNICA LA DESCARADA\"}]},{\"@type\":\"WebSite\",\"@id\":\"https:\/\/www.aribau.es\/#website\",\"url\":\"https:\/\/www.aribau.es\/\",\"name\":\"Aribau\",\"description\":\"VINOS Y BODEGAS\",\"publisher\":{\"@id\":\"https:\/\/www.aribau.es\/#organization\"},\"potentialAction\":[{\"@type\":\"SearchAction\",\"target\":{\"@type\":\"EntryPoint\",\"urlTemplate\":\"https:\/\/www.aribau.es\/?s={search_term_string}\"},\"query-input\":{\"@type\":\"PropertyValueSpecification\",\"valueRequired\":true,\"valueName\":\"search_term_string\"}}],\"inLanguage\":\"ca\"},{\"@type\":\"Organization\",\"@id\":\"https:\/\/www.aribau.es\/#organization\",\"name\":\"Aribau\",\"url\":\"https:\/\/www.aribau.es\/\",\"logo\":{\"@type\":\"ImageObject\",\"inLanguage\":\"ca\",\"@id\":\"https:\/\/www.aribau.es\/#\/schema\/logo\/image\/\",\"url\":\"https:\/\/www.aribau.es\/wp-content\/uploads\/2022\/03\/logo.png\",\"contentUrl\":\"https:\/\/www.aribau.es\/wp-content\/uploads\/2022\/03\/logo.png\",\"width\":300,\"height\":300,\"caption\":\"Aribau\"},\"image\":{\"@id\":\"https:\/\/www.aribau.es\/#\/schema\/logo\/image\/\"},\"sameAs\":[\"https:\/\/www.facebook.com\/aribau1964\/\",\"https:\/\/x.com\/aribau1964\",\"https:\/\/www.instagram.com\/aribau1964\/\"]}]}<\/script>\n<!-- \/ Yoast SEO plugin. -->","yoast_head_json":{"title":"FICHA T\u00c9CNICA LA DESCARADA - Aribau","robots":{"index":"index","follow":"follow","max-snippet":"max-snippet:-1","max-image-preview":"max-image-preview:large","max-video-preview":"max-video-preview:-1"},"canonical":"https:\/\/www.aribau.es\/ca\/ficha-tecnica-la-descarada\/","og_locale":"ca_ES","og_type":"article","og_title":"FICHA T\u00c9CNICA LA DESCARADA - Aribau","og_description":"la descarada variedades de uva Gewurztraminer; Moscatel; Sauvignon Blanc Crianza Sin crianza Denominaci\u00f3n de origen descripci\u00f3n De aspecto claro, con una intensidad media, de color lim\u00f3n, presencia de l\u00e1grimas. En nariz presenta una condici\u00f3n limpia, de intensidad alta y aroma a fruta verde del tipo manzana, ex\u00f3tica como el lichi y floral del estilo violeta\/flor ... Llegiu m\u00e9s","og_url":"https:\/\/www.aribau.es\/ca\/ficha-tecnica-la-descarada\/","og_site_name":"Aribau","article_publisher":"https:\/\/www.facebook.com\/aribau1964\/","article_modified_time":"2024-10-07T14:40:26+00:00","og_image":[{"url":"https:\/\/www.aribau.es\/wp-content\/uploads\/2024\/10\/ladescarada-768x1536.jpg","type":"","width":"","height":""}],"twitter_card":"summary_large_image","twitter_site":"@aribau1964","twitter_misc":{"Temps estimat de lectura":"1 minut"},"schema":{"@context":"https:\/\/schema.org","@graph":[{"@type":"WebPage","@id":"https:\/\/www.aribau.es\/ficha-tecnica-la-descarada\/","url":"https:\/\/www.aribau.es\/ficha-tecnica-la-descarada\/","name":"FICHA T\u00c9CNICA LA DESCARADA - Aribau","isPartOf":{"@id":"https:\/\/www.aribau.es\/#website"},"primaryImageOfPage":{"@id":"https:\/\/www.aribau.es\/ficha-tecnica-la-descarada\/#primaryimage"},"image":{"@id":"https:\/\/www.aribau.es\/ficha-tecnica-la-descarada\/#primaryimage"},"thumbnailUrl":"https:\/\/www.aribau.es\/wp-content\/uploads\/2024\/10\/ladescarada-768x1536.jpg","datePublished":"2021-03-30T00:31:22+00:00","dateModified":"2024-10-07T14:40:26+00:00","breadcrumb":{"@id":"https:\/\/www.aribau.es\/ficha-tecnica-la-descarada\/#breadcrumb"},"inLanguage":"ca","potentialAction":[{"@type":"ReadAction","target":["https:\/\/www.aribau.es\/ficha-tecnica-la-descarada\/"]}]},{"@type":"ImageObject","inLanguage":"ca","@id":"https:\/\/www.aribau.es\/ficha-tecnica-la-descarada\/#primaryimage","url":"https:\/\/www.aribau.es\/wp-content\/uploads\/2024\/10\/ladescarada-768x1536.jpg","contentUrl":"https:\/\/www.aribau.es\/wp-content\/uploads\/2024\/10\/ladescarada-768x1536.jpg"},{"@type":"BreadcrumbList","@id":"https:\/\/www.aribau.es\/ficha-tecnica-la-descarada\/#breadcrumb","itemListElement":[{"@type":"ListItem","position":1,"name":"Portada","item":"https:\/\/www.aribau.es\/"},{"@type":"ListItem","position":2,"name":"FICHA T\u00c9CNICA LA DESCARADA"}]},{"@type":"WebSite","@id":"https:\/\/www.aribau.es\/#website","url":"https:\/\/www.aribau.es\/","name":"Aribau","description":"VINOS Y BODEGAS","publisher":{"@id":"https:\/\/www.aribau.es\/#organization"},"potentialAction":[{"@type":"SearchAction","target":{"@type":"EntryPoint","urlTemplate":"https:\/\/www.aribau.es\/?s={search_term_string}"},"query-input":{"@type":"PropertyValueSpecification","valueRequired":true,"valueName":"search_term_string"}}],"inLanguage":"ca"},{"@type":"Organization","@id":"https:\/\/www.aribau.es\/#organization","name":"Aribau","url":"https:\/\/www.aribau.es\/","logo":{"@type":"ImageObject","inLanguage":"ca","@id":"https:\/\/www.aribau.es\/#\/schema\/logo\/image\/","url":"https:\/\/www.aribau.es\/wp-content\/uploads\/2022\/03\/logo.png","contentUrl":"https:\/\/www.aribau.es\/wp-content\/uploads\/2022\/03\/logo.png","width":300,"height":300,"caption":"Aribau"},"image":{"@id":"https:\/\/www.aribau.es\/#\/schema\/logo\/image\/"},"sameAs":["https:\/\/www.facebook.com\/aribau1964\/","https:\/\/x.com\/aribau1964","https:\/\/www.instagram.com\/aribau1964\/"]}]}},"_links":{"self":[{"href":"https:\/\/www.aribau.es\/ca\/wp-json\/wp\/v2\/pages\/9028","targetHints":{"allow":["GET"]}}],"collection":[{"href":"https:\/\/www.aribau.es\/ca\/wp-json\/wp\/v2\/pages"}],"about":[{"href":"https:\/\/www.aribau.es\/ca\/wp-json\/wp\/v2\/types\/page"}],"author":[{"embeddable":true,"href":"https:\/\/www.aribau.es\/ca\/wp-json\/wp\/v2\/users\/3"}],"replies":[{"embeddable":true,"href":"https:\/\/www.aribau.es\/ca\/wp-json\/wp\/v2\/comments?post=9028"}],"version-history":[{"count":43,"href":"https:\/\/www.aribau.es\/ca\/wp-json\/wp\/v2\/pages\/9028\/revisions"}],"predecessor-version":[{"id":13697,"href":"https:\/\/www.aribau.es\/ca\/wp-json\/wp\/v2\/pages\/9028\/revisions\/13697"}],"wp:attachment":[{"href":"https:\/\/www.aribau.es\/ca\/wp-json\/wp\/v2\/media?parent=9028"}],"curies":[{"name":"wp","href":"https:\/\/api.w.org\/{rel}","templated":true}]}}