{"id":9073,"date":"2021-03-30T01:49:29","date_gmt":"2021-03-30T00:49:29","guid":{"rendered":"https:\/\/www.aribau.es\/?page_id=9073"},"modified":"2024-05-13T16:46:49","modified_gmt":"2024-05-13T15:46:49","slug":"ficha-tecnica-que-si","status":"publish","type":"page","link":"https:\/\/www.aribau.es\/ca\/ficha-tecnica-que-si\/","title":{"rendered":"FICHA T\u00c9CNICA QUE SI!"},"content":{"rendered":"<div data-elementor-type=\"wp-page\" data-elementor-id=\"9073\" class=\"elementor elementor-9073\">\n\t\t\t\t\t\t<section class=\"elementor-section elementor-top-section elementor-element elementor-element-b307bf3 elementor-section-boxed elementor-section-height-default elementor-section-height-default\" data-id=\"b307bf3\" data-element_type=\"section\">\n\t\t\t\t\t\t<div class=\"elementor-container elementor-column-gap-default\">\n\t\t\t\t\t<div class=\"elementor-column elementor-col-100 elementor-top-column elementor-element elementor-element-77e0ef0\" data-id=\"77e0ef0\" data-element_type=\"column\">\n\t\t\t<div class=\"elementor-widget-wrap elementor-element-populated\">\n\t\t\t\t\t\t<div class=\"elementor-element elementor-element-fc631b5 elementor-widget elementor-widget-heading\" data-id=\"fc631b5\" data-element_type=\"widget\" data-widget_type=\"heading.default\">\n\t\t\t\t<div class=\"elementor-widget-container\">\n\t\t\t\t\t<h1 class=\"elementor-heading-title elementor-size-default\">QUE S\u00cd!<\/h1>\t\t\t\t<\/div>\n\t\t\t\t<\/div>\n\t\t\t\t\t<\/div>\n\t\t<\/div>\n\t\t\t\t\t<\/div>\n\t\t<\/section>\n\t\t\t\t<section class=\"elementor-section elementor-top-section elementor-element elementor-element-12c33e95 elementor-section-boxed elementor-section-height-default elementor-section-height-default elementor-invisible\" data-id=\"12c33e95\" data-element_type=\"section\" data-settings=\"{&quot;animation&quot;:&quot;fadeInUp&quot;}\">\n\t\t\t\t\t\t<div class=\"elementor-container elementor-column-gap-default\">\n\t\t\t\t\t<div class=\"elementor-column elementor-col-50 elementor-top-column elementor-element elementor-element-552dda83\" data-id=\"552dda83\" data-element_type=\"column\">\n\t\t\t<div class=\"elementor-widget-wrap elementor-element-populated\">\n\t\t\t\t\t\t<div class=\"elementor-element elementor-element-57af1972 elementor-widget elementor-widget-image\" data-id=\"57af1972\" data-element_type=\"widget\" data-widget_type=\"image.default\">\n\t\t\t\t<div class=\"elementor-widget-container\">\n\t\t\t\t\t\t\t\t\t\t\t\t\t\t\t<img fetchpriority=\"high\" decoding=\"async\" width=\"253\" height=\"795\" src=\"https:\/\/www.aribau.es\/wp-content\/uploads\/2022\/05\/Que-si-2022.png\" class=\"elementor-animation-grow attachment-large size-large wp-image-12336\" alt=\"\" srcset=\"https:\/\/www.aribau.es\/wp-content\/uploads\/2022\/05\/Que-si-2022.png 253w, https:\/\/www.aribau.es\/wp-content\/uploads\/2022\/05\/Que-si-2022-95x300.png 95w, https:\/\/www.aribau.es\/wp-content\/uploads\/2022\/05\/Que-si-2022-4x12.png 4w\" sizes=\"(max-width: 253px) 100vw, 253px\" \/>\t\t\t\t\t\t\t\t\t\t\t\t\t\t\t<\/div>\n\t\t\t\t<\/div>\n\t\t\t\t\t<\/div>\n\t\t<\/div>\n\t\t\t\t<div class=\"elementor-column elementor-col-50 elementor-top-column elementor-element elementor-element-345b25c7\" data-id=\"345b25c7\" data-element_type=\"column\">\n\t\t\t<div class=\"elementor-widget-wrap elementor-element-populated\">\n\t\t\t\t\t\t<div class=\"elementor-element elementor-element-3cf0de28 elementor-widget elementor-widget-text-editor\" data-id=\"3cf0de28\" data-element_type=\"widget\" data-widget_type=\"text-editor.default\">\n\t\t\t\t<div class=\"elementor-widget-container\">\n\t\t\t\t\t\t\t\t\t<p>VARIETATS DE RA\u00cfM<\/p>\t\t\t\t\t\t\t\t<\/div>\n\t\t\t\t<\/div>\n\t\t\t\t<div class=\"elementor-element elementor-element-b63d470 elementor-widget elementor-widget-text-editor\" data-id=\"b63d470\" data-element_type=\"widget\" data-widget_type=\"text-editor.default\">\n\t\t\t\t<div class=\"elementor-widget-container\">\n\t\t\t\t\t\t\t\t\t<p>Merlot, garnatxa, carinyena<\/p>\t\t\t\t\t\t\t\t<\/div>\n\t\t\t\t<\/div>\n\t\t\t\t<div class=\"elementor-element elementor-element-34da0798 elementor-widget elementor-widget-text-editor\" data-id=\"34da0798\" data-element_type=\"widget\" data-widget_type=\"text-editor.default\">\n\t\t\t\t<div class=\"elementor-widget-container\">\n\t\t\t\t\t\t\t\t\t<p>CRIAN\u00c7A<\/p>\t\t\t\t\t\t\t\t<\/div>\n\t\t\t\t<\/div>\n\t\t\t\t<div class=\"elementor-element elementor-element-46c0a06e elementor-widget elementor-widget-text-editor\" data-id=\"46c0a06e\" data-element_type=\"widget\" data-widget_type=\"text-editor.default\">\n\t\t\t\t<div class=\"elementor-widget-container\">\n\t\t\t\t\t\t\t\t\t<p>Sense crian\u00e7a<\/p>\t\t\t\t\t\t\t\t<\/div>\n\t\t\t\t<\/div>\n\t\t\t\t<div class=\"elementor-element elementor-element-617180a4 elementor-widget elementor-widget-text-editor\" data-id=\"617180a4\" data-element_type=\"widget\" data-widget_type=\"text-editor.default\">\n\t\t\t\t<div class=\"elementor-widget-container\">\n\t\t\t\t\t\t\t\t\t<p>DENOMINACI\u00d3 D'ORIGEN<\/p>\t\t\t\t\t\t\t\t<\/div>\n\t\t\t\t<\/div>\n\t\t\t\t<div class=\"elementor-element elementor-element-6690e993 elementor-widget elementor-widget-image\" data-id=\"6690e993\" data-element_type=\"widget\" data-widget_type=\"image.default\">\n\t\t\t\t<div class=\"elementor-widget-container\">\n\t\t\t\t\t\t\t\t\t\t\t\t\t\t\t<img decoding=\"async\" width=\"421\" height=\"415\" src=\"https:\/\/www.aribau.es\/wp-content\/uploads\/2021\/03\/DOQ-PRIORAT.jpg\" class=\"attachment-full size-full wp-image-9075\" alt=\"\" srcset=\"https:\/\/www.aribau.es\/wp-content\/uploads\/2021\/03\/DOQ-PRIORAT.jpg 421w, https:\/\/www.aribau.es\/wp-content\/uploads\/2021\/03\/DOQ-PRIORAT-300x296.jpg 300w\" sizes=\"(max-width: 421px) 100vw, 421px\" \/>\t\t\t\t\t\t\t\t\t\t\t\t\t\t\t<\/div>\n\t\t\t\t<\/div>\n\t\t\t\t<div class=\"elementor-element elementor-element-528d0dc7 elementor-widget elementor-widget-text-editor\" data-id=\"528d0dc7\" data-element_type=\"widget\" data-widget_type=\"text-editor.default\">\n\t\t\t\t<div class=\"elementor-widget-container\">\n\t\t\t\t\t\t\t\t\t<p>DESCRIPCI\u00d3<\/p>\t\t\t\t\t\t\t\t<\/div>\n\t\t\t\t<\/div>\n\t\t\t\t<div class=\"elementor-element elementor-element-41f4ba44 elementor-widget elementor-widget-text-editor\" data-id=\"41f4ba44\" data-element_type=\"widget\" data-widget_type=\"text-editor.default\">\n\t\t\t\t<div class=\"elementor-widget-container\">\n\t\t\t\t\t\t\t\t\t<p class=\"MsoNormal\">Vi de capa fosca, pr\u00e0cticament opac, color magenta molt viu. Barreja de fruites negres i vermelles, t\u00edpiques de les varietats que el componen. Tamb\u00e9 trobem un car\u00e0cter especiat que recorda el pebre vermell i de manera molt subtil a la nou moscada.<o:p><\/o:p><\/p><p>\n\n<\/p><p class=\"MsoNormal\">En boca tenim una entrada suau i fresca, amable. Pas per boca untu\u00f3s, crem\u00f3s i de gran amplitud. Post gust molt bals\u00e0mic i mineral, el que li dona una perman\u00e8ncia llarga en boca i un agradable final.<o:p><\/o:p><\/p>\t\t\t\t\t\t\t\t<\/div>\n\t\t\t\t<\/div>\n\t\t\t\t\t<\/div>\n\t\t<\/div>\n\t\t\t\t\t<\/div>\n\t\t<\/section>\n\t\t\t\t<\/div>","protected":false},"excerpt":{"rendered":"<p>QUE S\u00cd! variedades de uva Merlot, Garnacha, Cari\u00f1ena Crianza Sin crianza Denominaci\u00f3n de origen descripci\u00f3n Vino de capa oscura, pr\u00e1cticamente opaco, color magenta muy vivo. Mezcla de frutas negras y rojas, t\u00edpicas de las variedades que lo componen. Tambi\u00e9n encontramos un car\u00e1cter especiado que recuerda al piment\u00f3n y de manera muy sutil a la nuez &#8230; <a title=\"FICHA T\u00c9CNICA QUE SI!\" class=\"read-more\" href=\"https:\/\/www.aribau.es\/ca\/ficha-tecnica-que-si\/\" aria-label=\"M\u00e9s informaci\u00f3 sobre FICHA T\u00c9CNICA QUE SI!\">Llegiu m\u00e9s<\/a><\/p>","protected":false},"author":3,"featured_media":0,"parent":0,"menu_order":0,"comment_status":"closed","ping_status":"closed","template":"elementor_header_footer","meta":{"footnotes":""},"class_list":["post-9073","page","type-page","status-publish"],"yoast_head":"<!-- This site is optimized with the Yoast SEO plugin v26.7 - https:\/\/yoast.com\/wordpress\/plugins\/seo\/ -->\n<title>FICHA T\u00c9CNICA QUE SI! - Aribau<\/title>\n<meta name=\"robots\" content=\"index, follow, max-snippet:-1, max-image-preview:large, max-video-preview:-1\" \/>\n<link rel=\"canonical\" href=\"https:\/\/www.aribau.es\/ca\/ficha-tecnica-que-si\/\" \/>\n<meta property=\"og:locale\" content=\"ca_ES\" \/>\n<meta property=\"og:type\" content=\"article\" \/>\n<meta property=\"og:title\" content=\"FICHA T\u00c9CNICA QUE SI! - Aribau\" \/>\n<meta property=\"og:description\" content=\"QUE S\u00cd! variedades de uva Merlot, Garnacha, Cari\u00f1ena Crianza Sin crianza Denominaci\u00f3n de origen descripci\u00f3n Vino de capa oscura, pr\u00e1cticamente opaco, color magenta muy vivo. Mezcla de frutas negras y rojas, t\u00edpicas de las variedades que lo componen. Tambi\u00e9n encontramos un car\u00e1cter especiado que recuerda al piment\u00f3n y de manera muy sutil a la nuez ... Llegiu m\u00e9s\" \/>\n<meta property=\"og:url\" content=\"https:\/\/www.aribau.es\/ca\/ficha-tecnica-que-si\/\" \/>\n<meta property=\"og:site_name\" content=\"Aribau\" \/>\n<meta property=\"article:publisher\" content=\"https:\/\/www.facebook.com\/aribau1964\/\" \/>\n<meta property=\"article:modified_time\" content=\"2024-05-13T15:46:49+00:00\" \/>\n<meta property=\"og:image\" content=\"https:\/\/www.aribau.es\/wp-content\/uploads\/2022\/05\/Que-si-2022.png\" \/>\n<meta name=\"twitter:card\" content=\"summary_large_image\" \/>\n<meta name=\"twitter:site\" content=\"@aribau1964\" \/>\n<script type=\"application\/ld+json\" class=\"yoast-schema-graph\">{\"@context\":\"https:\/\/schema.org\",\"@graph\":[{\"@type\":\"WebPage\",\"@id\":\"https:\/\/www.aribau.es\/ficha-tecnica-que-si\/\",\"url\":\"https:\/\/www.aribau.es\/ficha-tecnica-que-si\/\",\"name\":\"FICHA T\u00c9CNICA QUE SI! - Aribau\",\"isPartOf\":{\"@id\":\"https:\/\/www.aribau.es\/#website\"},\"primaryImageOfPage\":{\"@id\":\"https:\/\/www.aribau.es\/ficha-tecnica-que-si\/#primaryimage\"},\"image\":{\"@id\":\"https:\/\/www.aribau.es\/ficha-tecnica-que-si\/#primaryimage\"},\"thumbnailUrl\":\"https:\/\/www.aribau.es\/wp-content\/uploads\/2022\/05\/Que-si-2022.png\",\"datePublished\":\"2021-03-30T00:49:29+00:00\",\"dateModified\":\"2024-05-13T15:46:49+00:00\",\"breadcrumb\":{\"@id\":\"https:\/\/www.aribau.es\/ficha-tecnica-que-si\/#breadcrumb\"},\"inLanguage\":\"ca\",\"potentialAction\":[{\"@type\":\"ReadAction\",\"target\":[\"https:\/\/www.aribau.es\/ficha-tecnica-que-si\/\"]}]},{\"@type\":\"ImageObject\",\"inLanguage\":\"ca\",\"@id\":\"https:\/\/www.aribau.es\/ficha-tecnica-que-si\/#primaryimage\",\"url\":\"https:\/\/www.aribau.es\/wp-content\/uploads\/2022\/05\/Que-si-2022.png\",\"contentUrl\":\"https:\/\/www.aribau.es\/wp-content\/uploads\/2022\/05\/Que-si-2022.png\"},{\"@type\":\"BreadcrumbList\",\"@id\":\"https:\/\/www.aribau.es\/ficha-tecnica-que-si\/#breadcrumb\",\"itemListElement\":[{\"@type\":\"ListItem\",\"position\":1,\"name\":\"Portada\",\"item\":\"https:\/\/www.aribau.es\/\"},{\"@type\":\"ListItem\",\"position\":2,\"name\":\"FICHA T\u00c9CNICA QUE SI!\"}]},{\"@type\":\"WebSite\",\"@id\":\"https:\/\/www.aribau.es\/#website\",\"url\":\"https:\/\/www.aribau.es\/\",\"name\":\"Aribau\",\"description\":\"VINOS Y BODEGAS\",\"publisher\":{\"@id\":\"https:\/\/www.aribau.es\/#organization\"},\"potentialAction\":[{\"@type\":\"SearchAction\",\"target\":{\"@type\":\"EntryPoint\",\"urlTemplate\":\"https:\/\/www.aribau.es\/?s={search_term_string}\"},\"query-input\":{\"@type\":\"PropertyValueSpecification\",\"valueRequired\":true,\"valueName\":\"search_term_string\"}}],\"inLanguage\":\"ca\"},{\"@type\":\"Organization\",\"@id\":\"https:\/\/www.aribau.es\/#organization\",\"name\":\"Aribau\",\"url\":\"https:\/\/www.aribau.es\/\",\"logo\":{\"@type\":\"ImageObject\",\"inLanguage\":\"ca\",\"@id\":\"https:\/\/www.aribau.es\/#\/schema\/logo\/image\/\",\"url\":\"https:\/\/www.aribau.es\/wp-content\/uploads\/2022\/03\/logo.png\",\"contentUrl\":\"https:\/\/www.aribau.es\/wp-content\/uploads\/2022\/03\/logo.png\",\"width\":300,\"height\":300,\"caption\":\"Aribau\"},\"image\":{\"@id\":\"https:\/\/www.aribau.es\/#\/schema\/logo\/image\/\"},\"sameAs\":[\"https:\/\/www.facebook.com\/aribau1964\/\",\"https:\/\/x.com\/aribau1964\",\"https:\/\/www.instagram.com\/aribau1964\/\"]}]}<\/script>\n<!-- \/ Yoast SEO plugin. -->","yoast_head_json":{"title":"FICHA T\u00c9CNICA QUE SI! - Aribau","robots":{"index":"index","follow":"follow","max-snippet":"max-snippet:-1","max-image-preview":"max-image-preview:large","max-video-preview":"max-video-preview:-1"},"canonical":"https:\/\/www.aribau.es\/ca\/ficha-tecnica-que-si\/","og_locale":"ca_ES","og_type":"article","og_title":"FICHA T\u00c9CNICA QUE SI! - Aribau","og_description":"QUE S\u00cd! variedades de uva Merlot, Garnacha, Cari\u00f1ena Crianza Sin crianza Denominaci\u00f3n de origen descripci\u00f3n Vino de capa oscura, pr\u00e1cticamente opaco, color magenta muy vivo. Mezcla de frutas negras y rojas, t\u00edpicas de las variedades que lo componen. Tambi\u00e9n encontramos un car\u00e1cter especiado que recuerda al piment\u00f3n y de manera muy sutil a la nuez ... Llegiu m\u00e9s","og_url":"https:\/\/www.aribau.es\/ca\/ficha-tecnica-que-si\/","og_site_name":"Aribau","article_publisher":"https:\/\/www.facebook.com\/aribau1964\/","article_modified_time":"2024-05-13T15:46:49+00:00","og_image":[{"url":"https:\/\/www.aribau.es\/wp-content\/uploads\/2022\/05\/Que-si-2022.png","type":"","width":"","height":""}],"twitter_card":"summary_large_image","twitter_site":"@aribau1964","schema":{"@context":"https:\/\/schema.org","@graph":[{"@type":"WebPage","@id":"https:\/\/www.aribau.es\/ficha-tecnica-que-si\/","url":"https:\/\/www.aribau.es\/ficha-tecnica-que-si\/","name":"FICHA T\u00c9CNICA QUE SI! - Aribau","isPartOf":{"@id":"https:\/\/www.aribau.es\/#website"},"primaryImageOfPage":{"@id":"https:\/\/www.aribau.es\/ficha-tecnica-que-si\/#primaryimage"},"image":{"@id":"https:\/\/www.aribau.es\/ficha-tecnica-que-si\/#primaryimage"},"thumbnailUrl":"https:\/\/www.aribau.es\/wp-content\/uploads\/2022\/05\/Que-si-2022.png","datePublished":"2021-03-30T00:49:29+00:00","dateModified":"2024-05-13T15:46:49+00:00","breadcrumb":{"@id":"https:\/\/www.aribau.es\/ficha-tecnica-que-si\/#breadcrumb"},"inLanguage":"ca","potentialAction":[{"@type":"ReadAction","target":["https:\/\/www.aribau.es\/ficha-tecnica-que-si\/"]}]},{"@type":"ImageObject","inLanguage":"ca","@id":"https:\/\/www.aribau.es\/ficha-tecnica-que-si\/#primaryimage","url":"https:\/\/www.aribau.es\/wp-content\/uploads\/2022\/05\/Que-si-2022.png","contentUrl":"https:\/\/www.aribau.es\/wp-content\/uploads\/2022\/05\/Que-si-2022.png"},{"@type":"BreadcrumbList","@id":"https:\/\/www.aribau.es\/ficha-tecnica-que-si\/#breadcrumb","itemListElement":[{"@type":"ListItem","position":1,"name":"Portada","item":"https:\/\/www.aribau.es\/"},{"@type":"ListItem","position":2,"name":"FICHA T\u00c9CNICA QUE SI!"}]},{"@type":"WebSite","@id":"https:\/\/www.aribau.es\/#website","url":"https:\/\/www.aribau.es\/","name":"Aribau","description":"VINOS Y BODEGAS","publisher":{"@id":"https:\/\/www.aribau.es\/#organization"},"potentialAction":[{"@type":"SearchAction","target":{"@type":"EntryPoint","urlTemplate":"https:\/\/www.aribau.es\/?s={search_term_string}"},"query-input":{"@type":"PropertyValueSpecification","valueRequired":true,"valueName":"search_term_string"}}],"inLanguage":"ca"},{"@type":"Organization","@id":"https:\/\/www.aribau.es\/#organization","name":"Aribau","url":"https:\/\/www.aribau.es\/","logo":{"@type":"ImageObject","inLanguage":"ca","@id":"https:\/\/www.aribau.es\/#\/schema\/logo\/image\/","url":"https:\/\/www.aribau.es\/wp-content\/uploads\/2022\/03\/logo.png","contentUrl":"https:\/\/www.aribau.es\/wp-content\/uploads\/2022\/03\/logo.png","width":300,"height":300,"caption":"Aribau"},"image":{"@id":"https:\/\/www.aribau.es\/#\/schema\/logo\/image\/"},"sameAs":["https:\/\/www.facebook.com\/aribau1964\/","https:\/\/x.com\/aribau1964","https:\/\/www.instagram.com\/aribau1964\/"]}]}},"_links":{"self":[{"href":"https:\/\/www.aribau.es\/ca\/wp-json\/wp\/v2\/pages\/9073","targetHints":{"allow":["GET"]}}],"collection":[{"href":"https:\/\/www.aribau.es\/ca\/wp-json\/wp\/v2\/pages"}],"about":[{"href":"https:\/\/www.aribau.es\/ca\/wp-json\/wp\/v2\/types\/page"}],"author":[{"embeddable":true,"href":"https:\/\/www.aribau.es\/ca\/wp-json\/wp\/v2\/users\/3"}],"replies":[{"embeddable":true,"href":"https:\/\/www.aribau.es\/ca\/wp-json\/wp\/v2\/comments?post=9073"}],"version-history":[{"count":13,"href":"https:\/\/www.aribau.es\/ca\/wp-json\/wp\/v2\/pages\/9073\/revisions"}],"predecessor-version":[{"id":13623,"href":"https:\/\/www.aribau.es\/ca\/wp-json\/wp\/v2\/pages\/9073\/revisions\/13623"}],"wp:attachment":[{"href":"https:\/\/www.aribau.es\/ca\/wp-json\/wp\/v2\/media?parent=9073"}],"curies":[{"name":"wp","href":"https:\/\/api.w.org\/{rel}","templated":true}]}}