{"id":9084,"date":"2021-03-30T01:54:20","date_gmt":"2021-03-30T00:54:20","guid":{"rendered":"https:\/\/www.aribau.es\/?page_id=9084"},"modified":"2024-05-13T16:33:06","modified_gmt":"2024-05-13T15:33:06","slug":"ficha-tecnica-i-tant-brut-rose","status":"publish","type":"page","link":"https:\/\/www.aribau.es\/ca\/ficha-tecnica-i-tant-brut-rose\/","title":{"rendered":"FICHA T\u00c9CNICA I TANT BRUT ROS\u00c9"},"content":{"rendered":"<div data-elementor-type=\"wp-page\" data-elementor-id=\"9084\" class=\"elementor elementor-9084\">\n\t\t\t\t\t\t<section class=\"elementor-section elementor-top-section elementor-element elementor-element-f0bdcae elementor-section-boxed elementor-section-height-default elementor-section-height-default\" data-id=\"f0bdcae\" data-element_type=\"section\">\n\t\t\t\t\t\t<div class=\"elementor-container elementor-column-gap-default\">\n\t\t\t\t\t<div class=\"elementor-column elementor-col-100 elementor-top-column elementor-element elementor-element-4cd8aa6\" data-id=\"4cd8aa6\" data-element_type=\"column\">\n\t\t\t<div class=\"elementor-widget-wrap elementor-element-populated\">\n\t\t\t\t\t\t<div class=\"elementor-element elementor-element-a6c8cd2 elementor-widget elementor-widget-heading\" data-id=\"a6c8cd2\" data-element_type=\"widget\" data-widget_type=\"heading.default\">\n\t\t\t\t<div class=\"elementor-widget-container\">\n\t\t\t\t\t<h1 class=\"elementor-heading-title elementor-size-default\">I tant cava ros\u00e9 pinot noir reserva<\/h1>\t\t\t\t<\/div>\n\t\t\t\t<\/div>\n\t\t\t\t\t<\/div>\n\t\t<\/div>\n\t\t\t\t\t<\/div>\n\t\t<\/section>\n\t\t\t\t<section class=\"elementor-section elementor-top-section elementor-element elementor-element-58b1c4cd elementor-section-boxed elementor-section-height-default elementor-section-height-default elementor-invisible\" data-id=\"58b1c4cd\" data-element_type=\"section\" data-settings=\"{&quot;animation&quot;:&quot;fadeInUp&quot;}\">\n\t\t\t\t\t\t<div class=\"elementor-container elementor-column-gap-default\">\n\t\t\t\t\t<div class=\"elementor-column elementor-col-50 elementor-top-column elementor-element elementor-element-6f756f1\" data-id=\"6f756f1\" data-element_type=\"column\">\n\t\t\t<div class=\"elementor-widget-wrap elementor-element-populated\">\n\t\t\t\t\t\t<div class=\"elementor-element elementor-element-48d7789e elementor-widget elementor-widget-image\" data-id=\"48d7789e\" data-element_type=\"widget\" data-widget_type=\"image.default\">\n\t\t\t\t<div class=\"elementor-widget-container\">\n\t\t\t\t\t\t\t\t\t\t\t\t\t\t\t<img fetchpriority=\"high\" decoding=\"async\" width=\"190\" height=\"616\" src=\"https:\/\/www.aribau.es\/wp-content\/uploads\/2021\/02\/i_tant_brut_rose_low_res-1.jpg\" class=\"elementor-animation-grow attachment-large size-large wp-image-7315\" alt=\"\" \/>\t\t\t\t\t\t\t\t\t\t\t\t\t\t\t<\/div>\n\t\t\t\t<\/div>\n\t\t\t\t\t<\/div>\n\t\t<\/div>\n\t\t\t\t<div class=\"elementor-column elementor-col-50 elementor-top-column elementor-element elementor-element-6591d0b2\" data-id=\"6591d0b2\" data-element_type=\"column\">\n\t\t\t<div class=\"elementor-widget-wrap elementor-element-populated\">\n\t\t\t\t\t\t<div class=\"elementor-element elementor-element-3c889ff elementor-widget elementor-widget-text-editor\" data-id=\"3c889ff\" data-element_type=\"widget\" data-widget_type=\"text-editor.default\">\n\t\t\t\t<div class=\"elementor-widget-container\">\n\t\t\t\t\t\t\t\t\t<p>VARIETATS DE RA\u00cfM<\/p>\t\t\t\t\t\t\t\t<\/div>\n\t\t\t\t<\/div>\n\t\t\t\t<div class=\"elementor-element elementor-element-3a3efd6c elementor-widget elementor-widget-text-editor\" data-id=\"3a3efd6c\" data-element_type=\"widget\" data-widget_type=\"text-editor.default\">\n\t\t\t\t<div class=\"elementor-widget-container\">\n\t\t\t\t\t\t\t\t\t<p>Pinot noir<\/p>\t\t\t\t\t\t\t\t<\/div>\n\t\t\t\t<\/div>\n\t\t\t\t<div class=\"elementor-element elementor-element-53384e2a elementor-widget elementor-widget-text-editor\" data-id=\"53384e2a\" data-element_type=\"widget\" data-widget_type=\"text-editor.default\">\n\t\t\t\t<div class=\"elementor-widget-container\">\n\t\t\t\t\t\t\t\t\t<p>CRIAN\u00c7A<\/p>\t\t\t\t\t\t\t\t<\/div>\n\t\t\t\t<\/div>\n\t\t\t\t<div class=\"elementor-element elementor-element-3090fb6f elementor-widget elementor-widget-text-editor\" data-id=\"3090fb6f\" data-element_type=\"widget\" data-widget_type=\"text-editor.default\">\n\t\t\t\t<div class=\"elementor-widget-container\">\n\t\t\t\t\t\t\t\t\t<p>15 mesos<\/p>\t\t\t\t\t\t\t\t<\/div>\n\t\t\t\t<\/div>\n\t\t\t\t<div class=\"elementor-element elementor-element-490e4ea4 elementor-widget elementor-widget-text-editor\" data-id=\"490e4ea4\" data-element_type=\"widget\" data-widget_type=\"text-editor.default\">\n\t\t\t\t<div class=\"elementor-widget-container\">\n\t\t\t\t\t\t\t\t\t<p>DENOMINACI\u00d3 D'ORIGEN<\/p>\t\t\t\t\t\t\t\t<\/div>\n\t\t\t\t<\/div>\n\t\t\t\t<div class=\"elementor-element elementor-element-ecabb67 elementor-widget elementor-widget-image\" data-id=\"ecabb67\" data-element_type=\"widget\" data-widget_type=\"image.default\">\n\t\t\t\t<div class=\"elementor-widget-container\">\n\t\t\t\t\t\t\t\t\t\t\t\t\t\t\t<img decoding=\"async\" width=\"500\" height=\"244\" src=\"https:\/\/www.aribau.es\/wp-content\/uploads\/2021\/03\/DO-CAVA.png\" class=\"attachment-full size-full wp-image-8570\" alt=\"\" srcset=\"https:\/\/www.aribau.es\/wp-content\/uploads\/2021\/03\/DO-CAVA.png 500w, https:\/\/www.aribau.es\/wp-content\/uploads\/2021\/03\/DO-CAVA-300x146.png 300w\" sizes=\"(max-width: 500px) 100vw, 500px\" \/>\t\t\t\t\t\t\t\t\t\t\t\t\t\t\t<\/div>\n\t\t\t\t<\/div>\n\t\t\t\t<div class=\"elementor-element elementor-element-4f0ef90 elementor-widget elementor-widget-text-editor\" data-id=\"4f0ef90\" data-element_type=\"widget\" data-widget_type=\"text-editor.default\">\n\t\t\t\t<div class=\"elementor-widget-container\">\n\t\t\t\t\t\t\t\t\t<p>DESCRIPCI\u00d3<\/p>\t\t\t\t\t\t\t\t<\/div>\n\t\t\t\t<\/div>\n\t\t\t\t<div class=\"elementor-element elementor-element-26a8ed80 elementor-widget elementor-widget-text-editor\" data-id=\"26a8ed80\" data-element_type=\"widget\" data-widget_type=\"text-editor.default\">\n\t\t\t\t<div class=\"elementor-widget-container\">\n\t\t\t\t\t\t\t\t\t<p class=\"MsoNormal\">Presenta un agradable color cirera i matisos a salm\u00f3 brillant amb una fina i brillant capa i un ampli rosari que formen una fidel corona. En nas, \u00e9s ric en aromes a fruita silvestre combinant la grosella, notes a lleugera crian\u00e7a i fina reducci\u00f3 que li atorguen una gran eleg\u00e0ncia.<o:p><\/o:p><\/p><p>\n\n<\/p><p class=\"MsoNormal\">En boca, t\u00e9 una entrada lleugerament picant amb notes especiades. La bombolla, fina i persistent, s'acompanya d'una bona acidesa amb un pas per boca elegant que ens deixa records torrats que el fan abundant i llaminer.<o:p><\/o:p><\/p>\t\t\t\t\t\t\t\t<\/div>\n\t\t\t\t<\/div>\n\t\t\t\t\t<\/div>\n\t\t<\/div>\n\t\t\t\t\t<\/div>\n\t\t<\/section>\n\t\t\t\t<\/div>","protected":false},"excerpt":{"rendered":"<p>I tant cava ros\u00e9 pinot noir reserva variedades de uva Pinot noir Crianza 15 meses Denominaci\u00f3n de origen descripci\u00f3n Presenta un agradable color cereza y matices a salm\u00f3n brillante con una fina y brillante capa y un amplio rosario que forman una fiel corona. En nariz, es rico en aromas a fruta silvestre combinando la &#8230; <a title=\"FICHA T\u00c9CNICA I TANT BRUT ROS\u00c9\" class=\"read-more\" href=\"https:\/\/www.aribau.es\/ca\/ficha-tecnica-i-tant-brut-rose\/\" aria-label=\"M\u00e9s informaci\u00f3 sobre FICHA T\u00c9CNICA I TANT BRUT ROS\u00c9\">Llegiu m\u00e9s<\/a><\/p>","protected":false},"author":3,"featured_media":0,"parent":0,"menu_order":0,"comment_status":"closed","ping_status":"closed","template":"elementor_header_footer","meta":{"footnotes":""},"class_list":["post-9084","page","type-page","status-publish"],"yoast_head":"<!-- This site is optimized with the Yoast SEO plugin v26.7 - https:\/\/yoast.com\/wordpress\/plugins\/seo\/ -->\n<title>FICHA T\u00c9CNICA I TANT BRUT ROS\u00c9 - Aribau<\/title>\n<meta name=\"robots\" content=\"index, follow, max-snippet:-1, max-image-preview:large, max-video-preview:-1\" \/>\n<link rel=\"canonical\" href=\"https:\/\/www.aribau.es\/ca\/ficha-tecnica-i-tant-brut-rose\/\" \/>\n<meta property=\"og:locale\" content=\"ca_ES\" \/>\n<meta property=\"og:type\" content=\"article\" \/>\n<meta property=\"og:title\" content=\"FICHA T\u00c9CNICA I TANT BRUT ROS\u00c9 - Aribau\" \/>\n<meta property=\"og:description\" content=\"I tant cava ros\u00e9 pinot noir reserva variedades de uva Pinot noir Crianza 15 meses Denominaci\u00f3n de origen descripci\u00f3n Presenta un agradable color cereza y matices a salm\u00f3n brillante con una fina y brillante capa y un amplio rosario que forman una fiel corona. En nariz, es rico en aromas a fruta silvestre combinando la ... Llegiu m\u00e9s\" \/>\n<meta property=\"og:url\" content=\"https:\/\/www.aribau.es\/ca\/ficha-tecnica-i-tant-brut-rose\/\" \/>\n<meta property=\"og:site_name\" content=\"Aribau\" \/>\n<meta property=\"article:publisher\" content=\"https:\/\/www.facebook.com\/aribau1964\/\" \/>\n<meta property=\"article:modified_time\" content=\"2024-05-13T15:33:06+00:00\" \/>\n<meta property=\"og:image\" content=\"https:\/\/www.aribau.es\/wp-content\/uploads\/2021\/02\/i_tant_brut_rose_low_res-1.jpg\" \/>\n<meta name=\"twitter:card\" content=\"summary_large_image\" \/>\n<meta name=\"twitter:site\" content=\"@aribau1964\" \/>\n<meta name=\"twitter:label1\" content=\"Temps estimat de lectura\" \/>\n\t<meta name=\"twitter:data1\" content=\"1 minut\" \/>\n<script type=\"application\/ld+json\" class=\"yoast-schema-graph\">{\"@context\":\"https:\/\/schema.org\",\"@graph\":[{\"@type\":\"WebPage\",\"@id\":\"https:\/\/www.aribau.es\/ficha-tecnica-i-tant-brut-rose\/\",\"url\":\"https:\/\/www.aribau.es\/ficha-tecnica-i-tant-brut-rose\/\",\"name\":\"FICHA T\u00c9CNICA I TANT BRUT ROS\u00c9 - Aribau\",\"isPartOf\":{\"@id\":\"https:\/\/www.aribau.es\/#website\"},\"primaryImageOfPage\":{\"@id\":\"https:\/\/www.aribau.es\/ficha-tecnica-i-tant-brut-rose\/#primaryimage\"},\"image\":{\"@id\":\"https:\/\/www.aribau.es\/ficha-tecnica-i-tant-brut-rose\/#primaryimage\"},\"thumbnailUrl\":\"https:\/\/www.aribau.es\/wp-content\/uploads\/2021\/02\/i_tant_brut_rose_low_res-1.jpg\",\"datePublished\":\"2021-03-30T00:54:20+00:00\",\"dateModified\":\"2024-05-13T15:33:06+00:00\",\"breadcrumb\":{\"@id\":\"https:\/\/www.aribau.es\/ficha-tecnica-i-tant-brut-rose\/#breadcrumb\"},\"inLanguage\":\"ca\",\"potentialAction\":[{\"@type\":\"ReadAction\",\"target\":[\"https:\/\/www.aribau.es\/ficha-tecnica-i-tant-brut-rose\/\"]}]},{\"@type\":\"ImageObject\",\"inLanguage\":\"ca\",\"@id\":\"https:\/\/www.aribau.es\/ficha-tecnica-i-tant-brut-rose\/#primaryimage\",\"url\":\"https:\/\/www.aribau.es\/wp-content\/uploads\/2021\/02\/i_tant_brut_rose_low_res-1.jpg\",\"contentUrl\":\"https:\/\/www.aribau.es\/wp-content\/uploads\/2021\/02\/i_tant_brut_rose_low_res-1.jpg\"},{\"@type\":\"BreadcrumbList\",\"@id\":\"https:\/\/www.aribau.es\/ficha-tecnica-i-tant-brut-rose\/#breadcrumb\",\"itemListElement\":[{\"@type\":\"ListItem\",\"position\":1,\"name\":\"Portada\",\"item\":\"https:\/\/www.aribau.es\/\"},{\"@type\":\"ListItem\",\"position\":2,\"name\":\"FICHA T\u00c9CNICA I TANT BRUT ROS\u00c9\"}]},{\"@type\":\"WebSite\",\"@id\":\"https:\/\/www.aribau.es\/#website\",\"url\":\"https:\/\/www.aribau.es\/\",\"name\":\"Aribau\",\"description\":\"VINOS Y BODEGAS\",\"publisher\":{\"@id\":\"https:\/\/www.aribau.es\/#organization\"},\"potentialAction\":[{\"@type\":\"SearchAction\",\"target\":{\"@type\":\"EntryPoint\",\"urlTemplate\":\"https:\/\/www.aribau.es\/?s={search_term_string}\"},\"query-input\":{\"@type\":\"PropertyValueSpecification\",\"valueRequired\":true,\"valueName\":\"search_term_string\"}}],\"inLanguage\":\"ca\"},{\"@type\":\"Organization\",\"@id\":\"https:\/\/www.aribau.es\/#organization\",\"name\":\"Aribau\",\"url\":\"https:\/\/www.aribau.es\/\",\"logo\":{\"@type\":\"ImageObject\",\"inLanguage\":\"ca\",\"@id\":\"https:\/\/www.aribau.es\/#\/schema\/logo\/image\/\",\"url\":\"https:\/\/www.aribau.es\/wp-content\/uploads\/2022\/03\/logo.png\",\"contentUrl\":\"https:\/\/www.aribau.es\/wp-content\/uploads\/2022\/03\/logo.png\",\"width\":300,\"height\":300,\"caption\":\"Aribau\"},\"image\":{\"@id\":\"https:\/\/www.aribau.es\/#\/schema\/logo\/image\/\"},\"sameAs\":[\"https:\/\/www.facebook.com\/aribau1964\/\",\"https:\/\/x.com\/aribau1964\",\"https:\/\/www.instagram.com\/aribau1964\/\"]}]}<\/script>\n<!-- \/ Yoast SEO plugin. -->","yoast_head_json":{"title":"FICHA T\u00c9CNICA I TANT BRUT ROS\u00c9 - Aribau","robots":{"index":"index","follow":"follow","max-snippet":"max-snippet:-1","max-image-preview":"max-image-preview:large","max-video-preview":"max-video-preview:-1"},"canonical":"https:\/\/www.aribau.es\/ca\/ficha-tecnica-i-tant-brut-rose\/","og_locale":"ca_ES","og_type":"article","og_title":"FICHA T\u00c9CNICA I TANT BRUT ROS\u00c9 - Aribau","og_description":"I tant cava ros\u00e9 pinot noir reserva variedades de uva Pinot noir Crianza 15 meses Denominaci\u00f3n de origen descripci\u00f3n Presenta un agradable color cereza y matices a salm\u00f3n brillante con una fina y brillante capa y un amplio rosario que forman una fiel corona. En nariz, es rico en aromas a fruta silvestre combinando la ... Llegiu m\u00e9s","og_url":"https:\/\/www.aribau.es\/ca\/ficha-tecnica-i-tant-brut-rose\/","og_site_name":"Aribau","article_publisher":"https:\/\/www.facebook.com\/aribau1964\/","article_modified_time":"2024-05-13T15:33:06+00:00","og_image":[{"url":"https:\/\/www.aribau.es\/wp-content\/uploads\/2021\/02\/i_tant_brut_rose_low_res-1.jpg","type":"","width":"","height":""}],"twitter_card":"summary_large_image","twitter_site":"@aribau1964","twitter_misc":{"Temps estimat de lectura":"1 minut"},"schema":{"@context":"https:\/\/schema.org","@graph":[{"@type":"WebPage","@id":"https:\/\/www.aribau.es\/ficha-tecnica-i-tant-brut-rose\/","url":"https:\/\/www.aribau.es\/ficha-tecnica-i-tant-brut-rose\/","name":"FICHA T\u00c9CNICA I TANT BRUT ROS\u00c9 - Aribau","isPartOf":{"@id":"https:\/\/www.aribau.es\/#website"},"primaryImageOfPage":{"@id":"https:\/\/www.aribau.es\/ficha-tecnica-i-tant-brut-rose\/#primaryimage"},"image":{"@id":"https:\/\/www.aribau.es\/ficha-tecnica-i-tant-brut-rose\/#primaryimage"},"thumbnailUrl":"https:\/\/www.aribau.es\/wp-content\/uploads\/2021\/02\/i_tant_brut_rose_low_res-1.jpg","datePublished":"2021-03-30T00:54:20+00:00","dateModified":"2024-05-13T15:33:06+00:00","breadcrumb":{"@id":"https:\/\/www.aribau.es\/ficha-tecnica-i-tant-brut-rose\/#breadcrumb"},"inLanguage":"ca","potentialAction":[{"@type":"ReadAction","target":["https:\/\/www.aribau.es\/ficha-tecnica-i-tant-brut-rose\/"]}]},{"@type":"ImageObject","inLanguage":"ca","@id":"https:\/\/www.aribau.es\/ficha-tecnica-i-tant-brut-rose\/#primaryimage","url":"https:\/\/www.aribau.es\/wp-content\/uploads\/2021\/02\/i_tant_brut_rose_low_res-1.jpg","contentUrl":"https:\/\/www.aribau.es\/wp-content\/uploads\/2021\/02\/i_tant_brut_rose_low_res-1.jpg"},{"@type":"BreadcrumbList","@id":"https:\/\/www.aribau.es\/ficha-tecnica-i-tant-brut-rose\/#breadcrumb","itemListElement":[{"@type":"ListItem","position":1,"name":"Portada","item":"https:\/\/www.aribau.es\/"},{"@type":"ListItem","position":2,"name":"FICHA T\u00c9CNICA I TANT BRUT ROS\u00c9"}]},{"@type":"WebSite","@id":"https:\/\/www.aribau.es\/#website","url":"https:\/\/www.aribau.es\/","name":"Aribau","description":"VINOS Y BODEGAS","publisher":{"@id":"https:\/\/www.aribau.es\/#organization"},"potentialAction":[{"@type":"SearchAction","target":{"@type":"EntryPoint","urlTemplate":"https:\/\/www.aribau.es\/?s={search_term_string}"},"query-input":{"@type":"PropertyValueSpecification","valueRequired":true,"valueName":"search_term_string"}}],"inLanguage":"ca"},{"@type":"Organization","@id":"https:\/\/www.aribau.es\/#organization","name":"Aribau","url":"https:\/\/www.aribau.es\/","logo":{"@type":"ImageObject","inLanguage":"ca","@id":"https:\/\/www.aribau.es\/#\/schema\/logo\/image\/","url":"https:\/\/www.aribau.es\/wp-content\/uploads\/2022\/03\/logo.png","contentUrl":"https:\/\/www.aribau.es\/wp-content\/uploads\/2022\/03\/logo.png","width":300,"height":300,"caption":"Aribau"},"image":{"@id":"https:\/\/www.aribau.es\/#\/schema\/logo\/image\/"},"sameAs":["https:\/\/www.facebook.com\/aribau1964\/","https:\/\/x.com\/aribau1964","https:\/\/www.instagram.com\/aribau1964\/"]}]}},"_links":{"self":[{"href":"https:\/\/www.aribau.es\/ca\/wp-json\/wp\/v2\/pages\/9084","targetHints":{"allow":["GET"]}}],"collection":[{"href":"https:\/\/www.aribau.es\/ca\/wp-json\/wp\/v2\/pages"}],"about":[{"href":"https:\/\/www.aribau.es\/ca\/wp-json\/wp\/v2\/types\/page"}],"author":[{"embeddable":true,"href":"https:\/\/www.aribau.es\/ca\/wp-json\/wp\/v2\/users\/3"}],"replies":[{"embeddable":true,"href":"https:\/\/www.aribau.es\/ca\/wp-json\/wp\/v2\/comments?post=9084"}],"version-history":[{"count":28,"href":"https:\/\/www.aribau.es\/ca\/wp-json\/wp\/v2\/pages\/9084\/revisions"}],"predecessor-version":[{"id":13575,"href":"https:\/\/www.aribau.es\/ca\/wp-json\/wp\/v2\/pages\/9084\/revisions\/13575"}],"wp:attachment":[{"href":"https:\/\/www.aribau.es\/ca\/wp-json\/wp\/v2\/media?parent=9084"}],"curies":[{"name":"wp","href":"https:\/\/api.w.org\/{rel}","templated":true}]}}