{"id":9371,"date":"2021-03-30T10:27:01","date_gmt":"2021-03-30T09:27:01","guid":{"rendered":"https:\/\/www.aribau.es\/?page_id=9371"},"modified":"2021-03-30T10:28:28","modified_gmt":"2021-03-30T09:28:28","slug":"syrah-garnacha","status":"publish","type":"page","link":"https:\/\/www.aribau.es\/ca\/bodegas-2\/can-roda\/syrah-garnacha\/","title":{"rendered":"SYRAH GARNATXA"},"content":{"rendered":"<div data-elementor-type=\"wp-page\" data-elementor-id=\"9371\" class=\"elementor elementor-9371\">\n\t\t\t\t\t\t<section class=\"elementor-section elementor-top-section elementor-element elementor-element-7fff9064 elementor-section-boxed elementor-section-height-default elementor-section-height-default elementor-invisible\" data-id=\"7fff9064\" data-element_type=\"section\" data-settings=\"{&quot;animation&quot;:&quot;fadeInUp&quot;}\">\n\t\t\t\t\t\t<div class=\"elementor-container elementor-column-gap-default\">\n\t\t\t\t\t<div class=\"elementor-column elementor-col-100 elementor-top-column elementor-element elementor-element-63b21dba\" data-id=\"63b21dba\" data-element_type=\"column\">\n\t\t\t<div class=\"elementor-widget-wrap elementor-element-populated\">\n\t\t\t\t\t\t<div class=\"elementor-element elementor-element-3a6e7ca9 elementor-widget elementor-widget-text-editor\" data-id=\"3a6e7ca9\" data-element_type=\"widget\" data-widget_type=\"text-editor.default\">\n\t\t\t\t<div class=\"elementor-widget-container\">\n\t\t\t\t\t\t\t\t\t<p>SYRAH GARNATXA<\/p>\t\t\t\t\t\t\t\t<\/div>\n\t\t\t\t<\/div>\n\t\t\t\t\t<\/div>\n\t\t<\/div>\n\t\t\t\t\t<\/div>\n\t\t<\/section>\n\t\t\t\t<section class=\"elementor-section elementor-top-section elementor-element elementor-element-7054eb52 elementor-section-full_width elementor-section-height-default elementor-section-height-default elementor-invisible\" data-id=\"7054eb52\" data-element_type=\"section\" data-settings=\"{&quot;animation&quot;:&quot;fadeInUp&quot;}\">\n\t\t\t\t\t\t<div class=\"elementor-container elementor-column-gap-default\">\n\t\t\t\t\t<div class=\"elementor-column elementor-col-50 elementor-top-column elementor-element elementor-element-4bc47b8a\" data-id=\"4bc47b8a\" data-element_type=\"column\">\n\t\t\t<div class=\"elementor-widget-wrap elementor-element-populated\">\n\t\t\t\t\t\t<div class=\"elementor-element elementor-element-16989814 elementor-widget elementor-widget-image\" data-id=\"16989814\" data-element_type=\"widget\" data-widget_type=\"image.default\">\n\t\t\t\t<div class=\"elementor-widget-container\">\n\t\t\t\t\t\t\t\t\t\t\t\t\t\t\t<img fetchpriority=\"high\" decoding=\"async\" width=\"640\" height=\"1024\" src=\"https:\/\/www.aribau.es\/wp-content\/uploads\/2021\/03\/SYRAH-GARNATXA-640x1024.png\" class=\"elementor-animation-grow attachment-large size-large wp-image-7798\" alt=\"\" srcset=\"https:\/\/www.aribau.es\/wp-content\/uploads\/2021\/03\/SYRAH-GARNATXA-640x1024.png 640w, https:\/\/www.aribau.es\/wp-content\/uploads\/2021\/03\/SYRAH-GARNATXA-188x300.png 188w, https:\/\/www.aribau.es\/wp-content\/uploads\/2021\/03\/SYRAH-GARNATXA-768x1229.png 768w, https:\/\/www.aribau.es\/wp-content\/uploads\/2021\/03\/SYRAH-GARNATXA-960x1536.png 960w, https:\/\/www.aribau.es\/wp-content\/uploads\/2021\/03\/SYRAH-GARNATXA-1280x2048.png 1280w, https:\/\/www.aribau.es\/wp-content\/uploads\/2021\/03\/SYRAH-GARNATXA.png 1600w\" sizes=\"(max-width: 640px) 100vw, 640px\" \/>\t\t\t\t\t\t\t\t\t\t\t\t\t\t\t<\/div>\n\t\t\t\t<\/div>\n\t\t\t\t\t<\/div>\n\t\t<\/div>\n\t\t\t\t<div class=\"elementor-column elementor-col-50 elementor-top-column elementor-element elementor-element-456a76cc\" data-id=\"456a76cc\" data-element_type=\"column\">\n\t\t\t<div class=\"elementor-widget-wrap elementor-element-populated\">\n\t\t\t\t\t\t<div class=\"elementor-element elementor-element-2e7b0f69 elementor-widget elementor-widget-text-editor\" data-id=\"2e7b0f69\" data-element_type=\"widget\" data-widget_type=\"text-editor.default\">\n\t\t\t\t<div class=\"elementor-widget-container\">\n\t\t\t\t\t\t\t\t\t<p>VARIETATS DE RA\u00cfM<\/p>\t\t\t\t\t\t\t\t<\/div>\n\t\t\t\t<\/div>\n\t\t\t\t<div class=\"elementor-element elementor-element-69569891 elementor-widget elementor-widget-text-editor\" data-id=\"69569891\" data-element_type=\"widget\" data-widget_type=\"text-editor.default\">\n\t\t\t\t<div class=\"elementor-widget-container\">\n\t\t\t\t\t\t\t\t\t<p>Syrah, garnatxa<\/p>\t\t\t\t\t\t\t\t<\/div>\n\t\t\t\t<\/div>\n\t\t\t\t<div class=\"elementor-element elementor-element-10db0bf5 elementor-widget elementor-widget-text-editor\" data-id=\"10db0bf5\" data-element_type=\"widget\" data-widget_type=\"text-editor.default\">\n\t\t\t\t<div class=\"elementor-widget-container\">\n\t\t\t\t\t\t\t\t\t<p>CRIAN\u00c7A<\/p>\t\t\t\t\t\t\t\t<\/div>\n\t\t\t\t<\/div>\n\t\t\t\t<div class=\"elementor-element elementor-element-18232b30 elementor-widget elementor-widget-text-editor\" data-id=\"18232b30\" data-element_type=\"widget\" data-widget_type=\"text-editor.default\">\n\t\t\t\t<div class=\"elementor-widget-container\">\n\t\t\t\t\t\t\t\t\t<p>Sense crian\u00e7a<\/p>\t\t\t\t\t\t\t\t<\/div>\n\t\t\t\t<\/div>\n\t\t\t\t<div class=\"elementor-element elementor-element-23b58f62 elementor-widget elementor-widget-text-editor\" data-id=\"23b58f62\" data-element_type=\"widget\" data-widget_type=\"text-editor.default\">\n\t\t\t\t<div class=\"elementor-widget-container\">\n\t\t\t\t\t\t\t\t\t<p>DENOMINACI\u00d3 D'ORIGEN<\/p>\t\t\t\t\t\t\t\t<\/div>\n\t\t\t\t<\/div>\n\t\t\t\t<div class=\"elementor-element elementor-element-4e0d5c2b elementor-widget elementor-widget-image\" data-id=\"4e0d5c2b\" data-element_type=\"widget\" data-widget_type=\"image.default\">\n\t\t\t\t<div class=\"elementor-widget-container\">\n\t\t\t\t\t\t\t\t\t\t\t\t\t\t\t<img decoding=\"async\" width=\"257\" height=\"191\" src=\"https:\/\/www.aribau.es\/wp-content\/uploads\/2021\/03\/DO-ALELLA.png\" class=\"attachment-full size-full wp-image-9347\" alt=\"\" \/>\t\t\t\t\t\t\t\t\t\t\t\t\t\t\t<\/div>\n\t\t\t\t<\/div>\n\t\t\t\t<div class=\"elementor-element elementor-element-1b962952 elementor-widget elementor-widget-text-editor\" data-id=\"1b962952\" data-element_type=\"widget\" data-widget_type=\"text-editor.default\">\n\t\t\t\t<div class=\"elementor-widget-container\">\n\t\t\t\t\t\t\t\t\t<p>DESCRIPCI\u00d3<\/p>\t\t\t\t\t\t\t\t<\/div>\n\t\t\t\t<\/div>\n\t\t\t\t<div class=\"elementor-element elementor-element-405b0ff3 elementor-widget elementor-widget-text-editor\" data-id=\"405b0ff3\" data-element_type=\"widget\" data-widget_type=\"text-editor.default\">\n\t\t\t\t<div class=\"elementor-widget-container\">\n\t\t\t\t\t\t\t\t\t<p class=\"MsoNormal\"><span lang=\"CA\">Vi negre de color magrana intens i ribet violaci, de sensaci\u00f3 lleugera en copa. En nas \u00e9s agradable, de bona intensitat arom\u00e0tica amb records d'aromes frescos a fruita (gerds, la cirera i nabius), amb delicats tocs de flors, juntament amb un vegetal de tija d'arbre, i un final mineral molt t\u00edmid. En boca \u00e9s d'entrada fresca, marcat per la pres\u00e8ncia d'un tan\u00ed secant, ben harmonitzat amb els records de fruita macerada i final persistent.<o:p><\/o:p><\/span><\/p>\t\t\t\t\t\t\t\t<\/div>\n\t\t\t\t<\/div>\n\t\t\t\t<div class=\"elementor-element elementor-element-4fb0e9f9 elementor-widget elementor-widget-spacer\" data-id=\"4fb0e9f9\" data-element_type=\"widget\" data-widget_type=\"spacer.default\">\n\t\t\t\t<div class=\"elementor-widget-container\">\n\t\t\t\t\t\t\t<div class=\"elementor-spacer\">\n\t\t\t<div class=\"elementor-spacer-inner\"><\/div>\n\t\t<\/div>\n\t\t\t\t\t\t<\/div>\n\t\t\t\t<\/div>\n\t\t\t\t\t<\/div>\n\t\t<\/div>\n\t\t\t\t\t<\/div>\n\t\t<\/section>\n\t\t\t\t<\/div>","protected":false},"excerpt":{"rendered":"<p>SYRAH GARNACHA variedades de uva Syrah, Garnacha Crianza Sin crianza Denominaci\u00f3n de origen descripci\u00f3n Vino tinto de color granada intenso y ribete viol\u00e1ceo, de sensaci\u00f3n ligera en copa. En nariz es agradable, de buena intensidad arom\u00e1tica con recuerdos de aromas frescos a fruta (frambuesas, la cereza y ar\u00e1ndanos), con delicados toques de flores, conjuntamente con &#8230; <a title=\"SYRAH GARNATXA\" class=\"read-more\" href=\"https:\/\/www.aribau.es\/ca\/bodegas-2\/can-roda\/syrah-garnacha\/\" aria-label=\"M\u00e9s informaci\u00f3 sobre SYRAH GARNACHA\">Llegiu m\u00e9s<\/a><\/p>","protected":false},"author":3,"featured_media":0,"parent":8137,"menu_order":0,"comment_status":"closed","ping_status":"closed","template":"elementor_header_footer","meta":{"footnotes":""},"class_list":["post-9371","page","type-page","status-publish"],"yoast_head":"<!-- This site is optimized with the Yoast SEO plugin v26.7 - https:\/\/yoast.com\/wordpress\/plugins\/seo\/ -->\n<title>SYRAH GARNACHA - Aribau<\/title>\n<meta name=\"robots\" content=\"index, follow, max-snippet:-1, max-image-preview:large, max-video-preview:-1\" \/>\n<link rel=\"canonical\" href=\"https:\/\/www.aribau.es\/ca\/bodegas-2\/can-roda\/syrah-garnacha\/\" \/>\n<meta property=\"og:locale\" content=\"ca_ES\" \/>\n<meta property=\"og:type\" content=\"article\" \/>\n<meta property=\"og:title\" content=\"SYRAH GARNACHA - Aribau\" \/>\n<meta property=\"og:description\" content=\"SYRAH GARNACHA variedades de uva Syrah, Garnacha Crianza Sin crianza Denominaci\u00f3n de origen descripci\u00f3n Vino tinto de color granada intenso y ribete viol\u00e1ceo, de sensaci\u00f3n ligera en copa. En nariz es agradable, de buena intensidad arom\u00e1tica con recuerdos de aromas frescos a fruta (frambuesas, la cereza y ar\u00e1ndanos), con delicados toques de flores, conjuntamente con ... Llegiu m\u00e9s\" \/>\n<meta property=\"og:url\" content=\"https:\/\/www.aribau.es\/ca\/bodegas-2\/can-roda\/syrah-garnacha\/\" \/>\n<meta property=\"og:site_name\" content=\"Aribau\" \/>\n<meta property=\"article:publisher\" content=\"https:\/\/www.facebook.com\/aribau1964\/\" \/>\n<meta property=\"article:modified_time\" content=\"2021-03-30T09:28:28+00:00\" \/>\n<meta property=\"og:image\" content=\"https:\/\/www.aribau.es\/wp-content\/uploads\/2021\/03\/SYRAH-GARNATXA-640x1024.png\" \/>\n<meta name=\"twitter:card\" content=\"summary_large_image\" \/>\n<meta name=\"twitter:site\" content=\"@aribau1964\" \/>\n<script type=\"application\/ld+json\" class=\"yoast-schema-graph\">{\"@context\":\"https:\/\/schema.org\",\"@graph\":[{\"@type\":\"WebPage\",\"@id\":\"https:\/\/www.aribau.es\/bodegas-2\/can-roda\/syrah-garnacha\/\",\"url\":\"https:\/\/www.aribau.es\/bodegas-2\/can-roda\/syrah-garnacha\/\",\"name\":\"SYRAH GARNACHA - Aribau\",\"isPartOf\":{\"@id\":\"https:\/\/www.aribau.es\/#website\"},\"primaryImageOfPage\":{\"@id\":\"https:\/\/www.aribau.es\/bodegas-2\/can-roda\/syrah-garnacha\/#primaryimage\"},\"image\":{\"@id\":\"https:\/\/www.aribau.es\/bodegas-2\/can-roda\/syrah-garnacha\/#primaryimage\"},\"thumbnailUrl\":\"https:\/\/www.aribau.es\/wp-content\/uploads\/2021\/03\/SYRAH-GARNATXA-640x1024.png\",\"datePublished\":\"2021-03-30T09:27:01+00:00\",\"dateModified\":\"2021-03-30T09:28:28+00:00\",\"breadcrumb\":{\"@id\":\"https:\/\/www.aribau.es\/bodegas-2\/can-roda\/syrah-garnacha\/#breadcrumb\"},\"inLanguage\":\"ca\",\"potentialAction\":[{\"@type\":\"ReadAction\",\"target\":[\"https:\/\/www.aribau.es\/bodegas-2\/can-roda\/syrah-garnacha\/\"]}]},{\"@type\":\"ImageObject\",\"inLanguage\":\"ca\",\"@id\":\"https:\/\/www.aribau.es\/bodegas-2\/can-roda\/syrah-garnacha\/#primaryimage\",\"url\":\"https:\/\/www.aribau.es\/wp-content\/uploads\/2021\/03\/SYRAH-GARNATXA-640x1024.png\",\"contentUrl\":\"https:\/\/www.aribau.es\/wp-content\/uploads\/2021\/03\/SYRAH-GARNATXA-640x1024.png\"},{\"@type\":\"BreadcrumbList\",\"@id\":\"https:\/\/www.aribau.es\/bodegas-2\/can-roda\/syrah-garnacha\/#breadcrumb\",\"itemListElement\":[{\"@type\":\"ListItem\",\"position\":1,\"name\":\"Portada\",\"item\":\"https:\/\/www.aribau.es\/\"},{\"@type\":\"ListItem\",\"position\":2,\"name\":\"BODEGAS\",\"item\":\"https:\/\/www.aribau.es\/bodegas-2\/\"},{\"@type\":\"ListItem\",\"position\":3,\"name\":\"CAN RODA\",\"item\":\"https:\/\/www.aribau.es\/bodegas-2\/can-roda\/\"},{\"@type\":\"ListItem\",\"position\":4,\"name\":\"SYRAH GARNACHA\"}]},{\"@type\":\"WebSite\",\"@id\":\"https:\/\/www.aribau.es\/#website\",\"url\":\"https:\/\/www.aribau.es\/\",\"name\":\"Aribau\",\"description\":\"VINOS Y BODEGAS\",\"publisher\":{\"@id\":\"https:\/\/www.aribau.es\/#organization\"},\"potentialAction\":[{\"@type\":\"SearchAction\",\"target\":{\"@type\":\"EntryPoint\",\"urlTemplate\":\"https:\/\/www.aribau.es\/?s={search_term_string}\"},\"query-input\":{\"@type\":\"PropertyValueSpecification\",\"valueRequired\":true,\"valueName\":\"search_term_string\"}}],\"inLanguage\":\"ca\"},{\"@type\":\"Organization\",\"@id\":\"https:\/\/www.aribau.es\/#organization\",\"name\":\"Aribau\",\"url\":\"https:\/\/www.aribau.es\/\",\"logo\":{\"@type\":\"ImageObject\",\"inLanguage\":\"ca\",\"@id\":\"https:\/\/www.aribau.es\/#\/schema\/logo\/image\/\",\"url\":\"https:\/\/www.aribau.es\/wp-content\/uploads\/2022\/03\/logo.png\",\"contentUrl\":\"https:\/\/www.aribau.es\/wp-content\/uploads\/2022\/03\/logo.png\",\"width\":300,\"height\":300,\"caption\":\"Aribau\"},\"image\":{\"@id\":\"https:\/\/www.aribau.es\/#\/schema\/logo\/image\/\"},\"sameAs\":[\"https:\/\/www.facebook.com\/aribau1964\/\",\"https:\/\/x.com\/aribau1964\",\"https:\/\/www.instagram.com\/aribau1964\/\"]}]}<\/script>\n<!-- \/ Yoast SEO plugin. -->","yoast_head_json":{"title":"SYRAH GARNACHA - Aribau","robots":{"index":"index","follow":"follow","max-snippet":"max-snippet:-1","max-image-preview":"max-image-preview:large","max-video-preview":"max-video-preview:-1"},"canonical":"https:\/\/www.aribau.es\/ca\/bodegas-2\/can-roda\/syrah-garnacha\/","og_locale":"ca_ES","og_type":"article","og_title":"SYRAH GARNACHA - Aribau","og_description":"SYRAH GARNACHA variedades de uva Syrah, Garnacha Crianza Sin crianza Denominaci\u00f3n de origen descripci\u00f3n Vino tinto de color granada intenso y ribete viol\u00e1ceo, de sensaci\u00f3n ligera en copa. En nariz es agradable, de buena intensidad arom\u00e1tica con recuerdos de aromas frescos a fruta (frambuesas, la cereza y ar\u00e1ndanos), con delicados toques de flores, conjuntamente con ... Llegiu m\u00e9s","og_url":"https:\/\/www.aribau.es\/ca\/bodegas-2\/can-roda\/syrah-garnacha\/","og_site_name":"Aribau","article_publisher":"https:\/\/www.facebook.com\/aribau1964\/","article_modified_time":"2021-03-30T09:28:28+00:00","og_image":[{"url":"https:\/\/www.aribau.es\/wp-content\/uploads\/2021\/03\/SYRAH-GARNATXA-640x1024.png","type":"","width":"","height":""}],"twitter_card":"summary_large_image","twitter_site":"@aribau1964","schema":{"@context":"https:\/\/schema.org","@graph":[{"@type":"WebPage","@id":"https:\/\/www.aribau.es\/bodegas-2\/can-roda\/syrah-garnacha\/","url":"https:\/\/www.aribau.es\/bodegas-2\/can-roda\/syrah-garnacha\/","name":"SYRAH GARNACHA - Aribau","isPartOf":{"@id":"https:\/\/www.aribau.es\/#website"},"primaryImageOfPage":{"@id":"https:\/\/www.aribau.es\/bodegas-2\/can-roda\/syrah-garnacha\/#primaryimage"},"image":{"@id":"https:\/\/www.aribau.es\/bodegas-2\/can-roda\/syrah-garnacha\/#primaryimage"},"thumbnailUrl":"https:\/\/www.aribau.es\/wp-content\/uploads\/2021\/03\/SYRAH-GARNATXA-640x1024.png","datePublished":"2021-03-30T09:27:01+00:00","dateModified":"2021-03-30T09:28:28+00:00","breadcrumb":{"@id":"https:\/\/www.aribau.es\/bodegas-2\/can-roda\/syrah-garnacha\/#breadcrumb"},"inLanguage":"ca","potentialAction":[{"@type":"ReadAction","target":["https:\/\/www.aribau.es\/bodegas-2\/can-roda\/syrah-garnacha\/"]}]},{"@type":"ImageObject","inLanguage":"ca","@id":"https:\/\/www.aribau.es\/bodegas-2\/can-roda\/syrah-garnacha\/#primaryimage","url":"https:\/\/www.aribau.es\/wp-content\/uploads\/2021\/03\/SYRAH-GARNATXA-640x1024.png","contentUrl":"https:\/\/www.aribau.es\/wp-content\/uploads\/2021\/03\/SYRAH-GARNATXA-640x1024.png"},{"@type":"BreadcrumbList","@id":"https:\/\/www.aribau.es\/bodegas-2\/can-roda\/syrah-garnacha\/#breadcrumb","itemListElement":[{"@type":"ListItem","position":1,"name":"Portada","item":"https:\/\/www.aribau.es\/"},{"@type":"ListItem","position":2,"name":"BODEGAS","item":"https:\/\/www.aribau.es\/bodegas-2\/"},{"@type":"ListItem","position":3,"name":"CAN RODA","item":"https:\/\/www.aribau.es\/bodegas-2\/can-roda\/"},{"@type":"ListItem","position":4,"name":"SYRAH GARNACHA"}]},{"@type":"WebSite","@id":"https:\/\/www.aribau.es\/#website","url":"https:\/\/www.aribau.es\/","name":"Aribau","description":"VINOS Y BODEGAS","publisher":{"@id":"https:\/\/www.aribau.es\/#organization"},"potentialAction":[{"@type":"SearchAction","target":{"@type":"EntryPoint","urlTemplate":"https:\/\/www.aribau.es\/?s={search_term_string}"},"query-input":{"@type":"PropertyValueSpecification","valueRequired":true,"valueName":"search_term_string"}}],"inLanguage":"ca"},{"@type":"Organization","@id":"https:\/\/www.aribau.es\/#organization","name":"Aribau","url":"https:\/\/www.aribau.es\/","logo":{"@type":"ImageObject","inLanguage":"ca","@id":"https:\/\/www.aribau.es\/#\/schema\/logo\/image\/","url":"https:\/\/www.aribau.es\/wp-content\/uploads\/2022\/03\/logo.png","contentUrl":"https:\/\/www.aribau.es\/wp-content\/uploads\/2022\/03\/logo.png","width":300,"height":300,"caption":"Aribau"},"image":{"@id":"https:\/\/www.aribau.es\/#\/schema\/logo\/image\/"},"sameAs":["https:\/\/www.facebook.com\/aribau1964\/","https:\/\/x.com\/aribau1964","https:\/\/www.instagram.com\/aribau1964\/"]}]}},"_links":{"self":[{"href":"https:\/\/www.aribau.es\/ca\/wp-json\/wp\/v2\/pages\/9371","targetHints":{"allow":["GET"]}}],"collection":[{"href":"https:\/\/www.aribau.es\/ca\/wp-json\/wp\/v2\/pages"}],"about":[{"href":"https:\/\/www.aribau.es\/ca\/wp-json\/wp\/v2\/types\/page"}],"author":[{"embeddable":true,"href":"https:\/\/www.aribau.es\/ca\/wp-json\/wp\/v2\/users\/3"}],"replies":[{"embeddable":true,"href":"https:\/\/www.aribau.es\/ca\/wp-json\/wp\/v2\/comments?post=9371"}],"version-history":[{"count":4,"href":"https:\/\/www.aribau.es\/ca\/wp-json\/wp\/v2\/pages\/9371\/revisions"}],"predecessor-version":[{"id":9375,"href":"https:\/\/www.aribau.es\/ca\/wp-json\/wp\/v2\/pages\/9371\/revisions\/9375"}],"up":[{"embeddable":true,"href":"https:\/\/www.aribau.es\/ca\/wp-json\/wp\/v2\/pages\/8137"}],"wp:attachment":[{"href":"https:\/\/www.aribau.es\/ca\/wp-json\/wp\/v2\/media?parent=9371"}],"curies":[{"name":"wp","href":"https:\/\/api.w.org\/{rel}","templated":true}]}}