{"id":9376,"date":"2021-03-30T10:28:55","date_gmt":"2021-03-30T09:28:55","guid":{"rendered":"https:\/\/www.aribau.es\/?page_id=9376"},"modified":"2021-03-30T10:31:24","modified_gmt":"2021-03-30T09:31:24","slug":"cabernet-merlot-garnacha","status":"publish","type":"page","link":"https:\/\/www.aribau.es\/ca\/bodegas-2\/can-roda\/cabernet-merlot-garnacha\/","title":{"rendered":"CABERNET MERLOT GARNATXA"},"content":{"rendered":"<div data-elementor-type=\"wp-page\" data-elementor-id=\"9376\" class=\"elementor elementor-9376\">\n\t\t\t\t\t\t<section class=\"elementor-section elementor-top-section elementor-element elementor-element-2ebc58fc elementor-section-boxed elementor-section-height-default elementor-section-height-default elementor-invisible\" data-id=\"2ebc58fc\" data-element_type=\"section\" data-settings=\"{&quot;animation&quot;:&quot;fadeInUp&quot;}\">\n\t\t\t\t\t\t<div class=\"elementor-container elementor-column-gap-default\">\n\t\t\t\t\t<div class=\"elementor-column elementor-col-100 elementor-top-column elementor-element elementor-element-2173f9d8\" data-id=\"2173f9d8\" data-element_type=\"column\">\n\t\t\t<div class=\"elementor-widget-wrap elementor-element-populated\">\n\t\t\t\t\t\t<div class=\"elementor-element elementor-element-16c51a11 elementor-widget elementor-widget-text-editor\" data-id=\"16c51a11\" data-element_type=\"widget\" data-widget_type=\"text-editor.default\">\n\t\t\t\t<div class=\"elementor-widget-container\">\n\t\t\t\t\t\t\t\t\t<p>CABERNET MERLOT GARNATXA<\/p>\t\t\t\t\t\t\t\t<\/div>\n\t\t\t\t<\/div>\n\t\t\t\t\t<\/div>\n\t\t<\/div>\n\t\t\t\t\t<\/div>\n\t\t<\/section>\n\t\t\t\t<section class=\"elementor-section elementor-top-section elementor-element elementor-element-399ed231 elementor-section-full_width elementor-section-height-default elementor-section-height-default elementor-invisible\" data-id=\"399ed231\" data-element_type=\"section\" data-settings=\"{&quot;animation&quot;:&quot;fadeInUp&quot;}\">\n\t\t\t\t\t\t<div class=\"elementor-container elementor-column-gap-default\">\n\t\t\t\t\t<div class=\"elementor-column elementor-col-50 elementor-top-column elementor-element elementor-element-4a56db59\" data-id=\"4a56db59\" data-element_type=\"column\">\n\t\t\t<div class=\"elementor-widget-wrap elementor-element-populated\">\n\t\t\t\t\t\t<div class=\"elementor-element elementor-element-3caa3635 elementor-widget elementor-widget-image\" data-id=\"3caa3635\" data-element_type=\"widget\" data-widget_type=\"image.default\">\n\t\t\t\t<div class=\"elementor-widget-container\">\n\t\t\t\t\t\t\t\t\t\t\t\t\t\t\t<img fetchpriority=\"high\" decoding=\"async\" width=\"129\" height=\"402\" src=\"https:\/\/www.aribau.es\/wp-content\/uploads\/2021\/03\/cabernet-merlot-garnacha.png\" class=\"elementor-animation-grow attachment-large size-large wp-image-9378\" alt=\"\" srcset=\"https:\/\/www.aribau.es\/wp-content\/uploads\/2021\/03\/cabernet-merlot-garnacha.png 129w, https:\/\/www.aribau.es\/wp-content\/uploads\/2021\/03\/cabernet-merlot-garnacha-96x300.png 96w\" sizes=\"(max-width: 129px) 100vw, 129px\" \/>\t\t\t\t\t\t\t\t\t\t\t\t\t\t\t<\/div>\n\t\t\t\t<\/div>\n\t\t\t\t\t<\/div>\n\t\t<\/div>\n\t\t\t\t<div class=\"elementor-column elementor-col-50 elementor-top-column elementor-element elementor-element-d5b9e08\" data-id=\"d5b9e08\" data-element_type=\"column\">\n\t\t\t<div class=\"elementor-widget-wrap elementor-element-populated\">\n\t\t\t\t\t\t<div class=\"elementor-element elementor-element-355908a2 elementor-widget elementor-widget-text-editor\" data-id=\"355908a2\" data-element_type=\"widget\" data-widget_type=\"text-editor.default\">\n\t\t\t\t<div class=\"elementor-widget-container\">\n\t\t\t\t\t\t\t\t\t<p>VARIETATS DE RA\u00cfM<\/p>\t\t\t\t\t\t\t\t<\/div>\n\t\t\t\t<\/div>\n\t\t\t\t<div class=\"elementor-element elementor-element-2d7a5a82 elementor-widget elementor-widget-text-editor\" data-id=\"2d7a5a82\" data-element_type=\"widget\" data-widget_type=\"text-editor.default\">\n\t\t\t\t<div class=\"elementor-widget-container\">\n\t\t\t\t\t\t\t\t\t<p>Cabernet, merlot, garnatxa<\/p>\t\t\t\t\t\t\t\t<\/div>\n\t\t\t\t<\/div>\n\t\t\t\t<div class=\"elementor-element elementor-element-3ee02c63 elementor-widget elementor-widget-text-editor\" data-id=\"3ee02c63\" data-element_type=\"widget\" data-widget_type=\"text-editor.default\">\n\t\t\t\t<div class=\"elementor-widget-container\">\n\t\t\t\t\t\t\t\t\t<p>CRIAN\u00c7A<\/p>\t\t\t\t\t\t\t\t<\/div>\n\t\t\t\t<\/div>\n\t\t\t\t<div class=\"elementor-element elementor-element-6f9839cd elementor-widget elementor-widget-text-editor\" data-id=\"6f9839cd\" data-element_type=\"widget\" data-widget_type=\"text-editor.default\">\n\t\t\t\t<div class=\"elementor-widget-container\">\n\t\t\t\t\t\t\t\t\t<p>14 mesos<\/p>\t\t\t\t\t\t\t\t<\/div>\n\t\t\t\t<\/div>\n\t\t\t\t<div class=\"elementor-element elementor-element-1a66de59 elementor-widget elementor-widget-text-editor\" data-id=\"1a66de59\" data-element_type=\"widget\" data-widget_type=\"text-editor.default\">\n\t\t\t\t<div class=\"elementor-widget-container\">\n\t\t\t\t\t\t\t\t\t<p>DENOMINACI\u00d3 D'ORIGEN<\/p>\t\t\t\t\t\t\t\t<\/div>\n\t\t\t\t<\/div>\n\t\t\t\t<div class=\"elementor-element elementor-element-6da79f10 elementor-widget elementor-widget-image\" data-id=\"6da79f10\" data-element_type=\"widget\" data-widget_type=\"image.default\">\n\t\t\t\t<div class=\"elementor-widget-container\">\n\t\t\t\t\t\t\t\t\t\t\t\t\t\t\t<img decoding=\"async\" width=\"257\" height=\"191\" src=\"https:\/\/www.aribau.es\/wp-content\/uploads\/2021\/03\/DO-ALELLA.png\" class=\"attachment-full size-full wp-image-9347\" alt=\"\" \/>\t\t\t\t\t\t\t\t\t\t\t\t\t\t\t<\/div>\n\t\t\t\t<\/div>\n\t\t\t\t<div class=\"elementor-element elementor-element-7e18673b elementor-widget elementor-widget-text-editor\" data-id=\"7e18673b\" data-element_type=\"widget\" data-widget_type=\"text-editor.default\">\n\t\t\t\t<div class=\"elementor-widget-container\">\n\t\t\t\t\t\t\t\t\t<p>DESCRIPCI\u00d3<\/p>\t\t\t\t\t\t\t\t<\/div>\n\t\t\t\t<\/div>\n\t\t\t\t<div class=\"elementor-element elementor-element-3a8b134 elementor-widget elementor-widget-text-editor\" data-id=\"3a8b134\" data-element_type=\"widget\" data-widget_type=\"text-editor.default\">\n\t\t\t\t<div class=\"elementor-widget-container\">\n\t\t\t\t\t\t\t\t\t<p class=\"MsoNormal\"><span lang=\"CA\">Color cirera picota de capa mitja-alta, net i de rivet teula. Bona expressi\u00f3 en nas on destaquen les aromes de la crian\u00e7a, records torrefactes, regal\u00e8ssia i subtil nas de tabac, en l'evoluci\u00f3 en copa, notem fruites denses i compactes, mores, grosella, arany\u00f3, sa\u00fcc. En boca \u00e9s equilibrat d'un tan\u00ed present i final persistent.<\/span><\/p>\t\t\t\t\t\t\t\t<\/div>\n\t\t\t\t<\/div>\n\t\t\t\t<div class=\"elementor-element elementor-element-2827baf4 elementor-widget elementor-widget-spacer\" data-id=\"2827baf4\" data-element_type=\"widget\" data-widget_type=\"spacer.default\">\n\t\t\t\t<div class=\"elementor-widget-container\">\n\t\t\t\t\t\t\t<div class=\"elementor-spacer\">\n\t\t\t<div class=\"elementor-spacer-inner\"><\/div>\n\t\t<\/div>\n\t\t\t\t\t\t<\/div>\n\t\t\t\t<\/div>\n\t\t\t\t\t<\/div>\n\t\t<\/div>\n\t\t\t\t\t<\/div>\n\t\t<\/section>\n\t\t\t\t<\/div>","protected":false},"excerpt":{"rendered":"<p>CABERNET MERLOT GARNACHA variedades de uva Cabernet, Merlot, Garnacha Crianza 14 meses Denominaci\u00f3n de origen descripci\u00f3n Color cereza picota de capa media-alta, limpio y de ribete teja. Buena expresi\u00f3n en nariz donde destacan los aromas de la crianza, recuerdos torrefactos, regaliz y sutil nariz de tabaco, en la evoluci\u00f3n en copa, notamos frutas densas y &#8230; <a title=\"CABERNET MERLOT GARNATXA\" class=\"read-more\" href=\"https:\/\/www.aribau.es\/ca\/bodegas-2\/can-roda\/cabernet-merlot-garnacha\/\" aria-label=\"M\u00e9s informaci\u00f3 sobre CABERNET MERLOT GARNACHA\">Llegiu m\u00e9s<\/a><\/p>","protected":false},"author":3,"featured_media":0,"parent":8137,"menu_order":0,"comment_status":"closed","ping_status":"closed","template":"elementor_header_footer","meta":{"footnotes":""},"class_list":["post-9376","page","type-page","status-publish"],"yoast_head":"<!-- This site is optimized with the Yoast SEO plugin v26.7 - https:\/\/yoast.com\/wordpress\/plugins\/seo\/ -->\n<title>CABERNET MERLOT GARNACHA - Aribau<\/title>\n<meta name=\"robots\" content=\"index, follow, max-snippet:-1, max-image-preview:large, max-video-preview:-1\" \/>\n<link rel=\"canonical\" href=\"https:\/\/www.aribau.es\/ca\/bodegas-2\/can-roda\/cabernet-merlot-garnacha\/\" \/>\n<meta property=\"og:locale\" content=\"ca_ES\" \/>\n<meta property=\"og:type\" content=\"article\" \/>\n<meta property=\"og:title\" content=\"CABERNET MERLOT GARNACHA - Aribau\" \/>\n<meta property=\"og:description\" content=\"CABERNET MERLOT GARNACHA variedades de uva Cabernet, Merlot, Garnacha Crianza 14 meses Denominaci\u00f3n de origen descripci\u00f3n Color cereza picota de capa media-alta, limpio y de ribete teja. Buena expresi\u00f3n en nariz donde destacan los aromas de la crianza, recuerdos torrefactos, regaliz y sutil nariz de tabaco, en la evoluci\u00f3n en copa, notamos frutas densas y ... Llegiu m\u00e9s\" \/>\n<meta property=\"og:url\" content=\"https:\/\/www.aribau.es\/ca\/bodegas-2\/can-roda\/cabernet-merlot-garnacha\/\" \/>\n<meta property=\"og:site_name\" content=\"Aribau\" \/>\n<meta property=\"article:publisher\" content=\"https:\/\/www.facebook.com\/aribau1964\/\" \/>\n<meta property=\"article:modified_time\" content=\"2021-03-30T09:31:24+00:00\" \/>\n<meta property=\"og:image\" content=\"https:\/\/www.aribau.es\/wp-content\/uploads\/2021\/03\/cabernet-merlot-garnacha.png\" \/>\n<meta name=\"twitter:card\" content=\"summary_large_image\" \/>\n<meta name=\"twitter:site\" content=\"@aribau1964\" \/>\n<script type=\"application\/ld+json\" class=\"yoast-schema-graph\">{\"@context\":\"https:\/\/schema.org\",\"@graph\":[{\"@type\":\"WebPage\",\"@id\":\"https:\/\/www.aribau.es\/bodegas-2\/can-roda\/cabernet-merlot-garnacha\/\",\"url\":\"https:\/\/www.aribau.es\/bodegas-2\/can-roda\/cabernet-merlot-garnacha\/\",\"name\":\"CABERNET MERLOT GARNACHA - Aribau\",\"isPartOf\":{\"@id\":\"https:\/\/www.aribau.es\/#website\"},\"primaryImageOfPage\":{\"@id\":\"https:\/\/www.aribau.es\/bodegas-2\/can-roda\/cabernet-merlot-garnacha\/#primaryimage\"},\"image\":{\"@id\":\"https:\/\/www.aribau.es\/bodegas-2\/can-roda\/cabernet-merlot-garnacha\/#primaryimage\"},\"thumbnailUrl\":\"https:\/\/www.aribau.es\/wp-content\/uploads\/2021\/03\/cabernet-merlot-garnacha.png\",\"datePublished\":\"2021-03-30T09:28:55+00:00\",\"dateModified\":\"2021-03-30T09:31:24+00:00\",\"breadcrumb\":{\"@id\":\"https:\/\/www.aribau.es\/bodegas-2\/can-roda\/cabernet-merlot-garnacha\/#breadcrumb\"},\"inLanguage\":\"ca\",\"potentialAction\":[{\"@type\":\"ReadAction\",\"target\":[\"https:\/\/www.aribau.es\/bodegas-2\/can-roda\/cabernet-merlot-garnacha\/\"]}]},{\"@type\":\"ImageObject\",\"inLanguage\":\"ca\",\"@id\":\"https:\/\/www.aribau.es\/bodegas-2\/can-roda\/cabernet-merlot-garnacha\/#primaryimage\",\"url\":\"https:\/\/www.aribau.es\/wp-content\/uploads\/2021\/03\/cabernet-merlot-garnacha.png\",\"contentUrl\":\"https:\/\/www.aribau.es\/wp-content\/uploads\/2021\/03\/cabernet-merlot-garnacha.png\"},{\"@type\":\"BreadcrumbList\",\"@id\":\"https:\/\/www.aribau.es\/bodegas-2\/can-roda\/cabernet-merlot-garnacha\/#breadcrumb\",\"itemListElement\":[{\"@type\":\"ListItem\",\"position\":1,\"name\":\"Portada\",\"item\":\"https:\/\/www.aribau.es\/\"},{\"@type\":\"ListItem\",\"position\":2,\"name\":\"BODEGAS\",\"item\":\"https:\/\/www.aribau.es\/bodegas-2\/\"},{\"@type\":\"ListItem\",\"position\":3,\"name\":\"CAN RODA\",\"item\":\"https:\/\/www.aribau.es\/bodegas-2\/can-roda\/\"},{\"@type\":\"ListItem\",\"position\":4,\"name\":\"CABERNET MERLOT GARNACHA\"}]},{\"@type\":\"WebSite\",\"@id\":\"https:\/\/www.aribau.es\/#website\",\"url\":\"https:\/\/www.aribau.es\/\",\"name\":\"Aribau\",\"description\":\"VINOS Y BODEGAS\",\"publisher\":{\"@id\":\"https:\/\/www.aribau.es\/#organization\"},\"potentialAction\":[{\"@type\":\"SearchAction\",\"target\":{\"@type\":\"EntryPoint\",\"urlTemplate\":\"https:\/\/www.aribau.es\/?s={search_term_string}\"},\"query-input\":{\"@type\":\"PropertyValueSpecification\",\"valueRequired\":true,\"valueName\":\"search_term_string\"}}],\"inLanguage\":\"ca\"},{\"@type\":\"Organization\",\"@id\":\"https:\/\/www.aribau.es\/#organization\",\"name\":\"Aribau\",\"url\":\"https:\/\/www.aribau.es\/\",\"logo\":{\"@type\":\"ImageObject\",\"inLanguage\":\"ca\",\"@id\":\"https:\/\/www.aribau.es\/#\/schema\/logo\/image\/\",\"url\":\"https:\/\/www.aribau.es\/wp-content\/uploads\/2022\/03\/logo.png\",\"contentUrl\":\"https:\/\/www.aribau.es\/wp-content\/uploads\/2022\/03\/logo.png\",\"width\":300,\"height\":300,\"caption\":\"Aribau\"},\"image\":{\"@id\":\"https:\/\/www.aribau.es\/#\/schema\/logo\/image\/\"},\"sameAs\":[\"https:\/\/www.facebook.com\/aribau1964\/\",\"https:\/\/x.com\/aribau1964\",\"https:\/\/www.instagram.com\/aribau1964\/\"]}]}<\/script>\n<!-- \/ Yoast SEO plugin. -->","yoast_head_json":{"title":"CABERNET MERLOT GARNACHA - Aribau","robots":{"index":"index","follow":"follow","max-snippet":"max-snippet:-1","max-image-preview":"max-image-preview:large","max-video-preview":"max-video-preview:-1"},"canonical":"https:\/\/www.aribau.es\/ca\/bodegas-2\/can-roda\/cabernet-merlot-garnacha\/","og_locale":"ca_ES","og_type":"article","og_title":"CABERNET MERLOT GARNACHA - Aribau","og_description":"CABERNET MERLOT GARNACHA variedades de uva Cabernet, Merlot, Garnacha Crianza 14 meses Denominaci\u00f3n de origen descripci\u00f3n Color cereza picota de capa media-alta, limpio y de ribete teja. Buena expresi\u00f3n en nariz donde destacan los aromas de la crianza, recuerdos torrefactos, regaliz y sutil nariz de tabaco, en la evoluci\u00f3n en copa, notamos frutas densas y ... Llegiu m\u00e9s","og_url":"https:\/\/www.aribau.es\/ca\/bodegas-2\/can-roda\/cabernet-merlot-garnacha\/","og_site_name":"Aribau","article_publisher":"https:\/\/www.facebook.com\/aribau1964\/","article_modified_time":"2021-03-30T09:31:24+00:00","og_image":[{"url":"https:\/\/www.aribau.es\/wp-content\/uploads\/2021\/03\/cabernet-merlot-garnacha.png","type":"","width":"","height":""}],"twitter_card":"summary_large_image","twitter_site":"@aribau1964","schema":{"@context":"https:\/\/schema.org","@graph":[{"@type":"WebPage","@id":"https:\/\/www.aribau.es\/bodegas-2\/can-roda\/cabernet-merlot-garnacha\/","url":"https:\/\/www.aribau.es\/bodegas-2\/can-roda\/cabernet-merlot-garnacha\/","name":"CABERNET MERLOT GARNACHA - Aribau","isPartOf":{"@id":"https:\/\/www.aribau.es\/#website"},"primaryImageOfPage":{"@id":"https:\/\/www.aribau.es\/bodegas-2\/can-roda\/cabernet-merlot-garnacha\/#primaryimage"},"image":{"@id":"https:\/\/www.aribau.es\/bodegas-2\/can-roda\/cabernet-merlot-garnacha\/#primaryimage"},"thumbnailUrl":"https:\/\/www.aribau.es\/wp-content\/uploads\/2021\/03\/cabernet-merlot-garnacha.png","datePublished":"2021-03-30T09:28:55+00:00","dateModified":"2021-03-30T09:31:24+00:00","breadcrumb":{"@id":"https:\/\/www.aribau.es\/bodegas-2\/can-roda\/cabernet-merlot-garnacha\/#breadcrumb"},"inLanguage":"ca","potentialAction":[{"@type":"ReadAction","target":["https:\/\/www.aribau.es\/bodegas-2\/can-roda\/cabernet-merlot-garnacha\/"]}]},{"@type":"ImageObject","inLanguage":"ca","@id":"https:\/\/www.aribau.es\/bodegas-2\/can-roda\/cabernet-merlot-garnacha\/#primaryimage","url":"https:\/\/www.aribau.es\/wp-content\/uploads\/2021\/03\/cabernet-merlot-garnacha.png","contentUrl":"https:\/\/www.aribau.es\/wp-content\/uploads\/2021\/03\/cabernet-merlot-garnacha.png"},{"@type":"BreadcrumbList","@id":"https:\/\/www.aribau.es\/bodegas-2\/can-roda\/cabernet-merlot-garnacha\/#breadcrumb","itemListElement":[{"@type":"ListItem","position":1,"name":"Portada","item":"https:\/\/www.aribau.es\/"},{"@type":"ListItem","position":2,"name":"BODEGAS","item":"https:\/\/www.aribau.es\/bodegas-2\/"},{"@type":"ListItem","position":3,"name":"CAN RODA","item":"https:\/\/www.aribau.es\/bodegas-2\/can-roda\/"},{"@type":"ListItem","position":4,"name":"CABERNET MERLOT GARNACHA"}]},{"@type":"WebSite","@id":"https:\/\/www.aribau.es\/#website","url":"https:\/\/www.aribau.es\/","name":"Aribau","description":"VINOS Y BODEGAS","publisher":{"@id":"https:\/\/www.aribau.es\/#organization"},"potentialAction":[{"@type":"SearchAction","target":{"@type":"EntryPoint","urlTemplate":"https:\/\/www.aribau.es\/?s={search_term_string}"},"query-input":{"@type":"PropertyValueSpecification","valueRequired":true,"valueName":"search_term_string"}}],"inLanguage":"ca"},{"@type":"Organization","@id":"https:\/\/www.aribau.es\/#organization","name":"Aribau","url":"https:\/\/www.aribau.es\/","logo":{"@type":"ImageObject","inLanguage":"ca","@id":"https:\/\/www.aribau.es\/#\/schema\/logo\/image\/","url":"https:\/\/www.aribau.es\/wp-content\/uploads\/2022\/03\/logo.png","contentUrl":"https:\/\/www.aribau.es\/wp-content\/uploads\/2022\/03\/logo.png","width":300,"height":300,"caption":"Aribau"},"image":{"@id":"https:\/\/www.aribau.es\/#\/schema\/logo\/image\/"},"sameAs":["https:\/\/www.facebook.com\/aribau1964\/","https:\/\/x.com\/aribau1964","https:\/\/www.instagram.com\/aribau1964\/"]}]}},"_links":{"self":[{"href":"https:\/\/www.aribau.es\/ca\/wp-json\/wp\/v2\/pages\/9376","targetHints":{"allow":["GET"]}}],"collection":[{"href":"https:\/\/www.aribau.es\/ca\/wp-json\/wp\/v2\/pages"}],"about":[{"href":"https:\/\/www.aribau.es\/ca\/wp-json\/wp\/v2\/types\/page"}],"author":[{"embeddable":true,"href":"https:\/\/www.aribau.es\/ca\/wp-json\/wp\/v2\/users\/3"}],"replies":[{"embeddable":true,"href":"https:\/\/www.aribau.es\/ca\/wp-json\/wp\/v2\/comments?post=9376"}],"version-history":[{"count":4,"href":"https:\/\/www.aribau.es\/ca\/wp-json\/wp\/v2\/pages\/9376\/revisions"}],"predecessor-version":[{"id":9381,"href":"https:\/\/www.aribau.es\/ca\/wp-json\/wp\/v2\/pages\/9376\/revisions\/9381"}],"up":[{"embeddable":true,"href":"https:\/\/www.aribau.es\/ca\/wp-json\/wp\/v2\/pages\/8137"}],"wp:attachment":[{"href":"https:\/\/www.aribau.es\/ca\/wp-json\/wp\/v2\/media?parent=9376"}],"curies":[{"name":"wp","href":"https:\/\/api.w.org\/{rel}","templated":true}]}}