{"id":9397,"date":"2021-03-30T10:37:40","date_gmt":"2021-03-30T09:37:40","guid":{"rendered":"https:\/\/www.aribau.es\/?page_id=9397"},"modified":"2021-03-30T10:39:18","modified_gmt":"2021-03-30T09:39:18","slug":"penjat-dun-fil","status":"publish","type":"page","link":"https:\/\/www.aribau.es\/ca\/bodegas-2\/can-roda\/penjat-dun-fil\/","title":{"rendered":"PENJAT D'UN FIL"},"content":{"rendered":"<div data-elementor-type=\"wp-page\" data-elementor-id=\"9397\" class=\"elementor elementor-9397\">\n\t\t\t\t\t\t<section class=\"elementor-section elementor-top-section elementor-element elementor-element-3da6f139 elementor-section-boxed elementor-section-height-default elementor-section-height-default elementor-invisible\" data-id=\"3da6f139\" data-element_type=\"section\" data-settings=\"{&quot;animation&quot;:&quot;fadeInUp&quot;}\">\n\t\t\t\t\t\t<div class=\"elementor-container elementor-column-gap-default\">\n\t\t\t\t\t<div class=\"elementor-column elementor-col-100 elementor-top-column elementor-element elementor-element-4dc80fa\" data-id=\"4dc80fa\" data-element_type=\"column\">\n\t\t\t<div class=\"elementor-widget-wrap elementor-element-populated\">\n\t\t\t\t\t\t<div class=\"elementor-element elementor-element-6ef4fccc elementor-widget elementor-widget-text-editor\" data-id=\"6ef4fccc\" data-element_type=\"widget\" data-widget_type=\"text-editor.default\">\n\t\t\t\t<div class=\"elementor-widget-container\">\n\t\t\t\t\t\t\t\t\t<p>PENJAT D'UN FIL<\/p>\t\t\t\t\t\t\t\t<\/div>\n\t\t\t\t<\/div>\n\t\t\t\t\t<\/div>\n\t\t<\/div>\n\t\t\t\t\t<\/div>\n\t\t<\/section>\n\t\t\t\t<section class=\"elementor-section elementor-top-section elementor-element elementor-element-347fdd09 elementor-section-full_width elementor-section-height-default elementor-section-height-default elementor-invisible\" data-id=\"347fdd09\" data-element_type=\"section\" data-settings=\"{&quot;animation&quot;:&quot;fadeInUp&quot;}\">\n\t\t\t\t\t\t<div class=\"elementor-container elementor-column-gap-default\">\n\t\t\t\t\t<div class=\"elementor-column elementor-col-50 elementor-top-column elementor-element elementor-element-6cf2c9d9\" data-id=\"6cf2c9d9\" data-element_type=\"column\">\n\t\t\t<div class=\"elementor-widget-wrap elementor-element-populated\">\n\t\t\t\t\t\t<div class=\"elementor-element elementor-element-56ba12f9 elementor-widget elementor-widget-image\" data-id=\"56ba12f9\" data-element_type=\"widget\" data-widget_type=\"image.default\">\n\t\t\t\t<div class=\"elementor-widget-container\">\n\t\t\t\t\t\t\t\t\t\t\t\t\t\t\t<img fetchpriority=\"high\" decoding=\"async\" width=\"400\" height=\"695\" src=\"https:\/\/www.aribau.es\/wp-content\/uploads\/2021\/03\/PENJAT-D_UN-FIL-2_opt.png\" class=\"elementor-animation-grow attachment-large size-large wp-image-7803\" alt=\"\" srcset=\"https:\/\/www.aribau.es\/wp-content\/uploads\/2021\/03\/PENJAT-D_UN-FIL-2_opt.png 400w, https:\/\/www.aribau.es\/wp-content\/uploads\/2021\/03\/PENJAT-D_UN-FIL-2_opt-173x300.png 173w\" sizes=\"(max-width: 400px) 100vw, 400px\" \/>\t\t\t\t\t\t\t\t\t\t\t\t\t\t\t<\/div>\n\t\t\t\t<\/div>\n\t\t\t\t\t<\/div>\n\t\t<\/div>\n\t\t\t\t<div class=\"elementor-column elementor-col-50 elementor-top-column elementor-element elementor-element-3c2a6d34\" data-id=\"3c2a6d34\" data-element_type=\"column\">\n\t\t\t<div class=\"elementor-widget-wrap elementor-element-populated\">\n\t\t\t\t\t\t<div class=\"elementor-element elementor-element-3d0d24ed elementor-widget elementor-widget-text-editor\" data-id=\"3d0d24ed\" data-element_type=\"widget\" data-widget_type=\"text-editor.default\">\n\t\t\t\t<div class=\"elementor-widget-container\">\n\t\t\t\t\t\t\t\t\t<p>VARIETATS DE RA\u00cfM<\/p>\t\t\t\t\t\t\t\t<\/div>\n\t\t\t\t<\/div>\n\t\t\t\t<div class=\"elementor-element elementor-element-43e33487 elementor-widget elementor-widget-text-editor\" data-id=\"43e33487\" data-element_type=\"widget\" data-widget_type=\"text-editor.default\">\n\t\t\t\t<div class=\"elementor-widget-container\">\n\t\t\t\t\t\t\t\t\t<p>Pansa blanca<\/p>\t\t\t\t\t\t\t\t<\/div>\n\t\t\t\t<\/div>\n\t\t\t\t<div class=\"elementor-element elementor-element-397a49a9 elementor-widget elementor-widget-text-editor\" data-id=\"397a49a9\" data-element_type=\"widget\" data-widget_type=\"text-editor.default\">\n\t\t\t\t<div class=\"elementor-widget-container\">\n\t\t\t\t\t\t\t\t\t<p>CRIAN\u00c7A<\/p>\t\t\t\t\t\t\t\t<\/div>\n\t\t\t\t<\/div>\n\t\t\t\t<div class=\"elementor-element elementor-element-544b2efd elementor-widget elementor-widget-text-editor\" data-id=\"544b2efd\" data-element_type=\"widget\" data-widget_type=\"text-editor.default\">\n\t\t\t\t<div class=\"elementor-widget-container\">\n\t\t\t\t\t\t\t\t\t<p>Sense crian\u00e7a<\/p>\t\t\t\t\t\t\t\t<\/div>\n\t\t\t\t<\/div>\n\t\t\t\t<div class=\"elementor-element elementor-element-540461b8 elementor-widget elementor-widget-text-editor\" data-id=\"540461b8\" data-element_type=\"widget\" data-widget_type=\"text-editor.default\">\n\t\t\t\t<div class=\"elementor-widget-container\">\n\t\t\t\t\t\t\t\t\t<p>DENOMINACI\u00d3 D'ORIGEN<\/p>\t\t\t\t\t\t\t\t<\/div>\n\t\t\t\t<\/div>\n\t\t\t\t<div class=\"elementor-element elementor-element-5342509 elementor-widget elementor-widget-image\" data-id=\"5342509\" data-element_type=\"widget\" data-widget_type=\"image.default\">\n\t\t\t\t<div class=\"elementor-widget-container\">\n\t\t\t\t\t\t\t\t\t\t\t\t\t\t\t<img decoding=\"async\" width=\"257\" height=\"191\" src=\"https:\/\/www.aribau.es\/wp-content\/uploads\/2021\/03\/DO-ALELLA.png\" class=\"attachment-full size-full wp-image-9347\" alt=\"\" \/>\t\t\t\t\t\t\t\t\t\t\t\t\t\t\t<\/div>\n\t\t\t\t<\/div>\n\t\t\t\t<div class=\"elementor-element elementor-element-471711b4 elementor-widget elementor-widget-text-editor\" data-id=\"471711b4\" data-element_type=\"widget\" data-widget_type=\"text-editor.default\">\n\t\t\t\t<div class=\"elementor-widget-container\">\n\t\t\t\t\t\t\t\t\t<p>DESCRIPCI\u00d3<\/p>\t\t\t\t\t\t\t\t<\/div>\n\t\t\t\t<\/div>\n\t\t\t\t<div class=\"elementor-element elementor-element-14a07f1b elementor-widget elementor-widget-text-editor\" data-id=\"14a07f1b\" data-element_type=\"widget\" data-widget_type=\"text-editor.default\">\n\t\t\t\t<div class=\"elementor-widget-container\">\n\t\t\t\t\t\t\t\t\t<p class=\"MsoNormal\"><span lang=\"CA\">Vi de color daurat nou amb reflexos de mel, brillant i pres\u00e8ncia de ll\u00e0grima densa. Aroma varietal de complexa harmonia arom\u00e0tica que recorda a fruites en alm\u00edvar com el mel\u00f3, el pr\u00e9ssec, l'albercoc, que evoquen una sensaci\u00f3 dol\u00e7a, sobre uns tocs vegetals frescos d'herba tallada. L'entrada en boca \u00e9s tranquil\u00b7la, de passada elegant, envolta tot el paladar amb una dol\u00e7or molt agradable, de final complex a herbes arom\u00e0tiques, obaga i subtils tocs de fum.<o:p><\/o:p><\/span><\/p>\t\t\t\t\t\t\t\t<\/div>\n\t\t\t\t<\/div>\n\t\t\t\t<div class=\"elementor-element elementor-element-56dc1a6d elementor-widget elementor-widget-spacer\" data-id=\"56dc1a6d\" data-element_type=\"widget\" data-widget_type=\"spacer.default\">\n\t\t\t\t<div class=\"elementor-widget-container\">\n\t\t\t\t\t\t\t<div class=\"elementor-spacer\">\n\t\t\t<div class=\"elementor-spacer-inner\"><\/div>\n\t\t<\/div>\n\t\t\t\t\t\t<\/div>\n\t\t\t\t<\/div>\n\t\t\t\t\t<\/div>\n\t\t<\/div>\n\t\t\t\t\t<\/div>\n\t\t<\/section>\n\t\t\t\t<\/div>","protected":false},"excerpt":{"rendered":"<p>PENJAT D&#8217;UN FIL variedades de uva Pansa blanca Crianza Sin crianza Denominaci\u00f3n de origen descripci\u00f3n Vino de color dorado nuevo con reflejos de miel, brillante y presencia de l\u00e1grima densa. Aroma varietal de compleja armon\u00eda arom\u00e1tica que recuerda a frutas en alm\u00edbar como el mel\u00f3n, el melocot\u00f3n, el albaricoque, que evocan una sensaci\u00f3n dulce, sobre &#8230; <a title=\"PENJAT D&#8217;UN FIL\" class=\"read-more\" href=\"https:\/\/www.aribau.es\/ca\/bodegas-2\/can-roda\/penjat-dun-fil\/\" aria-label=\"M\u00e9s informaci\u00f3 sobre PENJAT D&#8217;UN FIL\">Llegiu m\u00e9s<\/a><\/p>","protected":false},"author":3,"featured_media":0,"parent":8137,"menu_order":0,"comment_status":"closed","ping_status":"closed","template":"elementor_header_footer","meta":{"footnotes":""},"class_list":["post-9397","page","type-page","status-publish"],"yoast_head":"<!-- This site is optimized with the Yoast SEO plugin v26.7 - https:\/\/yoast.com\/wordpress\/plugins\/seo\/ -->\n<title>PENJAT D&#039;UN FIL - Aribau<\/title>\n<meta name=\"robots\" content=\"index, follow, max-snippet:-1, max-image-preview:large, max-video-preview:-1\" \/>\n<link rel=\"canonical\" href=\"https:\/\/www.aribau.es\/ca\/bodegas-2\/can-roda\/penjat-dun-fil\/\" \/>\n<meta property=\"og:locale\" content=\"ca_ES\" \/>\n<meta property=\"og:type\" content=\"article\" \/>\n<meta property=\"og:title\" content=\"PENJAT D&#039;UN FIL - Aribau\" \/>\n<meta property=\"og:description\" content=\"PENJAT D&#8217;UN FIL variedades de uva Pansa blanca Crianza Sin crianza Denominaci\u00f3n de origen descripci\u00f3n Vino de color dorado nuevo con reflejos de miel, brillante y presencia de l\u00e1grima densa. Aroma varietal de compleja armon\u00eda arom\u00e1tica que recuerda a frutas en alm\u00edbar como el mel\u00f3n, el melocot\u00f3n, el albaricoque, que evocan una sensaci\u00f3n dulce, sobre ... Llegiu m\u00e9s\" \/>\n<meta property=\"og:url\" content=\"https:\/\/www.aribau.es\/ca\/bodegas-2\/can-roda\/penjat-dun-fil\/\" \/>\n<meta property=\"og:site_name\" content=\"Aribau\" \/>\n<meta property=\"article:publisher\" content=\"https:\/\/www.facebook.com\/aribau1964\/\" \/>\n<meta property=\"article:modified_time\" content=\"2021-03-30T09:39:18+00:00\" \/>\n<meta property=\"og:image\" content=\"https:\/\/www.aribau.es\/wp-content\/uploads\/2021\/03\/PENJAT-D_UN-FIL-2_opt.png\" \/>\n<meta name=\"twitter:card\" content=\"summary_large_image\" \/>\n<meta name=\"twitter:site\" content=\"@aribau1964\" \/>\n<script type=\"application\/ld+json\" class=\"yoast-schema-graph\">{\"@context\":\"https:\/\/schema.org\",\"@graph\":[{\"@type\":\"WebPage\",\"@id\":\"https:\/\/www.aribau.es\/bodegas-2\/can-roda\/penjat-dun-fil\/\",\"url\":\"https:\/\/www.aribau.es\/bodegas-2\/can-roda\/penjat-dun-fil\/\",\"name\":\"PENJAT D'UN FIL - Aribau\",\"isPartOf\":{\"@id\":\"https:\/\/www.aribau.es\/#website\"},\"primaryImageOfPage\":{\"@id\":\"https:\/\/www.aribau.es\/bodegas-2\/can-roda\/penjat-dun-fil\/#primaryimage\"},\"image\":{\"@id\":\"https:\/\/www.aribau.es\/bodegas-2\/can-roda\/penjat-dun-fil\/#primaryimage\"},\"thumbnailUrl\":\"https:\/\/www.aribau.es\/wp-content\/uploads\/2021\/03\/PENJAT-D_UN-FIL-2_opt.png\",\"datePublished\":\"2021-03-30T09:37:40+00:00\",\"dateModified\":\"2021-03-30T09:39:18+00:00\",\"breadcrumb\":{\"@id\":\"https:\/\/www.aribau.es\/bodegas-2\/can-roda\/penjat-dun-fil\/#breadcrumb\"},\"inLanguage\":\"ca\",\"potentialAction\":[{\"@type\":\"ReadAction\",\"target\":[\"https:\/\/www.aribau.es\/bodegas-2\/can-roda\/penjat-dun-fil\/\"]}]},{\"@type\":\"ImageObject\",\"inLanguage\":\"ca\",\"@id\":\"https:\/\/www.aribau.es\/bodegas-2\/can-roda\/penjat-dun-fil\/#primaryimage\",\"url\":\"https:\/\/www.aribau.es\/wp-content\/uploads\/2021\/03\/PENJAT-D_UN-FIL-2_opt.png\",\"contentUrl\":\"https:\/\/www.aribau.es\/wp-content\/uploads\/2021\/03\/PENJAT-D_UN-FIL-2_opt.png\"},{\"@type\":\"BreadcrumbList\",\"@id\":\"https:\/\/www.aribau.es\/bodegas-2\/can-roda\/penjat-dun-fil\/#breadcrumb\",\"itemListElement\":[{\"@type\":\"ListItem\",\"position\":1,\"name\":\"Portada\",\"item\":\"https:\/\/www.aribau.es\/\"},{\"@type\":\"ListItem\",\"position\":2,\"name\":\"BODEGAS\",\"item\":\"https:\/\/www.aribau.es\/bodegas-2\/\"},{\"@type\":\"ListItem\",\"position\":3,\"name\":\"CAN RODA\",\"item\":\"https:\/\/www.aribau.es\/bodegas-2\/can-roda\/\"},{\"@type\":\"ListItem\",\"position\":4,\"name\":\"PENJAT D&#8217;UN FIL\"}]},{\"@type\":\"WebSite\",\"@id\":\"https:\/\/www.aribau.es\/#website\",\"url\":\"https:\/\/www.aribau.es\/\",\"name\":\"Aribau\",\"description\":\"VINOS Y BODEGAS\",\"publisher\":{\"@id\":\"https:\/\/www.aribau.es\/#organization\"},\"potentialAction\":[{\"@type\":\"SearchAction\",\"target\":{\"@type\":\"EntryPoint\",\"urlTemplate\":\"https:\/\/www.aribau.es\/?s={search_term_string}\"},\"query-input\":{\"@type\":\"PropertyValueSpecification\",\"valueRequired\":true,\"valueName\":\"search_term_string\"}}],\"inLanguage\":\"ca\"},{\"@type\":\"Organization\",\"@id\":\"https:\/\/www.aribau.es\/#organization\",\"name\":\"Aribau\",\"url\":\"https:\/\/www.aribau.es\/\",\"logo\":{\"@type\":\"ImageObject\",\"inLanguage\":\"ca\",\"@id\":\"https:\/\/www.aribau.es\/#\/schema\/logo\/image\/\",\"url\":\"https:\/\/www.aribau.es\/wp-content\/uploads\/2022\/03\/logo.png\",\"contentUrl\":\"https:\/\/www.aribau.es\/wp-content\/uploads\/2022\/03\/logo.png\",\"width\":300,\"height\":300,\"caption\":\"Aribau\"},\"image\":{\"@id\":\"https:\/\/www.aribau.es\/#\/schema\/logo\/image\/\"},\"sameAs\":[\"https:\/\/www.facebook.com\/aribau1964\/\",\"https:\/\/x.com\/aribau1964\",\"https:\/\/www.instagram.com\/aribau1964\/\"]}]}<\/script>\n<!-- \/ Yoast SEO plugin. -->","yoast_head_json":{"title":"PENJAT D'UN FIL - Aribau","robots":{"index":"index","follow":"follow","max-snippet":"max-snippet:-1","max-image-preview":"max-image-preview:large","max-video-preview":"max-video-preview:-1"},"canonical":"https:\/\/www.aribau.es\/ca\/bodegas-2\/can-roda\/penjat-dun-fil\/","og_locale":"ca_ES","og_type":"article","og_title":"PENJAT D'UN FIL - Aribau","og_description":"PENJAT D&#8217;UN FIL variedades de uva Pansa blanca Crianza Sin crianza Denominaci\u00f3n de origen descripci\u00f3n Vino de color dorado nuevo con reflejos de miel, brillante y presencia de l\u00e1grima densa. Aroma varietal de compleja armon\u00eda arom\u00e1tica que recuerda a frutas en alm\u00edbar como el mel\u00f3n, el melocot\u00f3n, el albaricoque, que evocan una sensaci\u00f3n dulce, sobre ... Llegiu m\u00e9s","og_url":"https:\/\/www.aribau.es\/ca\/bodegas-2\/can-roda\/penjat-dun-fil\/","og_site_name":"Aribau","article_publisher":"https:\/\/www.facebook.com\/aribau1964\/","article_modified_time":"2021-03-30T09:39:18+00:00","og_image":[{"url":"https:\/\/www.aribau.es\/wp-content\/uploads\/2021\/03\/PENJAT-D_UN-FIL-2_opt.png","type":"","width":"","height":""}],"twitter_card":"summary_large_image","twitter_site":"@aribau1964","schema":{"@context":"https:\/\/schema.org","@graph":[{"@type":"WebPage","@id":"https:\/\/www.aribau.es\/bodegas-2\/can-roda\/penjat-dun-fil\/","url":"https:\/\/www.aribau.es\/bodegas-2\/can-roda\/penjat-dun-fil\/","name":"PENJAT D'UN FIL - Aribau","isPartOf":{"@id":"https:\/\/www.aribau.es\/#website"},"primaryImageOfPage":{"@id":"https:\/\/www.aribau.es\/bodegas-2\/can-roda\/penjat-dun-fil\/#primaryimage"},"image":{"@id":"https:\/\/www.aribau.es\/bodegas-2\/can-roda\/penjat-dun-fil\/#primaryimage"},"thumbnailUrl":"https:\/\/www.aribau.es\/wp-content\/uploads\/2021\/03\/PENJAT-D_UN-FIL-2_opt.png","datePublished":"2021-03-30T09:37:40+00:00","dateModified":"2021-03-30T09:39:18+00:00","breadcrumb":{"@id":"https:\/\/www.aribau.es\/bodegas-2\/can-roda\/penjat-dun-fil\/#breadcrumb"},"inLanguage":"ca","potentialAction":[{"@type":"ReadAction","target":["https:\/\/www.aribau.es\/bodegas-2\/can-roda\/penjat-dun-fil\/"]}]},{"@type":"ImageObject","inLanguage":"ca","@id":"https:\/\/www.aribau.es\/bodegas-2\/can-roda\/penjat-dun-fil\/#primaryimage","url":"https:\/\/www.aribau.es\/wp-content\/uploads\/2021\/03\/PENJAT-D_UN-FIL-2_opt.png","contentUrl":"https:\/\/www.aribau.es\/wp-content\/uploads\/2021\/03\/PENJAT-D_UN-FIL-2_opt.png"},{"@type":"BreadcrumbList","@id":"https:\/\/www.aribau.es\/bodegas-2\/can-roda\/penjat-dun-fil\/#breadcrumb","itemListElement":[{"@type":"ListItem","position":1,"name":"Portada","item":"https:\/\/www.aribau.es\/"},{"@type":"ListItem","position":2,"name":"BODEGAS","item":"https:\/\/www.aribau.es\/bodegas-2\/"},{"@type":"ListItem","position":3,"name":"CAN RODA","item":"https:\/\/www.aribau.es\/bodegas-2\/can-roda\/"},{"@type":"ListItem","position":4,"name":"PENJAT D&#8217;UN FIL"}]},{"@type":"WebSite","@id":"https:\/\/www.aribau.es\/#website","url":"https:\/\/www.aribau.es\/","name":"Aribau","description":"VINOS Y BODEGAS","publisher":{"@id":"https:\/\/www.aribau.es\/#organization"},"potentialAction":[{"@type":"SearchAction","target":{"@type":"EntryPoint","urlTemplate":"https:\/\/www.aribau.es\/?s={search_term_string}"},"query-input":{"@type":"PropertyValueSpecification","valueRequired":true,"valueName":"search_term_string"}}],"inLanguage":"ca"},{"@type":"Organization","@id":"https:\/\/www.aribau.es\/#organization","name":"Aribau","url":"https:\/\/www.aribau.es\/","logo":{"@type":"ImageObject","inLanguage":"ca","@id":"https:\/\/www.aribau.es\/#\/schema\/logo\/image\/","url":"https:\/\/www.aribau.es\/wp-content\/uploads\/2022\/03\/logo.png","contentUrl":"https:\/\/www.aribau.es\/wp-content\/uploads\/2022\/03\/logo.png","width":300,"height":300,"caption":"Aribau"},"image":{"@id":"https:\/\/www.aribau.es\/#\/schema\/logo\/image\/"},"sameAs":["https:\/\/www.facebook.com\/aribau1964\/","https:\/\/x.com\/aribau1964","https:\/\/www.instagram.com\/aribau1964\/"]}]}},"_links":{"self":[{"href":"https:\/\/www.aribau.es\/ca\/wp-json\/wp\/v2\/pages\/9397","targetHints":{"allow":["GET"]}}],"collection":[{"href":"https:\/\/www.aribau.es\/ca\/wp-json\/wp\/v2\/pages"}],"about":[{"href":"https:\/\/www.aribau.es\/ca\/wp-json\/wp\/v2\/types\/page"}],"author":[{"embeddable":true,"href":"https:\/\/www.aribau.es\/ca\/wp-json\/wp\/v2\/users\/3"}],"replies":[{"embeddable":true,"href":"https:\/\/www.aribau.es\/ca\/wp-json\/wp\/v2\/comments?post=9397"}],"version-history":[{"count":4,"href":"https:\/\/www.aribau.es\/ca\/wp-json\/wp\/v2\/pages\/9397\/revisions"}],"predecessor-version":[{"id":9401,"href":"https:\/\/www.aribau.es\/ca\/wp-json\/wp\/v2\/pages\/9397\/revisions\/9401"}],"up":[{"embeddable":true,"href":"https:\/\/www.aribau.es\/ca\/wp-json\/wp\/v2\/pages\/8137"}],"wp:attachment":[{"href":"https:\/\/www.aribau.es\/ca\/wp-json\/wp\/v2\/media?parent=9397"}],"curies":[{"name":"wp","href":"https:\/\/api.w.org\/{rel}","templated":true}]}}