{"id":9440,"date":"2021-03-30T11:02:24","date_gmt":"2021-03-30T10:02:24","guid":{"rendered":"https:\/\/www.aribau.es\/?page_id=9440"},"modified":"2021-03-30T11:18:30","modified_gmt":"2021-03-30T10:18:30","slug":"infinitus-chardonnay-viura","status":"publish","type":"page","link":"https:\/\/www.aribau.es\/ca\/bodegas-2\/cosecheros-y-criadores\/infinitus-chardonnay-viura\/","title":{"rendered":"INFINITUS CHARDONNAY VIURA"},"content":{"rendered":"<div data-elementor-type=\"wp-page\" data-elementor-id=\"9440\" class=\"elementor elementor-9440\">\n\t\t\t\t\t\t<section class=\"elementor-section elementor-top-section elementor-element elementor-element-35eedeb9 elementor-section-boxed elementor-section-height-default elementor-section-height-default elementor-invisible\" data-id=\"35eedeb9\" data-element_type=\"section\" data-settings=\"{&quot;animation&quot;:&quot;fadeInUp&quot;}\">\n\t\t\t\t\t\t<div class=\"elementor-container elementor-column-gap-default\">\n\t\t\t\t\t<div class=\"elementor-column elementor-col-100 elementor-top-column elementor-element elementor-element-48eaaf50\" data-id=\"48eaaf50\" data-element_type=\"column\">\n\t\t\t<div class=\"elementor-widget-wrap elementor-element-populated\">\n\t\t\t\t\t\t<div class=\"elementor-element elementor-element-cf91374 elementor-widget elementor-widget-text-editor\" data-id=\"cf91374\" data-element_type=\"widget\" data-widget_type=\"text-editor.default\">\n\t\t\t\t<div class=\"elementor-widget-container\">\n\t\t\t\t\t\t\t\t\t<p>INFINITUS CHARDONNAY VIURA<\/p>\t\t\t\t\t\t\t\t<\/div>\n\t\t\t\t<\/div>\n\t\t\t\t\t<\/div>\n\t\t<\/div>\n\t\t\t\t\t<\/div>\n\t\t<\/section>\n\t\t\t\t<section class=\"elementor-section elementor-top-section elementor-element elementor-element-400d724f elementor-section-full_width elementor-section-height-default elementor-section-height-default elementor-invisible\" data-id=\"400d724f\" data-element_type=\"section\" data-settings=\"{&quot;animation&quot;:&quot;fadeInUp&quot;}\">\n\t\t\t\t\t\t<div class=\"elementor-container elementor-column-gap-default\">\n\t\t\t\t\t<div class=\"elementor-column elementor-col-50 elementor-top-column elementor-element elementor-element-965d405\" data-id=\"965d405\" data-element_type=\"column\">\n\t\t\t<div class=\"elementor-widget-wrap elementor-element-populated\">\n\t\t\t\t\t\t<div class=\"elementor-element elementor-element-580906bc elementor-widget elementor-widget-image\" data-id=\"580906bc\" data-element_type=\"widget\" data-widget_type=\"image.default\">\n\t\t\t\t<div class=\"elementor-widget-container\">\n\t\t\t\t\t\t\t\t\t\t\t\t\t\t\t<img fetchpriority=\"high\" decoding=\"async\" width=\"278\" height=\"1024\" src=\"https:\/\/www.aribau.es\/wp-content\/uploads\/2021\/02\/INFINITUS-CHARDONNAY-VIURA-278x1024.jpg\" class=\"elementor-animation-grow attachment-large size-large wp-image-7548\" alt=\"\" srcset=\"https:\/\/www.aribau.es\/wp-content\/uploads\/2021\/02\/INFINITUS-CHARDONNAY-VIURA-278x1024.jpg 278w, https:\/\/www.aribau.es\/wp-content\/uploads\/2021\/02\/INFINITUS-CHARDONNAY-VIURA.jpg 595w\" sizes=\"(max-width: 278px) 100vw, 278px\" \/>\t\t\t\t\t\t\t\t\t\t\t\t\t\t\t<\/div>\n\t\t\t\t<\/div>\n\t\t\t\t\t<\/div>\n\t\t<\/div>\n\t\t\t\t<div class=\"elementor-column elementor-col-50 elementor-top-column elementor-element elementor-element-4538e3b5\" data-id=\"4538e3b5\" data-element_type=\"column\">\n\t\t\t<div class=\"elementor-widget-wrap elementor-element-populated\">\n\t\t\t\t\t\t<div class=\"elementor-element elementor-element-48fba55d elementor-widget elementor-widget-text-editor\" data-id=\"48fba55d\" data-element_type=\"widget\" data-widget_type=\"text-editor.default\">\n\t\t\t\t<div class=\"elementor-widget-container\">\n\t\t\t\t\t\t\t\t\t<p>VARIETATS DE RA\u00cfM<\/p>\t\t\t\t\t\t\t\t<\/div>\n\t\t\t\t<\/div>\n\t\t\t\t<div class=\"elementor-element elementor-element-4a6aee94 elementor-widget elementor-widget-text-editor\" data-id=\"4a6aee94\" data-element_type=\"widget\" data-widget_type=\"text-editor.default\">\n\t\t\t\t<div class=\"elementor-widget-container\">\n\t\t\t\t\t\t\t\t\t<p>Viura, chardonnay<\/p>\t\t\t\t\t\t\t\t<\/div>\n\t\t\t\t<\/div>\n\t\t\t\t<div class=\"elementor-element elementor-element-2a70d78d elementor-widget elementor-widget-text-editor\" data-id=\"2a70d78d\" data-element_type=\"widget\" data-widget_type=\"text-editor.default\">\n\t\t\t\t<div class=\"elementor-widget-container\">\n\t\t\t\t\t\t\t\t\t<p>CRIAN\u00c7A<\/p>\t\t\t\t\t\t\t\t<\/div>\n\t\t\t\t<\/div>\n\t\t\t\t<div class=\"elementor-element elementor-element-e27bb76 elementor-widget elementor-widget-text-editor\" data-id=\"e27bb76\" data-element_type=\"widget\" data-widget_type=\"text-editor.default\">\n\t\t\t\t<div class=\"elementor-widget-container\">\n\t\t\t\t\t\t\t\t\t<p>Sense crian\u00e7a<\/p>\t\t\t\t\t\t\t\t<\/div>\n\t\t\t\t<\/div>\n\t\t\t\t<div class=\"elementor-element elementor-element-573fb021 elementor-widget elementor-widget-text-editor\" data-id=\"573fb021\" data-element_type=\"widget\" data-widget_type=\"text-editor.default\">\n\t\t\t\t<div class=\"elementor-widget-container\">\n\t\t\t\t\t\t\t\t\t<p>DENOMINACI\u00d3 D'ORIGEN<\/p>\t\t\t\t\t\t\t\t<\/div>\n\t\t\t\t<\/div>\n\t\t\t\t<div class=\"elementor-element elementor-element-e48c8f6 elementor-widget elementor-widget-image\" data-id=\"e48c8f6\" data-element_type=\"widget\" data-widget_type=\"image.default\">\n\t\t\t\t<div class=\"elementor-widget-container\">\n\t\t\t\t\t\t\t\t\t\t\t\t\t\t\t<img decoding=\"async\" width=\"225\" height=\"225\" src=\"https:\/\/www.aribau.es\/wp-content\/uploads\/2021\/03\/TIERRA-DE-CASTILLA.png\" class=\"attachment-full size-full wp-image-9415\" alt=\"\" srcset=\"https:\/\/www.aribau.es\/wp-content\/uploads\/2021\/03\/TIERRA-DE-CASTILLA.png 225w, https:\/\/www.aribau.es\/wp-content\/uploads\/2021\/03\/TIERRA-DE-CASTILLA-150x150.png 150w\" sizes=\"(max-width: 225px) 100vw, 225px\" \/>\t\t\t\t\t\t\t\t\t\t\t\t\t\t\t<\/div>\n\t\t\t\t<\/div>\n\t\t\t\t<div class=\"elementor-element elementor-element-c43d8cf elementor-widget elementor-widget-text-editor\" data-id=\"c43d8cf\" data-element_type=\"widget\" data-widget_type=\"text-editor.default\">\n\t\t\t\t<div class=\"elementor-widget-container\">\n\t\t\t\t\t\t\t\t\t<p>DESCRIPCI\u00d3<\/p>\t\t\t\t\t\t\t\t<\/div>\n\t\t\t\t<\/div>\n\t\t\t\t<div class=\"elementor-element elementor-element-7718ca1 elementor-widget elementor-widget-text-editor\" data-id=\"7718ca1\" data-element_type=\"widget\" data-widget_type=\"text-editor.default\">\n\t\t\t\t<div class=\"elementor-widget-container\">\n\t\t\t\t\t\t\t\t\t<p class=\"MsoNormal\"><span lang=\"CA\">Color groc llimona amb reflexos verdosos, net, brillant i cristal\u00b7l\u00ed. Atractiu en la seva fase visual, convida a beure. Intensitat arom\u00e0tica alta, elegant i subtil. Destaquen les aromes de fenc acabat de tallar, poma reineta i lleugeres notes c\u00edtriques. Complex i agradable. Fresc des del seu inici, amb greix, volum i estructura. Molt f\u00e0cil de beure, per\u00f2 amb arpa i personalitat. Potent retrogust amb records de poma.<o:p><\/o:p><\/span><\/p>\t\t\t\t\t\t\t\t<\/div>\n\t\t\t\t<\/div>\n\t\t\t\t<div class=\"elementor-element elementor-element-72089229 elementor-widget elementor-widget-spacer\" data-id=\"72089229\" data-element_type=\"widget\" data-widget_type=\"spacer.default\">\n\t\t\t\t<div class=\"elementor-widget-container\">\n\t\t\t\t\t\t\t<div class=\"elementor-spacer\">\n\t\t\t<div class=\"elementor-spacer-inner\"><\/div>\n\t\t<\/div>\n\t\t\t\t\t\t<\/div>\n\t\t\t\t<\/div>\n\t\t\t\t\t<\/div>\n\t\t<\/div>\n\t\t\t\t\t<\/div>\n\t\t<\/section>\n\t\t\t\t<\/div>","protected":false},"excerpt":{"rendered":"<p>INFINITUS CHARDONNAY VIURA variedades de uva Viura, Chardonnay Crianza Sin crianza Denominaci\u00f3n de origen descripci\u00f3n Color amarillo lim\u00f3n con reflejos verdosos, limpio, brillante y cristalino. Atractivo en su fase visual, invita a beberlo. Intensidad arom\u00e1tica alta, elegante y sutil. Destacan los aromas de heno reci\u00e9n cortado, manzana reineta y ligeras notas c\u00edtricas. Complejo y agradable. &#8230; <a title=\"INFINITUS CHARDONNAY VIURA\" class=\"read-more\" href=\"https:\/\/www.aribau.es\/ca\/bodegas-2\/cosecheros-y-criadores\/infinitus-chardonnay-viura\/\" aria-label=\"M\u00e9s informaci\u00f3 sobre INFINITUS CHARDONNAY VIURA\">Llegiu m\u00e9s<\/a><\/p>","protected":false},"author":3,"featured_media":0,"parent":8143,"menu_order":0,"comment_status":"closed","ping_status":"closed","template":"elementor_header_footer","meta":{"footnotes":""},"class_list":["post-9440","page","type-page","status-publish"],"yoast_head":"<!-- This site is optimized with the Yoast SEO plugin v26.7 - https:\/\/yoast.com\/wordpress\/plugins\/seo\/ -->\n<title>INFINITUS CHARDONNAY VIURA - Aribau<\/title>\n<meta name=\"robots\" content=\"index, follow, max-snippet:-1, max-image-preview:large, max-video-preview:-1\" \/>\n<link rel=\"canonical\" href=\"https:\/\/www.aribau.es\/ca\/bodegas-2\/cosecheros-y-criadores\/infinitus-chardonnay-viura\/\" \/>\n<meta property=\"og:locale\" content=\"ca_ES\" \/>\n<meta property=\"og:type\" content=\"article\" \/>\n<meta property=\"og:title\" content=\"INFINITUS CHARDONNAY VIURA - Aribau\" \/>\n<meta property=\"og:description\" content=\"INFINITUS CHARDONNAY VIURA variedades de uva Viura, Chardonnay Crianza Sin crianza Denominaci\u00f3n de origen descripci\u00f3n Color amarillo lim\u00f3n con reflejos verdosos, limpio, brillante y cristalino. Atractivo en su fase visual, invita a beberlo. Intensidad arom\u00e1tica alta, elegante y sutil. Destacan los aromas de heno reci\u00e9n cortado, manzana reineta y ligeras notas c\u00edtricas. Complejo y agradable. ... Llegiu m\u00e9s\" \/>\n<meta property=\"og:url\" content=\"https:\/\/www.aribau.es\/ca\/bodegas-2\/cosecheros-y-criadores\/infinitus-chardonnay-viura\/\" \/>\n<meta property=\"og:site_name\" content=\"Aribau\" \/>\n<meta property=\"article:publisher\" content=\"https:\/\/www.facebook.com\/aribau1964\/\" \/>\n<meta property=\"article:modified_time\" content=\"2021-03-30T10:18:30+00:00\" \/>\n<meta property=\"og:image\" content=\"https:\/\/www.aribau.es\/wp-content\/uploads\/2021\/02\/INFINITUS-CHARDONNAY-VIURA-278x1024.jpg\" \/>\n<meta name=\"twitter:card\" content=\"summary_large_image\" \/>\n<meta name=\"twitter:site\" content=\"@aribau1964\" \/>\n<script type=\"application\/ld+json\" class=\"yoast-schema-graph\">{\"@context\":\"https:\/\/schema.org\",\"@graph\":[{\"@type\":\"WebPage\",\"@id\":\"https:\/\/www.aribau.es\/bodegas-2\/cosecheros-y-criadores\/infinitus-chardonnay-viura\/\",\"url\":\"https:\/\/www.aribau.es\/bodegas-2\/cosecheros-y-criadores\/infinitus-chardonnay-viura\/\",\"name\":\"INFINITUS CHARDONNAY VIURA - Aribau\",\"isPartOf\":{\"@id\":\"https:\/\/www.aribau.es\/#website\"},\"primaryImageOfPage\":{\"@id\":\"https:\/\/www.aribau.es\/bodegas-2\/cosecheros-y-criadores\/infinitus-chardonnay-viura\/#primaryimage\"},\"image\":{\"@id\":\"https:\/\/www.aribau.es\/bodegas-2\/cosecheros-y-criadores\/infinitus-chardonnay-viura\/#primaryimage\"},\"thumbnailUrl\":\"https:\/\/www.aribau.es\/wp-content\/uploads\/2021\/02\/INFINITUS-CHARDONNAY-VIURA-278x1024.jpg\",\"datePublished\":\"2021-03-30T10:02:24+00:00\",\"dateModified\":\"2021-03-30T10:18:30+00:00\",\"breadcrumb\":{\"@id\":\"https:\/\/www.aribau.es\/bodegas-2\/cosecheros-y-criadores\/infinitus-chardonnay-viura\/#breadcrumb\"},\"inLanguage\":\"ca\",\"potentialAction\":[{\"@type\":\"ReadAction\",\"target\":[\"https:\/\/www.aribau.es\/bodegas-2\/cosecheros-y-criadores\/infinitus-chardonnay-viura\/\"]}]},{\"@type\":\"ImageObject\",\"inLanguage\":\"ca\",\"@id\":\"https:\/\/www.aribau.es\/bodegas-2\/cosecheros-y-criadores\/infinitus-chardonnay-viura\/#primaryimage\",\"url\":\"https:\/\/www.aribau.es\/wp-content\/uploads\/2021\/02\/INFINITUS-CHARDONNAY-VIURA-278x1024.jpg\",\"contentUrl\":\"https:\/\/www.aribau.es\/wp-content\/uploads\/2021\/02\/INFINITUS-CHARDONNAY-VIURA-278x1024.jpg\"},{\"@type\":\"BreadcrumbList\",\"@id\":\"https:\/\/www.aribau.es\/bodegas-2\/cosecheros-y-criadores\/infinitus-chardonnay-viura\/#breadcrumb\",\"itemListElement\":[{\"@type\":\"ListItem\",\"position\":1,\"name\":\"Portada\",\"item\":\"https:\/\/www.aribau.es\/\"},{\"@type\":\"ListItem\",\"position\":2,\"name\":\"BODEGAS\",\"item\":\"https:\/\/www.aribau.es\/bodegas-2\/\"},{\"@type\":\"ListItem\",\"position\":3,\"name\":\"COSECHEROS Y CRIADORES\",\"item\":\"https:\/\/www.aribau.es\/bodegas-2\/cosecheros-y-criadores\/\"},{\"@type\":\"ListItem\",\"position\":4,\"name\":\"INFINITUS CHARDONNAY VIURA\"}]},{\"@type\":\"WebSite\",\"@id\":\"https:\/\/www.aribau.es\/#website\",\"url\":\"https:\/\/www.aribau.es\/\",\"name\":\"Aribau\",\"description\":\"VINOS Y BODEGAS\",\"publisher\":{\"@id\":\"https:\/\/www.aribau.es\/#organization\"},\"potentialAction\":[{\"@type\":\"SearchAction\",\"target\":{\"@type\":\"EntryPoint\",\"urlTemplate\":\"https:\/\/www.aribau.es\/?s={search_term_string}\"},\"query-input\":{\"@type\":\"PropertyValueSpecification\",\"valueRequired\":true,\"valueName\":\"search_term_string\"}}],\"inLanguage\":\"ca\"},{\"@type\":\"Organization\",\"@id\":\"https:\/\/www.aribau.es\/#organization\",\"name\":\"Aribau\",\"url\":\"https:\/\/www.aribau.es\/\",\"logo\":{\"@type\":\"ImageObject\",\"inLanguage\":\"ca\",\"@id\":\"https:\/\/www.aribau.es\/#\/schema\/logo\/image\/\",\"url\":\"https:\/\/www.aribau.es\/wp-content\/uploads\/2022\/03\/logo.png\",\"contentUrl\":\"https:\/\/www.aribau.es\/wp-content\/uploads\/2022\/03\/logo.png\",\"width\":300,\"height\":300,\"caption\":\"Aribau\"},\"image\":{\"@id\":\"https:\/\/www.aribau.es\/#\/schema\/logo\/image\/\"},\"sameAs\":[\"https:\/\/www.facebook.com\/aribau1964\/\",\"https:\/\/x.com\/aribau1964\",\"https:\/\/www.instagram.com\/aribau1964\/\"]}]}<\/script>\n<!-- \/ Yoast SEO plugin. -->","yoast_head_json":{"title":"INFINITUS CHARDONNAY VIURA - Aribau","robots":{"index":"index","follow":"follow","max-snippet":"max-snippet:-1","max-image-preview":"max-image-preview:large","max-video-preview":"max-video-preview:-1"},"canonical":"https:\/\/www.aribau.es\/ca\/bodegas-2\/cosecheros-y-criadores\/infinitus-chardonnay-viura\/","og_locale":"ca_ES","og_type":"article","og_title":"INFINITUS CHARDONNAY VIURA - Aribau","og_description":"INFINITUS CHARDONNAY VIURA variedades de uva Viura, Chardonnay Crianza Sin crianza Denominaci\u00f3n de origen descripci\u00f3n Color amarillo lim\u00f3n con reflejos verdosos, limpio, brillante y cristalino. Atractivo en su fase visual, invita a beberlo. Intensidad arom\u00e1tica alta, elegante y sutil. Destacan los aromas de heno reci\u00e9n cortado, manzana reineta y ligeras notas c\u00edtricas. Complejo y agradable. ... Llegiu m\u00e9s","og_url":"https:\/\/www.aribau.es\/ca\/bodegas-2\/cosecheros-y-criadores\/infinitus-chardonnay-viura\/","og_site_name":"Aribau","article_publisher":"https:\/\/www.facebook.com\/aribau1964\/","article_modified_time":"2021-03-30T10:18:30+00:00","og_image":[{"url":"https:\/\/www.aribau.es\/wp-content\/uploads\/2021\/02\/INFINITUS-CHARDONNAY-VIURA-278x1024.jpg","type":"","width":"","height":""}],"twitter_card":"summary_large_image","twitter_site":"@aribau1964","schema":{"@context":"https:\/\/schema.org","@graph":[{"@type":"WebPage","@id":"https:\/\/www.aribau.es\/bodegas-2\/cosecheros-y-criadores\/infinitus-chardonnay-viura\/","url":"https:\/\/www.aribau.es\/bodegas-2\/cosecheros-y-criadores\/infinitus-chardonnay-viura\/","name":"INFINITUS CHARDONNAY VIURA - Aribau","isPartOf":{"@id":"https:\/\/www.aribau.es\/#website"},"primaryImageOfPage":{"@id":"https:\/\/www.aribau.es\/bodegas-2\/cosecheros-y-criadores\/infinitus-chardonnay-viura\/#primaryimage"},"image":{"@id":"https:\/\/www.aribau.es\/bodegas-2\/cosecheros-y-criadores\/infinitus-chardonnay-viura\/#primaryimage"},"thumbnailUrl":"https:\/\/www.aribau.es\/wp-content\/uploads\/2021\/02\/INFINITUS-CHARDONNAY-VIURA-278x1024.jpg","datePublished":"2021-03-30T10:02:24+00:00","dateModified":"2021-03-30T10:18:30+00:00","breadcrumb":{"@id":"https:\/\/www.aribau.es\/bodegas-2\/cosecheros-y-criadores\/infinitus-chardonnay-viura\/#breadcrumb"},"inLanguage":"ca","potentialAction":[{"@type":"ReadAction","target":["https:\/\/www.aribau.es\/bodegas-2\/cosecheros-y-criadores\/infinitus-chardonnay-viura\/"]}]},{"@type":"ImageObject","inLanguage":"ca","@id":"https:\/\/www.aribau.es\/bodegas-2\/cosecheros-y-criadores\/infinitus-chardonnay-viura\/#primaryimage","url":"https:\/\/www.aribau.es\/wp-content\/uploads\/2021\/02\/INFINITUS-CHARDONNAY-VIURA-278x1024.jpg","contentUrl":"https:\/\/www.aribau.es\/wp-content\/uploads\/2021\/02\/INFINITUS-CHARDONNAY-VIURA-278x1024.jpg"},{"@type":"BreadcrumbList","@id":"https:\/\/www.aribau.es\/bodegas-2\/cosecheros-y-criadores\/infinitus-chardonnay-viura\/#breadcrumb","itemListElement":[{"@type":"ListItem","position":1,"name":"Portada","item":"https:\/\/www.aribau.es\/"},{"@type":"ListItem","position":2,"name":"BODEGAS","item":"https:\/\/www.aribau.es\/bodegas-2\/"},{"@type":"ListItem","position":3,"name":"COSECHEROS Y CRIADORES","item":"https:\/\/www.aribau.es\/bodegas-2\/cosecheros-y-criadores\/"},{"@type":"ListItem","position":4,"name":"INFINITUS CHARDONNAY VIURA"}]},{"@type":"WebSite","@id":"https:\/\/www.aribau.es\/#website","url":"https:\/\/www.aribau.es\/","name":"Aribau","description":"VINOS Y BODEGAS","publisher":{"@id":"https:\/\/www.aribau.es\/#organization"},"potentialAction":[{"@type":"SearchAction","target":{"@type":"EntryPoint","urlTemplate":"https:\/\/www.aribau.es\/?s={search_term_string}"},"query-input":{"@type":"PropertyValueSpecification","valueRequired":true,"valueName":"search_term_string"}}],"inLanguage":"ca"},{"@type":"Organization","@id":"https:\/\/www.aribau.es\/#organization","name":"Aribau","url":"https:\/\/www.aribau.es\/","logo":{"@type":"ImageObject","inLanguage":"ca","@id":"https:\/\/www.aribau.es\/#\/schema\/logo\/image\/","url":"https:\/\/www.aribau.es\/wp-content\/uploads\/2022\/03\/logo.png","contentUrl":"https:\/\/www.aribau.es\/wp-content\/uploads\/2022\/03\/logo.png","width":300,"height":300,"caption":"Aribau"},"image":{"@id":"https:\/\/www.aribau.es\/#\/schema\/logo\/image\/"},"sameAs":["https:\/\/www.facebook.com\/aribau1964\/","https:\/\/x.com\/aribau1964","https:\/\/www.instagram.com\/aribau1964\/"]}]}},"_links":{"self":[{"href":"https:\/\/www.aribau.es\/ca\/wp-json\/wp\/v2\/pages\/9440","targetHints":{"allow":["GET"]}}],"collection":[{"href":"https:\/\/www.aribau.es\/ca\/wp-json\/wp\/v2\/pages"}],"about":[{"href":"https:\/\/www.aribau.es\/ca\/wp-json\/wp\/v2\/types\/page"}],"author":[{"embeddable":true,"href":"https:\/\/www.aribau.es\/ca\/wp-json\/wp\/v2\/users\/3"}],"replies":[{"embeddable":true,"href":"https:\/\/www.aribau.es\/ca\/wp-json\/wp\/v2\/comments?post=9440"}],"version-history":[{"count":4,"href":"https:\/\/www.aribau.es\/ca\/wp-json\/wp\/v2\/pages\/9440\/revisions"}],"predecessor-version":[{"id":9445,"href":"https:\/\/www.aribau.es\/ca\/wp-json\/wp\/v2\/pages\/9440\/revisions\/9445"}],"up":[{"embeddable":true,"href":"https:\/\/www.aribau.es\/ca\/wp-json\/wp\/v2\/pages\/8143"}],"wp:attachment":[{"href":"https:\/\/www.aribau.es\/ca\/wp-json\/wp\/v2\/media?parent=9440"}],"curies":[{"name":"wp","href":"https:\/\/api.w.org\/{rel}","templated":true}]}}