{"id":9462,"date":"2021-03-30T11:23:47","date_gmt":"2021-03-30T10:23:47","guid":{"rendered":"https:\/\/www.aribau.es\/?page_id=9462"},"modified":"2021-03-30T11:25:21","modified_gmt":"2021-03-30T10:25:21","slug":"infinitus-rosado","status":"publish","type":"page","link":"https:\/\/www.aribau.es\/ca\/bodegas-2\/cosecheros-y-criadores\/infinitus-rosado\/","title":{"rendered":"INFINITUS ROSADO"},"content":{"rendered":"<div data-elementor-type=\"wp-page\" data-elementor-id=\"9462\" class=\"elementor elementor-9462\">\n\t\t\t\t\t\t<section class=\"elementor-section elementor-top-section elementor-element elementor-element-23f1d32c elementor-section-boxed elementor-section-height-default elementor-section-height-default elementor-invisible\" data-id=\"23f1d32c\" data-element_type=\"section\" data-settings=\"{&quot;animation&quot;:&quot;fadeInUp&quot;}\">\n\t\t\t\t\t\t<div class=\"elementor-container elementor-column-gap-default\">\n\t\t\t\t\t<div class=\"elementor-column elementor-col-100 elementor-top-column elementor-element elementor-element-aae810\" data-id=\"aae810\" data-element_type=\"column\">\n\t\t\t<div class=\"elementor-widget-wrap elementor-element-populated\">\n\t\t\t\t\t\t<div class=\"elementor-element elementor-element-5803c497 elementor-widget elementor-widget-text-editor\" data-id=\"5803c497\" data-element_type=\"widget\" data-widget_type=\"text-editor.default\">\n\t\t\t\t<div class=\"elementor-widget-container\">\n\t\t\t\t\t\t\t\t\t<p>INFINITUS ROSAT<\/p>\t\t\t\t\t\t\t\t<\/div>\n\t\t\t\t<\/div>\n\t\t\t\t\t<\/div>\n\t\t<\/div>\n\t\t\t\t\t<\/div>\n\t\t<\/section>\n\t\t\t\t<section class=\"elementor-section elementor-top-section elementor-element elementor-element-228402b2 elementor-section-full_width elementor-section-height-default elementor-section-height-default elementor-invisible\" data-id=\"228402b2\" data-element_type=\"section\" data-settings=\"{&quot;animation&quot;:&quot;fadeInUp&quot;}\">\n\t\t\t\t\t\t<div class=\"elementor-container elementor-column-gap-default\">\n\t\t\t\t\t<div class=\"elementor-column elementor-col-50 elementor-top-column elementor-element elementor-element-1f423e54\" data-id=\"1f423e54\" data-element_type=\"column\">\n\t\t\t<div class=\"elementor-widget-wrap elementor-element-populated\">\n\t\t\t\t\t\t<div class=\"elementor-element elementor-element-7621df35 elementor-widget elementor-widget-image\" data-id=\"7621df35\" data-element_type=\"widget\" data-widget_type=\"image.default\">\n\t\t\t\t<div class=\"elementor-widget-container\">\n\t\t\t\t\t\t\t\t\t\t\t\t\t\t\t<img fetchpriority=\"high\" decoding=\"async\" width=\"267\" height=\"1024\" src=\"https:\/\/www.aribau.es\/wp-content\/uploads\/2021\/02\/INFINITUS-ROSADO-267x1024.jpg\" class=\"elementor-animation-grow attachment-large size-large wp-image-7555\" alt=\"\" srcset=\"https:\/\/www.aribau.es\/wp-content\/uploads\/2021\/02\/INFINITUS-ROSADO-267x1024.jpg 267w, https:\/\/www.aribau.es\/wp-content\/uploads\/2021\/02\/INFINITUS-ROSADO-78x300.jpg 78w, https:\/\/www.aribau.es\/wp-content\/uploads\/2021\/02\/INFINITUS-ROSADO-401x1536.jpg 401w, https:\/\/www.aribau.es\/wp-content\/uploads\/2021\/02\/INFINITUS-ROSADO-534x2048.jpg 534w, https:\/\/www.aribau.es\/wp-content\/uploads\/2021\/02\/INFINITUS-ROSADO-scaled.jpg 668w\" sizes=\"(max-width: 267px) 100vw, 267px\" \/>\t\t\t\t\t\t\t\t\t\t\t\t\t\t\t<\/div>\n\t\t\t\t<\/div>\n\t\t\t\t\t<\/div>\n\t\t<\/div>\n\t\t\t\t<div class=\"elementor-column elementor-col-50 elementor-top-column elementor-element elementor-element-c218f86\" data-id=\"c218f86\" data-element_type=\"column\">\n\t\t\t<div class=\"elementor-widget-wrap elementor-element-populated\">\n\t\t\t\t\t\t<div class=\"elementor-element elementor-element-24d3ddc elementor-widget elementor-widget-text-editor\" data-id=\"24d3ddc\" data-element_type=\"widget\" data-widget_type=\"text-editor.default\">\n\t\t\t\t<div class=\"elementor-widget-container\">\n\t\t\t\t\t\t\t\t\t<p>VARIETATS DE RA\u00cfM<\/p>\t\t\t\t\t\t\t\t<\/div>\n\t\t\t\t<\/div>\n\t\t\t\t<div class=\"elementor-element elementor-element-b6b909c elementor-widget elementor-widget-text-editor\" data-id=\"b6b909c\" data-element_type=\"widget\" data-widget_type=\"text-editor.default\">\n\t\t\t\t<div class=\"elementor-widget-container\">\n\t\t\t\t\t\t\t\t\t<p>Ull de llebre, cabernet franc<\/p>\t\t\t\t\t\t\t\t<\/div>\n\t\t\t\t<\/div>\n\t\t\t\t<div class=\"elementor-element elementor-element-3d704327 elementor-widget elementor-widget-text-editor\" data-id=\"3d704327\" data-element_type=\"widget\" data-widget_type=\"text-editor.default\">\n\t\t\t\t<div class=\"elementor-widget-container\">\n\t\t\t\t\t\t\t\t\t<p>CRIAN\u00c7A<\/p>\t\t\t\t\t\t\t\t<\/div>\n\t\t\t\t<\/div>\n\t\t\t\t<div class=\"elementor-element elementor-element-1f39d23d elementor-widget elementor-widget-text-editor\" data-id=\"1f39d23d\" data-element_type=\"widget\" data-widget_type=\"text-editor.default\">\n\t\t\t\t<div class=\"elementor-widget-container\">\n\t\t\t\t\t\t\t\t\t<p>Sense crian\u00e7a<\/p>\t\t\t\t\t\t\t\t<\/div>\n\t\t\t\t<\/div>\n\t\t\t\t<div class=\"elementor-element elementor-element-384c5ee2 elementor-widget elementor-widget-text-editor\" data-id=\"384c5ee2\" data-element_type=\"widget\" data-widget_type=\"text-editor.default\">\n\t\t\t\t<div class=\"elementor-widget-container\">\n\t\t\t\t\t\t\t\t\t<p>DENOMINACI\u00d3 D'ORIGEN<\/p>\t\t\t\t\t\t\t\t<\/div>\n\t\t\t\t<\/div>\n\t\t\t\t<div class=\"elementor-element elementor-element-3a77064f elementor-widget elementor-widget-image\" data-id=\"3a77064f\" data-element_type=\"widget\" data-widget_type=\"image.default\">\n\t\t\t\t<div class=\"elementor-widget-container\">\n\t\t\t\t\t\t\t\t\t\t\t\t\t\t\t<img decoding=\"async\" width=\"225\" height=\"225\" src=\"https:\/\/www.aribau.es\/wp-content\/uploads\/2021\/03\/TIERRA-DE-CASTILLA.png\" class=\"attachment-full size-full wp-image-9415\" alt=\"\" srcset=\"https:\/\/www.aribau.es\/wp-content\/uploads\/2021\/03\/TIERRA-DE-CASTILLA.png 225w, https:\/\/www.aribau.es\/wp-content\/uploads\/2021\/03\/TIERRA-DE-CASTILLA-150x150.png 150w\" sizes=\"(max-width: 225px) 100vw, 225px\" \/>\t\t\t\t\t\t\t\t\t\t\t\t\t\t\t<\/div>\n\t\t\t\t<\/div>\n\t\t\t\t<div class=\"elementor-element elementor-element-2a8d891 elementor-widget elementor-widget-text-editor\" data-id=\"2a8d891\" data-element_type=\"widget\" data-widget_type=\"text-editor.default\">\n\t\t\t\t<div class=\"elementor-widget-container\">\n\t\t\t\t\t\t\t\t\t<p>DESCRIPCI\u00d3<\/p>\t\t\t\t\t\t\t\t<\/div>\n\t\t\t\t<\/div>\n\t\t\t\t<div class=\"elementor-element elementor-element-2ba1ea1d elementor-widget elementor-widget-text-editor\" data-id=\"2ba1ea1d\" data-element_type=\"widget\" data-widget_type=\"text-editor.default\">\n\t\t\t\t<div class=\"elementor-widget-container\">\n\t\t\t\t\t\t\t\t\t<p class=\"MsoNormal\"><span lang=\"CA\">Net i brillant, de color grosella fresca d'intensitat elevada, rivet amb centelleigs violacis, molt atractiu a la vista. Llumin\u00f3s. Llaminer amb notes de maduixa, gerd i botiga de llaminadures amb records anisats i d'herbes fines com la ginesta o el fonoll. Atac franc i arom\u00e0tic ocupant de seguida el paladar gr\u00e0cies al seu desenvolupament de gran volum i recorregut vellutat. Sabor llaminer i sed\u00f3s.<o:p><\/o:p><\/span><\/p>\t\t\t\t\t\t\t\t<\/div>\n\t\t\t\t<\/div>\n\t\t\t\t<div class=\"elementor-element elementor-element-3c200268 elementor-widget elementor-widget-spacer\" data-id=\"3c200268\" data-element_type=\"widget\" data-widget_type=\"spacer.default\">\n\t\t\t\t<div class=\"elementor-widget-container\">\n\t\t\t\t\t\t\t<div class=\"elementor-spacer\">\n\t\t\t<div class=\"elementor-spacer-inner\"><\/div>\n\t\t<\/div>\n\t\t\t\t\t\t<\/div>\n\t\t\t\t<\/div>\n\t\t\t\t\t<\/div>\n\t\t<\/div>\n\t\t\t\t\t<\/div>\n\t\t<\/section>\n\t\t\t\t<\/div>","protected":false},"excerpt":{"rendered":"<p>infinitus rosado variedades de uva Tempranillo, Cabernet franc Crianza Sin crianza Denominaci\u00f3n de origen descripci\u00f3n Limpio y brillante, de color grosella fresca de intensidad elevada, ribete con destellos viol\u00e1ceos, muy atractivo a la vista. Luminoso. Goloso con notas de fresa, frambuesa y tienda de chuches con recuerdos anisados y de hierbas finas como la retama &#8230; <a title=\"INFINITUS ROSADO\" class=\"read-more\" href=\"https:\/\/www.aribau.es\/ca\/bodegas-2\/cosecheros-y-criadores\/infinitus-rosado\/\" aria-label=\"M\u00e9s informaci\u00f3 sobre INFINITUS ROSADO\">Llegiu m\u00e9s<\/a><\/p>","protected":false},"author":3,"featured_media":0,"parent":8143,"menu_order":0,"comment_status":"closed","ping_status":"closed","template":"elementor_header_footer","meta":{"footnotes":""},"class_list":["post-9462","page","type-page","status-publish"],"yoast_head":"<!-- This site is optimized with the Yoast SEO plugin v26.7 - https:\/\/yoast.com\/wordpress\/plugins\/seo\/ -->\n<title>INFINITUS ROSADO - Aribau<\/title>\n<meta name=\"robots\" content=\"index, follow, max-snippet:-1, max-image-preview:large, max-video-preview:-1\" \/>\n<link rel=\"canonical\" href=\"https:\/\/www.aribau.es\/ca\/bodegas-2\/cosecheros-y-criadores\/infinitus-rosado\/\" \/>\n<meta property=\"og:locale\" content=\"ca_ES\" \/>\n<meta property=\"og:type\" content=\"article\" \/>\n<meta property=\"og:title\" content=\"INFINITUS ROSADO - Aribau\" \/>\n<meta property=\"og:description\" content=\"infinitus rosado variedades de uva Tempranillo, Cabernet franc Crianza Sin crianza Denominaci\u00f3n de origen descripci\u00f3n Limpio y brillante, de color grosella fresca de intensidad elevada, ribete con destellos viol\u00e1ceos, muy atractivo a la vista. Luminoso. Goloso con notas de fresa, frambuesa y tienda de chuches con recuerdos anisados y de hierbas finas como la retama ... Llegiu m\u00e9s\" \/>\n<meta property=\"og:url\" content=\"https:\/\/www.aribau.es\/ca\/bodegas-2\/cosecheros-y-criadores\/infinitus-rosado\/\" \/>\n<meta property=\"og:site_name\" content=\"Aribau\" \/>\n<meta property=\"article:publisher\" content=\"https:\/\/www.facebook.com\/aribau1964\/\" \/>\n<meta property=\"article:modified_time\" content=\"2021-03-30T10:25:21+00:00\" \/>\n<meta property=\"og:image\" content=\"https:\/\/www.aribau.es\/wp-content\/uploads\/2021\/02\/INFINITUS-ROSADO-267x1024.jpg\" \/>\n<meta name=\"twitter:card\" content=\"summary_large_image\" \/>\n<meta name=\"twitter:site\" content=\"@aribau1964\" \/>\n<script type=\"application\/ld+json\" class=\"yoast-schema-graph\">{\"@context\":\"https:\/\/schema.org\",\"@graph\":[{\"@type\":\"WebPage\",\"@id\":\"https:\/\/www.aribau.es\/bodegas-2\/cosecheros-y-criadores\/infinitus-rosado\/\",\"url\":\"https:\/\/www.aribau.es\/bodegas-2\/cosecheros-y-criadores\/infinitus-rosado\/\",\"name\":\"INFINITUS ROSADO - Aribau\",\"isPartOf\":{\"@id\":\"https:\/\/www.aribau.es\/#website\"},\"primaryImageOfPage\":{\"@id\":\"https:\/\/www.aribau.es\/bodegas-2\/cosecheros-y-criadores\/infinitus-rosado\/#primaryimage\"},\"image\":{\"@id\":\"https:\/\/www.aribau.es\/bodegas-2\/cosecheros-y-criadores\/infinitus-rosado\/#primaryimage\"},\"thumbnailUrl\":\"https:\/\/www.aribau.es\/wp-content\/uploads\/2021\/02\/INFINITUS-ROSADO-267x1024.jpg\",\"datePublished\":\"2021-03-30T10:23:47+00:00\",\"dateModified\":\"2021-03-30T10:25:21+00:00\",\"breadcrumb\":{\"@id\":\"https:\/\/www.aribau.es\/bodegas-2\/cosecheros-y-criadores\/infinitus-rosado\/#breadcrumb\"},\"inLanguage\":\"ca\",\"potentialAction\":[{\"@type\":\"ReadAction\",\"target\":[\"https:\/\/www.aribau.es\/bodegas-2\/cosecheros-y-criadores\/infinitus-rosado\/\"]}]},{\"@type\":\"ImageObject\",\"inLanguage\":\"ca\",\"@id\":\"https:\/\/www.aribau.es\/bodegas-2\/cosecheros-y-criadores\/infinitus-rosado\/#primaryimage\",\"url\":\"https:\/\/www.aribau.es\/wp-content\/uploads\/2021\/02\/INFINITUS-ROSADO-267x1024.jpg\",\"contentUrl\":\"https:\/\/www.aribau.es\/wp-content\/uploads\/2021\/02\/INFINITUS-ROSADO-267x1024.jpg\"},{\"@type\":\"BreadcrumbList\",\"@id\":\"https:\/\/www.aribau.es\/bodegas-2\/cosecheros-y-criadores\/infinitus-rosado\/#breadcrumb\",\"itemListElement\":[{\"@type\":\"ListItem\",\"position\":1,\"name\":\"Portada\",\"item\":\"https:\/\/www.aribau.es\/\"},{\"@type\":\"ListItem\",\"position\":2,\"name\":\"BODEGAS\",\"item\":\"https:\/\/www.aribau.es\/bodegas-2\/\"},{\"@type\":\"ListItem\",\"position\":3,\"name\":\"COSECHEROS Y CRIADORES\",\"item\":\"https:\/\/www.aribau.es\/bodegas-2\/cosecheros-y-criadores\/\"},{\"@type\":\"ListItem\",\"position\":4,\"name\":\"INFINITUS ROSADO\"}]},{\"@type\":\"WebSite\",\"@id\":\"https:\/\/www.aribau.es\/#website\",\"url\":\"https:\/\/www.aribau.es\/\",\"name\":\"Aribau\",\"description\":\"VINOS Y BODEGAS\",\"publisher\":{\"@id\":\"https:\/\/www.aribau.es\/#organization\"},\"potentialAction\":[{\"@type\":\"SearchAction\",\"target\":{\"@type\":\"EntryPoint\",\"urlTemplate\":\"https:\/\/www.aribau.es\/?s={search_term_string}\"},\"query-input\":{\"@type\":\"PropertyValueSpecification\",\"valueRequired\":true,\"valueName\":\"search_term_string\"}}],\"inLanguage\":\"ca\"},{\"@type\":\"Organization\",\"@id\":\"https:\/\/www.aribau.es\/#organization\",\"name\":\"Aribau\",\"url\":\"https:\/\/www.aribau.es\/\",\"logo\":{\"@type\":\"ImageObject\",\"inLanguage\":\"ca\",\"@id\":\"https:\/\/www.aribau.es\/#\/schema\/logo\/image\/\",\"url\":\"https:\/\/www.aribau.es\/wp-content\/uploads\/2022\/03\/logo.png\",\"contentUrl\":\"https:\/\/www.aribau.es\/wp-content\/uploads\/2022\/03\/logo.png\",\"width\":300,\"height\":300,\"caption\":\"Aribau\"},\"image\":{\"@id\":\"https:\/\/www.aribau.es\/#\/schema\/logo\/image\/\"},\"sameAs\":[\"https:\/\/www.facebook.com\/aribau1964\/\",\"https:\/\/x.com\/aribau1964\",\"https:\/\/www.instagram.com\/aribau1964\/\"]}]}<\/script>\n<!-- \/ Yoast SEO plugin. -->","yoast_head_json":{"title":"INFINITUS ROSADO - Aribau","robots":{"index":"index","follow":"follow","max-snippet":"max-snippet:-1","max-image-preview":"max-image-preview:large","max-video-preview":"max-video-preview:-1"},"canonical":"https:\/\/www.aribau.es\/ca\/bodegas-2\/cosecheros-y-criadores\/infinitus-rosado\/","og_locale":"ca_ES","og_type":"article","og_title":"INFINITUS ROSADO - Aribau","og_description":"infinitus rosado variedades de uva Tempranillo, Cabernet franc Crianza Sin crianza Denominaci\u00f3n de origen descripci\u00f3n Limpio y brillante, de color grosella fresca de intensidad elevada, ribete con destellos viol\u00e1ceos, muy atractivo a la vista. Luminoso. Goloso con notas de fresa, frambuesa y tienda de chuches con recuerdos anisados y de hierbas finas como la retama ... Llegiu m\u00e9s","og_url":"https:\/\/www.aribau.es\/ca\/bodegas-2\/cosecheros-y-criadores\/infinitus-rosado\/","og_site_name":"Aribau","article_publisher":"https:\/\/www.facebook.com\/aribau1964\/","article_modified_time":"2021-03-30T10:25:21+00:00","og_image":[{"url":"https:\/\/www.aribau.es\/wp-content\/uploads\/2021\/02\/INFINITUS-ROSADO-267x1024.jpg","type":"","width":"","height":""}],"twitter_card":"summary_large_image","twitter_site":"@aribau1964","schema":{"@context":"https:\/\/schema.org","@graph":[{"@type":"WebPage","@id":"https:\/\/www.aribau.es\/bodegas-2\/cosecheros-y-criadores\/infinitus-rosado\/","url":"https:\/\/www.aribau.es\/bodegas-2\/cosecheros-y-criadores\/infinitus-rosado\/","name":"INFINITUS ROSADO - Aribau","isPartOf":{"@id":"https:\/\/www.aribau.es\/#website"},"primaryImageOfPage":{"@id":"https:\/\/www.aribau.es\/bodegas-2\/cosecheros-y-criadores\/infinitus-rosado\/#primaryimage"},"image":{"@id":"https:\/\/www.aribau.es\/bodegas-2\/cosecheros-y-criadores\/infinitus-rosado\/#primaryimage"},"thumbnailUrl":"https:\/\/www.aribau.es\/wp-content\/uploads\/2021\/02\/INFINITUS-ROSADO-267x1024.jpg","datePublished":"2021-03-30T10:23:47+00:00","dateModified":"2021-03-30T10:25:21+00:00","breadcrumb":{"@id":"https:\/\/www.aribau.es\/bodegas-2\/cosecheros-y-criadores\/infinitus-rosado\/#breadcrumb"},"inLanguage":"ca","potentialAction":[{"@type":"ReadAction","target":["https:\/\/www.aribau.es\/bodegas-2\/cosecheros-y-criadores\/infinitus-rosado\/"]}]},{"@type":"ImageObject","inLanguage":"ca","@id":"https:\/\/www.aribau.es\/bodegas-2\/cosecheros-y-criadores\/infinitus-rosado\/#primaryimage","url":"https:\/\/www.aribau.es\/wp-content\/uploads\/2021\/02\/INFINITUS-ROSADO-267x1024.jpg","contentUrl":"https:\/\/www.aribau.es\/wp-content\/uploads\/2021\/02\/INFINITUS-ROSADO-267x1024.jpg"},{"@type":"BreadcrumbList","@id":"https:\/\/www.aribau.es\/bodegas-2\/cosecheros-y-criadores\/infinitus-rosado\/#breadcrumb","itemListElement":[{"@type":"ListItem","position":1,"name":"Portada","item":"https:\/\/www.aribau.es\/"},{"@type":"ListItem","position":2,"name":"BODEGAS","item":"https:\/\/www.aribau.es\/bodegas-2\/"},{"@type":"ListItem","position":3,"name":"COSECHEROS Y CRIADORES","item":"https:\/\/www.aribau.es\/bodegas-2\/cosecheros-y-criadores\/"},{"@type":"ListItem","position":4,"name":"INFINITUS ROSADO"}]},{"@type":"WebSite","@id":"https:\/\/www.aribau.es\/#website","url":"https:\/\/www.aribau.es\/","name":"Aribau","description":"VINOS Y BODEGAS","publisher":{"@id":"https:\/\/www.aribau.es\/#organization"},"potentialAction":[{"@type":"SearchAction","target":{"@type":"EntryPoint","urlTemplate":"https:\/\/www.aribau.es\/?s={search_term_string}"},"query-input":{"@type":"PropertyValueSpecification","valueRequired":true,"valueName":"search_term_string"}}],"inLanguage":"ca"},{"@type":"Organization","@id":"https:\/\/www.aribau.es\/#organization","name":"Aribau","url":"https:\/\/www.aribau.es\/","logo":{"@type":"ImageObject","inLanguage":"ca","@id":"https:\/\/www.aribau.es\/#\/schema\/logo\/image\/","url":"https:\/\/www.aribau.es\/wp-content\/uploads\/2022\/03\/logo.png","contentUrl":"https:\/\/www.aribau.es\/wp-content\/uploads\/2022\/03\/logo.png","width":300,"height":300,"caption":"Aribau"},"image":{"@id":"https:\/\/www.aribau.es\/#\/schema\/logo\/image\/"},"sameAs":["https:\/\/www.facebook.com\/aribau1964\/","https:\/\/x.com\/aribau1964","https:\/\/www.instagram.com\/aribau1964\/"]}]}},"_links":{"self":[{"href":"https:\/\/www.aribau.es\/ca\/wp-json\/wp\/v2\/pages\/9462","targetHints":{"allow":["GET"]}}],"collection":[{"href":"https:\/\/www.aribau.es\/ca\/wp-json\/wp\/v2\/pages"}],"about":[{"href":"https:\/\/www.aribau.es\/ca\/wp-json\/wp\/v2\/types\/page"}],"author":[{"embeddable":true,"href":"https:\/\/www.aribau.es\/ca\/wp-json\/wp\/v2\/users\/3"}],"replies":[{"embeddable":true,"href":"https:\/\/www.aribau.es\/ca\/wp-json\/wp\/v2\/comments?post=9462"}],"version-history":[{"count":4,"href":"https:\/\/www.aribau.es\/ca\/wp-json\/wp\/v2\/pages\/9462\/revisions"}],"predecessor-version":[{"id":9466,"href":"https:\/\/www.aribau.es\/ca\/wp-json\/wp\/v2\/pages\/9462\/revisions\/9466"}],"up":[{"embeddable":true,"href":"https:\/\/www.aribau.es\/ca\/wp-json\/wp\/v2\/pages\/8143"}],"wp:attachment":[{"href":"https:\/\/www.aribau.es\/ca\/wp-json\/wp\/v2\/media?parent=9462"}],"curies":[{"name":"wp","href":"https:\/\/api.w.org\/{rel}","templated":true}]}}