{"id":9489,"date":"2021-03-30T11:38:36","date_gmt":"2021-03-30T10:38:36","guid":{"rendered":"https:\/\/www.aribau.es\/?page_id=9489"},"modified":"2021-03-30T12:12:56","modified_gmt":"2021-03-30T11:12:56","slug":"infinitus-syrah","status":"publish","type":"page","link":"https:\/\/www.aribau.es\/ca\/bodegas-2\/cosecheros-y-criadores\/infinitus-syrah\/","title":{"rendered":"INFINITUS SYRAH"},"content":{"rendered":"<div data-elementor-type=\"wp-page\" data-elementor-id=\"9489\" class=\"elementor elementor-9489\">\n\t\t\t\t\t\t<section class=\"elementor-section elementor-top-section elementor-element elementor-element-5bef6ad4 elementor-section-boxed elementor-section-height-default elementor-section-height-default elementor-invisible\" data-id=\"5bef6ad4\" data-element_type=\"section\" data-settings=\"{&quot;animation&quot;:&quot;fadeInUp&quot;}\">\n\t\t\t\t\t\t<div class=\"elementor-container elementor-column-gap-default\">\n\t\t\t\t\t<div class=\"elementor-column elementor-col-100 elementor-top-column elementor-element elementor-element-44807b74\" data-id=\"44807b74\" data-element_type=\"column\">\n\t\t\t<div class=\"elementor-widget-wrap elementor-element-populated\">\n\t\t\t\t\t\t<div class=\"elementor-element elementor-element-606677b5 elementor-widget elementor-widget-text-editor\" data-id=\"606677b5\" data-element_type=\"widget\" data-widget_type=\"text-editor.default\">\n\t\t\t\t<div class=\"elementor-widget-container\">\n\t\t\t\t\t\t\t\t\t<p>INFINITUS SYRAH<\/p>\t\t\t\t\t\t\t\t<\/div>\n\t\t\t\t<\/div>\n\t\t\t\t\t<\/div>\n\t\t<\/div>\n\t\t\t\t\t<\/div>\n\t\t<\/section>\n\t\t\t\t<section class=\"elementor-section elementor-top-section elementor-element elementor-element-6399b4d7 elementor-section-full_width elementor-section-height-default elementor-section-height-default elementor-invisible\" data-id=\"6399b4d7\" data-element_type=\"section\" data-settings=\"{&quot;animation&quot;:&quot;fadeInUp&quot;}\">\n\t\t\t\t\t\t<div class=\"elementor-container elementor-column-gap-default\">\n\t\t\t\t\t<div class=\"elementor-column elementor-col-50 elementor-top-column elementor-element elementor-element-6113ff17\" data-id=\"6113ff17\" data-element_type=\"column\">\n\t\t\t<div class=\"elementor-widget-wrap elementor-element-populated\">\n\t\t\t\t\t\t<div class=\"elementor-element elementor-element-27a8368a elementor-widget elementor-widget-image\" data-id=\"27a8368a\" data-element_type=\"widget\" data-widget_type=\"image.default\">\n\t\t\t\t<div class=\"elementor-widget-container\">\n\t\t\t\t\t\t\t\t\t\t\t\t\t\t\t<img fetchpriority=\"high\" decoding=\"async\" width=\"266\" height=\"1024\" src=\"https:\/\/www.aribau.es\/wp-content\/uploads\/2021\/02\/INFINITUS-SYRAH-266x1024.jpg\" class=\"elementor-animation-grow attachment-large size-large wp-image-7556\" alt=\"\" srcset=\"https:\/\/www.aribau.es\/wp-content\/uploads\/2021\/02\/INFINITUS-SYRAH-266x1024.jpg 266w, https:\/\/www.aribau.es\/wp-content\/uploads\/2021\/02\/INFINITUS-SYRAH-78x300.jpg 78w\" sizes=\"(max-width: 266px) 100vw, 266px\" \/>\t\t\t\t\t\t\t\t\t\t\t\t\t\t\t<\/div>\n\t\t\t\t<\/div>\n\t\t\t\t\t<\/div>\n\t\t<\/div>\n\t\t\t\t<div class=\"elementor-column elementor-col-50 elementor-top-column elementor-element elementor-element-5a5841ae\" data-id=\"5a5841ae\" data-element_type=\"column\">\n\t\t\t<div class=\"elementor-widget-wrap elementor-element-populated\">\n\t\t\t\t\t\t<div class=\"elementor-element elementor-element-17d01745 elementor-widget elementor-widget-text-editor\" data-id=\"17d01745\" data-element_type=\"widget\" data-widget_type=\"text-editor.default\">\n\t\t\t\t<div class=\"elementor-widget-container\">\n\t\t\t\t\t\t\t\t\t<p>VARIETATS DE RA\u00cfM<\/p>\t\t\t\t\t\t\t\t<\/div>\n\t\t\t\t<\/div>\n\t\t\t\t<div class=\"elementor-element elementor-element-234e6297 elementor-widget elementor-widget-text-editor\" data-id=\"234e6297\" data-element_type=\"widget\" data-widget_type=\"text-editor.default\">\n\t\t\t\t<div class=\"elementor-widget-container\">\n\t\t\t\t\t\t\t\t\t<p>Syrah<\/p>\t\t\t\t\t\t\t\t<\/div>\n\t\t\t\t<\/div>\n\t\t\t\t<div class=\"elementor-element elementor-element-57419781 elementor-widget elementor-widget-text-editor\" data-id=\"57419781\" data-element_type=\"widget\" data-widget_type=\"text-editor.default\">\n\t\t\t\t<div class=\"elementor-widget-container\">\n\t\t\t\t\t\t\t\t\t<p>CRIAN\u00c7A<\/p>\t\t\t\t\t\t\t\t<\/div>\n\t\t\t\t<\/div>\n\t\t\t\t<div class=\"elementor-element elementor-element-29546a78 elementor-widget elementor-widget-text-editor\" data-id=\"29546a78\" data-element_type=\"widget\" data-widget_type=\"text-editor.default\">\n\t\t\t\t<div class=\"elementor-widget-container\">\n\t\t\t\t\t\t\t\t\t<p>Sense crian\u00e7a<\/p>\t\t\t\t\t\t\t\t<\/div>\n\t\t\t\t<\/div>\n\t\t\t\t<div class=\"elementor-element elementor-element-5298ba41 elementor-widget elementor-widget-text-editor\" data-id=\"5298ba41\" data-element_type=\"widget\" data-widget_type=\"text-editor.default\">\n\t\t\t\t<div class=\"elementor-widget-container\">\n\t\t\t\t\t\t\t\t\t<p>DENOMINACI\u00d3 D'ORIGEN<\/p>\t\t\t\t\t\t\t\t<\/div>\n\t\t\t\t<\/div>\n\t\t\t\t<div class=\"elementor-element elementor-element-667b12f6 elementor-widget elementor-widget-image\" data-id=\"667b12f6\" data-element_type=\"widget\" data-widget_type=\"image.default\">\n\t\t\t\t<div class=\"elementor-widget-container\">\n\t\t\t\t\t\t\t\t\t\t\t\t\t\t\t<img decoding=\"async\" width=\"225\" height=\"225\" src=\"https:\/\/www.aribau.es\/wp-content\/uploads\/2021\/03\/TIERRA-DE-CASTILLA.png\" class=\"attachment-full size-full wp-image-9415\" alt=\"\" srcset=\"https:\/\/www.aribau.es\/wp-content\/uploads\/2021\/03\/TIERRA-DE-CASTILLA.png 225w, https:\/\/www.aribau.es\/wp-content\/uploads\/2021\/03\/TIERRA-DE-CASTILLA-150x150.png 150w\" sizes=\"(max-width: 225px) 100vw, 225px\" \/>\t\t\t\t\t\t\t\t\t\t\t\t\t\t\t<\/div>\n\t\t\t\t<\/div>\n\t\t\t\t<div class=\"elementor-element elementor-element-6b092bad elementor-widget elementor-widget-text-editor\" data-id=\"6b092bad\" data-element_type=\"widget\" data-widget_type=\"text-editor.default\">\n\t\t\t\t<div class=\"elementor-widget-container\">\n\t\t\t\t\t\t\t\t\t<p>DESCRIPCI\u00d3<\/p>\t\t\t\t\t\t\t\t<\/div>\n\t\t\t\t<\/div>\n\t\t\t\t<div class=\"elementor-element elementor-element-156cce40 elementor-widget elementor-widget-text-editor\" data-id=\"156cce40\" data-element_type=\"widget\" data-widget_type=\"text-editor.default\">\n\t\t\t\t<div class=\"elementor-widget-container\">\n\t\t\t\t\t\t\t\t\t<p class=\"MsoNormal\"><span lang=\"CA\">Color groc palla amb reflexes or. Net i brillant amb densa ll\u00e0grima. Intensitat arom\u00e0tica alta, amb trets varietals clars. Destaquen les aromes de p\u00e8tal de rosa, wasabi, gessam\u00ed i flors blanques. Complex i agradable. Entrada suau amb recorregut sed\u00f3s, llaminer i alhora fresc. Postgust llarg amb records de flors en retronasal, molt varietal.<\/span><\/p>\t\t\t\t\t\t\t\t<\/div>\n\t\t\t\t<\/div>\n\t\t\t\t<div class=\"elementor-element elementor-element-26757cf elementor-widget elementor-widget-image\" data-id=\"26757cf\" data-element_type=\"widget\" data-widget_type=\"image.default\">\n\t\t\t\t<div class=\"elementor-widget-container\">\n\t\t\t\t\t\t\t\t\t\t\t\t\t\t\t<img decoding=\"async\" width=\"300\" height=\"300\" src=\"https:\/\/www.aribau.es\/wp-content\/uploads\/2021\/03\/eco-png-2-300x300-1.png\" class=\"attachment-full size-full wp-image-9214\" alt=\"\" srcset=\"https:\/\/www.aribau.es\/wp-content\/uploads\/2021\/03\/eco-png-2-300x300-1.png 300w, https:\/\/www.aribau.es\/wp-content\/uploads\/2021\/03\/eco-png-2-300x300-1-150x150.png 150w\" sizes=\"(max-width: 300px) 100vw, 300px\" \/>\t\t\t\t\t\t\t\t\t\t\t\t\t\t\t<\/div>\n\t\t\t\t<\/div>\n\t\t\t\t<div class=\"elementor-element elementor-element-38e36b3b elementor-widget elementor-widget-spacer\" data-id=\"38e36b3b\" data-element_type=\"widget\" data-widget_type=\"spacer.default\">\n\t\t\t\t<div class=\"elementor-widget-container\">\n\t\t\t\t\t\t\t<div class=\"elementor-spacer\">\n\t\t\t<div class=\"elementor-spacer-inner\"><\/div>\n\t\t<\/div>\n\t\t\t\t\t\t<\/div>\n\t\t\t\t<\/div>\n\t\t\t\t\t<\/div>\n\t\t<\/div>\n\t\t\t\t\t<\/div>\n\t\t<\/section>\n\t\t\t\t<\/div>","protected":false},"excerpt":{"rendered":"<p>INFINITUS SYRAH variedades de uva Syrah Crianza Sin crianza Denominaci\u00f3n de origen descripci\u00f3n Color amarillo pajizo con destellos oro. Limpio y brillante con densa l\u00e1grima. Intensidad arom\u00e1tica alta, con rasgos varietales claros. Destacan los aromas de p\u00e9talo de rosa, wasabi, jazm\u00edn y flores blancas. Complejo y agradable. Entrada suave con recorrido sedoso, goloso a la &#8230; <a title=\"INFINITUS SYRAH\" class=\"read-more\" href=\"https:\/\/www.aribau.es\/ca\/bodegas-2\/cosecheros-y-criadores\/infinitus-syrah\/\" aria-label=\"M\u00e9s informaci\u00f3 sobre INFINITUS SYRAH\">Llegiu m\u00e9s<\/a><\/p>","protected":false},"author":3,"featured_media":0,"parent":8143,"menu_order":0,"comment_status":"closed","ping_status":"closed","template":"elementor_header_footer","meta":{"footnotes":""},"class_list":["post-9489","page","type-page","status-publish"],"yoast_head":"<!-- This site is optimized with the Yoast SEO plugin v26.7 - https:\/\/yoast.com\/wordpress\/plugins\/seo\/ -->\n<title>INFINITUS SYRAH - Aribau<\/title>\n<meta name=\"robots\" content=\"index, follow, max-snippet:-1, max-image-preview:large, max-video-preview:-1\" \/>\n<link rel=\"canonical\" href=\"https:\/\/www.aribau.es\/ca\/bodegas-2\/cosecheros-y-criadores\/infinitus-syrah\/\" \/>\n<meta property=\"og:locale\" content=\"ca_ES\" \/>\n<meta property=\"og:type\" content=\"article\" \/>\n<meta property=\"og:title\" content=\"INFINITUS SYRAH - Aribau\" \/>\n<meta property=\"og:description\" content=\"INFINITUS SYRAH variedades de uva Syrah Crianza Sin crianza Denominaci\u00f3n de origen descripci\u00f3n Color amarillo pajizo con destellos oro. Limpio y brillante con densa l\u00e1grima. Intensidad arom\u00e1tica alta, con rasgos varietales claros. Destacan los aromas de p\u00e9talo de rosa, wasabi, jazm\u00edn y flores blancas. Complejo y agradable. Entrada suave con recorrido sedoso, goloso a la ... Llegiu m\u00e9s\" \/>\n<meta property=\"og:url\" content=\"https:\/\/www.aribau.es\/ca\/bodegas-2\/cosecheros-y-criadores\/infinitus-syrah\/\" \/>\n<meta property=\"og:site_name\" content=\"Aribau\" \/>\n<meta property=\"article:publisher\" content=\"https:\/\/www.facebook.com\/aribau1964\/\" \/>\n<meta property=\"article:modified_time\" content=\"2021-03-30T11:12:56+00:00\" \/>\n<meta property=\"og:image\" content=\"https:\/\/www.aribau.es\/wp-content\/uploads\/2021\/02\/INFINITUS-SYRAH-266x1024.jpg\" \/>\n<meta name=\"twitter:card\" content=\"summary_large_image\" \/>\n<meta name=\"twitter:site\" content=\"@aribau1964\" \/>\n<script type=\"application\/ld+json\" class=\"yoast-schema-graph\">{\"@context\":\"https:\/\/schema.org\",\"@graph\":[{\"@type\":\"WebPage\",\"@id\":\"https:\/\/www.aribau.es\/bodegas-2\/cosecheros-y-criadores\/infinitus-syrah\/\",\"url\":\"https:\/\/www.aribau.es\/bodegas-2\/cosecheros-y-criadores\/infinitus-syrah\/\",\"name\":\"INFINITUS SYRAH - Aribau\",\"isPartOf\":{\"@id\":\"https:\/\/www.aribau.es\/#website\"},\"primaryImageOfPage\":{\"@id\":\"https:\/\/www.aribau.es\/bodegas-2\/cosecheros-y-criadores\/infinitus-syrah\/#primaryimage\"},\"image\":{\"@id\":\"https:\/\/www.aribau.es\/bodegas-2\/cosecheros-y-criadores\/infinitus-syrah\/#primaryimage\"},\"thumbnailUrl\":\"https:\/\/www.aribau.es\/wp-content\/uploads\/2021\/02\/INFINITUS-SYRAH-266x1024.jpg\",\"datePublished\":\"2021-03-30T10:38:36+00:00\",\"dateModified\":\"2021-03-30T11:12:56+00:00\",\"breadcrumb\":{\"@id\":\"https:\/\/www.aribau.es\/bodegas-2\/cosecheros-y-criadores\/infinitus-syrah\/#breadcrumb\"},\"inLanguage\":\"ca\",\"potentialAction\":[{\"@type\":\"ReadAction\",\"target\":[\"https:\/\/www.aribau.es\/bodegas-2\/cosecheros-y-criadores\/infinitus-syrah\/\"]}]},{\"@type\":\"ImageObject\",\"inLanguage\":\"ca\",\"@id\":\"https:\/\/www.aribau.es\/bodegas-2\/cosecheros-y-criadores\/infinitus-syrah\/#primaryimage\",\"url\":\"https:\/\/www.aribau.es\/wp-content\/uploads\/2021\/02\/INFINITUS-SYRAH-266x1024.jpg\",\"contentUrl\":\"https:\/\/www.aribau.es\/wp-content\/uploads\/2021\/02\/INFINITUS-SYRAH-266x1024.jpg\"},{\"@type\":\"BreadcrumbList\",\"@id\":\"https:\/\/www.aribau.es\/bodegas-2\/cosecheros-y-criadores\/infinitus-syrah\/#breadcrumb\",\"itemListElement\":[{\"@type\":\"ListItem\",\"position\":1,\"name\":\"Portada\",\"item\":\"https:\/\/www.aribau.es\/\"},{\"@type\":\"ListItem\",\"position\":2,\"name\":\"BODEGAS\",\"item\":\"https:\/\/www.aribau.es\/bodegas-2\/\"},{\"@type\":\"ListItem\",\"position\":3,\"name\":\"COSECHEROS Y CRIADORES\",\"item\":\"https:\/\/www.aribau.es\/bodegas-2\/cosecheros-y-criadores\/\"},{\"@type\":\"ListItem\",\"position\":4,\"name\":\"INFINITUS SYRAH\"}]},{\"@type\":\"WebSite\",\"@id\":\"https:\/\/www.aribau.es\/#website\",\"url\":\"https:\/\/www.aribau.es\/\",\"name\":\"Aribau\",\"description\":\"VINOS Y BODEGAS\",\"publisher\":{\"@id\":\"https:\/\/www.aribau.es\/#organization\"},\"potentialAction\":[{\"@type\":\"SearchAction\",\"target\":{\"@type\":\"EntryPoint\",\"urlTemplate\":\"https:\/\/www.aribau.es\/?s={search_term_string}\"},\"query-input\":{\"@type\":\"PropertyValueSpecification\",\"valueRequired\":true,\"valueName\":\"search_term_string\"}}],\"inLanguage\":\"ca\"},{\"@type\":\"Organization\",\"@id\":\"https:\/\/www.aribau.es\/#organization\",\"name\":\"Aribau\",\"url\":\"https:\/\/www.aribau.es\/\",\"logo\":{\"@type\":\"ImageObject\",\"inLanguage\":\"ca\",\"@id\":\"https:\/\/www.aribau.es\/#\/schema\/logo\/image\/\",\"url\":\"https:\/\/www.aribau.es\/wp-content\/uploads\/2022\/03\/logo.png\",\"contentUrl\":\"https:\/\/www.aribau.es\/wp-content\/uploads\/2022\/03\/logo.png\",\"width\":300,\"height\":300,\"caption\":\"Aribau\"},\"image\":{\"@id\":\"https:\/\/www.aribau.es\/#\/schema\/logo\/image\/\"},\"sameAs\":[\"https:\/\/www.facebook.com\/aribau1964\/\",\"https:\/\/x.com\/aribau1964\",\"https:\/\/www.instagram.com\/aribau1964\/\"]}]}<\/script>\n<!-- \/ Yoast SEO plugin. -->","yoast_head_json":{"title":"INFINITUS SYRAH - Aribau","robots":{"index":"index","follow":"follow","max-snippet":"max-snippet:-1","max-image-preview":"max-image-preview:large","max-video-preview":"max-video-preview:-1"},"canonical":"https:\/\/www.aribau.es\/ca\/bodegas-2\/cosecheros-y-criadores\/infinitus-syrah\/","og_locale":"ca_ES","og_type":"article","og_title":"INFINITUS SYRAH - Aribau","og_description":"INFINITUS SYRAH variedades de uva Syrah Crianza Sin crianza Denominaci\u00f3n de origen descripci\u00f3n Color amarillo pajizo con destellos oro. Limpio y brillante con densa l\u00e1grima. Intensidad arom\u00e1tica alta, con rasgos varietales claros. Destacan los aromas de p\u00e9talo de rosa, wasabi, jazm\u00edn y flores blancas. Complejo y agradable. Entrada suave con recorrido sedoso, goloso a la ... Llegiu m\u00e9s","og_url":"https:\/\/www.aribau.es\/ca\/bodegas-2\/cosecheros-y-criadores\/infinitus-syrah\/","og_site_name":"Aribau","article_publisher":"https:\/\/www.facebook.com\/aribau1964\/","article_modified_time":"2021-03-30T11:12:56+00:00","og_image":[{"url":"https:\/\/www.aribau.es\/wp-content\/uploads\/2021\/02\/INFINITUS-SYRAH-266x1024.jpg","type":"","width":"","height":""}],"twitter_card":"summary_large_image","twitter_site":"@aribau1964","schema":{"@context":"https:\/\/schema.org","@graph":[{"@type":"WebPage","@id":"https:\/\/www.aribau.es\/bodegas-2\/cosecheros-y-criadores\/infinitus-syrah\/","url":"https:\/\/www.aribau.es\/bodegas-2\/cosecheros-y-criadores\/infinitus-syrah\/","name":"INFINITUS SYRAH - Aribau","isPartOf":{"@id":"https:\/\/www.aribau.es\/#website"},"primaryImageOfPage":{"@id":"https:\/\/www.aribau.es\/bodegas-2\/cosecheros-y-criadores\/infinitus-syrah\/#primaryimage"},"image":{"@id":"https:\/\/www.aribau.es\/bodegas-2\/cosecheros-y-criadores\/infinitus-syrah\/#primaryimage"},"thumbnailUrl":"https:\/\/www.aribau.es\/wp-content\/uploads\/2021\/02\/INFINITUS-SYRAH-266x1024.jpg","datePublished":"2021-03-30T10:38:36+00:00","dateModified":"2021-03-30T11:12:56+00:00","breadcrumb":{"@id":"https:\/\/www.aribau.es\/bodegas-2\/cosecheros-y-criadores\/infinitus-syrah\/#breadcrumb"},"inLanguage":"ca","potentialAction":[{"@type":"ReadAction","target":["https:\/\/www.aribau.es\/bodegas-2\/cosecheros-y-criadores\/infinitus-syrah\/"]}]},{"@type":"ImageObject","inLanguage":"ca","@id":"https:\/\/www.aribau.es\/bodegas-2\/cosecheros-y-criadores\/infinitus-syrah\/#primaryimage","url":"https:\/\/www.aribau.es\/wp-content\/uploads\/2021\/02\/INFINITUS-SYRAH-266x1024.jpg","contentUrl":"https:\/\/www.aribau.es\/wp-content\/uploads\/2021\/02\/INFINITUS-SYRAH-266x1024.jpg"},{"@type":"BreadcrumbList","@id":"https:\/\/www.aribau.es\/bodegas-2\/cosecheros-y-criadores\/infinitus-syrah\/#breadcrumb","itemListElement":[{"@type":"ListItem","position":1,"name":"Portada","item":"https:\/\/www.aribau.es\/"},{"@type":"ListItem","position":2,"name":"BODEGAS","item":"https:\/\/www.aribau.es\/bodegas-2\/"},{"@type":"ListItem","position":3,"name":"COSECHEROS Y CRIADORES","item":"https:\/\/www.aribau.es\/bodegas-2\/cosecheros-y-criadores\/"},{"@type":"ListItem","position":4,"name":"INFINITUS SYRAH"}]},{"@type":"WebSite","@id":"https:\/\/www.aribau.es\/#website","url":"https:\/\/www.aribau.es\/","name":"Aribau","description":"VINOS Y BODEGAS","publisher":{"@id":"https:\/\/www.aribau.es\/#organization"},"potentialAction":[{"@type":"SearchAction","target":{"@type":"EntryPoint","urlTemplate":"https:\/\/www.aribau.es\/?s={search_term_string}"},"query-input":{"@type":"PropertyValueSpecification","valueRequired":true,"valueName":"search_term_string"}}],"inLanguage":"ca"},{"@type":"Organization","@id":"https:\/\/www.aribau.es\/#organization","name":"Aribau","url":"https:\/\/www.aribau.es\/","logo":{"@type":"ImageObject","inLanguage":"ca","@id":"https:\/\/www.aribau.es\/#\/schema\/logo\/image\/","url":"https:\/\/www.aribau.es\/wp-content\/uploads\/2022\/03\/logo.png","contentUrl":"https:\/\/www.aribau.es\/wp-content\/uploads\/2022\/03\/logo.png","width":300,"height":300,"caption":"Aribau"},"image":{"@id":"https:\/\/www.aribau.es\/#\/schema\/logo\/image\/"},"sameAs":["https:\/\/www.facebook.com\/aribau1964\/","https:\/\/x.com\/aribau1964","https:\/\/www.instagram.com\/aribau1964\/"]}]}},"_links":{"self":[{"href":"https:\/\/www.aribau.es\/ca\/wp-json\/wp\/v2\/pages\/9489","targetHints":{"allow":["GET"]}}],"collection":[{"href":"https:\/\/www.aribau.es\/ca\/wp-json\/wp\/v2\/pages"}],"about":[{"href":"https:\/\/www.aribau.es\/ca\/wp-json\/wp\/v2\/types\/page"}],"author":[{"embeddable":true,"href":"https:\/\/www.aribau.es\/ca\/wp-json\/wp\/v2\/users\/3"}],"replies":[{"embeddable":true,"href":"https:\/\/www.aribau.es\/ca\/wp-json\/wp\/v2\/comments?post=9489"}],"version-history":[{"count":7,"href":"https:\/\/www.aribau.es\/ca\/wp-json\/wp\/v2\/pages\/9489\/revisions"}],"predecessor-version":[{"id":9545,"href":"https:\/\/www.aribau.es\/ca\/wp-json\/wp\/v2\/pages\/9489\/revisions\/9545"}],"up":[{"embeddable":true,"href":"https:\/\/www.aribau.es\/ca\/wp-json\/wp\/v2\/pages\/8143"}],"wp:attachment":[{"href":"https:\/\/www.aribau.es\/ca\/wp-json\/wp\/v2\/media?parent=9489"}],"curies":[{"name":"wp","href":"https:\/\/api.w.org\/{rel}","templated":true}]}}