{"id":9578,"date":"2021-03-30T12:33:57","date_gmt":"2021-03-30T11:33:57","guid":{"rendered":"https:\/\/www.aribau.es\/?page_id=9578"},"modified":"2021-03-30T12:38:56","modified_gmt":"2021-03-30T11:38:56","slug":"finca-antigua-viura","status":"publish","type":"page","link":"https:\/\/www.aribau.es\/ca\/bodegas-2\/finca-antigua\/finca-antigua-viura\/","title":{"rendered":"FINCA ANTIGUA VIURA"},"content":{"rendered":"<div data-elementor-type=\"wp-page\" data-elementor-id=\"9578\" class=\"elementor elementor-9578\">\n\t\t\t\t\t\t<section class=\"elementor-section elementor-top-section elementor-element elementor-element-79a7a4d4 elementor-section-boxed elementor-section-height-default elementor-section-height-default elementor-invisible\" data-id=\"79a7a4d4\" data-element_type=\"section\" data-settings=\"{&quot;animation&quot;:&quot;fadeInUp&quot;}\">\n\t\t\t\t\t\t<div class=\"elementor-container elementor-column-gap-default\">\n\t\t\t\t\t<div class=\"elementor-column elementor-col-100 elementor-top-column elementor-element elementor-element-19cca898\" data-id=\"19cca898\" data-element_type=\"column\">\n\t\t\t<div class=\"elementor-widget-wrap elementor-element-populated\">\n\t\t\t\t\t\t<div class=\"elementor-element elementor-element-394b7e03 elementor-widget elementor-widget-text-editor\" data-id=\"394b7e03\" data-element_type=\"widget\" data-widget_type=\"text-editor.default\">\n\t\t\t\t<div class=\"elementor-widget-container\">\n\t\t\t\t\t\t\t\t\t<p>FINCA ANTIGUA VIURA<\/p>\t\t\t\t\t\t\t\t<\/div>\n\t\t\t\t<\/div>\n\t\t\t\t\t<\/div>\n\t\t<\/div>\n\t\t\t\t\t<\/div>\n\t\t<\/section>\n\t\t\t\t<section class=\"elementor-section elementor-top-section elementor-element elementor-element-1b619db0 elementor-section-full_width elementor-section-height-default elementor-section-height-default elementor-invisible\" data-id=\"1b619db0\" data-element_type=\"section\" data-settings=\"{&quot;animation&quot;:&quot;fadeInUp&quot;}\">\n\t\t\t\t\t\t<div class=\"elementor-container elementor-column-gap-default\">\n\t\t\t\t\t<div class=\"elementor-column elementor-col-50 elementor-top-column elementor-element elementor-element-3fbe73ed\" data-id=\"3fbe73ed\" data-element_type=\"column\">\n\t\t\t<div class=\"elementor-widget-wrap elementor-element-populated\">\n\t\t\t\t\t\t<div class=\"elementor-element elementor-element-40af6033 elementor-widget elementor-widget-image\" data-id=\"40af6033\" data-element_type=\"widget\" data-widget_type=\"image.default\">\n\t\t\t\t<div class=\"elementor-widget-container\">\n\t\t\t\t\t\t\t\t\t\t\t\t\t\t\t<img fetchpriority=\"high\" decoding=\"async\" width=\"263\" height=\"1024\" src=\"https:\/\/www.aribau.es\/wp-content\/uploads\/2021\/03\/FINCA-ANTIGUA-VIURA-min-263x1024.jpg\" class=\"elementor-animation-grow attachment-large size-large wp-image-7811\" alt=\"\" srcset=\"https:\/\/www.aribau.es\/wp-content\/uploads\/2021\/03\/FINCA-ANTIGUA-VIURA-min-263x1024.jpg 263w, https:\/\/www.aribau.es\/wp-content\/uploads\/2021\/03\/FINCA-ANTIGUA-VIURA-min-77x300.jpg 77w, https:\/\/www.aribau.es\/wp-content\/uploads\/2021\/03\/FINCA-ANTIGUA-VIURA-min-394x1536.jpg 394w\" sizes=\"(max-width: 263px) 100vw, 263px\" \/>\t\t\t\t\t\t\t\t\t\t\t\t\t\t\t<\/div>\n\t\t\t\t<\/div>\n\t\t\t\t\t<\/div>\n\t\t<\/div>\n\t\t\t\t<div class=\"elementor-column elementor-col-50 elementor-top-column elementor-element elementor-element-54a805b5\" data-id=\"54a805b5\" data-element_type=\"column\">\n\t\t\t<div class=\"elementor-widget-wrap elementor-element-populated\">\n\t\t\t\t\t\t<div class=\"elementor-element elementor-element-2433fa7c elementor-widget elementor-widget-text-editor\" data-id=\"2433fa7c\" data-element_type=\"widget\" data-widget_type=\"text-editor.default\">\n\t\t\t\t<div class=\"elementor-widget-container\">\n\t\t\t\t\t\t\t\t\t<p>VARIETATS DE RA\u00cfM<\/p>\t\t\t\t\t\t\t\t<\/div>\n\t\t\t\t<\/div>\n\t\t\t\t<div class=\"elementor-element elementor-element-c8ec6bb elementor-widget elementor-widget-text-editor\" data-id=\"c8ec6bb\" data-element_type=\"widget\" data-widget_type=\"text-editor.default\">\n\t\t\t\t<div class=\"elementor-widget-container\">\n\t\t\t\t\t\t\t\t\t<p>Viura<\/p>\t\t\t\t\t\t\t\t<\/div>\n\t\t\t\t<\/div>\n\t\t\t\t<div class=\"elementor-element elementor-element-11c17a4c elementor-widget elementor-widget-text-editor\" data-id=\"11c17a4c\" data-element_type=\"widget\" data-widget_type=\"text-editor.default\">\n\t\t\t\t<div class=\"elementor-widget-container\">\n\t\t\t\t\t\t\t\t\t<p>CRIAN\u00c7A<\/p>\t\t\t\t\t\t\t\t<\/div>\n\t\t\t\t<\/div>\n\t\t\t\t<div class=\"elementor-element elementor-element-4728ba01 elementor-widget elementor-widget-text-editor\" data-id=\"4728ba01\" data-element_type=\"widget\" data-widget_type=\"text-editor.default\">\n\t\t\t\t<div class=\"elementor-widget-container\">\n\t\t\t\t\t\t\t\t\t<p>Sense crian\u00e7a<\/p>\t\t\t\t\t\t\t\t<\/div>\n\t\t\t\t<\/div>\n\t\t\t\t<div class=\"elementor-element elementor-element-973fa7a elementor-widget elementor-widget-text-editor\" data-id=\"973fa7a\" data-element_type=\"widget\" data-widget_type=\"text-editor.default\">\n\t\t\t\t<div class=\"elementor-widget-container\">\n\t\t\t\t\t\t\t\t\t<p>DENOMINACI\u00d3 D'ORIGEN<\/p>\t\t\t\t\t\t\t\t<\/div>\n\t\t\t\t<\/div>\n\t\t\t\t<div class=\"elementor-element elementor-element-4f2cd0bc elementor-widget elementor-widget-image\" data-id=\"4f2cd0bc\" data-element_type=\"widget\" data-widget_type=\"image.default\">\n\t\t\t\t<div class=\"elementor-widget-container\">\n\t\t\t\t\t\t\t\t\t\t\t\t\t\t\t<img decoding=\"async\" width=\"840\" height=\"1080\" src=\"https:\/\/www.aribau.es\/wp-content\/uploads\/2021\/03\/d-o-castilla-la-mancha-logo-2.jpg\" class=\"attachment-full size-full wp-image-9580\" alt=\"\" srcset=\"https:\/\/www.aribau.es\/wp-content\/uploads\/2021\/03\/d-o-castilla-la-mancha-logo-2.jpg 840w, https:\/\/www.aribau.es\/wp-content\/uploads\/2021\/03\/d-o-castilla-la-mancha-logo-2-233x300.jpg 233w, https:\/\/www.aribau.es\/wp-content\/uploads\/2021\/03\/d-o-castilla-la-mancha-logo-2-796x1024.jpg 796w, https:\/\/www.aribau.es\/wp-content\/uploads\/2021\/03\/d-o-castilla-la-mancha-logo-2-768x987.jpg 768w\" sizes=\"(max-width: 840px) 100vw, 840px\" \/>\t\t\t\t\t\t\t\t\t\t\t\t\t\t\t<\/div>\n\t\t\t\t<\/div>\n\t\t\t\t<div class=\"elementor-element elementor-element-7a7b3f71 elementor-widget elementor-widget-text-editor\" data-id=\"7a7b3f71\" data-element_type=\"widget\" data-widget_type=\"text-editor.default\">\n\t\t\t\t<div class=\"elementor-widget-container\">\n\t\t\t\t\t\t\t\t\t<p>DESCRIPCI\u00d3<\/p>\t\t\t\t\t\t\t\t<\/div>\n\t\t\t\t<\/div>\n\t\t\t\t<div class=\"elementor-element elementor-element-7145c7f0 elementor-widget elementor-widget-text-editor\" data-id=\"7145c7f0\" data-element_type=\"widget\" data-widget_type=\"text-editor.default\">\n\t\t\t\t<div class=\"elementor-widget-container\">\n\t\t\t\t\t\t\t\t\t<p class=\"MsoNormal\"><span lang=\"CA\">Groc llimona amb centelleigs verds, net, brillant i de ll\u00e0grima molt glic\u00e8rica. Conjunt arom\u00e0tic net i franc, d'intensitat alta on destaquen les notes d'albercoc, pr\u00e9ssec, pera, fonoll i les de flors blanques (camamilla, gessam\u00ed). Records de fenc acabat de tallar i lleugers tocs de fum. Entrada en boca vellutada i sedosa amb desenvolupament cap a un gran volum i estructura. L'acidesa equilibrada li aporta frescor i nervi.<o:p><\/o:p><\/span><\/p>\t\t\t\t\t\t\t\t<\/div>\n\t\t\t\t<\/div>\n\t\t\t\t<div class=\"elementor-element elementor-element-1fa45d7d elementor-widget elementor-widget-spacer\" data-id=\"1fa45d7d\" data-element_type=\"widget\" data-widget_type=\"spacer.default\">\n\t\t\t\t<div class=\"elementor-widget-container\">\n\t\t\t\t\t\t\t<div class=\"elementor-spacer\">\n\t\t\t<div class=\"elementor-spacer-inner\"><\/div>\n\t\t<\/div>\n\t\t\t\t\t\t<\/div>\n\t\t\t\t<\/div>\n\t\t\t\t\t<\/div>\n\t\t<\/div>\n\t\t\t\t\t<\/div>\n\t\t<\/section>\n\t\t\t\t<\/div>","protected":false},"excerpt":{"rendered":"<p>FINCA ANTIGUA VIURA variedades de uva Viura Crianza Sin crianza Denominaci\u00f3n de origen descripci\u00f3n Amarillo lim\u00f3n con destellos verdes, limpio, brillante y de l\u00e1grima muy glic\u00e9rica. Conjunto arom\u00e1tico limpio y franco, de intensidad alta donde destacan las notas de albaricoque, melocot\u00f3n, pera, hinojo y las de flores blancas (manzanilla, jazm\u00edn). Recuerdos de heno reci\u00e9n cortado &#8230; <a title=\"FINCA ANTIGUA VIURA\" class=\"read-more\" href=\"https:\/\/www.aribau.es\/ca\/bodegas-2\/finca-antigua\/finca-antigua-viura\/\" aria-label=\"M\u00e9s informaci\u00f3 sobre FINCA ANTIGUA VIURA\">Llegiu m\u00e9s<\/a><\/p>","protected":false},"author":3,"featured_media":0,"parent":8160,"menu_order":0,"comment_status":"closed","ping_status":"closed","template":"elementor_header_footer","meta":{"footnotes":""},"class_list":["post-9578","page","type-page","status-publish"],"yoast_head":"<!-- This site is optimized with the Yoast SEO plugin v26.7 - https:\/\/yoast.com\/wordpress\/plugins\/seo\/ -->\n<title>FINCA ANTIGUA VIURA - Aribau<\/title>\n<meta name=\"robots\" content=\"index, follow, max-snippet:-1, max-image-preview:large, max-video-preview:-1\" \/>\n<link rel=\"canonical\" href=\"https:\/\/www.aribau.es\/ca\/bodegas-2\/finca-antigua\/finca-antigua-viura\/\" \/>\n<meta property=\"og:locale\" content=\"ca_ES\" \/>\n<meta property=\"og:type\" content=\"article\" \/>\n<meta property=\"og:title\" content=\"FINCA ANTIGUA VIURA - Aribau\" \/>\n<meta property=\"og:description\" content=\"FINCA ANTIGUA VIURA variedades de uva Viura Crianza Sin crianza Denominaci\u00f3n de origen descripci\u00f3n Amarillo lim\u00f3n con destellos verdes, limpio, brillante y de l\u00e1grima muy glic\u00e9rica. Conjunto arom\u00e1tico limpio y franco, de intensidad alta donde destacan las notas de albaricoque, melocot\u00f3n, pera, hinojo y las de flores blancas (manzanilla, jazm\u00edn). Recuerdos de heno reci\u00e9n cortado ... Llegiu m\u00e9s\" \/>\n<meta property=\"og:url\" content=\"https:\/\/www.aribau.es\/ca\/bodegas-2\/finca-antigua\/finca-antigua-viura\/\" \/>\n<meta property=\"og:site_name\" content=\"Aribau\" \/>\n<meta property=\"article:publisher\" content=\"https:\/\/www.facebook.com\/aribau1964\/\" \/>\n<meta property=\"article:modified_time\" content=\"2021-03-30T11:38:56+00:00\" \/>\n<meta property=\"og:image\" content=\"https:\/\/www.aribau.es\/wp-content\/uploads\/2021\/03\/FINCA-ANTIGUA-VIURA-min-263x1024.jpg\" \/>\n<meta name=\"twitter:card\" content=\"summary_large_image\" \/>\n<meta name=\"twitter:site\" content=\"@aribau1964\" \/>\n<script type=\"application\/ld+json\" class=\"yoast-schema-graph\">{\"@context\":\"https:\/\/schema.org\",\"@graph\":[{\"@type\":\"WebPage\",\"@id\":\"https:\/\/www.aribau.es\/bodegas-2\/finca-antigua\/finca-antigua-viura\/\",\"url\":\"https:\/\/www.aribau.es\/bodegas-2\/finca-antigua\/finca-antigua-viura\/\",\"name\":\"FINCA ANTIGUA VIURA - Aribau\",\"isPartOf\":{\"@id\":\"https:\/\/www.aribau.es\/#website\"},\"primaryImageOfPage\":{\"@id\":\"https:\/\/www.aribau.es\/bodegas-2\/finca-antigua\/finca-antigua-viura\/#primaryimage\"},\"image\":{\"@id\":\"https:\/\/www.aribau.es\/bodegas-2\/finca-antigua\/finca-antigua-viura\/#primaryimage\"},\"thumbnailUrl\":\"https:\/\/www.aribau.es\/wp-content\/uploads\/2021\/03\/FINCA-ANTIGUA-VIURA-min-263x1024.jpg\",\"datePublished\":\"2021-03-30T11:33:57+00:00\",\"dateModified\":\"2021-03-30T11:38:56+00:00\",\"breadcrumb\":{\"@id\":\"https:\/\/www.aribau.es\/bodegas-2\/finca-antigua\/finca-antigua-viura\/#breadcrumb\"},\"inLanguage\":\"ca\",\"potentialAction\":[{\"@type\":\"ReadAction\",\"target\":[\"https:\/\/www.aribau.es\/bodegas-2\/finca-antigua\/finca-antigua-viura\/\"]}]},{\"@type\":\"ImageObject\",\"inLanguage\":\"ca\",\"@id\":\"https:\/\/www.aribau.es\/bodegas-2\/finca-antigua\/finca-antigua-viura\/#primaryimage\",\"url\":\"https:\/\/www.aribau.es\/wp-content\/uploads\/2021\/03\/FINCA-ANTIGUA-VIURA-min-263x1024.jpg\",\"contentUrl\":\"https:\/\/www.aribau.es\/wp-content\/uploads\/2021\/03\/FINCA-ANTIGUA-VIURA-min-263x1024.jpg\"},{\"@type\":\"BreadcrumbList\",\"@id\":\"https:\/\/www.aribau.es\/bodegas-2\/finca-antigua\/finca-antigua-viura\/#breadcrumb\",\"itemListElement\":[{\"@type\":\"ListItem\",\"position\":1,\"name\":\"Portada\",\"item\":\"https:\/\/www.aribau.es\/\"},{\"@type\":\"ListItem\",\"position\":2,\"name\":\"BODEGAS\",\"item\":\"https:\/\/www.aribau.es\/bodegas-2\/\"},{\"@type\":\"ListItem\",\"position\":3,\"name\":\"FINCA ANTIGUA\",\"item\":\"https:\/\/www.aribau.es\/bodegas-2\/finca-antigua\/\"},{\"@type\":\"ListItem\",\"position\":4,\"name\":\"FINCA ANTIGUA VIURA\"}]},{\"@type\":\"WebSite\",\"@id\":\"https:\/\/www.aribau.es\/#website\",\"url\":\"https:\/\/www.aribau.es\/\",\"name\":\"Aribau\",\"description\":\"VINOS Y BODEGAS\",\"publisher\":{\"@id\":\"https:\/\/www.aribau.es\/#organization\"},\"potentialAction\":[{\"@type\":\"SearchAction\",\"target\":{\"@type\":\"EntryPoint\",\"urlTemplate\":\"https:\/\/www.aribau.es\/?s={search_term_string}\"},\"query-input\":{\"@type\":\"PropertyValueSpecification\",\"valueRequired\":true,\"valueName\":\"search_term_string\"}}],\"inLanguage\":\"ca\"},{\"@type\":\"Organization\",\"@id\":\"https:\/\/www.aribau.es\/#organization\",\"name\":\"Aribau\",\"url\":\"https:\/\/www.aribau.es\/\",\"logo\":{\"@type\":\"ImageObject\",\"inLanguage\":\"ca\",\"@id\":\"https:\/\/www.aribau.es\/#\/schema\/logo\/image\/\",\"url\":\"https:\/\/www.aribau.es\/wp-content\/uploads\/2022\/03\/logo.png\",\"contentUrl\":\"https:\/\/www.aribau.es\/wp-content\/uploads\/2022\/03\/logo.png\",\"width\":300,\"height\":300,\"caption\":\"Aribau\"},\"image\":{\"@id\":\"https:\/\/www.aribau.es\/#\/schema\/logo\/image\/\"},\"sameAs\":[\"https:\/\/www.facebook.com\/aribau1964\/\",\"https:\/\/x.com\/aribau1964\",\"https:\/\/www.instagram.com\/aribau1964\/\"]}]}<\/script>\n<!-- \/ Yoast SEO plugin. -->","yoast_head_json":{"title":"FINCA ANTIGUA VIURA - Aribau","robots":{"index":"index","follow":"follow","max-snippet":"max-snippet:-1","max-image-preview":"max-image-preview:large","max-video-preview":"max-video-preview:-1"},"canonical":"https:\/\/www.aribau.es\/ca\/bodegas-2\/finca-antigua\/finca-antigua-viura\/","og_locale":"ca_ES","og_type":"article","og_title":"FINCA ANTIGUA VIURA - Aribau","og_description":"FINCA ANTIGUA VIURA variedades de uva Viura Crianza Sin crianza Denominaci\u00f3n de origen descripci\u00f3n Amarillo lim\u00f3n con destellos verdes, limpio, brillante y de l\u00e1grima muy glic\u00e9rica. Conjunto arom\u00e1tico limpio y franco, de intensidad alta donde destacan las notas de albaricoque, melocot\u00f3n, pera, hinojo y las de flores blancas (manzanilla, jazm\u00edn). Recuerdos de heno reci\u00e9n cortado ... Llegiu m\u00e9s","og_url":"https:\/\/www.aribau.es\/ca\/bodegas-2\/finca-antigua\/finca-antigua-viura\/","og_site_name":"Aribau","article_publisher":"https:\/\/www.facebook.com\/aribau1964\/","article_modified_time":"2021-03-30T11:38:56+00:00","og_image":[{"url":"https:\/\/www.aribau.es\/wp-content\/uploads\/2021\/03\/FINCA-ANTIGUA-VIURA-min-263x1024.jpg","type":"","width":"","height":""}],"twitter_card":"summary_large_image","twitter_site":"@aribau1964","schema":{"@context":"https:\/\/schema.org","@graph":[{"@type":"WebPage","@id":"https:\/\/www.aribau.es\/bodegas-2\/finca-antigua\/finca-antigua-viura\/","url":"https:\/\/www.aribau.es\/bodegas-2\/finca-antigua\/finca-antigua-viura\/","name":"FINCA ANTIGUA VIURA - Aribau","isPartOf":{"@id":"https:\/\/www.aribau.es\/#website"},"primaryImageOfPage":{"@id":"https:\/\/www.aribau.es\/bodegas-2\/finca-antigua\/finca-antigua-viura\/#primaryimage"},"image":{"@id":"https:\/\/www.aribau.es\/bodegas-2\/finca-antigua\/finca-antigua-viura\/#primaryimage"},"thumbnailUrl":"https:\/\/www.aribau.es\/wp-content\/uploads\/2021\/03\/FINCA-ANTIGUA-VIURA-min-263x1024.jpg","datePublished":"2021-03-30T11:33:57+00:00","dateModified":"2021-03-30T11:38:56+00:00","breadcrumb":{"@id":"https:\/\/www.aribau.es\/bodegas-2\/finca-antigua\/finca-antigua-viura\/#breadcrumb"},"inLanguage":"ca","potentialAction":[{"@type":"ReadAction","target":["https:\/\/www.aribau.es\/bodegas-2\/finca-antigua\/finca-antigua-viura\/"]}]},{"@type":"ImageObject","inLanguage":"ca","@id":"https:\/\/www.aribau.es\/bodegas-2\/finca-antigua\/finca-antigua-viura\/#primaryimage","url":"https:\/\/www.aribau.es\/wp-content\/uploads\/2021\/03\/FINCA-ANTIGUA-VIURA-min-263x1024.jpg","contentUrl":"https:\/\/www.aribau.es\/wp-content\/uploads\/2021\/03\/FINCA-ANTIGUA-VIURA-min-263x1024.jpg"},{"@type":"BreadcrumbList","@id":"https:\/\/www.aribau.es\/bodegas-2\/finca-antigua\/finca-antigua-viura\/#breadcrumb","itemListElement":[{"@type":"ListItem","position":1,"name":"Portada","item":"https:\/\/www.aribau.es\/"},{"@type":"ListItem","position":2,"name":"BODEGAS","item":"https:\/\/www.aribau.es\/bodegas-2\/"},{"@type":"ListItem","position":3,"name":"FINCA ANTIGUA","item":"https:\/\/www.aribau.es\/bodegas-2\/finca-antigua\/"},{"@type":"ListItem","position":4,"name":"FINCA ANTIGUA VIURA"}]},{"@type":"WebSite","@id":"https:\/\/www.aribau.es\/#website","url":"https:\/\/www.aribau.es\/","name":"Aribau","description":"VINOS Y BODEGAS","publisher":{"@id":"https:\/\/www.aribau.es\/#organization"},"potentialAction":[{"@type":"SearchAction","target":{"@type":"EntryPoint","urlTemplate":"https:\/\/www.aribau.es\/?s={search_term_string}"},"query-input":{"@type":"PropertyValueSpecification","valueRequired":true,"valueName":"search_term_string"}}],"inLanguage":"ca"},{"@type":"Organization","@id":"https:\/\/www.aribau.es\/#organization","name":"Aribau","url":"https:\/\/www.aribau.es\/","logo":{"@type":"ImageObject","inLanguage":"ca","@id":"https:\/\/www.aribau.es\/#\/schema\/logo\/image\/","url":"https:\/\/www.aribau.es\/wp-content\/uploads\/2022\/03\/logo.png","contentUrl":"https:\/\/www.aribau.es\/wp-content\/uploads\/2022\/03\/logo.png","width":300,"height":300,"caption":"Aribau"},"image":{"@id":"https:\/\/www.aribau.es\/#\/schema\/logo\/image\/"},"sameAs":["https:\/\/www.facebook.com\/aribau1964\/","https:\/\/x.com\/aribau1964","https:\/\/www.instagram.com\/aribau1964\/"]}]}},"_links":{"self":[{"href":"https:\/\/www.aribau.es\/ca\/wp-json\/wp\/v2\/pages\/9578","targetHints":{"allow":["GET"]}}],"collection":[{"href":"https:\/\/www.aribau.es\/ca\/wp-json\/wp\/v2\/pages"}],"about":[{"href":"https:\/\/www.aribau.es\/ca\/wp-json\/wp\/v2\/types\/page"}],"author":[{"embeddable":true,"href":"https:\/\/www.aribau.es\/ca\/wp-json\/wp\/v2\/users\/3"}],"replies":[{"embeddable":true,"href":"https:\/\/www.aribau.es\/ca\/wp-json\/wp\/v2\/comments?post=9578"}],"version-history":[{"count":4,"href":"https:\/\/www.aribau.es\/ca\/wp-json\/wp\/v2\/pages\/9578\/revisions"}],"predecessor-version":[{"id":9584,"href":"https:\/\/www.aribau.es\/ca\/wp-json\/wp\/v2\/pages\/9578\/revisions\/9584"}],"up":[{"embeddable":true,"href":"https:\/\/www.aribau.es\/ca\/wp-json\/wp\/v2\/pages\/8160"}],"wp:attachment":[{"href":"https:\/\/www.aribau.es\/ca\/wp-json\/wp\/v2\/media?parent=9578"}],"curies":[{"name":"wp","href":"https:\/\/api.w.org\/{rel}","templated":true}]}}