{"id":9590,"date":"2021-03-30T12:43:04","date_gmt":"2021-03-30T11:43:04","guid":{"rendered":"https:\/\/www.aribau.es\/?page_id=9590"},"modified":"2021-03-30T12:45:18","modified_gmt":"2021-03-30T11:45:18","slug":"finca-antigua-petit-verdot","status":"publish","type":"page","link":"https:\/\/www.aribau.es\/ca\/bodegas-2\/finca-antigua\/finca-antigua-petit-verdot\/","title":{"rendered":"FINCA ANTGUA PETIT VERDOT"},"content":{"rendered":"<div data-elementor-type=\"wp-page\" data-elementor-id=\"9590\" class=\"elementor elementor-9590\">\n\t\t\t\t\t\t<section class=\"elementor-section elementor-top-section elementor-element elementor-element-3d3a4f8d elementor-section-boxed elementor-section-height-default elementor-section-height-default elementor-invisible\" data-id=\"3d3a4f8d\" data-element_type=\"section\" data-settings=\"{&quot;animation&quot;:&quot;fadeInUp&quot;}\">\n\t\t\t\t\t\t<div class=\"elementor-container elementor-column-gap-default\">\n\t\t\t\t\t<div class=\"elementor-column elementor-col-100 elementor-top-column elementor-element elementor-element-c373e50\" data-id=\"c373e50\" data-element_type=\"column\">\n\t\t\t<div class=\"elementor-widget-wrap elementor-element-populated\">\n\t\t\t\t\t\t<div class=\"elementor-element elementor-element-633df74a elementor-widget elementor-widget-text-editor\" data-id=\"633df74a\" data-element_type=\"widget\" data-widget_type=\"text-editor.default\">\n\t\t\t\t<div class=\"elementor-widget-container\">\n\t\t\t\t\t\t\t\t\t<p>FINCA ANTGUA PETIT VERDOT<\/p>\t\t\t\t\t\t\t\t<\/div>\n\t\t\t\t<\/div>\n\t\t\t\t\t<\/div>\n\t\t<\/div>\n\t\t\t\t\t<\/div>\n\t\t<\/section>\n\t\t\t\t<section class=\"elementor-section elementor-top-section elementor-element elementor-element-71132b26 elementor-section-full_width elementor-section-height-default elementor-section-height-default elementor-invisible\" data-id=\"71132b26\" data-element_type=\"section\" data-settings=\"{&quot;animation&quot;:&quot;fadeInUp&quot;}\">\n\t\t\t\t\t\t<div class=\"elementor-container elementor-column-gap-default\">\n\t\t\t\t\t<div class=\"elementor-column elementor-col-50 elementor-top-column elementor-element elementor-element-25297b52\" data-id=\"25297b52\" data-element_type=\"column\">\n\t\t\t<div class=\"elementor-widget-wrap elementor-element-populated\">\n\t\t\t\t\t\t<div class=\"elementor-element elementor-element-3d7897da elementor-widget elementor-widget-image\" data-id=\"3d7897da\" data-element_type=\"widget\" data-widget_type=\"image.default\">\n\t\t\t\t<div class=\"elementor-widget-container\">\n\t\t\t\t\t\t\t\t\t\t\t\t\t\t\t<img fetchpriority=\"high\" decoding=\"async\" width=\"264\" height=\"1024\" src=\"https:\/\/www.aribau.es\/wp-content\/uploads\/2021\/03\/FINCA-ANTIGUA-PETIT-VERDOT-min-264x1024.jpg\" class=\"elementor-animation-grow attachment-large size-large wp-image-7813\" alt=\"\" srcset=\"https:\/\/www.aribau.es\/wp-content\/uploads\/2021\/03\/FINCA-ANTIGUA-PETIT-VERDOT-min-264x1024.jpg 264w, https:\/\/www.aribau.es\/wp-content\/uploads\/2021\/03\/FINCA-ANTIGUA-PETIT-VERDOT-min-77x300.jpg 77w, https:\/\/www.aribau.es\/wp-content\/uploads\/2021\/03\/FINCA-ANTIGUA-PETIT-VERDOT-min-768x2978.jpg 768w, https:\/\/www.aribau.es\/wp-content\/uploads\/2021\/03\/FINCA-ANTIGUA-PETIT-VERDOT-min-396x1536.jpg 396w, https:\/\/www.aribau.es\/wp-content\/uploads\/2021\/03\/FINCA-ANTIGUA-PETIT-VERDOT-min-528x2048.jpg 528w, https:\/\/www.aribau.es\/wp-content\/uploads\/2021\/03\/FINCA-ANTIGUA-PETIT-VERDOT-min-scaled.jpg 660w\" sizes=\"(max-width: 264px) 100vw, 264px\" \/>\t\t\t\t\t\t\t\t\t\t\t\t\t\t\t<\/div>\n\t\t\t\t<\/div>\n\t\t\t\t\t<\/div>\n\t\t<\/div>\n\t\t\t\t<div class=\"elementor-column elementor-col-50 elementor-top-column elementor-element elementor-element-4dae1350\" data-id=\"4dae1350\" data-element_type=\"column\">\n\t\t\t<div class=\"elementor-widget-wrap elementor-element-populated\">\n\t\t\t\t\t\t<div class=\"elementor-element elementor-element-31dd0cab elementor-widget elementor-widget-text-editor\" data-id=\"31dd0cab\" data-element_type=\"widget\" data-widget_type=\"text-editor.default\">\n\t\t\t\t<div class=\"elementor-widget-container\">\n\t\t\t\t\t\t\t\t\t<p>VARIETATS DE RA\u00cfM<\/p>\t\t\t\t\t\t\t\t<\/div>\n\t\t\t\t<\/div>\n\t\t\t\t<div class=\"elementor-element elementor-element-632d56c3 elementor-widget elementor-widget-text-editor\" data-id=\"632d56c3\" data-element_type=\"widget\" data-widget_type=\"text-editor.default\">\n\t\t\t\t<div class=\"elementor-widget-container\">\n\t\t\t\t\t\t\t\t\t<p>Petit verdot<\/p>\t\t\t\t\t\t\t\t<\/div>\n\t\t\t\t<\/div>\n\t\t\t\t<div class=\"elementor-element elementor-element-3b572bba elementor-widget elementor-widget-text-editor\" data-id=\"3b572bba\" data-element_type=\"widget\" data-widget_type=\"text-editor.default\">\n\t\t\t\t<div class=\"elementor-widget-container\">\n\t\t\t\t\t\t\t\t\t<p>CRIAN\u00c7A<\/p>\t\t\t\t\t\t\t\t<\/div>\n\t\t\t\t<\/div>\n\t\t\t\t<div class=\"elementor-element elementor-element-6ca756b3 elementor-widget elementor-widget-text-editor\" data-id=\"6ca756b3\" data-element_type=\"widget\" data-widget_type=\"text-editor.default\">\n\t\t\t\t<div class=\"elementor-widget-container\">\n\t\t\t\t\t\t\t\t\t<p>8 mesos<\/p>\t\t\t\t\t\t\t\t<\/div>\n\t\t\t\t<\/div>\n\t\t\t\t<div class=\"elementor-element elementor-element-29a19632 elementor-widget elementor-widget-text-editor\" data-id=\"29a19632\" data-element_type=\"widget\" data-widget_type=\"text-editor.default\">\n\t\t\t\t<div class=\"elementor-widget-container\">\n\t\t\t\t\t\t\t\t\t<p>DENOMINACI\u00d3 D'ORIGEN<\/p>\t\t\t\t\t\t\t\t<\/div>\n\t\t\t\t<\/div>\n\t\t\t\t<div class=\"elementor-element elementor-element-3b6cd65d elementor-widget elementor-widget-image\" data-id=\"3b6cd65d\" data-element_type=\"widget\" data-widget_type=\"image.default\">\n\t\t\t\t<div class=\"elementor-widget-container\">\n\t\t\t\t\t\t\t\t\t\t\t\t\t\t\t<img decoding=\"async\" width=\"840\" height=\"1080\" src=\"https:\/\/www.aribau.es\/wp-content\/uploads\/2021\/03\/d-o-castilla-la-mancha-logo-2.jpg\" class=\"attachment-full size-full wp-image-9580\" alt=\"\" srcset=\"https:\/\/www.aribau.es\/wp-content\/uploads\/2021\/03\/d-o-castilla-la-mancha-logo-2.jpg 840w, https:\/\/www.aribau.es\/wp-content\/uploads\/2021\/03\/d-o-castilla-la-mancha-logo-2-233x300.jpg 233w, https:\/\/www.aribau.es\/wp-content\/uploads\/2021\/03\/d-o-castilla-la-mancha-logo-2-796x1024.jpg 796w, https:\/\/www.aribau.es\/wp-content\/uploads\/2021\/03\/d-o-castilla-la-mancha-logo-2-768x987.jpg 768w\" sizes=\"(max-width: 840px) 100vw, 840px\" \/>\t\t\t\t\t\t\t\t\t\t\t\t\t\t\t<\/div>\n\t\t\t\t<\/div>\n\t\t\t\t<div class=\"elementor-element elementor-element-69d2a755 elementor-widget elementor-widget-text-editor\" data-id=\"69d2a755\" data-element_type=\"widget\" data-widget_type=\"text-editor.default\">\n\t\t\t\t<div class=\"elementor-widget-container\">\n\t\t\t\t\t\t\t\t\t<p>DESCRIPCI\u00d3<\/p>\t\t\t\t\t\t\t\t<\/div>\n\t\t\t\t<\/div>\n\t\t\t\t<div class=\"elementor-element elementor-element-620e252f elementor-widget elementor-widget-text-editor\" data-id=\"620e252f\" data-element_type=\"widget\" data-widget_type=\"text-editor.default\">\n\t\t\t\t<div class=\"elementor-widget-container\">\n\t\t\t\t\t\t\t\t\t<p class=\"MsoNormal\"><span lang=\"CA\">Impecable neteja i brillantor, d'intensitat alta i color porpra amb rivet cardenalici, profund i opac. Aromes varietals (mores i coriandre) i de sotabosc (escor\u00e7a de pi i fullaraca), molt complex en el que a aromes es refereix. La crian\u00e7a en b\u00f3ta li aporta lleugeres notes l\u00e0cties, caixa de cigars i ebenisteria fina. Elegant i suggestiu. Estructurat, per\u00f2 amb tan\u00ed molt fi i m\u00e9s polit, gras, no carrega en el seu pas en boca contra les papil\u00b7les \u00e9s suau i fi.<o:p><\/o:p><\/span><\/p>\t\t\t\t\t\t\t\t<\/div>\n\t\t\t\t<\/div>\n\t\t\t\t<div class=\"elementor-element elementor-element-4b008ad elementor-widget elementor-widget-spacer\" data-id=\"4b008ad\" data-element_type=\"widget\" data-widget_type=\"spacer.default\">\n\t\t\t\t<div class=\"elementor-widget-container\">\n\t\t\t\t\t\t\t<div class=\"elementor-spacer\">\n\t\t\t<div class=\"elementor-spacer-inner\"><\/div>\n\t\t<\/div>\n\t\t\t\t\t\t<\/div>\n\t\t\t\t<\/div>\n\t\t\t\t\t<\/div>\n\t\t<\/div>\n\t\t\t\t\t<\/div>\n\t\t<\/section>\n\t\t\t\t<\/div>","protected":false},"excerpt":{"rendered":"<p>finca antigua petit verdot variedades de uva Petit verdot Crianza 8 meses Denominaci\u00f3n de origen descripci\u00f3n Impecable limpieza y brillo, de intensidad alta y color p\u00farpura con ribete cardenalicio, profundo y opaco. Aromas varietales ( moras y cilantro) y de sotobosque (corteza de pino y hojarasca), muy complejo en lo que a aromas se refiere. &#8230; <a title=\"FINCA ANTGUA PETIT VERDOT\" class=\"read-more\" href=\"https:\/\/www.aribau.es\/ca\/bodegas-2\/finca-antigua\/finca-antigua-petit-verdot\/\" aria-label=\"M\u00e9s informaci\u00f3 sobre FINCA ANTIGUA PETIT VERDOT\">Llegiu m\u00e9s<\/a><\/p>","protected":false},"author":3,"featured_media":0,"parent":8160,"menu_order":0,"comment_status":"closed","ping_status":"closed","template":"elementor_header_footer","meta":{"footnotes":""},"class_list":["post-9590","page","type-page","status-publish"],"yoast_head":"<!-- This site is optimized with the Yoast SEO plugin v26.7 - https:\/\/yoast.com\/wordpress\/plugins\/seo\/ -->\n<title>FINCA ANTIGUA PETIT VERDOT - Aribau<\/title>\n<meta name=\"robots\" content=\"index, follow, max-snippet:-1, max-image-preview:large, max-video-preview:-1\" \/>\n<link rel=\"canonical\" href=\"https:\/\/www.aribau.es\/ca\/bodegas-2\/finca-antigua\/finca-antigua-petit-verdot\/\" \/>\n<meta property=\"og:locale\" content=\"ca_ES\" \/>\n<meta property=\"og:type\" content=\"article\" \/>\n<meta property=\"og:title\" content=\"FINCA ANTIGUA PETIT VERDOT - Aribau\" \/>\n<meta property=\"og:description\" content=\"finca antigua petit verdot variedades de uva Petit verdot Crianza 8 meses Denominaci\u00f3n de origen descripci\u00f3n Impecable limpieza y brillo, de intensidad alta y color p\u00farpura con ribete cardenalicio, profundo y opaco. Aromas varietales ( moras y cilantro) y de sotobosque (corteza de pino y hojarasca), muy complejo en lo que a aromas se refiere. ... Llegiu m\u00e9s\" \/>\n<meta property=\"og:url\" content=\"https:\/\/www.aribau.es\/ca\/bodegas-2\/finca-antigua\/finca-antigua-petit-verdot\/\" \/>\n<meta property=\"og:site_name\" content=\"Aribau\" \/>\n<meta property=\"article:publisher\" content=\"https:\/\/www.facebook.com\/aribau1964\/\" \/>\n<meta property=\"article:modified_time\" content=\"2021-03-30T11:45:18+00:00\" \/>\n<meta property=\"og:image\" content=\"https:\/\/www.aribau.es\/wp-content\/uploads\/2021\/03\/FINCA-ANTIGUA-PETIT-VERDOT-min-264x1024.jpg\" \/>\n<meta name=\"twitter:card\" content=\"summary_large_image\" \/>\n<meta name=\"twitter:site\" content=\"@aribau1964\" \/>\n<script type=\"application\/ld+json\" class=\"yoast-schema-graph\">{\"@context\":\"https:\/\/schema.org\",\"@graph\":[{\"@type\":\"WebPage\",\"@id\":\"https:\/\/www.aribau.es\/bodegas-2\/finca-antigua\/finca-antigua-petit-verdot\/\",\"url\":\"https:\/\/www.aribau.es\/bodegas-2\/finca-antigua\/finca-antigua-petit-verdot\/\",\"name\":\"FINCA ANTIGUA PETIT VERDOT - Aribau\",\"isPartOf\":{\"@id\":\"https:\/\/www.aribau.es\/#website\"},\"primaryImageOfPage\":{\"@id\":\"https:\/\/www.aribau.es\/bodegas-2\/finca-antigua\/finca-antigua-petit-verdot\/#primaryimage\"},\"image\":{\"@id\":\"https:\/\/www.aribau.es\/bodegas-2\/finca-antigua\/finca-antigua-petit-verdot\/#primaryimage\"},\"thumbnailUrl\":\"https:\/\/www.aribau.es\/wp-content\/uploads\/2021\/03\/FINCA-ANTIGUA-PETIT-VERDOT-min-264x1024.jpg\",\"datePublished\":\"2021-03-30T11:43:04+00:00\",\"dateModified\":\"2021-03-30T11:45:18+00:00\",\"breadcrumb\":{\"@id\":\"https:\/\/www.aribau.es\/bodegas-2\/finca-antigua\/finca-antigua-petit-verdot\/#breadcrumb\"},\"inLanguage\":\"ca\",\"potentialAction\":[{\"@type\":\"ReadAction\",\"target\":[\"https:\/\/www.aribau.es\/bodegas-2\/finca-antigua\/finca-antigua-petit-verdot\/\"]}]},{\"@type\":\"ImageObject\",\"inLanguage\":\"ca\",\"@id\":\"https:\/\/www.aribau.es\/bodegas-2\/finca-antigua\/finca-antigua-petit-verdot\/#primaryimage\",\"url\":\"https:\/\/www.aribau.es\/wp-content\/uploads\/2021\/03\/FINCA-ANTIGUA-PETIT-VERDOT-min-264x1024.jpg\",\"contentUrl\":\"https:\/\/www.aribau.es\/wp-content\/uploads\/2021\/03\/FINCA-ANTIGUA-PETIT-VERDOT-min-264x1024.jpg\"},{\"@type\":\"BreadcrumbList\",\"@id\":\"https:\/\/www.aribau.es\/bodegas-2\/finca-antigua\/finca-antigua-petit-verdot\/#breadcrumb\",\"itemListElement\":[{\"@type\":\"ListItem\",\"position\":1,\"name\":\"Portada\",\"item\":\"https:\/\/www.aribau.es\/\"},{\"@type\":\"ListItem\",\"position\":2,\"name\":\"BODEGAS\",\"item\":\"https:\/\/www.aribau.es\/bodegas-2\/\"},{\"@type\":\"ListItem\",\"position\":3,\"name\":\"FINCA ANTIGUA\",\"item\":\"https:\/\/www.aribau.es\/bodegas-2\/finca-antigua\/\"},{\"@type\":\"ListItem\",\"position\":4,\"name\":\"FINCA ANTIGUA PETIT VERDOT\"}]},{\"@type\":\"WebSite\",\"@id\":\"https:\/\/www.aribau.es\/#website\",\"url\":\"https:\/\/www.aribau.es\/\",\"name\":\"Aribau\",\"description\":\"VINOS Y BODEGAS\",\"publisher\":{\"@id\":\"https:\/\/www.aribau.es\/#organization\"},\"potentialAction\":[{\"@type\":\"SearchAction\",\"target\":{\"@type\":\"EntryPoint\",\"urlTemplate\":\"https:\/\/www.aribau.es\/?s={search_term_string}\"},\"query-input\":{\"@type\":\"PropertyValueSpecification\",\"valueRequired\":true,\"valueName\":\"search_term_string\"}}],\"inLanguage\":\"ca\"},{\"@type\":\"Organization\",\"@id\":\"https:\/\/www.aribau.es\/#organization\",\"name\":\"Aribau\",\"url\":\"https:\/\/www.aribau.es\/\",\"logo\":{\"@type\":\"ImageObject\",\"inLanguage\":\"ca\",\"@id\":\"https:\/\/www.aribau.es\/#\/schema\/logo\/image\/\",\"url\":\"https:\/\/www.aribau.es\/wp-content\/uploads\/2022\/03\/logo.png\",\"contentUrl\":\"https:\/\/www.aribau.es\/wp-content\/uploads\/2022\/03\/logo.png\",\"width\":300,\"height\":300,\"caption\":\"Aribau\"},\"image\":{\"@id\":\"https:\/\/www.aribau.es\/#\/schema\/logo\/image\/\"},\"sameAs\":[\"https:\/\/www.facebook.com\/aribau1964\/\",\"https:\/\/x.com\/aribau1964\",\"https:\/\/www.instagram.com\/aribau1964\/\"]}]}<\/script>\n<!-- \/ Yoast SEO plugin. -->","yoast_head_json":{"title":"FINCA ANTIGUA PETIT VERDOT - Aribau","robots":{"index":"index","follow":"follow","max-snippet":"max-snippet:-1","max-image-preview":"max-image-preview:large","max-video-preview":"max-video-preview:-1"},"canonical":"https:\/\/www.aribau.es\/ca\/bodegas-2\/finca-antigua\/finca-antigua-petit-verdot\/","og_locale":"ca_ES","og_type":"article","og_title":"FINCA ANTIGUA PETIT VERDOT - Aribau","og_description":"finca antigua petit verdot variedades de uva Petit verdot Crianza 8 meses Denominaci\u00f3n de origen descripci\u00f3n Impecable limpieza y brillo, de intensidad alta y color p\u00farpura con ribete cardenalicio, profundo y opaco. Aromas varietales ( moras y cilantro) y de sotobosque (corteza de pino y hojarasca), muy complejo en lo que a aromas se refiere. ... Llegiu m\u00e9s","og_url":"https:\/\/www.aribau.es\/ca\/bodegas-2\/finca-antigua\/finca-antigua-petit-verdot\/","og_site_name":"Aribau","article_publisher":"https:\/\/www.facebook.com\/aribau1964\/","article_modified_time":"2021-03-30T11:45:18+00:00","og_image":[{"url":"https:\/\/www.aribau.es\/wp-content\/uploads\/2021\/03\/FINCA-ANTIGUA-PETIT-VERDOT-min-264x1024.jpg","type":"","width":"","height":""}],"twitter_card":"summary_large_image","twitter_site":"@aribau1964","schema":{"@context":"https:\/\/schema.org","@graph":[{"@type":"WebPage","@id":"https:\/\/www.aribau.es\/bodegas-2\/finca-antigua\/finca-antigua-petit-verdot\/","url":"https:\/\/www.aribau.es\/bodegas-2\/finca-antigua\/finca-antigua-petit-verdot\/","name":"FINCA ANTIGUA PETIT VERDOT - Aribau","isPartOf":{"@id":"https:\/\/www.aribau.es\/#website"},"primaryImageOfPage":{"@id":"https:\/\/www.aribau.es\/bodegas-2\/finca-antigua\/finca-antigua-petit-verdot\/#primaryimage"},"image":{"@id":"https:\/\/www.aribau.es\/bodegas-2\/finca-antigua\/finca-antigua-petit-verdot\/#primaryimage"},"thumbnailUrl":"https:\/\/www.aribau.es\/wp-content\/uploads\/2021\/03\/FINCA-ANTIGUA-PETIT-VERDOT-min-264x1024.jpg","datePublished":"2021-03-30T11:43:04+00:00","dateModified":"2021-03-30T11:45:18+00:00","breadcrumb":{"@id":"https:\/\/www.aribau.es\/bodegas-2\/finca-antigua\/finca-antigua-petit-verdot\/#breadcrumb"},"inLanguage":"ca","potentialAction":[{"@type":"ReadAction","target":["https:\/\/www.aribau.es\/bodegas-2\/finca-antigua\/finca-antigua-petit-verdot\/"]}]},{"@type":"ImageObject","inLanguage":"ca","@id":"https:\/\/www.aribau.es\/bodegas-2\/finca-antigua\/finca-antigua-petit-verdot\/#primaryimage","url":"https:\/\/www.aribau.es\/wp-content\/uploads\/2021\/03\/FINCA-ANTIGUA-PETIT-VERDOT-min-264x1024.jpg","contentUrl":"https:\/\/www.aribau.es\/wp-content\/uploads\/2021\/03\/FINCA-ANTIGUA-PETIT-VERDOT-min-264x1024.jpg"},{"@type":"BreadcrumbList","@id":"https:\/\/www.aribau.es\/bodegas-2\/finca-antigua\/finca-antigua-petit-verdot\/#breadcrumb","itemListElement":[{"@type":"ListItem","position":1,"name":"Portada","item":"https:\/\/www.aribau.es\/"},{"@type":"ListItem","position":2,"name":"BODEGAS","item":"https:\/\/www.aribau.es\/bodegas-2\/"},{"@type":"ListItem","position":3,"name":"FINCA ANTIGUA","item":"https:\/\/www.aribau.es\/bodegas-2\/finca-antigua\/"},{"@type":"ListItem","position":4,"name":"FINCA ANTIGUA PETIT VERDOT"}]},{"@type":"WebSite","@id":"https:\/\/www.aribau.es\/#website","url":"https:\/\/www.aribau.es\/","name":"Aribau","description":"VINOS Y BODEGAS","publisher":{"@id":"https:\/\/www.aribau.es\/#organization"},"potentialAction":[{"@type":"SearchAction","target":{"@type":"EntryPoint","urlTemplate":"https:\/\/www.aribau.es\/?s={search_term_string}"},"query-input":{"@type":"PropertyValueSpecification","valueRequired":true,"valueName":"search_term_string"}}],"inLanguage":"ca"},{"@type":"Organization","@id":"https:\/\/www.aribau.es\/#organization","name":"Aribau","url":"https:\/\/www.aribau.es\/","logo":{"@type":"ImageObject","inLanguage":"ca","@id":"https:\/\/www.aribau.es\/#\/schema\/logo\/image\/","url":"https:\/\/www.aribau.es\/wp-content\/uploads\/2022\/03\/logo.png","contentUrl":"https:\/\/www.aribau.es\/wp-content\/uploads\/2022\/03\/logo.png","width":300,"height":300,"caption":"Aribau"},"image":{"@id":"https:\/\/www.aribau.es\/#\/schema\/logo\/image\/"},"sameAs":["https:\/\/www.facebook.com\/aribau1964\/","https:\/\/x.com\/aribau1964","https:\/\/www.instagram.com\/aribau1964\/"]}]}},"_links":{"self":[{"href":"https:\/\/www.aribau.es\/ca\/wp-json\/wp\/v2\/pages\/9590","targetHints":{"allow":["GET"]}}],"collection":[{"href":"https:\/\/www.aribau.es\/ca\/wp-json\/wp\/v2\/pages"}],"about":[{"href":"https:\/\/www.aribau.es\/ca\/wp-json\/wp\/v2\/types\/page"}],"author":[{"embeddable":true,"href":"https:\/\/www.aribau.es\/ca\/wp-json\/wp\/v2\/users\/3"}],"replies":[{"embeddable":true,"href":"https:\/\/www.aribau.es\/ca\/wp-json\/wp\/v2\/comments?post=9590"}],"version-history":[{"count":4,"href":"https:\/\/www.aribau.es\/ca\/wp-json\/wp\/v2\/pages\/9590\/revisions"}],"predecessor-version":[{"id":9594,"href":"https:\/\/www.aribau.es\/ca\/wp-json\/wp\/v2\/pages\/9590\/revisions\/9594"}],"up":[{"embeddable":true,"href":"https:\/\/www.aribau.es\/ca\/wp-json\/wp\/v2\/pages\/8160"}],"wp:attachment":[{"href":"https:\/\/www.aribau.es\/ca\/wp-json\/wp\/v2\/media?parent=9590"}],"curies":[{"name":"wp","href":"https:\/\/api.w.org\/{rel}","templated":true}]}}