{"id":9600,"date":"2021-03-30T12:48:36","date_gmt":"2021-03-30T11:48:36","guid":{"rendered":"https:\/\/www.aribau.es\/?page_id=9600"},"modified":"2021-03-30T12:50:54","modified_gmt":"2021-03-30T11:50:54","slug":"finca-antigua-tempranillo","status":"publish","type":"page","link":"https:\/\/www.aribau.es\/ca\/bodegas-2\/finca-antigua\/finca-antigua-tempranillo\/","title":{"rendered":"FINCA ANTIGUA TEMPRANILLO"},"content":{"rendered":"<div data-elementor-type=\"wp-page\" data-elementor-id=\"9600\" class=\"elementor elementor-9600\">\n\t\t\t\t\t\t<section class=\"elementor-section elementor-top-section elementor-element elementor-element-3b5bb367 elementor-section-boxed elementor-section-height-default elementor-section-height-default elementor-invisible\" data-id=\"3b5bb367\" data-element_type=\"section\" data-settings=\"{&quot;animation&quot;:&quot;fadeInUp&quot;}\">\n\t\t\t\t\t\t<div class=\"elementor-container elementor-column-gap-default\">\n\t\t\t\t\t<div class=\"elementor-column elementor-col-100 elementor-top-column elementor-element elementor-element-63f34a3f\" data-id=\"63f34a3f\" data-element_type=\"column\">\n\t\t\t<div class=\"elementor-widget-wrap elementor-element-populated\">\n\t\t\t\t\t\t<div class=\"elementor-element elementor-element-51700a84 elementor-widget elementor-widget-text-editor\" data-id=\"51700a84\" data-element_type=\"widget\" data-widget_type=\"text-editor.default\">\n\t\t\t\t<div class=\"elementor-widget-container\">\n\t\t\t\t\t\t\t\t\t<p>FINCA ANTIGUA TEMPRANILLO<\/p>\t\t\t\t\t\t\t\t<\/div>\n\t\t\t\t<\/div>\n\t\t\t\t\t<\/div>\n\t\t<\/div>\n\t\t\t\t\t<\/div>\n\t\t<\/section>\n\t\t\t\t<section class=\"elementor-section elementor-top-section elementor-element elementor-element-5bfa2477 elementor-section-full_width elementor-section-height-default elementor-section-height-default elementor-invisible\" data-id=\"5bfa2477\" data-element_type=\"section\" data-settings=\"{&quot;animation&quot;:&quot;fadeInUp&quot;}\">\n\t\t\t\t\t\t<div class=\"elementor-container elementor-column-gap-default\">\n\t\t\t\t\t<div class=\"elementor-column elementor-col-50 elementor-top-column elementor-element elementor-element-1939330b\" data-id=\"1939330b\" data-element_type=\"column\">\n\t\t\t<div class=\"elementor-widget-wrap elementor-element-populated\">\n\t\t\t\t\t\t<div class=\"elementor-element elementor-element-402d6275 elementor-widget elementor-widget-image\" data-id=\"402d6275\" data-element_type=\"widget\" data-widget_type=\"image.default\">\n\t\t\t\t<div class=\"elementor-widget-container\">\n\t\t\t\t\t\t\t\t\t\t\t\t\t\t\t<img fetchpriority=\"high\" decoding=\"async\" width=\"263\" height=\"1024\" src=\"https:\/\/www.aribau.es\/wp-content\/uploads\/2021\/03\/FINCA-ANTIGUA-TEMPRANILLO-min-263x1024.jpg\" class=\"elementor-animation-grow attachment-large size-large wp-image-7815\" alt=\"\" srcset=\"https:\/\/www.aribau.es\/wp-content\/uploads\/2021\/03\/FINCA-ANTIGUA-TEMPRANILLO-min-263x1024.jpg 263w, https:\/\/www.aribau.es\/wp-content\/uploads\/2021\/03\/FINCA-ANTIGUA-TEMPRANILLO-min-77x300.jpg 77w, https:\/\/www.aribau.es\/wp-content\/uploads\/2021\/03\/FINCA-ANTIGUA-TEMPRANILLO-min-768x2988.jpg 768w, https:\/\/www.aribau.es\/wp-content\/uploads\/2021\/03\/FINCA-ANTIGUA-TEMPRANILLO-min-395x1536.jpg 395w, https:\/\/www.aribau.es\/wp-content\/uploads\/2021\/03\/FINCA-ANTIGUA-TEMPRANILLO-min-526x2048.jpg 526w, https:\/\/www.aribau.es\/wp-content\/uploads\/2021\/03\/FINCA-ANTIGUA-TEMPRANILLO-min-scaled.jpg 658w\" sizes=\"(max-width: 263px) 100vw, 263px\" \/>\t\t\t\t\t\t\t\t\t\t\t\t\t\t\t<\/div>\n\t\t\t\t<\/div>\n\t\t\t\t\t<\/div>\n\t\t<\/div>\n\t\t\t\t<div class=\"elementor-column elementor-col-50 elementor-top-column elementor-element elementor-element-5cc326de\" data-id=\"5cc326de\" data-element_type=\"column\">\n\t\t\t<div class=\"elementor-widget-wrap elementor-element-populated\">\n\t\t\t\t\t\t<div class=\"elementor-element elementor-element-5fbf2f3 elementor-widget elementor-widget-text-editor\" data-id=\"5fbf2f3\" data-element_type=\"widget\" data-widget_type=\"text-editor.default\">\n\t\t\t\t<div class=\"elementor-widget-container\">\n\t\t\t\t\t\t\t\t\t<p>VARIETATS DE RA\u00cfM<\/p>\t\t\t\t\t\t\t\t<\/div>\n\t\t\t\t<\/div>\n\t\t\t\t<div class=\"elementor-element elementor-element-653243cd elementor-widget elementor-widget-text-editor\" data-id=\"653243cd\" data-element_type=\"widget\" data-widget_type=\"text-editor.default\">\n\t\t\t\t<div class=\"elementor-widget-container\">\n\t\t\t\t\t\t\t\t\t<p>Ull de llebre<\/p>\t\t\t\t\t\t\t\t<\/div>\n\t\t\t\t<\/div>\n\t\t\t\t<div class=\"elementor-element elementor-element-45125c6d elementor-widget elementor-widget-text-editor\" data-id=\"45125c6d\" data-element_type=\"widget\" data-widget_type=\"text-editor.default\">\n\t\t\t\t<div class=\"elementor-widget-container\">\n\t\t\t\t\t\t\t\t\t<p>CRIAN\u00c7A<\/p>\t\t\t\t\t\t\t\t<\/div>\n\t\t\t\t<\/div>\n\t\t\t\t<div class=\"elementor-element elementor-element-259511eb elementor-widget elementor-widget-text-editor\" data-id=\"259511eb\" data-element_type=\"widget\" data-widget_type=\"text-editor.default\">\n\t\t\t\t<div class=\"elementor-widget-container\">\n\t\t\t\t\t\t\t\t\t<p>10 mesos<\/p>\t\t\t\t\t\t\t\t<\/div>\n\t\t\t\t<\/div>\n\t\t\t\t<div class=\"elementor-element elementor-element-34dfb44 elementor-widget elementor-widget-text-editor\" data-id=\"34dfb44\" data-element_type=\"widget\" data-widget_type=\"text-editor.default\">\n\t\t\t\t<div class=\"elementor-widget-container\">\n\t\t\t\t\t\t\t\t\t<p>DENOMINACI\u00d3 D'ORIGEN<\/p>\t\t\t\t\t\t\t\t<\/div>\n\t\t\t\t<\/div>\n\t\t\t\t<div class=\"elementor-element elementor-element-41d5579a elementor-widget elementor-widget-image\" data-id=\"41d5579a\" data-element_type=\"widget\" data-widget_type=\"image.default\">\n\t\t\t\t<div class=\"elementor-widget-container\">\n\t\t\t\t\t\t\t\t\t\t\t\t\t\t\t<img decoding=\"async\" width=\"840\" height=\"1080\" src=\"https:\/\/www.aribau.es\/wp-content\/uploads\/2021\/03\/d-o-castilla-la-mancha-logo-2.jpg\" class=\"attachment-full size-full wp-image-9580\" alt=\"\" srcset=\"https:\/\/www.aribau.es\/wp-content\/uploads\/2021\/03\/d-o-castilla-la-mancha-logo-2.jpg 840w, https:\/\/www.aribau.es\/wp-content\/uploads\/2021\/03\/d-o-castilla-la-mancha-logo-2-233x300.jpg 233w, https:\/\/www.aribau.es\/wp-content\/uploads\/2021\/03\/d-o-castilla-la-mancha-logo-2-796x1024.jpg 796w, https:\/\/www.aribau.es\/wp-content\/uploads\/2021\/03\/d-o-castilla-la-mancha-logo-2-768x987.jpg 768w\" sizes=\"(max-width: 840px) 100vw, 840px\" \/>\t\t\t\t\t\t\t\t\t\t\t\t\t\t\t<\/div>\n\t\t\t\t<\/div>\n\t\t\t\t<div class=\"elementor-element elementor-element-57ce283 elementor-widget elementor-widget-text-editor\" data-id=\"57ce283\" data-element_type=\"widget\" data-widget_type=\"text-editor.default\">\n\t\t\t\t<div class=\"elementor-widget-container\">\n\t\t\t\t\t\t\t\t\t<p>DESCRIPCI\u00d3<\/p>\t\t\t\t\t\t\t\t<\/div>\n\t\t\t\t<\/div>\n\t\t\t\t<div class=\"elementor-element elementor-element-1399560f elementor-widget elementor-widget-text-editor\" data-id=\"1399560f\" data-element_type=\"widget\" data-widget_type=\"text-editor.default\">\n\t\t\t\t<div class=\"elementor-widget-container\">\n\t\t\t\t\t\t\t\t\t<p class=\"MsoNormal\"><span lang=\"CA\">Net i brillant, de capa alta, intens color porpra i ribet blav\u00f3s. Ll\u00e0grima abundant i tenyida. Intensitat alta, amb aromes de fruites vermelles en compota, iogurt (l\u00e0ctics), figues seques, vainilla, aranyons, i xocolata blanca. Molt elegant aportaci\u00f3 de fusta amb equilibri entre fruita i crian\u00e7a. Elegant i concentrat. Atac crem\u00f3s, robust, per\u00f2 sense arestes, carn\u00f3s. Desenvolupa en el seu pas per la boca una sensaci\u00f3 de volum que el marca de car\u00e0cter.<o:p><\/o:p><\/span><\/p>\t\t\t\t\t\t\t\t<\/div>\n\t\t\t\t<\/div>\n\t\t\t\t<div class=\"elementor-element elementor-element-133248b6 elementor-widget elementor-widget-spacer\" data-id=\"133248b6\" data-element_type=\"widget\" data-widget_type=\"spacer.default\">\n\t\t\t\t<div class=\"elementor-widget-container\">\n\t\t\t\t\t\t\t<div class=\"elementor-spacer\">\n\t\t\t<div class=\"elementor-spacer-inner\"><\/div>\n\t\t<\/div>\n\t\t\t\t\t\t<\/div>\n\t\t\t\t<\/div>\n\t\t\t\t\t<\/div>\n\t\t<\/div>\n\t\t\t\t\t<\/div>\n\t\t<\/section>\n\t\t\t\t<\/div>","protected":false},"excerpt":{"rendered":"<p>finca antigua tempranillo variedades de uva Tempranillo Crianza 10 meses Denominaci\u00f3n de origen descripci\u00f3n Limpio y brillante, de capa alta, intense color p\u00farpura y ribete azulado. L\u00e1grima abundante y te\u00f1ida. Intensidad alta, con aromas de frutas rojas en compota, yogurt (l\u00e1cteos), higos secos, vainilla, endrinas, y chocolate blanco. Muy elegante aporte de madera con equilibrio &#8230; <a title=\"FINCA ANTIGUA TEMPRANILLO\" class=\"read-more\" href=\"https:\/\/www.aribau.es\/ca\/bodegas-2\/finca-antigua\/finca-antigua-tempranillo\/\" aria-label=\"M\u00e9s informaci\u00f3 sobre FINCA ANTIGUA TEMPRANILLO\">Llegiu m\u00e9s<\/a><\/p>","protected":false},"author":3,"featured_media":0,"parent":8160,"menu_order":0,"comment_status":"closed","ping_status":"closed","template":"elementor_header_footer","meta":{"footnotes":""},"class_list":["post-9600","page","type-page","status-publish"],"yoast_head":"<!-- This site is optimized with the Yoast SEO plugin v26.7 - https:\/\/yoast.com\/wordpress\/plugins\/seo\/ -->\n<title>FINCA ANTIGUA TEMPRANILLO - Aribau<\/title>\n<meta name=\"robots\" content=\"index, follow, max-snippet:-1, max-image-preview:large, max-video-preview:-1\" \/>\n<link rel=\"canonical\" href=\"https:\/\/www.aribau.es\/ca\/bodegas-2\/finca-antigua\/finca-antigua-tempranillo\/\" \/>\n<meta property=\"og:locale\" content=\"ca_ES\" \/>\n<meta property=\"og:type\" content=\"article\" \/>\n<meta property=\"og:title\" content=\"FINCA ANTIGUA TEMPRANILLO - Aribau\" \/>\n<meta property=\"og:description\" content=\"finca antigua tempranillo variedades de uva Tempranillo Crianza 10 meses Denominaci\u00f3n de origen descripci\u00f3n Limpio y brillante, de capa alta, intense color p\u00farpura y ribete azulado. L\u00e1grima abundante y te\u00f1ida. Intensidad alta, con aromas de frutas rojas en compota, yogurt (l\u00e1cteos), higos secos, vainilla, endrinas, y chocolate blanco. Muy elegante aporte de madera con equilibrio ... Llegiu m\u00e9s\" \/>\n<meta property=\"og:url\" content=\"https:\/\/www.aribau.es\/ca\/bodegas-2\/finca-antigua\/finca-antigua-tempranillo\/\" \/>\n<meta property=\"og:site_name\" content=\"Aribau\" \/>\n<meta property=\"article:publisher\" content=\"https:\/\/www.facebook.com\/aribau1964\/\" \/>\n<meta property=\"article:modified_time\" content=\"2021-03-30T11:50:54+00:00\" \/>\n<meta property=\"og:image\" content=\"https:\/\/www.aribau.es\/wp-content\/uploads\/2021\/03\/FINCA-ANTIGUA-TEMPRANILLO-min-263x1024.jpg\" \/>\n<meta name=\"twitter:card\" content=\"summary_large_image\" \/>\n<meta name=\"twitter:site\" content=\"@aribau1964\" \/>\n<script type=\"application\/ld+json\" class=\"yoast-schema-graph\">{\"@context\":\"https:\/\/schema.org\",\"@graph\":[{\"@type\":\"WebPage\",\"@id\":\"https:\/\/www.aribau.es\/bodegas-2\/finca-antigua\/finca-antigua-tempranillo\/\",\"url\":\"https:\/\/www.aribau.es\/bodegas-2\/finca-antigua\/finca-antigua-tempranillo\/\",\"name\":\"FINCA ANTIGUA TEMPRANILLO - Aribau\",\"isPartOf\":{\"@id\":\"https:\/\/www.aribau.es\/#website\"},\"primaryImageOfPage\":{\"@id\":\"https:\/\/www.aribau.es\/bodegas-2\/finca-antigua\/finca-antigua-tempranillo\/#primaryimage\"},\"image\":{\"@id\":\"https:\/\/www.aribau.es\/bodegas-2\/finca-antigua\/finca-antigua-tempranillo\/#primaryimage\"},\"thumbnailUrl\":\"https:\/\/www.aribau.es\/wp-content\/uploads\/2021\/03\/FINCA-ANTIGUA-TEMPRANILLO-min-263x1024.jpg\",\"datePublished\":\"2021-03-30T11:48:36+00:00\",\"dateModified\":\"2021-03-30T11:50:54+00:00\",\"breadcrumb\":{\"@id\":\"https:\/\/www.aribau.es\/bodegas-2\/finca-antigua\/finca-antigua-tempranillo\/#breadcrumb\"},\"inLanguage\":\"ca\",\"potentialAction\":[{\"@type\":\"ReadAction\",\"target\":[\"https:\/\/www.aribau.es\/bodegas-2\/finca-antigua\/finca-antigua-tempranillo\/\"]}]},{\"@type\":\"ImageObject\",\"inLanguage\":\"ca\",\"@id\":\"https:\/\/www.aribau.es\/bodegas-2\/finca-antigua\/finca-antigua-tempranillo\/#primaryimage\",\"url\":\"https:\/\/www.aribau.es\/wp-content\/uploads\/2021\/03\/FINCA-ANTIGUA-TEMPRANILLO-min-263x1024.jpg\",\"contentUrl\":\"https:\/\/www.aribau.es\/wp-content\/uploads\/2021\/03\/FINCA-ANTIGUA-TEMPRANILLO-min-263x1024.jpg\"},{\"@type\":\"BreadcrumbList\",\"@id\":\"https:\/\/www.aribau.es\/bodegas-2\/finca-antigua\/finca-antigua-tempranillo\/#breadcrumb\",\"itemListElement\":[{\"@type\":\"ListItem\",\"position\":1,\"name\":\"Portada\",\"item\":\"https:\/\/www.aribau.es\/\"},{\"@type\":\"ListItem\",\"position\":2,\"name\":\"BODEGAS\",\"item\":\"https:\/\/www.aribau.es\/bodegas-2\/\"},{\"@type\":\"ListItem\",\"position\":3,\"name\":\"FINCA ANTIGUA\",\"item\":\"https:\/\/www.aribau.es\/bodegas-2\/finca-antigua\/\"},{\"@type\":\"ListItem\",\"position\":4,\"name\":\"FINCA ANTIGUA TEMPRANILLO\"}]},{\"@type\":\"WebSite\",\"@id\":\"https:\/\/www.aribau.es\/#website\",\"url\":\"https:\/\/www.aribau.es\/\",\"name\":\"Aribau\",\"description\":\"VINOS Y BODEGAS\",\"publisher\":{\"@id\":\"https:\/\/www.aribau.es\/#organization\"},\"potentialAction\":[{\"@type\":\"SearchAction\",\"target\":{\"@type\":\"EntryPoint\",\"urlTemplate\":\"https:\/\/www.aribau.es\/?s={search_term_string}\"},\"query-input\":{\"@type\":\"PropertyValueSpecification\",\"valueRequired\":true,\"valueName\":\"search_term_string\"}}],\"inLanguage\":\"ca\"},{\"@type\":\"Organization\",\"@id\":\"https:\/\/www.aribau.es\/#organization\",\"name\":\"Aribau\",\"url\":\"https:\/\/www.aribau.es\/\",\"logo\":{\"@type\":\"ImageObject\",\"inLanguage\":\"ca\",\"@id\":\"https:\/\/www.aribau.es\/#\/schema\/logo\/image\/\",\"url\":\"https:\/\/www.aribau.es\/wp-content\/uploads\/2022\/03\/logo.png\",\"contentUrl\":\"https:\/\/www.aribau.es\/wp-content\/uploads\/2022\/03\/logo.png\",\"width\":300,\"height\":300,\"caption\":\"Aribau\"},\"image\":{\"@id\":\"https:\/\/www.aribau.es\/#\/schema\/logo\/image\/\"},\"sameAs\":[\"https:\/\/www.facebook.com\/aribau1964\/\",\"https:\/\/x.com\/aribau1964\",\"https:\/\/www.instagram.com\/aribau1964\/\"]}]}<\/script>\n<!-- \/ Yoast SEO plugin. -->","yoast_head_json":{"title":"FINCA ANTIGUA TEMPRANILLO - Aribau","robots":{"index":"index","follow":"follow","max-snippet":"max-snippet:-1","max-image-preview":"max-image-preview:large","max-video-preview":"max-video-preview:-1"},"canonical":"https:\/\/www.aribau.es\/ca\/bodegas-2\/finca-antigua\/finca-antigua-tempranillo\/","og_locale":"ca_ES","og_type":"article","og_title":"FINCA ANTIGUA TEMPRANILLO - Aribau","og_description":"finca antigua tempranillo variedades de uva Tempranillo Crianza 10 meses Denominaci\u00f3n de origen descripci\u00f3n Limpio y brillante, de capa alta, intense color p\u00farpura y ribete azulado. L\u00e1grima abundante y te\u00f1ida. Intensidad alta, con aromas de frutas rojas en compota, yogurt (l\u00e1cteos), higos secos, vainilla, endrinas, y chocolate blanco. Muy elegante aporte de madera con equilibrio ... Llegiu m\u00e9s","og_url":"https:\/\/www.aribau.es\/ca\/bodegas-2\/finca-antigua\/finca-antigua-tempranillo\/","og_site_name":"Aribau","article_publisher":"https:\/\/www.facebook.com\/aribau1964\/","article_modified_time":"2021-03-30T11:50:54+00:00","og_image":[{"url":"https:\/\/www.aribau.es\/wp-content\/uploads\/2021\/03\/FINCA-ANTIGUA-TEMPRANILLO-min-263x1024.jpg","type":"","width":"","height":""}],"twitter_card":"summary_large_image","twitter_site":"@aribau1964","schema":{"@context":"https:\/\/schema.org","@graph":[{"@type":"WebPage","@id":"https:\/\/www.aribau.es\/bodegas-2\/finca-antigua\/finca-antigua-tempranillo\/","url":"https:\/\/www.aribau.es\/bodegas-2\/finca-antigua\/finca-antigua-tempranillo\/","name":"FINCA ANTIGUA TEMPRANILLO - Aribau","isPartOf":{"@id":"https:\/\/www.aribau.es\/#website"},"primaryImageOfPage":{"@id":"https:\/\/www.aribau.es\/bodegas-2\/finca-antigua\/finca-antigua-tempranillo\/#primaryimage"},"image":{"@id":"https:\/\/www.aribau.es\/bodegas-2\/finca-antigua\/finca-antigua-tempranillo\/#primaryimage"},"thumbnailUrl":"https:\/\/www.aribau.es\/wp-content\/uploads\/2021\/03\/FINCA-ANTIGUA-TEMPRANILLO-min-263x1024.jpg","datePublished":"2021-03-30T11:48:36+00:00","dateModified":"2021-03-30T11:50:54+00:00","breadcrumb":{"@id":"https:\/\/www.aribau.es\/bodegas-2\/finca-antigua\/finca-antigua-tempranillo\/#breadcrumb"},"inLanguage":"ca","potentialAction":[{"@type":"ReadAction","target":["https:\/\/www.aribau.es\/bodegas-2\/finca-antigua\/finca-antigua-tempranillo\/"]}]},{"@type":"ImageObject","inLanguage":"ca","@id":"https:\/\/www.aribau.es\/bodegas-2\/finca-antigua\/finca-antigua-tempranillo\/#primaryimage","url":"https:\/\/www.aribau.es\/wp-content\/uploads\/2021\/03\/FINCA-ANTIGUA-TEMPRANILLO-min-263x1024.jpg","contentUrl":"https:\/\/www.aribau.es\/wp-content\/uploads\/2021\/03\/FINCA-ANTIGUA-TEMPRANILLO-min-263x1024.jpg"},{"@type":"BreadcrumbList","@id":"https:\/\/www.aribau.es\/bodegas-2\/finca-antigua\/finca-antigua-tempranillo\/#breadcrumb","itemListElement":[{"@type":"ListItem","position":1,"name":"Portada","item":"https:\/\/www.aribau.es\/"},{"@type":"ListItem","position":2,"name":"BODEGAS","item":"https:\/\/www.aribau.es\/bodegas-2\/"},{"@type":"ListItem","position":3,"name":"FINCA ANTIGUA","item":"https:\/\/www.aribau.es\/bodegas-2\/finca-antigua\/"},{"@type":"ListItem","position":4,"name":"FINCA ANTIGUA TEMPRANILLO"}]},{"@type":"WebSite","@id":"https:\/\/www.aribau.es\/#website","url":"https:\/\/www.aribau.es\/","name":"Aribau","description":"VINOS Y BODEGAS","publisher":{"@id":"https:\/\/www.aribau.es\/#organization"},"potentialAction":[{"@type":"SearchAction","target":{"@type":"EntryPoint","urlTemplate":"https:\/\/www.aribau.es\/?s={search_term_string}"},"query-input":{"@type":"PropertyValueSpecification","valueRequired":true,"valueName":"search_term_string"}}],"inLanguage":"ca"},{"@type":"Organization","@id":"https:\/\/www.aribau.es\/#organization","name":"Aribau","url":"https:\/\/www.aribau.es\/","logo":{"@type":"ImageObject","inLanguage":"ca","@id":"https:\/\/www.aribau.es\/#\/schema\/logo\/image\/","url":"https:\/\/www.aribau.es\/wp-content\/uploads\/2022\/03\/logo.png","contentUrl":"https:\/\/www.aribau.es\/wp-content\/uploads\/2022\/03\/logo.png","width":300,"height":300,"caption":"Aribau"},"image":{"@id":"https:\/\/www.aribau.es\/#\/schema\/logo\/image\/"},"sameAs":["https:\/\/www.facebook.com\/aribau1964\/","https:\/\/x.com\/aribau1964","https:\/\/www.instagram.com\/aribau1964\/"]}]}},"_links":{"self":[{"href":"https:\/\/www.aribau.es\/ca\/wp-json\/wp\/v2\/pages\/9600","targetHints":{"allow":["GET"]}}],"collection":[{"href":"https:\/\/www.aribau.es\/ca\/wp-json\/wp\/v2\/pages"}],"about":[{"href":"https:\/\/www.aribau.es\/ca\/wp-json\/wp\/v2\/types\/page"}],"author":[{"embeddable":true,"href":"https:\/\/www.aribau.es\/ca\/wp-json\/wp\/v2\/users\/3"}],"replies":[{"embeddable":true,"href":"https:\/\/www.aribau.es\/ca\/wp-json\/wp\/v2\/comments?post=9600"}],"version-history":[{"count":4,"href":"https:\/\/www.aribau.es\/ca\/wp-json\/wp\/v2\/pages\/9600\/revisions"}],"predecessor-version":[{"id":9604,"href":"https:\/\/www.aribau.es\/ca\/wp-json\/wp\/v2\/pages\/9600\/revisions\/9604"}],"up":[{"embeddable":true,"href":"https:\/\/www.aribau.es\/ca\/wp-json\/wp\/v2\/pages\/8160"}],"wp:attachment":[{"href":"https:\/\/www.aribau.es\/ca\/wp-json\/wp\/v2\/media?parent=9600"}],"curies":[{"name":"wp","href":"https:\/\/api.w.org\/{rel}","templated":true}]}}