{"id":9605,"date":"2021-03-30T12:51:16","date_gmt":"2021-03-30T11:51:16","guid":{"rendered":"https:\/\/www.aribau.es\/?page_id=9605"},"modified":"2021-03-30T12:53:01","modified_gmt":"2021-03-30T11:53:01","slug":"finca-antigua-syrah","status":"publish","type":"page","link":"https:\/\/www.aribau.es\/ca\/bodegas-2\/finca-antigua\/finca-antigua-syrah\/","title":{"rendered":"FINCA ANTIGUA SYRAH"},"content":{"rendered":"<div data-elementor-type=\"wp-page\" data-elementor-id=\"9605\" class=\"elementor elementor-9605\">\n\t\t\t\t\t\t<section class=\"elementor-section elementor-top-section elementor-element elementor-element-7d11a2c8 elementor-section-boxed elementor-section-height-default elementor-section-height-default elementor-invisible\" data-id=\"7d11a2c8\" data-element_type=\"section\" data-settings=\"{&quot;animation&quot;:&quot;fadeInUp&quot;}\">\n\t\t\t\t\t\t<div class=\"elementor-container elementor-column-gap-default\">\n\t\t\t\t\t<div class=\"elementor-column elementor-col-100 elementor-top-column elementor-element elementor-element-1e30c7c2\" data-id=\"1e30c7c2\" data-element_type=\"column\">\n\t\t\t<div class=\"elementor-widget-wrap elementor-element-populated\">\n\t\t\t\t\t\t<div class=\"elementor-element elementor-element-74f3ac7e elementor-widget elementor-widget-text-editor\" data-id=\"74f3ac7e\" data-element_type=\"widget\" data-widget_type=\"text-editor.default\">\n\t\t\t\t<div class=\"elementor-widget-container\">\n\t\t\t\t\t\t\t\t\t<p>FINCA ANTIGUA SYRAH<\/p>\t\t\t\t\t\t\t\t<\/div>\n\t\t\t\t<\/div>\n\t\t\t\t\t<\/div>\n\t\t<\/div>\n\t\t\t\t\t<\/div>\n\t\t<\/section>\n\t\t\t\t<section class=\"elementor-section elementor-top-section elementor-element elementor-element-7a276cd3 elementor-section-full_width elementor-section-height-default elementor-section-height-default elementor-invisible\" data-id=\"7a276cd3\" data-element_type=\"section\" data-settings=\"{&quot;animation&quot;:&quot;fadeInUp&quot;}\">\n\t\t\t\t\t\t<div class=\"elementor-container elementor-column-gap-default\">\n\t\t\t\t\t<div class=\"elementor-column elementor-col-50 elementor-top-column elementor-element elementor-element-3418b44d\" data-id=\"3418b44d\" data-element_type=\"column\">\n\t\t\t<div class=\"elementor-widget-wrap elementor-element-populated\">\n\t\t\t\t\t\t<div class=\"elementor-element elementor-element-1634525a elementor-widget elementor-widget-image\" data-id=\"1634525a\" data-element_type=\"widget\" data-widget_type=\"image.default\">\n\t\t\t\t<div class=\"elementor-widget-container\">\n\t\t\t\t\t\t\t\t\t\t\t\t\t\t\t<img fetchpriority=\"high\" decoding=\"async\" width=\"264\" height=\"1024\" src=\"https:\/\/www.aribau.es\/wp-content\/uploads\/2021\/03\/FINCA-ANTIGUA-SYRAH-min-264x1024.jpg\" class=\"elementor-animation-grow attachment-large size-large wp-image-7816\" alt=\"\" srcset=\"https:\/\/www.aribau.es\/wp-content\/uploads\/2021\/03\/FINCA-ANTIGUA-SYRAH-min-264x1024.jpg 264w, https:\/\/www.aribau.es\/wp-content\/uploads\/2021\/03\/FINCA-ANTIGUA-SYRAH-min-77x300.jpg 77w, https:\/\/www.aribau.es\/wp-content\/uploads\/2021\/03\/FINCA-ANTIGUA-SYRAH-min-768x2981.jpg 768w, https:\/\/www.aribau.es\/wp-content\/uploads\/2021\/03\/FINCA-ANTIGUA-SYRAH-min-396x1536.jpg 396w, https:\/\/www.aribau.es\/wp-content\/uploads\/2021\/03\/FINCA-ANTIGUA-SYRAH-min-528x2048.jpg 528w, https:\/\/www.aribau.es\/wp-content\/uploads\/2021\/03\/FINCA-ANTIGUA-SYRAH-min-scaled.jpg 660w\" sizes=\"(max-width: 264px) 100vw, 264px\" \/>\t\t\t\t\t\t\t\t\t\t\t\t\t\t\t<\/div>\n\t\t\t\t<\/div>\n\t\t\t\t\t<\/div>\n\t\t<\/div>\n\t\t\t\t<div class=\"elementor-column elementor-col-50 elementor-top-column elementor-element elementor-element-248798fb\" data-id=\"248798fb\" data-element_type=\"column\">\n\t\t\t<div class=\"elementor-widget-wrap elementor-element-populated\">\n\t\t\t\t\t\t<div class=\"elementor-element elementor-element-303e639b elementor-widget elementor-widget-text-editor\" data-id=\"303e639b\" data-element_type=\"widget\" data-widget_type=\"text-editor.default\">\n\t\t\t\t<div class=\"elementor-widget-container\">\n\t\t\t\t\t\t\t\t\t<p>VARIETATS DE RA\u00cfM<\/p>\t\t\t\t\t\t\t\t<\/div>\n\t\t\t\t<\/div>\n\t\t\t\t<div class=\"elementor-element elementor-element-2872c599 elementor-widget elementor-widget-text-editor\" data-id=\"2872c599\" data-element_type=\"widget\" data-widget_type=\"text-editor.default\">\n\t\t\t\t<div class=\"elementor-widget-container\">\n\t\t\t\t\t\t\t\t\t<p>Syrah<\/p>\t\t\t\t\t\t\t\t<\/div>\n\t\t\t\t<\/div>\n\t\t\t\t<div class=\"elementor-element elementor-element-12d46c47 elementor-widget elementor-widget-text-editor\" data-id=\"12d46c47\" data-element_type=\"widget\" data-widget_type=\"text-editor.default\">\n\t\t\t\t<div class=\"elementor-widget-container\">\n\t\t\t\t\t\t\t\t\t<p>CRIAN\u00c7A<\/p>\t\t\t\t\t\t\t\t<\/div>\n\t\t\t\t<\/div>\n\t\t\t\t<div class=\"elementor-element elementor-element-6b125d34 elementor-widget elementor-widget-text-editor\" data-id=\"6b125d34\" data-element_type=\"widget\" data-widget_type=\"text-editor.default\">\n\t\t\t\t<div class=\"elementor-widget-container\">\n\t\t\t\t\t\t\t\t\t<p>10 mesos<\/p>\t\t\t\t\t\t\t\t<\/div>\n\t\t\t\t<\/div>\n\t\t\t\t<div class=\"elementor-element elementor-element-387e616b elementor-widget elementor-widget-text-editor\" data-id=\"387e616b\" data-element_type=\"widget\" data-widget_type=\"text-editor.default\">\n\t\t\t\t<div class=\"elementor-widget-container\">\n\t\t\t\t\t\t\t\t\t<p>DENOMINACI\u00d3 D'ORIGEN<\/p>\t\t\t\t\t\t\t\t<\/div>\n\t\t\t\t<\/div>\n\t\t\t\t<div class=\"elementor-element elementor-element-619b434 elementor-widget elementor-widget-image\" data-id=\"619b434\" data-element_type=\"widget\" data-widget_type=\"image.default\">\n\t\t\t\t<div class=\"elementor-widget-container\">\n\t\t\t\t\t\t\t\t\t\t\t\t\t\t\t<img decoding=\"async\" width=\"840\" height=\"1080\" src=\"https:\/\/www.aribau.es\/wp-content\/uploads\/2021\/03\/d-o-castilla-la-mancha-logo-2.jpg\" class=\"attachment-full size-full wp-image-9580\" alt=\"\" srcset=\"https:\/\/www.aribau.es\/wp-content\/uploads\/2021\/03\/d-o-castilla-la-mancha-logo-2.jpg 840w, https:\/\/www.aribau.es\/wp-content\/uploads\/2021\/03\/d-o-castilla-la-mancha-logo-2-233x300.jpg 233w, https:\/\/www.aribau.es\/wp-content\/uploads\/2021\/03\/d-o-castilla-la-mancha-logo-2-796x1024.jpg 796w, https:\/\/www.aribau.es\/wp-content\/uploads\/2021\/03\/d-o-castilla-la-mancha-logo-2-768x987.jpg 768w\" sizes=\"(max-width: 840px) 100vw, 840px\" \/>\t\t\t\t\t\t\t\t\t\t\t\t\t\t\t<\/div>\n\t\t\t\t<\/div>\n\t\t\t\t<div class=\"elementor-element elementor-element-ac744b7 elementor-widget elementor-widget-text-editor\" data-id=\"ac744b7\" data-element_type=\"widget\" data-widget_type=\"text-editor.default\">\n\t\t\t\t<div class=\"elementor-widget-container\">\n\t\t\t\t\t\t\t\t\t<p>DESCRIPCI\u00d3<\/p>\t\t\t\t\t\t\t\t<\/div>\n\t\t\t\t<\/div>\n\t\t\t\t<div class=\"elementor-element elementor-element-47875349 elementor-widget elementor-widget-text-editor\" data-id=\"47875349\" data-element_type=\"widget\" data-widget_type=\"text-editor.default\">\n\t\t\t\t<div class=\"elementor-widget-container\">\n\t\t\t\t\t\t\t\t\t<p class=\"MsoNormal\"><span lang=\"CA\">Vas veure un profund color porpra, amb ll\u00e0grima acolorida i molt glic\u00e8rica. L\u00edmpid amb centelleigs brillants. Destaquen les notes de flors blaves com les violetes, liles, notes de regal\u00e8ssia i tinter. Molt complex. La fusta perfectament integrada mostra notes de clau, cedre i esp\u00e8cies. \u00c9s de gran complexitat i eleg\u00e0ncia amb clares notes varietals de zona freda. D'entrada amable, amb gran cremositat i greix a la boca, a causa del b\u00e9 polit que est\u00e0 el tan\u00ed de ra\u00efm que va acompanyat per tan\u00ed de fusta clarament francesa.<o:p><\/o:p><\/span><\/p>\t\t\t\t\t\t\t\t<\/div>\n\t\t\t\t<\/div>\n\t\t\t\t<div class=\"elementor-element elementor-element-6492c4e1 elementor-widget elementor-widget-spacer\" data-id=\"6492c4e1\" data-element_type=\"widget\" data-widget_type=\"spacer.default\">\n\t\t\t\t<div class=\"elementor-widget-container\">\n\t\t\t\t\t\t\t<div class=\"elementor-spacer\">\n\t\t\t<div class=\"elementor-spacer-inner\"><\/div>\n\t\t<\/div>\n\t\t\t\t\t\t<\/div>\n\t\t\t\t<\/div>\n\t\t\t\t\t<\/div>\n\t\t<\/div>\n\t\t\t\t\t<\/div>\n\t\t<\/section>\n\t\t\t\t<\/div>","protected":false},"excerpt":{"rendered":"<p>finca antigua syrah variedades de uva Syrah Crianza 10 meses Denominaci\u00f3n de origen descripci\u00f3n Viste un profundo color p\u00farpura, con l\u00e1grima coloreada y muy glic\u00e9rica. L\u00edmpido con destellos brillantes. Destacan las notas de flores azules como las violetas, lilas, notas de regaliz y tintero. Muy complejo. La madera perfectamente integrada muestra notas de clavo, cedro &#8230; <a title=\"FINCA ANTIGUA SYRAH\" class=\"read-more\" href=\"https:\/\/www.aribau.es\/ca\/bodegas-2\/finca-antigua\/finca-antigua-syrah\/\" aria-label=\"M\u00e9s informaci\u00f3 sobre FINCA ANTIGUA SYRAH\">Llegiu m\u00e9s<\/a><\/p>","protected":false},"author":3,"featured_media":0,"parent":8160,"menu_order":0,"comment_status":"closed","ping_status":"closed","template":"elementor_header_footer","meta":{"footnotes":""},"class_list":["post-9605","page","type-page","status-publish"],"yoast_head":"<!-- This site is optimized with the Yoast SEO plugin v26.7 - https:\/\/yoast.com\/wordpress\/plugins\/seo\/ -->\n<title>FINCA ANTIGUA SYRAH - Aribau<\/title>\n<meta name=\"robots\" content=\"index, follow, max-snippet:-1, max-image-preview:large, max-video-preview:-1\" \/>\n<link rel=\"canonical\" href=\"https:\/\/www.aribau.es\/ca\/bodegas-2\/finca-antigua\/finca-antigua-syrah\/\" \/>\n<meta property=\"og:locale\" content=\"ca_ES\" \/>\n<meta property=\"og:type\" content=\"article\" \/>\n<meta property=\"og:title\" content=\"FINCA ANTIGUA SYRAH - Aribau\" \/>\n<meta property=\"og:description\" content=\"finca antigua syrah variedades de uva Syrah Crianza 10 meses Denominaci\u00f3n de origen descripci\u00f3n Viste un profundo color p\u00farpura, con l\u00e1grima coloreada y muy glic\u00e9rica. L\u00edmpido con destellos brillantes. Destacan las notas de flores azules como las violetas, lilas, notas de regaliz y tintero. Muy complejo. La madera perfectamente integrada muestra notas de clavo, cedro ... Llegiu m\u00e9s\" \/>\n<meta property=\"og:url\" content=\"https:\/\/www.aribau.es\/ca\/bodegas-2\/finca-antigua\/finca-antigua-syrah\/\" \/>\n<meta property=\"og:site_name\" content=\"Aribau\" \/>\n<meta property=\"article:publisher\" content=\"https:\/\/www.facebook.com\/aribau1964\/\" \/>\n<meta property=\"article:modified_time\" content=\"2021-03-30T11:53:01+00:00\" \/>\n<meta property=\"og:image\" content=\"https:\/\/www.aribau.es\/wp-content\/uploads\/2021\/03\/FINCA-ANTIGUA-SYRAH-min-264x1024.jpg\" \/>\n<meta name=\"twitter:card\" content=\"summary_large_image\" \/>\n<meta name=\"twitter:site\" content=\"@aribau1964\" \/>\n<meta name=\"twitter:label1\" content=\"Temps estimat de lectura\" \/>\n\t<meta name=\"twitter:data1\" content=\"1 minut\" \/>\n<script type=\"application\/ld+json\" class=\"yoast-schema-graph\">{\"@context\":\"https:\/\/schema.org\",\"@graph\":[{\"@type\":\"WebPage\",\"@id\":\"https:\/\/www.aribau.es\/bodegas-2\/finca-antigua\/finca-antigua-syrah\/\",\"url\":\"https:\/\/www.aribau.es\/bodegas-2\/finca-antigua\/finca-antigua-syrah\/\",\"name\":\"FINCA ANTIGUA SYRAH - Aribau\",\"isPartOf\":{\"@id\":\"https:\/\/www.aribau.es\/#website\"},\"primaryImageOfPage\":{\"@id\":\"https:\/\/www.aribau.es\/bodegas-2\/finca-antigua\/finca-antigua-syrah\/#primaryimage\"},\"image\":{\"@id\":\"https:\/\/www.aribau.es\/bodegas-2\/finca-antigua\/finca-antigua-syrah\/#primaryimage\"},\"thumbnailUrl\":\"https:\/\/www.aribau.es\/wp-content\/uploads\/2021\/03\/FINCA-ANTIGUA-SYRAH-min-264x1024.jpg\",\"datePublished\":\"2021-03-30T11:51:16+00:00\",\"dateModified\":\"2021-03-30T11:53:01+00:00\",\"breadcrumb\":{\"@id\":\"https:\/\/www.aribau.es\/bodegas-2\/finca-antigua\/finca-antigua-syrah\/#breadcrumb\"},\"inLanguage\":\"ca\",\"potentialAction\":[{\"@type\":\"ReadAction\",\"target\":[\"https:\/\/www.aribau.es\/bodegas-2\/finca-antigua\/finca-antigua-syrah\/\"]}]},{\"@type\":\"ImageObject\",\"inLanguage\":\"ca\",\"@id\":\"https:\/\/www.aribau.es\/bodegas-2\/finca-antigua\/finca-antigua-syrah\/#primaryimage\",\"url\":\"https:\/\/www.aribau.es\/wp-content\/uploads\/2021\/03\/FINCA-ANTIGUA-SYRAH-min-264x1024.jpg\",\"contentUrl\":\"https:\/\/www.aribau.es\/wp-content\/uploads\/2021\/03\/FINCA-ANTIGUA-SYRAH-min-264x1024.jpg\"},{\"@type\":\"BreadcrumbList\",\"@id\":\"https:\/\/www.aribau.es\/bodegas-2\/finca-antigua\/finca-antigua-syrah\/#breadcrumb\",\"itemListElement\":[{\"@type\":\"ListItem\",\"position\":1,\"name\":\"Portada\",\"item\":\"https:\/\/www.aribau.es\/\"},{\"@type\":\"ListItem\",\"position\":2,\"name\":\"BODEGAS\",\"item\":\"https:\/\/www.aribau.es\/bodegas-2\/\"},{\"@type\":\"ListItem\",\"position\":3,\"name\":\"FINCA ANTIGUA\",\"item\":\"https:\/\/www.aribau.es\/bodegas-2\/finca-antigua\/\"},{\"@type\":\"ListItem\",\"position\":4,\"name\":\"FINCA ANTIGUA SYRAH\"}]},{\"@type\":\"WebSite\",\"@id\":\"https:\/\/www.aribau.es\/#website\",\"url\":\"https:\/\/www.aribau.es\/\",\"name\":\"Aribau\",\"description\":\"VINOS Y BODEGAS\",\"publisher\":{\"@id\":\"https:\/\/www.aribau.es\/#organization\"},\"potentialAction\":[{\"@type\":\"SearchAction\",\"target\":{\"@type\":\"EntryPoint\",\"urlTemplate\":\"https:\/\/www.aribau.es\/?s={search_term_string}\"},\"query-input\":{\"@type\":\"PropertyValueSpecification\",\"valueRequired\":true,\"valueName\":\"search_term_string\"}}],\"inLanguage\":\"ca\"},{\"@type\":\"Organization\",\"@id\":\"https:\/\/www.aribau.es\/#organization\",\"name\":\"Aribau\",\"url\":\"https:\/\/www.aribau.es\/\",\"logo\":{\"@type\":\"ImageObject\",\"inLanguage\":\"ca\",\"@id\":\"https:\/\/www.aribau.es\/#\/schema\/logo\/image\/\",\"url\":\"https:\/\/www.aribau.es\/wp-content\/uploads\/2022\/03\/logo.png\",\"contentUrl\":\"https:\/\/www.aribau.es\/wp-content\/uploads\/2022\/03\/logo.png\",\"width\":300,\"height\":300,\"caption\":\"Aribau\"},\"image\":{\"@id\":\"https:\/\/www.aribau.es\/#\/schema\/logo\/image\/\"},\"sameAs\":[\"https:\/\/www.facebook.com\/aribau1964\/\",\"https:\/\/x.com\/aribau1964\",\"https:\/\/www.instagram.com\/aribau1964\/\"]}]}<\/script>\n<!-- \/ Yoast SEO plugin. -->","yoast_head_json":{"title":"FINCA ANTIGUA SYRAH - Aribau","robots":{"index":"index","follow":"follow","max-snippet":"max-snippet:-1","max-image-preview":"max-image-preview:large","max-video-preview":"max-video-preview:-1"},"canonical":"https:\/\/www.aribau.es\/ca\/bodegas-2\/finca-antigua\/finca-antigua-syrah\/","og_locale":"ca_ES","og_type":"article","og_title":"FINCA ANTIGUA SYRAH - Aribau","og_description":"finca antigua syrah variedades de uva Syrah Crianza 10 meses Denominaci\u00f3n de origen descripci\u00f3n Viste un profundo color p\u00farpura, con l\u00e1grima coloreada y muy glic\u00e9rica. L\u00edmpido con destellos brillantes. Destacan las notas de flores azules como las violetas, lilas, notas de regaliz y tintero. Muy complejo. La madera perfectamente integrada muestra notas de clavo, cedro ... Llegiu m\u00e9s","og_url":"https:\/\/www.aribau.es\/ca\/bodegas-2\/finca-antigua\/finca-antigua-syrah\/","og_site_name":"Aribau","article_publisher":"https:\/\/www.facebook.com\/aribau1964\/","article_modified_time":"2021-03-30T11:53:01+00:00","og_image":[{"url":"https:\/\/www.aribau.es\/wp-content\/uploads\/2021\/03\/FINCA-ANTIGUA-SYRAH-min-264x1024.jpg","type":"","width":"","height":""}],"twitter_card":"summary_large_image","twitter_site":"@aribau1964","twitter_misc":{"Temps estimat de lectura":"1 minut"},"schema":{"@context":"https:\/\/schema.org","@graph":[{"@type":"WebPage","@id":"https:\/\/www.aribau.es\/bodegas-2\/finca-antigua\/finca-antigua-syrah\/","url":"https:\/\/www.aribau.es\/bodegas-2\/finca-antigua\/finca-antigua-syrah\/","name":"FINCA ANTIGUA SYRAH - Aribau","isPartOf":{"@id":"https:\/\/www.aribau.es\/#website"},"primaryImageOfPage":{"@id":"https:\/\/www.aribau.es\/bodegas-2\/finca-antigua\/finca-antigua-syrah\/#primaryimage"},"image":{"@id":"https:\/\/www.aribau.es\/bodegas-2\/finca-antigua\/finca-antigua-syrah\/#primaryimage"},"thumbnailUrl":"https:\/\/www.aribau.es\/wp-content\/uploads\/2021\/03\/FINCA-ANTIGUA-SYRAH-min-264x1024.jpg","datePublished":"2021-03-30T11:51:16+00:00","dateModified":"2021-03-30T11:53:01+00:00","breadcrumb":{"@id":"https:\/\/www.aribau.es\/bodegas-2\/finca-antigua\/finca-antigua-syrah\/#breadcrumb"},"inLanguage":"ca","potentialAction":[{"@type":"ReadAction","target":["https:\/\/www.aribau.es\/bodegas-2\/finca-antigua\/finca-antigua-syrah\/"]}]},{"@type":"ImageObject","inLanguage":"ca","@id":"https:\/\/www.aribau.es\/bodegas-2\/finca-antigua\/finca-antigua-syrah\/#primaryimage","url":"https:\/\/www.aribau.es\/wp-content\/uploads\/2021\/03\/FINCA-ANTIGUA-SYRAH-min-264x1024.jpg","contentUrl":"https:\/\/www.aribau.es\/wp-content\/uploads\/2021\/03\/FINCA-ANTIGUA-SYRAH-min-264x1024.jpg"},{"@type":"BreadcrumbList","@id":"https:\/\/www.aribau.es\/bodegas-2\/finca-antigua\/finca-antigua-syrah\/#breadcrumb","itemListElement":[{"@type":"ListItem","position":1,"name":"Portada","item":"https:\/\/www.aribau.es\/"},{"@type":"ListItem","position":2,"name":"BODEGAS","item":"https:\/\/www.aribau.es\/bodegas-2\/"},{"@type":"ListItem","position":3,"name":"FINCA ANTIGUA","item":"https:\/\/www.aribau.es\/bodegas-2\/finca-antigua\/"},{"@type":"ListItem","position":4,"name":"FINCA ANTIGUA SYRAH"}]},{"@type":"WebSite","@id":"https:\/\/www.aribau.es\/#website","url":"https:\/\/www.aribau.es\/","name":"Aribau","description":"VINOS Y BODEGAS","publisher":{"@id":"https:\/\/www.aribau.es\/#organization"},"potentialAction":[{"@type":"SearchAction","target":{"@type":"EntryPoint","urlTemplate":"https:\/\/www.aribau.es\/?s={search_term_string}"},"query-input":{"@type":"PropertyValueSpecification","valueRequired":true,"valueName":"search_term_string"}}],"inLanguage":"ca"},{"@type":"Organization","@id":"https:\/\/www.aribau.es\/#organization","name":"Aribau","url":"https:\/\/www.aribau.es\/","logo":{"@type":"ImageObject","inLanguage":"ca","@id":"https:\/\/www.aribau.es\/#\/schema\/logo\/image\/","url":"https:\/\/www.aribau.es\/wp-content\/uploads\/2022\/03\/logo.png","contentUrl":"https:\/\/www.aribau.es\/wp-content\/uploads\/2022\/03\/logo.png","width":300,"height":300,"caption":"Aribau"},"image":{"@id":"https:\/\/www.aribau.es\/#\/schema\/logo\/image\/"},"sameAs":["https:\/\/www.facebook.com\/aribau1964\/","https:\/\/x.com\/aribau1964","https:\/\/www.instagram.com\/aribau1964\/"]}]}},"_links":{"self":[{"href":"https:\/\/www.aribau.es\/ca\/wp-json\/wp\/v2\/pages\/9605","targetHints":{"allow":["GET"]}}],"collection":[{"href":"https:\/\/www.aribau.es\/ca\/wp-json\/wp\/v2\/pages"}],"about":[{"href":"https:\/\/www.aribau.es\/ca\/wp-json\/wp\/v2\/types\/page"}],"author":[{"embeddable":true,"href":"https:\/\/www.aribau.es\/ca\/wp-json\/wp\/v2\/users\/3"}],"replies":[{"embeddable":true,"href":"https:\/\/www.aribau.es\/ca\/wp-json\/wp\/v2\/comments?post=9605"}],"version-history":[{"count":4,"href":"https:\/\/www.aribau.es\/ca\/wp-json\/wp\/v2\/pages\/9605\/revisions"}],"predecessor-version":[{"id":9609,"href":"https:\/\/www.aribau.es\/ca\/wp-json\/wp\/v2\/pages\/9605\/revisions\/9609"}],"up":[{"embeddable":true,"href":"https:\/\/www.aribau.es\/ca\/wp-json\/wp\/v2\/pages\/8160"}],"wp:attachment":[{"href":"https:\/\/www.aribau.es\/ca\/wp-json\/wp\/v2\/media?parent=9605"}],"curies":[{"name":"wp","href":"https:\/\/api.w.org\/{rel}","templated":true}]}}